{"id":5968,"date":"2024-03-24T07:53:54","date_gmt":"2024-03-24T13:53:54","guid":{"rendered":"http:\/\/level27-admin"},"modified":"2024-03-24T07:53:54","modified_gmt":"2024-03-24T13:53:54","slug":"delivery-policy","status":"publish","type":"page","link":"https:\/\/www.ilovewines.vn\/vi\/delivery-policy\/","title":{"rendered":"Ch\u00ednh s\u00e1ch giao h\u00e0ng"},"content":{"rendered":"<h1><strong style=\"font-size: 16px;\">I. \u0110\u01a0N MUA H\u00c0NG L\u1eba<\/strong><\/h1>\n<div class=\"content-page\">\n<p>C\u00f3 d\u1ecbch v\u1ee5 giao h\u00e0ng cho c\u00e1c \u0111\u01a1n h\u00e0ng c\u00f3 gi\u00e1 tr\u1ecb tr\u00ean 200.000 VND, th\u00f4ng qua <em>\u2018AHAMOVE\u2019<\/em> l\u00e0 \u1ee9ng d\u1ee5ng chuy\u1ec3n h\u00e0ng.<\/p>\n<p>C\u00e1c l\u1ec7nh giao h\u00e0ng s\u1ebd \u0111\u01b0\u1ee3c thi\u1ebft l\u1eadp b\u1edfi ch\u00ednh  ilovewines.vn<\/p>\n<h2><strong><b>PH\u00cd THANH TO\u00c1N GIAO H\u00c0NG \u0110\u01af\u1ee2C \u00c1P D\u1ee4NG B\u1edeI <em>\u2018AHAMOVE\u2019<\/em>:<\/b><\/strong><\/h2>\n<p>Trong 4km \u0111\u1ea7u ti\u00ean: 22.000 VND<br \/>\nTr\u00ean 4km: 5000 VND\/ km<br \/>\nTh\u00eam \u0111i\u1ec3m giao h\u00e0ng: 5000 VND\/ \u0111i\u1ec3m giao h\u00e0ng<\/p>\n<p>Xin vui l\u00f2ng cho ph\u00e9p th\u1eddi gian x\u1eed l\u00ed \u0111\u01a1n h\u00e0ng l\u00e0 t\u1eeb 02 \u0111\u1ebfn 24 gi\u1edd.<\/p>\n<p>Kh\u00e1ch h\u00e0ng c\u00f3 th\u1ec3 t\u1ef1 \u0111\u1eb7t \u0111\u01a1n h\u00e0ng v\u1edbi \u1ee9ng d\u1ee5ng Ahamove  ho\u1eb7c b\u1ea5t k\u00ec \u1ee9ng d\u1ee5ng n\u00e0o kh\u00e1c, trong tr\u01b0\u1eddng h\u1ee3p kh\u00e1ch h\u00e0ng \u0111\u00e3 c\u00f3 t\u00e0i kho\u1ea3n ri\u00eang.<\/p>\n<p><strong>\u0110i\u1ec3m kh\u1edfi \u0111\u1ea7u:<\/strong><\/p>\n<ul>\n<li>Kho h\u00e0ng t\u1ea1i ph\u1ed1 Nguy\u1ec5n Kho\u00e1i, ph\u01b0\u1eddng B\u1ea1ch \u0110\u1eb1ng, qu\u1eadn Hai B\u00e0 Tr\u01b0ng, H\u00e0 N\u1ed9i ( li\u00ean h\u1ec7 \u0111\u1ec3 bi\u1ebft th\u00f4ng tin)<\/li>\n<\/ul>\n<p><strong>Giao h\u00e0ng c\u00f3 th\u1ec3 b\u1ecb t\u1eeb ch\u1ed1i trong tr\u01b0\u1eddng h\u1ee3p:<\/strong><\/p>\n<ul>\n<li>Kh\u00e1ch h\u00e0ng kh\u00f4ng \u0111\u1ed3ng \u00fd thanh to\u00e1n ph\u00ed giao h\u00e0ng \u0111\u01b0\u1ee3c \u00e1p d\u1ee5ng b\u1edfi <em>AHAMOVE<\/em>.<\/li>\n<li>Kh\u00e1ch h\u00e0ng \u0111\u00e3 ch\u1ecdn tr\u1ea3 b\u1eb1ng h\u00ecnh th\u1ee9c chuy\u1ec3n kho\u1ea3n, tuy nhi\u00ean ph\u00f2ng k\u1ebf to\u00e1n ch\u01b0a nh\u1eadn \u0111\u01b0\u1ee3c kho\u1ea3n ti\u1ec1n giao d\u1ecbch.<\/li>\n<\/ul>\n<p>LI\u00caN H\u1ec6 \u0110\u1ec2 \u0110\u01af\u1ee2C V\u1eacN CHUY\u1ec2N T\u1ee8C TH\u00cc \u0110\u01a0N H\u00c0NG B\u00c1N L\u1eba:<\/p>\n<p>096.556.1644 | 090.2288.015<\/p>\n<p>&nbsp;<\/p>\n<p><strong>II. \u0110\u01a0N H\u00c0NG B\u00c1N S\u1ec8<\/strong><\/p>\n<p>D\u1ecbch v\u1ee5 giao h\u00e0ng cho c\u00e1c \u0111\u01a1n h\u00e0ng mua s\u1ec9 s\u1ebd \u0111\u01b0\u1ee3c cung c\u1ea5p khi mua \u00edt nh\u1ea5t l\u00e0 M\u1ed8T th\u00f9ng (12 chai)<\/p>\n<table>\n<tbody>\n<tr>\n<td><strong>Kho\u1ea3ng c\u00e1ch<\/strong><\/td>\n<td><strong>Ph\u00ed giao H\u00e0ng<\/strong><\/td>\n<\/tr>\n<tr>\n<td>N\u1ed9i th\u00e0nh H\u00e0 N\u1ed9i<\/td>\n<td>Mi\u1ec5n ph\u00ed<\/td>\n<\/tr>\n<tr>\n<td>Ngo\u1ea1i th\u00e0nh H\u00e0 N\u1ed9i\/<\/p>\n<p>C\u00e1c t\u1ec9nh th\u00e0nh kh\u00e1c<\/td>\n<td>Ch\u00fang t\u00f4i s\u1ebd chuy\u1ec3n s\u1ea3n ph\u1ea9m t\u1edbi b\u1ebfn xe bu\u00fdt \u0111\u01b0\u1ee3c kh\u00e1ch h\u00e0ng l\u1ef1a ch\u1ecdn. Kh\u00e1ch h\u00e0ng s\u1ebd l\u00e0 ng\u01b0\u1eddi li\u00ean h\u1ec7 v\u1edbi b\u1ebfn xe v\u00e0 tr\u1ea3 ti\u1ec1n v\u1eadn chuy\u1ec3n cho ki\u1ec7n h\u00e0ng.<\/td>\n<\/tr>\n<\/tbody>\n<\/table>\n<p>&nbsp;<\/p>\n<p>Xin vui l\u00f2ng cho ph\u00e9p th\u1eddi gian x\u1eed l\u00ed \u0111\u01a1n h\u00e0ng l\u00e0 t\u1eeb 02 \u0111\u1ebfn 24 gi\u1edd trong n\u1ed9i th\u00e0nh H\u00e0 N\u1ed9i; t\u1eeb 06 \u0111\u1ebfn 48 gi\u1edd cho c\u00e1c t\u00ecnh th\u00e0nh kh\u00e1c.<\/p>\n<p>&nbsp;<\/p>\n<p><strong>\u0110i\u1ec3m kh\u1edfi \u0111\u1ea7u:<\/strong><\/p>\n<ul>\n<li>Kho h\u00e0ng t\u1ea1i ph\u1ed1 Nguy\u1ec5n Kho\u00e1i, ph\u01b0\u1eddng B\u1ea1ch \u0110\u1eb1ng, qu\u1eadn Hai B\u00e0 Tr\u01b0ng, H\u00e0 N\u1ed9i ( li\u00ean h\u1ec7 \u0111\u1ec3 bi\u1ebft th\u00f4ng tin)<\/li>\n<\/ul>\n<p><strong>Giao h\u00e0ng c\u00f3 th\u1ec3 b\u1ecb t\u1eeb ch\u1ed1i trong tr\u01b0\u1eddng h\u1ee3p:<\/strong><\/p>\n<ul>\n<li>N\u1ebfu l\u1ecbch giao h\u00e0ng b\u1ecb qu\u00e1 t\u1ea3i<\/li>\n<li>\u0110\u1ecba ch\u1ec9 nh\u1eadn h\u00e0ng kh\u00f4ng \u1edf trong khu v\u1ef1c H\u00e0 N\u1ed9i, v\u00e0 kh\u00f4ng c\u00f3 \u0111\u1ecba ch\u1ec9 giao h\u00e0ng thay th\u1ebf n\u00e0o \u0111\u01b0\u1ee3c hai b\u00ean \u0111\u1ed3ng \u00fd.<\/li>\n<li>Kh\u00e1ch h\u00e0ng \u0111\u00e3 ch\u1ecdn tr\u1ea3 b\u1eb1ng h\u00ecnh th\u1ee9c chuy\u1ec3n kho\u1ea3n, tuy nhi\u00ean ph\u00f2ng k\u1ebf to\u00e1n ch\u01b0a nh\u1eadn \u0111\u01b0\u1ee3c kho\u1ea3n ti\u1ec1n giao d\u1ecbch.<\/li>\n<li>Kh\u00e1ch c\u00f3 h\u00f3a \u0111\u01a1n kho\u1ea3n ti\u1ec1n l\u1edbn ch\u01b0a thanh to\u00e1n v\u1edbi <em><strong>ilovewines.vn<\/strong><\/em> ho\u1eb7c v\u1edbi b\u1ea5t k\u00ec c\u00f4ng ty th\u00e0nh vi\u00ean n\u00e0o.<\/li>\n<\/ul>\n<p>&nbsp;<\/p>\n<p>LI\u00caN H\u1ec6 \u0110\u1ec2 GIAO H\u00c0NG S\u1ec8: 0936.088.313<\/p>\n<\/div>","protected":false},"excerpt":{"rendered":"<p>I. RETAIL ORDERS Delivery service is provided for receipts valued above VND 200.000, via the &#8216;AHAMOVE&#8217; transportation application. The delivery orders will be placed by ilovewines.vn itself. DELIVERY FEE APPLIED BY &#8216;AHAMOVE&#8217;: The first 4km: VND 22.000 Over 4km: VND 5.000\/km Adding more delivery spots: VND 5.000\/spot Please allow a processing time of between 02 [&hellip;]<\/p>\n","protected":false},"author":1,"featured_media":0,"parent":0,"menu_order":0,"comment_status":"closed","ping_status":"closed","template":"","meta":{"_acf_changed":false,"footnotes":""},"class_list":["post-5968","page","type-page","status-publish","hentry"],"acf":[],"yoast_head":"<!-- This site is optimized with the Yoast SEO plugin v27.4 - https:\/\/yoast.com\/product\/yoast-seo-wordpress\/ -->\n<title>Delivery Policy - Rada Wines<\/title>\n<meta name=\"robots\" content=\"index, follow, max-snippet:-1, max-image-preview:large, max-video-preview:-1\" \/>\n<link rel=\"canonical\" href=\"https:\/\/www.ilovewines.vn\/vi\/delivery-policy\/\" \/>\n<meta property=\"og:locale\" content=\"vi_VN\" \/>\n<meta property=\"og:type\" content=\"article\" \/>\n<meta property=\"og:title\" content=\"Delivery Policy - Rada Wines\" \/>\n<meta property=\"og:description\" content=\"I. RETAIL ORDERS Delivery service is provided for receipts valued above VND 200.000, via the &#8216;AHAMOVE&#8217; transportation application. The delivery orders will be placed by ilovewines.vn itself. DELIVERY FEE APPLIED BY &#8216;AHAMOVE&#8217;: The first 4km: VND 22.000 Over 4km: VND 5.000\/km Adding more delivery spots: VND 5.000\/spot Please allow a processing time of between 02 [&hellip;]\" \/>\n<meta property=\"og:url\" content=\"https:\/\/www.ilovewines.vn\/vi\/delivery-policy\/\" \/>\n<meta property=\"og:site_name\" content=\"Rada Wines\" \/>\n<meta name=\"twitter:card\" content=\"summary_large_image\" \/>\n<meta name=\"twitter:label1\" content=\"\u01af\u1edbc t\u00ednh th\u1eddi gian \u0111\u1ecdc\" \/>\n\t<meta name=\"twitter:data1\" content=\"2 ph\u00fat\" \/>\n<script type=\"application\/ld+json\" class=\"yoast-schema-graph\">{\"@context\":\"https:\\\/\\\/schema.org\",\"@graph\":[{\"@type\":\"WebPage\",\"@id\":\"https:\\\/\\\/www.ilovewines.vn\\\/delivery-policy\\\/\",\"url\":\"https:\\\/\\\/www.ilovewines.vn\\\/delivery-policy\\\/\",\"name\":\"Delivery Policy - Rada Wines\",\"isPartOf\":{\"@id\":\"https:\\\/\\\/www.ilovewines.vn\\\/#website\"},\"datePublished\":\"2024-03-24T13:53:54+00:00\",\"breadcrumb\":{\"@id\":\"https:\\\/\\\/www.ilovewines.vn\\\/delivery-policy\\\/#breadcrumb\"},\"inLanguage\":\"vi\",\"potentialAction\":[{\"@type\":\"ReadAction\",\"target\":[\"https:\\\/\\\/www.ilovewines.vn\\\/delivery-policy\\\/\"]}]},{\"@type\":\"BreadcrumbList\",\"@id\":\"https:\\\/\\\/www.ilovewines.vn\\\/delivery-policy\\\/#breadcrumb\",\"itemListElement\":[{\"@type\":\"ListItem\",\"position\":1,\"name\":\"Home\",\"item\":\"https:\\\/\\\/www.ilovewines.vn\\\/\"},{\"@type\":\"ListItem\",\"position\":2,\"name\":\"Delivery Policy\"}]},{\"@type\":\"WebSite\",\"@id\":\"https:\\\/\\\/www.ilovewines.vn\\\/#website\",\"url\":\"https:\\\/\\\/www.ilovewines.vn\\\/\",\"name\":\"Rada Wines\",\"description\":\"Just another WordPress site\",\"publisher\":{\"@id\":\"https:\\\/\\\/www.ilovewines.vn\\\/#organization\"},\"potentialAction\":[{\"@type\":\"SearchAction\",\"target\":{\"@type\":\"EntryPoint\",\"urlTemplate\":\"https:\\\/\\\/www.ilovewines.vn\\\/?s={search_term_string}\"},\"query-input\":{\"@type\":\"PropertyValueSpecification\",\"valueRequired\":true,\"valueName\":\"search_term_string\"}}],\"inLanguage\":\"vi\"},{\"@type\":\"Organization\",\"@id\":\"https:\\\/\\\/www.ilovewines.vn\\\/#organization\",\"name\":\"Rada Wines\",\"url\":\"https:\\\/\\\/www.ilovewines.vn\\\/\",\"logo\":{\"@type\":\"ImageObject\",\"inLanguage\":\"vi\",\"@id\":\"https:\\\/\\\/www.ilovewines.vn\\\/#\\\/schema\\\/logo\\\/image\\\/\",\"url\":\"https:\\\/\\\/www.ilovewines.vn\\\/wp-content\\\/uploads\\\/2022\\\/06\\\/cropped-162574230_380766779846763_4426584222903300096_n.jpg\",\"contentUrl\":\"https:\\\/\\\/www.ilovewines.vn\\\/wp-content\\\/uploads\\\/2022\\\/06\\\/cropped-162574230_380766779846763_4426584222903300096_n.jpg\",\"width\":320,\"height\":206,\"caption\":\"Rada Wines\"},\"image\":{\"@id\":\"https:\\\/\\\/www.ilovewines.vn\\\/#\\\/schema\\\/logo\\\/image\\\/\"}}]}<\/script>\n<!-- \/ Yoast SEO plugin. -->","yoast_head_json":{"title":"Delivery Policy - Rada Wines","robots":{"index":"index","follow":"follow","max-snippet":"max-snippet:-1","max-image-preview":"max-image-preview:large","max-video-preview":"max-video-preview:-1"},"canonical":"https:\/\/www.ilovewines.vn\/vi\/delivery-policy\/","og_locale":"vi_VN","og_type":"article","og_title":"Delivery Policy - Rada Wines","og_description":"I. RETAIL ORDERS Delivery service is provided for receipts valued above VND 200.000, via the &#8216;AHAMOVE&#8217; transportation application. The delivery orders will be placed by ilovewines.vn itself. DELIVERY FEE APPLIED BY &#8216;AHAMOVE&#8217;: The first 4km: VND 22.000 Over 4km: VND 5.000\/km Adding more delivery spots: VND 5.000\/spot Please allow a processing time of between 02 [&hellip;]","og_url":"https:\/\/www.ilovewines.vn\/vi\/delivery-policy\/","og_site_name":"Rada Wines","twitter_card":"summary_large_image","twitter_misc":{"\u01af\u1edbc t\u00ednh th\u1eddi gian \u0111\u1ecdc":"2 ph\u00fat"},"schema":{"@context":"https:\/\/schema.org","@graph":[{"@type":"WebPage","@id":"https:\/\/www.ilovewines.vn\/delivery-policy\/","url":"https:\/\/www.ilovewines.vn\/delivery-policy\/","name":"Delivery Policy - Rada Wines","isPartOf":{"@id":"https:\/\/www.ilovewines.vn\/#website"},"datePublished":"2024-03-24T13:53:54+00:00","breadcrumb":{"@id":"https:\/\/www.ilovewines.vn\/delivery-policy\/#breadcrumb"},"inLanguage":"vi","potentialAction":[{"@type":"ReadAction","target":["https:\/\/www.ilovewines.vn\/delivery-policy\/"]}]},{"@type":"BreadcrumbList","@id":"https:\/\/www.ilovewines.vn\/delivery-policy\/#breadcrumb","itemListElement":[{"@type":"ListItem","position":1,"name":"Home","item":"https:\/\/www.ilovewines.vn\/"},{"@type":"ListItem","position":2,"name":"Delivery Policy"}]},{"@type":"WebSite","@id":"https:\/\/www.ilovewines.vn\/#website","url":"https:\/\/www.ilovewines.vn\/","name":"Rada Wines","description":"Just another WordPress site","publisher":{"@id":"https:\/\/www.ilovewines.vn\/#organization"},"potentialAction":[{"@type":"SearchAction","target":{"@type":"EntryPoint","urlTemplate":"https:\/\/www.ilovewines.vn\/?s={search_term_string}"},"query-input":{"@type":"PropertyValueSpecification","valueRequired":true,"valueName":"search_term_string"}}],"inLanguage":"vi"},{"@type":"Organization","@id":"https:\/\/www.ilovewines.vn\/#organization","name":"Rada Wines","url":"https:\/\/www.ilovewines.vn\/","logo":{"@type":"ImageObject","inLanguage":"vi","@id":"https:\/\/www.ilovewines.vn\/#\/schema\/logo\/image\/","url":"https:\/\/www.ilovewines.vn\/wp-content\/uploads\/2022\/06\/cropped-162574230_380766779846763_4426584222903300096_n.jpg","contentUrl":"https:\/\/www.ilovewines.vn\/wp-content\/uploads\/2022\/06\/cropped-162574230_380766779846763_4426584222903300096_n.jpg","width":320,"height":206,"caption":"Rada Wines"},"image":{"@id":"https:\/\/www.ilovewines.vn\/#\/schema\/logo\/image\/"}}]}},"_links":{"self":[{"href":"https:\/\/www.ilovewines.vn\/vi\/wp-json\/wp\/v2\/pages\/5968","targetHints":{"allow":["GET"]}}],"collection":[{"href":"https:\/\/www.ilovewines.vn\/vi\/wp-json\/wp\/v2\/pages"}],"about":[{"href":"https:\/\/www.ilovewines.vn\/vi\/wp-json\/wp\/v2\/types\/page"}],"author":[{"embeddable":true,"href":"https:\/\/www.ilovewines.vn\/vi\/wp-json\/wp\/v2\/users\/1"}],"replies":[{"embeddable":true,"href":"https:\/\/www.ilovewines.vn\/vi\/wp-json\/wp\/v2\/comments?post=5968"}],"version-history":[{"count":0,"href":"https:\/\/www.ilovewines.vn\/vi\/wp-json\/wp\/v2\/pages\/5968\/revisions"}],"wp:attachment":[{"href":"https:\/\/www.ilovewines.vn\/vi\/wp-json\/wp\/v2\/media?parent=5968"}],"curies":[{"name":"wp","href":"https:\/\/api.w.org\/{rel}","templated":true}]}}