{"id":1275,"date":"2022-06-30T07:00:48","date_gmt":"2022-06-30T13:00:48","guid":{"rendered":"https:\/\/www.ilovewines.vn\/product\/half-mile-creek-cabernet-sauvignon-2020\/"},"modified":"2023-07-12T21:36:19","modified_gmt":"2023-07-13T03:36:19","slug":"half-mile-creek-cabernet-sauvignon-2020","status":"publish","type":"product","link":"https:\/\/www.ilovewines.vn\/vi\/product\/half-mile-creek-cabernet-sauvignon-2020\/","title":{"rendered":"Half Mile Creek Cabernet Sauvignon"},"content":{"rendered":"<p style=\"text-align: justify;\"><strong>C\u1ea2M NH\u1eacN GI\u00c1C QUAN<\/strong><\/p>\n<p style=\"text-align: justify;\"><strong>M\u00e0u s\u1eafc:\u00a0\u00a0 <\/strong>T\u00f4ng \u0111\u1ecf \u0111\u1eadm c\u1ee7a m\u1eadn<\/p>\n<p style=\"text-align: justify;\"><strong>Kh\u1ee9u gi\u00e1c: <\/strong>Qu\u1ea3 m\u1eadn v\u00e0 qu\u1ea3 nho \u0111en v\u1edbi h\u01b0\u01a1ng g\u1ed7 s\u1ed3i tinh t\u1ebf<\/p>\n<p style=\"text-align: justify;\"><strong>Kh\u1ea9u v\u1ecb:\u00a0<\/strong>H\u01b0\u01a1ng v\u1ecb \u0111\u1ea7y \u0111\u1ee7 c\u1ee7a tr\u00e1i d\u00e2u \u0111en ng\u1ecdt ng\u00e0o, v\u1edbi m\u1ed9t ch\u00fat vani v\u00e0 gia v\u1ecb<\/p>\n<p style=\"text-align: justify;\"><strong>PH 3.4<br \/>\nAcidity 7.2\u00a0g\/L<br \/>\n\u0110\u01b0\u1eddng 4 g \/ L<\/strong><\/p>\n<p style=\"text-align: justify;\"><strong>M\u00f3n \u0103n k\u00e8m:<\/strong> B\u00f2 Ragu v\u00e0 khoai t\u00e2y nghi\u1ec1n Parsnip\u00a0<\/p>","protected":false},"excerpt":{"rendered":"<p>Vang Cabernet t\u1ed1t nh\u1ea5t \u0111\u1ec3 c\u00f9ng chia s\u1ebb v\u1edbi b\u1ea1n b\u00e8 trong l\u00fac \u0103n th\u1ecbt b\u00f2 \u00dac n\u01b0\u1edbng BBQ.<\/p>","protected":false},"featured_media":1274,"template":"","meta":{"_acf_changed":false},"product_brand":[],"product_cat":[2640,87],"product_tag":[],"grape_varietal":[2467],"wine_regions":[2410],"class_list":{"0":"post-1275","1":"product","2":"type-product","3":"status-publish","4":"has-post-thumbnail","6":"product_cat-catalogue","7":"product_cat-red-wine","8":"pa_brand-half-mile-creek","9":"grape_varietal-cabernet-sauvignon","10":"wine_regions-south-australia","12":"first","13":"instock","14":"shipping-taxable","15":"product-type-simple"},"acf":[],"yoast_head":"<!-- This site is optimized with the Yoast SEO plugin v27.4 - https:\/\/yoast.com\/product\/yoast-seo-wordpress\/ -->\n<title>Half Mile Creek Cabernet Sauvignon - Rada Wines<\/title>\n<meta name=\"robots\" content=\"index, follow, max-snippet:-1, max-image-preview:large, max-video-preview:-1\" \/>\n<link rel=\"canonical\" href=\"https:\/\/www.ilovewines.vn\/vi\/san-pham\/half-mile-creek-cabernet-sauvignon-2020\/\" \/>\n<meta property=\"og:locale\" content=\"vi_VN\" \/>\n<meta property=\"og:type\" content=\"article\" \/>\n<meta property=\"og:title\" content=\"Half Mile Creek Cabernet Sauvignon - Rada Wines\" \/>\n<meta property=\"og:description\" content=\"Best Cabernet to share with friends over Australian beef on the BBQ.\" \/>\n<meta property=\"og:url\" content=\"https:\/\/www.ilovewines.vn\/vi\/san-pham\/half-mile-creek-cabernet-sauvignon-2020\/\" \/>\n<meta property=\"og:site_name\" content=\"Rada Wines\" \/>\n<meta property=\"article:modified_time\" content=\"2023-07-13T03:36:19+00:00\" \/>\n<meta property=\"og:image\" content=\"https:\/\/www.ilovewines.vn\/wp-content\/uploads\/2022\/06\/cab_600x800_403f83cf2ff44f43b106fd74ffcb59ad.png\" \/>\n\t<meta property=\"og:image:width\" content=\"600\" \/>\n\t<meta property=\"og:image:height\" content=\"800\" \/>\n\t<meta property=\"og:image:type\" content=\"image\/png\" \/>\n<meta name=\"twitter:card\" content=\"summary_large_image\" \/>\n<script type=\"application\/ld+json\" class=\"yoast-schema-graph\">{\"@context\":\"https:\\\/\\\/schema.org\",\"@graph\":[{\"@type\":\"WebPage\",\"@id\":\"https:\\\/\\\/www.ilovewines.vn\\\/product\\\/half-mile-creek-cabernet-sauvignon-2020\\\/\",\"url\":\"https:\\\/\\\/www.ilovewines.vn\\\/product\\\/half-mile-creek-cabernet-sauvignon-2020\\\/\",\"name\":\"Half Mile Creek Cabernet Sauvignon - Rada Wines\",\"isPartOf\":{\"@id\":\"https:\\\/\\\/www.ilovewines.vn\\\/#website\"},\"primaryImageOfPage\":{\"@id\":\"https:\\\/\\\/www.ilovewines.vn\\\/product\\\/half-mile-creek-cabernet-sauvignon-2020\\\/#primaryimage\"},\"image\":{\"@id\":\"https:\\\/\\\/www.ilovewines.vn\\\/product\\\/half-mile-creek-cabernet-sauvignon-2020\\\/#primaryimage\"},\"thumbnailUrl\":\"https:\\\/\\\/www.ilovewines.vn\\\/wp-content\\\/uploads\\\/2022\\\/06\\\/cab_600x800_403f83cf2ff44f43b106fd74ffcb59ad.png\",\"datePublished\":\"2022-06-30T13:00:48+00:00\",\"dateModified\":\"2023-07-13T03:36:19+00:00\",\"breadcrumb\":{\"@id\":\"https:\\\/\\\/www.ilovewines.vn\\\/product\\\/half-mile-creek-cabernet-sauvignon-2020\\\/#breadcrumb\"},\"inLanguage\":\"vi\",\"potentialAction\":[{\"@type\":\"ReadAction\",\"target\":[\"https:\\\/\\\/www.ilovewines.vn\\\/product\\\/half-mile-creek-cabernet-sauvignon-2020\\\/\"]}]},{\"@type\":\"ImageObject\",\"inLanguage\":\"vi\",\"@id\":\"https:\\\/\\\/www.ilovewines.vn\\\/product\\\/half-mile-creek-cabernet-sauvignon-2020\\\/#primaryimage\",\"url\":\"https:\\\/\\\/www.ilovewines.vn\\\/wp-content\\\/uploads\\\/2022\\\/06\\\/cab_600x800_403f83cf2ff44f43b106fd74ffcb59ad.png\",\"contentUrl\":\"https:\\\/\\\/www.ilovewines.vn\\\/wp-content\\\/uploads\\\/2022\\\/06\\\/cab_600x800_403f83cf2ff44f43b106fd74ffcb59ad.png\",\"width\":600,\"height\":800},{\"@type\":\"BreadcrumbList\",\"@id\":\"https:\\\/\\\/www.ilovewines.vn\\\/product\\\/half-mile-creek-cabernet-sauvignon-2020\\\/#breadcrumb\",\"itemListElement\":[{\"@type\":\"ListItem\",\"position\":1,\"name\":\"Home\",\"item\":\"https:\\\/\\\/www.ilovewines.vn\\\/\"},{\"@type\":\"ListItem\",\"position\":2,\"name\":\"Catalogue\",\"item\":\"https:\\\/\\\/www.ilovewines.vn\\\/catalogue\\\/\"},{\"@type\":\"ListItem\",\"position\":3,\"name\":\"Half Mile Creek Cabernet Sauvignon\"}]},{\"@type\":\"WebSite\",\"@id\":\"https:\\\/\\\/www.ilovewines.vn\\\/#website\",\"url\":\"https:\\\/\\\/www.ilovewines.vn\\\/\",\"name\":\"Rada Wines\",\"description\":\"Just another WordPress site\",\"publisher\":{\"@id\":\"https:\\\/\\\/www.ilovewines.vn\\\/#organization\"},\"potentialAction\":[{\"@type\":\"SearchAction\",\"target\":{\"@type\":\"EntryPoint\",\"urlTemplate\":\"https:\\\/\\\/www.ilovewines.vn\\\/?s={search_term_string}\"},\"query-input\":{\"@type\":\"PropertyValueSpecification\",\"valueRequired\":true,\"valueName\":\"search_term_string\"}}],\"inLanguage\":\"vi\"},{\"@type\":\"Organization\",\"@id\":\"https:\\\/\\\/www.ilovewines.vn\\\/#organization\",\"name\":\"Rada Wines\",\"url\":\"https:\\\/\\\/www.ilovewines.vn\\\/\",\"logo\":{\"@type\":\"ImageObject\",\"inLanguage\":\"vi\",\"@id\":\"https:\\\/\\\/www.ilovewines.vn\\\/#\\\/schema\\\/logo\\\/image\\\/\",\"url\":\"https:\\\/\\\/www.ilovewines.vn\\\/wp-content\\\/uploads\\\/2022\\\/06\\\/cropped-162574230_380766779846763_4426584222903300096_n.jpg\",\"contentUrl\":\"https:\\\/\\\/www.ilovewines.vn\\\/wp-content\\\/uploads\\\/2022\\\/06\\\/cropped-162574230_380766779846763_4426584222903300096_n.jpg\",\"width\":320,\"height\":206,\"caption\":\"Rada Wines\"},\"image\":{\"@id\":\"https:\\\/\\\/www.ilovewines.vn\\\/#\\\/schema\\\/logo\\\/image\\\/\"}}]}<\/script>\n<!-- \/ Yoast SEO plugin. -->","yoast_head_json":{"title":"Half Mile Creek Cabernet Sauvignon - Rada Wines","robots":{"index":"index","follow":"follow","max-snippet":"max-snippet:-1","max-image-preview":"max-image-preview:large","max-video-preview":"max-video-preview:-1"},"canonical":"https:\/\/www.ilovewines.vn\/vi\/san-pham\/half-mile-creek-cabernet-sauvignon-2020\/","og_locale":"vi_VN","og_type":"article","og_title":"Half Mile Creek Cabernet Sauvignon - Rada Wines","og_description":"Best Cabernet to share with friends over Australian beef on the BBQ.","og_url":"https:\/\/www.ilovewines.vn\/vi\/san-pham\/half-mile-creek-cabernet-sauvignon-2020\/","og_site_name":"Rada Wines","article_modified_time":"2023-07-13T03:36:19+00:00","og_image":[{"width":600,"height":800,"url":"https:\/\/www.ilovewines.vn\/wp-content\/uploads\/2022\/06\/cab_600x800_403f83cf2ff44f43b106fd74ffcb59ad.png","type":"image\/png"}],"twitter_card":"summary_large_image","schema":{"@context":"https:\/\/schema.org","@graph":[{"@type":"WebPage","@id":"https:\/\/www.ilovewines.vn\/product\/half-mile-creek-cabernet-sauvignon-2020\/","url":"https:\/\/www.ilovewines.vn\/product\/half-mile-creek-cabernet-sauvignon-2020\/","name":"Half Mile Creek Cabernet Sauvignon - Rada Wines","isPartOf":{"@id":"https:\/\/www.ilovewines.vn\/#website"},"primaryImageOfPage":{"@id":"https:\/\/www.ilovewines.vn\/product\/half-mile-creek-cabernet-sauvignon-2020\/#primaryimage"},"image":{"@id":"https:\/\/www.ilovewines.vn\/product\/half-mile-creek-cabernet-sauvignon-2020\/#primaryimage"},"thumbnailUrl":"https:\/\/www.ilovewines.vn\/wp-content\/uploads\/2022\/06\/cab_600x800_403f83cf2ff44f43b106fd74ffcb59ad.png","datePublished":"2022-06-30T13:00:48+00:00","dateModified":"2023-07-13T03:36:19+00:00","breadcrumb":{"@id":"https:\/\/www.ilovewines.vn\/product\/half-mile-creek-cabernet-sauvignon-2020\/#breadcrumb"},"inLanguage":"vi","potentialAction":[{"@type":"ReadAction","target":["https:\/\/www.ilovewines.vn\/product\/half-mile-creek-cabernet-sauvignon-2020\/"]}]},{"@type":"ImageObject","inLanguage":"vi","@id":"https:\/\/www.ilovewines.vn\/product\/half-mile-creek-cabernet-sauvignon-2020\/#primaryimage","url":"https:\/\/www.ilovewines.vn\/wp-content\/uploads\/2022\/06\/cab_600x800_403f83cf2ff44f43b106fd74ffcb59ad.png","contentUrl":"https:\/\/www.ilovewines.vn\/wp-content\/uploads\/2022\/06\/cab_600x800_403f83cf2ff44f43b106fd74ffcb59ad.png","width":600,"height":800},{"@type":"BreadcrumbList","@id":"https:\/\/www.ilovewines.vn\/product\/half-mile-creek-cabernet-sauvignon-2020\/#breadcrumb","itemListElement":[{"@type":"ListItem","position":1,"name":"Home","item":"https:\/\/www.ilovewines.vn\/"},{"@type":"ListItem","position":2,"name":"Catalogue","item":"https:\/\/www.ilovewines.vn\/catalogue\/"},{"@type":"ListItem","position":3,"name":"Half Mile Creek Cabernet Sauvignon"}]},{"@type":"WebSite","@id":"https:\/\/www.ilovewines.vn\/#website","url":"https:\/\/www.ilovewines.vn\/","name":"Rada Wines","description":"Just another WordPress site","publisher":{"@id":"https:\/\/www.ilovewines.vn\/#organization"},"potentialAction":[{"@type":"SearchAction","target":{"@type":"EntryPoint","urlTemplate":"https:\/\/www.ilovewines.vn\/?s={search_term_string}"},"query-input":{"@type":"PropertyValueSpecification","valueRequired":true,"valueName":"search_term_string"}}],"inLanguage":"vi"},{"@type":"Organization","@id":"https:\/\/www.ilovewines.vn\/#organization","name":"Rada Wines","url":"https:\/\/www.ilovewines.vn\/","logo":{"@type":"ImageObject","inLanguage":"vi","@id":"https:\/\/www.ilovewines.vn\/#\/schema\/logo\/image\/","url":"https:\/\/www.ilovewines.vn\/wp-content\/uploads\/2022\/06\/cropped-162574230_380766779846763_4426584222903300096_n.jpg","contentUrl":"https:\/\/www.ilovewines.vn\/wp-content\/uploads\/2022\/06\/cropped-162574230_380766779846763_4426584222903300096_n.jpg","width":320,"height":206,"caption":"Rada Wines"},"image":{"@id":"https:\/\/www.ilovewines.vn\/#\/schema\/logo\/image\/"}}]}},"_links":{"self":[{"href":"https:\/\/www.ilovewines.vn\/vi\/wp-json\/wp\/v2\/product\/1275","targetHints":{"allow":["GET"]}}],"collection":[{"href":"https:\/\/www.ilovewines.vn\/vi\/wp-json\/wp\/v2\/product"}],"about":[{"href":"https:\/\/www.ilovewines.vn\/vi\/wp-json\/wp\/v2\/types\/product"}],"version-history":[{"count":1,"href":"https:\/\/www.ilovewines.vn\/vi\/wp-json\/wp\/v2\/product\/1275\/revisions"}],"predecessor-version":[{"id":4616,"href":"https:\/\/www.ilovewines.vn\/vi\/wp-json\/wp\/v2\/product\/1275\/revisions\/4616"}],"wp:featuredmedia":[{"embeddable":true,"href":"https:\/\/www.ilovewines.vn\/vi\/wp-json\/wp\/v2\/media\/1274"}],"wp:attachment":[{"href":"https:\/\/www.ilovewines.vn\/vi\/wp-json\/wp\/v2\/media?parent=1275"}],"wp:term":[{"taxonomy":"product_brand","embeddable":true,"href":"https:\/\/www.ilovewines.vn\/vi\/wp-json\/wp\/v2\/product_brand?post=1275"},{"taxonomy":"product_cat","embeddable":true,"href":"https:\/\/www.ilovewines.vn\/vi\/wp-json\/wp\/v2\/product_cat?post=1275"},{"taxonomy":"product_tag","embeddable":true,"href":"https:\/\/www.ilovewines.vn\/vi\/wp-json\/wp\/v2\/product_tag?post=1275"},{"taxonomy":"grape_varietal","embeddable":true,"href":"https:\/\/www.ilovewines.vn\/vi\/wp-json\/wp\/v2\/grape_varietal?post=1275"},{"taxonomy":"wine_regions","embeddable":true,"href":"https:\/\/www.ilovewines.vn\/vi\/wp-json\/wp\/v2\/wine_regions?post=1275"}],"curies":[{"name":"wp","href":"https:\/\/api.w.org\/{rel}","templated":true}]}}