{"id":1283,"date":"2022-06-30T07:00:53","date_gmt":"2022-06-30T13:00:53","guid":{"rendered":"https:\/\/www.ilovewines.vn\/product\/hewitson-baby-bush-mourvedre-2019\/"},"modified":"2023-12-20T17:33:12","modified_gmt":"2023-12-21T00:33:12","slug":"hewitson-baby-bush-mourvedre-2019","status":"publish","type":"product","link":"https:\/\/www.ilovewines.vn\/vi\/product\/hewitson-baby-bush-mourvedre-2019\/","title":{"rendered":"Hewitson Baby Bush Mourv\u00e8dre"},"content":{"rendered":"<p style=\"text-align: justify;\">\u00a0 \u00a0 \u00a0 \u00a0 \u00a0 \u00a0 \u00a0 \u00a0 \u00a0 \u00a0 \u00a0 \u00a0 \u00a0 \u00a0\u00a0<iframe src=\"https:\/\/www.youtube.com\/embed\/8TeH4Wfue6A\" width=\"560\" height=\"315\" frameborder=\"0\"><\/iframe><\/p>\n<p style=\"text-align: justify;\">\u00a0 \u00a0 \u00a0 \u00a0 \u00a0 \u00a0 \u00a0 \u00a0 \u00a0 \u00a0 \u00a0 \u00a0 \u00a0 \u00a0 \u00a0 \u00a0 \u00a0 \u00a0 \u00a0 \u00a0 \u00a0 \u00a0 \u00a0 \u00a0 \u00a0 \u00a0 \u00a0\u00a0<em>\u00a0 \u00a0 \u00a0 \u00a0 \u00a0 \u00a0 \u00a0\u00a0 \u00a0(Source: Dean Hewitson Youtube)<\/em><\/p>\n<p style=\"text-align: justify;\"><strong>TASTING NOTE<\/strong><\/p>\n<p style=\"text-align: justify;\"><strong>SENSORY<\/strong><br \/>\n<strong>Colour:<\/strong>\u00a0Medium red with a bright purple hue.<br \/>\n<strong>Aroma: <\/strong>Brambly blueberry and black cherry, dried herbs and earth.<br \/>\n<strong>Palate:<\/strong> Sarsaparilla and forest fruits backed by very soft and fully ripe tannins.<\/p>\n<p style=\"text-align: justify;\"><strong>ANALYSIS<\/strong><\/p>\n<p>pH: 3.71<br \/>\nAlcohol: 14.0%<br \/>\nAcid: 5.1g\/L<br \/>\nSugar: 0.2g\/L<\/p>\n<div>\n<p>&nbsp;<\/p>\n<p><strong>AGEING<\/strong><\/p>\n<p>15 months in seasoned\u00a0French oak barrels<\/p>\n<p><strong>VINEYARD\u00a0<\/strong><\/p>\n<p>Selection massale from Old Garden planted 1853<br \/>\n<strong>ALTITUDE\u00a0<\/strong><\/p>\n<p>280m<br \/>\n<strong>SOIL\u00a0<\/strong><\/p>\n<p>Ancient oxidised ferrous (terra rosa) over limestone<br \/>\n<strong>VINE AGE\u00a0<\/strong><\/p>\n<p>Commenced 1998, average 18 years<br \/>\n<strong>PLANTING SYSTEM\u00a0<\/strong><\/p>\n<p>Bush vine\/untrellised\/head pruned<br \/>\n<strong>VINE DENSITY<\/strong><\/p>\n<p>2,000 per Ha<br \/>\n<strong>FARMING\u00a0<\/strong><\/p>\n<p>Dry-land, unirrigated, rye grass\u00a0between rows, mulched under vine<br \/>\n<strong>YIELD\u00a0<\/strong><\/p>\n<p>5.8 tonnes\/Ha; 43hL\/Ha<br \/>\n<strong>VINIFICATION\u00a0<\/strong><\/p>\n<p>Combination whole bunch and crushed\/on skins minimum two weeks\/remontage<\/p>\n<\/div>\n<h3><strong>PROFESSIONAL REVIEWS:<\/strong><\/h3>\n<h3>BREAKING NEWS<\/h3>\n<p>Last week we received the exciting news on 2021 Baby Bush Mourvedre: Global Fine Wine Challenge-2023 INVITATION ONLY [Class 17] : Full Bodied O\/Red HEWITSON Baby Bush Mourvedre 2021 Australia Runner-Up of Class: <strong>Double Gold<\/strong><\/p>\n<p>For more details, visit the following link:\u00a0<a href=\"https:\/\/globalfine.wine\/wp-content\/uploads\/2023\/12\/Global-Fine-Wine-Challenge-2023-Results-Master.pdf\" target=\"_blank\" rel=\"noopener\">https:\/\/globalfine.wine\/wp-content\/uploads\/2023\/12\/Global-Fine-Wine-Challenge-2023-Results-Master.pdf<\/a><\/p>\n<h3><strong>2021 Ned &amp; Henry\u2019s Shiraz<\/strong><\/h3>\n<p><strong>92 points \u2013 Stuart Knox, TheRealReview.com &#8211; June 2023\u00a0<\/strong><\/p>\n<blockquote><p>Medium to intense ruby red colour. Mulberry and violet aromatics. Ample weight with plush purple fruits, dried herbs and a floral note that brings further appeal. tannins remain in the background, but they have enough intensity to ensure the finish is still dry. Very appealing wine.<\/p><\/blockquote>\n<p><strong>93 points \u2013 Dave Brookes, WineCompanion.com.au &#8211; June 2023\u00a0<\/strong><\/p>\n<blockquote><p>A wonderfully fragrant and juicy shiraz from Dean Hewitson. Packed with super-ripe plum and dark cherry fruits with hints of exotic spice, violets, jasmine, licorice, dark chocolate and earth. There&#8217;s a nice sense of fruit purity and detail on the palate, tannins all powdery and sexy, the cadence crisp and clear and a sense of harmony on a finish that shows some nice sustain for the price.<\/p><\/blockquote>\n<h3><strong>2021 The Mad Hatter Shiraz<\/strong><\/h3>\n<p><strong>95 points \u2013 Stuart Knox, TheRealReview.com &#8211; June 2023 \u00a0<\/strong><\/p>\n<blockquote><p>Opaque core into a deep ruby and purple rim. Blood plum, liquorice and violet aromas leap from the glass. Lovely full weight and density as it glides across the tongue. Dark fruits, anise spice and graphite undertones all meld well to ensure character and interest. Tannins are supple yet amply powerful for the job at hand, driving it long and lingering to the finish. A lovely balance of Barossa intensity with winemaking vitality.<\/p><\/blockquote>\n<p><strong>94 points \u2013 Dave Brookes, WineCompanion.com.au &#8211; May 2023<\/strong><\/p>\n<blockquote><p>Deep crimson in the glass with classic aromas of satsuma plum and summer berry fruits layered with baking spices, licorice and dark chocolate. Nary a hair out of place on the palate with impressive fruit purity and a harmonious, dark savoury flow to the wines form; powdery tannin in support with a minerally driveline.<\/p><\/blockquote>\n<h3><strong>2020 Monopole Mother Vine Shiraz<\/strong><\/h3>\n<p><strong>95 points \u2013 Stuart Knox, TheRealReview.com &#8211; June 2023 \u00a0<\/strong><\/p>\n<blockquote><p>Deep and dense ruby from core to rim. Rich and intense nose of mulberry, violets, and black olive tapenade. Palate brings a huge intensity of fruit yet with a deft touch that brings life and vibrancy as well. Roses, plums, nori, and black olive all meld across the palate ensuring there&#8217;s multiple facets that capture your attention whilst fine sandy tannins bring drive, focus and a great deal of length. Many years ahead of it.<\/p><\/blockquote>\n<h3><strong>2019 Barrel 1853<\/strong><\/h3>\n<p><strong>96 points \u2013 Dave Brookes, WineCompanion.com.au &#8211; June 2023\u00a0<\/strong><\/p>\n<blockquote><p>An equal split of the best barrel of Hewitson&#8217;s Monopole shiraz and the Old Garden mourv\u00e8dre. Aged for 24 months in a mix of new and seasoned French oak barrels. What a beautiful smelling wine. The aromatic composition is on song, both rich and pure with deep plum a macerated black fruits with exotically spiced nuance. It&#8217;s earthy and multi-layered with a gorgeous fruit flow and presence and trademark savouriness. Tannins, fine and powdery, resolve nicely into the wine as the fruit slowly sails off into the distance.<\/p><\/blockquote>\n<p><img fetchpriority=\"high\" decoding=\"async\" class=\"wp-image-4577 aligncenter\" src=\"https:\/\/www.ilovewines.vn\/wp-content\/uploads\/2022\/12\/Hewitson-awards-300x123.png\" alt=\"\" width=\"463\" height=\"190\" srcset=\"https:\/\/www.ilovewines.vn\/wp-content\/uploads\/2022\/12\/Hewitson-awards-300x123.png 300w, https:\/\/www.ilovewines.vn\/wp-content\/uploads\/2022\/12\/Hewitson-awards-500x206.png 500w, https:\/\/www.ilovewines.vn\/wp-content\/uploads\/2022\/12\/Hewitson-awards-18x7.png 18w, https:\/\/www.ilovewines.vn\/wp-content\/uploads\/2022\/12\/Hewitson-awards-200x82.png 200w, https:\/\/www.ilovewines.vn\/wp-content\/uploads\/2022\/12\/Hewitson-awards-400x165.png 400w, https:\/\/www.ilovewines.vn\/wp-content\/uploads\/2022\/12\/Hewitson-awards.png 537w\" sizes=\"(max-width: 463px) 100vw, 463px\" \/><\/p>\n<div>\n<p style=\"text-align: center;\">\n<\/div>\n","protected":false},"excerpt":{"rendered":"<p>Sarsaparilla v\u00e0 tr\u00e1i c\u00e2y r\u1eebng \u0111\u01b0\u1ee3c h\u1ed7 tr\u1ee3 b\u1edfi tannin r\u1ea5t m\u1ec1m v\u00e0 ch\u00edn ho\u00e0n to\u00e0n.<\/p>","protected":false},"featured_media":1282,"template":"","meta":{"_acf_changed":false},"product_brand":[],"product_cat":[2640,87],"product_tag":[],"grape_varietal":[2471],"wine_regions":[2417],"class_list":{"0":"post-1283","1":"product","2":"type-product","3":"status-publish","4":"has-post-thumbnail","6":"product_cat-catalogue","7":"product_cat-red-wine","8":"pa_brand-hewitson","9":"grape_varietal-mourvedre","10":"wine_regions-barossa-valley","12":"first","13":"instock","14":"shipping-taxable","15":"product-type-simple"},"acf":[],"yoast_head":"<!-- This site is optimized with the Yoast SEO plugin v27.1.1 - https:\/\/yoast.com\/product\/yoast-seo-wordpress\/ -->\n<title>Hewitson Baby Bush Mourv\u00e8dre - Rada Wines<\/title>\n<meta name=\"robots\" content=\"index, follow, max-snippet:-1, max-image-preview:large, max-video-preview:-1\" \/>\n<link rel=\"canonical\" href=\"https:\/\/www.ilovewines.vn\/vi\/san-pham\/hewitson-baby-bush-mourvedre-2019\/\" \/>\n<meta property=\"og:locale\" content=\"vi_VN\" \/>\n<meta property=\"og:type\" content=\"article\" \/>\n<meta property=\"og:title\" content=\"Hewitson Baby Bush Mourv\u00e8dre - Rada Wines\" \/>\n<meta property=\"og:description\" content=\"Sarsaparilla and forest fruits backed by very soft and fully ripe tannins.\" \/>\n<meta property=\"og:url\" content=\"https:\/\/www.ilovewines.vn\/vi\/san-pham\/hewitson-baby-bush-mourvedre-2019\/\" \/>\n<meta property=\"og:site_name\" content=\"Rada Wines\" \/>\n<meta property=\"article:modified_time\" content=\"2023-12-21T00:33:12+00:00\" \/>\n<meta property=\"og:image\" content=\"https:\/\/www.ilovewines.vn\/wp-content\/uploads\/2022\/06\/hewitsonbabybushmouvedrebottle_600x800_089e729b54ee41169faea359d1dac67b.png\" \/>\n\t<meta property=\"og:image:width\" content=\"600\" \/>\n\t<meta property=\"og:image:height\" content=\"800\" \/>\n\t<meta property=\"og:image:type\" content=\"image\/png\" \/>\n<meta name=\"twitter:card\" content=\"summary_large_image\" \/>\n<meta name=\"twitter:label1\" content=\"\u01af\u1edbc t\u00ednh th\u1eddi gian \u0111\u1ecdc\" \/>\n\t<meta name=\"twitter:data1\" content=\"3 ph\u00fat\" \/>\n<script type=\"application\/ld+json\" class=\"yoast-schema-graph\">{\"@context\":\"https:\/\/schema.org\",\"@graph\":[{\"@type\":\"WebPage\",\"@id\":\"https:\/\/www.ilovewines.vn\/product\/hewitson-baby-bush-mourvedre-2019\/\",\"url\":\"https:\/\/www.ilovewines.vn\/product\/hewitson-baby-bush-mourvedre-2019\/\",\"name\":\"Hewitson Baby Bush Mourv\u00e8dre - Rada Wines\",\"isPartOf\":{\"@id\":\"https:\/\/www.ilovewines.vn\/#website\"},\"primaryImageOfPage\":{\"@id\":\"https:\/\/www.ilovewines.vn\/product\/hewitson-baby-bush-mourvedre-2019\/#primaryimage\"},\"image\":{\"@id\":\"https:\/\/www.ilovewines.vn\/product\/hewitson-baby-bush-mourvedre-2019\/#primaryimage\"},\"thumbnailUrl\":\"https:\/\/www.ilovewines.vn\/wp-content\/uploads\/2022\/06\/hewitsonbabybushmouvedrebottle_600x800_089e729b54ee41169faea359d1dac67b.png\",\"datePublished\":\"2022-06-30T13:00:53+00:00\",\"dateModified\":\"2023-12-21T00:33:12+00:00\",\"breadcrumb\":{\"@id\":\"https:\/\/www.ilovewines.vn\/product\/hewitson-baby-bush-mourvedre-2019\/#breadcrumb\"},\"inLanguage\":\"vi\",\"potentialAction\":[{\"@type\":\"ReadAction\",\"target\":[\"https:\/\/www.ilovewines.vn\/product\/hewitson-baby-bush-mourvedre-2019\/\"]}]},{\"@type\":\"ImageObject\",\"inLanguage\":\"vi\",\"@id\":\"https:\/\/www.ilovewines.vn\/product\/hewitson-baby-bush-mourvedre-2019\/#primaryimage\",\"url\":\"https:\/\/www.ilovewines.vn\/wp-content\/uploads\/2022\/06\/hewitsonbabybushmouvedrebottle_600x800_089e729b54ee41169faea359d1dac67b.png\",\"contentUrl\":\"https:\/\/www.ilovewines.vn\/wp-content\/uploads\/2022\/06\/hewitsonbabybushmouvedrebottle_600x800_089e729b54ee41169faea359d1dac67b.png\",\"width\":600,\"height\":800},{\"@type\":\"BreadcrumbList\",\"@id\":\"https:\/\/www.ilovewines.vn\/product\/hewitson-baby-bush-mourvedre-2019\/#breadcrumb\",\"itemListElement\":[{\"@type\":\"ListItem\",\"position\":1,\"name\":\"Home\",\"item\":\"https:\/\/www.ilovewines.vn\/\"},{\"@type\":\"ListItem\",\"position\":2,\"name\":\"Catalogue\",\"item\":\"https:\/\/www.ilovewines.vn\/catalogue\/\"},{\"@type\":\"ListItem\",\"position\":3,\"name\":\"Hewitson Baby Bush Mourv\u00e8dre\"}]},{\"@type\":\"WebSite\",\"@id\":\"https:\/\/www.ilovewines.vn\/#website\",\"url\":\"https:\/\/www.ilovewines.vn\/\",\"name\":\"Rada Wines\",\"description\":\"Just another WordPress site\",\"publisher\":{\"@id\":\"https:\/\/www.ilovewines.vn\/#organization\"},\"potentialAction\":[{\"@type\":\"SearchAction\",\"target\":{\"@type\":\"EntryPoint\",\"urlTemplate\":\"https:\/\/www.ilovewines.vn\/?s={search_term_string}\"},\"query-input\":{\"@type\":\"PropertyValueSpecification\",\"valueRequired\":true,\"valueName\":\"search_term_string\"}}],\"inLanguage\":\"vi\"},{\"@type\":\"Organization\",\"@id\":\"https:\/\/www.ilovewines.vn\/#organization\",\"name\":\"Rada Wines\",\"url\":\"https:\/\/www.ilovewines.vn\/\",\"logo\":{\"@type\":\"ImageObject\",\"inLanguage\":\"vi\",\"@id\":\"https:\/\/www.ilovewines.vn\/#\/schema\/logo\/image\/\",\"url\":\"https:\/\/www.ilovewines.vn\/wp-content\/uploads\/2022\/06\/cropped-162574230_380766779846763_4426584222903300096_n.jpg\",\"contentUrl\":\"https:\/\/www.ilovewines.vn\/wp-content\/uploads\/2022\/06\/cropped-162574230_380766779846763_4426584222903300096_n.jpg\",\"width\":320,\"height\":206,\"caption\":\"Rada Wines\"},\"image\":{\"@id\":\"https:\/\/www.ilovewines.vn\/#\/schema\/logo\/image\/\"}}]}<\/script>\n<!-- \/ Yoast SEO plugin. -->","yoast_head_json":{"title":"Hewitson Baby Bush Mourv\u00e8dre - Rada Wines","robots":{"index":"index","follow":"follow","max-snippet":"max-snippet:-1","max-image-preview":"max-image-preview:large","max-video-preview":"max-video-preview:-1"},"canonical":"https:\/\/www.ilovewines.vn\/vi\/san-pham\/hewitson-baby-bush-mourvedre-2019\/","og_locale":"vi_VN","og_type":"article","og_title":"Hewitson Baby Bush Mourv\u00e8dre - Rada Wines","og_description":"Sarsaparilla and forest fruits backed by very soft and fully ripe tannins.","og_url":"https:\/\/www.ilovewines.vn\/vi\/san-pham\/hewitson-baby-bush-mourvedre-2019\/","og_site_name":"Rada Wines","article_modified_time":"2023-12-21T00:33:12+00:00","og_image":[{"width":600,"height":800,"url":"https:\/\/www.ilovewines.vn\/wp-content\/uploads\/2022\/06\/hewitsonbabybushmouvedrebottle_600x800_089e729b54ee41169faea359d1dac67b.png","type":"image\/png"}],"twitter_card":"summary_large_image","twitter_misc":{"\u01af\u1edbc t\u00ednh th\u1eddi gian \u0111\u1ecdc":"3 ph\u00fat"},"schema":{"@context":"https:\/\/schema.org","@graph":[{"@type":"WebPage","@id":"https:\/\/www.ilovewines.vn\/product\/hewitson-baby-bush-mourvedre-2019\/","url":"https:\/\/www.ilovewines.vn\/product\/hewitson-baby-bush-mourvedre-2019\/","name":"Hewitson Baby Bush Mourv\u00e8dre - Rada Wines","isPartOf":{"@id":"https:\/\/www.ilovewines.vn\/#website"},"primaryImageOfPage":{"@id":"https:\/\/www.ilovewines.vn\/product\/hewitson-baby-bush-mourvedre-2019\/#primaryimage"},"image":{"@id":"https:\/\/www.ilovewines.vn\/product\/hewitson-baby-bush-mourvedre-2019\/#primaryimage"},"thumbnailUrl":"https:\/\/www.ilovewines.vn\/wp-content\/uploads\/2022\/06\/hewitsonbabybushmouvedrebottle_600x800_089e729b54ee41169faea359d1dac67b.png","datePublished":"2022-06-30T13:00:53+00:00","dateModified":"2023-12-21T00:33:12+00:00","breadcrumb":{"@id":"https:\/\/www.ilovewines.vn\/product\/hewitson-baby-bush-mourvedre-2019\/#breadcrumb"},"inLanguage":"vi","potentialAction":[{"@type":"ReadAction","target":["https:\/\/www.ilovewines.vn\/product\/hewitson-baby-bush-mourvedre-2019\/"]}]},{"@type":"ImageObject","inLanguage":"vi","@id":"https:\/\/www.ilovewines.vn\/product\/hewitson-baby-bush-mourvedre-2019\/#primaryimage","url":"https:\/\/www.ilovewines.vn\/wp-content\/uploads\/2022\/06\/hewitsonbabybushmouvedrebottle_600x800_089e729b54ee41169faea359d1dac67b.png","contentUrl":"https:\/\/www.ilovewines.vn\/wp-content\/uploads\/2022\/06\/hewitsonbabybushmouvedrebottle_600x800_089e729b54ee41169faea359d1dac67b.png","width":600,"height":800},{"@type":"BreadcrumbList","@id":"https:\/\/www.ilovewines.vn\/product\/hewitson-baby-bush-mourvedre-2019\/#breadcrumb","itemListElement":[{"@type":"ListItem","position":1,"name":"Home","item":"https:\/\/www.ilovewines.vn\/"},{"@type":"ListItem","position":2,"name":"Catalogue","item":"https:\/\/www.ilovewines.vn\/catalogue\/"},{"@type":"ListItem","position":3,"name":"Hewitson Baby Bush Mourv\u00e8dre"}]},{"@type":"WebSite","@id":"https:\/\/www.ilovewines.vn\/#website","url":"https:\/\/www.ilovewines.vn\/","name":"Rada Wines","description":"Just another WordPress site","publisher":{"@id":"https:\/\/www.ilovewines.vn\/#organization"},"potentialAction":[{"@type":"SearchAction","target":{"@type":"EntryPoint","urlTemplate":"https:\/\/www.ilovewines.vn\/?s={search_term_string}"},"query-input":{"@type":"PropertyValueSpecification","valueRequired":true,"valueName":"search_term_string"}}],"inLanguage":"vi"},{"@type":"Organization","@id":"https:\/\/www.ilovewines.vn\/#organization","name":"Rada Wines","url":"https:\/\/www.ilovewines.vn\/","logo":{"@type":"ImageObject","inLanguage":"vi","@id":"https:\/\/www.ilovewines.vn\/#\/schema\/logo\/image\/","url":"https:\/\/www.ilovewines.vn\/wp-content\/uploads\/2022\/06\/cropped-162574230_380766779846763_4426584222903300096_n.jpg","contentUrl":"https:\/\/www.ilovewines.vn\/wp-content\/uploads\/2022\/06\/cropped-162574230_380766779846763_4426584222903300096_n.jpg","width":320,"height":206,"caption":"Rada Wines"},"image":{"@id":"https:\/\/www.ilovewines.vn\/#\/schema\/logo\/image\/"}}]}},"_links":{"self":[{"href":"https:\/\/www.ilovewines.vn\/vi\/wp-json\/wp\/v2\/product\/1283","targetHints":{"allow":["GET"]}}],"collection":[{"href":"https:\/\/www.ilovewines.vn\/vi\/wp-json\/wp\/v2\/product"}],"about":[{"href":"https:\/\/www.ilovewines.vn\/vi\/wp-json\/wp\/v2\/types\/product"}],"version-history":[{"count":2,"href":"https:\/\/www.ilovewines.vn\/vi\/wp-json\/wp\/v2\/product\/1283\/revisions"}],"predecessor-version":[{"id":5078,"href":"https:\/\/www.ilovewines.vn\/vi\/wp-json\/wp\/v2\/product\/1283\/revisions\/5078"}],"wp:featuredmedia":[{"embeddable":true,"href":"https:\/\/www.ilovewines.vn\/vi\/wp-json\/wp\/v2\/media\/1282"}],"wp:attachment":[{"href":"https:\/\/www.ilovewines.vn\/vi\/wp-json\/wp\/v2\/media?parent=1283"}],"wp:term":[{"taxonomy":"product_brand","embeddable":true,"href":"https:\/\/www.ilovewines.vn\/vi\/wp-json\/wp\/v2\/product_brand?post=1283"},{"taxonomy":"product_cat","embeddable":true,"href":"https:\/\/www.ilovewines.vn\/vi\/wp-json\/wp\/v2\/product_cat?post=1283"},{"taxonomy":"product_tag","embeddable":true,"href":"https:\/\/www.ilovewines.vn\/vi\/wp-json\/wp\/v2\/product_tag?post=1283"},{"taxonomy":"grape_varietal","embeddable":true,"href":"https:\/\/www.ilovewines.vn\/vi\/wp-json\/wp\/v2\/grape_varietal?post=1283"},{"taxonomy":"wine_regions","embeddable":true,"href":"https:\/\/www.ilovewines.vn\/vi\/wp-json\/wp\/v2\/wine_regions?post=1283"}],"curies":[{"name":"wp","href":"https:\/\/api.w.org\/{rel}","templated":true}]}}