{"id":1285,"date":"2022-06-30T07:00:53","date_gmt":"2022-06-30T13:00:53","guid":{"rendered":"https:\/\/www.ilovewines.vn\/product\/hewitson-gun-metal-riesling-2021\/"},"modified":"2023-07-12T21:33:17","modified_gmt":"2023-07-13T03:33:17","slug":"hewitson-gun-metal-riesling-2021","status":"publish","type":"product","link":"https:\/\/www.ilovewines.vn\/vi\/product\/hewitson-gun-metal-riesling-2021\/","title":{"rendered":"Hewitson Gun Metal Riesling"},"content":{"rendered":"<p style=\"text-align: justify;\">\u00a0 \u00a0 \u00a0 \u00a0 \u00a0 \u00a0 \u00a0 \u00a0 \u00a0 \u00a0 \u00a0 \u00a0 \u00a0 \u00a0 \u00a0 \u00a0 \u00a0 \u00a0 \u00a0 \u00a0 \u00a0 \u00a0 \u00a0 \u00a0 \u00a0<iframe src=\"https:\/\/www.youtube.com\/embed\/ouL3w5HKchY\" width=\"560\" height=\"315\" frameborder=\"0\"><\/iframe><\/p>\n<p style=\"text-align: justify;\">\u00a0 \u00a0 \u00a0 \u00a0 \u00a0 \u00a0 \u00a0 \u00a0 \u00a0 \u00a0 \u00a0 \u00a0 \u00a0 \u00a0 \u00a0 \u00a0 \u00a0 \u00a0 \u00a0 \u00a0 \u00a0 \u00a0 \u00a0 \u00a0 \u00a0 \u00a0 \u00a0\u00a0<em>\u00a0 \u00a0 \u00a0 \u00a0 \u00a0 \u00a0 \u00a0 \u00a0 \u00a0 \u00a0 \u00a0 \u00a0 \u00a0 \u00a0 \u00a0 \u00a0 \u00a0 \u00a0 \u00a0 \u00a0(Source: Dean Hewitson Youtube)<\/em><\/p>\n<p style=\"text-align: justify;\"><strong>C\u1ea2M QUAN<\/strong><\/p>\n<p style=\"text-align: justify;\"><strong>C\u1ea2M QUAN<\/strong><br \/>\n<strong>M\u00e0u s\u1eafc:\u00a0\u00a0<\/strong>\u00a0M\u00e0u xanh l\u00e1 c\u00e2y r\u01a1m nh\u1ea1t.<br \/>\n<strong>Kh\u1ee9u gi\u00e1c:\u00a0<\/strong>V\u00f4i, c\u00e1nh hoa, kho\u00e1ng ch\u1ea5t v\u00e0 b\u1ed9t talc.<br \/>\n<strong>Kh\u1ea9u v\u1ecb:<\/strong> K\u1ebft th\u00fac b\u1eb1ng cam qu\u00fdt, kho\u00e1ng v\u00e0 kh\u00f4 d\u1ea1ng b\u1ed9t.<\/p>\n<p style=\"text-align: justify;\"><strong>PH\u00c2N T\u00cdCH<\/strong><\/p>\n<table>\n<tbody>\n<tr>\n<td>pH: 3.03 \u0110\u1ed9 c\u1ed3n: 12.5%<br \/>\nAcid: 6.9 g\/L \u0110\u01b0\u1eddng: 2.0 g\/L<\/td>\n<\/tr>\n<\/tbody>\n<\/table>\n<p><strong>QU\u00c1 TR\u00ccNH \u1ee6 R\u01af\u1ee2U<\/strong><\/p>\n<table>\n<tbody>\n<tr>\n<td>Th\u00e9p kh\u00f4ng g\u1ec9. \u0110\u00f3ng chai ngay sau khi \u1ee7 xong<\/td>\n<\/tr>\n<\/tbody>\n<\/table>\n<p><strong>V\u01af\u1edcN NHO\u00a0<\/strong><\/p>\n<p>Moculta Road Vineyard<\/p>\n<p><strong>M\u1ef0C N\u01af\u1edaC BI\u1ec2N\u00a0<\/strong><\/p>\n<p>380m<\/p>\n<p><strong>\u0110\u1ea4T\u00a0<\/strong><\/p>\n<table>\n<tbody>\n<tr>\n<td>\u0110\u1ea5t th\u1ecbt c\u00f3 kho\u00e1ng ch\u1ea5t s\u1eaft c\u1ed5 oxi h\u00f3a tr\u00ean n\u1ec1n \u0111\u1ea5t s\u00e9t.<\/td>\n<\/tr>\n<\/tbody>\n<\/table>\n<p><strong>TU\u1ed4I C\u1ee6A GI\u1ed0NG NHO\u00a0\u00a0<\/strong><\/p>\n<p>29 n\u0103m<\/p>\n<p><strong>H\u1ec6 TH\u1ed0NG C\u00c2Y TR\u1ed2NG\u00a0<\/strong><\/p>\n<p>Trellised, canopy wires,\u00a0north-south rows<br \/>\n<strong>M\u1eacT \u0110\u1ed8 C\u00c2Y TR\u1ed2NG\u00a0<\/strong><\/p>\n<p>2,000 c\u00e2y\u00a0\/ Ha<\/p>\n<p><strong>\u0110\u1ea4T TR\u1ed2NG TR\u1eccT\u00a0<\/strong><\/p>\n<p>T\u01b0\u1edbi nh\u1ecf gi\u1ecdt t\u1ed1i thi\u1ec3u, xen k\u1ebd gi\u1eefa c\u00e1c h\u00e0ng, c\u1eaft t\u1ec9a b\u1eb1ng tay<\/p>\n<p><strong>N\u0102NG SU\u1ea4T\u00a0\u00a0<\/strong><\/p>\n<p>3.1 t\u1ea5n\/Ha; 22HL\/Ha<\/p>\n<p><strong>QU\u00c1 TR\u00ccNH L\u00caN MEN\u00a0<\/strong><\/p>\n<p>To\u00e0n b\u1ed9 b\u00f3 \u0111\u01b0\u1ee3c \u00e9p, \u0111\u1ec3 ngu\u1ed9i, ch\u1ec9 l\u00ean men t\u1ef1 do<\/p>\n<p>&nbsp;<\/p>\n<p><strong>\u0110\u00c1NH GI\u00c1 T\u1eea CHUY\u00caN GIA<\/strong><\/p>\n<h3><strong>2021 Ned &amp; Henry\u2019s Shiraz<\/strong><\/h3>\n<p><strong>92 points \u2013 Stuart Knox, TheRealReview.com &#8211; June 2023\u00a0<\/strong><\/p>\n<blockquote><p>M\u00e0u \u0111\u1ecf ruby \u200b\u200btrung b\u00ecnh \u0111\u1ebfn \u0111\u1eadm. H\u01b0\u01a1ng th\u01a1m d\u00e2u t\u1eb1m v\u00e0 hoa t\u00edm. H\u01b0\u01a1ng th\u01a1m \u0111\u1eadm \u0111\u00e0 v\u1edbi tr\u00e1i c\u00e2y m\u00e0u t\u00edm sang tr\u1ecdng, th\u1ea3o m\u1ed9c kh\u00f4 v\u00e0 h\u01b0\u01a1ng hoa mang l\u1ea1i s\u1ef1 h\u1ea5p d\u1eabn h\u01a1n n\u1eefa. tannin v\u1eabn c\u00f2n \u1edf l\u1edbp n\u1ec1n nh\u01b0ng ch\u00fang c\u00f3 \u0111\u1ee7 c\u01b0\u1eddng \u0111\u1ed9 \u0111\u1ec3 \u0111\u1ea3m b\u1ea3o l\u1edbp n\u1ec1n v\u1eabn kh\u00f4 r\u00e1o. R\u01b0\u1ee3u r\u1ea5t h\u1ea5p d\u1eabn.<\/p><\/blockquote>\n<p><strong>93 points \u2013 Dave Brookes, WineCompanion.com.au &#8211; June 2023\u00a0<\/strong><\/p>\n<blockquote><p>M\u1ed9t lo\u1ea1i shiraz th\u01a1m v\u00e0 ngon ng\u1ecdt tuy\u1ec7t v\u1eddi c\u1ee7a Dean Hewitson. \u0110\u01b0\u1ee3c \u0111\u00f3ng g\u00f3i v\u1edbi m\u1eadn si\u00eau ch\u00edn v\u00e0 tr\u00e1i c\u00e2y anh \u0111\u00e0o \u0111en v\u1edbi ch\u00fat gia v\u1ecb k\u1ef3 l\u1ea1, hoa t\u00edm, hoa nh\u00e0i, cam th\u1ea3o, s\u00f4 c\u00f4 la \u0111en v\u00e0 \u0111\u1ea5t. C\u00f3 m\u1ed9t c\u1ea3m gi\u00e1c tuy\u1ec7t v\u1eddi v\u1ec1 \u0111\u1ed9 tinh khi\u1ebft v\u00e0 chi ti\u1ebft c\u1ee7a tr\u00e1i c\u00e2y tr\u00ean v\u00f2m mi\u1ec7ng, tannin m\u1ecbn m\u00e0ng v\u00e0 g\u1ee3i c\u1ea3m, nh\u1ecbp \u0111i\u1ec7u s\u1eafc n\u00e9t v\u00e0 r\u00f5 r\u00e0ng v\u00e0 c\u1ea3m gi\u00e1c h\u00e0i h\u00f2a khi k\u1ebft th\u00fac cho th\u1ea5y s\u1ef1 duy tr\u00ec t\u1ed1t \u0111\u1eb9p trong t\u1ea7m gi\u00e1.<\/p><\/blockquote>\n<h3><strong>2021 The Mad Hatter Shiraz<\/strong><\/h3>\n<p><strong>95 points \u2013 Stuart Knox, TheRealReview.com &#8211; June 2023 \u00a0<\/strong><\/p>\n<blockquote><p>L\u00f5i m\u1edd \u0111\u1ee5c th\u00e0nh m\u00e0u h\u1ed3ng ng\u1ecdc \u0111\u1eadm v\u00e0 vi\u1ec1n m\u00e0u t\u00edm. H\u01b0\u01a1ng m\u1eadn, cam th\u1ea3o v\u00e0 hoa t\u00edm t\u1ecfa ra t\u1eeb ly. Tr\u1ecdng l\u01b0\u1ee3ng v\u00e0 m\u1eadt \u0111\u1ed9 \u0111\u1ea7y \u0111\u1ee7 \u0111\u00e1ng y\u00eau khi n\u00f3 l\u01b0\u1edbt qua l\u01b0\u1ee1i. H\u01b0\u01a1ng tr\u00e1i c\u00e2y s\u1eabm m\u00e0u, gia v\u1ecb h\u1ed3i v\u00e0 h\u01b0\u01a1ng than ch\u00ec \u0111\u1ec1u h\u00f2a quy\u1ec7n v\u1edbi nhau \u0111\u1ec3 \u0111\u1ea3m b\u1ea3o \u0111\u1eb7c t\u00ednh v\u00e0 s\u1ef1 th\u00fa v\u1ecb. Tannin d\u1ebbo dai nh\u01b0ng v\u1eabn m\u1ea1nh m\u1ebd cho c\u00f4ng vi\u1ec7c hi\u1ec7n t\u1ea1i, k\u00e9o d\u00e0i v\u00e0 k\u00e9o d\u00e0i cho \u0111\u1ebfn khi k\u1ebft th\u00fac. M\u1ed9t s\u1ef1 c\u00e2n b\u1eb1ng \u0111\u00e1ng y\u00eau gi\u1eefa c\u01b0\u1eddng \u0111\u1ed9 Barossa v\u1edbi s\u1ee9c s\u1ed1ng c\u1ee7a ngh\u1ec1 l\u00e0m r\u01b0\u1ee3u vang.<\/p><\/blockquote>\n<p><strong>94 points \u2013 Dave Brookes, WineCompanion.com.au &#8211; May 2023<\/strong><\/p>\n<blockquote><p>R\u01b0\u1ee3u c\u00f3 m\u00e0u \u0111\u1ecf th\u1eabm trong ly v\u1edbi h\u01b0\u01a1ng th\u01a1m c\u1ed5 \u0111i\u1ec3n c\u1ee7a m\u1eadn satsuma v\u00e0 tr\u00e1i c\u00e2y m\u1ecdng m\u00f9a h\u00e8 c\u00f9ng v\u1edbi gia v\u1ecb n\u01b0\u1edbng, cam th\u1ea3o v\u00e0 s\u00f4 c\u00f4 la \u0111en. Kh\u00f4ng t\u1ea1o ra c\u1ea3m gi\u00e1c l\u1ea1c l\u00f5ng tr\u00ean v\u00f2m mi\u1ec7ng v\u1edbi \u0111\u1ed9 tinh khi\u1ebft c\u1ee7a tr\u00e1i c\u00e2y \u1ea5n t\u01b0\u1ee3ng v\u00e0 h\u01b0\u01a1ng v\u1ecb \u0111\u1eadm \u0111\u00e0, h\u00e0i h\u00f2a c\u1ee7a r\u01b0\u1ee3u vang; tannin d\u1ea1ng b\u1ed9t h\u1ed7 tr\u1ee3 v\u1edbi \u0111\u01b0\u1eddng truy\u1ec1n kho\u00e1ng ch\u1ea5t.<\/p><\/blockquote>\n<h3><strong>2020 Monopole Mother Vine Shiraz<\/strong><\/h3>\n<p><strong>95 points \u2013 Stuart Knox, TheRealReview.com &#8211; June 2023 \u00a0<\/strong><\/p>\n<blockquote><p>Ruby s\u00e2u v\u00e0 d\u00e0y \u0111\u1eb7c t\u1eeb l\u00f5i \u0111\u1ebfn v\u00e0nh. H\u01b0\u01a1ng v\u1ecb \u0111\u1eadm \u0111\u00e0 v\u00e0 m\u00e3nh li\u1ec7t c\u1ee7a d\u00e2u t\u1eb1m, hoa t\u00edm v\u00e0 \u00f4 liu \u0111en. V\u00f2m mi\u1ec7ng mang \u0111\u1ebfn h\u01b0\u01a1ng v\u1ecb tr\u00e1i c\u00e2y \u0111\u1eadm \u0111\u00e0 nh\u01b0ng v\u1edbi m\u1ed9t c\u00fa ch\u1ea1m kh\u00e9o l\u00e9o c\u0169ng mang l\u1ea1i s\u1ee9c s\u1ed1ng v\u00e0 s\u1ef1 s\u1ed1ng \u0111\u1ed9ng. Hoa h\u1ed3ng, m\u1eadn, nori v\u00e0 \u00f4 liu \u0111en \u0111\u1ec1u h\u00f2a quy\u1ec7n trong v\u00f2m mi\u1ec7ng, \u0111\u1ea3m b\u1ea3o c\u00f3 nhi\u1ec1u kh\u00eda c\u1ea1nh thu h\u00fat s\u1ef1 ch\u00fa \u00fd c\u1ee7a b\u1ea1n trong khi tannin c\u00e1t m\u1ecbn mang l\u1ea1i c\u1ea3m gi\u00e1c l\u00e1i, s\u1ef1 t\u1eadp trung v\u00e0 \u0111\u1ed9 d\u00e0i tuy\u1ec7t v\u1eddi. Nhi\u1ec1u n\u0103m ph\u00eda tr\u01b0\u1edbc n\u00f3.<\/p><\/blockquote>\n<h3><strong>2019 Barrel 1853<\/strong><\/h3>\n<p><strong>96 points \u2013 Dave Brookes, WineCompanion.com.au &#8211; June 2023\u00a0<\/strong><\/p>\n<blockquote><p>S\u1ef1 chia \u0111\u1ec1u gi\u1eefa th\u00f9ng t\u1ed1t nh\u1ea5t c\u1ee7a Monopole shiraz c\u1ee7a Hewitson v\u00e0 mourv\u00e8dre c\u1ee7a Old Garden. \u0110\u01b0\u1ee3c \u1ee7 24 th\u00e1ng trong s\u1ef1 k\u1ebft h\u1ee3p gi\u1eefa th\u00f9ng g\u1ed7 s\u1ed3i Ph\u00e1p m\u1edbi v\u00e0 d\u00e0y d\u1eb7n. Th\u1eadt l\u00e0 m\u1ed9t lo\u1ea1i r\u01b0\u1ee3u c\u00f3 m\u00f9i th\u01a1m tuy\u1ec7t v\u1eddi. Th\u00e0nh ph\u1ea7n h\u01b0\u01a1ng th\u01a1m ph\u00f9 h\u1ee3p v\u1edbi b\u00e0i h\u00e1t, v\u1eeba \u0111\u1eadm \u0111\u00e0 v\u1eeba tinh khi\u1ebft v\u1edbi qu\u1ea3 m\u1eadn \u0111\u1eadm v\u1ecb tr\u00e1i c\u00e2y \u0111en ng\u00e2m v\u1edbi s\u1eafc th\u00e1i gia v\u1ecb k\u1ef3 l\u1ea1. N\u00f3 c\u00f3 m\u00f9i \u0111\u1ea5t v\u00e0 nhi\u1ec1u l\u1edbp v\u1edbi h\u01b0\u01a1ng v\u1ecb tr\u00e1i c\u00e2y tuy\u1ec7t \u0111\u1eb9p v\u00e0 s\u1ef1 hi\u1ec7n di\u1ec7n c\u0169ng nh\u01b0 h\u01b0\u01a1ng v\u1ecb th\u01a1m ngon \u0111\u1eb7c tr\u01b0ng. Tannin m\u1ecbn v\u00e0 d\u1ea1ng b\u1ed9t h\u00f2a quy\u1ec7n v\u00e0o r\u01b0\u1ee3u m\u1ed9t c\u00e1ch d\u1ec5 d\u00e0ng khi tr\u00e1i c\u00e2y t\u1eeb t\u1eeb ph\u1ea3ng ph\u1ea5t xa x\u0103m.<\/p><\/blockquote>\n<p><img fetchpriority=\"high\" decoding=\"async\" class=\"wp-image-4577 aligncenter\" src=\"https:\/\/www.ilovewines.vn\/wp-content\/uploads\/2022\/12\/Hewitson-awards-300x123.png\" alt=\"\" width=\"463\" height=\"190\" srcset=\"https:\/\/www.ilovewines.vn\/wp-content\/uploads\/2022\/12\/Hewitson-awards-300x123.png 300w, https:\/\/www.ilovewines.vn\/wp-content\/uploads\/2022\/12\/Hewitson-awards-500x206.png 500w, https:\/\/www.ilovewines.vn\/wp-content\/uploads\/2022\/12\/Hewitson-awards-18x7.png 18w, https:\/\/www.ilovewines.vn\/wp-content\/uploads\/2022\/12\/Hewitson-awards-200x82.png 200w, https:\/\/www.ilovewines.vn\/wp-content\/uploads\/2022\/12\/Hewitson-awards-400x165.png 400w, https:\/\/www.ilovewines.vn\/wp-content\/uploads\/2022\/12\/Hewitson-awards.png 537w\" sizes=\"(max-width: 463px) 100vw, 463px\" \/><\/p>\n<p>&nbsp;<\/p>\n<p style=\"text-align: center;\">","protected":false},"excerpt":{"rendered":"<p>K\u1ebft th\u00fac b\u1eb1ng cam qu\u00fdt, kho\u00e1ng v\u00e0 kh\u00f4 d\u1ea1ng b\u1ed9t.<\/p>","protected":false},"featured_media":1284,"template":"","meta":{"_acf_changed":false},"product_brand":[],"product_cat":[2640,89],"product_tag":[],"grape_varietal":[2475],"wine_regions":[2420],"class_list":{"0":"post-1285","1":"product","2":"type-product","3":"status-publish","4":"has-post-thumbnail","6":"product_cat-catalogue","7":"product_cat-white-wine","8":"pa_brand-hewitson","9":"grape_varietal-riesling","10":"wine_regions-eden-valley","12":"first","13":"instock","14":"shipping-taxable","15":"product-type-simple"},"acf":[],"yoast_head":"<!-- This site is optimized with the Yoast SEO plugin v27.1.1 - https:\/\/yoast.com\/product\/yoast-seo-wordpress\/ -->\n<title>Hewitson Gun Metal Riesling - Rada Wines<\/title>\n<meta name=\"robots\" content=\"index, follow, max-snippet:-1, max-image-preview:large, max-video-preview:-1\" \/>\n<link rel=\"canonical\" href=\"https:\/\/www.ilovewines.vn\/vi\/san-pham\/hewitson-gun-metal-riesling-2021\/\" \/>\n<meta property=\"og:locale\" content=\"vi_VN\" \/>\n<meta property=\"og:type\" content=\"article\" \/>\n<meta property=\"og:title\" content=\"Hewitson Gun Metal Riesling - Rada Wines\" \/>\n<meta property=\"og:description\" content=\"Citrus, mineral and powder-dry finish.\" \/>\n<meta property=\"og:url\" content=\"https:\/\/www.ilovewines.vn\/vi\/san-pham\/hewitson-gun-metal-riesling-2021\/\" \/>\n<meta property=\"og:site_name\" content=\"Rada Wines\" \/>\n<meta property=\"article:modified_time\" content=\"2023-07-13T03:33:17+00:00\" \/>\n<meta property=\"og:image\" content=\"https:\/\/www.ilovewines.vn\/wp-content\/uploads\/2022\/06\/hewitsongunmetalbottle_600x800_e39223de37b943d3a1cad2a6cdab5a42.png\" \/>\n\t<meta property=\"og:image:width\" content=\"600\" \/>\n\t<meta property=\"og:image:height\" content=\"800\" \/>\n\t<meta property=\"og:image:type\" content=\"image\/png\" \/>\n<meta name=\"twitter:card\" content=\"summary_large_image\" \/>\n<meta name=\"twitter:label1\" content=\"\u01af\u1edbc t\u00ednh th\u1eddi gian \u0111\u1ecdc\" \/>\n\t<meta name=\"twitter:data1\" content=\"3 ph\u00fat\" \/>\n<script type=\"application\/ld+json\" class=\"yoast-schema-graph\">{\"@context\":\"https:\/\/schema.org\",\"@graph\":[{\"@type\":\"WebPage\",\"@id\":\"https:\/\/www.ilovewines.vn\/product\/hewitson-gun-metal-riesling-2021\/\",\"url\":\"https:\/\/www.ilovewines.vn\/product\/hewitson-gun-metal-riesling-2021\/\",\"name\":\"Hewitson Gun Metal Riesling - Rada Wines\",\"isPartOf\":{\"@id\":\"https:\/\/www.ilovewines.vn\/#website\"},\"primaryImageOfPage\":{\"@id\":\"https:\/\/www.ilovewines.vn\/product\/hewitson-gun-metal-riesling-2021\/#primaryimage\"},\"image\":{\"@id\":\"https:\/\/www.ilovewines.vn\/product\/hewitson-gun-metal-riesling-2021\/#primaryimage\"},\"thumbnailUrl\":\"https:\/\/www.ilovewines.vn\/wp-content\/uploads\/2022\/06\/hewitsongunmetalbottle_600x800_e39223de37b943d3a1cad2a6cdab5a42.png\",\"datePublished\":\"2022-06-30T13:00:53+00:00\",\"dateModified\":\"2023-07-13T03:33:17+00:00\",\"breadcrumb\":{\"@id\":\"https:\/\/www.ilovewines.vn\/product\/hewitson-gun-metal-riesling-2021\/#breadcrumb\"},\"inLanguage\":\"vi\",\"potentialAction\":[{\"@type\":\"ReadAction\",\"target\":[\"https:\/\/www.ilovewines.vn\/product\/hewitson-gun-metal-riesling-2021\/\"]}]},{\"@type\":\"ImageObject\",\"inLanguage\":\"vi\",\"@id\":\"https:\/\/www.ilovewines.vn\/product\/hewitson-gun-metal-riesling-2021\/#primaryimage\",\"url\":\"https:\/\/www.ilovewines.vn\/wp-content\/uploads\/2022\/06\/hewitsongunmetalbottle_600x800_e39223de37b943d3a1cad2a6cdab5a42.png\",\"contentUrl\":\"https:\/\/www.ilovewines.vn\/wp-content\/uploads\/2022\/06\/hewitsongunmetalbottle_600x800_e39223de37b943d3a1cad2a6cdab5a42.png\",\"width\":600,\"height\":800},{\"@type\":\"BreadcrumbList\",\"@id\":\"https:\/\/www.ilovewines.vn\/product\/hewitson-gun-metal-riesling-2021\/#breadcrumb\",\"itemListElement\":[{\"@type\":\"ListItem\",\"position\":1,\"name\":\"Home\",\"item\":\"https:\/\/www.ilovewines.vn\/\"},{\"@type\":\"ListItem\",\"position\":2,\"name\":\"Catalogue\",\"item\":\"https:\/\/www.ilovewines.vn\/catalogue\/\"},{\"@type\":\"ListItem\",\"position\":3,\"name\":\"Hewitson Gun Metal Riesling\"}]},{\"@type\":\"WebSite\",\"@id\":\"https:\/\/www.ilovewines.vn\/#website\",\"url\":\"https:\/\/www.ilovewines.vn\/\",\"name\":\"Rada Wines\",\"description\":\"Just another WordPress site\",\"publisher\":{\"@id\":\"https:\/\/www.ilovewines.vn\/#organization\"},\"potentialAction\":[{\"@type\":\"SearchAction\",\"target\":{\"@type\":\"EntryPoint\",\"urlTemplate\":\"https:\/\/www.ilovewines.vn\/?s={search_term_string}\"},\"query-input\":{\"@type\":\"PropertyValueSpecification\",\"valueRequired\":true,\"valueName\":\"search_term_string\"}}],\"inLanguage\":\"vi\"},{\"@type\":\"Organization\",\"@id\":\"https:\/\/www.ilovewines.vn\/#organization\",\"name\":\"Rada Wines\",\"url\":\"https:\/\/www.ilovewines.vn\/\",\"logo\":{\"@type\":\"ImageObject\",\"inLanguage\":\"vi\",\"@id\":\"https:\/\/www.ilovewines.vn\/#\/schema\/logo\/image\/\",\"url\":\"https:\/\/www.ilovewines.vn\/wp-content\/uploads\/2022\/06\/cropped-162574230_380766779846763_4426584222903300096_n.jpg\",\"contentUrl\":\"https:\/\/www.ilovewines.vn\/wp-content\/uploads\/2022\/06\/cropped-162574230_380766779846763_4426584222903300096_n.jpg\",\"width\":320,\"height\":206,\"caption\":\"Rada Wines\"},\"image\":{\"@id\":\"https:\/\/www.ilovewines.vn\/#\/schema\/logo\/image\/\"}}]}<\/script>\n<!-- \/ Yoast SEO plugin. -->","yoast_head_json":{"title":"Hewitson Gun Metal Riesling - Rada Wines","robots":{"index":"index","follow":"follow","max-snippet":"max-snippet:-1","max-image-preview":"max-image-preview:large","max-video-preview":"max-video-preview:-1"},"canonical":"https:\/\/www.ilovewines.vn\/vi\/san-pham\/hewitson-gun-metal-riesling-2021\/","og_locale":"vi_VN","og_type":"article","og_title":"Hewitson Gun Metal Riesling - Rada Wines","og_description":"Citrus, mineral and powder-dry finish.","og_url":"https:\/\/www.ilovewines.vn\/vi\/san-pham\/hewitson-gun-metal-riesling-2021\/","og_site_name":"Rada Wines","article_modified_time":"2023-07-13T03:33:17+00:00","og_image":[{"width":600,"height":800,"url":"https:\/\/www.ilovewines.vn\/wp-content\/uploads\/2022\/06\/hewitsongunmetalbottle_600x800_e39223de37b943d3a1cad2a6cdab5a42.png","type":"image\/png"}],"twitter_card":"summary_large_image","twitter_misc":{"\u01af\u1edbc t\u00ednh th\u1eddi gian \u0111\u1ecdc":"3 ph\u00fat"},"schema":{"@context":"https:\/\/schema.org","@graph":[{"@type":"WebPage","@id":"https:\/\/www.ilovewines.vn\/product\/hewitson-gun-metal-riesling-2021\/","url":"https:\/\/www.ilovewines.vn\/product\/hewitson-gun-metal-riesling-2021\/","name":"Hewitson Gun Metal Riesling - Rada Wines","isPartOf":{"@id":"https:\/\/www.ilovewines.vn\/#website"},"primaryImageOfPage":{"@id":"https:\/\/www.ilovewines.vn\/product\/hewitson-gun-metal-riesling-2021\/#primaryimage"},"image":{"@id":"https:\/\/www.ilovewines.vn\/product\/hewitson-gun-metal-riesling-2021\/#primaryimage"},"thumbnailUrl":"https:\/\/www.ilovewines.vn\/wp-content\/uploads\/2022\/06\/hewitsongunmetalbottle_600x800_e39223de37b943d3a1cad2a6cdab5a42.png","datePublished":"2022-06-30T13:00:53+00:00","dateModified":"2023-07-13T03:33:17+00:00","breadcrumb":{"@id":"https:\/\/www.ilovewines.vn\/product\/hewitson-gun-metal-riesling-2021\/#breadcrumb"},"inLanguage":"vi","potentialAction":[{"@type":"ReadAction","target":["https:\/\/www.ilovewines.vn\/product\/hewitson-gun-metal-riesling-2021\/"]}]},{"@type":"ImageObject","inLanguage":"vi","@id":"https:\/\/www.ilovewines.vn\/product\/hewitson-gun-metal-riesling-2021\/#primaryimage","url":"https:\/\/www.ilovewines.vn\/wp-content\/uploads\/2022\/06\/hewitsongunmetalbottle_600x800_e39223de37b943d3a1cad2a6cdab5a42.png","contentUrl":"https:\/\/www.ilovewines.vn\/wp-content\/uploads\/2022\/06\/hewitsongunmetalbottle_600x800_e39223de37b943d3a1cad2a6cdab5a42.png","width":600,"height":800},{"@type":"BreadcrumbList","@id":"https:\/\/www.ilovewines.vn\/product\/hewitson-gun-metal-riesling-2021\/#breadcrumb","itemListElement":[{"@type":"ListItem","position":1,"name":"Home","item":"https:\/\/www.ilovewines.vn\/"},{"@type":"ListItem","position":2,"name":"Catalogue","item":"https:\/\/www.ilovewines.vn\/catalogue\/"},{"@type":"ListItem","position":3,"name":"Hewitson Gun Metal Riesling"}]},{"@type":"WebSite","@id":"https:\/\/www.ilovewines.vn\/#website","url":"https:\/\/www.ilovewines.vn\/","name":"Rada Wines","description":"Just another WordPress site","publisher":{"@id":"https:\/\/www.ilovewines.vn\/#organization"},"potentialAction":[{"@type":"SearchAction","target":{"@type":"EntryPoint","urlTemplate":"https:\/\/www.ilovewines.vn\/?s={search_term_string}"},"query-input":{"@type":"PropertyValueSpecification","valueRequired":true,"valueName":"search_term_string"}}],"inLanguage":"vi"},{"@type":"Organization","@id":"https:\/\/www.ilovewines.vn\/#organization","name":"Rada Wines","url":"https:\/\/www.ilovewines.vn\/","logo":{"@type":"ImageObject","inLanguage":"vi","@id":"https:\/\/www.ilovewines.vn\/#\/schema\/logo\/image\/","url":"https:\/\/www.ilovewines.vn\/wp-content\/uploads\/2022\/06\/cropped-162574230_380766779846763_4426584222903300096_n.jpg","contentUrl":"https:\/\/www.ilovewines.vn\/wp-content\/uploads\/2022\/06\/cropped-162574230_380766779846763_4426584222903300096_n.jpg","width":320,"height":206,"caption":"Rada Wines"},"image":{"@id":"https:\/\/www.ilovewines.vn\/#\/schema\/logo\/image\/"}}]}},"_links":{"self":[{"href":"https:\/\/www.ilovewines.vn\/vi\/wp-json\/wp\/v2\/product\/1285","targetHints":{"allow":["GET"]}}],"collection":[{"href":"https:\/\/www.ilovewines.vn\/vi\/wp-json\/wp\/v2\/product"}],"about":[{"href":"https:\/\/www.ilovewines.vn\/vi\/wp-json\/wp\/v2\/types\/product"}],"version-history":[{"count":2,"href":"https:\/\/www.ilovewines.vn\/vi\/wp-json\/wp\/v2\/product\/1285\/revisions"}],"predecessor-version":[{"id":4581,"href":"https:\/\/www.ilovewines.vn\/vi\/wp-json\/wp\/v2\/product\/1285\/revisions\/4581"}],"wp:featuredmedia":[{"embeddable":true,"href":"https:\/\/www.ilovewines.vn\/vi\/wp-json\/wp\/v2\/media\/1284"}],"wp:attachment":[{"href":"https:\/\/www.ilovewines.vn\/vi\/wp-json\/wp\/v2\/media?parent=1285"}],"wp:term":[{"taxonomy":"product_brand","embeddable":true,"href":"https:\/\/www.ilovewines.vn\/vi\/wp-json\/wp\/v2\/product_brand?post=1285"},{"taxonomy":"product_cat","embeddable":true,"href":"https:\/\/www.ilovewines.vn\/vi\/wp-json\/wp\/v2\/product_cat?post=1285"},{"taxonomy":"product_tag","embeddable":true,"href":"https:\/\/www.ilovewines.vn\/vi\/wp-json\/wp\/v2\/product_tag?post=1285"},{"taxonomy":"grape_varietal","embeddable":true,"href":"https:\/\/www.ilovewines.vn\/vi\/wp-json\/wp\/v2\/grape_varietal?post=1285"},{"taxonomy":"wine_regions","embeddable":true,"href":"https:\/\/www.ilovewines.vn\/vi\/wp-json\/wp\/v2\/wine_regions?post=1285"}],"curies":[{"name":"wp","href":"https:\/\/api.w.org\/{rel}","templated":true}]}}