{"id":1287,"date":"2022-06-30T07:00:54","date_gmt":"2022-06-30T13:00:54","guid":{"rendered":"https:\/\/www.ilovewines.vn\/product\/hewitson-le-secateur-shiraz-2019\/"},"modified":"2023-07-12T21:32:25","modified_gmt":"2023-07-13T03:32:25","slug":"hewitson-le-secateur-shiraz-2019","status":"publish","type":"product","link":"https:\/\/www.ilovewines.vn\/vi\/product\/hewitson-le-secateur-shiraz-2019\/","title":{"rendered":"Hewitson Le Secateur Shiraz"},"content":{"rendered":"<p style=\"text-align: justify;\">\u00a0 \u00a0 \u00a0 \u00a0 \u00a0 \u00a0 \u00a0 \u00a0 \u00a0 \u00a0 \u00a0 \u00a0 \u00a0 \u00a0 \u00a0 \u00a0 \u00a0 \u00a0 \u00a0 \u00a0 \u00a0 \u00a0 \u00a0 \u00a0<iframe src=\"https:\/\/www.youtube.com\/embed\/b1LJfmpgTFk\" width=\"560\" height=\"315\" frameborder=\"0\"><\/iframe><\/p>\n<p style=\"text-align: justify;\"><em>\u00a0 \u00a0 \u00a0 \u00a0 \u00a0 \u00a0 \u00a0 \u00a0 \u00a0 \u00a0 \u00a0 \u00a0 \u00a0 \u00a0 \u00a0 \u00a0 \u00a0 \u00a0 \u00a0 \u00a0 \u00a0 \u00a0 \u00a0 \u00a0 \u00a0 \u00a0 \u00a0 \u00a0 \u00a0 \u00a0 \u00a0 \u00a0 \u00a0 \u00a0 \u00a0 \u00a0 \u00a0 \u00a0 \u00a0 \u00a0 \u00a0 \u00a0 \u00a0 \u00a0 \u00a0 \u00a0(Source: Dean Hewitson Youtube)<\/em><\/p>\n<p style=\"text-align: justify;\"><strong>C\u1ea2M QUAN<\/strong><\/p>\n<p style=\"text-align: justify;\"><strong>C\u1ea2M QUAN<\/strong><br \/>\n<strong>M\u00e0u s\u1eafc:\u00a0\u00a0<\/strong>\u00a0M\u00e0u \u0111\u1ecf th\u1eabm \u0111\u1eadm pha ch\u00fat t\u00edm<br \/>\n<strong>Kh\u1ee9u gi\u00e1c: <\/strong>Qu\u1ea3 d\u00e2u r\u1eebng \u0111\u1ecf v\u00e0 \u0111en. Gia v\u1ecb v\u00e0 phong ph\u00fa g\u1ed7 s\u1ed3i Ph\u00e1p<br \/>\n<strong>Kh\u1ea9u v\u1ecb:<\/strong> Qu\u1ea3 m\u1ecdng \u0111\u1ecf. Ch\u1ea5t tannin m\u1ec1m m\u1ecbn nh\u01b0 nhung. \u0110\u1ed9 chua t\u01b0\u01a1i tr\u00ean b\u1ec1 m\u1eb7t<\/p>\n<p style=\"text-align: justify;\"><strong>PH\u00c2N T\u00cdCH<\/strong><\/p>\n<table>\n<tbody>\n<tr>\n<td>pH 3.80<br \/>\n\u0110\u1ed9 c\u1ed3n 14.5%<br \/>\nAxit: 5.7 g\/L<br \/>\n\u0110\u01b0\u1eddng 9.0 g\/L<\/td>\n<\/tr>\n<\/tbody>\n<\/table>\n<p>&nbsp;<\/p>\n<p><strong>QU\u00c1 TR\u00ccNH \u1ee6 R\u01af\u1ee2U<\/strong><\/p>\n<table>\n<tbody>\n<tr>\n<td>14 th\u00e1ng trong th\u00f9ng g\u1ed7 s\u1ed3i \u0111\u01b0\u1ee3c \u01b0\u1edbp c\u1ee7a Ph\u00e1p<\/td>\n<\/tr>\n<\/tbody>\n<\/table>\n<p><strong>V\u01af\u1edcN NHO\u00a0<\/strong><\/p>\n<table>\n<tbody>\n<tr>\n<td>Steingarten Road Vineyard<\/td>\n<\/tr>\n<\/tbody>\n<\/table>\n<p><strong>M\u1ef0C N\u01af\u1edaC BI\u1ec2N\u00a0<\/strong><\/p>\n<p>280m<br \/>\n<strong>\u0110\u1ea4T\u00a0<\/strong><\/p>\n<table>\n<tbody>\n<tr>\n<td>M\u1ed9t lo\u1ea1i \u0111\u1ea5t l\u00e0 s\u1eaft c\u1ed5 b\u1ecb oxy h\u00f3a (terra rosa) tr\u00ean \u0111\u00e1 v\u00f4i<\/td>\n<\/tr>\n<\/tbody>\n<\/table>\n<p><strong>TU\u1ed4I C\u1ee6A GI\u1ed0NG NHO\u00a0\u00a0<\/strong><\/p>\n<table>\n<tbody>\n<tr>\n<td>30 n\u0103m<\/td>\n<\/tr>\n<\/tbody>\n<\/table>\n<p><strong>H\u1ec6 TH\u1ed0NG C\u00c2Y TR\u1ed2NG\u00a0<\/strong><\/p>\n<p>L\u00e0m gi\u00e0n, d\u00e2y t\u00e1n, h\u00e0ng h\u01b0\u1edbng b\u1eafc, s\u01b0\u1eddn h\u01b0\u1edbng b\u1eafc l\u00fd t\u01b0\u1edfng \u1edf Nam b\u00e1n c\u1ea7u<br \/>\n<strong>M\u1eacT \u0110\u1ed8 C\u00c2Y TR\u1ed2NG\u00a0<\/strong><\/p>\n<p>2,400 \/Ha<\/p>\n<p><strong>\u0110\u1ea4T TR\u1ed2NG TR\u1eccT\u00a0<\/strong><\/p>\n<p>T\u01b0\u1edbi nh\u1ecf gi\u1ecdt t\u1ed1i thi\u1ec3u, tr\u1ed3ng c\u1ecf l\u00faa m\u1ea1ch \u0111en gi\u1eefa c\u00e1c h\u00e0ng, c\u1eaft t\u1ec9a b\u1eb1ng tay<\/p>\n<p><strong>N\u0102NG SU\u1ea4T\u00a0\u00a0<\/strong><\/p>\n<p>6.0 t\u1ea5n\/\u00a0Ha; 45 HL\/Ha<\/p>\n<p><strong>QU\u00c1 TR\u00ccNH L\u00caN MEN\u00a0<\/strong><\/p>\n<p>K\u1ebft h\u1ee3p to\u00e0n b\u1ed9 qu\u1ea3 m\u1ecdng v\u00e0 nghi\u1ec1n n\u00e1t; ng\u00e2m l\u1ea1nh;\u00a0hai \u0111\u1ebfn ba tu\u1ea7n<\/p>\n<p><strong>QU\u00c1 TR\u00ccNH \u1ee6 R\u01af\u1ee2U<\/strong><\/p>\n<p>14 th\u00e1ng trong th\u00f9ng g\u1ed7 s\u1ed3i \u0111\u01b0\u1ee3c \u01b0\u1edbp c\u1ee7a Ph\u00e1p<\/p>\n<p>&nbsp;<\/p>\n<p style=\"text-align: center;\">","protected":false},"excerpt":{"rendered":"<p>Qu\u1ea3 m\u1ecdng \u0111\u1ecf. Ch\u1ea5t tannin m\u1ec1m m\u1ecbn nh\u01b0 nhung. \u0110\u1ed9 chua t\u01b0\u01a1i tr\u00ean b\u1ec1 m\u1eb7t<\/p>","protected":false},"featured_media":1286,"template":"","meta":{"_acf_changed":false},"product_brand":[],"product_cat":[2640,87],"product_tag":[],"grape_varietal":[2466],"wine_regions":[2417],"class_list":{"0":"post-1287","1":"product","2":"type-product","3":"status-publish","4":"has-post-thumbnail","6":"product_cat-catalogue","7":"product_cat-red-wine","8":"pa_brand-hewitson","9":"grape_varietal-shiraz","10":"wine_regions-barossa-valley","12":"first","13":"instock","14":"shipping-taxable","15":"product-type-simple"},"acf":[],"yoast_head":"<!-- This site is optimized with the Yoast SEO plugin v27.1.1 - https:\/\/yoast.com\/product\/yoast-seo-wordpress\/ -->\n<title>Hewitson Le Secateur Shiraz - Rada Wines<\/title>\n<meta name=\"robots\" content=\"index, follow, max-snippet:-1, max-image-preview:large, max-video-preview:-1\" \/>\n<link rel=\"canonical\" href=\"https:\/\/www.ilovewines.vn\/vi\/san-pham\/hewitson-le-secateur-shiraz-2019\/\" \/>\n<meta property=\"og:locale\" content=\"vi_VN\" \/>\n<meta property=\"og:type\" content=\"article\" \/>\n<meta property=\"og:title\" content=\"Hewitson Le Secateur Shiraz - Rada Wines\" \/>\n<meta property=\"og:description\" content=\"Explosive red berries. Velvety soft tannins. Fresh acidity on the fnish\" \/>\n<meta property=\"og:url\" content=\"https:\/\/www.ilovewines.vn\/vi\/san-pham\/hewitson-le-secateur-shiraz-2019\/\" \/>\n<meta property=\"og:site_name\" content=\"Rada Wines\" \/>\n<meta property=\"article:modified_time\" content=\"2023-07-13T03:32:25+00:00\" \/>\n<meta property=\"og:image\" content=\"https:\/\/www.ilovewines.vn\/wp-content\/uploads\/2022\/06\/hewitsonlesecateurshiraz2019bottle_600x800_e3433f08690842e49a0e4e0f65e070f5.png\" \/>\n\t<meta property=\"og:image:width\" content=\"600\" \/>\n\t<meta property=\"og:image:height\" content=\"800\" \/>\n\t<meta property=\"og:image:type\" content=\"image\/png\" \/>\n<meta name=\"twitter:card\" content=\"summary_large_image\" \/>\n<meta name=\"twitter:label1\" content=\"\u01af\u1edbc t\u00ednh th\u1eddi gian \u0111\u1ecdc\" \/>\n\t<meta name=\"twitter:data1\" content=\"1 ph\u00fat\" \/>\n<script type=\"application\/ld+json\" class=\"yoast-schema-graph\">{\"@context\":\"https:\/\/schema.org\",\"@graph\":[{\"@type\":\"WebPage\",\"@id\":\"https:\/\/www.ilovewines.vn\/product\/hewitson-le-secateur-shiraz-2019\/\",\"url\":\"https:\/\/www.ilovewines.vn\/product\/hewitson-le-secateur-shiraz-2019\/\",\"name\":\"Hewitson Le Secateur Shiraz - Rada Wines\",\"isPartOf\":{\"@id\":\"https:\/\/www.ilovewines.vn\/#website\"},\"primaryImageOfPage\":{\"@id\":\"https:\/\/www.ilovewines.vn\/product\/hewitson-le-secateur-shiraz-2019\/#primaryimage\"},\"image\":{\"@id\":\"https:\/\/www.ilovewines.vn\/product\/hewitson-le-secateur-shiraz-2019\/#primaryimage\"},\"thumbnailUrl\":\"https:\/\/www.ilovewines.vn\/wp-content\/uploads\/2022\/06\/hewitsonlesecateurshiraz2019bottle_600x800_e3433f08690842e49a0e4e0f65e070f5.png\",\"datePublished\":\"2022-06-30T13:00:54+00:00\",\"dateModified\":\"2023-07-13T03:32:25+00:00\",\"breadcrumb\":{\"@id\":\"https:\/\/www.ilovewines.vn\/product\/hewitson-le-secateur-shiraz-2019\/#breadcrumb\"},\"inLanguage\":\"vi\",\"potentialAction\":[{\"@type\":\"ReadAction\",\"target\":[\"https:\/\/www.ilovewines.vn\/product\/hewitson-le-secateur-shiraz-2019\/\"]}]},{\"@type\":\"ImageObject\",\"inLanguage\":\"vi\",\"@id\":\"https:\/\/www.ilovewines.vn\/product\/hewitson-le-secateur-shiraz-2019\/#primaryimage\",\"url\":\"https:\/\/www.ilovewines.vn\/wp-content\/uploads\/2022\/06\/hewitsonlesecateurshiraz2019bottle_600x800_e3433f08690842e49a0e4e0f65e070f5.png\",\"contentUrl\":\"https:\/\/www.ilovewines.vn\/wp-content\/uploads\/2022\/06\/hewitsonlesecateurshiraz2019bottle_600x800_e3433f08690842e49a0e4e0f65e070f5.png\",\"width\":600,\"height\":800},{\"@type\":\"BreadcrumbList\",\"@id\":\"https:\/\/www.ilovewines.vn\/product\/hewitson-le-secateur-shiraz-2019\/#breadcrumb\",\"itemListElement\":[{\"@type\":\"ListItem\",\"position\":1,\"name\":\"Home\",\"item\":\"https:\/\/www.ilovewines.vn\/\"},{\"@type\":\"ListItem\",\"position\":2,\"name\":\"Catalogue\",\"item\":\"https:\/\/www.ilovewines.vn\/catalogue\/\"},{\"@type\":\"ListItem\",\"position\":3,\"name\":\"Hewitson Le Secateur Shiraz\"}]},{\"@type\":\"WebSite\",\"@id\":\"https:\/\/www.ilovewines.vn\/#website\",\"url\":\"https:\/\/www.ilovewines.vn\/\",\"name\":\"Rada Wines\",\"description\":\"Just another WordPress site\",\"publisher\":{\"@id\":\"https:\/\/www.ilovewines.vn\/#organization\"},\"potentialAction\":[{\"@type\":\"SearchAction\",\"target\":{\"@type\":\"EntryPoint\",\"urlTemplate\":\"https:\/\/www.ilovewines.vn\/?s={search_term_string}\"},\"query-input\":{\"@type\":\"PropertyValueSpecification\",\"valueRequired\":true,\"valueName\":\"search_term_string\"}}],\"inLanguage\":\"vi\"},{\"@type\":\"Organization\",\"@id\":\"https:\/\/www.ilovewines.vn\/#organization\",\"name\":\"Rada Wines\",\"url\":\"https:\/\/www.ilovewines.vn\/\",\"logo\":{\"@type\":\"ImageObject\",\"inLanguage\":\"vi\",\"@id\":\"https:\/\/www.ilovewines.vn\/#\/schema\/logo\/image\/\",\"url\":\"https:\/\/www.ilovewines.vn\/wp-content\/uploads\/2022\/06\/cropped-162574230_380766779846763_4426584222903300096_n.jpg\",\"contentUrl\":\"https:\/\/www.ilovewines.vn\/wp-content\/uploads\/2022\/06\/cropped-162574230_380766779846763_4426584222903300096_n.jpg\",\"width\":320,\"height\":206,\"caption\":\"Rada Wines\"},\"image\":{\"@id\":\"https:\/\/www.ilovewines.vn\/#\/schema\/logo\/image\/\"}}]}<\/script>\n<!-- \/ Yoast SEO plugin. -->","yoast_head_json":{"title":"Hewitson Le Secateur Shiraz - Rada Wines","robots":{"index":"index","follow":"follow","max-snippet":"max-snippet:-1","max-image-preview":"max-image-preview:large","max-video-preview":"max-video-preview:-1"},"canonical":"https:\/\/www.ilovewines.vn\/vi\/san-pham\/hewitson-le-secateur-shiraz-2019\/","og_locale":"vi_VN","og_type":"article","og_title":"Hewitson Le Secateur Shiraz - Rada Wines","og_description":"Explosive red berries. Velvety soft tannins. Fresh acidity on the fnish","og_url":"https:\/\/www.ilovewines.vn\/vi\/san-pham\/hewitson-le-secateur-shiraz-2019\/","og_site_name":"Rada Wines","article_modified_time":"2023-07-13T03:32:25+00:00","og_image":[{"width":600,"height":800,"url":"https:\/\/www.ilovewines.vn\/wp-content\/uploads\/2022\/06\/hewitsonlesecateurshiraz2019bottle_600x800_e3433f08690842e49a0e4e0f65e070f5.png","type":"image\/png"}],"twitter_card":"summary_large_image","twitter_misc":{"\u01af\u1edbc t\u00ednh th\u1eddi gian \u0111\u1ecdc":"1 ph\u00fat"},"schema":{"@context":"https:\/\/schema.org","@graph":[{"@type":"WebPage","@id":"https:\/\/www.ilovewines.vn\/product\/hewitson-le-secateur-shiraz-2019\/","url":"https:\/\/www.ilovewines.vn\/product\/hewitson-le-secateur-shiraz-2019\/","name":"Hewitson Le Secateur Shiraz - Rada Wines","isPartOf":{"@id":"https:\/\/www.ilovewines.vn\/#website"},"primaryImageOfPage":{"@id":"https:\/\/www.ilovewines.vn\/product\/hewitson-le-secateur-shiraz-2019\/#primaryimage"},"image":{"@id":"https:\/\/www.ilovewines.vn\/product\/hewitson-le-secateur-shiraz-2019\/#primaryimage"},"thumbnailUrl":"https:\/\/www.ilovewines.vn\/wp-content\/uploads\/2022\/06\/hewitsonlesecateurshiraz2019bottle_600x800_e3433f08690842e49a0e4e0f65e070f5.png","datePublished":"2022-06-30T13:00:54+00:00","dateModified":"2023-07-13T03:32:25+00:00","breadcrumb":{"@id":"https:\/\/www.ilovewines.vn\/product\/hewitson-le-secateur-shiraz-2019\/#breadcrumb"},"inLanguage":"vi","potentialAction":[{"@type":"ReadAction","target":["https:\/\/www.ilovewines.vn\/product\/hewitson-le-secateur-shiraz-2019\/"]}]},{"@type":"ImageObject","inLanguage":"vi","@id":"https:\/\/www.ilovewines.vn\/product\/hewitson-le-secateur-shiraz-2019\/#primaryimage","url":"https:\/\/www.ilovewines.vn\/wp-content\/uploads\/2022\/06\/hewitsonlesecateurshiraz2019bottle_600x800_e3433f08690842e49a0e4e0f65e070f5.png","contentUrl":"https:\/\/www.ilovewines.vn\/wp-content\/uploads\/2022\/06\/hewitsonlesecateurshiraz2019bottle_600x800_e3433f08690842e49a0e4e0f65e070f5.png","width":600,"height":800},{"@type":"BreadcrumbList","@id":"https:\/\/www.ilovewines.vn\/product\/hewitson-le-secateur-shiraz-2019\/#breadcrumb","itemListElement":[{"@type":"ListItem","position":1,"name":"Home","item":"https:\/\/www.ilovewines.vn\/"},{"@type":"ListItem","position":2,"name":"Catalogue","item":"https:\/\/www.ilovewines.vn\/catalogue\/"},{"@type":"ListItem","position":3,"name":"Hewitson Le Secateur Shiraz"}]},{"@type":"WebSite","@id":"https:\/\/www.ilovewines.vn\/#website","url":"https:\/\/www.ilovewines.vn\/","name":"Rada Wines","description":"Just another WordPress site","publisher":{"@id":"https:\/\/www.ilovewines.vn\/#organization"},"potentialAction":[{"@type":"SearchAction","target":{"@type":"EntryPoint","urlTemplate":"https:\/\/www.ilovewines.vn\/?s={search_term_string}"},"query-input":{"@type":"PropertyValueSpecification","valueRequired":true,"valueName":"search_term_string"}}],"inLanguage":"vi"},{"@type":"Organization","@id":"https:\/\/www.ilovewines.vn\/#organization","name":"Rada Wines","url":"https:\/\/www.ilovewines.vn\/","logo":{"@type":"ImageObject","inLanguage":"vi","@id":"https:\/\/www.ilovewines.vn\/#\/schema\/logo\/image\/","url":"https:\/\/www.ilovewines.vn\/wp-content\/uploads\/2022\/06\/cropped-162574230_380766779846763_4426584222903300096_n.jpg","contentUrl":"https:\/\/www.ilovewines.vn\/wp-content\/uploads\/2022\/06\/cropped-162574230_380766779846763_4426584222903300096_n.jpg","width":320,"height":206,"caption":"Rada Wines"},"image":{"@id":"https:\/\/www.ilovewines.vn\/#\/schema\/logo\/image\/"}}]}},"_links":{"self":[{"href":"https:\/\/www.ilovewines.vn\/vi\/wp-json\/wp\/v2\/product\/1287","targetHints":{"allow":["GET"]}}],"collection":[{"href":"https:\/\/www.ilovewines.vn\/vi\/wp-json\/wp\/v2\/product"}],"about":[{"href":"https:\/\/www.ilovewines.vn\/vi\/wp-json\/wp\/v2\/types\/product"}],"version-history":[{"count":1,"href":"https:\/\/www.ilovewines.vn\/vi\/wp-json\/wp\/v2\/product\/1287\/revisions"}],"predecessor-version":[{"id":4301,"href":"https:\/\/www.ilovewines.vn\/vi\/wp-json\/wp\/v2\/product\/1287\/revisions\/4301"}],"wp:featuredmedia":[{"embeddable":true,"href":"https:\/\/www.ilovewines.vn\/vi\/wp-json\/wp\/v2\/media\/1286"}],"wp:attachment":[{"href":"https:\/\/www.ilovewines.vn\/vi\/wp-json\/wp\/v2\/media?parent=1287"}],"wp:term":[{"taxonomy":"product_brand","embeddable":true,"href":"https:\/\/www.ilovewines.vn\/vi\/wp-json\/wp\/v2\/product_brand?post=1287"},{"taxonomy":"product_cat","embeddable":true,"href":"https:\/\/www.ilovewines.vn\/vi\/wp-json\/wp\/v2\/product_cat?post=1287"},{"taxonomy":"product_tag","embeddable":true,"href":"https:\/\/www.ilovewines.vn\/vi\/wp-json\/wp\/v2\/product_tag?post=1287"},{"taxonomy":"grape_varietal","embeddable":true,"href":"https:\/\/www.ilovewines.vn\/vi\/wp-json\/wp\/v2\/grape_varietal?post=1287"},{"taxonomy":"wine_regions","embeddable":true,"href":"https:\/\/www.ilovewines.vn\/vi\/wp-json\/wp\/v2\/wine_regions?post=1287"}],"curies":[{"name":"wp","href":"https:\/\/api.w.org\/{rel}","templated":true}]}}