{"id":1289,"date":"2022-06-30T07:00:55","date_gmt":"2022-06-30T13:00:55","guid":{"rendered":"https:\/\/www.ilovewines.vn\/product\/hewitson-lulu-sauvignon-blanc-2021\/"},"modified":"2024-08-15T03:14:49","modified_gmt":"2024-08-15T09:14:49","slug":"hewitson-lulu-sauvignon-blanc-2021","status":"publish","type":"product","link":"https:\/\/www.ilovewines.vn\/vi\/product\/hewitson-lulu-sauvignon-blanc-2021\/","title":{"rendered":"Hewitson LuLu Sauvignon Blanc"},"content":{"rendered":"<p style=\"text-align: justify;\">\u00a0 \u00a0 \u00a0 \u00a0 \u00a0 \u00a0 \u00a0 \u00a0 \u00a0 \u00a0 \u00a0 \u00a0 \u00a0 \u00a0 \u00a0 \u00a0 \u00a0 \u00a0 \u00a0 \u00a0 \u00a0 \u00a0 \u00a0\u00a0<iframe src=\"https:\/\/www.youtube.com\/embed\/v3mGCY3BtoI\" width=\"560\" height=\"315\" frameborder=\"0\"><\/iframe><\/p>\n<p style=\"text-align: justify;\">\u00a0 \u00a0 \u00a0 \u00a0 \u00a0 \u00a0 \u00a0 \u00a0 \u00a0 \u00a0 \u00a0 \u00a0 \u00a0 \u00a0 \u00a0 \u00a0 \u00a0 \u00a0 \u00a0 \u00a0 \u00a0 \u00a0 \u00a0 \u00a0 \u00a0 \u00a0 \u00a0 \u00a0 \u00a0 \u00a0 \u00a0 \u00a0 \u00a0 \u00a0 \u00a0 \u00a0 \u00a0 \u00a0 \u00a0 \u00a0 \u00a0 \u00a0 \u00a0\u00a0<em>(Source: Dean Hewitson Youtube)<\/em><\/p>\n<p style=\"text-align: justify;\"><strong>C\u1ea2M QUAN<\/strong><\/p>\n<p style=\"text-align: justify;\"><strong>C\u1ea2M QUAN<\/strong><br \/>\n<strong>M\u00e0u s\u1eafc:\u00a0\u00a0<\/strong>\u00a0\u00a0M\u00e0u xanh l\u00e1 c\u00e2y t\u01b0\u01a1i s\u00e1ng v\u1edbi r\u01a1m nh\u1ea1t<br \/>\n<strong>Kh\u1ee9u gi\u00e1c:\u00a0<\/strong>\u00a0D\u01b0a gang, l\u00ea v\u00e0 cam qu\u00fdt v\u1edbi h\u01b0\u01a1ng th\u01a1m c\u1ee7a l\u00e1 nho \u0111en v\u00e0 nhi\u1ec7t \u0111\u1edbi<br \/>\n<strong>Kh\u1ea9u v\u1ecb:<\/strong> C\u1ecf t\u01b0\u01a1i v\u00e0 tr\u00e1i c\u00e2y nhi\u1ec7t \u0111\u1edbi v\u1edbi \u0111\u1ed9 chua t\u1ef1 nhi\u00ean, s\u1ea1ch<\/p>\n<p style=\"text-align: justify;\"><strong>PH\u00c2N T\u00cdCH<\/strong><\/p>\n<p>pH: 3.17 \u0110\u1ed9 c\u1ed3n: 12.5%<br \/>\nAcid: 6.5 g\/L \u0110\u01b0\u1eddng: 2.0 g\/L<\/p>\n<p><strong>QU\u00c1 TR\u00ccNH \u1ee6 R\u01af\u1ee2U<\/strong><\/p>\n<table>\n<tbody>\n<tr>\n<td>Th\u00e9p kh\u00f4ng g\u1ec9. \u0110\u00f3ng chai ngay sau khi \u1ee7 xong<\/td>\n<\/tr>\n<\/tbody>\n<\/table>\n<p><strong>V\u01af\u1edcN NHO\u00a0<\/strong><\/p>\n<p>LuLu Vineyard<\/p>\n<p><strong>M\u1ef0C N\u01af\u1edaC BI\u1ec2N\u00a0<\/strong><\/p>\n<p>525m<\/p>\n<p><strong>\u0110\u1ea4T\u00a0<\/strong><\/p>\n<p>\u0110\u1ea5t th\u1ecbt tr\u00ean n\u1ec1n \u0111\u1ea5t s\u00e9t<\/p>\n<p><strong>TU\u1ed4I C\u1ee6A GI\u1ed0NG NHO\u00a0\u00a0<\/strong><\/p>\n<p>30 n\u0103m<\/p>\n<p><strong>H\u1ec6 TH\u1ed0NG C\u00c2Y TR\u1ed2NG\u00a0<\/strong><\/p>\n<p>\u0110\u1ecbnh v\u1ecb b\u1eafn d\u1ecdc; qu\u1ea3n l\u00fd t\u00e1n c\u00e2y<\/p>\n<p><strong>M\u1eacT \u0110\u1ed8 C\u00c2Y TR\u1ed2NG\u00a0<\/strong><\/p>\n<p>2,800 c\u00e2y\u00a0\/ Ha<\/p>\n<p><strong>\u0110\u1ea4T TR\u1ed2NG TR\u1eccT\u00a0<\/strong><\/p>\n<p>C\u1ecf v\u0129nh h\u1eb1ng xen k\u1ebd; t\u01b0\u1edbi nh\u1ecf gi\u1ecdt t\u1eeb \u0111\u1eadp<\/p>\n<p><strong>N\u0102NG SU\u1ea4T\u00a0\u00a0<\/strong><\/p>\n<p>3.9 t\u1ea5n\/ha, 270 l\/ha<\/p>\n<p><strong>QU\u00c1 TR\u00ccNH L\u00caN MEN\u00a0<\/strong><\/p>\n<p>Nghi\u1ec1n v\u00e0 \u00e9p ngay l\u1eadp t\u1ee9c; ch\u1ec9 \u0111\u01b0\u1ee3c \u1ee7 l\u1ea1nh, l\u00ean men t\u1ef1 do<\/p>\n<p>&nbsp;<\/p>\n<p><strong>\u0110\u00c1NH GI\u00c1 T\u1eea CHUY\u00caN GIA<\/strong><\/p>\n<p><strong>2023 LuLu Sauvignon Blanc<\/strong><br \/>\n<strong>Adelaide Hills<\/strong><\/p>\n<p><strong>93 points-<\/strong> T\u01b0\u01a1i m\u00e1t v\u00e0 r\u1ef1c r\u1ee1, b\u00f3 hoa m\u1eddi g\u1ecdi n\u00e0y c\u00f3 h\u01b0\u01a1ng t\u00e1o xanh, th\u1ea3o m\u1ed9c t\u01b0\u01a1i, qu\u1ea3 xu\u00e2n \u0111\u00e0o v\u00e0 v\u1ecf chanh, ti\u1ebfp theo l\u00e0 m\u1ed9t v\u00f2m mi\u1ec7ng th\u01a1m ngon mang \u0111\u1ebfn s\u1ee9c m\u1ea1nh tr\u00e1i c\u00e2y tuy\u1ec7t v\u1eddi v\u00e0 \u0111\u1ed9 dai dai, k\u1ebft th\u00fac s\u1ed1ng \u0111\u1ed9ng v\u00e0 h\u1ea5p d\u1eabn. T\u1ed1t nh\u1ea5t: t\u1eeb nay \u0111\u1ebfn n\u0103m 2026- <em><strong>Sam Kim; WineOrbit.co.nz \u2013 Th\u00e1ng 8- 2023 .<\/strong><\/em><\/p>\n<p><strong>90 points<\/strong> -V\u1ee5 c\u1ed5 \u0111i\u1ec3n n\u0103m 2023 t\u1eeb nh\u1eefng v\u01b0\u1eddn nho \u1edf Adelaide Hills \u1edf \u0111\u1ed9 cao \u0111\u01b0\u1ee3c thu ho\u1ea1ch mu\u1ed9n h\u01a1n b\u00ecnh th\u01b0\u1eddng v\u00e0i tu\u1ea7n, t\u1ea5t c\u1ea3 \u0111\u1ec1u g\u00f3p ph\u1ea7n t\u1ea1o n\u00ean s\u1ef1 sang tr\u1ecdng v\u00e0 t\u01b0\u01a1i m\u00e1t c\u1ee7a r\u01b0\u1ee3u. Ch\u1ec9 c\u00f3 n\u01b0\u1edbc tr\u00e1i c\u00e2y ch\u1ea1y t\u1ef1 do v\u00e0 t\u1eeb m\u1ed9t v\u01b0\u1eddn nho duy nh\u1ea5t, n\u01b0\u1edbc tr\u00e1i c\u00e2y n\u00e0y \u0111\u00e3 \u0111\u01b0\u1ee3c \u0111\u00f3ng chai ngay sau khi \u0111\u01b0\u1ee3c \u0111\u01b0a v\u00e0o th\u00f9ng th\u00e9p kh\u00f4ng g\u1ec9 \u2013 nh\u00f3m c\u0169ng \u0111\u00e3 chuy\u1ec3n sang \u0111\u00f3ng chai nh\u1eb9. M\u1ed9t m\u00e0u chanh r\u1ea5t nh\u1ea1t. C\u00f3 nh\u1eefng ch\u1ea5t th\u01a1m t\u1ed1t \u1edf \u0111\u00e2y. M\u1ed9t s\u1ed1 h\u01b0\u01a1ng qu\u1ea3 l\u00fd gai h\u1ea5p d\u1eabn nh\u01b0ng c\u0169ng c\u00f3 h\u01b0\u01a1ng v\u1ecb nhi\u1ec7t \u0111\u1edbi, ng\u1ecdt ng\u00e0o, \u0111\u1eb7c bi\u1ec7t l\u00e0 chanh d\u00e2y. H\u1ea5p d\u1eabn, v\u1eabn c\u00f2n r\u1ea5t tr\u1ebb trung v\u00e0 c\u00f3 ch\u00fat ph\u1ea5n, l\u1edbp n\u1ec1n kho\u00e1ng ch\u1ea5t \u0111\u01b0\u1ee3c h\u1ed7 tr\u1ee3 b\u1edfi m\u1ed9t \u0111\u01b0\u1eddng axit s\u1eafc nh\u01b0 dao c\u1ea1o v\u1edbi \u0111\u1ed9 d\u00e0i v\u1eeba ph\u1ea3i. H\u00e3y t\u1eadn h\u01b0\u1edfng ngay b\u00e2y gi\u1edd v\u00e0 trong ba n\u0103m t\u1edbi. \u2013 <strong><em>Ken Gargett; WinePilot.com \u2013 Th\u00e1ng 9- 2023.<\/em><\/strong><\/p>\n<p><strong>90 points-<\/strong> \u0110\u01b0\u1ee3c \u0111\u1eb7t theo t\u00ean v\u1ee3 c\u1ee7a nh\u00e0 s\u1ea3n xu\u1ea5t r\u01b0\u1ee3u Dean, Louise (Lu Lu). Kh\u00f4ng c\u00f3 ch\u1ea5t b\u1ea3o qu\u1ea3n trong v\u01b0\u1eddn nho ho\u1eb7c quy tr\u00ecnh s\u1ea3n xu\u1ea5t r\u01b0\u1ee3u vang, ch\u1ec9 \u1edf m\u1ee9c t\u1ed1i thi\u1ec3u khi \u0111\u00f3ng chai. M\u00e0u r\u01a1m s\u00e1ng trong k\u00ednh. \u0110\u1eadm \u0111\u00e0 v\u00e0 th\u01a1m m\u00f9i chanh, m\u0103ng t\u00e2y t\u01b0\u01a1i, l\u00e1 phong, l\u00e1 m\u00e2m x\u00f4i, c\u1ecf \u01b0\u1edbt v\u00e0 c\u00e1c s\u1eafc th\u00e1i g\u1ea7n nh\u01b0 b\u1ed9t ph\u1ea5n. H\u01b0\u01a1ng v\u1ecb g\u1ecdn g\u00e0ng v\u1edbi m\u1ed9t s\u1ed1 v\u1ecb cam qu\u00fdt v\u00e0 \u0111\u1ed9 chua v\u1eeba mi\u1ec7ng. Thi\u1ebfu m\u1ed9t ch\u00fat c\u01b0\u1eddng \u0111\u1ed9 v\u00e0 s\u1ef1 l\u00e1i xe, nh\u01b0ng s\u1ea1ch s\u1ebd v\u00e0 h\u00e0o h\u1ee9ng. \u2013 <em><strong>Regan Drew, WinePilot.com \u2013 Th\u00e1ng 12- 2023.<\/strong><\/em><\/p>\n<p><strong>90 points-<\/strong> \u0110\u1ebfn t\u1eeb m\u1ed9t trong nh\u1eefng \u0111i\u1ec3m cao h\u01a1n c\u1ee7a \u0110\u1ed3i Adelaide. R\u01b0\u1ee3u c\u00f3 h\u01b0\u01a1ng th\u01a1m gi\u00f2n c\u1ee7a qu\u1ea3 l\u00fd gai v\u00e0 chanh d\u00e2y d\u1ec5 d\u00e0ng lan t\u1ecfa trong v\u00f2m mi\u1ec7ng. Gi\u00f2n v\u1edbi v\u1ecb chua \u0111\u1eb7c tr\u01b0ng, \u200b\u200bv\u1ecb chua ch\u1ea3y n\u01b0\u1edbc mi\u1ebfng v\u1edbi m\u1ed9t ch\u00fat chanh. N\u00f3 \u0111\u01b0\u1ee3c thi\u1ebft k\u1ebf nh\u01b0 m\u1ed9t th\u1ee9c u\u1ed1ng r\u01b0\u1ee3u vang v\u1edbi r\u1ea5t nhi\u1ec1u ni\u1ec1m vui. \u2013 <strong><em>Ray Jordan, WinePilot.com \u2013 Th\u00e1ng 3- 2024.<\/em><\/strong><\/p>\n<p><img fetchpriority=\"high\" decoding=\"async\" class=\"wp-image-4577 aligncenter\" src=\"https:\/\/www.ilovewines.vn\/wp-content\/uploads\/2022\/12\/Hewitson-awards-300x123.png\" alt=\"\" width=\"463\" height=\"190\" srcset=\"https:\/\/www.ilovewines.vn\/wp-content\/uploads\/2022\/12\/Hewitson-awards-300x123.png 300w, https:\/\/www.ilovewines.vn\/wp-content\/uploads\/2022\/12\/Hewitson-awards-500x206.png 500w, https:\/\/www.ilovewines.vn\/wp-content\/uploads\/2022\/12\/Hewitson-awards-18x7.png 18w, https:\/\/www.ilovewines.vn\/wp-content\/uploads\/2022\/12\/Hewitson-awards-200x82.png 200w, https:\/\/www.ilovewines.vn\/wp-content\/uploads\/2022\/12\/Hewitson-awards-400x165.png 400w, https:\/\/www.ilovewines.vn\/wp-content\/uploads\/2022\/12\/Hewitson-awards.png 537w\" sizes=\"(max-width: 463px) 100vw, 463px\" \/><\/p>\n<p>&nbsp;<\/p>\n<p style=\"text-align: center;\">","protected":false},"excerpt":{"rendered":"<p>C\u1ecf t\u01b0\u01a1i v\u00e0 tr\u00e1i c\u00e2y nhi\u1ec7t \u0111\u1edbi v\u1edbi \u0111\u1ed9 chua t\u1ef1 nhi\u00ean, s\u1ea1ch<\/p>","protected":false},"featured_media":1288,"template":"","meta":{"_acf_changed":false},"product_brand":[],"product_cat":[2640,89],"product_tag":[],"grape_varietal":[2474],"wine_regions":[2416],"class_list":{"0":"post-1289","1":"product","2":"type-product","3":"status-publish","4":"has-post-thumbnail","6":"product_cat-catalogue","7":"product_cat-white-wine","8":"pa_brand-hewitson","9":"grape_varietal-sauvignon-blanc","10":"wine_regions-adelaide-hills","12":"first","13":"instock","14":"shipping-taxable","15":"product-type-simple"},"acf":[],"yoast_head":"<!-- This site is optimized with the Yoast SEO plugin v27.1.1 - https:\/\/yoast.com\/product\/yoast-seo-wordpress\/ -->\n<title>Hewitson LuLu Sauvignon Blanc - Rada Wines<\/title>\n<meta name=\"robots\" content=\"index, follow, max-snippet:-1, max-image-preview:large, max-video-preview:-1\" \/>\n<link rel=\"canonical\" href=\"https:\/\/www.ilovewines.vn\/vi\/san-pham\/hewitson-lulu-sauvignon-blanc-2021\/\" \/>\n<meta property=\"og:locale\" content=\"vi_VN\" \/>\n<meta property=\"og:type\" content=\"article\" \/>\n<meta property=\"og:title\" content=\"Hewitson LuLu Sauvignon Blanc - Rada Wines\" \/>\n<meta property=\"og:description\" content=\"Fresh grass and tropical fruit with clean, natural acidity\" \/>\n<meta property=\"og:url\" content=\"https:\/\/www.ilovewines.vn\/vi\/san-pham\/hewitson-lulu-sauvignon-blanc-2021\/\" \/>\n<meta property=\"og:site_name\" content=\"Rada Wines\" \/>\n<meta property=\"article:modified_time\" content=\"2024-08-15T09:14:49+00:00\" \/>\n<meta property=\"og:image\" content=\"https:\/\/www.ilovewines.vn\/wp-content\/uploads\/2022\/06\/2021lulusauvignonblancbottle_600x800_aefb3210f4794965a3d4fb6e325dc6ae.png\" \/>\n\t<meta property=\"og:image:width\" content=\"600\" \/>\n\t<meta property=\"og:image:height\" content=\"800\" \/>\n\t<meta property=\"og:image:type\" content=\"image\/png\" \/>\n<meta name=\"twitter:card\" content=\"summary_large_image\" \/>\n<meta name=\"twitter:label1\" content=\"\u01af\u1edbc t\u00ednh th\u1eddi gian \u0111\u1ecdc\" \/>\n\t<meta name=\"twitter:data1\" content=\"3 ph\u00fat\" \/>\n<script type=\"application\/ld+json\" class=\"yoast-schema-graph\">{\"@context\":\"https:\/\/schema.org\",\"@graph\":[{\"@type\":\"WebPage\",\"@id\":\"https:\/\/www.ilovewines.vn\/product\/hewitson-lulu-sauvignon-blanc-2021\/\",\"url\":\"https:\/\/www.ilovewines.vn\/product\/hewitson-lulu-sauvignon-blanc-2021\/\",\"name\":\"Hewitson LuLu Sauvignon Blanc - Rada Wines\",\"isPartOf\":{\"@id\":\"https:\/\/www.ilovewines.vn\/#website\"},\"primaryImageOfPage\":{\"@id\":\"https:\/\/www.ilovewines.vn\/product\/hewitson-lulu-sauvignon-blanc-2021\/#primaryimage\"},\"image\":{\"@id\":\"https:\/\/www.ilovewines.vn\/product\/hewitson-lulu-sauvignon-blanc-2021\/#primaryimage\"},\"thumbnailUrl\":\"https:\/\/www.ilovewines.vn\/wp-content\/uploads\/2022\/06\/2021lulusauvignonblancbottle_600x800_aefb3210f4794965a3d4fb6e325dc6ae.png\",\"datePublished\":\"2022-06-30T13:00:55+00:00\",\"dateModified\":\"2024-08-15T09:14:49+00:00\",\"breadcrumb\":{\"@id\":\"https:\/\/www.ilovewines.vn\/product\/hewitson-lulu-sauvignon-blanc-2021\/#breadcrumb\"},\"inLanguage\":\"vi\",\"potentialAction\":[{\"@type\":\"ReadAction\",\"target\":[\"https:\/\/www.ilovewines.vn\/product\/hewitson-lulu-sauvignon-blanc-2021\/\"]}]},{\"@type\":\"ImageObject\",\"inLanguage\":\"vi\",\"@id\":\"https:\/\/www.ilovewines.vn\/product\/hewitson-lulu-sauvignon-blanc-2021\/#primaryimage\",\"url\":\"https:\/\/www.ilovewines.vn\/wp-content\/uploads\/2022\/06\/2021lulusauvignonblancbottle_600x800_aefb3210f4794965a3d4fb6e325dc6ae.png\",\"contentUrl\":\"https:\/\/www.ilovewines.vn\/wp-content\/uploads\/2022\/06\/2021lulusauvignonblancbottle_600x800_aefb3210f4794965a3d4fb6e325dc6ae.png\",\"width\":600,\"height\":800},{\"@type\":\"BreadcrumbList\",\"@id\":\"https:\/\/www.ilovewines.vn\/product\/hewitson-lulu-sauvignon-blanc-2021\/#breadcrumb\",\"itemListElement\":[{\"@type\":\"ListItem\",\"position\":1,\"name\":\"Home\",\"item\":\"https:\/\/www.ilovewines.vn\/\"},{\"@type\":\"ListItem\",\"position\":2,\"name\":\"Catalogue\",\"item\":\"https:\/\/www.ilovewines.vn\/catalogue\/\"},{\"@type\":\"ListItem\",\"position\":3,\"name\":\"Hewitson LuLu Sauvignon Blanc\"}]},{\"@type\":\"WebSite\",\"@id\":\"https:\/\/www.ilovewines.vn\/#website\",\"url\":\"https:\/\/www.ilovewines.vn\/\",\"name\":\"Rada Wines\",\"description\":\"Just another WordPress site\",\"publisher\":{\"@id\":\"https:\/\/www.ilovewines.vn\/#organization\"},\"potentialAction\":[{\"@type\":\"SearchAction\",\"target\":{\"@type\":\"EntryPoint\",\"urlTemplate\":\"https:\/\/www.ilovewines.vn\/?s={search_term_string}\"},\"query-input\":{\"@type\":\"PropertyValueSpecification\",\"valueRequired\":true,\"valueName\":\"search_term_string\"}}],\"inLanguage\":\"vi\"},{\"@type\":\"Organization\",\"@id\":\"https:\/\/www.ilovewines.vn\/#organization\",\"name\":\"Rada Wines\",\"url\":\"https:\/\/www.ilovewines.vn\/\",\"logo\":{\"@type\":\"ImageObject\",\"inLanguage\":\"vi\",\"@id\":\"https:\/\/www.ilovewines.vn\/#\/schema\/logo\/image\/\",\"url\":\"https:\/\/www.ilovewines.vn\/wp-content\/uploads\/2022\/06\/cropped-162574230_380766779846763_4426584222903300096_n.jpg\",\"contentUrl\":\"https:\/\/www.ilovewines.vn\/wp-content\/uploads\/2022\/06\/cropped-162574230_380766779846763_4426584222903300096_n.jpg\",\"width\":320,\"height\":206,\"caption\":\"Rada Wines\"},\"image\":{\"@id\":\"https:\/\/www.ilovewines.vn\/#\/schema\/logo\/image\/\"}}]}<\/script>\n<!-- \/ Yoast SEO plugin. -->","yoast_head_json":{"title":"Hewitson LuLu Sauvignon Blanc - Rada Wines","robots":{"index":"index","follow":"follow","max-snippet":"max-snippet:-1","max-image-preview":"max-image-preview:large","max-video-preview":"max-video-preview:-1"},"canonical":"https:\/\/www.ilovewines.vn\/vi\/san-pham\/hewitson-lulu-sauvignon-blanc-2021\/","og_locale":"vi_VN","og_type":"article","og_title":"Hewitson LuLu Sauvignon Blanc - Rada Wines","og_description":"Fresh grass and tropical fruit with clean, natural acidity","og_url":"https:\/\/www.ilovewines.vn\/vi\/san-pham\/hewitson-lulu-sauvignon-blanc-2021\/","og_site_name":"Rada Wines","article_modified_time":"2024-08-15T09:14:49+00:00","og_image":[{"width":600,"height":800,"url":"https:\/\/www.ilovewines.vn\/wp-content\/uploads\/2022\/06\/2021lulusauvignonblancbottle_600x800_aefb3210f4794965a3d4fb6e325dc6ae.png","type":"image\/png"}],"twitter_card":"summary_large_image","twitter_misc":{"\u01af\u1edbc t\u00ednh th\u1eddi gian \u0111\u1ecdc":"3 ph\u00fat"},"schema":{"@context":"https:\/\/schema.org","@graph":[{"@type":"WebPage","@id":"https:\/\/www.ilovewines.vn\/product\/hewitson-lulu-sauvignon-blanc-2021\/","url":"https:\/\/www.ilovewines.vn\/product\/hewitson-lulu-sauvignon-blanc-2021\/","name":"Hewitson LuLu Sauvignon Blanc - Rada Wines","isPartOf":{"@id":"https:\/\/www.ilovewines.vn\/#website"},"primaryImageOfPage":{"@id":"https:\/\/www.ilovewines.vn\/product\/hewitson-lulu-sauvignon-blanc-2021\/#primaryimage"},"image":{"@id":"https:\/\/www.ilovewines.vn\/product\/hewitson-lulu-sauvignon-blanc-2021\/#primaryimage"},"thumbnailUrl":"https:\/\/www.ilovewines.vn\/wp-content\/uploads\/2022\/06\/2021lulusauvignonblancbottle_600x800_aefb3210f4794965a3d4fb6e325dc6ae.png","datePublished":"2022-06-30T13:00:55+00:00","dateModified":"2024-08-15T09:14:49+00:00","breadcrumb":{"@id":"https:\/\/www.ilovewines.vn\/product\/hewitson-lulu-sauvignon-blanc-2021\/#breadcrumb"},"inLanguage":"vi","potentialAction":[{"@type":"ReadAction","target":["https:\/\/www.ilovewines.vn\/product\/hewitson-lulu-sauvignon-blanc-2021\/"]}]},{"@type":"ImageObject","inLanguage":"vi","@id":"https:\/\/www.ilovewines.vn\/product\/hewitson-lulu-sauvignon-blanc-2021\/#primaryimage","url":"https:\/\/www.ilovewines.vn\/wp-content\/uploads\/2022\/06\/2021lulusauvignonblancbottle_600x800_aefb3210f4794965a3d4fb6e325dc6ae.png","contentUrl":"https:\/\/www.ilovewines.vn\/wp-content\/uploads\/2022\/06\/2021lulusauvignonblancbottle_600x800_aefb3210f4794965a3d4fb6e325dc6ae.png","width":600,"height":800},{"@type":"BreadcrumbList","@id":"https:\/\/www.ilovewines.vn\/product\/hewitson-lulu-sauvignon-blanc-2021\/#breadcrumb","itemListElement":[{"@type":"ListItem","position":1,"name":"Home","item":"https:\/\/www.ilovewines.vn\/"},{"@type":"ListItem","position":2,"name":"Catalogue","item":"https:\/\/www.ilovewines.vn\/catalogue\/"},{"@type":"ListItem","position":3,"name":"Hewitson LuLu Sauvignon Blanc"}]},{"@type":"WebSite","@id":"https:\/\/www.ilovewines.vn\/#website","url":"https:\/\/www.ilovewines.vn\/","name":"Rada Wines","description":"Just another WordPress site","publisher":{"@id":"https:\/\/www.ilovewines.vn\/#organization"},"potentialAction":[{"@type":"SearchAction","target":{"@type":"EntryPoint","urlTemplate":"https:\/\/www.ilovewines.vn\/?s={search_term_string}"},"query-input":{"@type":"PropertyValueSpecification","valueRequired":true,"valueName":"search_term_string"}}],"inLanguage":"vi"},{"@type":"Organization","@id":"https:\/\/www.ilovewines.vn\/#organization","name":"Rada Wines","url":"https:\/\/www.ilovewines.vn\/","logo":{"@type":"ImageObject","inLanguage":"vi","@id":"https:\/\/www.ilovewines.vn\/#\/schema\/logo\/image\/","url":"https:\/\/www.ilovewines.vn\/wp-content\/uploads\/2022\/06\/cropped-162574230_380766779846763_4426584222903300096_n.jpg","contentUrl":"https:\/\/www.ilovewines.vn\/wp-content\/uploads\/2022\/06\/cropped-162574230_380766779846763_4426584222903300096_n.jpg","width":320,"height":206,"caption":"Rada Wines"},"image":{"@id":"https:\/\/www.ilovewines.vn\/#\/schema\/logo\/image\/"}}]}},"_links":{"self":[{"href":"https:\/\/www.ilovewines.vn\/vi\/wp-json\/wp\/v2\/product\/1289","targetHints":{"allow":["GET"]}}],"collection":[{"href":"https:\/\/www.ilovewines.vn\/vi\/wp-json\/wp\/v2\/product"}],"about":[{"href":"https:\/\/www.ilovewines.vn\/vi\/wp-json\/wp\/v2\/types\/product"}],"version-history":[{"count":3,"href":"https:\/\/www.ilovewines.vn\/vi\/wp-json\/wp\/v2\/product\/1289\/revisions"}],"predecessor-version":[{"id":4580,"href":"https:\/\/www.ilovewines.vn\/vi\/wp-json\/wp\/v2\/product\/1289\/revisions\/4580"}],"wp:featuredmedia":[{"embeddable":true,"href":"https:\/\/www.ilovewines.vn\/vi\/wp-json\/wp\/v2\/media\/1288"}],"wp:attachment":[{"href":"https:\/\/www.ilovewines.vn\/vi\/wp-json\/wp\/v2\/media?parent=1289"}],"wp:term":[{"taxonomy":"product_brand","embeddable":true,"href":"https:\/\/www.ilovewines.vn\/vi\/wp-json\/wp\/v2\/product_brand?post=1289"},{"taxonomy":"product_cat","embeddable":true,"href":"https:\/\/www.ilovewines.vn\/vi\/wp-json\/wp\/v2\/product_cat?post=1289"},{"taxonomy":"product_tag","embeddable":true,"href":"https:\/\/www.ilovewines.vn\/vi\/wp-json\/wp\/v2\/product_tag?post=1289"},{"taxonomy":"grape_varietal","embeddable":true,"href":"https:\/\/www.ilovewines.vn\/vi\/wp-json\/wp\/v2\/grape_varietal?post=1289"},{"taxonomy":"wine_regions","embeddable":true,"href":"https:\/\/www.ilovewines.vn\/vi\/wp-json\/wp\/v2\/wine_regions?post=1289"}],"curies":[{"name":"wp","href":"https:\/\/api.w.org\/{rel}","templated":true}]}}