{"id":1291,"date":"2022-06-30T07:00:56","date_gmt":"2022-06-30T13:00:56","guid":{"rendered":"https:\/\/www.ilovewines.vn\/product\/hewitson-miss-harry-grenache-shiraz-mourvedre-2018\/"},"modified":"2024-08-15T03:25:20","modified_gmt":"2024-08-15T09:25:20","slug":"hewitson-miss-harry-grenache-shiraz-mourvedre-2018","status":"publish","type":"product","link":"https:\/\/www.ilovewines.vn\/vi\/product\/hewitson-miss-harry-grenache-shiraz-mourvedre-2018\/","title":{"rendered":"Hewitson Miss Harry Grenache Shiraz Mourv\u00e8dre"},"content":{"rendered":"<p style=\"text-align: justify;\">\u00a0 \u00a0 \u00a0 \u00a0 \u00a0 \u00a0 \u00a0 \u00a0 \u00a0 \u00a0 \u00a0 \u00a0 \u00a0 \u00a0 \u00a0 \u00a0 \u00a0 \u00a0 \u00a0 \u00a0 \u00a0 \u00a0<iframe src=\"https:\/\/www.youtube.com\/embed\/8VXLnZOR51o\" width=\"560\" height=\"315\" frameborder=\"0\"><\/iframe><\/p>\n<p style=\"text-align: justify;\">\u00a0 \u00a0 \u00a0 \u00a0 \u00a0 \u00a0 \u00a0 \u00a0 \u00a0 \u00a0 \u00a0 \u00a0 \u00a0 \u00a0 \u00a0 \u00a0 \u00a0 \u00a0 \u00a0 \u00a0 \u00a0 \u00a0 \u00a0 \u00a0 \u00a0 \u00a0 \u00a0 \u00a0 \u00a0 \u00a0 \u00a0 \u00a0 \u00a0 \u00a0 \u00a0 \u00a0 \u00a0 \u00a0 \u00a0 \u00a0 \u00a0 \u00a0 \u00a0 \u00a0 <em>\u00a0 \u00a0 \u00a0(Source: Dean Hewitson Youtube)<\/em><\/p>\n<p style=\"text-align: justify;\"><strong>C\u1ea2M QUAN<\/strong><\/p>\n<p style=\"text-align: justify;\"><strong>C\u1ea2M QUAN<\/strong><br \/>\n<strong>M\u00e0u s\u1eafc:\u00a0\u00a0<\/strong>\u00a0Ng\u1ecdc h\u1ed3ng l\u1ef1u s\u00e1ng v\u1edbi m\u00e0u t\u00edm trung b\u00ecnh<br \/>\n<strong>Kh\u1ee9u gi\u00e1c:\u00a0<\/strong>Anh \u0111\u00e0o, d\u00e2u t\u00e2y, gia v\u1ecb v\u00e0 th\u1ea3o m\u1ed9c Provencale.<br \/>\n<strong>Kh\u1ea9u v\u1ecb:<\/strong> T\u01b0\u01a1i v\u1edbi c\u00e1c lo\u1ea1i tr\u00e1i c\u00e2y r\u1eebng ngon ng\u1ecdt v\u1edbi kem, c\u00e1c lo\u1ea1i th\u1ea3o m\u1ed9c kh\u00f4.<\/p>\n<p style=\"text-align: justify;\"><strong>PH\u00c2N T\u00cdCH<\/strong><\/p>\n<table>\n<tbody>\n<tr>\n<td>pH: 3.76<br \/>\n\u0110\u1ed9 c\u1ed3n: 14 .0%<br \/>\nAxit: 5.6g\/L<br \/>\n\u0110\u01b0\u1eddng: 0.2g\/L<\/td>\n<\/tr>\n<\/tbody>\n<\/table>\n<p><strong>QU\u00c1 TR\u00ccNH \u1ee6 R\u01af\u1ee2U<\/strong><\/p>\n<p>12 th\u00e1ng trong th\u00f9ng g\u1ed7 s\u1ed3i \u0111\u01b0\u1ee3c \u01b0\u1edbp c\u1ee7a Ph\u00e1p<\/p>\n<p><strong>V\u01af\u1edcN NHO\u00a0<\/strong><\/p>\n<p>C\u00e2y nho c\u1ed5\u00a0v\u00e0 m\u1ecdc kh\u00f4<br \/>\n<strong>M\u1ef0C N\u01af\u1edaC BI\u1ec2N\u00a0<\/strong><\/p>\n<p>210m<br \/>\n<strong>\u0110\u1ea4T\u00a0<\/strong><\/p>\n<p>X\u1ebfp lo\u1ea1i t\u1eeb S\u1eaft c\u1ed5 b\u1ecb oxy h\u00f3a (terra rosa) tr\u00ean \u0111\u00e1 v\u00f4i \u0111\u1ebfn c\u00e1t v\u00e0 s\u1ecfi<\/p>\n<p><strong>TU\u1ed4I C\u1ee6A GI\u1ed0NG NHO\u00a0\u00a0<\/strong><\/p>\n<p>'S\u1ef1 l\u1ef1a ch\u1ecdn' c\u00e1c gi\u1ed1ng nho tr\u1ebb c\u1ee7a nh\u1eefng v\u01b0\u1eddn nho h\u00e0ng th\u1ebf k\u1ef7 \u0111\u1ebfn nh\u1eefng c\u00e2y nho 140 n\u0103m tu\u1ed5i<br \/>\n<strong>H\u1ec6 TH\u1ed0NG C\u00c2Y TR\u1ed2NG\u00a0<\/strong><\/p>\n<p>Kh\u00e1c nhau t\u1eeb c\u00e2y nho b\u1ee5i \/ ch\u01b0a t\u1ec9a c\u00e0nh \/ \u0111\u1ea7u \u0111\u00e3 \u0111\u01b0\u1ee3c c\u1eaft t\u1ec9a th\u00e0nh gi\u00e0n<br \/>\n<strong>M\u1eacT \u0110\u1ed8 C\u00c2Y TR\u1ed2NG\u00a0<\/strong><\/p>\n<p>2,000 c\u00e2y \/Ha<br \/>\n<strong>\u0110\u1ea4T TR\u1ed2NG TR\u1eccT\u00a0<\/strong><\/p>\n<p>\u0110\u1ea5t kh\u00f4, kh\u00f4ng c\u00f3 r\u00e3nh, c\u1ecf l\u00faa m\u1ea1ch \u0111en gi\u1eefa c\u00e1c h\u00e0ng, ph\u1ee7 d\u01b0\u1edbi g\u1ed1c c\u00e2y nho, c\u1eaft t\u1ec9a b\u1eb1ng tay<br \/>\n<strong>N\u0102NG SU\u1ea4T\u00a0\u00a0<\/strong><\/p>\n<p>6.0 t\u1ea5n\/\u00a0Ha; 45 HL\/Ha<br \/>\n<strong>QU\u00c1 TR\u00ccNH L\u00caN MEN\u00a0<\/strong><\/p>\n<p>38% nho nguy\u00ean qu\u1ea3<\/p>\n<p>&nbsp;<\/p>\n<p><strong>\u0110\u00c1NH GI\u00c1 T\u1eea CHUY\u00caN GIA<\/strong><\/p>\n<p><img fetchpriority=\"high\" decoding=\"async\" class=\"wp-image-6417 aligncenter\" src=\"https:\/\/www.ilovewines.vn\/wp-content\/uploads\/2022\/06\/2023-MISS-HARRY-GSM.png\" alt=\"\" width=\"352\" height=\"352\" srcset=\"https:\/\/www.ilovewines.vn\/wp-content\/uploads\/2022\/06\/2023-MISS-HARRY-GSM.png 324w, https:\/\/www.ilovewines.vn\/wp-content\/uploads\/2022\/06\/2023-MISS-HARRY-GSM-300x300.png 300w, https:\/\/www.ilovewines.vn\/wp-content\/uploads\/2022\/06\/2023-MISS-HARRY-GSM-150x150.png 150w, https:\/\/www.ilovewines.vn\/wp-content\/uploads\/2022\/06\/2023-MISS-HARRY-GSM-12x12.png 12w, https:\/\/www.ilovewines.vn\/wp-content\/uploads\/2022\/06\/2023-MISS-HARRY-GSM-100x100.png 100w\" sizes=\"(max-width: 352px) 100vw, 352px\" \/><\/p>\n<h3>2023 Miss Harry GSM<br \/>\nBarossa Valley<\/h3>\n<p><strong>93 points-<\/strong> \u0110i\u1ec1u n\u00e0y ngay l\u1eadp t\u1ee9c h\u1ea5p d\u1eabn m\u0169i v\u1edbi h\u01b0\u01a1ng m\u1eadn \u0111en, hoa h\u1ed3i, h\u01b0\u01a1ng hoa v\u00e0 h\u1ea1t d\u1ebb n\u01b0\u1edbng \u0111\u1eadm \u0111\u00e0, ti\u1ebfp theo l\u00e0 v\u00f2m mi\u1ec7ng \u0111\u1eadm \u0111\u00e0 mang \u0111\u1ebfn h\u01b0\u01a1ng v\u1ecb tr\u00e1i c\u00e2y m\u1ecdng n\u01b0\u1edbc c\u00f9ng v\u1edbi c\u1ea3m gi\u00e1c mi\u1ec7ng \u0111\u1ea7y \u0111\u1eb7n v\u00e0 tannin m\u01b0\u1ee3t m\u00e0. Tuy\u1ec7t v\u1eddi h\u00e0i h\u00f2a v\u00e0 nh\u1eb9 nh\u00e0ng v\u1edbi m\u1ed9t k\u1ebft th\u00fac d\u00e0i, th\u1ecfa m\u00e3n. T\u1ed1t nh\u1ea5t: t\u1eeb b\u00e2y gi\u1edd \u0111\u1ebfn n\u0103m 2035. \u2013 <em><strong>Sam Kim, WineOrbit.co.nz \u2013 Th\u00e1ng 5- 2024.<\/strong><\/em><\/p>\n<p><strong>93 points<\/strong> Khi c\u00e1c ng\u00f4i sao s\u1eafp x\u1ebfp s\u1ef1 pha tr\u1ed9n gi\u1eefa Grenache n\u00e0y, Shiraz v\u00e0 Mourv\u00e8dre c\u00f3 th\u1ec3 l\u00e0m \u0111\u01b0\u1ee3c m\u1ed9t s\u1ed1 \u0111i\u1ec1u t\u1ed1t \u0111\u1eb9p to l\u1edbn. Trong tr\u01b0\u1eddng h\u1ee3p n\u00e0y, \u0111\u00f3 l\u00e0 s\u1ef1 ph\u00e2n chia g\u1ea7n nh\u01b0 b\u1eb1ng nhau gi\u1eefa c\u00e1c gi\u1ed1ng \u0111\u1ec3 t\u1ea1o ra m\u1ed9t lo\u1ea1i r\u01b0\u1ee3u c\u00f3 h\u01b0\u01a1ng v\u1ecb v\u00e0 \u0111\u1ed9 \u0111\u1eadm \u0111\u00e0 t\u1eeb trung b\u00ecnh \u0111\u1ebfn nh\u1eb9 \u0111\u01b0\u1ee3c t\u00edch h\u1ee3p li\u1ec1n m\u1ea1ch v\u00e0 m\u01b0\u1ee3t m\u00e0. H\u01b0\u01a1ng hoa mang ch\u00fat h\u01b0\u01a1ng m\u1ed9c m\u1ea1c c\u1ee7a \u0111\u1ea5t \u1ea9m, m\u1ed9t ch\u00fat c\u00e1nh hoa h\u1ed3ng v\u00e0 qu\u1ea3 m\u1eadn nguy\u00ean ch\u1ea5t. M\u1ed9t ch\u00fat ch\u1ea1m nh\u1eb9 v\u00e0o g\u1ed7 s\u1ed3i ch\u1ec9 ho\u00e0n thi\u1ec7n m\u1ecdi th\u1ee9 m\u1ed9t c\u00e1ch \u0111\u1eb9p \u0111\u1ebd. . \u2013 <em><strong>Ray Jordan, WinePilot.com \u2013 Th\u00e1ng 6- 2024.<\/strong><\/em><\/p>\n<p><strong>92 points-<\/strong> Ch\u1ec9 c\u1ea7n nh\u1ea5p m\u1ed9t ng\u1ee5m l\u00e0 b\u1ea1n bi\u1ebft ch\u00ednh x\u00e1c m\u00ecnh \u0111ang \u1edf \u0111\u00e2u: \u0111\u00e2y l\u00e0 v\u00f9ng \u0111\u1ea5t thu\u1ea7n khi\u1ebft \u1edf Thung l\u0169ng Barossa. Si\u00eau th\u00e2n thi\u1ec7n, ch\u00edn m\u1ecdng, th\u01a1m ngon v\u00e0 c\u00f3 v\u1ecb tr\u00e1i c\u00e2y ng\u1ecdt ng\u00e0o, s\u1ef1 pha tr\u1ed9n c\u1ee7a Grenache, Shiraz v\u00e0 Mourv\u00e8dre l\u00e0 h\u01b0\u01a1ng v\u1ecb t\u1ef1 nhi\u00ean c\u1ee7a v\u00f9ng, n\u00e2ng t\u1ea7m h\u01b0\u01a1ng v\u1ecb tr\u00e1i c\u00e2y m\u00e0u \u0111\u1ecf v\u00e0 v\u1ecb cay. M\u00f9i th\u01a1m v\u00e0 h\u01b0\u01a1ng v\u1ecb ng\u1eadp n\u1eafng c\u1ee7a m\u1eadn, anh \u0111\u00e0o \u0111en, h\u1ed3i v\u00e0 gia v\u1ecb. R\u1ea5t m\u1ecbn, m\u1ec1m v\u00e0 \u0111\u1eadm \u0111\u00e0 trong v\u00f2m mi\u1ec7ng \u2013 tr\u00e1i c\u00e2y c\u00f4 \u0111\u1eb7c t\u1eeb nh\u1eefng c\u00e2y nho gi\u00e0 c\u00f3 \u0111\u1ed9 tu\u1ed5i trung b\u00ecnh l\u00e0 75 n\u0103m ch\u1eafc ch\u1eafn l\u00e0 ng\u00f4i sao \u1edf \u0111\u00e2y \u2013 v\u00e0 n\u00f3 c\u1ee9 th\u1ebf k\u00e9o d\u00e0i. \u2013 <em><strong>Jeni Port, WinePilot.com \u2013 Th\u00e1ng 6- 2024.<\/strong><\/em><\/p>\n<p><strong>90 points-<\/strong> Miss Harry l\u00e0 s\u1ef1 k\u1ebft h\u1ee3p gi\u1eefa GSM m\u00e0 Hewiston v\u00e0 Thung l\u0169ng Barossa l\u00e0m r\u1ea5t t\u1ed1t. M\u1ed9t s\u1ed1 tr\u00e1i c\u00e2y nho gi\u00e0 c\u00f3 trong lo\u1ea1i r\u01b0\u1ee3u n\u00e0y v\u1edbi c\u1ea3 ch\u00f9m n\u01b0\u1edbc hoa l\u00e0m t\u0103ng th\u00eam v\u1ebb \u0111\u1eb9p. M\u00f9i kho\u00e1ng ch\u1ea5t ph\u1ea5n v\u1edbi tr\u00e1i c\u00e2y gi\u00f2n t\u01b0\u01a1i, v\u00e0 y\u00eau th\u00edch v\u1ecb m\u1eb7n c\u1ee7a qu\u1ea3 m\u00e2m x\u00f4i v\u00e0 qu\u1ea3 m\u00e2m x\u00f4i. M\u1ed9t lo\u1ea1i r\u01b0\u1ee3u c\u00f3 tr\u1ecdng l\u01b0\u1ee3ng trung b\u00ecnh v\u1edbi tannin ch\u00edn \u0111\u00e1ng y\u00eau v\u00e0 v\u1ecb ph\u1ea5n d\u1ec5 ch\u1ecbu \u0111\u1ec3 b\u00f9 l\u1ea1i v\u1ecb ng\u1ecdt c\u1ee7a k\u1eb9o \u1ebfch \u0111\u1ecf, th\u00eam ph\u1ea7n s\u1ed1ng \u0111\u1ed9ng ch\u1ee9 kh\u00f4ng ph\u1ea3i xi-r\u00f4. T\u01b0\u01a1i m\u00e1t v\u00e0 r\u1ea5t d\u1ec5 u\u1ed1ng \u2013 th\u00edch k\u1ebft th\u00fac d\u1ea1ng ph\u1ea5n kh\u00f4, khi\u1ebfn t\u00f4i nh\u1edb \u0111\u1ebfn nh\u1eefng phong c\u00e1ch n\u00e0y t\u1eeb Thung l\u0169ng Rhone. \u2013 <em><strong>Annette Lacey MW, WinePilot.com \u2013 Th\u00e1ng 7- 2024.<\/strong><\/em><\/p>\n<p><strong>92 points-<\/strong> M\u1ed9t s\u1ef1 pha tr\u1ed9n Barossa \u0111\u1eb7c tr\u01b0ng. Gi\u1ea5y b\u1ee5i b\u1eb7m v\u1edbi v\u1ecb cay nh\u1eb9 v\u00e0 ch\u00fat m\u00f9i bresaola, t\u00f4ng m\u00e0u \u0111\u1ea5t c\u1ee7a x\u00ec g\u00e0, than ch\u00ec v\u00e0 \u0111\u1ea1i ho\u00e0ng. Qu\u1ea3 m\u00e0u t\u00edm v\u00e0 \u0111\u1ecf c\u1ee7a m\u1eadn, qu\u1ea3 m\u00e2m x\u00f4i v\u00e0 qu\u1ea3 nam vi\u1ec7t qu\u1ea5t kh\u00f4 c\u00f3 gia v\u1ecb cay. Ch\u1ec9 c\u1ea7n th\u00e2n h\u00ecnh v\u1eeba ph\u1ea3i, vui t\u01b0\u01a1i v\u00e0 l\u1ea1c quan. Tannin d\u1ea1ng ru\u1ed3i si\u00eau m\u1ecbn, m\u1ec1m m\u1ea1i v\u00e0 \u00eam d\u1ecbu d\u01b0\u1edbi l\u1edbp th\u1ecbt m\u00e0u t\u00edm v\u1edbi khung than ch\u00ec. V\u1eabn \u1edf trong danh m\u1ee5c m\u1edbi s\u1eafp x\u1ea3y ra. \u2013 <em><strong>Regan Drew, WinePilot.com \u2013 Th\u00e1ng 7- 2024.<\/strong><\/em><\/p>\n<p><strong>92 points-<\/strong> Tr\u1edf n\u00ean m\u1ea1nh m\u1ebd sau h\u01a1n hai th\u1eadp k\u1ef7, Miss Harry Barossa Valley GSM c\u1ee7a Hewitson \u0111\u00e3 ch\u1ee9ng ki\u1ebfn \u200b\u200b\u200b\u200bc\u00e1c lo\u1ea1i r\u01b0\u1ee3u vang l\u00e0m t\u1eeb Grenache chi\u1ebfm v\u1ecb tr\u00ed h\u00e0ng \u0111\u1ea7u trong c\u00e1c lo\u1ea1i r\u01b0\u1ee3u vang, v\u00e0 \u0111\u00fang nh\u01b0 v\u1eady. Nh\u1eb9 h\u01a1n Shiraz ho\u1eb7c Cabernet v\u00e0 ch\u1ec9 n\u1eb7ng h\u01a1n Pinot Noir, ch\u00fang l\u00e0 lo\u1ea1i Goldilocks c\u1ee7a m\u00e0u \u0111\u1ecf, ph\u00f9 h\u1ee3p v\u1edbi th\u1eddi ti\u1ebft m\u00e1t m\u1ebb h\u01a1n. Miss Harry 2023, v\u1edbi 35% Grenache, 33% Shiraz v\u00e0 32% Mourv\u00e8dre t\u1eeb nh\u1eefng c\u00e2y nho gi\u00e0 (m\u1ed9t s\u1ed1 c\u00f3 ni\u00ean \u0111\u1ea1i t\u1eeb nh\u1eefng n\u0103m 1800), sang tr\u1ecdng v\u00e0 m\u01b0\u1ee3t m\u00e0 v\u1edbi qu\u1ea3 m\u00e2m x\u00f4i v\u00e0 qu\u1ea3 m\u00e2m x\u00f4i ch\u00edn tuy\u1ec7t \u0111\u1eb9p v\u1edbi c\u1ea3m gi\u00e1c ngon ng\u1ecdt trong mi\u1ec7ng, v\u00e0 nh\u01b0 m\u1ecdi khi, l\u00e0 gi\u00e1 tr\u1ecb tuy\u1ec7t v\u1eddi cho ti\u1ec1n. \u2013 <em><strong>Melissa Moore, WinePilot.com \u2013 Th\u00e1ng 7- 2024.<\/strong><\/em><\/p>\n<p><strong>93 points-<\/strong> 35\/33\/32% grenache\/shiraz\/mourv\u00e8dre; 48% c\u1ea3 b\u00f3, 12 th\u00e1ng trong th\u00f9ng c\u0169 c\u1ee7a Ph\u00e1p. Anh \u0111\u00e0o \u0111\u1ecf, m\u1eadn \u0111\u1ecf v\u00e0 m\u1ed9t ch\u00fat nam vi\u1ec7t qu\u1ea5t \u1edf \u0111\u00e2y v\u1edbi ch\u00fat gia v\u1ecb, th\u1ea3o m\u1ed9c kh\u00f4, hoa t\u00edm \u00e9p, hoa h\u1ea1nh nh\u00e2n, v\u1ecf cam qu\u00fdt kh\u00f4 v\u00e0 \u0111\u1ea5t. Th\u00e2n h\u00ecnh trung b\u00ecnh, r\u1ed9ng r\u00e3i v\u00e0 tr\u00e0n \u0111\u1ea7y n\u0103ng l\u01b0\u1ee3ng; tannin c\u00e1t m\u1ecbn h\u1ed7 tr\u1ee3, mang l\u1ea1i h\u01b0\u01a1ng v\u1ecb th\u01a1m ngon cho k\u1ebft th\u00fac c\u00f3 \u0111\u1ed9 d\u00e0i v\u1eeba ph\u1ea3i. C\u00f3 r\u1ea5t nhi\u1ec1u th\u1ee9 \u0111\u1ec3 th\u00edch \u1edf \u0111\u00e2y v\u00e0 n\u00f3 r\u1ea5t d\u1ec5 u\u1ed1ng. \u2013 <em><strong>Dave Brookes, Winecompanion.com.au \u2013 Th\u00e1ng 7- 2024.<\/strong><\/em><\/p>\n<p><strong>94 points-<\/strong> S\u1ef1 pha tr\u1ed9n \u1edf \u0111\u00e2y l\u00e0 35% Grenache, 33% Shiraz v\u00e0 32% Mourvedre t\u1eeb Barossa. 48% to\u00e0n b\u1ed9 ch\u00f9m \u0111\u01b0\u1ee3c bao g\u1ed3m v\u00e0 sau \u0111\u00f3 r\u01b0\u1ee3u tr\u1ea3i qua qu\u00e1 tr\u00ecnh l\u00e3o h\u00f3a trong ch\u00edn th\u00e1ng trong th\u00f9ng g\u1ed7 s\u1ed3i c\u0169 c\u1ee7a Ph\u00e1p. Nh\u1eefng v\u01b0\u1eddn nho cung c\u1ea5p tr\u00e1i c\u00e2y c\u00f3 ni\u00ean \u0111\u1ea1i t\u1eeb nh\u1eefng n\u0103m 1800 v\u00e0 c\u00f3 \u0111\u1ed9 tu\u1ed5i trung b\u00ecnh tr\u00ean 75 n\u0103m. N\u1ebfu c\u00f3 m\u1ed9t \u0111i\u1ec1u m\u00e0 Dean Hewitson v\u00e0 nh\u00f3m c\u1ee7a \u00f4ng kh\u00f4ng bao gi\u1edd th\u1ea5t b\u1ea1i, \u0111\u00f3 l\u00e0 t\u1ea1o ra nh\u1eefng lo\u1ea1i r\u01b0\u1ee3u vang \u0111\u1ea7y \u0111\u1ee7 h\u01b0\u01a1ng v\u1ecb \u0111\u1ec3 u\u1ed1ng m\u1ed9t c\u00e1ch tuy\u1ec7t v\u1eddi. Garnet \u0111\u1eadm, t\u01b0\u01a1i m\u00e1t v\u00e0 tr\u00e0n \u0111\u1ea7y n\u0103ng l\u01b0\u1ee3ng. C\u00e2n b\u1eb1ng tinh t\u1ebf, c\u00f3 h\u01b0\u01a1ng th\u01a1m c\u1ee7a tr\u00e1i c\u00e2y m\u00e0u \u0111\u1ecf, th\u1ea3o m\u1ed9c kh\u00f4, qu\u1ea3 m\u00e2m x\u00f4i, d\u00e2u t\u1eb1m v\u00e0 c\u00e0 ph\u00ea xay. \u0110\u00e2y l\u00e0 c\u1ea5u tr\u00fac li\u1ec1n m\u1ea1ch v\u1edbi tannin m\u01b0\u1ee3t m\u00e0, k\u1ebft c\u1ea5u quy\u1ebfn r\u0169 v\u00e0 \u0111\u1ed9 d\u00e0i tuy\u1ec7t v\u1eddi. Gi\u00e1 tr\u1ecb gia t\u0103ng, \u0111\u1ed3 u\u1ed1ng tuy\u1ec7t v\u1eddi v\u00e0 t\u01b0\u01a1ng lai \u00edt nh\u1ea5t trong 5 \u0111\u1ebfn 8 n\u0103m t\u1edbi. <em><strong>\u2013 Ken Gargett, WinePilot.com \u2013 Th\u00e1ng 7- 2024.<\/strong><\/em><\/p>\n<p><img decoding=\"async\" class=\"wp-image-4577 aligncenter\" src=\"https:\/\/www.ilovewines.vn\/wp-content\/uploads\/2022\/12\/Hewitson-awards-300x123.png\" alt=\"\" width=\"463\" height=\"190\" srcset=\"https:\/\/www.ilovewines.vn\/wp-content\/uploads\/2022\/12\/Hewitson-awards-300x123.png 300w, https:\/\/www.ilovewines.vn\/wp-content\/uploads\/2022\/12\/Hewitson-awards-500x206.png 500w, https:\/\/www.ilovewines.vn\/wp-content\/uploads\/2022\/12\/Hewitson-awards-18x7.png 18w, https:\/\/www.ilovewines.vn\/wp-content\/uploads\/2022\/12\/Hewitson-awards-200x82.png 200w, https:\/\/www.ilovewines.vn\/wp-content\/uploads\/2022\/12\/Hewitson-awards-400x165.png 400w, https:\/\/www.ilovewines.vn\/wp-content\/uploads\/2022\/12\/Hewitson-awards.png 537w\" sizes=\"(max-width: 463px) 100vw, 463px\" \/><\/p>\n<p style=\"text-align: center;\">","protected":false},"excerpt":{"rendered":"<p>T\u01b0\u01a1i v\u1edbi c\u00e1c lo\u1ea1i tr\u00e1i c\u00e2y r\u1eebng ngon ng\u1ecdt v\u1edbi kem, c\u00e1c lo\u1ea1i th\u1ea3o m\u1ed9c kh\u00f4.<\/p>","protected":false},"featured_media":1290,"template":"","meta":{"_acf_changed":false},"product_brand":[],"product_cat":[2640,87],"product_tag":[],"grape_varietal":[2470,2471,2466],"wine_regions":[2417],"class_list":{"0":"post-1291","1":"product","2":"type-product","3":"status-publish","4":"has-post-thumbnail","6":"product_cat-catalogue","7":"product_cat-red-wine","8":"pa_brand-hewitson","9":"grape_varietal-grenache","10":"grape_varietal-mourvedre","11":"grape_varietal-shiraz","12":"wine_regions-barossa-valley","14":"first","15":"instock","16":"shipping-taxable","17":"product-type-simple"},"acf":[],"yoast_head":"<!-- This site is optimized with the Yoast SEO plugin v27.4 - https:\/\/yoast.com\/product\/yoast-seo-wordpress\/ -->\n<title>Hewitson Miss Harry Grenache Shiraz Mourv\u00e8dre - Rada Wines<\/title>\n<meta name=\"robots\" content=\"index, follow, max-snippet:-1, max-image-preview:large, max-video-preview:-1\" \/>\n<link rel=\"canonical\" href=\"https:\/\/www.ilovewines.vn\/vi\/san-pham\/hewitson-miss-harry-grenache-shiraz-mourvedre-2018\/\" \/>\n<meta property=\"og:locale\" content=\"vi_VN\" \/>\n<meta property=\"og:type\" content=\"article\" \/>\n<meta property=\"og:title\" content=\"Hewitson Miss Harry Grenache Shiraz Mourv\u00e8dre - Rada Wines\" \/>\n<meta property=\"og:description\" content=\"Fresh and with juicy forest fruits with cream, dried herbs.\" \/>\n<meta property=\"og:url\" content=\"https:\/\/www.ilovewines.vn\/vi\/san-pham\/hewitson-miss-harry-grenache-shiraz-mourvedre-2018\/\" \/>\n<meta property=\"og:site_name\" content=\"Rada Wines\" \/>\n<meta property=\"article:modified_time\" content=\"2024-08-15T09:25:20+00:00\" \/>\n<meta property=\"og:image\" content=\"https:\/\/www.ilovewines.vn\/wp-content\/uploads\/2022\/06\/hewitsonmissharrygsmbottle_600x800_85f1ca9df85b4a3abff294b1f96f67ae.png\" \/>\n\t<meta property=\"og:image:width\" content=\"600\" \/>\n\t<meta property=\"og:image:height\" content=\"800\" \/>\n\t<meta property=\"og:image:type\" content=\"image\/png\" \/>\n<meta name=\"twitter:card\" content=\"summary_large_image\" \/>\n<meta name=\"twitter:label1\" content=\"\u01af\u1edbc t\u00ednh th\u1eddi gian \u0111\u1ecdc\" \/>\n\t<meta name=\"twitter:data1\" content=\"5 ph\u00fat\" \/>\n<script type=\"application\/ld+json\" class=\"yoast-schema-graph\">{\"@context\":\"https:\\\/\\\/schema.org\",\"@graph\":[{\"@type\":\"WebPage\",\"@id\":\"https:\\\/\\\/www.ilovewines.vn\\\/product\\\/hewitson-miss-harry-grenache-shiraz-mourvedre-2018\\\/\",\"url\":\"https:\\\/\\\/www.ilovewines.vn\\\/product\\\/hewitson-miss-harry-grenache-shiraz-mourvedre-2018\\\/\",\"name\":\"Hewitson Miss Harry Grenache Shiraz Mourv\u00e8dre - Rada Wines\",\"isPartOf\":{\"@id\":\"https:\\\/\\\/www.ilovewines.vn\\\/#website\"},\"primaryImageOfPage\":{\"@id\":\"https:\\\/\\\/www.ilovewines.vn\\\/product\\\/hewitson-miss-harry-grenache-shiraz-mourvedre-2018\\\/#primaryimage\"},\"image\":{\"@id\":\"https:\\\/\\\/www.ilovewines.vn\\\/product\\\/hewitson-miss-harry-grenache-shiraz-mourvedre-2018\\\/#primaryimage\"},\"thumbnailUrl\":\"https:\\\/\\\/www.ilovewines.vn\\\/wp-content\\\/uploads\\\/2022\\\/06\\\/hewitsonmissharrygsmbottle_600x800_85f1ca9df85b4a3abff294b1f96f67ae.png\",\"datePublished\":\"2022-06-30T13:00:56+00:00\",\"dateModified\":\"2024-08-15T09:25:20+00:00\",\"breadcrumb\":{\"@id\":\"https:\\\/\\\/www.ilovewines.vn\\\/product\\\/hewitson-miss-harry-grenache-shiraz-mourvedre-2018\\\/#breadcrumb\"},\"inLanguage\":\"vi\",\"potentialAction\":[{\"@type\":\"ReadAction\",\"target\":[\"https:\\\/\\\/www.ilovewines.vn\\\/product\\\/hewitson-miss-harry-grenache-shiraz-mourvedre-2018\\\/\"]}]},{\"@type\":\"ImageObject\",\"inLanguage\":\"vi\",\"@id\":\"https:\\\/\\\/www.ilovewines.vn\\\/product\\\/hewitson-miss-harry-grenache-shiraz-mourvedre-2018\\\/#primaryimage\",\"url\":\"https:\\\/\\\/www.ilovewines.vn\\\/wp-content\\\/uploads\\\/2022\\\/06\\\/hewitsonmissharrygsmbottle_600x800_85f1ca9df85b4a3abff294b1f96f67ae.png\",\"contentUrl\":\"https:\\\/\\\/www.ilovewines.vn\\\/wp-content\\\/uploads\\\/2022\\\/06\\\/hewitsonmissharrygsmbottle_600x800_85f1ca9df85b4a3abff294b1f96f67ae.png\",\"width\":600,\"height\":800},{\"@type\":\"BreadcrumbList\",\"@id\":\"https:\\\/\\\/www.ilovewines.vn\\\/product\\\/hewitson-miss-harry-grenache-shiraz-mourvedre-2018\\\/#breadcrumb\",\"itemListElement\":[{\"@type\":\"ListItem\",\"position\":1,\"name\":\"Home\",\"item\":\"https:\\\/\\\/www.ilovewines.vn\\\/\"},{\"@type\":\"ListItem\",\"position\":2,\"name\":\"Catalogue\",\"item\":\"https:\\\/\\\/www.ilovewines.vn\\\/catalogue\\\/\"},{\"@type\":\"ListItem\",\"position\":3,\"name\":\"Hewitson Miss Harry Grenache Shiraz Mourv\u00e8dre\"}]},{\"@type\":\"WebSite\",\"@id\":\"https:\\\/\\\/www.ilovewines.vn\\\/#website\",\"url\":\"https:\\\/\\\/www.ilovewines.vn\\\/\",\"name\":\"Rada Wines\",\"description\":\"Just another WordPress site\",\"publisher\":{\"@id\":\"https:\\\/\\\/www.ilovewines.vn\\\/#organization\"},\"potentialAction\":[{\"@type\":\"SearchAction\",\"target\":{\"@type\":\"EntryPoint\",\"urlTemplate\":\"https:\\\/\\\/www.ilovewines.vn\\\/?s={search_term_string}\"},\"query-input\":{\"@type\":\"PropertyValueSpecification\",\"valueRequired\":true,\"valueName\":\"search_term_string\"}}],\"inLanguage\":\"vi\"},{\"@type\":\"Organization\",\"@id\":\"https:\\\/\\\/www.ilovewines.vn\\\/#organization\",\"name\":\"Rada Wines\",\"url\":\"https:\\\/\\\/www.ilovewines.vn\\\/\",\"logo\":{\"@type\":\"ImageObject\",\"inLanguage\":\"vi\",\"@id\":\"https:\\\/\\\/www.ilovewines.vn\\\/#\\\/schema\\\/logo\\\/image\\\/\",\"url\":\"https:\\\/\\\/www.ilovewines.vn\\\/wp-content\\\/uploads\\\/2022\\\/06\\\/cropped-162574230_380766779846763_4426584222903300096_n.jpg\",\"contentUrl\":\"https:\\\/\\\/www.ilovewines.vn\\\/wp-content\\\/uploads\\\/2022\\\/06\\\/cropped-162574230_380766779846763_4426584222903300096_n.jpg\",\"width\":320,\"height\":206,\"caption\":\"Rada Wines\"},\"image\":{\"@id\":\"https:\\\/\\\/www.ilovewines.vn\\\/#\\\/schema\\\/logo\\\/image\\\/\"}}]}<\/script>\n<!-- \/ Yoast SEO plugin. -->","yoast_head_json":{"title":"Hewitson Miss Harry Grenache Shiraz Mourv\u00e8dre - Rada Wines","robots":{"index":"index","follow":"follow","max-snippet":"max-snippet:-1","max-image-preview":"max-image-preview:large","max-video-preview":"max-video-preview:-1"},"canonical":"https:\/\/www.ilovewines.vn\/vi\/san-pham\/hewitson-miss-harry-grenache-shiraz-mourvedre-2018\/","og_locale":"vi_VN","og_type":"article","og_title":"Hewitson Miss Harry Grenache Shiraz Mourv\u00e8dre - Rada Wines","og_description":"Fresh and with juicy forest fruits with cream, dried herbs.","og_url":"https:\/\/www.ilovewines.vn\/vi\/san-pham\/hewitson-miss-harry-grenache-shiraz-mourvedre-2018\/","og_site_name":"Rada Wines","article_modified_time":"2024-08-15T09:25:20+00:00","og_image":[{"width":600,"height":800,"url":"https:\/\/www.ilovewines.vn\/wp-content\/uploads\/2022\/06\/hewitsonmissharrygsmbottle_600x800_85f1ca9df85b4a3abff294b1f96f67ae.png","type":"image\/png"}],"twitter_card":"summary_large_image","twitter_misc":{"\u01af\u1edbc t\u00ednh th\u1eddi gian \u0111\u1ecdc":"5 ph\u00fat"},"schema":{"@context":"https:\/\/schema.org","@graph":[{"@type":"WebPage","@id":"https:\/\/www.ilovewines.vn\/product\/hewitson-miss-harry-grenache-shiraz-mourvedre-2018\/","url":"https:\/\/www.ilovewines.vn\/product\/hewitson-miss-harry-grenache-shiraz-mourvedre-2018\/","name":"Hewitson Miss Harry Grenache Shiraz Mourv\u00e8dre - Rada Wines","isPartOf":{"@id":"https:\/\/www.ilovewines.vn\/#website"},"primaryImageOfPage":{"@id":"https:\/\/www.ilovewines.vn\/product\/hewitson-miss-harry-grenache-shiraz-mourvedre-2018\/#primaryimage"},"image":{"@id":"https:\/\/www.ilovewines.vn\/product\/hewitson-miss-harry-grenache-shiraz-mourvedre-2018\/#primaryimage"},"thumbnailUrl":"https:\/\/www.ilovewines.vn\/wp-content\/uploads\/2022\/06\/hewitsonmissharrygsmbottle_600x800_85f1ca9df85b4a3abff294b1f96f67ae.png","datePublished":"2022-06-30T13:00:56+00:00","dateModified":"2024-08-15T09:25:20+00:00","breadcrumb":{"@id":"https:\/\/www.ilovewines.vn\/product\/hewitson-miss-harry-grenache-shiraz-mourvedre-2018\/#breadcrumb"},"inLanguage":"vi","potentialAction":[{"@type":"ReadAction","target":["https:\/\/www.ilovewines.vn\/product\/hewitson-miss-harry-grenache-shiraz-mourvedre-2018\/"]}]},{"@type":"ImageObject","inLanguage":"vi","@id":"https:\/\/www.ilovewines.vn\/product\/hewitson-miss-harry-grenache-shiraz-mourvedre-2018\/#primaryimage","url":"https:\/\/www.ilovewines.vn\/wp-content\/uploads\/2022\/06\/hewitsonmissharrygsmbottle_600x800_85f1ca9df85b4a3abff294b1f96f67ae.png","contentUrl":"https:\/\/www.ilovewines.vn\/wp-content\/uploads\/2022\/06\/hewitsonmissharrygsmbottle_600x800_85f1ca9df85b4a3abff294b1f96f67ae.png","width":600,"height":800},{"@type":"BreadcrumbList","@id":"https:\/\/www.ilovewines.vn\/product\/hewitson-miss-harry-grenache-shiraz-mourvedre-2018\/#breadcrumb","itemListElement":[{"@type":"ListItem","position":1,"name":"Home","item":"https:\/\/www.ilovewines.vn\/"},{"@type":"ListItem","position":2,"name":"Catalogue","item":"https:\/\/www.ilovewines.vn\/catalogue\/"},{"@type":"ListItem","position":3,"name":"Hewitson Miss Harry Grenache Shiraz Mourv\u00e8dre"}]},{"@type":"WebSite","@id":"https:\/\/www.ilovewines.vn\/#website","url":"https:\/\/www.ilovewines.vn\/","name":"Rada Wines","description":"Just another WordPress site","publisher":{"@id":"https:\/\/www.ilovewines.vn\/#organization"},"potentialAction":[{"@type":"SearchAction","target":{"@type":"EntryPoint","urlTemplate":"https:\/\/www.ilovewines.vn\/?s={search_term_string}"},"query-input":{"@type":"PropertyValueSpecification","valueRequired":true,"valueName":"search_term_string"}}],"inLanguage":"vi"},{"@type":"Organization","@id":"https:\/\/www.ilovewines.vn\/#organization","name":"Rada Wines","url":"https:\/\/www.ilovewines.vn\/","logo":{"@type":"ImageObject","inLanguage":"vi","@id":"https:\/\/www.ilovewines.vn\/#\/schema\/logo\/image\/","url":"https:\/\/www.ilovewines.vn\/wp-content\/uploads\/2022\/06\/cropped-162574230_380766779846763_4426584222903300096_n.jpg","contentUrl":"https:\/\/www.ilovewines.vn\/wp-content\/uploads\/2022\/06\/cropped-162574230_380766779846763_4426584222903300096_n.jpg","width":320,"height":206,"caption":"Rada Wines"},"image":{"@id":"https:\/\/www.ilovewines.vn\/#\/schema\/logo\/image\/"}}]}},"_links":{"self":[{"href":"https:\/\/www.ilovewines.vn\/vi\/wp-json\/wp\/v2\/product\/1291","targetHints":{"allow":["GET"]}}],"collection":[{"href":"https:\/\/www.ilovewines.vn\/vi\/wp-json\/wp\/v2\/product"}],"about":[{"href":"https:\/\/www.ilovewines.vn\/vi\/wp-json\/wp\/v2\/types\/product"}],"version-history":[{"count":4,"href":"https:\/\/www.ilovewines.vn\/vi\/wp-json\/wp\/v2\/product\/1291\/revisions"}],"predecessor-version":[{"id":6423,"href":"https:\/\/www.ilovewines.vn\/vi\/wp-json\/wp\/v2\/product\/1291\/revisions\/6423"}],"wp:featuredmedia":[{"embeddable":true,"href":"https:\/\/www.ilovewines.vn\/vi\/wp-json\/wp\/v2\/media\/1290"}],"wp:attachment":[{"href":"https:\/\/www.ilovewines.vn\/vi\/wp-json\/wp\/v2\/media?parent=1291"}],"wp:term":[{"taxonomy":"product_brand","embeddable":true,"href":"https:\/\/www.ilovewines.vn\/vi\/wp-json\/wp\/v2\/product_brand?post=1291"},{"taxonomy":"product_cat","embeddable":true,"href":"https:\/\/www.ilovewines.vn\/vi\/wp-json\/wp\/v2\/product_cat?post=1291"},{"taxonomy":"product_tag","embeddable":true,"href":"https:\/\/www.ilovewines.vn\/vi\/wp-json\/wp\/v2\/product_tag?post=1291"},{"taxonomy":"grape_varietal","embeddable":true,"href":"https:\/\/www.ilovewines.vn\/vi\/wp-json\/wp\/v2\/grape_varietal?post=1291"},{"taxonomy":"wine_regions","embeddable":true,"href":"https:\/\/www.ilovewines.vn\/vi\/wp-json\/wp\/v2\/wine_regions?post=1291"}],"curies":[{"name":"wp","href":"https:\/\/api.w.org\/{rel}","templated":true}]}}