{"id":1303,"date":"2022-06-30T07:01:04","date_gmt":"2022-06-30T13:01:04","guid":{"rendered":"https:\/\/www.ilovewines.vn\/product\/kilikanoon-second-fiddle-grenache-rose-2021\/"},"modified":"2023-11-29T06:40:26","modified_gmt":"2023-11-29T13:40:26","slug":"kilikanoon-second-fiddle-grenache-rose-2021","status":"publish","type":"product","link":"https:\/\/www.ilovewines.vn\/vi\/product\/kilikanoon-second-fiddle-grenache-rose-2021\/","title":{"rendered":"Kilikanoon Second Fiddle Grenache Ros\u00e9"},"content":{"rendered":"<p style=\"text-align: justify;\"><span style=\"font-size: 12pt;\"><strong>C\u1ea2M QUAN<\/strong><\/span><\/p>\n<p style=\"text-align: justify;\"><strong>C\u1ea2M QUAN<\/strong><\/p>\n<p style=\"text-align: justify;\"><strong>M\u00e0u s\u1eafc:\u00a0\u00a0\u00a0<\/strong><\/p>\n<p style=\"text-align: justify;\">M\u00e0u h\u1ed3ng nh\u1ea1t, ph\u1ea5t ph\u01a1 m\u1ed9t ch\u00fat m\u00e0u c\u00e1 h\u1ed3i. Trong su\u1ed1t.<\/p>\n<p style=\"text-align: justify;\"><strong>Kh\u1ee9u gi\u00e1c:\u00a0<\/strong><\/p>\n<p>Mang h\u01b0\u01a1ng th\u01a1m n\u1ed3ng n\u00e0n c\u1ee7a tr\u00e1i anh \u0111\u00e0o, s\u1eafc th\u00e1i m\u1eb7n m\u00e0, v\u00e0 h\u01b0\u01a1ng n\u01b0\u1edbc hoa nh\u01b0 c\u1ee7a m\u1ed9t khu v\u01b0\u1eddn v\u00e0o m\u00f9a xu\u00e2n.<\/p>\n<p style=\"text-align: justify;\"><strong>Kh\u1ea9u v\u1ecb:<\/strong><\/p>\n<p>V\u1ecb tr\u00e1i m\u00e2m x\u00f4i, c\u00e1nh hoa h\u1ed3ng, v\u1edbi m\u1ed9t k\u1ebft th\u00fac chua nh\u1eb9. Phong c\u00e1ch vang n\u00e0y ph\u00f9 h\u1ee3p nh\u1ea5t khi \u0111\u01b0\u1ee3c th\u01b0\u1edfng th\u1ee9c l\u00fac vang c\u00f2n tr\u1ebb.<\/p>\n<p style=\"text-align: justify;\"><strong>V\u00d9NG NHO<\/strong><\/p>\n<p style=\"text-align: justify;\">Thung l\u0169ng Clare.<\/p>\n<p>Nho \u0111\u01b0\u1ee3c ch\u1ecdn l\u1ef1a r\u1ea5t k\u0129 c\u00e0ng t\u1eeb nh\u1eefng v\u01b0\u1eddn nho v\u00e0 ti\u1ec3u v\u00f9ng kh\u00e1c nhau c\u1ee7a nh\u00e0 Kilikanoon, mang l\u1ea1i phong c\u00e1ch g\u1ea7n g\u0169i v\u00e0 tinh t\u1ebf.<\/p>\n<p style=\"text-align: justify;\"><strong>NI\u00caN V\u1ee4 2017<\/strong><\/p>\n<p>N\u0103m nay, r\u01b0\u1ee3u vang H\u1ed3ng c\u1ee7a ch\u00fang t\u00f4i \u0111\u01b0\u1ee3c t\u1ea1o n\u00ean t\u1eeb nho c\u1ee7a 2 v\u01b0\u1eddn nho grenache c\u1ed5, m\u1ed9t v\u01b0\u1eddn n\u1eb1m c\u1ea1nh Kh\u00e1ch s\u1ea1n Watervale, v\u01b0\u1eddn kia n\u1eb1m \u1edf Leasingham \u0111\u01b0\u1ee3c tr\u1ed3ng t\u1eeb n\u0103m 1944.<\/p>\n<p>C\u1ea3 hai v\u01b0\u1eddn nho \u0111\u1ec1u \u0111\u01b0\u1ee3c tr\u1ed3ng tr\u00ean \u0111\u1ea5t m\u00f9n s\u00e2u tr\u00ean \u0111\u1ea5t \u0111\u00e1 v\u00f4i c\u00f3 xu h\u01b0\u1edbng t\u1ea1o ra nh\u1eefng qu\u1ea3 m\u1ecdng l\u1edbn h\u01a1n v\u1edbi t\u1ef7 l\u1ec7 n\u01b0\u1edbc tr\u00ean v\u1ecf cao h\u01a1n, t\u1ea1o ra tr\u00e1i ho\u00e0n h\u1ea3o \u0111\u1ec3 ch\u1ebf t\u00e1c ra m\u1ed9t vang H\u1ed3ng gi\u00f2n, kh\u00f4 v\u00e0 th\u01a1m ngon.<\/p>\n<p style=\"text-align: justify;\"><strong>QU\u00c1 TR\u00ccNH S\u1ea2N XU\u1ea4T<\/strong><\/p>\n<p>\u0110\u01b0\u1ee3c thu ho\u1ea1ch s\u1edbm h\u01a1n d\u1ef1 ki\u1ebfn m\u1ed9t ch\u00fat (nh\u01b0 \u0111\u1ed1i v\u1edbi c\u00e1c lo\u1ea1i vang \u0111\u1ecf \u0111\u1eadm v\u1ecb), c\u1ea3 hai v\u01b0\u1eddn nho \u0111\u1ec1u \u0111\u01b0\u1ee3c thu ho\u1ea1ch trong \u0111i\u1ec1u ki\u1ec7n kho\u1ea3ng 12,5 \u0111\u1ed9 lo\u00e3ng th\u1ef1c (\u0111\u1ed9 Baum\u00e9), nh\u1eb1m \u0111\u1ea3m b\u1ea3o \u0111\u1ed9 t\u01b0\u01a1i ngon c\u1ee7a v\u1ecb tr\u00e1i cherry \u0111\u1ecf trong r\u01b0\u1ee3u. Qu\u00e1 tr\u00ecnh s\u1ea3n xu\u1ea5t ch\u1ec9 \u00e1p d\u1ee5ng \u0111\u00fang 1 ti\u1ebfng ti\u1ebfp x\u00fac v\u1edbi v\u1ecf nho. C\u1ea3 hai v\u1ef1a nho \u0111\u1ebfn t\u1eeb hai v\u01b0\u1eddn \u0111\u1ec1u \u0111\u01b0\u1ee3c \u00e9p nh\u1eb9 nh\u00e0ng r\u1ed3i \u0111\u01b0\u1ee3c \u0111\u1ec3 l\u1ea1nh, tr\u01b0\u1edbc khi \u0111\u01b0\u1ee3c cho l\u00ean men l\u1ea1nh trong nhi\u1ec7t \u0111\u1ed9 13 \u0111\u1ed9 C trong v\u00f2ng 3 tu\u1ea7n. 0,65% nho Mataro c\u0169ng \u0111\u01b0\u1ee3c b\u1ed5 sung nh\u1eb1m t\u1ea1o th\u00eam m\u1ed9t ch\u00fat v\u1ecb cay v\u00e0 m\u1eb7n.<\/p>\n<p style=\"text-align: justify;\"><strong>C\u1ea4T TR\u1eee<\/strong><\/p>\n<p>T\u1ed1t nh\u1ea5t n\u00ean th\u01b0\u1edfng th\u1ee9c khi vang c\u00f2n tr\u1ebb, nh\u01b0ng vang c\u0169ng s\u1ebd t\u1ef1 ph\u00e1t tri\u1ec3n th\u00eam s\u1ef1 ph\u1ee9c h\u1ee3p trong h\u01b0\u01a1ng v\u1ecb sau 1-2 n\u0103m b\u1ea3o qu\u1ea3n \u1edf h\u1ea7m r\u01b0\u1ee3u.<\/p>\n<p><strong>B\u1ea3o qu\u1ea3n:<\/strong> \u0110\u1ec3 \u1edf n\u01a1i kh\u00f4 r\u00e1o, tho\u00e1ng m\u00e1t, \u0111\u1ea3m b\u1ea3o v\u1ec7 sinh, tr\u00e1nh \u00e1nh n\u1eafng tr\u1ef1c ti\u1ebfp.<\/p>\n<p><strong>Nh\u00e0 s\u1ea3n xu\u1ea5t:<\/strong> Kilikanoon Wines PTY., Ltd.<\/p>\n<p><strong>\u0110\u1ecba ch\u1ec9:<\/strong> Penna Lane, Penwortham South Australia 5453, Australia<\/p>\n<p><a href=\"https:\/\/www.ilovewines.vn\/wp-content\/uploads\/2023\/11\/Kilikanoon-Awards-one-pager-Nov-23.pdf\" target=\"_blank\" rel=\"noopener\">KILIKANOON AWARDS 2023 (updated on 28 Nov. 2023)<\/a><\/p>\n<p>\u0110\u1ec3 bi\u1ebft th\u00eam v\u1ec1 c\u00e1c gi\u1ea3i th\u01b0\u1edfng c\u1ee5 th\u1ec3 c\u1ee7a Kilikanoon, nh\u1ea5p v\u00e0o \u0111\u00e2y <strong><a href=\"https:\/\/www.ilovewines.vn\/wp-content\/uploads\/2022\/12\/Kilikanoon-Awards.pdf\" target=\"_blank\" rel=\"noopener\">Kilikanoon Awards<\/a><\/strong><\/p>\n<p>&nbsp;<\/p>","protected":false},"excerpt":{"rendered":"<p>M\u1ed9t chai Malbec Ros\u00e9 thanh l\u1ecbch v\u00e0 \u0111\u1ed9c \u0111\u00e1o v\u1edbi nh\u1eefng n\u1ed1t h\u01b0\u01a1ng d\u00e2u t\u00e2y. L\u00e0 chai Ros\u00e9 ho\u00e0n h\u1ea3o gi\u00e1 c\u1ea3 ph\u1ea3i ch\u0103ng cho m\u1ed9t bu\u1ed5i chi\u1ec1u ch\u1ee7 nh\u1eadt.<\/p>","protected":false},"featured_media":1302,"template":"","meta":{"_acf_changed":false},"product_brand":[],"product_cat":[2640,88],"product_tag":[],"grape_varietal":[2616],"wine_regions":[2418],"class_list":{"0":"post-1303","1":"product","2":"type-product","3":"status-publish","4":"has-post-thumbnail","6":"product_cat-catalogue","7":"product_cat-rose","8":"pa_brand-kilikanoon","9":"grape_varietal-grenache-rose","10":"wine_regions-clare-valley","12":"first","13":"instock","14":"shipping-taxable","15":"product-type-simple"},"acf":[],"yoast_head":"<!-- This site is optimized with the Yoast SEO plugin v27.4 - https:\/\/yoast.com\/product\/yoast-seo-wordpress\/ -->\n<title>Kilikanoon Second Fiddle Grenache Ros\u00e9 - Rada Wines<\/title>\n<meta name=\"robots\" content=\"index, follow, max-snippet:-1, max-image-preview:large, max-video-preview:-1\" \/>\n<link rel=\"canonical\" href=\"https:\/\/www.ilovewines.vn\/vi\/san-pham\/kilikanoon-second-fiddle-grenache-rose-2021\/\" \/>\n<meta property=\"og:locale\" content=\"vi_VN\" \/>\n<meta property=\"og:type\" content=\"article\" \/>\n<meta property=\"og:title\" content=\"Kilikanoon Second Fiddle Grenache Ros\u00e9 - Rada Wines\" \/>\n<meta property=\"og:description\" content=\"Elegant and unique Malbec Rose with hints of strawberry. The perfect seasonable Rose for that Sunday afternoon.\" \/>\n<meta property=\"og:url\" content=\"https:\/\/www.ilovewines.vn\/vi\/san-pham\/kilikanoon-second-fiddle-grenache-rose-2021\/\" \/>\n<meta property=\"og:site_name\" content=\"Rada Wines\" \/>\n<meta property=\"article:modified_time\" content=\"2023-11-29T13:40:26+00:00\" \/>\n<meta property=\"og:image\" content=\"https:\/\/www.ilovewines.vn\/wp-content\/uploads\/2022\/06\/2020-second-fiddle-rose_600x800_5513813af32a4818a0cd88de1b1d03ae.png\" \/>\n\t<meta property=\"og:image:width\" content=\"600\" \/>\n\t<meta property=\"og:image:height\" content=\"800\" \/>\n\t<meta property=\"og:image:type\" content=\"image\/png\" \/>\n<meta name=\"twitter:card\" content=\"summary_large_image\" \/>\n<meta name=\"twitter:label1\" content=\"\u01af\u1edbc t\u00ednh th\u1eddi gian \u0111\u1ecdc\" \/>\n\t<meta name=\"twitter:data1\" content=\"1 ph\u00fat\" \/>\n<script type=\"application\/ld+json\" class=\"yoast-schema-graph\">{\"@context\":\"https:\\\/\\\/schema.org\",\"@graph\":[{\"@type\":\"WebPage\",\"@id\":\"https:\\\/\\\/www.ilovewines.vn\\\/product\\\/kilikanoon-second-fiddle-grenache-rose-2021\\\/\",\"url\":\"https:\\\/\\\/www.ilovewines.vn\\\/product\\\/kilikanoon-second-fiddle-grenache-rose-2021\\\/\",\"name\":\"Kilikanoon Second Fiddle Grenache Ros\u00e9 - Rada Wines\",\"isPartOf\":{\"@id\":\"https:\\\/\\\/www.ilovewines.vn\\\/#website\"},\"primaryImageOfPage\":{\"@id\":\"https:\\\/\\\/www.ilovewines.vn\\\/product\\\/kilikanoon-second-fiddle-grenache-rose-2021\\\/#primaryimage\"},\"image\":{\"@id\":\"https:\\\/\\\/www.ilovewines.vn\\\/product\\\/kilikanoon-second-fiddle-grenache-rose-2021\\\/#primaryimage\"},\"thumbnailUrl\":\"https:\\\/\\\/www.ilovewines.vn\\\/wp-content\\\/uploads\\\/2022\\\/06\\\/2020-second-fiddle-rose_600x800_5513813af32a4818a0cd88de1b1d03ae.png\",\"datePublished\":\"2022-06-30T13:01:04+00:00\",\"dateModified\":\"2023-11-29T13:40:26+00:00\",\"breadcrumb\":{\"@id\":\"https:\\\/\\\/www.ilovewines.vn\\\/product\\\/kilikanoon-second-fiddle-grenache-rose-2021\\\/#breadcrumb\"},\"inLanguage\":\"vi\",\"potentialAction\":[{\"@type\":\"ReadAction\",\"target\":[\"https:\\\/\\\/www.ilovewines.vn\\\/product\\\/kilikanoon-second-fiddle-grenache-rose-2021\\\/\"]}]},{\"@type\":\"ImageObject\",\"inLanguage\":\"vi\",\"@id\":\"https:\\\/\\\/www.ilovewines.vn\\\/product\\\/kilikanoon-second-fiddle-grenache-rose-2021\\\/#primaryimage\",\"url\":\"https:\\\/\\\/www.ilovewines.vn\\\/wp-content\\\/uploads\\\/2022\\\/06\\\/2020-second-fiddle-rose_600x800_5513813af32a4818a0cd88de1b1d03ae.png\",\"contentUrl\":\"https:\\\/\\\/www.ilovewines.vn\\\/wp-content\\\/uploads\\\/2022\\\/06\\\/2020-second-fiddle-rose_600x800_5513813af32a4818a0cd88de1b1d03ae.png\",\"width\":600,\"height\":800},{\"@type\":\"BreadcrumbList\",\"@id\":\"https:\\\/\\\/www.ilovewines.vn\\\/product\\\/kilikanoon-second-fiddle-grenache-rose-2021\\\/#breadcrumb\",\"itemListElement\":[{\"@type\":\"ListItem\",\"position\":1,\"name\":\"Home\",\"item\":\"https:\\\/\\\/www.ilovewines.vn\\\/\"},{\"@type\":\"ListItem\",\"position\":2,\"name\":\"Catalogue\",\"item\":\"https:\\\/\\\/www.ilovewines.vn\\\/catalogue\\\/\"},{\"@type\":\"ListItem\",\"position\":3,\"name\":\"Kilikanoon Second Fiddle Grenache Ros\u00e9\"}]},{\"@type\":\"WebSite\",\"@id\":\"https:\\\/\\\/www.ilovewines.vn\\\/#website\",\"url\":\"https:\\\/\\\/www.ilovewines.vn\\\/\",\"name\":\"Rada Wines\",\"description\":\"Just another WordPress site\",\"publisher\":{\"@id\":\"https:\\\/\\\/www.ilovewines.vn\\\/#organization\"},\"potentialAction\":[{\"@type\":\"SearchAction\",\"target\":{\"@type\":\"EntryPoint\",\"urlTemplate\":\"https:\\\/\\\/www.ilovewines.vn\\\/?s={search_term_string}\"},\"query-input\":{\"@type\":\"PropertyValueSpecification\",\"valueRequired\":true,\"valueName\":\"search_term_string\"}}],\"inLanguage\":\"vi\"},{\"@type\":\"Organization\",\"@id\":\"https:\\\/\\\/www.ilovewines.vn\\\/#organization\",\"name\":\"Rada Wines\",\"url\":\"https:\\\/\\\/www.ilovewines.vn\\\/\",\"logo\":{\"@type\":\"ImageObject\",\"inLanguage\":\"vi\",\"@id\":\"https:\\\/\\\/www.ilovewines.vn\\\/#\\\/schema\\\/logo\\\/image\\\/\",\"url\":\"https:\\\/\\\/www.ilovewines.vn\\\/wp-content\\\/uploads\\\/2022\\\/06\\\/cropped-162574230_380766779846763_4426584222903300096_n.jpg\",\"contentUrl\":\"https:\\\/\\\/www.ilovewines.vn\\\/wp-content\\\/uploads\\\/2022\\\/06\\\/cropped-162574230_380766779846763_4426584222903300096_n.jpg\",\"width\":320,\"height\":206,\"caption\":\"Rada Wines\"},\"image\":{\"@id\":\"https:\\\/\\\/www.ilovewines.vn\\\/#\\\/schema\\\/logo\\\/image\\\/\"}}]}<\/script>\n<!-- \/ Yoast SEO plugin. -->","yoast_head_json":{"title":"Kilikanoon Second Fiddle Grenache Ros\u00e9 - Rada Wines","robots":{"index":"index","follow":"follow","max-snippet":"max-snippet:-1","max-image-preview":"max-image-preview:large","max-video-preview":"max-video-preview:-1"},"canonical":"https:\/\/www.ilovewines.vn\/vi\/san-pham\/kilikanoon-second-fiddle-grenache-rose-2021\/","og_locale":"vi_VN","og_type":"article","og_title":"Kilikanoon Second Fiddle Grenache Ros\u00e9 - Rada Wines","og_description":"Elegant and unique Malbec Rose with hints of strawberry. The perfect seasonable Rose for that Sunday afternoon.","og_url":"https:\/\/www.ilovewines.vn\/vi\/san-pham\/kilikanoon-second-fiddle-grenache-rose-2021\/","og_site_name":"Rada Wines","article_modified_time":"2023-11-29T13:40:26+00:00","og_image":[{"width":600,"height":800,"url":"https:\/\/www.ilovewines.vn\/wp-content\/uploads\/2022\/06\/2020-second-fiddle-rose_600x800_5513813af32a4818a0cd88de1b1d03ae.png","type":"image\/png"}],"twitter_card":"summary_large_image","twitter_misc":{"\u01af\u1edbc t\u00ednh th\u1eddi gian \u0111\u1ecdc":"1 ph\u00fat"},"schema":{"@context":"https:\/\/schema.org","@graph":[{"@type":"WebPage","@id":"https:\/\/www.ilovewines.vn\/product\/kilikanoon-second-fiddle-grenache-rose-2021\/","url":"https:\/\/www.ilovewines.vn\/product\/kilikanoon-second-fiddle-grenache-rose-2021\/","name":"Kilikanoon Second Fiddle Grenache Ros\u00e9 - Rada Wines","isPartOf":{"@id":"https:\/\/www.ilovewines.vn\/#website"},"primaryImageOfPage":{"@id":"https:\/\/www.ilovewines.vn\/product\/kilikanoon-second-fiddle-grenache-rose-2021\/#primaryimage"},"image":{"@id":"https:\/\/www.ilovewines.vn\/product\/kilikanoon-second-fiddle-grenache-rose-2021\/#primaryimage"},"thumbnailUrl":"https:\/\/www.ilovewines.vn\/wp-content\/uploads\/2022\/06\/2020-second-fiddle-rose_600x800_5513813af32a4818a0cd88de1b1d03ae.png","datePublished":"2022-06-30T13:01:04+00:00","dateModified":"2023-11-29T13:40:26+00:00","breadcrumb":{"@id":"https:\/\/www.ilovewines.vn\/product\/kilikanoon-second-fiddle-grenache-rose-2021\/#breadcrumb"},"inLanguage":"vi","potentialAction":[{"@type":"ReadAction","target":["https:\/\/www.ilovewines.vn\/product\/kilikanoon-second-fiddle-grenache-rose-2021\/"]}]},{"@type":"ImageObject","inLanguage":"vi","@id":"https:\/\/www.ilovewines.vn\/product\/kilikanoon-second-fiddle-grenache-rose-2021\/#primaryimage","url":"https:\/\/www.ilovewines.vn\/wp-content\/uploads\/2022\/06\/2020-second-fiddle-rose_600x800_5513813af32a4818a0cd88de1b1d03ae.png","contentUrl":"https:\/\/www.ilovewines.vn\/wp-content\/uploads\/2022\/06\/2020-second-fiddle-rose_600x800_5513813af32a4818a0cd88de1b1d03ae.png","width":600,"height":800},{"@type":"BreadcrumbList","@id":"https:\/\/www.ilovewines.vn\/product\/kilikanoon-second-fiddle-grenache-rose-2021\/#breadcrumb","itemListElement":[{"@type":"ListItem","position":1,"name":"Home","item":"https:\/\/www.ilovewines.vn\/"},{"@type":"ListItem","position":2,"name":"Catalogue","item":"https:\/\/www.ilovewines.vn\/catalogue\/"},{"@type":"ListItem","position":3,"name":"Kilikanoon Second Fiddle Grenache Ros\u00e9"}]},{"@type":"WebSite","@id":"https:\/\/www.ilovewines.vn\/#website","url":"https:\/\/www.ilovewines.vn\/","name":"Rada Wines","description":"Just another WordPress site","publisher":{"@id":"https:\/\/www.ilovewines.vn\/#organization"},"potentialAction":[{"@type":"SearchAction","target":{"@type":"EntryPoint","urlTemplate":"https:\/\/www.ilovewines.vn\/?s={search_term_string}"},"query-input":{"@type":"PropertyValueSpecification","valueRequired":true,"valueName":"search_term_string"}}],"inLanguage":"vi"},{"@type":"Organization","@id":"https:\/\/www.ilovewines.vn\/#organization","name":"Rada Wines","url":"https:\/\/www.ilovewines.vn\/","logo":{"@type":"ImageObject","inLanguage":"vi","@id":"https:\/\/www.ilovewines.vn\/#\/schema\/logo\/image\/","url":"https:\/\/www.ilovewines.vn\/wp-content\/uploads\/2022\/06\/cropped-162574230_380766779846763_4426584222903300096_n.jpg","contentUrl":"https:\/\/www.ilovewines.vn\/wp-content\/uploads\/2022\/06\/cropped-162574230_380766779846763_4426584222903300096_n.jpg","width":320,"height":206,"caption":"Rada Wines"},"image":{"@id":"https:\/\/www.ilovewines.vn\/#\/schema\/logo\/image\/"}}]}},"_links":{"self":[{"href":"https:\/\/www.ilovewines.vn\/vi\/wp-json\/wp\/v2\/product\/1303","targetHints":{"allow":["GET"]}}],"collection":[{"href":"https:\/\/www.ilovewines.vn\/vi\/wp-json\/wp\/v2\/product"}],"about":[{"href":"https:\/\/www.ilovewines.vn\/vi\/wp-json\/wp\/v2\/types\/product"}],"version-history":[{"count":1,"href":"https:\/\/www.ilovewines.vn\/vi\/wp-json\/wp\/v2\/product\/1303\/revisions"}],"predecessor-version":[{"id":4170,"href":"https:\/\/www.ilovewines.vn\/vi\/wp-json\/wp\/v2\/product\/1303\/revisions\/4170"}],"wp:featuredmedia":[{"embeddable":true,"href":"https:\/\/www.ilovewines.vn\/vi\/wp-json\/wp\/v2\/media\/1302"}],"wp:attachment":[{"href":"https:\/\/www.ilovewines.vn\/vi\/wp-json\/wp\/v2\/media?parent=1303"}],"wp:term":[{"taxonomy":"product_brand","embeddable":true,"href":"https:\/\/www.ilovewines.vn\/vi\/wp-json\/wp\/v2\/product_brand?post=1303"},{"taxonomy":"product_cat","embeddable":true,"href":"https:\/\/www.ilovewines.vn\/vi\/wp-json\/wp\/v2\/product_cat?post=1303"},{"taxonomy":"product_tag","embeddable":true,"href":"https:\/\/www.ilovewines.vn\/vi\/wp-json\/wp\/v2\/product_tag?post=1303"},{"taxonomy":"grape_varietal","embeddable":true,"href":"https:\/\/www.ilovewines.vn\/vi\/wp-json\/wp\/v2\/grape_varietal?post=1303"},{"taxonomy":"wine_regions","embeddable":true,"href":"https:\/\/www.ilovewines.vn\/vi\/wp-json\/wp\/v2\/wine_regions?post=1303"}],"curies":[{"name":"wp","href":"https:\/\/api.w.org\/{rel}","templated":true}]}}