{"id":1312,"date":"2022-06-30T07:01:07","date_gmt":"2022-06-30T13:01:07","guid":{"rendered":"https:\/\/www.ilovewines.vn\/product\/paxton-organic-mv-shiraz-2020\/"},"modified":"2025-05-29T04:06:17","modified_gmt":"2025-05-29T10:06:17","slug":"paxton-organic-mv-shiraz-2020","status":"publish","type":"product","link":"https:\/\/www.ilovewines.vn\/vi\/product\/paxton-organic-mv-shiraz-2020\/","title":{"rendered":"Paxton Organic MV Shiraz"},"content":{"rendered":"<div>\n<p>H\u1ec7 th\u1ed1ng v\u01b0\u1eddn nho c\u1ee7a th\u01b0\u01a1ng hi\u1ec7u r\u01b0\u1ee3u vang Paxton bao g\u1ed3m 6 khu v\u1ef1c s\u1eed d\u1ee5ng n\u0103ng l\u01b0\u1ee3ng sinh h\u1ecdc (Biodynamic), trong s\u1ed1 \u0111\u00f3 c\u00f3 v\u01b0\u1eddn McLaren Vale ho\u1eb7c Multiple Vineyard (vi\u1ebft t\u1eaft l\u00e0 M.V). M\u1ed9t kho\u1ea3ng \u0111\u1ea5t trong v\u01b0\u1eddn MV \u0111\u01b0\u1ee3c tr\u1ed3ng 100% nho gi\u1ed1ng Shiraz, nh\u1eb1m ph\u00e1t tri\u1ec3n v\u00e0 t\u1ed1i \u01b0u h\u00f3a h\u01b0\u01a1ng v\u1ecb c\u1ee7a gi\u1ed1ng nho n\u00e0y.<\/p>\n<p>Vang MV Shiraz mang l\u1ea1i h\u01b0\u01a1ng v\u1ecb nho Shiraz truy\u1ec1n th\u1ed1ng c\u1ee7a v\u00f9ng McLaren Vale - thanh tao, c\u00e2n b\u1eb1ng v\u00e0 d\u1ecbu ng\u1ecdt. \u0110\u00e2y l\u00e0 chai r\u01b0\u1ee3u vang \u00fac u\u1ed1ng r\u1ea5t ngon khi c\u00f2n tr\u1ebb, nh\u01b0ng c\u0169ng \u0111em l\u1ea1i v\u1ecb ngon s\u1eafc s\u1ea3o n\u1ebfu \u0111\u01b0\u1ee3c gi\u1eef trong h\u1ea7m r\u01b0\u1ee3u 5-10 n\u0103m ti\u1ebfp theo.<\/p>\n<table class=\"custom-fields\">\n<tbody>\n<tr class=\"variety\">\n<th class=\"label\" style=\"text-align: left;\">Gi\u1ed1ng nho:<\/th>\n<td>100% Shiraz<\/td>\n<\/tr>\n<tr class=\"100%\">\n<th class=\"label\" style=\"text-align: left;\">100%:<\/th>\n<td>H\u1eefu c\u01a1 (Organic) | S\u1eed d\u1ee5ng n\u0103ng l\u01b0\u1ee3ng sinh h\u1ecdc (Biodynamic) | D\u00e0nh cho ng\u01b0\u1eddi \u0103n chay (Vegan)<\/td>\n<\/tr>\n<tr class=\"region\">\n<th class=\"label\" style=\"text-align: left;\">V\u00f9ng tr\u1ed3ng:<\/th>\n<td>McLaren Vale<\/td>\n<\/tr>\n<tr class=\"colour\">\n<th class=\"label\" style=\"text-align: left;\">M\u00e0u s\u1eafc:\u00a0\u00a0<\/th>\n<td>\u0110\u1ecf \u0111\u1eadm \u00e1nh t\u00edm<\/td>\n<\/tr>\n<tr class=\"aroma\">\n<th class=\"label\" style=\"text-align: left;\">Kh\u1ee9u gi\u00e1c:<\/th>\n<td>H\u01b0\u01a1ng v\u1ecb d\u00e2u \u0111en (blackberry) v\u00e0 qu\u1ea3 m\u1eadn s\u1ed1ng \u0111\u1ed9ng, k\u00e8m theo m\u00f9i h\u01b0\u01a1ng socola, v\u00e0 h\u01b0\u01a1ng th\u01a1m g\u1ed7 s\u1ed3i Ph\u00e1p - M\u1ef9.<\/td>\n<\/tr>\n<tr class=\"palate\">\n<th class=\"label\" style=\"text-align: left;\">Kh\u1ea9u v\u1ecb:<\/th>\n<td>\u0110\u1eadm \u0111\u00e0 v\u00e0 m\u1ec1m m\u01b0\u1ee3t v\u1edbi v\u1ecb ngon hoa qu\u1ea3. Ngo\u00e0i ra c\u00f2n c\u00f3 v\u1ecb ngon c\u1ee7a g\u1ed7 s\u1ed3i Ph\u00e1p v\u00e0 M\u1ef9, h\u00f2a quy\u1ec7n c\u00f9ng tannin t\u1ef1 nhi\u00ean.<\/td>\n<\/tr>\n<tr class=\"drink_with\">\n<th class=\"label\" style=\"text-align: left;\">Th\u1ef1c ph\u1ea9m k\u1ebft h\u1ee3p:<\/th>\n<td>C\u00e1c m\u00f3n n\u01b0\u1edbng, quay.<\/td>\n<\/tr>\n<tr class=\"cellaring\">\n<th class=\"label\" style=\"text-align: left;\">B\u1ea3o qu\u1ea3n:<\/th>\n<td>\u0110em l\u1ea1i h\u01b0\u01a1ng v\u1ecb r\u1ea5t th\u00fa v\u1ecb khi \u0111\u01b0\u1ee3c u\u1ed1ng t\u1eeb khi c\u00f2n tr\u1ebb. C\u00f2n khi u\u1ed1ng sau khi vang \u0111\u00e3 \u0111\u01b0\u1ee3c b\u1ea3o qu\u1ea3n 5 - 10 n\u0103m trong h\u1ea7m, th\u00ec l\u1ea1i mang l\u1ea1i h\u01b0\u01a1ng v\u1ecb th\u01a1m ngon kh\u00e1c l\u1ea1.<\/td>\n<\/tr>\n<\/tbody>\n<\/table>\n<p><strong>QU\u00c1 TR\u00ccNH S\u1ea2N XU\u1ea4T &amp; NI\u00caN V\u1ee4 TR\u1ed2NG NHO<\/strong><\/p>\n<table class=\"custom-fields\">\n<tbody>\n<tr class=\"vintage\">\n<th class=\"label\" style=\"text-align: left;\">Ni\u00ean v\u1ee5:<\/th>\n<td>2016 l\u00e0 ni\u00ean v\u1ee5 n\u1ed5i tr\u1ed9i c\u1ee7a v\u00f9ng McLaren Vale. Sau 6 th\u00e1ng li\u00ean ti\u1ebfp h\u1ea1n h\u00e1n, cu\u1ed1i c\u00f9ng, \u0111\u1ed3ng nho \u0111\u00e3 c\u00f3 40mm n\u01b0\u1edbc m\u01b0a ngay trong tu\u1ea7n \u0111\u1ea7u ti\u00ean c\u1ee7a th\u00e1ng 2\/2016. \u0110i\u1ec1u n\u00e0y \u0111\u00e3 gi\u00fap cho l\u01b0\u1ee3ng axit trong nho \u0111\u1ea1t \u0111\u1ee7 ti\u00eau chu\u1ea9n, khi\u1ebfn tr\u00e1i nho \u0111\u1ea1t v\u1ecb ngon c\u00e2n b\u1eb1ng. N\u0103ng su\u1ea5t thu ho\u1ea1ch n\u0103m 2016 v\u01b0\u1ee3t ngo\u00e0i s\u1ee9c mong \u0111\u1ee3i v\u1edbi ch\u1ea5t l\u01b0\u1ee3ng tuy\u1ec7t h\u1ea3o.<\/td>\n<\/tr>\n<tr class=\"vinification\">\n<th class=\"label\" style=\"text-align: left;\">Qu\u00e1 tr\u00ecnh s\u1ea3n xu\u1ea5t:<\/th>\n<td>T\u1eebng bao nho c\u1ee7a t\u1eebng v\u01b0\u1eddn nho \u0111\u01b0\u1ee3c l\u1ef1a ch\u1ecdn khi ch\u00fang \u0111\u1ea1t t\u1edbi l\u01b0\u1ee3ng \u0111\u01b0\u1eddng t\u1ed1i \u01b0u v\u00e0 h\u01b0\u01a1ng v\u1ecb c\u00e2n b\u1eb1ng.<br \/>\nNho \u0111\u1ec3 l\u00e0m r\u01b0\u1ee3u \u0111\u01b0\u1ee3c thu ho\u1ea1ch ho\u00e0n to\u00e0n b\u1eb1ng tay, l\u1ef1a ch\u1ecdn \u0111\u00fang th\u1eddi \u0111i\u1ec3m nho ch\u00edn ngon ng\u1ecdt nh\u1ea5t. 40% s\u1ed1 nho thu ho\u1ea1ch \u0111\u01b0\u1ee3c gi\u1eef nguy\u00ean ch\u00f9m khi ch\u1ebf bi\u1ebfn, trong khi ph\u1ea7n c\u00f2n l\u1ea1i \u0111\u01b0\u1ee3c t\u00e1ch r\u1eddi, v\u00e0 \u0111\u01b0\u1ee3c s\u1eafp \u0111\u1eb7t l\u00ean ph\u00eda tr\u00ean l\u1edbp nho nguy\u00ean ch\u00f9m. Qu\u00e1 tr\u00ecnh l\u00ean men di\u1ec5n ra 100% t\u1ef1 nhi\u00ean. C\u00e1c th\u00f9ng nho l\u00ean men \u0111\u01b0\u1ee3c b\u01a1m \u0111\u1ec1u \u0111\u1eb7n trong 14 ng\u00e0y li\u00ean ti\u1ebfp, nh\u1eb1m chi\u1ebft xu\u1ea5t ra m\u00e0u s\u1eafc, h\u01b0\u01a1ng v\u1ecb v\u00e0 l\u01b0\u1ee3ng tannin ho\u00e0n h\u1ea3o nh\u1ea5t. Men r\u01b0\u1ee3u sau \u0111\u00f3 \u0111\u01b0\u1ee3c \u0111\u01b0a v\u00e0o c\u00e1c th\u00f9ng g\u1ed7 s\u1ed3i Ph\u00e1p (c\u1ea3 th\u00f9ng g\u1ed7 m\u1edbi l\u1eabn g\u1ed7 gi\u00e0), n\u01a1i men r\u01b0\u1ee3u s\u1ebd \u0111\u01b0\u1ee3c nu\u00f4i ti\u1ebfp trong 12 th\u00e1ng, tr\u01b0\u1edbc khi ng\u01b0\u1eddi ta \u0111em \u0111i pha tr\u1ed9n r\u1ed3i \u0111\u00f3ng chai.<\/td>\n<\/tr>\n<tr class=\"alcohol\">\n<th class=\"label\" style=\"text-align: left;\">N\u1ed3ng \u0111\u1ed9 c\u1ed3n:<\/th>\n<td>14.0%<\/td>\n<\/tr>\n<tr class=\"ph\">\n<th class=\"label\" style=\"text-align: left;\">\u0110\u1ed9 pH<\/th>\n<td>3.63<\/td>\n<\/tr>\n<tr class=\"ta\">\n<th class=\"label\" style=\"text-align: left;\">Axit:<\/th>\n<td>5.98g\/L<\/td>\n<\/tr>\n<tr class=\"total_so2\">\n<th class=\"label\" style=\"text-align: left;\">T\u1ed5ng SO2:<\/th>\n<td>70ppm<\/td>\n<\/tr>\n<tr class=\"winemaker\">\n<th class=\"label\" style=\"text-align: left;\">Nh\u00e0 s\u1ea3n xu\u1ea5t:<\/th>\n<td>Richard Freebairn<\/td>\n<\/tr>\n<\/tbody>\n<\/table>\n<p><strong>\u0110\u00c1NH GI\u00c1 T\u1eea C\u00c1C CHUY\u00caN GIA<\/strong><\/p>\n<p><strong>92\/100 \u0111i\u1ec3m t\u1ea1i cu\u1ed9c thi James Halliday Wine Companion 2015<\/strong><\/p>\n<p>C\u00e1c b\u01b0u ki\u1ec7n ri\u00eang bi\u1ec7t t\u1eeb m\u1ed7i v\u01b0\u1eddn nho Shiraz c\u1ee7a Paxton, \u0111\u01b0\u1ee3c \u1ee7 trong v\u00f2ng 12 th\u00e1ng trong c\u00e1c th\u00f9ng g\u1ed7 s\u1ed3i Ph\u00e1p v\u00e0 M\u1ef9 m\u1edbi v\u00e0 \u0111\u01b0\u1ee3c s\u1eed d\u1ee5ng. R\u01b0\u1ee3u n\u00e0y \u0111\u01b0a b\u1ea1n v\u00e0o m\u1ed9t chuy\u1ebfn phi\u00eau l\u01b0u tho\u1ea3i m\u00e1i. Mang l\u1ea1i h\u01b0\u01a1ng th\u01a1m tr\u00e1i c\u00e2y ng\u1ecdt ng\u00e0o v\u1edbi m\u1ed9t l\u01b0\u1ee3ng s\u00f4 c\u00f4 la nh\u1eb9 nh\u00e0ng. V\u00f2m mi\u1ec7ng m\u1ec1m m\u1ea1i nh\u01b0ng c\u00f3 c\u1ea5u tr\u00fac, h\u01b0\u01a1ng v\u1ecb \u0111a d\u1ea1ng v\u00e0 t\u1ea5t c\u1ea3 \u0111\u1ed3ng b\u1ed9.<\/p>\n<p><strong>91\/100 \u0111i\u1ec3m b\u1edfi Huon Hooke - T\u1ea1p ch\u00ed The Real Review n\u0103m 2019<\/strong><\/p>\n<p>M\u00e0u \u0111\u1ecf t\u00edm \u0111\u1eadm, phong ph\u00fa v\u1edbi m\u1ed9t m\u00f9i h\u01b0\u01a1ng phong ph\u00fa, v\u1ecb g\u1ed7 s\u1ed3i, v\u1ecb m\u1eb7n, phong c\u00e1ch truy\u1ec1n th\u1ed1ng - \u0111\u1ed9 ch\u00edn cao v\u00e0 \u0111\u1ed9 c\u1ed3n kh\u00e1 cao, c\u1ed9ng v\u1edbi nhi\u1ec1u g\u1ed7 s\u1ed3i. To\u00e0n th\u00e2n, t\u1eadp trung t\u1ed1t v\u00e0 bi\u00ean \u0111\u1ed9: m\u1ed9t phong c\u00e1ch shiraz h\u00e0o ph\u00f3ng.<\/p>\n<\/div>","protected":false},"excerpt":{"rendered":"<p>R\u01b0\u1ee3u vang Shiraz \u0111\u1eadm v\u1ecb v\u00e0 m\u1ea1nh, tr\u00e1i m\u00e2m x\u00f4i \u0111\u1ecf v\u00e0 vi\u1ec7t qu\u1ea5t n\u1ed3ng n\u00e0n c\u00f9ng v\u1edbi tannin m\u1ecbn.<\/p>","protected":false},"featured_media":6848,"template":"","meta":{"_acf_changed":false},"product_brand":[],"product_cat":[2640,87],"product_tag":[],"grape_varietal":[2466],"wine_regions":[2422],"class_list":{"0":"post-1312","1":"product","2":"type-product","3":"status-publish","4":"has-post-thumbnail","6":"product_cat-catalogue","7":"product_cat-red-wine","8":"pa_brand-paxton","9":"grape_varietal-shiraz","10":"wine_regions-mclaren-vale","12":"first","13":"instock","14":"shipping-taxable","15":"product-type-simple"},"acf":[],"yoast_head":"<!-- This site is optimized with the Yoast SEO plugin v27.4 - https:\/\/yoast.com\/product\/yoast-seo-wordpress\/ -->\n<title>Paxton Organic MV Shiraz - Rada Wines<\/title>\n<meta name=\"robots\" content=\"index, follow, max-snippet:-1, max-image-preview:large, max-video-preview:-1\" \/>\n<link rel=\"canonical\" href=\"https:\/\/www.ilovewines.vn\/vi\/san-pham\/paxton-organic-mv-shiraz-2020\/\" \/>\n<meta property=\"og:locale\" content=\"vi_VN\" \/>\n<meta property=\"og:type\" content=\"article\" \/>\n<meta property=\"og:title\" content=\"Paxton Organic MV Shiraz - Rada Wines\" \/>\n<meta property=\"og:description\" content=\"Big and Bold Shiraz showcasing strong Raspberry and Blueberry notes with fine tannins.\" \/>\n<meta property=\"og:url\" content=\"https:\/\/www.ilovewines.vn\/vi\/san-pham\/paxton-organic-mv-shiraz-2020\/\" \/>\n<meta property=\"og:site_name\" content=\"Rada Wines\" \/>\n<meta property=\"article:modified_time\" content=\"2025-05-29T10:06:17+00:00\" \/>\n<meta property=\"og:image\" content=\"https:\/\/www.ilovewines.vn\/wp-content\/uploads\/2022\/06\/Paxton-MV-Shiraz-new-scaled.png\" \/>\n\t<meta property=\"og:image:width\" content=\"896\" \/>\n\t<meta property=\"og:image:height\" content=\"2560\" \/>\n\t<meta property=\"og:image:type\" content=\"image\/png\" \/>\n<meta name=\"twitter:card\" content=\"summary_large_image\" \/>\n<meta name=\"twitter:label1\" content=\"\u01af\u1edbc t\u00ednh th\u1eddi gian \u0111\u1ecdc\" \/>\n\t<meta name=\"twitter:data1\" content=\"3 ph\u00fat\" \/>\n<script type=\"application\/ld+json\" class=\"yoast-schema-graph\">{\"@context\":\"https:\\\/\\\/schema.org\",\"@graph\":[{\"@type\":\"WebPage\",\"@id\":\"https:\\\/\\\/www.ilovewines.vn\\\/product\\\/paxton-organic-mv-shiraz-2020\\\/\",\"url\":\"https:\\\/\\\/www.ilovewines.vn\\\/product\\\/paxton-organic-mv-shiraz-2020\\\/\",\"name\":\"Paxton Organic MV Shiraz - Rada Wines\",\"isPartOf\":{\"@id\":\"https:\\\/\\\/www.ilovewines.vn\\\/#website\"},\"primaryImageOfPage\":{\"@id\":\"https:\\\/\\\/www.ilovewines.vn\\\/product\\\/paxton-organic-mv-shiraz-2020\\\/#primaryimage\"},\"image\":{\"@id\":\"https:\\\/\\\/www.ilovewines.vn\\\/product\\\/paxton-organic-mv-shiraz-2020\\\/#primaryimage\"},\"thumbnailUrl\":\"https:\\\/\\\/www.ilovewines.vn\\\/wp-content\\\/uploads\\\/2022\\\/06\\\/Paxton-MV-Shiraz-new-scaled.png\",\"datePublished\":\"2022-06-30T13:01:07+00:00\",\"dateModified\":\"2025-05-29T10:06:17+00:00\",\"breadcrumb\":{\"@id\":\"https:\\\/\\\/www.ilovewines.vn\\\/product\\\/paxton-organic-mv-shiraz-2020\\\/#breadcrumb\"},\"inLanguage\":\"vi\",\"potentialAction\":[{\"@type\":\"ReadAction\",\"target\":[\"https:\\\/\\\/www.ilovewines.vn\\\/product\\\/paxton-organic-mv-shiraz-2020\\\/\"]}]},{\"@type\":\"ImageObject\",\"inLanguage\":\"vi\",\"@id\":\"https:\\\/\\\/www.ilovewines.vn\\\/product\\\/paxton-organic-mv-shiraz-2020\\\/#primaryimage\",\"url\":\"https:\\\/\\\/www.ilovewines.vn\\\/wp-content\\\/uploads\\\/2022\\\/06\\\/Paxton-MV-Shiraz-new-scaled.png\",\"contentUrl\":\"https:\\\/\\\/www.ilovewines.vn\\\/wp-content\\\/uploads\\\/2022\\\/06\\\/Paxton-MV-Shiraz-new-scaled.png\",\"width\":896,\"height\":2560},{\"@type\":\"BreadcrumbList\",\"@id\":\"https:\\\/\\\/www.ilovewines.vn\\\/product\\\/paxton-organic-mv-shiraz-2020\\\/#breadcrumb\",\"itemListElement\":[{\"@type\":\"ListItem\",\"position\":1,\"name\":\"Home\",\"item\":\"https:\\\/\\\/www.ilovewines.vn\\\/\"},{\"@type\":\"ListItem\",\"position\":2,\"name\":\"Catalogue\",\"item\":\"https:\\\/\\\/www.ilovewines.vn\\\/catalogue\\\/\"},{\"@type\":\"ListItem\",\"position\":3,\"name\":\"Paxton Organic MV Shiraz\"}]},{\"@type\":\"WebSite\",\"@id\":\"https:\\\/\\\/www.ilovewines.vn\\\/#website\",\"url\":\"https:\\\/\\\/www.ilovewines.vn\\\/\",\"name\":\"Rada Wines\",\"description\":\"Just another WordPress site\",\"publisher\":{\"@id\":\"https:\\\/\\\/www.ilovewines.vn\\\/#organization\"},\"potentialAction\":[{\"@type\":\"SearchAction\",\"target\":{\"@type\":\"EntryPoint\",\"urlTemplate\":\"https:\\\/\\\/www.ilovewines.vn\\\/?s={search_term_string}\"},\"query-input\":{\"@type\":\"PropertyValueSpecification\",\"valueRequired\":true,\"valueName\":\"search_term_string\"}}],\"inLanguage\":\"vi\"},{\"@type\":\"Organization\",\"@id\":\"https:\\\/\\\/www.ilovewines.vn\\\/#organization\",\"name\":\"Rada Wines\",\"url\":\"https:\\\/\\\/www.ilovewines.vn\\\/\",\"logo\":{\"@type\":\"ImageObject\",\"inLanguage\":\"vi\",\"@id\":\"https:\\\/\\\/www.ilovewines.vn\\\/#\\\/schema\\\/logo\\\/image\\\/\",\"url\":\"https:\\\/\\\/www.ilovewines.vn\\\/wp-content\\\/uploads\\\/2022\\\/06\\\/cropped-162574230_380766779846763_4426584222903300096_n.jpg\",\"contentUrl\":\"https:\\\/\\\/www.ilovewines.vn\\\/wp-content\\\/uploads\\\/2022\\\/06\\\/cropped-162574230_380766779846763_4426584222903300096_n.jpg\",\"width\":320,\"height\":206,\"caption\":\"Rada Wines\"},\"image\":{\"@id\":\"https:\\\/\\\/www.ilovewines.vn\\\/#\\\/schema\\\/logo\\\/image\\\/\"}}]}<\/script>\n<!-- \/ Yoast SEO plugin. -->","yoast_head_json":{"title":"Paxton Organic MV Shiraz - Rada Wines","robots":{"index":"index","follow":"follow","max-snippet":"max-snippet:-1","max-image-preview":"max-image-preview:large","max-video-preview":"max-video-preview:-1"},"canonical":"https:\/\/www.ilovewines.vn\/vi\/san-pham\/paxton-organic-mv-shiraz-2020\/","og_locale":"vi_VN","og_type":"article","og_title":"Paxton Organic MV Shiraz - Rada Wines","og_description":"Big and Bold Shiraz showcasing strong Raspberry and Blueberry notes with fine tannins.","og_url":"https:\/\/www.ilovewines.vn\/vi\/san-pham\/paxton-organic-mv-shiraz-2020\/","og_site_name":"Rada Wines","article_modified_time":"2025-05-29T10:06:17+00:00","og_image":[{"width":896,"height":2560,"url":"https:\/\/www.ilovewines.vn\/wp-content\/uploads\/2022\/06\/Paxton-MV-Shiraz-new-scaled.png","type":"image\/png"}],"twitter_card":"summary_large_image","twitter_misc":{"\u01af\u1edbc t\u00ednh th\u1eddi gian \u0111\u1ecdc":"3 ph\u00fat"},"schema":{"@context":"https:\/\/schema.org","@graph":[{"@type":"WebPage","@id":"https:\/\/www.ilovewines.vn\/product\/paxton-organic-mv-shiraz-2020\/","url":"https:\/\/www.ilovewines.vn\/product\/paxton-organic-mv-shiraz-2020\/","name":"Paxton Organic MV Shiraz - Rada Wines","isPartOf":{"@id":"https:\/\/www.ilovewines.vn\/#website"},"primaryImageOfPage":{"@id":"https:\/\/www.ilovewines.vn\/product\/paxton-organic-mv-shiraz-2020\/#primaryimage"},"image":{"@id":"https:\/\/www.ilovewines.vn\/product\/paxton-organic-mv-shiraz-2020\/#primaryimage"},"thumbnailUrl":"https:\/\/www.ilovewines.vn\/wp-content\/uploads\/2022\/06\/Paxton-MV-Shiraz-new-scaled.png","datePublished":"2022-06-30T13:01:07+00:00","dateModified":"2025-05-29T10:06:17+00:00","breadcrumb":{"@id":"https:\/\/www.ilovewines.vn\/product\/paxton-organic-mv-shiraz-2020\/#breadcrumb"},"inLanguage":"vi","potentialAction":[{"@type":"ReadAction","target":["https:\/\/www.ilovewines.vn\/product\/paxton-organic-mv-shiraz-2020\/"]}]},{"@type":"ImageObject","inLanguage":"vi","@id":"https:\/\/www.ilovewines.vn\/product\/paxton-organic-mv-shiraz-2020\/#primaryimage","url":"https:\/\/www.ilovewines.vn\/wp-content\/uploads\/2022\/06\/Paxton-MV-Shiraz-new-scaled.png","contentUrl":"https:\/\/www.ilovewines.vn\/wp-content\/uploads\/2022\/06\/Paxton-MV-Shiraz-new-scaled.png","width":896,"height":2560},{"@type":"BreadcrumbList","@id":"https:\/\/www.ilovewines.vn\/product\/paxton-organic-mv-shiraz-2020\/#breadcrumb","itemListElement":[{"@type":"ListItem","position":1,"name":"Home","item":"https:\/\/www.ilovewines.vn\/"},{"@type":"ListItem","position":2,"name":"Catalogue","item":"https:\/\/www.ilovewines.vn\/catalogue\/"},{"@type":"ListItem","position":3,"name":"Paxton Organic MV Shiraz"}]},{"@type":"WebSite","@id":"https:\/\/www.ilovewines.vn\/#website","url":"https:\/\/www.ilovewines.vn\/","name":"Rada Wines","description":"Just another WordPress site","publisher":{"@id":"https:\/\/www.ilovewines.vn\/#organization"},"potentialAction":[{"@type":"SearchAction","target":{"@type":"EntryPoint","urlTemplate":"https:\/\/www.ilovewines.vn\/?s={search_term_string}"},"query-input":{"@type":"PropertyValueSpecification","valueRequired":true,"valueName":"search_term_string"}}],"inLanguage":"vi"},{"@type":"Organization","@id":"https:\/\/www.ilovewines.vn\/#organization","name":"Rada Wines","url":"https:\/\/www.ilovewines.vn\/","logo":{"@type":"ImageObject","inLanguage":"vi","@id":"https:\/\/www.ilovewines.vn\/#\/schema\/logo\/image\/","url":"https:\/\/www.ilovewines.vn\/wp-content\/uploads\/2022\/06\/cropped-162574230_380766779846763_4426584222903300096_n.jpg","contentUrl":"https:\/\/www.ilovewines.vn\/wp-content\/uploads\/2022\/06\/cropped-162574230_380766779846763_4426584222903300096_n.jpg","width":320,"height":206,"caption":"Rada Wines"},"image":{"@id":"https:\/\/www.ilovewines.vn\/#\/schema\/logo\/image\/"}}]}},"_links":{"self":[{"href":"https:\/\/www.ilovewines.vn\/vi\/wp-json\/wp\/v2\/product\/1312","targetHints":{"allow":["GET"]}}],"collection":[{"href":"https:\/\/www.ilovewines.vn\/vi\/wp-json\/wp\/v2\/product"}],"about":[{"href":"https:\/\/www.ilovewines.vn\/vi\/wp-json\/wp\/v2\/types\/product"}],"version-history":[{"count":2,"href":"https:\/\/www.ilovewines.vn\/vi\/wp-json\/wp\/v2\/product\/1312\/revisions"}],"predecessor-version":[{"id":6849,"href":"https:\/\/www.ilovewines.vn\/vi\/wp-json\/wp\/v2\/product\/1312\/revisions\/6849"}],"wp:featuredmedia":[{"embeddable":true,"href":"https:\/\/www.ilovewines.vn\/vi\/wp-json\/wp\/v2\/media\/6848"}],"wp:attachment":[{"href":"https:\/\/www.ilovewines.vn\/vi\/wp-json\/wp\/v2\/media?parent=1312"}],"wp:term":[{"taxonomy":"product_brand","embeddable":true,"href":"https:\/\/www.ilovewines.vn\/vi\/wp-json\/wp\/v2\/product_brand?post=1312"},{"taxonomy":"product_cat","embeddable":true,"href":"https:\/\/www.ilovewines.vn\/vi\/wp-json\/wp\/v2\/product_cat?post=1312"},{"taxonomy":"product_tag","embeddable":true,"href":"https:\/\/www.ilovewines.vn\/vi\/wp-json\/wp\/v2\/product_tag?post=1312"},{"taxonomy":"grape_varietal","embeddable":true,"href":"https:\/\/www.ilovewines.vn\/vi\/wp-json\/wp\/v2\/grape_varietal?post=1312"},{"taxonomy":"wine_regions","embeddable":true,"href":"https:\/\/www.ilovewines.vn\/vi\/wp-json\/wp\/v2\/wine_regions?post=1312"}],"curies":[{"name":"wp","href":"https:\/\/api.w.org\/{rel}","templated":true}]}}