{"id":1314,"date":"2022-06-30T07:01:08","date_gmt":"2022-06-30T13:01:08","guid":{"rendered":"https:\/\/www.ilovewines.vn\/product\/paxton-quandong-farm-2020\/"},"modified":"2023-07-12T21:25:49","modified_gmt":"2023-07-13T03:25:49","slug":"paxton-quandong-farm-2020","status":"publish","type":"product","link":"https:\/\/www.ilovewines.vn\/vi\/product\/paxton-quandong-farm-2020\/","title":{"rendered":"Paxton Quandong Farm"},"content":{"rendered":"<div>\n<p>T\u1ea1i Paxton Wines, ch\u00fang t\u00f4i \u0111\u00e3 nu\u00f4i d\u01b0\u1ee1ng v\u01b0\u1eddn nho \u1edf McLaren Vale, Nam \u00dac, t\u1eeb n\u0103m 1979. Ch\u00fang t\u00f4i\nd\u1eabn \u0111\u1ea7u trong s\u1ea3n xu\u1ea5t r\u01b0\u1ee3u h\u1eefu c\u01a1 v\u00e0 \u0111\u1ed9ng l\u1ef1c h\u1ecdc. David Paxton, c\u00f9ng v\u1edbi c\u00e1c nh\u00e0 s\u1ea3n xu\u1ea5t r\u01b0\u1ee3u Ashleigh\nSeymour v\u00e0 Kate Goodman \u0111\u00e3 k\u1ebft h\u1ee3p nh\u1eefng kinh nghi\u1ec7m c\u1ee7a h\u1ecd, v\u00e0 b\u1eb1ng c\u00e1ch \u00e1p d\u1ee5ng c\u00e1c th\u1ef1c h\u00e0nh h\u1eefu c\u01a1 v\u00e0 sinh h\u1ecdc (\u0111\u01b0\u1ee3c ch\u1ee9ng nh\u1eadn \u0111\u1ea7y \u0111\u1ee7 t\u1eeb n\u0103m 2011), \u0111ang t\u1ea1o ra nh\u1eefng c\u00e2y nho kh\u1ecfe m\u1ea1nh nh\u1ea5t. Th\u00f4ng qua vi\u1ec7c s\u1eed d\u1ee5ng c\u00e1c ch\u1ebf ph\u1ea9m t\u1ef1 nhi\u00ean v\u00e0 ph\u00e2n tr\u1ed9n, \u0111\u1ea5t v\u00e0 c\u00e2y nho c\u00f3 th\u1ec3 t\u00ecm th\u1ea5y s\u1ef1 c\u00e2n b\u1eb1ng ho\u00e0n h\u1ea3o. K\u1ebft qu\u1ea3 cu\u1ed1i c\u00f9ng l\u00e0 tr\u00e1i c\u00e2y \u0111\u1eb7c bi\u1ec7t tinh khi\u1ebft v\u00e0 \"R\u01b0\u1ee3u c\u00f3 t\u00e2m h\u1ed3n\".<\/p>\n<table class=\"custom-fields\">\n<tbody>\n<tr class=\"variety\">\n<th class=\"label\" style=\"text-align: left; width: 79px;\">Gi\u1ed1ng nho:<\/th>\n<td style=\"width: 599px;\">Shiraz<\/td>\n<\/tr>\n<tr class=\"100%\">\n<th class=\"label\" style=\"text-align: left; width: 79px;\">100%:<\/th>\n<td style=\"width: 599px;\">H\u1eefu c\u01a1 (Organic) | S\u1eed d\u1ee5ng n\u0103ng l\u01b0\u1ee3ng sinh h\u1ecdc (Biodynamic) | D\u00e0nh cho ng\u01b0\u1eddi \u0103n chay (Vegan)<\/td>\n<\/tr>\n<tr class=\"region\">\n<th class=\"label\" style=\"text-align: left; width: 79px;\">V\u00f9ng tr\u1ed3ng:<\/th>\n<td style=\"width: 599px;\">McLaren Vale<\/td>\n<\/tr>\n<tr class=\"colour\">\n<th class=\"label\" style=\"text-align: left; width: 79px;\">M\u00e0u s\u1eafc:\u00a0\u00a0<\/th>\n<td style=\"width: 599px;\">M\u00e0u \u0111\u1ecf th\u1eabm r\u00f5 n\u00e9t\u00a0<\/td>\n<\/tr>\n<tr class=\"aroma\">\n<th class=\"label\" style=\"text-align: left; width: 79px;\">Kh\u1ee9u gi\u00e1c:<\/th>\n<td style=\"width: 599px;\">Nh\u1eefng qu\u1ea3 lollies lu\u1ed9c t\u1ef1 l\u00e0m, nh\u1eefng chi\u1ebfc b\u00e1nh quy d\u00e2u t\u00e2y, v\u00e0 nh\u1eefng b\u00f4ng hoa hu\u1ec7 h\u00f2a quy\u1ec7n v\u1edbi h\u1ea1t s\u01b0\u01a1ng kh\u00f3i v\u00e0 x\u1ea1 h\u01b0\u01a1ng \u0111en nghi\u1ec1n ng\u1eabm trong h\u01b0\u01a1ng th\u01a1m vui nh\u1ed9n n\u00e0y. Nh\u1eefng n\u00e9t ch\u1ea5m ph\u00e1 c\u1ee7a c\u00e1c lo\u1ea1i gia v\u1ecb Th\u1ed5 Nh\u0129 K\u1ef3 g\u1ee3i \u00fd \u0111\u1ebfn s\u1ef1 h\u00f2a nh\u1eadp tinh t\u1ebf c\u1ee7a g\u1ed7 s\u1ed3i Ph\u00e1p sau m\u1ed9t th\u1eddi gian kh\u00f4ng kh\u00ed.<\/td>\n<\/tr>\n<tr class=\"palate\">\n<th class=\"label\" style=\"text-align: left; width: 79px;\">Kh\u1ea9u v\u1ecb:<\/th>\n<td style=\"width: 599px;\">N\u0103ng l\u01b0\u1ee3ng tr\u00e0n \u0111\u1ea7y s\u1ee9c s\u1ed1ng khi r\u01b0\u1ee3u h\u00f2a quy\u1ec7n trong v\u00f2m mi\u1ec7ng, k\u00e9o d\u00e0i v\u00e0 t\u1ea1o \u1ea5n t\u01b0\u1ee3ng s\u1ebd \u0111\u1ea7y d\u1ea7n v\u1edbi m\u1ed9t ch\u00fat th\u1eddi gian trong ly. \u0110\u1ed9 \u0111\u1eadm \u0111\u00e0 trung b\u00ecnh. M\u1ed9t k\u1ebft th\u00fac tinh t\u1ebf nh\u01b0 c\u1ea3m gi\u00e1c \u0111\u01b0\u1ee3c v\u00f9i ch\u00e2n v\u00e0o b\u00e3i c\u00e1t m\u1ecbn c\u1ee7a Whitsundays.<\/td>\n<\/tr>\n<tr class=\"drink_with\">\n<th class=\"label\" style=\"text-align: left; width: 79px;\">Th\u1ef1c ph\u1ea9m k\u1ebft h\u1ee3p:<\/th>\n<td style=\"width: 599px;\">Ho\u00e0n h\u1ea3o cho c\u00e1c m\u00f3n \u0103n t\u1eeb v\u1ecbt<\/td>\n<\/tr>\n<tr class=\"cellaring\">\n<th class=\"label\" style=\"text-align: left; width: 79px;\">B\u1ea3o qu\u1ea3n:<\/th>\n<td style=\"width: 599px;\">\u0110em l\u1ea1i h\u01b0\u01a1ng v\u1ecb r\u1ea5t th\u00fa v\u1ecb khi \u0111\u01b0\u1ee3c u\u1ed1ng t\u1eeb khi c\u00f2n tr\u1ebb. C\u00f2n khi u\u1ed1ng sau khi vang \u0111\u00e3 \u0111\u01b0\u1ee3c b\u1ea3o qu\u1ea3n 5 - 10 n\u0103m trong h\u1ea7m, th\u00ec l\u1ea1i mang l\u1ea1i h\u01b0\u01a1ng v\u1ecb th\u01a1m ngon kh\u00e1c l\u1ea1.<\/td>\n<\/tr>\n<\/tbody>\n<\/table>\n<p><strong>QU\u00c1 TR\u00ccNH S\u1ea2N XU\u1ea4T &amp; NI\u00caN V\u1ee4 TR\u1ed2NG NHO<\/strong><\/p>\n<table class=\"custom-fields\">\n<tbody>\n<tr class=\"vintage\">\n<th class=\"label\" style=\"text-align: left; width: 82px;\">Ni\u00ean v\u1ee5:<\/th>\n<td style=\"width: 596px;\">N\u0103m 2020 \u0111\u1eb7t ra nhi\u1ec1u th\u00e1ch th\u1ee9c tr\u00ean kh\u1eafp n\u01b0\u1edbc \u00dac. M\u1ed9t n\u0103m h\u1ea1n h\u00e1n kh\u1ed1c li\u1ec7t kh\u00e1c trong su\u1ed1t m\u00f9a tr\u1ed3ng tr\u1ecdt ti\u1ebfp theo l\u00e0 m\u1ed9t trong nh\u1eefng m\u00f9a ch\u00e1y r\u1eebng t\u00e0n kh\u1ed1c nh\u1ea5t m\u00e0 \u0111\u1ea5t n\u01b0\u1edbc n\u00e0y t\u1eebng ch\u1ee9ng ki\u1ebfn. May m\u1eafn thay, McLaren Vale ph\u1ea7n l\u1edbn kh\u00f4ng b\u1ecb \u1ea3nh h\u01b0\u1edfng b\u1edfi s\u1ef1 t\u00e0n ph\u00e1 n\u00e0y v\u00e0 nh\u1eefng d\u1ea5u hi\u1ec7u ban \u0111\u1ea7u cho th\u1ea5y n\u0103m 2020 l\u00e0 m\u1ed9t phi\u00ean b\u1ea3n c\u1ed5 \u0111i\u1ec3n r\u1ea5t \u0111\u1eb7c bi\u1ec7t; m\u1ed9t \u0111\u1ec3 th\u01b0\u1edfng th\u1ee9c. Th\u1eddi ti\u1ebft \u00f4n h\u00f2a trong su\u1ed1t m\u00f9a h\u00e1i, k\u1ebft h\u1ee3p v\u1edbi n\u0103ng su\u1ea5t th\u1ea5p h\u01a1n cho ph\u00e9p c\u00e1c h\u01b0\u01a1ng v\u1ecb ph\u00e1t tri\u1ec3n h\u00e0i h\u00f2a v\u00e0 c\u00e2n \u0111\u1ed1i. S\u1ef1 bi\u1ec3u hi\u1ec7n \u0111a d\u1ea1ng r\u1ea5t xu\u1ea5t s\u1eafc v\u1edbi Shiraz v\u00e0 Grenache th\u1ec3 hi\u1ec7n h\u01b0\u01a1ng v\u1ecb m\u00e3nh li\u1ec7t \u0111\u00e1ng y\u00eau m\u00e0 kh\u00f4ng c\u00f3 qu\u00e1 nhi\u1ec1u tanin ho\u1eb7c c\u1ed3n. Tempranillo v\u00e0 Graciano \u0111ang th\u1ec3 hi\u1ec7n c\u00e1c nh\u00e2n v\u1eadt qu\u1ea3 m\u1eadn v\u00e0 h\u1ea1t ti\u00eau \u0111\u00e1ng y\u00eau v\u00e0 s\u1ebd r\u1ea5t h\u1ea5p d\u1eabn \u0111\u1ec3 xem ch\u00fang ph\u00e1t tri\u1ec3n nh\u01b0 th\u1ebf n\u00e0o sau th\u1eddi gian trong g\u1ed7 s\u1ed3i v\u00e0 chai.<\/td>\n<\/tr>\n<tr class=\"vinification\">\n<th class=\"label\" style=\"text-align: left; width: 82px;\">Qu\u00e1 tr\u00ecnh s\u1ea3n xu\u1ea5t:<\/th>\n<td style=\"width: 596px;\">Nho \u0111\u01b0\u1ee3c h\u00e1i b\u1eb1ng tay v\u00e0 thu ho\u1ea1ch b\u1eb1ng m\u00e1y ch\u1ecdn \u1edf m\u1ee9c c\u00e2n b\u1eb1ng l\u01b0\u1ee3ng \u0111\u01b0\u1eddng v\u00e0 h\u01b0\u01a1ng v\u1ecb t\u1ed1i \u01b0u. 40% s\u1ea3n l\u01b0\u1ee3ng thu ho\u1ea1ch \u0111\u01b0\u1ee3c s\u1eed d\u1ee5ng d\u01b0\u1edbi d\u1ea1ng nguy\u00ean ch\u00f9m trong khi ph\u1ea7n c\u00f2n l\u1ea1i \u0111\u01b0\u1ee3c kh\u1eed tr\u00f9ng v\u00e0 l\u00ean men tinh vi b\u1eb1ng c\u00e1ch s\u1eed d\u1ee5ng 100% men b\u1ea3n \u0111\u1ecba (hoang d\u00e3). C\u00e1c m\u1ebb men m\u1edf nh\u1ecf \u0111\u01b0\u1ee3c ng\u00e2m c\u1ea9n th\u1eadn v\u00e0 b\u01a1m trong 10-15 ng\u00e0y \u0111\u1ec3 chi\u1ebft xu\u1ea5t m\u00e0u s\u1eafc, h\u01b0\u01a1ng v\u1ecb v\u00e0 c\u1ea5u tr\u00fac tanin. C\u00e1c ch\u1ea5t l\u00ean men \u0111\u01b0\u1ee3c \u00e9p \u0111\u1ebfn nh\u1eefng qu\u1ea3 s\u1ed3i Ph\u00e1p m\u1edbi v\u00e0 tr\u01b0\u1edfng th\u00e0nh, n\u01a1i ch\u00fang \u0111\u01b0\u1ee3c nu\u00f4i d\u01b0\u1ee1ng trong 12 th\u00e1ng tr\u01b0\u1edbc khi pha tr\u1ed9n v\u00e0 \u0111\u00f3ng chai.<\/td>\n<\/tr>\n<tr class=\"alcohol\">\n<th class=\"label\" style=\"text-align: left; width: 82px;\">N\u1ed3ng \u0111\u1ed9 c\u1ed3n:<\/th>\n<td style=\"width: 596px;\">14.0%<\/td>\n<\/tr>\n<\/tbody>\n<\/table>\n<p>&nbsp;<\/p>\n<\/div>","protected":false},"excerpt":{"rendered":"<p>M\u1ed9t v\u01b0\u1eddn nho duy nh\u1ea5t, c\u1ea5u tr\u00fac trung b\u00ecnh, h\u01b0\u01a1ng v\u1ecb qu\u1ea3 vi\u1ec7t qu\u1ea5t, d\u00e2u t\u1eb1m v\u00e0 anh \u0111\u00e0o. 95 \u0111i\u1ec3m- Halliday<\/p>","protected":false},"featured_media":1313,"template":"","meta":{"_acf_changed":false},"product_brand":[],"product_cat":[2640,87],"product_tag":[],"grape_varietal":[2466],"wine_regions":[2422],"class_list":{"0":"post-1314","1":"product","2":"type-product","3":"status-publish","4":"has-post-thumbnail","6":"product_cat-catalogue","7":"product_cat-red-wine","8":"pa_brand-paxton","9":"grape_varietal-shiraz","10":"wine_regions-mclaren-vale","12":"first","13":"instock","14":"shipping-taxable","15":"product-type-simple"},"acf":[],"yoast_head":"<!-- This site is optimized with the Yoast SEO plugin v27.4 - https:\/\/yoast.com\/product\/yoast-seo-wordpress\/ -->\n<title>Paxton Quandong Farm - Rada Wines<\/title>\n<meta name=\"robots\" content=\"index, follow, max-snippet:-1, max-image-preview:large, max-video-preview:-1\" \/>\n<link rel=\"canonical\" href=\"https:\/\/www.ilovewines.vn\/vi\/san-pham\/paxton-quandong-farm-2020\/\" \/>\n<meta property=\"og:locale\" content=\"vi_VN\" \/>\n<meta property=\"og:type\" content=\"article\" \/>\n<meta property=\"og:title\" content=\"Paxton Quandong Farm - Rada Wines\" \/>\n<meta property=\"og:description\" content=\"Single vineyard, medium bodied, with blueberries, mulberries and cherries. 95 from Halliday\" \/>\n<meta property=\"og:url\" content=\"https:\/\/www.ilovewines.vn\/vi\/san-pham\/paxton-quandong-farm-2020\/\" \/>\n<meta property=\"og:site_name\" content=\"Rada Wines\" \/>\n<meta property=\"article:modified_time\" content=\"2023-07-13T03:25:49+00:00\" \/>\n<meta property=\"og:image\" content=\"https:\/\/www.ilovewines.vn\/wp-content\/uploads\/2022\/06\/quandong_600x800_e552d89c0f924417969a3b004db287ee.png\" \/>\n\t<meta property=\"og:image:width\" content=\"600\" \/>\n\t<meta property=\"og:image:height\" content=\"800\" \/>\n\t<meta property=\"og:image:type\" content=\"image\/png\" \/>\n<meta name=\"twitter:card\" content=\"summary_large_image\" \/>\n<meta name=\"twitter:label1\" content=\"\u01af\u1edbc t\u00ednh th\u1eddi gian \u0111\u1ecdc\" \/>\n\t<meta name=\"twitter:data1\" content=\"2 ph\u00fat\" \/>\n<script type=\"application\/ld+json\" class=\"yoast-schema-graph\">{\"@context\":\"https:\\\/\\\/schema.org\",\"@graph\":[{\"@type\":\"WebPage\",\"@id\":\"https:\\\/\\\/www.ilovewines.vn\\\/product\\\/paxton-quandong-farm-2020\\\/\",\"url\":\"https:\\\/\\\/www.ilovewines.vn\\\/product\\\/paxton-quandong-farm-2020\\\/\",\"name\":\"Paxton Quandong Farm - Rada Wines\",\"isPartOf\":{\"@id\":\"https:\\\/\\\/www.ilovewines.vn\\\/#website\"},\"primaryImageOfPage\":{\"@id\":\"https:\\\/\\\/www.ilovewines.vn\\\/product\\\/paxton-quandong-farm-2020\\\/#primaryimage\"},\"image\":{\"@id\":\"https:\\\/\\\/www.ilovewines.vn\\\/product\\\/paxton-quandong-farm-2020\\\/#primaryimage\"},\"thumbnailUrl\":\"https:\\\/\\\/www.ilovewines.vn\\\/wp-content\\\/uploads\\\/2022\\\/06\\\/quandong_600x800_e552d89c0f924417969a3b004db287ee.png\",\"datePublished\":\"2022-06-30T13:01:08+00:00\",\"dateModified\":\"2023-07-13T03:25:49+00:00\",\"breadcrumb\":{\"@id\":\"https:\\\/\\\/www.ilovewines.vn\\\/product\\\/paxton-quandong-farm-2020\\\/#breadcrumb\"},\"inLanguage\":\"vi\",\"potentialAction\":[{\"@type\":\"ReadAction\",\"target\":[\"https:\\\/\\\/www.ilovewines.vn\\\/product\\\/paxton-quandong-farm-2020\\\/\"]}]},{\"@type\":\"ImageObject\",\"inLanguage\":\"vi\",\"@id\":\"https:\\\/\\\/www.ilovewines.vn\\\/product\\\/paxton-quandong-farm-2020\\\/#primaryimage\",\"url\":\"https:\\\/\\\/www.ilovewines.vn\\\/wp-content\\\/uploads\\\/2022\\\/06\\\/quandong_600x800_e552d89c0f924417969a3b004db287ee.png\",\"contentUrl\":\"https:\\\/\\\/www.ilovewines.vn\\\/wp-content\\\/uploads\\\/2022\\\/06\\\/quandong_600x800_e552d89c0f924417969a3b004db287ee.png\",\"width\":600,\"height\":800},{\"@type\":\"BreadcrumbList\",\"@id\":\"https:\\\/\\\/www.ilovewines.vn\\\/product\\\/paxton-quandong-farm-2020\\\/#breadcrumb\",\"itemListElement\":[{\"@type\":\"ListItem\",\"position\":1,\"name\":\"Home\",\"item\":\"https:\\\/\\\/www.ilovewines.vn\\\/\"},{\"@type\":\"ListItem\",\"position\":2,\"name\":\"Catalogue\",\"item\":\"https:\\\/\\\/www.ilovewines.vn\\\/catalogue\\\/\"},{\"@type\":\"ListItem\",\"position\":3,\"name\":\"Paxton Quandong Farm\"}]},{\"@type\":\"WebSite\",\"@id\":\"https:\\\/\\\/www.ilovewines.vn\\\/#website\",\"url\":\"https:\\\/\\\/www.ilovewines.vn\\\/\",\"name\":\"Rada Wines\",\"description\":\"Just another WordPress site\",\"publisher\":{\"@id\":\"https:\\\/\\\/www.ilovewines.vn\\\/#organization\"},\"potentialAction\":[{\"@type\":\"SearchAction\",\"target\":{\"@type\":\"EntryPoint\",\"urlTemplate\":\"https:\\\/\\\/www.ilovewines.vn\\\/?s={search_term_string}\"},\"query-input\":{\"@type\":\"PropertyValueSpecification\",\"valueRequired\":true,\"valueName\":\"search_term_string\"}}],\"inLanguage\":\"vi\"},{\"@type\":\"Organization\",\"@id\":\"https:\\\/\\\/www.ilovewines.vn\\\/#organization\",\"name\":\"Rada Wines\",\"url\":\"https:\\\/\\\/www.ilovewines.vn\\\/\",\"logo\":{\"@type\":\"ImageObject\",\"inLanguage\":\"vi\",\"@id\":\"https:\\\/\\\/www.ilovewines.vn\\\/#\\\/schema\\\/logo\\\/image\\\/\",\"url\":\"https:\\\/\\\/www.ilovewines.vn\\\/wp-content\\\/uploads\\\/2022\\\/06\\\/cropped-162574230_380766779846763_4426584222903300096_n.jpg\",\"contentUrl\":\"https:\\\/\\\/www.ilovewines.vn\\\/wp-content\\\/uploads\\\/2022\\\/06\\\/cropped-162574230_380766779846763_4426584222903300096_n.jpg\",\"width\":320,\"height\":206,\"caption\":\"Rada Wines\"},\"image\":{\"@id\":\"https:\\\/\\\/www.ilovewines.vn\\\/#\\\/schema\\\/logo\\\/image\\\/\"}}]}<\/script>\n<!-- \/ Yoast SEO plugin. -->","yoast_head_json":{"title":"Paxton Quandong Farm - Rada Wines","robots":{"index":"index","follow":"follow","max-snippet":"max-snippet:-1","max-image-preview":"max-image-preview:large","max-video-preview":"max-video-preview:-1"},"canonical":"https:\/\/www.ilovewines.vn\/vi\/san-pham\/paxton-quandong-farm-2020\/","og_locale":"vi_VN","og_type":"article","og_title":"Paxton Quandong Farm - Rada Wines","og_description":"Single vineyard, medium bodied, with blueberries, mulberries and cherries. 95 from Halliday","og_url":"https:\/\/www.ilovewines.vn\/vi\/san-pham\/paxton-quandong-farm-2020\/","og_site_name":"Rada Wines","article_modified_time":"2023-07-13T03:25:49+00:00","og_image":[{"width":600,"height":800,"url":"https:\/\/www.ilovewines.vn\/wp-content\/uploads\/2022\/06\/quandong_600x800_e552d89c0f924417969a3b004db287ee.png","type":"image\/png"}],"twitter_card":"summary_large_image","twitter_misc":{"\u01af\u1edbc t\u00ednh th\u1eddi gian \u0111\u1ecdc":"2 ph\u00fat"},"schema":{"@context":"https:\/\/schema.org","@graph":[{"@type":"WebPage","@id":"https:\/\/www.ilovewines.vn\/product\/paxton-quandong-farm-2020\/","url":"https:\/\/www.ilovewines.vn\/product\/paxton-quandong-farm-2020\/","name":"Paxton Quandong Farm - Rada Wines","isPartOf":{"@id":"https:\/\/www.ilovewines.vn\/#website"},"primaryImageOfPage":{"@id":"https:\/\/www.ilovewines.vn\/product\/paxton-quandong-farm-2020\/#primaryimage"},"image":{"@id":"https:\/\/www.ilovewines.vn\/product\/paxton-quandong-farm-2020\/#primaryimage"},"thumbnailUrl":"https:\/\/www.ilovewines.vn\/wp-content\/uploads\/2022\/06\/quandong_600x800_e552d89c0f924417969a3b004db287ee.png","datePublished":"2022-06-30T13:01:08+00:00","dateModified":"2023-07-13T03:25:49+00:00","breadcrumb":{"@id":"https:\/\/www.ilovewines.vn\/product\/paxton-quandong-farm-2020\/#breadcrumb"},"inLanguage":"vi","potentialAction":[{"@type":"ReadAction","target":["https:\/\/www.ilovewines.vn\/product\/paxton-quandong-farm-2020\/"]}]},{"@type":"ImageObject","inLanguage":"vi","@id":"https:\/\/www.ilovewines.vn\/product\/paxton-quandong-farm-2020\/#primaryimage","url":"https:\/\/www.ilovewines.vn\/wp-content\/uploads\/2022\/06\/quandong_600x800_e552d89c0f924417969a3b004db287ee.png","contentUrl":"https:\/\/www.ilovewines.vn\/wp-content\/uploads\/2022\/06\/quandong_600x800_e552d89c0f924417969a3b004db287ee.png","width":600,"height":800},{"@type":"BreadcrumbList","@id":"https:\/\/www.ilovewines.vn\/product\/paxton-quandong-farm-2020\/#breadcrumb","itemListElement":[{"@type":"ListItem","position":1,"name":"Home","item":"https:\/\/www.ilovewines.vn\/"},{"@type":"ListItem","position":2,"name":"Catalogue","item":"https:\/\/www.ilovewines.vn\/catalogue\/"},{"@type":"ListItem","position":3,"name":"Paxton Quandong Farm"}]},{"@type":"WebSite","@id":"https:\/\/www.ilovewines.vn\/#website","url":"https:\/\/www.ilovewines.vn\/","name":"Rada Wines","description":"Just another WordPress site","publisher":{"@id":"https:\/\/www.ilovewines.vn\/#organization"},"potentialAction":[{"@type":"SearchAction","target":{"@type":"EntryPoint","urlTemplate":"https:\/\/www.ilovewines.vn\/?s={search_term_string}"},"query-input":{"@type":"PropertyValueSpecification","valueRequired":true,"valueName":"search_term_string"}}],"inLanguage":"vi"},{"@type":"Organization","@id":"https:\/\/www.ilovewines.vn\/#organization","name":"Rada Wines","url":"https:\/\/www.ilovewines.vn\/","logo":{"@type":"ImageObject","inLanguage":"vi","@id":"https:\/\/www.ilovewines.vn\/#\/schema\/logo\/image\/","url":"https:\/\/www.ilovewines.vn\/wp-content\/uploads\/2022\/06\/cropped-162574230_380766779846763_4426584222903300096_n.jpg","contentUrl":"https:\/\/www.ilovewines.vn\/wp-content\/uploads\/2022\/06\/cropped-162574230_380766779846763_4426584222903300096_n.jpg","width":320,"height":206,"caption":"Rada Wines"},"image":{"@id":"https:\/\/www.ilovewines.vn\/#\/schema\/logo\/image\/"}}]}},"_links":{"self":[{"href":"https:\/\/www.ilovewines.vn\/vi\/wp-json\/wp\/v2\/product\/1314","targetHints":{"allow":["GET"]}}],"collection":[{"href":"https:\/\/www.ilovewines.vn\/vi\/wp-json\/wp\/v2\/product"}],"about":[{"href":"https:\/\/www.ilovewines.vn\/vi\/wp-json\/wp\/v2\/types\/product"}],"version-history":[{"count":0,"href":"https:\/\/www.ilovewines.vn\/vi\/wp-json\/wp\/v2\/product\/1314\/revisions"}],"wp:featuredmedia":[{"embeddable":true,"href":"https:\/\/www.ilovewines.vn\/vi\/wp-json\/wp\/v2\/media\/1313"}],"wp:attachment":[{"href":"https:\/\/www.ilovewines.vn\/vi\/wp-json\/wp\/v2\/media?parent=1314"}],"wp:term":[{"taxonomy":"product_brand","embeddable":true,"href":"https:\/\/www.ilovewines.vn\/vi\/wp-json\/wp\/v2\/product_brand?post=1314"},{"taxonomy":"product_cat","embeddable":true,"href":"https:\/\/www.ilovewines.vn\/vi\/wp-json\/wp\/v2\/product_cat?post=1314"},{"taxonomy":"product_tag","embeddable":true,"href":"https:\/\/www.ilovewines.vn\/vi\/wp-json\/wp\/v2\/product_tag?post=1314"},{"taxonomy":"grape_varietal","embeddable":true,"href":"https:\/\/www.ilovewines.vn\/vi\/wp-json\/wp\/v2\/grape_varietal?post=1314"},{"taxonomy":"wine_regions","embeddable":true,"href":"https:\/\/www.ilovewines.vn\/vi\/wp-json\/wp\/v2\/wine_regions?post=1314"}],"curies":[{"name":"wp","href":"https:\/\/api.w.org\/{rel}","templated":true}]}}