{"id":1316,"date":"2022-06-30T07:01:09","date_gmt":"2022-06-30T13:01:09","guid":{"rendered":"https:\/\/www.ilovewines.vn\/product\/paxton-queen-of-the-hive-2019\/"},"modified":"2023-07-12T21:23:38","modified_gmt":"2023-07-13T03:23:38","slug":"paxton-queen-of-the-hive-2019","status":"publish","type":"product","link":"https:\/\/www.ilovewines.vn\/vi\/product\/paxton-queen-of-the-hive-2019\/","title":{"rendered":"Paxton Queen of the Hive"},"content":{"rendered":"<div>\n<p>T\u1ea1i Paxton Wines, ch\u00fang t\u00f4i \u0111\u00e3 nu\u00f4i d\u01b0\u1ee1ng v\u01b0\u1eddn nho \u1edf McLaren Vale, Nam \u00dac, t\u1eeb n\u0103m 1979. Ch\u00fang t\u00f4i\nd\u1eabn \u0111\u1ea7u trong s\u1ea3n xu\u1ea5t r\u01b0\u1ee3u h\u1eefu c\u01a1 v\u00e0 \u0111\u1ed9ng l\u1ef1c h\u1ecdc. David Paxton, c\u00f9ng v\u1edbi c\u00e1c nh\u00e0 s\u1ea3n xu\u1ea5t r\u01b0\u1ee3u Ashleigh\nSeymour v\u00e0 Kate Goodman \u0111\u00e3 k\u1ebft h\u1ee3p nh\u1eefng kinh nghi\u1ec7m c\u1ee7a h\u1ecd, v\u00e0 b\u1eb1ng c\u00e1ch \u00e1p d\u1ee5ng c\u00e1c th\u1ef1c h\u00e0nh h\u1eefu c\u01a1 v\u00e0 sinh h\u1ecdc (\u0111\u01b0\u1ee3c ch\u1ee9ng nh\u1eadn \u0111\u1ea7y \u0111\u1ee7 t\u1eeb n\u0103m 2011), \u0111ang t\u1ea1o ra nh\u1eefng c\u00e2y nho kh\u1ecfe m\u1ea1nh nh\u1ea5t. Th\u00f4ng qua vi\u1ec7c s\u1eed d\u1ee5ng c\u00e1c ch\u1ebf ph\u1ea9m t\u1ef1 nhi\u00ean v\u00e0 ph\u00e2n tr\u1ed9n, \u0111\u1ea5t v\u00e0 c\u00e2y nho c\u00f3 th\u1ec3 t\u00ecm th\u1ea5y s\u1ef1 c\u00e2n b\u1eb1ng ho\u00e0n h\u1ea3o. K\u1ebft qu\u1ea3 cu\u1ed1i c\u00f9ng l\u00e0 tr\u00e1i c\u00e2y \u0111\u1eb7c bi\u1ec7t tinh khi\u1ebft v\u00e0 \"R\u01b0\u1ee3u c\u00f3 t\u00e2m h\u1ed3n\".<\/p>\n<table class=\"custom-fields\">\n<tbody>\n<tr class=\"variety\">\n<th class=\"label\" style=\"text-align: left; width: 79px;\">Gi\u1ed1ng nho:<\/th>\n<td style=\"width: 599px;\">Shiraz, Grenache, Mataro &amp; Cabernet Sauvignon<\/td>\n<\/tr>\n<tr class=\"100%\">\n<th class=\"label\" style=\"text-align: left; width: 79px;\">100%:<\/th>\n<td style=\"width: 599px;\">H\u1eefu c\u01a1 (Organic) | S\u1eed d\u1ee5ng n\u0103ng l\u01b0\u1ee3ng sinh h\u1ecdc (Biodynamic) | D\u00e0nh cho ng\u01b0\u1eddi \u0103n chay (Vegan)<\/td>\n<\/tr>\n<tr class=\"region\">\n<th class=\"label\" style=\"text-align: left; width: 79px;\">V\u00f9ng tr\u1ed3ng:<\/th>\n<td style=\"width: 599px;\">McLaren Vale<\/td>\n<\/tr>\n<tr class=\"colour\">\n<th class=\"label\" style=\"text-align: left; width: 79px;\">M\u00e0u s\u1eafc:\u00a0\u00a0<\/th>\n<td style=\"width: 599px;\">\u0110\u1ecf th\u1eabm\u00a0<\/td>\n<\/tr>\n<tr class=\"aroma\">\n<th class=\"label\" style=\"text-align: left; width: 79px;\">Kh\u1ee9u gi\u00e1c:<\/th>\n<td style=\"width: 599px;\">D\u00e2u t\u00e2y v\u00e0o m\u00f9a h\u00e8 cao \u0111i\u1ec3m, m\u1eadn huy\u1ebft ngon, v\u1ecf cam v\u00e0 r\u1ec5 cam th\u1ea3o.<\/td>\n<\/tr>\n<tr class=\"palate\">\n<th class=\"label\" style=\"text-align: left; width: 79px;\">Kh\u1ea9u v\u1ecb:<\/th>\n<td style=\"width: 599px;\">V\u00f2m mi\u1ec7ng m\u01b0\u1ee3t m\u00e0 v\u00e0 \u00eam d\u1ecbu, v\u1edbi c\u00e1c n\u1ed1t h\u01b0\u01a1ng c\u1ee7a c\u00e2y \u0111\u1ea1i ho\u00e0ng lu\u1ed9c ch\u00edn v\u00e0 m\u1eadn Kakadu. N\u00f3 gi\u1ed1ng nh\u01b0 \u0111i s\u0103n t\u00ecm m\u0103ng t\u00e2y hoang d\u00e3 v\u00e0o m\u1ed9t bu\u1ed5i s\u00e1ng m\u00f9a xu\u00e2n trong l\u00e0nh, v\u1edbi nh\u1eefng con ong m\u1eadt \u0111\u1ea7u ti\u00ean theo d\u1ea5u ch\u00e2n ng\u01b0\u1eddi \u0111i s\u0103n. \u0110\u00e2y l\u00e0 m\u1ed9t phong c\u00e1ch t\u01b0\u01a1i m\u00e1t d\u1ec5 u\u1ed1ng ph\u00f9 h\u1ee3p v\u1edbi nh\u1eefng ng\u01b0\u1eddi \u0111am m\u00ea r\u01b0\u1ee3u vang hi\u1ec7n \u0111\u1ea1i, v\u1edbi s\u1ef1 ngon ng\u1ecdt qua v\u00f2m mi\u1ec7ng gi\u1eefa v\u00e0 k\u1ebft th\u00fac r\u1ea5t m\u01b0\u1ee3t.<\/td>\n<\/tr>\n<tr class=\"drink_with\">\n<th class=\"label\" style=\"text-align: left; width: 79px;\">Th\u1ef1c ph\u1ea9m k\u1ebft h\u1ee3p:<\/th>\n<td style=\"width: 599px;\">C\u00e1c m\u00f3n n\u01b0\u1edbng, quay.<\/td>\n<\/tr>\n<tr class=\"cellaring\">\n<th class=\"label\" style=\"text-align: left; width: 79px;\">B\u1ea3o qu\u1ea3n:<\/th>\n<td style=\"width: 599px;\">\u0110em l\u1ea1i h\u01b0\u01a1ng v\u1ecb r\u1ea5t th\u00fa v\u1ecb khi \u0111\u01b0\u1ee3c u\u1ed1ng t\u1eeb khi c\u00f2n tr\u1ebb. C\u00f2n khi u\u1ed1ng sau khi vang \u0111\u00e3 \u0111\u01b0\u1ee3c b\u1ea3o qu\u1ea3n 5 - 10 n\u0103m trong h\u1ea7m, th\u00ec l\u1ea1i mang l\u1ea1i h\u01b0\u01a1ng v\u1ecb th\u01a1m ngon kh\u00e1c l\u1ea1.<\/td>\n<\/tr>\n<\/tbody>\n<\/table>\n<p><strong>QU\u00c1 TR\u00ccNH S\u1ea2N XU\u1ea4T &amp; NI\u00caN V\u1ee4 TR\u1ed2NG NHO<\/strong><\/p>\n<table class=\"custom-fields\">\n<tbody>\n<tr class=\"vintage\">\n<th class=\"label\" style=\"text-align: left; width: 82px;\">Ni\u00ean v\u1ee5:<\/th>\n<td style=\"width: 596px;\">M\u00f9a xu\u00e2n n\u0103m 2019 c\u00f3 l\u01b0\u1ee3ng m\u01b0a m\u00f9a xu\u00e2n d\u01b0\u1edbi m\u1ee9c trung b\u00ecnh v\u00e0 h\u1ea7u nh\u01b0 kh\u00f4ng c\u00f3 m\u01b0a trong m\u00f9a h\u00e8, do \u0111\u00f3 c\u1ea7n ph\u1ee5 thu\u1ed9c nhi\u1ec1u v\u00e0o vi\u1ec7c t\u01b0\u1edbi ti\u00eau.<br \/>\n\u0110i\u1ec1u n\u00e0y c\u00f9ng v\u1edbi m\u1ed9t c\u01a1n b\u00e3o m\u01b0a \u0111\u00e1 nghi\u00eam tr\u1ecdng v\u00e0o th\u00e1ng 11, ng\u00e0y n\u00f3ng nh\u1ea5t \u1edf Nam \u00dac k\u1ec3 t\u1eeb n\u0103m 2009 v\u00e0 nhi\u1ec7t \u0111\u1ed9 t\u1ed1i \u0111a th\u01b0\u1eddng xuy\u00ean tr\u00ean 36 \u0111\u1ed9 C v\u00e0o th\u00e1ng 2 \u0111\u00e3 t\u1ea1o ra m\u1ed9t s\u1ed1 th\u00e1ch th\u1ee9c. Tuy nhi\u00ean, v\u1edbi v\u1ecb tr\u00ed \u0111\u1ecba l\u00ed g\u1ea7n V\u1ecbnh St Vincent \u0111\u00e3 khi\u1ebfn m\u1ed9t s\u1ed1 hi\u1ec7n t\u01b0\u1ee3ng th\u1eddi ti\u1ebft kh\u1eafc nghi\u1ec7t tr\u1edf n\u00ean nhu h\u00f2a h\u01a1n. T\u1ef1u chung l\u1ea1i, thu ho\u1ea1ch nho tuy c\u00f3 gi\u1ea3m nh\u01b0ng h\u01b0\u01a1ng v\u1ecb l\u1ea1i t\u0103ng l\u00ean. M\u1ed9t n\u0103m \u1ed5n \u0111\u1ecbnh n\u1eefa \u0111\u1ed1i v\u1edbi Pinot Gris v\u00e0 Grenache, v\u1edbi nh\u1eefng d\u1ea5u hi\u1ec7u b\u00e1o tr\u01b0\u1edbc r\u1eb1ng lo\u1ea1i Shiraz n\u00e0y s\u1ebd mang theo h\u01b0\u01a1ng v\u1ecb tr\u00e1i c\u00e2y r\u1ea5t \u0111\u1eadm \u0111\u1eb7c sau khi \u0111\u01b0\u1ee3c c\u1ea5t ra.<\/td>\n<\/tr>\n<tr class=\"vinification\">\n<th class=\"label\" style=\"text-align: left; width: 82px;\">Qu\u00e1 tr\u00ecnh s\u1ea3n xu\u1ea5t:<\/th>\n<td style=\"width: 596px;\">C\u00e1c th\u00f9ng g\u1ed7 s\u1ed3i nh\u1ecf c\u1ee7a Ph\u00e1p \u0111\u01b0\u1ee3c s\u1eed d\u1ee5ng \u0111\u1ec3 l\u00ean men v\u00e0 tr\u01b0\u1edfng th\u00e0nh c\u00e1c l\u00f4 Shiraz, Grenache, Mataro, v\u00e0 Cabernet Sauvignon.<br \/>\nCh\u00fang \u0111\u01b0\u1ee3c k\u1ebft h\u1ee3p \u0111\u1ec3 t\u1ea1o ra m\u1ed9t lo\u1ea1i r\u01b0\u1ee3u vang c\u00f3 h\u01b0\u01a1ng v\u1ecb tr\u00e1i c\u00e2y, trung b\u00ecnh v\u1edbi chi\u1ebft xu\u1ea5t tannin v\u1eeba ph\u1ea3i v\u00e0 k\u1ebft th\u00fac m\u01b0\u1ee3t m\u00e0 nh\u01b0 nhung.<\/td>\n<\/tr>\n<tr class=\"alcohol\">\n<th class=\"label\" style=\"text-align: left; width: 82px;\">N\u1ed3ng \u0111\u1ed9 c\u1ed3n:<\/th>\n<td style=\"width: 596px;\">14.0%<\/td>\n<\/tr>\n<\/tbody>\n<\/table>\n<p>&nbsp;<\/p>\n<\/div>","protected":false},"excerpt":{"rendered":"<p>M\u1ec1m m\u1ea1i, m\u1ecdng n\u01b0\u1edbc, v\u1edbi \u0111i\u1ec3m nh\u1ea5n l\u00e0 v\u1ecb qu\u1ebf, m\u1eadn v\u00e0 anh \u0111\u00e0o.<\/p>","protected":false},"featured_media":1315,"template":"","meta":{"_acf_changed":false},"product_brand":[],"product_cat":[2640,87],"product_tag":[],"grape_varietal":[2467,2470,2587,2466],"wine_regions":[2422],"class_list":{"0":"post-1316","1":"product","2":"type-product","3":"status-publish","4":"has-post-thumbnail","6":"product_cat-catalogue","7":"product_cat-red-wine","8":"pa_brand-paxton","9":"grape_varietal-cabernet-sauvignon","10":"grape_varietal-grenache","11":"grape_varietal-moscato","12":"grape_varietal-shiraz","13":"wine_regions-mclaren-vale","15":"first","16":"instock","17":"shipping-taxable","18":"product-type-simple"},"acf":[],"yoast_head":"<!-- This site is optimized with the Yoast SEO plugin v27.4 - https:\/\/yoast.com\/product\/yoast-seo-wordpress\/ -->\n<title>Paxton Queen of the Hive - Rada Wines<\/title>\n<meta name=\"robots\" content=\"index, follow, max-snippet:-1, max-image-preview:large, max-video-preview:-1\" \/>\n<link rel=\"canonical\" href=\"https:\/\/www.ilovewines.vn\/vi\/san-pham\/paxton-queen-of-the-hive-2019\/\" \/>\n<meta property=\"og:locale\" content=\"vi_VN\" \/>\n<meta property=\"og:type\" content=\"article\" \/>\n<meta property=\"og:title\" content=\"Paxton Queen of the Hive - Rada Wines\" \/>\n<meta property=\"og:description\" content=\"Soft and juicy with hints of cinnamon, plum and cherries\" \/>\n<meta property=\"og:url\" content=\"https:\/\/www.ilovewines.vn\/vi\/san-pham\/paxton-queen-of-the-hive-2019\/\" \/>\n<meta property=\"og:site_name\" content=\"Rada Wines\" \/>\n<meta property=\"article:modified_time\" content=\"2023-07-13T03:23:38+00:00\" \/>\n<meta property=\"og:image\" content=\"https:\/\/www.ilovewines.vn\/wp-content\/uploads\/2022\/06\/queen_of_hive_600x800_684b4178020b41b3b1cd1cb280620db4.png\" \/>\n\t<meta property=\"og:image:width\" content=\"600\" \/>\n\t<meta property=\"og:image:height\" content=\"800\" \/>\n\t<meta property=\"og:image:type\" content=\"image\/png\" \/>\n<meta name=\"twitter:card\" content=\"summary_large_image\" \/>\n<meta name=\"twitter:label1\" content=\"\u01af\u1edbc t\u00ednh th\u1eddi gian \u0111\u1ecdc\" \/>\n\t<meta name=\"twitter:data1\" content=\"2 ph\u00fat\" \/>\n<script type=\"application\/ld+json\" class=\"yoast-schema-graph\">{\"@context\":\"https:\\\/\\\/schema.org\",\"@graph\":[{\"@type\":\"WebPage\",\"@id\":\"https:\\\/\\\/www.ilovewines.vn\\\/product\\\/paxton-queen-of-the-hive-2019\\\/\",\"url\":\"https:\\\/\\\/www.ilovewines.vn\\\/product\\\/paxton-queen-of-the-hive-2019\\\/\",\"name\":\"Paxton Queen of the Hive - Rada Wines\",\"isPartOf\":{\"@id\":\"https:\\\/\\\/www.ilovewines.vn\\\/#website\"},\"primaryImageOfPage\":{\"@id\":\"https:\\\/\\\/www.ilovewines.vn\\\/product\\\/paxton-queen-of-the-hive-2019\\\/#primaryimage\"},\"image\":{\"@id\":\"https:\\\/\\\/www.ilovewines.vn\\\/product\\\/paxton-queen-of-the-hive-2019\\\/#primaryimage\"},\"thumbnailUrl\":\"https:\\\/\\\/www.ilovewines.vn\\\/wp-content\\\/uploads\\\/2022\\\/06\\\/queen_of_hive_600x800_684b4178020b41b3b1cd1cb280620db4.png\",\"datePublished\":\"2022-06-30T13:01:09+00:00\",\"dateModified\":\"2023-07-13T03:23:38+00:00\",\"breadcrumb\":{\"@id\":\"https:\\\/\\\/www.ilovewines.vn\\\/product\\\/paxton-queen-of-the-hive-2019\\\/#breadcrumb\"},\"inLanguage\":\"vi\",\"potentialAction\":[{\"@type\":\"ReadAction\",\"target\":[\"https:\\\/\\\/www.ilovewines.vn\\\/product\\\/paxton-queen-of-the-hive-2019\\\/\"]}]},{\"@type\":\"ImageObject\",\"inLanguage\":\"vi\",\"@id\":\"https:\\\/\\\/www.ilovewines.vn\\\/product\\\/paxton-queen-of-the-hive-2019\\\/#primaryimage\",\"url\":\"https:\\\/\\\/www.ilovewines.vn\\\/wp-content\\\/uploads\\\/2022\\\/06\\\/queen_of_hive_600x800_684b4178020b41b3b1cd1cb280620db4.png\",\"contentUrl\":\"https:\\\/\\\/www.ilovewines.vn\\\/wp-content\\\/uploads\\\/2022\\\/06\\\/queen_of_hive_600x800_684b4178020b41b3b1cd1cb280620db4.png\",\"width\":600,\"height\":800},{\"@type\":\"BreadcrumbList\",\"@id\":\"https:\\\/\\\/www.ilovewines.vn\\\/product\\\/paxton-queen-of-the-hive-2019\\\/#breadcrumb\",\"itemListElement\":[{\"@type\":\"ListItem\",\"position\":1,\"name\":\"Home\",\"item\":\"https:\\\/\\\/www.ilovewines.vn\\\/\"},{\"@type\":\"ListItem\",\"position\":2,\"name\":\"Catalogue\",\"item\":\"https:\\\/\\\/www.ilovewines.vn\\\/catalogue\\\/\"},{\"@type\":\"ListItem\",\"position\":3,\"name\":\"Paxton Queen of the Hive\"}]},{\"@type\":\"WebSite\",\"@id\":\"https:\\\/\\\/www.ilovewines.vn\\\/#website\",\"url\":\"https:\\\/\\\/www.ilovewines.vn\\\/\",\"name\":\"Rada Wines\",\"description\":\"Just another WordPress site\",\"publisher\":{\"@id\":\"https:\\\/\\\/www.ilovewines.vn\\\/#organization\"},\"potentialAction\":[{\"@type\":\"SearchAction\",\"target\":{\"@type\":\"EntryPoint\",\"urlTemplate\":\"https:\\\/\\\/www.ilovewines.vn\\\/?s={search_term_string}\"},\"query-input\":{\"@type\":\"PropertyValueSpecification\",\"valueRequired\":true,\"valueName\":\"search_term_string\"}}],\"inLanguage\":\"vi\"},{\"@type\":\"Organization\",\"@id\":\"https:\\\/\\\/www.ilovewines.vn\\\/#organization\",\"name\":\"Rada Wines\",\"url\":\"https:\\\/\\\/www.ilovewines.vn\\\/\",\"logo\":{\"@type\":\"ImageObject\",\"inLanguage\":\"vi\",\"@id\":\"https:\\\/\\\/www.ilovewines.vn\\\/#\\\/schema\\\/logo\\\/image\\\/\",\"url\":\"https:\\\/\\\/www.ilovewines.vn\\\/wp-content\\\/uploads\\\/2022\\\/06\\\/cropped-162574230_380766779846763_4426584222903300096_n.jpg\",\"contentUrl\":\"https:\\\/\\\/www.ilovewines.vn\\\/wp-content\\\/uploads\\\/2022\\\/06\\\/cropped-162574230_380766779846763_4426584222903300096_n.jpg\",\"width\":320,\"height\":206,\"caption\":\"Rada Wines\"},\"image\":{\"@id\":\"https:\\\/\\\/www.ilovewines.vn\\\/#\\\/schema\\\/logo\\\/image\\\/\"}}]}<\/script>\n<!-- \/ Yoast SEO plugin. -->","yoast_head_json":{"title":"Paxton Queen of the Hive - Rada Wines","robots":{"index":"index","follow":"follow","max-snippet":"max-snippet:-1","max-image-preview":"max-image-preview:large","max-video-preview":"max-video-preview:-1"},"canonical":"https:\/\/www.ilovewines.vn\/vi\/san-pham\/paxton-queen-of-the-hive-2019\/","og_locale":"vi_VN","og_type":"article","og_title":"Paxton Queen of the Hive - Rada Wines","og_description":"Soft and juicy with hints of cinnamon, plum and cherries","og_url":"https:\/\/www.ilovewines.vn\/vi\/san-pham\/paxton-queen-of-the-hive-2019\/","og_site_name":"Rada Wines","article_modified_time":"2023-07-13T03:23:38+00:00","og_image":[{"width":600,"height":800,"url":"https:\/\/www.ilovewines.vn\/wp-content\/uploads\/2022\/06\/queen_of_hive_600x800_684b4178020b41b3b1cd1cb280620db4.png","type":"image\/png"}],"twitter_card":"summary_large_image","twitter_misc":{"\u01af\u1edbc t\u00ednh th\u1eddi gian \u0111\u1ecdc":"2 ph\u00fat"},"schema":{"@context":"https:\/\/schema.org","@graph":[{"@type":"WebPage","@id":"https:\/\/www.ilovewines.vn\/product\/paxton-queen-of-the-hive-2019\/","url":"https:\/\/www.ilovewines.vn\/product\/paxton-queen-of-the-hive-2019\/","name":"Paxton Queen of the Hive - Rada Wines","isPartOf":{"@id":"https:\/\/www.ilovewines.vn\/#website"},"primaryImageOfPage":{"@id":"https:\/\/www.ilovewines.vn\/product\/paxton-queen-of-the-hive-2019\/#primaryimage"},"image":{"@id":"https:\/\/www.ilovewines.vn\/product\/paxton-queen-of-the-hive-2019\/#primaryimage"},"thumbnailUrl":"https:\/\/www.ilovewines.vn\/wp-content\/uploads\/2022\/06\/queen_of_hive_600x800_684b4178020b41b3b1cd1cb280620db4.png","datePublished":"2022-06-30T13:01:09+00:00","dateModified":"2023-07-13T03:23:38+00:00","breadcrumb":{"@id":"https:\/\/www.ilovewines.vn\/product\/paxton-queen-of-the-hive-2019\/#breadcrumb"},"inLanguage":"vi","potentialAction":[{"@type":"ReadAction","target":["https:\/\/www.ilovewines.vn\/product\/paxton-queen-of-the-hive-2019\/"]}]},{"@type":"ImageObject","inLanguage":"vi","@id":"https:\/\/www.ilovewines.vn\/product\/paxton-queen-of-the-hive-2019\/#primaryimage","url":"https:\/\/www.ilovewines.vn\/wp-content\/uploads\/2022\/06\/queen_of_hive_600x800_684b4178020b41b3b1cd1cb280620db4.png","contentUrl":"https:\/\/www.ilovewines.vn\/wp-content\/uploads\/2022\/06\/queen_of_hive_600x800_684b4178020b41b3b1cd1cb280620db4.png","width":600,"height":800},{"@type":"BreadcrumbList","@id":"https:\/\/www.ilovewines.vn\/product\/paxton-queen-of-the-hive-2019\/#breadcrumb","itemListElement":[{"@type":"ListItem","position":1,"name":"Home","item":"https:\/\/www.ilovewines.vn\/"},{"@type":"ListItem","position":2,"name":"Catalogue","item":"https:\/\/www.ilovewines.vn\/catalogue\/"},{"@type":"ListItem","position":3,"name":"Paxton Queen of the Hive"}]},{"@type":"WebSite","@id":"https:\/\/www.ilovewines.vn\/#website","url":"https:\/\/www.ilovewines.vn\/","name":"Rada Wines","description":"Just another WordPress site","publisher":{"@id":"https:\/\/www.ilovewines.vn\/#organization"},"potentialAction":[{"@type":"SearchAction","target":{"@type":"EntryPoint","urlTemplate":"https:\/\/www.ilovewines.vn\/?s={search_term_string}"},"query-input":{"@type":"PropertyValueSpecification","valueRequired":true,"valueName":"search_term_string"}}],"inLanguage":"vi"},{"@type":"Organization","@id":"https:\/\/www.ilovewines.vn\/#organization","name":"Rada Wines","url":"https:\/\/www.ilovewines.vn\/","logo":{"@type":"ImageObject","inLanguage":"vi","@id":"https:\/\/www.ilovewines.vn\/#\/schema\/logo\/image\/","url":"https:\/\/www.ilovewines.vn\/wp-content\/uploads\/2022\/06\/cropped-162574230_380766779846763_4426584222903300096_n.jpg","contentUrl":"https:\/\/www.ilovewines.vn\/wp-content\/uploads\/2022\/06\/cropped-162574230_380766779846763_4426584222903300096_n.jpg","width":320,"height":206,"caption":"Rada Wines"},"image":{"@id":"https:\/\/www.ilovewines.vn\/#\/schema\/logo\/image\/"}}]}},"_links":{"self":[{"href":"https:\/\/www.ilovewines.vn\/vi\/wp-json\/wp\/v2\/product\/1316","targetHints":{"allow":["GET"]}}],"collection":[{"href":"https:\/\/www.ilovewines.vn\/vi\/wp-json\/wp\/v2\/product"}],"about":[{"href":"https:\/\/www.ilovewines.vn\/vi\/wp-json\/wp\/v2\/types\/product"}],"version-history":[{"count":1,"href":"https:\/\/www.ilovewines.vn\/vi\/wp-json\/wp\/v2\/product\/1316\/revisions"}],"predecessor-version":[{"id":4342,"href":"https:\/\/www.ilovewines.vn\/vi\/wp-json\/wp\/v2\/product\/1316\/revisions\/4342"}],"wp:featuredmedia":[{"embeddable":true,"href":"https:\/\/www.ilovewines.vn\/vi\/wp-json\/wp\/v2\/media\/1315"}],"wp:attachment":[{"href":"https:\/\/www.ilovewines.vn\/vi\/wp-json\/wp\/v2\/media?parent=1316"}],"wp:term":[{"taxonomy":"product_brand","embeddable":true,"href":"https:\/\/www.ilovewines.vn\/vi\/wp-json\/wp\/v2\/product_brand?post=1316"},{"taxonomy":"product_cat","embeddable":true,"href":"https:\/\/www.ilovewines.vn\/vi\/wp-json\/wp\/v2\/product_cat?post=1316"},{"taxonomy":"product_tag","embeddable":true,"href":"https:\/\/www.ilovewines.vn\/vi\/wp-json\/wp\/v2\/product_tag?post=1316"},{"taxonomy":"grape_varietal","embeddable":true,"href":"https:\/\/www.ilovewines.vn\/vi\/wp-json\/wp\/v2\/grape_varietal?post=1316"},{"taxonomy":"wine_regions","embeddable":true,"href":"https:\/\/www.ilovewines.vn\/vi\/wp-json\/wp\/v2\/wine_regions?post=1316"}],"curies":[{"name":"wp","href":"https:\/\/api.w.org\/{rel}","templated":true}]}}