{"id":1406,"date":"2022-06-30T07:02:18","date_gmt":"2022-06-30T13:02:18","guid":{"rendered":"https:\/\/www.ilovewines.vn\/product\/wee-angus-merlot-2020\/"},"modified":"2023-07-12T21:14:20","modified_gmt":"2023-07-13T03:14:20","slug":"wee-angus-merlot-2020","status":"publish","type":"product","link":"https:\/\/www.ilovewines.vn\/vi\/product\/wee-angus-merlot-2020\/","title":{"rendered":"Wee Angus Merlot"},"content":{"rendered":"<p><strong><span style=\"font-size: 16px;\">C\u1ea3m quan<\/span><\/strong><\/p>\n<p><span style=\"font-size: 16px;\">C\u00f9ng \u0111\u01b0\u1ee3c chung gi\u1ed1ng nho ho\u00e0n h\u1ea3o v\u1edbi ng\u01b0\u1eddi anh l\u1edbn c\u1ee7a m\u00ecnh, Wee Angus l\u00e0 d\u00f2ng vang tr\u1ebb d\u1ed3i d\u00e0o \u0111\u01b0\u1ee3c th\u1ec3 hi\u1ec7n qua v\u1ecb nho nh\u1eb9 nh\u00e0ng \u0111\u1eb7c tr\u01b0ng c\u1ee7a Merlot. .<br \/>\nM\u1ed9t ch\u00fat tinh t\u1ebf c\u1ee7a g\u1ed7 s\u1ed3i vanillin v\u00e0 h\u1eadu v\u1ecb k\u00e9o d\u00e0i\u00a0k\u1ebft h\u1ee3p v\u1edbi nhau \u0111\u1ec3 t\u1ea1o ra ph\u1ea7n \u0111\u1ec7m ho\u00e0n h\u1ea3o cho b\u1eefa ti\u1ec7c n\u01b0\u1edbng ti\u1ebfp theo c\u1ee7a b\u1ea1n.<br \/>\nVang s\u1ebd c\u00e0ng ngon trong 2-4 n\u0103m<\/span><\/p>\n<p><span style=\"font-size: 16px;\"><strong>Vang \u0111\u1ecf<\/strong> ANGUS - The Bull<\/span><\/p>\n<p><span style=\"font-size: 16px;\"><strong>Nh\u00e0 s\u1ea3n xu\u1ea5t<\/strong> Aberdeen Wine Company<\/span><\/p>\n<p><span style=\"font-size: 16px;\"><strong>Nh\u00e0 s\u1ea3n xu\u1ea5t:<\/strong> Hamish MacGowan<\/span><\/p>\n<p><span style=\"font-size: 16px;\"><strong>Gi\u1ed1ng nho:<\/strong> Merlot (100%)\u00a0<\/span><\/p>\n<p><span style=\"font-size: 16px;\"><strong>V\u00f9ng tr\u1ed3ng:<\/strong> Central Victoria (Goulburn Valley 60% \/ Heathcote 40%)<\/span><\/p>\n<p><strong><span style=\"font-size: 16px;\">Ph\u00e2n t\u00edch:<\/span><\/strong><\/p>\n<p><span style=\"font-size: 16px;\"><strong>N\u1ed3ng \u0111\u1ed9 c\u1ed3n:<\/strong> 14.6%<\/span><\/p>\n<p><span style=\"font-size: 16px;\"><strong>\u0110\u1ed9 pH<\/strong> 3.49<\/span><\/p>\n<p><span style=\"font-size: 16px;\"><strong>Axit:<\/strong> 5.69 g\/L<\/span><\/p>\n<p><span style=\"font-size: 16px;\"><strong>L\u01b0\u1ee3ng \u0111\u01b0\u1eddng c\u00f2n d\u01b0:<\/strong> 0.g\/L<\/span><\/p>","protected":false},"excerpt":{"rendered":"<p>S\u1ef1 k\u1ebft h\u1ee3p ho\u00e0n h\u1ea3o cho b\u1ea5t k\u1ef3 m\u00f3n th\u1ecbt b\u00f2 \u00dac n\u00e0o.<\/p>","protected":false},"featured_media":1405,"template":"","meta":{"_acf_changed":false},"product_brand":[],"product_cat":[2640,87],"product_tag":[],"grape_varietal":[2468],"wine_regions":[2429,2431],"class_list":{"0":"post-1406","1":"product","2":"type-product","3":"status-publish","4":"has-post-thumbnail","6":"product_cat-catalogue","7":"product_cat-red-wine","8":"pa_brand-aberdeen-wine-comapny","9":"grape_varietal-merlot","10":"wine_regions-goulburn-valley","11":"wine_regions-heathcote","13":"first","14":"instock","15":"shipping-taxable","16":"product-type-simple"},"acf":[],"yoast_head":"<!-- This site is optimized with the Yoast SEO plugin v27.4 - https:\/\/yoast.com\/product\/yoast-seo-wordpress\/ -->\n<title>Wee Angus Merlot - Rada Wines<\/title>\n<meta name=\"robots\" content=\"index, follow, max-snippet:-1, max-image-preview:large, max-video-preview:-1\" \/>\n<link rel=\"canonical\" href=\"https:\/\/www.ilovewines.vn\/vi\/san-pham\/wee-angus-merlot-2020\/\" \/>\n<meta property=\"og:locale\" content=\"vi_VN\" \/>\n<meta property=\"og:type\" content=\"article\" \/>\n<meta property=\"og:title\" content=\"Wee Angus Merlot - Rada Wines\" \/>\n<meta property=\"og:description\" content=\"The perfect compliment for any Aussie Beef.\" \/>\n<meta property=\"og:url\" content=\"https:\/\/www.ilovewines.vn\/vi\/san-pham\/wee-angus-merlot-2020\/\" \/>\n<meta property=\"og:site_name\" content=\"Rada Wines\" \/>\n<meta property=\"article:modified_time\" content=\"2023-07-13T03:14:20+00:00\" \/>\n<meta property=\"og:image\" content=\"https:\/\/www.ilovewines.vn\/wp-content\/uploads\/2022\/06\/wee_angus_600x800_cf849dbd31924a6bb608632d25f50683.png\" \/>\n\t<meta property=\"og:image:width\" content=\"600\" \/>\n\t<meta property=\"og:image:height\" content=\"800\" \/>\n\t<meta property=\"og:image:type\" content=\"image\/png\" \/>\n<meta name=\"twitter:card\" content=\"summary_large_image\" \/>\n<script type=\"application\/ld+json\" class=\"yoast-schema-graph\">{\"@context\":\"https:\\\/\\\/schema.org\",\"@graph\":[{\"@type\":\"WebPage\",\"@id\":\"https:\\\/\\\/www.ilovewines.vn\\\/product\\\/wee-angus-merlot-2020\\\/\",\"url\":\"https:\\\/\\\/www.ilovewines.vn\\\/product\\\/wee-angus-merlot-2020\\\/\",\"name\":\"Wee Angus Merlot - Rada Wines\",\"isPartOf\":{\"@id\":\"https:\\\/\\\/www.ilovewines.vn\\\/#website\"},\"primaryImageOfPage\":{\"@id\":\"https:\\\/\\\/www.ilovewines.vn\\\/product\\\/wee-angus-merlot-2020\\\/#primaryimage\"},\"image\":{\"@id\":\"https:\\\/\\\/www.ilovewines.vn\\\/product\\\/wee-angus-merlot-2020\\\/#primaryimage\"},\"thumbnailUrl\":\"https:\\\/\\\/www.ilovewines.vn\\\/wp-content\\\/uploads\\\/2022\\\/06\\\/wee_angus_600x800_cf849dbd31924a6bb608632d25f50683.png\",\"datePublished\":\"2022-06-30T13:02:18+00:00\",\"dateModified\":\"2023-07-13T03:14:20+00:00\",\"breadcrumb\":{\"@id\":\"https:\\\/\\\/www.ilovewines.vn\\\/product\\\/wee-angus-merlot-2020\\\/#breadcrumb\"},\"inLanguage\":\"vi\",\"potentialAction\":[{\"@type\":\"ReadAction\",\"target\":[\"https:\\\/\\\/www.ilovewines.vn\\\/product\\\/wee-angus-merlot-2020\\\/\"]}]},{\"@type\":\"ImageObject\",\"inLanguage\":\"vi\",\"@id\":\"https:\\\/\\\/www.ilovewines.vn\\\/product\\\/wee-angus-merlot-2020\\\/#primaryimage\",\"url\":\"https:\\\/\\\/www.ilovewines.vn\\\/wp-content\\\/uploads\\\/2022\\\/06\\\/wee_angus_600x800_cf849dbd31924a6bb608632d25f50683.png\",\"contentUrl\":\"https:\\\/\\\/www.ilovewines.vn\\\/wp-content\\\/uploads\\\/2022\\\/06\\\/wee_angus_600x800_cf849dbd31924a6bb608632d25f50683.png\",\"width\":600,\"height\":800},{\"@type\":\"BreadcrumbList\",\"@id\":\"https:\\\/\\\/www.ilovewines.vn\\\/product\\\/wee-angus-merlot-2020\\\/#breadcrumb\",\"itemListElement\":[{\"@type\":\"ListItem\",\"position\":1,\"name\":\"Home\",\"item\":\"https:\\\/\\\/www.ilovewines.vn\\\/\"},{\"@type\":\"ListItem\",\"position\":2,\"name\":\"Catalogue\",\"item\":\"https:\\\/\\\/www.ilovewines.vn\\\/catalogue\\\/\"},{\"@type\":\"ListItem\",\"position\":3,\"name\":\"Wee Angus Merlot\"}]},{\"@type\":\"WebSite\",\"@id\":\"https:\\\/\\\/www.ilovewines.vn\\\/#website\",\"url\":\"https:\\\/\\\/www.ilovewines.vn\\\/\",\"name\":\"Rada Wines\",\"description\":\"Just another WordPress site\",\"publisher\":{\"@id\":\"https:\\\/\\\/www.ilovewines.vn\\\/#organization\"},\"potentialAction\":[{\"@type\":\"SearchAction\",\"target\":{\"@type\":\"EntryPoint\",\"urlTemplate\":\"https:\\\/\\\/www.ilovewines.vn\\\/?s={search_term_string}\"},\"query-input\":{\"@type\":\"PropertyValueSpecification\",\"valueRequired\":true,\"valueName\":\"search_term_string\"}}],\"inLanguage\":\"vi\"},{\"@type\":\"Organization\",\"@id\":\"https:\\\/\\\/www.ilovewines.vn\\\/#organization\",\"name\":\"Rada Wines\",\"url\":\"https:\\\/\\\/www.ilovewines.vn\\\/\",\"logo\":{\"@type\":\"ImageObject\",\"inLanguage\":\"vi\",\"@id\":\"https:\\\/\\\/www.ilovewines.vn\\\/#\\\/schema\\\/logo\\\/image\\\/\",\"url\":\"https:\\\/\\\/www.ilovewines.vn\\\/wp-content\\\/uploads\\\/2022\\\/06\\\/cropped-162574230_380766779846763_4426584222903300096_n.jpg\",\"contentUrl\":\"https:\\\/\\\/www.ilovewines.vn\\\/wp-content\\\/uploads\\\/2022\\\/06\\\/cropped-162574230_380766779846763_4426584222903300096_n.jpg\",\"width\":320,\"height\":206,\"caption\":\"Rada Wines\"},\"image\":{\"@id\":\"https:\\\/\\\/www.ilovewines.vn\\\/#\\\/schema\\\/logo\\\/image\\\/\"}}]}<\/script>\n<!-- \/ Yoast SEO plugin. -->","yoast_head_json":{"title":"Wee Angus Merlot - Rada Wines","robots":{"index":"index","follow":"follow","max-snippet":"max-snippet:-1","max-image-preview":"max-image-preview:large","max-video-preview":"max-video-preview:-1"},"canonical":"https:\/\/www.ilovewines.vn\/vi\/san-pham\/wee-angus-merlot-2020\/","og_locale":"vi_VN","og_type":"article","og_title":"Wee Angus Merlot - Rada Wines","og_description":"The perfect compliment for any Aussie Beef.","og_url":"https:\/\/www.ilovewines.vn\/vi\/san-pham\/wee-angus-merlot-2020\/","og_site_name":"Rada Wines","article_modified_time":"2023-07-13T03:14:20+00:00","og_image":[{"width":600,"height":800,"url":"https:\/\/www.ilovewines.vn\/wp-content\/uploads\/2022\/06\/wee_angus_600x800_cf849dbd31924a6bb608632d25f50683.png","type":"image\/png"}],"twitter_card":"summary_large_image","schema":{"@context":"https:\/\/schema.org","@graph":[{"@type":"WebPage","@id":"https:\/\/www.ilovewines.vn\/product\/wee-angus-merlot-2020\/","url":"https:\/\/www.ilovewines.vn\/product\/wee-angus-merlot-2020\/","name":"Wee Angus Merlot - Rada Wines","isPartOf":{"@id":"https:\/\/www.ilovewines.vn\/#website"},"primaryImageOfPage":{"@id":"https:\/\/www.ilovewines.vn\/product\/wee-angus-merlot-2020\/#primaryimage"},"image":{"@id":"https:\/\/www.ilovewines.vn\/product\/wee-angus-merlot-2020\/#primaryimage"},"thumbnailUrl":"https:\/\/www.ilovewines.vn\/wp-content\/uploads\/2022\/06\/wee_angus_600x800_cf849dbd31924a6bb608632d25f50683.png","datePublished":"2022-06-30T13:02:18+00:00","dateModified":"2023-07-13T03:14:20+00:00","breadcrumb":{"@id":"https:\/\/www.ilovewines.vn\/product\/wee-angus-merlot-2020\/#breadcrumb"},"inLanguage":"vi","potentialAction":[{"@type":"ReadAction","target":["https:\/\/www.ilovewines.vn\/product\/wee-angus-merlot-2020\/"]}]},{"@type":"ImageObject","inLanguage":"vi","@id":"https:\/\/www.ilovewines.vn\/product\/wee-angus-merlot-2020\/#primaryimage","url":"https:\/\/www.ilovewines.vn\/wp-content\/uploads\/2022\/06\/wee_angus_600x800_cf849dbd31924a6bb608632d25f50683.png","contentUrl":"https:\/\/www.ilovewines.vn\/wp-content\/uploads\/2022\/06\/wee_angus_600x800_cf849dbd31924a6bb608632d25f50683.png","width":600,"height":800},{"@type":"BreadcrumbList","@id":"https:\/\/www.ilovewines.vn\/product\/wee-angus-merlot-2020\/#breadcrumb","itemListElement":[{"@type":"ListItem","position":1,"name":"Home","item":"https:\/\/www.ilovewines.vn\/"},{"@type":"ListItem","position":2,"name":"Catalogue","item":"https:\/\/www.ilovewines.vn\/catalogue\/"},{"@type":"ListItem","position":3,"name":"Wee Angus Merlot"}]},{"@type":"WebSite","@id":"https:\/\/www.ilovewines.vn\/#website","url":"https:\/\/www.ilovewines.vn\/","name":"Rada Wines","description":"Just another WordPress site","publisher":{"@id":"https:\/\/www.ilovewines.vn\/#organization"},"potentialAction":[{"@type":"SearchAction","target":{"@type":"EntryPoint","urlTemplate":"https:\/\/www.ilovewines.vn\/?s={search_term_string}"},"query-input":{"@type":"PropertyValueSpecification","valueRequired":true,"valueName":"search_term_string"}}],"inLanguage":"vi"},{"@type":"Organization","@id":"https:\/\/www.ilovewines.vn\/#organization","name":"Rada Wines","url":"https:\/\/www.ilovewines.vn\/","logo":{"@type":"ImageObject","inLanguage":"vi","@id":"https:\/\/www.ilovewines.vn\/#\/schema\/logo\/image\/","url":"https:\/\/www.ilovewines.vn\/wp-content\/uploads\/2022\/06\/cropped-162574230_380766779846763_4426584222903300096_n.jpg","contentUrl":"https:\/\/www.ilovewines.vn\/wp-content\/uploads\/2022\/06\/cropped-162574230_380766779846763_4426584222903300096_n.jpg","width":320,"height":206,"caption":"Rada Wines"},"image":{"@id":"https:\/\/www.ilovewines.vn\/#\/schema\/logo\/image\/"}}]}},"_links":{"self":[{"href":"https:\/\/www.ilovewines.vn\/vi\/wp-json\/wp\/v2\/product\/1406","targetHints":{"allow":["GET"]}}],"collection":[{"href":"https:\/\/www.ilovewines.vn\/vi\/wp-json\/wp\/v2\/product"}],"about":[{"href":"https:\/\/www.ilovewines.vn\/vi\/wp-json\/wp\/v2\/types\/product"}],"version-history":[{"count":2,"href":"https:\/\/www.ilovewines.vn\/vi\/wp-json\/wp\/v2\/product\/1406\/revisions"}],"predecessor-version":[{"id":4613,"href":"https:\/\/www.ilovewines.vn\/vi\/wp-json\/wp\/v2\/product\/1406\/revisions\/4613"}],"wp:featuredmedia":[{"embeddable":true,"href":"https:\/\/www.ilovewines.vn\/vi\/wp-json\/wp\/v2\/media\/1405"}],"wp:attachment":[{"href":"https:\/\/www.ilovewines.vn\/vi\/wp-json\/wp\/v2\/media?parent=1406"}],"wp:term":[{"taxonomy":"product_brand","embeddable":true,"href":"https:\/\/www.ilovewines.vn\/vi\/wp-json\/wp\/v2\/product_brand?post=1406"},{"taxonomy":"product_cat","embeddable":true,"href":"https:\/\/www.ilovewines.vn\/vi\/wp-json\/wp\/v2\/product_cat?post=1406"},{"taxonomy":"product_tag","embeddable":true,"href":"https:\/\/www.ilovewines.vn\/vi\/wp-json\/wp\/v2\/product_tag?post=1406"},{"taxonomy":"grape_varietal","embeddable":true,"href":"https:\/\/www.ilovewines.vn\/vi\/wp-json\/wp\/v2\/grape_varietal?post=1406"},{"taxonomy":"wine_regions","embeddable":true,"href":"https:\/\/www.ilovewines.vn\/vi\/wp-json\/wp\/v2\/wine_regions?post=1406"}],"curies":[{"name":"wp","href":"https:\/\/api.w.org\/{rel}","templated":true}]}}