{"id":1427,"date":"2022-06-30T07:02:56","date_gmt":"2022-06-30T13:02:56","guid":{"rendered":"https:\/\/www.ilovewines.vn\/product\/yering-station-village-pinot-noir-2019\/"},"modified":"2022-12-06T04:27:10","modified_gmt":"2022-12-06T11:27:10","slug":"yering-station-village-pinot-noir-2019","status":"publish","type":"product","link":"https:\/\/www.ilovewines.vn\/vi\/product\/yering-station-village-pinot-noir-2019\/","title":{"rendered":"Yering Station Village Pinot Noir 2019"},"content":{"rendered":"<h2>C\u1ea2M QUAN<\/h2>\n<p><strong>TH\u1eca GI\u00c1C\u00a0\u00a0\u00a0\u00a0\u00a0\u00a0\u00a0\u00a0\u00a0\u00a0<\/strong>\u0110\u1ecf ruby Ba T\u01b0.<\/p>\n<p><strong>KH\u1ee8U GI\u00c1C\u00a0\u00a0\u00a0\u00a0\u00a0\u00a0\u00a0\u00a0\u00a0\u00a0\u00a0\u00a0\u00a0\u00a0\u00a0<\/strong>\u00a0 \u00a0 Qu\u1ea3 m\u00e2m x\u00f4i \u0111\u1ecf th\u01a1m v\u00e0 m\u1ed9t ch\u00fat s\u00f4 c\u00f4 la s\u1eefa.<\/p>\n<p><strong>\u00a0V\u1eca GI\u00c1C\u00a0\u00a0\u00a0\u00a0\u00a0\u00a0\u00a0\u00a0\u00a0\u00a0\u00a0<\/strong>S\u1ef1 s\u1ed1ng \u0111\u1ed9ng \u0111\u01b0\u1ee3c cung c\u1ea5p t\u1eeb c\u00e1c h\u01b0\u01a1ng\u00a0tr\u00e1i c\u00e2y \u0111\u1ecf m\u1ecdng n\u01b0\u1edbc, d\u1eabn \u0111\u1ebfn m\u1ed9t h\u01b0\u01a1ng v\u1ecb tinh t\u1ebf \u0111i\u1ec3m v\u1ecb m\u1eb7n v\u00e0 cay. Tannin\u00a0m\u1ecbn m\u00e0ng\u00a0v\u00e0 acid r\u00f5 r\u00e0ng,\u00a0s\u00e1ng t\u1ea1o n\u00ean m\u1ed9t c\u1ea5u tr\u00fac trang nh\u00e3<\/p>\n<p><strong>GHI CH\u00da T\u1eea NH\u00c0 S\u1ea2N XU\u1ea4T\u00a0 \u00a0 \u00a0<\/strong>Ho\u00e0n to\u00e0n lo\u1ea1i b\u1ecf cu\u1ed1ng, to\u00e0n b\u1ed9 qu\u1ea3 m\u1ecdng l\u00ean men. Nh\u00fang tay m\u1ed7i ng\u00e0y m\u1ed9t l\u1ea7n, t\u0103ng l\u00ean hai l\u1ea7n m\u1ed7i ng\u00e0y trong th\u1eddi gian l\u00ean men cao \u0111i\u1ec3m. Nh\u1eb9 nh\u00e0ng \u00e9p v\u1edbi 50-100L \/ t\u1ea5n cu\u1ed1i c\u00f9ng \u0111\u01b0\u1ee3c t\u00e1ch ra \u0111\u1ec3 tr\u00e1nh tannin c\u1ee9ng.<\/p>\n<h2>QU\u00c1 TR\u00ccNH S\u1ea2N XU\u1ea4T<\/h2>\n<p><strong>GI\u1ed0NG NHO\u00a0 \u00a0 \u00a0\u00a0<\/strong>100% Pinot Noir<\/p>\n<p><strong>\u0110\u1ed8 C\u1ed2N:\u00a0\u00a0\u00a0\u00a0\u00a0\u00a0\u00a0\u00a0\u00a0\u00a0\u00a0\u00a0\u00a0\u00a0\u00a0\u00a0\u00a0\u00a0\u00a0\u00a0\u00a0\u00a0\u00a0\u00a0\u00a0\u00a0\u00a0\u00a0\u00a0\u00a0\u00a0 <\/strong>13.0%<\/p>\n<p><strong>PH\u00a0 \u00a0 \u00a0 \u00a0 \u00a0 \u00a0 \u00a0 \u00a0 \u00a0 \u00a0 \u00a0 \u00a0 \u00a0 \u00a0 \u00a0 \u00a0 \u00a0 \u00a0 \u00a0 \u00a0 \u00a0 \u00a0 \u00a0<\/strong>3.61<\/p>\n<p>D\u00f2ng r\u01b0\u1ee3u vang L\u00e0ng c\u1ee7a ch\u00fang t\u00f4i l\u00e0 s\u1ef1 th\u1ec3 hi\u1ec7n c\u1ed5 \u0111i\u1ec3n c\u1ee7a nh\u1eefng gi\u1ed1ng r\u01b0\u1ee3u m\u00e0 Thung l\u0169ng Yarra l\u00e0m t\u1ed1t nh\u1ea5t, \u0111\u1ec3 cho h\u01b0\u01a1ng v\u1ecb tr\u00e1i c\u00e2y t\u01b0\u01a1i s\u00e1ng, r\u1ef1c r\u1ee1 t\u1ef1 n\u00f3i l\u00ean \u0111i\u1ec1u \u0111\u00f3. S\u1ef1 s\u1ed1ng \u0111\u1ed9ng \u0111\u01b0\u1ee3c cung c\u1ea5p t\u1eeb c\u00e1c h\u01b0\u01a1ng tr\u00e1i c\u00e2y \u0111\u1ecf m\u1ecdng n\u01b0\u1edbc, d\u1eabn \u0111\u1ebfn m\u1ed9t h\u01b0\u01a1ng v\u1ecb tinh t\u1ebf \u0111i\u1ec3m v\u1ecb m\u1eb7n v\u00e0 cay. Tannin m\u1ecbn m\u00e0ng v\u00e0 acid r\u00f5 r\u00e0ng, s\u00e1ng t\u1ea1o n\u00ean m\u1ed9t c\u1ea5u tr\u00fac trang nh\u00e3<\/p>","protected":false},"excerpt":{"rendered":"<p>Ng\u00e1t h\u01b0\u01a1ng tr\u00e1i m\u00e2m x\u00f4i \u0111\u1ecf, tannin m\u1ecbn v\u00e0 k\u1ebft th\u00fac nhi\u1ec1u d\u01b0 v\u1ecb.<\/p>","protected":false},"featured_media":1426,"template":"","meta":{"_acf_changed":false},"product_brand":[],"product_cat":[2640,87],"product_tag":[],"grape_varietal":[2469],"wine_regions":[2436],"class_list":{"0":"post-1427","1":"product","2":"type-product","3":"status-publish","4":"has-post-thumbnail","6":"product_cat-catalogue","7":"product_cat-red-wine","8":"pa_brand-yering-station","9":"grape_varietal-pinot-noir","10":"wine_regions-yarra-valley","12":"first","13":"instock","14":"shipping-taxable","15":"product-type-simple"},"acf":[],"yoast_head":"<!-- This site is optimized with the Yoast SEO plugin v27.4 - https:\/\/yoast.com\/product\/yoast-seo-wordpress\/ -->\n<title>Yering Station Village Pinot Noir 2019 - Rada Wines<\/title>\n<meta name=\"robots\" content=\"index, follow, max-snippet:-1, max-image-preview:large, max-video-preview:-1\" \/>\n<link rel=\"canonical\" href=\"https:\/\/www.ilovewines.vn\/vi\/san-pham\/yering-station-village-pinot-noir-2019\/\" \/>\n<meta property=\"og:locale\" content=\"vi_VN\" \/>\n<meta property=\"og:type\" content=\"article\" \/>\n<meta property=\"og:title\" content=\"Yering Station Village Pinot Noir 2019 - Rada Wines\" \/>\n<meta property=\"og:description\" content=\"Fragrant red raspberries, fine tannins and a savoury finish.\" \/>\n<meta property=\"og:url\" content=\"https:\/\/www.ilovewines.vn\/vi\/san-pham\/yering-station-village-pinot-noir-2019\/\" \/>\n<meta property=\"og:site_name\" content=\"Rada Wines\" \/>\n<meta property=\"article:modified_time\" content=\"2022-12-06T11:27:10+00:00\" \/>\n<meta property=\"og:image\" content=\"https:\/\/www.ilovewines.vn\/wp-content\/uploads\/2022\/06\/yerring_village_station_pinot_noir_613x766_4b711ff435974ab69b46df11880d88d5.png\" \/>\n\t<meta property=\"og:image:width\" content=\"613\" \/>\n\t<meta property=\"og:image:height\" content=\"766\" \/>\n\t<meta property=\"og:image:type\" content=\"image\/png\" \/>\n<meta name=\"twitter:card\" content=\"summary_large_image\" \/>\n<meta name=\"twitter:label1\" content=\"\u01af\u1edbc t\u00ednh th\u1eddi gian \u0111\u1ecdc\" \/>\n\t<meta name=\"twitter:data1\" content=\"1 ph\u00fat\" \/>\n<script type=\"application\/ld+json\" class=\"yoast-schema-graph\">{\"@context\":\"https:\\\/\\\/schema.org\",\"@graph\":[{\"@type\":\"WebPage\",\"@id\":\"https:\\\/\\\/www.ilovewines.vn\\\/product\\\/yering-station-village-pinot-noir-2019\\\/\",\"url\":\"https:\\\/\\\/www.ilovewines.vn\\\/product\\\/yering-station-village-pinot-noir-2019\\\/\",\"name\":\"Yering Station Village Pinot Noir 2019 - Rada Wines\",\"isPartOf\":{\"@id\":\"https:\\\/\\\/www.ilovewines.vn\\\/#website\"},\"primaryImageOfPage\":{\"@id\":\"https:\\\/\\\/www.ilovewines.vn\\\/product\\\/yering-station-village-pinot-noir-2019\\\/#primaryimage\"},\"image\":{\"@id\":\"https:\\\/\\\/www.ilovewines.vn\\\/product\\\/yering-station-village-pinot-noir-2019\\\/#primaryimage\"},\"thumbnailUrl\":\"https:\\\/\\\/www.ilovewines.vn\\\/wp-content\\\/uploads\\\/2022\\\/06\\\/yerring_village_station_pinot_noir_613x766_4b711ff435974ab69b46df11880d88d5.png\",\"datePublished\":\"2022-06-30T13:02:56+00:00\",\"dateModified\":\"2022-12-06T11:27:10+00:00\",\"breadcrumb\":{\"@id\":\"https:\\\/\\\/www.ilovewines.vn\\\/product\\\/yering-station-village-pinot-noir-2019\\\/#breadcrumb\"},\"inLanguage\":\"vi\",\"potentialAction\":[{\"@type\":\"ReadAction\",\"target\":[\"https:\\\/\\\/www.ilovewines.vn\\\/product\\\/yering-station-village-pinot-noir-2019\\\/\"]}]},{\"@type\":\"ImageObject\",\"inLanguage\":\"vi\",\"@id\":\"https:\\\/\\\/www.ilovewines.vn\\\/product\\\/yering-station-village-pinot-noir-2019\\\/#primaryimage\",\"url\":\"https:\\\/\\\/www.ilovewines.vn\\\/wp-content\\\/uploads\\\/2022\\\/06\\\/yerring_village_station_pinot_noir_613x766_4b711ff435974ab69b46df11880d88d5.png\",\"contentUrl\":\"https:\\\/\\\/www.ilovewines.vn\\\/wp-content\\\/uploads\\\/2022\\\/06\\\/yerring_village_station_pinot_noir_613x766_4b711ff435974ab69b46df11880d88d5.png\",\"width\":613,\"height\":766},{\"@type\":\"BreadcrumbList\",\"@id\":\"https:\\\/\\\/www.ilovewines.vn\\\/product\\\/yering-station-village-pinot-noir-2019\\\/#breadcrumb\",\"itemListElement\":[{\"@type\":\"ListItem\",\"position\":1,\"name\":\"Home\",\"item\":\"https:\\\/\\\/www.ilovewines.vn\\\/\"},{\"@type\":\"ListItem\",\"position\":2,\"name\":\"Catalogue\",\"item\":\"https:\\\/\\\/www.ilovewines.vn\\\/catalogue\\\/\"},{\"@type\":\"ListItem\",\"position\":3,\"name\":\"Yering Station Village Pinot Noir 2019\"}]},{\"@type\":\"WebSite\",\"@id\":\"https:\\\/\\\/www.ilovewines.vn\\\/#website\",\"url\":\"https:\\\/\\\/www.ilovewines.vn\\\/\",\"name\":\"Rada Wines\",\"description\":\"Just another WordPress site\",\"publisher\":{\"@id\":\"https:\\\/\\\/www.ilovewines.vn\\\/#organization\"},\"potentialAction\":[{\"@type\":\"SearchAction\",\"target\":{\"@type\":\"EntryPoint\",\"urlTemplate\":\"https:\\\/\\\/www.ilovewines.vn\\\/?s={search_term_string}\"},\"query-input\":{\"@type\":\"PropertyValueSpecification\",\"valueRequired\":true,\"valueName\":\"search_term_string\"}}],\"inLanguage\":\"vi\"},{\"@type\":\"Organization\",\"@id\":\"https:\\\/\\\/www.ilovewines.vn\\\/#organization\",\"name\":\"Rada Wines\",\"url\":\"https:\\\/\\\/www.ilovewines.vn\\\/\",\"logo\":{\"@type\":\"ImageObject\",\"inLanguage\":\"vi\",\"@id\":\"https:\\\/\\\/www.ilovewines.vn\\\/#\\\/schema\\\/logo\\\/image\\\/\",\"url\":\"https:\\\/\\\/www.ilovewines.vn\\\/wp-content\\\/uploads\\\/2022\\\/06\\\/cropped-162574230_380766779846763_4426584222903300096_n.jpg\",\"contentUrl\":\"https:\\\/\\\/www.ilovewines.vn\\\/wp-content\\\/uploads\\\/2022\\\/06\\\/cropped-162574230_380766779846763_4426584222903300096_n.jpg\",\"width\":320,\"height\":206,\"caption\":\"Rada Wines\"},\"image\":{\"@id\":\"https:\\\/\\\/www.ilovewines.vn\\\/#\\\/schema\\\/logo\\\/image\\\/\"}}]}<\/script>\n<!-- \/ Yoast SEO plugin. -->","yoast_head_json":{"title":"Yering Station Village Pinot Noir 2019 - Rada Wines","robots":{"index":"index","follow":"follow","max-snippet":"max-snippet:-1","max-image-preview":"max-image-preview:large","max-video-preview":"max-video-preview:-1"},"canonical":"https:\/\/www.ilovewines.vn\/vi\/san-pham\/yering-station-village-pinot-noir-2019\/","og_locale":"vi_VN","og_type":"article","og_title":"Yering Station Village Pinot Noir 2019 - Rada Wines","og_description":"Fragrant red raspberries, fine tannins and a savoury finish.","og_url":"https:\/\/www.ilovewines.vn\/vi\/san-pham\/yering-station-village-pinot-noir-2019\/","og_site_name":"Rada Wines","article_modified_time":"2022-12-06T11:27:10+00:00","og_image":[{"width":613,"height":766,"url":"https:\/\/www.ilovewines.vn\/wp-content\/uploads\/2022\/06\/yerring_village_station_pinot_noir_613x766_4b711ff435974ab69b46df11880d88d5.png","type":"image\/png"}],"twitter_card":"summary_large_image","twitter_misc":{"\u01af\u1edbc t\u00ednh th\u1eddi gian \u0111\u1ecdc":"1 ph\u00fat"},"schema":{"@context":"https:\/\/schema.org","@graph":[{"@type":"WebPage","@id":"https:\/\/www.ilovewines.vn\/product\/yering-station-village-pinot-noir-2019\/","url":"https:\/\/www.ilovewines.vn\/product\/yering-station-village-pinot-noir-2019\/","name":"Yering Station Village Pinot Noir 2019 - Rada Wines","isPartOf":{"@id":"https:\/\/www.ilovewines.vn\/#website"},"primaryImageOfPage":{"@id":"https:\/\/www.ilovewines.vn\/product\/yering-station-village-pinot-noir-2019\/#primaryimage"},"image":{"@id":"https:\/\/www.ilovewines.vn\/product\/yering-station-village-pinot-noir-2019\/#primaryimage"},"thumbnailUrl":"https:\/\/www.ilovewines.vn\/wp-content\/uploads\/2022\/06\/yerring_village_station_pinot_noir_613x766_4b711ff435974ab69b46df11880d88d5.png","datePublished":"2022-06-30T13:02:56+00:00","dateModified":"2022-12-06T11:27:10+00:00","breadcrumb":{"@id":"https:\/\/www.ilovewines.vn\/product\/yering-station-village-pinot-noir-2019\/#breadcrumb"},"inLanguage":"vi","potentialAction":[{"@type":"ReadAction","target":["https:\/\/www.ilovewines.vn\/product\/yering-station-village-pinot-noir-2019\/"]}]},{"@type":"ImageObject","inLanguage":"vi","@id":"https:\/\/www.ilovewines.vn\/product\/yering-station-village-pinot-noir-2019\/#primaryimage","url":"https:\/\/www.ilovewines.vn\/wp-content\/uploads\/2022\/06\/yerring_village_station_pinot_noir_613x766_4b711ff435974ab69b46df11880d88d5.png","contentUrl":"https:\/\/www.ilovewines.vn\/wp-content\/uploads\/2022\/06\/yerring_village_station_pinot_noir_613x766_4b711ff435974ab69b46df11880d88d5.png","width":613,"height":766},{"@type":"BreadcrumbList","@id":"https:\/\/www.ilovewines.vn\/product\/yering-station-village-pinot-noir-2019\/#breadcrumb","itemListElement":[{"@type":"ListItem","position":1,"name":"Home","item":"https:\/\/www.ilovewines.vn\/"},{"@type":"ListItem","position":2,"name":"Catalogue","item":"https:\/\/www.ilovewines.vn\/catalogue\/"},{"@type":"ListItem","position":3,"name":"Yering Station Village Pinot Noir 2019"}]},{"@type":"WebSite","@id":"https:\/\/www.ilovewines.vn\/#website","url":"https:\/\/www.ilovewines.vn\/","name":"Rada Wines","description":"Just another WordPress site","publisher":{"@id":"https:\/\/www.ilovewines.vn\/#organization"},"potentialAction":[{"@type":"SearchAction","target":{"@type":"EntryPoint","urlTemplate":"https:\/\/www.ilovewines.vn\/?s={search_term_string}"},"query-input":{"@type":"PropertyValueSpecification","valueRequired":true,"valueName":"search_term_string"}}],"inLanguage":"vi"},{"@type":"Organization","@id":"https:\/\/www.ilovewines.vn\/#organization","name":"Rada Wines","url":"https:\/\/www.ilovewines.vn\/","logo":{"@type":"ImageObject","inLanguage":"vi","@id":"https:\/\/www.ilovewines.vn\/#\/schema\/logo\/image\/","url":"https:\/\/www.ilovewines.vn\/wp-content\/uploads\/2022\/06\/cropped-162574230_380766779846763_4426584222903300096_n.jpg","contentUrl":"https:\/\/www.ilovewines.vn\/wp-content\/uploads\/2022\/06\/cropped-162574230_380766779846763_4426584222903300096_n.jpg","width":320,"height":206,"caption":"Rada Wines"},"image":{"@id":"https:\/\/www.ilovewines.vn\/#\/schema\/logo\/image\/"}}]}},"_links":{"self":[{"href":"https:\/\/www.ilovewines.vn\/vi\/wp-json\/wp\/v2\/product\/1427","targetHints":{"allow":["GET"]}}],"collection":[{"href":"https:\/\/www.ilovewines.vn\/vi\/wp-json\/wp\/v2\/product"}],"about":[{"href":"https:\/\/www.ilovewines.vn\/vi\/wp-json\/wp\/v2\/types\/product"}],"version-history":[{"count":0,"href":"https:\/\/www.ilovewines.vn\/vi\/wp-json\/wp\/v2\/product\/1427\/revisions"}],"wp:featuredmedia":[{"embeddable":true,"href":"https:\/\/www.ilovewines.vn\/vi\/wp-json\/wp\/v2\/media\/1426"}],"wp:attachment":[{"href":"https:\/\/www.ilovewines.vn\/vi\/wp-json\/wp\/v2\/media?parent=1427"}],"wp:term":[{"taxonomy":"product_brand","embeddable":true,"href":"https:\/\/www.ilovewines.vn\/vi\/wp-json\/wp\/v2\/product_brand?post=1427"},{"taxonomy":"product_cat","embeddable":true,"href":"https:\/\/www.ilovewines.vn\/vi\/wp-json\/wp\/v2\/product_cat?post=1427"},{"taxonomy":"product_tag","embeddable":true,"href":"https:\/\/www.ilovewines.vn\/vi\/wp-json\/wp\/v2\/product_tag?post=1427"},{"taxonomy":"grape_varietal","embeddable":true,"href":"https:\/\/www.ilovewines.vn\/vi\/wp-json\/wp\/v2\/grape_varietal?post=1427"},{"taxonomy":"wine_regions","embeddable":true,"href":"https:\/\/www.ilovewines.vn\/vi\/wp-json\/wp\/v2\/wine_regions?post=1427"}],"curies":[{"name":"wp","href":"https:\/\/api.w.org\/{rel}","templated":true}]}}