{"id":1638,"date":"2022-07-07T21:29:14","date_gmt":"2022-07-08T03:29:14","guid":{"rendered":"https:\/\/www.ilovewines.vn\/product\/kilikanoon-morts-block-watervale-riesling-2019-2\/"},"modified":"2023-11-29T06:39:46","modified_gmt":"2023-11-29T13:39:46","slug":"kilikanoon-morts-block-watervale-riesling-2019-2","status":"publish","type":"product","link":"https:\/\/www.ilovewines.vn\/vi\/product\/kilikanoon-morts-block-watervale-riesling-2019-2\/","title":{"rendered":"Kilikanoon Mort&#8217;s Block Watervale Riesling"},"content":{"rendered":"<p style=\"text-align: justify;\"><strong>C\u1ea2M QUAN<\/strong><br \/>\n<b>M\u00e0u s\u1eafc: <\/b>M\u00e0u r\u01a1m nh\u1ea1t v\u1edbi \u0111\u1ed9 trong v\u00e0 s\u1eafc xanh t\u01b0\u01a1i tr\u1ebb.<br \/>\n<strong>Kh\u1ee9u gi\u00e1c: <\/strong>M\u1ed9t lo\u1ea1i h\u01b0\u01a1ng th\u01a1m \u0111\u1eb7c tr\u01b0ng v\u1edbi h\u01b0\u01a1ng cam chanh \u0111\u01b0\u1ee3c n\u00e2ng l\u00ean, chanh t\u01b0\u01a1i v\u1eaft v\u00e0 c\u00e1c s\u1eafc th\u00e1i hoa tuy\u1ec7t v\u1eddi.<br \/>\n<strong>Kh\u1ea9u v\u1ecb:\u00a0<\/strong>H\u1ea5p d\u1eabn, s\u1ed1ng \u0111\u1ed9ng, v\u00f2m mi\u1ec7ng c\u00e2n b\u1eb1ng ho\u00e0n h\u1ea3o gi\u1eefa h\u01b0\u01a1ng v\u1ecb c\u1ee7a n\u01b0\u1edbc chanh, chanh s\u1eefa v\u00e0 h\u01b0\u01a1ng nhi\u1ec7t \u0111\u1edbi tinh t\u1ebf v\u1edbi v\u1ecb chua\u00a0t\u1ef1 nhi\u00ean v\u1edbi h\u1eadu v\u1ecb b\u00f9ng n\u1ed5, nh\u01b0ng ch\u1eb7t ch\u1ebd, dai d\u1eb3ng. M\u1ed9t lo\u1ea1i r\u01b0\u1ee3u c\u00f3 th\u1ec3 c\u1ea5t gi\u1eef l\u00e2u n\u0103m h\u01a1n n\u1eefa.\u00a0<\/p>\n<p style=\"text-align: justify;\"><strong>C\u1ea4T TR\u1eee<\/strong><\/p>\n<p style=\"text-align: justify;\">C\u00f3 th\u1ec3 c\u1ea5t gi\u1eef \u00edt nh\u1ea5t 10\u00a0n\u0103m trong h\u1ea7m r\u01b0\u1ee3u.<\/p>\n<p style=\"text-align: justify;\"><strong>C\u00c2U CHUY\u1ec6N<\/strong><\/p>\n<p>C\u00e1c l\u00f4 h\u00e0ng \u0111\u01b0\u1ee3c l\u1ef1a ch\u1ecdn th\u1ee7 c\u00f4ng \u0111\u01b0\u1ee3c ch\u1ecdn t\u1eeb kh\u1eafp c\u00e1c v\u01b0\u1eddn nho Golden Hillside n\u1ed5i ti\u1ebfng c\u1ee7a ch\u00fang t\u00f4i, bao g\u1ed3m c\u1ea3 V\u01b0\u1eddn nho Mort\u2019s Block n\u01a1i\u00a0\u0111\u00e3 kh\u1edfi \u0111\u1ea7u t\u1ea5t c\u1ea3. 100% tr\u00e1i c\u00e2y t\u1eeb Watervale, ch\u1ec9 c\u00e1ch nh\u00e0 m\u00e1y r\u01b0\u1ee3u Kilikanoon v\u00e0i ph\u00fat di chuy\u1ec3n.<\/p>\n<p>M\u1ed9t lo\u1ea1i c\u00e2y c\u1ed5 \u0111i\u1ec3n th\u01b0\u1eddng m\u00e1t v\u00e0 kh\u00f4 v\u1edbi l\u01b0\u1ee3ng m\u01b0a th\u1ea5p h\u01a1n m\u1ee9c trung b\u00ecnh tr\u01b0\u1edbc v\u00e0 trong khi thu ho\u1ea1ch. M\u1eb7c d\u00f9 \u0111i\u1ec1u ki\u1ec7n kh\u00f4 h\u1ea1n h\u01a1n, m\u1ee9c \u0111\u1ed9 thu ho\u1ea1ch nh\u00ecn chung l\u00e0 \u1edf m\u1ee9c trung b\u00ecnh, v\u1edbi s\u1ef1 ch\u00edn \u0111\u1ec1u v\u00e0 ph\u00e1t tri\u1ec3n h\u01b0\u01a1ng v\u1ecb ho\u00e0n h\u1ea3o tr\u00ean t\u1ea5t c\u1ea3 c\u00e1c v\u01b0\u1eddn nho Golden Hillside c\u1ee7a ch\u00fang t\u00f4i.<\/p>\n<p style=\"text-align: justify;\"><strong>QU\u00c1 TR\u00ccNH S\u1ea2N XU\u1ea4T<\/strong><\/p>\n<p>M\u1ed9t n\u0103m ch\u1ea5t l\u01b0\u1ee3ng cao, v\u1edbi t\u1ea5t c\u1ea3 c\u00e1c l\u00f4 nho\u00a0\u0111\u01b0\u1ee3c l\u01b0u gi\u1eef v\u00e0 l\u00e0m s\u1ea1ch ri\u00eang bi\u1ec7t cho \u0111\u1ebfn khi chi\u1ebfc cuv\u00e9e cu\u1ed1i c\u00f9ng \u0111\u01b0\u1ee3c l\u1eafp r\u00e1p. C\u00e1c l\u1ef1a ch\u1ecdn ch\u1ee7 y\u1ebfu \u0111\u01b0\u1ee3c ch\u1ecdn b\u1eb1ng tay v\u00e0 ph\u00e2n lo\u1ea1i b\u1eb1ng tay \u0111\u01b0\u1ee3c nghi\u1ec1n n\u00e1t, kh\u1eed m\u00f9i v\u00e0 l\u00ean men ngu\u1ed9i, cho ph\u00e9p gi\u1eef l\u1ea1i c\u01b0\u1eddng \u0111\u1ed9 h\u01b0\u01a1ng v\u1ecb n\u1ed5i ti\u1ebfng v\u00e0 \u0111\u1ed9 chua t\u1ef1 nhi\u00ean r\u00f5 r\u00e0ng c\u1ee7a gi\u1ed1ng trong su\u1ed1t qu\u00e1 tr\u00ecnh.<\/p>\n<p><a href=\"https:\/\/www.ilovewines.vn\/wp-content\/uploads\/2023\/11\/Kilikanoon-Awards-one-pager-Nov-23.pdf\" target=\"_blank\" rel=\"noopener\">KILIKANOON AWARDS 2023 (updated on 28 Nov. 2023)<\/a><\/p>\n<p>\u0110\u1ec3 bi\u1ebft th\u00eam v\u1ec1 c\u00e1c gi\u1ea3i th\u01b0\u1edfng c\u1ee5 th\u1ec3 c\u1ee7a Kilikanoon, nh\u1ea5p v\u00e0o \u0111\u00e2y <strong><a href=\"https:\/\/www.ilovewines.vn\/wp-content\/uploads\/2022\/12\/Kilikanoon-Awards.pdf\" target=\"_blank\" rel=\"noopener\">Kilikanoon Awards<\/a><\/strong><\/p>","protected":false},"excerpt":{"rendered":"<p>Bi\u1ec3u hi\u1ec7n m\u1ea1nh m\u1ebd, \u0111\u1ea1i di\u1ec7n cho m\u1ed9t trong nh\u1eefng lo\u1ea1i r\u01b0\u1ee3u t\u1ed1t nh\u1ea5t c\u1ee7a v\u00f9ng Thung l\u0169ng Clare. Kh\u1ea3 n\u0103ng c\u1ea5t tr\u1eef l\u00e2u d\u00e0i.<\/p>","protected":false},"featured_media":1300,"template":"","meta":{"_acf_changed":false},"product_brand":[],"product_cat":[2640,89],"product_tag":[],"grape_varietal":[2475],"wine_regions":[2418],"class_list":{"0":"post-1638","1":"product","2":"type-product","3":"status-publish","4":"has-post-thumbnail","6":"product_cat-catalogue","7":"product_cat-white-wine","8":"pa_brand-kilikanoon","9":"grape_varietal-riesling","10":"wine_regions-clare-valley","12":"first","13":"instock","14":"shipping-taxable","15":"product-type-simple"},"acf":[],"yoast_head":"<!-- This site is optimized with the Yoast SEO plugin v27.4 - https:\/\/yoast.com\/product\/yoast-seo-wordpress\/ -->\n<title>Kilikanoon Mort&#039;s Block Watervale Riesling - Rada Wines<\/title>\n<meta name=\"robots\" content=\"index, follow, max-snippet:-1, max-image-preview:large, max-video-preview:-1\" \/>\n<link rel=\"canonical\" href=\"https:\/\/www.ilovewines.vn\/vi\/san-pham\/kilikanoon-morts-block-watervale-riesling-2019-2\/\" \/>\n<meta property=\"og:locale\" content=\"vi_VN\" \/>\n<meta property=\"og:type\" content=\"article\" \/>\n<meta property=\"og:title\" content=\"Kilikanoon Mort&#039;s Block Watervale Riesling - Rada Wines\" \/>\n<meta property=\"og:description\" content=\"An intense expression, representing one of Clare Valley&#039;s best. Long cellaring potential\" \/>\n<meta property=\"og:url\" content=\"https:\/\/www.ilovewines.vn\/vi\/san-pham\/kilikanoon-morts-block-watervale-riesling-2019-2\/\" \/>\n<meta property=\"og:site_name\" content=\"Rada Wines\" \/>\n<meta property=\"article:modified_time\" content=\"2023-11-29T13:39:46+00:00\" \/>\n<meta property=\"og:image\" content=\"https:\/\/www.ilovewines.vn\/wp-content\/uploads\/2022\/06\/mort_block.jpg_a186b2a47f0947e9aa0d88ee311ff048.png\" \/>\n\t<meta property=\"og:image:width\" content=\"600\" \/>\n\t<meta property=\"og:image:height\" content=\"800\" \/>\n\t<meta property=\"og:image:type\" content=\"image\/png\" \/>\n<meta name=\"twitter:card\" content=\"summary_large_image\" \/>\n<meta name=\"twitter:label1\" content=\"\u01af\u1edbc t\u00ednh th\u1eddi gian \u0111\u1ecdc\" \/>\n\t<meta name=\"twitter:data1\" content=\"1 ph\u00fat\" \/>\n<script type=\"application\/ld+json\" class=\"yoast-schema-graph\">{\"@context\":\"https:\\\/\\\/schema.org\",\"@graph\":[{\"@type\":\"WebPage\",\"@id\":\"https:\\\/\\\/www.ilovewines.vn\\\/product\\\/kilikanoon-morts-block-watervale-riesling-2019-2\\\/\",\"url\":\"https:\\\/\\\/www.ilovewines.vn\\\/product\\\/kilikanoon-morts-block-watervale-riesling-2019-2\\\/\",\"name\":\"Kilikanoon Mort's Block Watervale Riesling - Rada Wines\",\"isPartOf\":{\"@id\":\"https:\\\/\\\/www.ilovewines.vn\\\/#website\"},\"primaryImageOfPage\":{\"@id\":\"https:\\\/\\\/www.ilovewines.vn\\\/product\\\/kilikanoon-morts-block-watervale-riesling-2019-2\\\/#primaryimage\"},\"image\":{\"@id\":\"https:\\\/\\\/www.ilovewines.vn\\\/product\\\/kilikanoon-morts-block-watervale-riesling-2019-2\\\/#primaryimage\"},\"thumbnailUrl\":\"https:\\\/\\\/www.ilovewines.vn\\\/wp-content\\\/uploads\\\/2022\\\/06\\\/mort_block.jpg_a186b2a47f0947e9aa0d88ee311ff048.png\",\"datePublished\":\"2022-07-08T03:29:14+00:00\",\"dateModified\":\"2023-11-29T13:39:46+00:00\",\"breadcrumb\":{\"@id\":\"https:\\\/\\\/www.ilovewines.vn\\\/product\\\/kilikanoon-morts-block-watervale-riesling-2019-2\\\/#breadcrumb\"},\"inLanguage\":\"vi\",\"potentialAction\":[{\"@type\":\"ReadAction\",\"target\":[\"https:\\\/\\\/www.ilovewines.vn\\\/product\\\/kilikanoon-morts-block-watervale-riesling-2019-2\\\/\"]}]},{\"@type\":\"ImageObject\",\"inLanguage\":\"vi\",\"@id\":\"https:\\\/\\\/www.ilovewines.vn\\\/product\\\/kilikanoon-morts-block-watervale-riesling-2019-2\\\/#primaryimage\",\"url\":\"https:\\\/\\\/www.ilovewines.vn\\\/wp-content\\\/uploads\\\/2022\\\/06\\\/mort_block.jpg_a186b2a47f0947e9aa0d88ee311ff048.png\",\"contentUrl\":\"https:\\\/\\\/www.ilovewines.vn\\\/wp-content\\\/uploads\\\/2022\\\/06\\\/mort_block.jpg_a186b2a47f0947e9aa0d88ee311ff048.png\",\"width\":600,\"height\":800},{\"@type\":\"BreadcrumbList\",\"@id\":\"https:\\\/\\\/www.ilovewines.vn\\\/product\\\/kilikanoon-morts-block-watervale-riesling-2019-2\\\/#breadcrumb\",\"itemListElement\":[{\"@type\":\"ListItem\",\"position\":1,\"name\":\"Home\",\"item\":\"https:\\\/\\\/www.ilovewines.vn\\\/\"},{\"@type\":\"ListItem\",\"position\":2,\"name\":\"Catalogue\",\"item\":\"https:\\\/\\\/www.ilovewines.vn\\\/catalogue\\\/\"},{\"@type\":\"ListItem\",\"position\":3,\"name\":\"Kilikanoon Mort&#8217;s Block Watervale Riesling\"}]},{\"@type\":\"WebSite\",\"@id\":\"https:\\\/\\\/www.ilovewines.vn\\\/#website\",\"url\":\"https:\\\/\\\/www.ilovewines.vn\\\/\",\"name\":\"Rada Wines\",\"description\":\"Just another WordPress site\",\"publisher\":{\"@id\":\"https:\\\/\\\/www.ilovewines.vn\\\/#organization\"},\"potentialAction\":[{\"@type\":\"SearchAction\",\"target\":{\"@type\":\"EntryPoint\",\"urlTemplate\":\"https:\\\/\\\/www.ilovewines.vn\\\/?s={search_term_string}\"},\"query-input\":{\"@type\":\"PropertyValueSpecification\",\"valueRequired\":true,\"valueName\":\"search_term_string\"}}],\"inLanguage\":\"vi\"},{\"@type\":\"Organization\",\"@id\":\"https:\\\/\\\/www.ilovewines.vn\\\/#organization\",\"name\":\"Rada Wines\",\"url\":\"https:\\\/\\\/www.ilovewines.vn\\\/\",\"logo\":{\"@type\":\"ImageObject\",\"inLanguage\":\"vi\",\"@id\":\"https:\\\/\\\/www.ilovewines.vn\\\/#\\\/schema\\\/logo\\\/image\\\/\",\"url\":\"https:\\\/\\\/www.ilovewines.vn\\\/wp-content\\\/uploads\\\/2022\\\/06\\\/cropped-162574230_380766779846763_4426584222903300096_n.jpg\",\"contentUrl\":\"https:\\\/\\\/www.ilovewines.vn\\\/wp-content\\\/uploads\\\/2022\\\/06\\\/cropped-162574230_380766779846763_4426584222903300096_n.jpg\",\"width\":320,\"height\":206,\"caption\":\"Rada Wines\"},\"image\":{\"@id\":\"https:\\\/\\\/www.ilovewines.vn\\\/#\\\/schema\\\/logo\\\/image\\\/\"}}]}<\/script>\n<!-- \/ Yoast SEO plugin. -->","yoast_head_json":{"title":"Kilikanoon Mort's Block Watervale Riesling - Rada Wines","robots":{"index":"index","follow":"follow","max-snippet":"max-snippet:-1","max-image-preview":"max-image-preview:large","max-video-preview":"max-video-preview:-1"},"canonical":"https:\/\/www.ilovewines.vn\/vi\/san-pham\/kilikanoon-morts-block-watervale-riesling-2019-2\/","og_locale":"vi_VN","og_type":"article","og_title":"Kilikanoon Mort's Block Watervale Riesling - Rada Wines","og_description":"An intense expression, representing one of Clare Valley's best. Long cellaring potential","og_url":"https:\/\/www.ilovewines.vn\/vi\/san-pham\/kilikanoon-morts-block-watervale-riesling-2019-2\/","og_site_name":"Rada Wines","article_modified_time":"2023-11-29T13:39:46+00:00","og_image":[{"width":600,"height":800,"url":"https:\/\/www.ilovewines.vn\/wp-content\/uploads\/2022\/06\/mort_block.jpg_a186b2a47f0947e9aa0d88ee311ff048.png","type":"image\/png"}],"twitter_card":"summary_large_image","twitter_misc":{"\u01af\u1edbc t\u00ednh th\u1eddi gian \u0111\u1ecdc":"1 ph\u00fat"},"schema":{"@context":"https:\/\/schema.org","@graph":[{"@type":"WebPage","@id":"https:\/\/www.ilovewines.vn\/product\/kilikanoon-morts-block-watervale-riesling-2019-2\/","url":"https:\/\/www.ilovewines.vn\/product\/kilikanoon-morts-block-watervale-riesling-2019-2\/","name":"Kilikanoon Mort's Block Watervale Riesling - Rada Wines","isPartOf":{"@id":"https:\/\/www.ilovewines.vn\/#website"},"primaryImageOfPage":{"@id":"https:\/\/www.ilovewines.vn\/product\/kilikanoon-morts-block-watervale-riesling-2019-2\/#primaryimage"},"image":{"@id":"https:\/\/www.ilovewines.vn\/product\/kilikanoon-morts-block-watervale-riesling-2019-2\/#primaryimage"},"thumbnailUrl":"https:\/\/www.ilovewines.vn\/wp-content\/uploads\/2022\/06\/mort_block.jpg_a186b2a47f0947e9aa0d88ee311ff048.png","datePublished":"2022-07-08T03:29:14+00:00","dateModified":"2023-11-29T13:39:46+00:00","breadcrumb":{"@id":"https:\/\/www.ilovewines.vn\/product\/kilikanoon-morts-block-watervale-riesling-2019-2\/#breadcrumb"},"inLanguage":"vi","potentialAction":[{"@type":"ReadAction","target":["https:\/\/www.ilovewines.vn\/product\/kilikanoon-morts-block-watervale-riesling-2019-2\/"]}]},{"@type":"ImageObject","inLanguage":"vi","@id":"https:\/\/www.ilovewines.vn\/product\/kilikanoon-morts-block-watervale-riesling-2019-2\/#primaryimage","url":"https:\/\/www.ilovewines.vn\/wp-content\/uploads\/2022\/06\/mort_block.jpg_a186b2a47f0947e9aa0d88ee311ff048.png","contentUrl":"https:\/\/www.ilovewines.vn\/wp-content\/uploads\/2022\/06\/mort_block.jpg_a186b2a47f0947e9aa0d88ee311ff048.png","width":600,"height":800},{"@type":"BreadcrumbList","@id":"https:\/\/www.ilovewines.vn\/product\/kilikanoon-morts-block-watervale-riesling-2019-2\/#breadcrumb","itemListElement":[{"@type":"ListItem","position":1,"name":"Home","item":"https:\/\/www.ilovewines.vn\/"},{"@type":"ListItem","position":2,"name":"Catalogue","item":"https:\/\/www.ilovewines.vn\/catalogue\/"},{"@type":"ListItem","position":3,"name":"Kilikanoon Mort&#8217;s Block Watervale Riesling"}]},{"@type":"WebSite","@id":"https:\/\/www.ilovewines.vn\/#website","url":"https:\/\/www.ilovewines.vn\/","name":"Rada Wines","description":"Just another WordPress site","publisher":{"@id":"https:\/\/www.ilovewines.vn\/#organization"},"potentialAction":[{"@type":"SearchAction","target":{"@type":"EntryPoint","urlTemplate":"https:\/\/www.ilovewines.vn\/?s={search_term_string}"},"query-input":{"@type":"PropertyValueSpecification","valueRequired":true,"valueName":"search_term_string"}}],"inLanguage":"vi"},{"@type":"Organization","@id":"https:\/\/www.ilovewines.vn\/#organization","name":"Rada Wines","url":"https:\/\/www.ilovewines.vn\/","logo":{"@type":"ImageObject","inLanguage":"vi","@id":"https:\/\/www.ilovewines.vn\/#\/schema\/logo\/image\/","url":"https:\/\/www.ilovewines.vn\/wp-content\/uploads\/2022\/06\/cropped-162574230_380766779846763_4426584222903300096_n.jpg","contentUrl":"https:\/\/www.ilovewines.vn\/wp-content\/uploads\/2022\/06\/cropped-162574230_380766779846763_4426584222903300096_n.jpg","width":320,"height":206,"caption":"Rada Wines"},"image":{"@id":"https:\/\/www.ilovewines.vn\/#\/schema\/logo\/image\/"}}]}},"_links":{"self":[{"href":"https:\/\/www.ilovewines.vn\/vi\/wp-json\/wp\/v2\/product\/1638","targetHints":{"allow":["GET"]}}],"collection":[{"href":"https:\/\/www.ilovewines.vn\/vi\/wp-json\/wp\/v2\/product"}],"about":[{"href":"https:\/\/www.ilovewines.vn\/vi\/wp-json\/wp\/v2\/types\/product"}],"version-history":[{"count":2,"href":"https:\/\/www.ilovewines.vn\/vi\/wp-json\/wp\/v2\/product\/1638\/revisions"}],"predecessor-version":[{"id":4556,"href":"https:\/\/www.ilovewines.vn\/vi\/wp-json\/wp\/v2\/product\/1638\/revisions\/4556"}],"wp:featuredmedia":[{"embeddable":true,"href":"https:\/\/www.ilovewines.vn\/vi\/wp-json\/wp\/v2\/media\/1300"}],"wp:attachment":[{"href":"https:\/\/www.ilovewines.vn\/vi\/wp-json\/wp\/v2\/media?parent=1638"}],"wp:term":[{"taxonomy":"product_brand","embeddable":true,"href":"https:\/\/www.ilovewines.vn\/vi\/wp-json\/wp\/v2\/product_brand?post=1638"},{"taxonomy":"product_cat","embeddable":true,"href":"https:\/\/www.ilovewines.vn\/vi\/wp-json\/wp\/v2\/product_cat?post=1638"},{"taxonomy":"product_tag","embeddable":true,"href":"https:\/\/www.ilovewines.vn\/vi\/wp-json\/wp\/v2\/product_tag?post=1638"},{"taxonomy":"grape_varietal","embeddable":true,"href":"https:\/\/www.ilovewines.vn\/vi\/wp-json\/wp\/v2\/grape_varietal?post=1638"},{"taxonomy":"wine_regions","embeddable":true,"href":"https:\/\/www.ilovewines.vn\/vi\/wp-json\/wp\/v2\/wine_regions?post=1638"}],"curies":[{"name":"wp","href":"https:\/\/api.w.org\/{rel}","templated":true}]}}