{"id":1650,"date":"2022-07-07T21:29:16","date_gmt":"2022-07-08T03:29:16","guid":{"rendered":"https:\/\/www.ilovewines.vn\/product\/yering-station-shiraz-viognier-2017\/"},"modified":"2023-07-12T21:10:15","modified_gmt":"2023-07-13T03:10:15","slug":"yering-station-shiraz-viognier-2019","status":"publish","type":"product","link":"https:\/\/www.ilovewines.vn\/vi\/product\/yering-station-shiraz-viognier-2019\/","title":{"rendered":"Yering Station Shiraz Viognier"},"content":{"rendered":"<h2>C\u1ea2M QUAN<\/h2>\n<p><strong>TH\u1eca GI\u00c1C\u00a0\u00a0\u00a0\u00a0\u00a0\u00a0\u00a0\u00a0\u00a0\u00a0\u00a0\u00a0\u00a0\u00a0\u00a0\u00a0\u00a0 <\/strong>M\u00e0u \u0111\u1ecf th\u1eafm.<\/p>\n<p><strong>KH\u1ee8U GI\u00c1C\u00a0 \u00a0 \u00a0 \u00a0 \u00a0 \u00a0 \u00a0 \u00a0 \u00a0 \u00a0 \u00a0 \u00a0<\/strong>H\u01b0\u01a1ng m\u1eadn v\u00e0 g\u1ed7 s\u1ed3i Ph\u00e1p.<\/p>\n<p><strong>\u00a0V\u1eca GI\u00c1C\u00a0\u00a0\u00a0\u00a0\u00a0\u00a0\u00a0\u00a0\u00a0\u00a0\u00a0\u00a0\u00a0\u00a0\u00a0\u00a0\u00a0\u00a0\u00a0<\/strong>\u00a0\u00a0M\u1ea3nh d\u1ebb v\u00e0 tinh vi. Qu\u1ea3 m\u1ecdng \u0111en v\u00e0 qu\u1ea3 m\u1eadn ch\u00edn m\u1ecdng \u0111\u1eb9p m\u1eaft v\u1edbi h\u1ea1t ti\u00eau v\u00e0 gia v\u1ecb h\u1ed3i. C\u00e2n b\u1eb1ng v\u00e0 ph\u1ee9c t\u1ea1p, ph\u1ea7n gi\u1eefa v\u00f2m mi\u1ec7ng k\u00e9o d\u00e0i, t\u1ea1o n\u00ean m\u1ed9t k\u1ebft th\u00fac d\u00e0i v\u00e0 duy\u00ean d\u00e1ng.<\/p>\n<p>C\u00e2n b\u1eb1ng v\u00e0 ph\u1ee9c t\u1ea1p, v\u00f2m mi\u1ec7ng gi\u1eefa k\u00e9o d\u00e0i m\u1ed9t c\u00e1ch li\u1ec1n m\u1ea1ch cho \u0111\u1ebfn m\u1ed9t k\u1ebft th\u00fac d\u00e0i v\u00e0 duy\u00ean d\u00e1ng. Tannin m\u01b0\u1ee3t nh\u01b0 nhung h\u1ed7 tr\u1ee3 tr\u00e1i c\u00e2y v\u00e0 t\u0103ng c\u01b0\u1eddng \u0111\u1ed9 phong ph\u00fa c\u1ee7a t\u1ed5ng th\u1ec3.<\/p>\n<p><strong>\u00a0B\u1ea2O QU\u1ea2N\u00a0\u00a0\u00a0\u00a0\u00a0\u00a0\u00a0\u00a0\u00a0\u00a0\u00a0\u00a0\u00a0\u00a0\u00a0\u00a0\u00a0\u00a0\u00a0\u00a0 <\/strong>2027<\/p>\n<p>&nbsp;<\/p>\n<h2>NI\u00caN V\u1ee4<\/h2>\n<p>2017 l\u00e0 m\u1ed9t n\u0103m \u0111\u1eb7c bi\u1ec7t. M\u1ed9t m\u00f9a ph\u00e1t tri\u1ec3n ti\u00eau bi\u1ec3u c\u1ee7a Thung l\u0169ng Yarra. M\u00f9a xu\u00e2n \u1ea9m \u01b0\u1edbt k\u00e9o theo nhi\u1ec7t \u0111\u1ed9 h\u00e0ng ng\u00e0y v\u1eeba ph\u1ea3i v\u00e0 \u0111\u00eam m\u00e1t m\u1ebb. D\u00e2y leo c\u00e2n b\u1eb1ng ho\u00e0n h\u1ea3o cho ph\u00e9p nho ch\u00edn trong \u0111i\u1ec1u ki\u1ec7n t\u1ed1i \u01b0u.<\/p>\n<p>Trong nh\u1eefng n\u0103m n\u00e0y, h\u01b0\u01a1ng v\u1ecb tr\u00e1i c\u00e2y nguy\u00ean s\u01a1 k\u1ebft h\u1ee3p v\u1edbi v\u1ecb \u0111\u1eadm \u0111\u00e0 v\u00e0 s\u1ee9c m\u1ea1nh c\u1ee7a c\u00e2y mang l\u1ea1i s\u1ef1 c\u00e2n b\u1eb1ng v\u00e0 tu\u1ed5i th\u1ecd cho r\u01b0\u1ee3u vang \u00fac.<\/p>\n<p>&nbsp;<\/p>\n<h3>QU\u00c1 TR\u00ccNH S\u1ea2N XU\u1ea4T<\/h3>\n<p>\u0110\u01b0\u1ee3c thu ho\u1ea1ch b\u1eb1ng tay v\u00e0 b\u1ecf cu\u1ed1ng, to\u00e0n b\u1ed9 s\u1ed1 nho \u0111\u00e3 \u0111\u01b0\u1ee3c ng\u00e2m n\u01b0\u1edbc l\u1ea1nh trong v\u00f2ng 4 ng\u00e0y, tr\u01b0\u1edbc khi \u0111\u01b0\u1ee3c \u0111i x\u1eed l\u00fd. 3% nho gi\u1ed1ng Viognier \u0111\u01b0\u1ee3c cho l\u00ean men c\u00f9ng s\u1ed1 nho Shiraz trong c\u00e1c th\u00f9ng l\u00ean men m\u1edf n\u1eafp. C\u00e1c th\u00f9ng n\u00e0y sau \u0111\u00f3 \u0111\u01b0\u1ee3c b\u01a1m li\u00ean t\u1ee5c 2 l\u1ea7n\/ng\u00e0y, v\u00e0 \u0111\u01b0\u1ee3c \u00e9p v\u00e0o th\u00f9ng g\u1ed7 s\u1ed3i \u1edf cu\u1ed1i qu\u00e1 tr\u00ecnh l\u00ean men.<\/p>\n<p>&nbsp;<\/p>\n<p><span style=\"font-size: 11pt;\"><strong>PH\u00c2N T\u00cdCH<\/strong><\/span><\/p>\n<p><strong>\u0110\u1ed9 c\u1ed3n:\u00a0<\/strong>14.2%<\/p>\n<p><strong>\u0110\u1ed9 pH\u00a0<\/strong>3.55<\/p>\n<p><strong>T.GIAN<\/strong> <strong>TI\u1ebeP X\u00daC<\/strong> <strong>TIME:\u00a0<\/strong>14 ng\u00e0y<\/p>\n<p><strong>G\u1ed6 S\u1ed2I<\/strong> <strong>ORIGIN:\u00a0<\/strong>100% th\u00f9ng g\u1ed7 s\u1ed3i Ph\u00e1p<\/p>\n<p><strong>G\u1ed6 S\u1ed2I<\/strong> <strong>AGE:\u00a0<\/strong>32% m\u1edbi c\u1ee9ng<\/p>\n<p><strong>V\u1ece NHO<\/strong> <strong>\u1ee6<\/strong> <strong>BARREL:\u00a0<\/strong>18 th\u00e1ng<\/p>\n<p><strong>L\u00caN MEN AXIT MALIC\u00a0<\/strong>100%<\/p>\n<p><strong>LO\u1ea0I \u00a0\u00a0<\/strong> <strong>TYPE:\u00a0<\/strong>Rhone<\/p>\n<p><strong>P.PH\u00c1P L\u00caN MEN\u00a0\u00a0\u00a0\u00a0\u00a0\u00a0<\/strong>C\u00e1c th\u00f9ng l\u00ean men 5 t\u1ea5n m\u1edf n\u1eafp<\/p>\n<p><strong>TH\u1edcI GIAN L\u00caN MEN\u00a0<\/strong> <strong>TIME:\u00a0<\/strong>14 ng\u00e0y<\/p>\n<p><strong>L\u01af\u1ee2NG \u0110\u01af\u1edcNG<\/strong> <strong>SUGAR:\u00a0<\/strong>0.37g\/L<\/p>\n<p>&nbsp;<\/p>\n<h3>QU\u00c1 TR\u00ccNH TR\u1ed2NG NHO<\/h3>\n<h2><span style=\"font-size: 11pt;\">GI\u1ed0NG NHO \u00a0\u00a0\u00a0\u00a0\u00a0\u00a0\u00a0\u00a0\u00a0\u00a0\u00a0\u00a0\u00a0\u00a0\u00a0\u00a0\u00a0\u00a0 97% Shiraz, 3% Viognier\u00a0<\/span><\/h2>\n<p><strong>NG\u00c0Y<\/strong> <strong>TH\u00d9NG<\/strong> <strong>HARVEST:\u00a0<\/strong>Gi\u1eefa Th\u00e1ng Ba<\/p>\n<p><strong>TU\u1ed4I\u00a0<\/strong> <strong>AGE:\u00a0<\/strong>Trung b\u00ecnh 25 n\u0103m<\/p>\n<p><strong>N\u0102NG SU\u1ea4T\u00a0\u00a0\u00a0<\/strong>3 t\u1ea5n \/ h\u00e9c-ta<\/p>\n<p><strong>NH\u00c2N GI\u1ed0NG\u00a0\u00a0\u00a0<\/strong>BVRC12, PT23<\/p>\n<p><strong>\u0110\u1ea4T<\/strong> <strong>TYPE:\u00a0<\/strong>M\u00f9n tr\u00ean \u0111\u1ea5t s\u00e9t \u0111\u00e1 b\u00f9n<\/p>\n<p><strong>CANH T\u00c1C\u00a0\u00a0\u00a0\u00a0 <\/strong><strong>PRACTICES:\u00a0<\/strong>\u0110\u1ecbnh v\u1ecb b\u1eafn d\u1ecdc - Vertical shoot positioning<\/p>\n<p>&nbsp;<\/p>\n<p><span style=\"font-size: 11pt;\"><strong>\u0110\u00c1NH GI\u00c1 T\u1eea CHUY\u00caN GIA<\/strong><\/span><\/p>\n<ul>\n<li><strong>93\/100 \u0110i\u1ec3m - \u0110\u00e1nh gi\u00e1 b\u1edfi Toni Paterson MW<\/strong>\u00a0<u style=\"text-decoration: underline;\"><u style=\"color: #0000ff; text-decoration: underline;\">(<a style=\"color: #0000ff; text-decoration: underline;\" href=\"https:\/\/www.therealreview.com\/wines\/242517\/\" rel=\"nofollow\">T\u1ea1p ch\u00ed The Real Review:<\/a><\/u><\/u>\u00a0M\u1ed9t lo\u1ea1i r\u01b0\u1ee3u th\u01a1m v\u1edbi s\u1ef1 sinh \u0111\u1ed9ng \u1ea5n t\u01b0\u1ee3ng v\u00e0 t\u01b0\u01a1i m\u00e1t. Mang h\u01b0\u01a1ng tr\u00e1i c\u00e2y \u0111\u1ecf phong ph\u00fa v\u1edbi \u0111i\u1ec3m nh\u1ea5n l\u00e0 h\u01b0\u01a1ng\u00a0 hoa h\u1ed3ng. L\u00e0 d\u00f2ng vang Shiraz n\u1eb7ng v\u1eeba (medium-bodied), v\u1edbi v\u1ecb vang n\u1eb1m gi\u1eefa v\u00f2m mi\u1ec7ng, d\u1ebbo dai, axit c\u00e2n b\u1eb1ng. \u0110\u00e2y l\u00e0 d\u00f2ng vang c\u00f3 t\u1ef7 l\u1ec7 li\u1ec1n m\u1ea1ch v\u00e0 s\u1ebd gi\u1eef v\u1eefng \u0111\u01b0\u1ee3c ch\u1ea5t l\u01b0\u1ee3ng khi vang c\u00f3 tu\u1ed5i.\u00a0\n<ul>\n<li>\u0110\u01b0\u1ee3c \u0111\u00e1nh gi\u00e1 \u0111\u1ee9ng th\u1ee9 7\/59 d\u00f2ng vang nho t\u1ed5ng h\u1ee3p Shiraz t\u1ea1i Australia ni\u00ean v\u1ee5 2017.<\/li>\n<\/ul>\n<\/li>\n<\/ul>\n<p>&nbsp;<\/p>\n<ul>\n<li><strong>95\/100 \u0110i\u1ec3m - \u0110\u00e1nh gi\u00e1 b\u1edfi ch\u00ednh James Halliday t\u1ea1i S\u1ef1 ki\u1ec7n R\u01b0\u1ee3u vang \u0110\u1ed3ng h\u00e0nh c\u00f9ng James Halliday 2020:<\/strong> \u0110\u01b0\u1ee3c l\u00ean men chung c\u00f9ng 3% Viognier. Nho \u0111\u01b0\u1ee3c b\u1ecf cu\u1ed1ng, ng\u00e2m l\u1ea1nh, l\u00ean men trong c\u00e1c th\u00f9ng m\u1edf n\u1eafp, \u0111\u01b0\u1ee3c \u1ee7 18 th\u00e1ng trong 32% c\u00e1c th\u00f9ng g\u1ed7 s\u1ed3i Ph\u00e1p m\u1edbi c\u1ee9ng. Ni\u00ean v\u1ee5 2017 m\u00e1t m\u1ebb t\u1ea1i Thung L\u0169ng Yarra \u0111\u00e3 gi\u00fap l\u00e0m n\u1ed5i b\u1eadt h\u01b0\u01a1ng v\u1ecb h\u1ea5p d\u1eabn c\u1ee7a r\u01b0\u1ee3u, v\u1edbi v\u1ecb m\u1eadn, d\u00e2u \u0111en, t\u1ea1o n\u00ean \u0111\u1ed9 ng\u1ecdt nh\u1eb9 t\u1ef1 nhi\u00ean. C\u1ea5u tr\u00fac tr\u00f2n mi\u1ec7ng, vang ch\u1ea3y li\u1ec1n m\u1ea1ch trong mi\u1ec7ng khi u\u1ed1ng. Tannin ch\u00edn m\u1ecdng.<\/li>\n<\/ul>\n<div id=\"kdhhakmnaphbomkfnndbfabilhgkfmap\"><\/div>\n<div id=\"kdhhakmnaphbomkfnndbfabilhgkfmap\"><\/div>","protected":false},"excerpt":{"rendered":"<p>Gi\u1ea3i B\u1ea1c \u2013 Tri\u1ec3n l\u00e3m R\u01b0\u1ee3u vang Langton\u2019s Yarra Valley n\u0103m 2019<\/p>","protected":false},"featured_media":1649,"template":"","meta":{"_acf_changed":false},"product_brand":[],"product_cat":[2640,87],"product_tag":[],"grape_varietal":[2466,2614],"wine_regions":[2436],"class_list":{"0":"post-1650","1":"product","2":"type-product","3":"status-publish","4":"has-post-thumbnail","6":"product_cat-catalogue","7":"product_cat-red-wine","8":"pa_brand-yering-station","9":"grape_varietal-shiraz","10":"grape_varietal-viognier","11":"wine_regions-yarra-valley","13":"first","14":"instock","15":"shipping-taxable","16":"product-type-simple"},"acf":[],"yoast_head":"<!-- This site is optimized with the Yoast SEO plugin v27.4 - https:\/\/yoast.com\/product\/yoast-seo-wordpress\/ -->\n<title>Yering Station Shiraz Viognier - Rada Wines<\/title>\n<meta name=\"robots\" content=\"index, follow, max-snippet:-1, max-image-preview:large, max-video-preview:-1\" \/>\n<link rel=\"canonical\" href=\"https:\/\/www.ilovewines.vn\/vi\/san-pham\/yering-station-shiraz-viognier-2019\/\" \/>\n<meta property=\"og:locale\" content=\"vi_VN\" \/>\n<meta property=\"og:type\" content=\"article\" \/>\n<meta property=\"og:title\" content=\"Yering Station Shiraz Viognier - Rada Wines\" \/>\n<meta property=\"og:description\" content=\"Silver Award - 2019 Langton&#039;s Yarra Valley Wine Show\" \/>\n<meta property=\"og:url\" content=\"https:\/\/www.ilovewines.vn\/vi\/san-pham\/yering-station-shiraz-viognier-2019\/\" \/>\n<meta property=\"og:site_name\" content=\"Rada Wines\" \/>\n<meta property=\"article:modified_time\" content=\"2023-07-13T03:10:15+00:00\" \/>\n<meta property=\"og:image\" content=\"https:\/\/www.ilovewines.vn\/wp-content\/uploads\/2022\/07\/2017_yering_station_shiraz_viognier-308x385small_b91d1309611f47cdb9bb86dc6fd519bb.png\" \/>\n\t<meta property=\"og:image:width\" content=\"308\" \/>\n\t<meta property=\"og:image:height\" content=\"385\" \/>\n\t<meta property=\"og:image:type\" content=\"image\/png\" \/>\n<meta name=\"twitter:card\" content=\"summary_large_image\" \/>\n<meta name=\"twitter:label1\" content=\"\u01af\u1edbc t\u00ednh th\u1eddi gian \u0111\u1ecdc\" \/>\n\t<meta name=\"twitter:data1\" content=\"2 ph\u00fat\" \/>\n<script type=\"application\/ld+json\" class=\"yoast-schema-graph\">{\"@context\":\"https:\\\/\\\/schema.org\",\"@graph\":[{\"@type\":\"WebPage\",\"@id\":\"https:\\\/\\\/www.ilovewines.vn\\\/product\\\/yering-station-shiraz-viognier-2019\\\/\",\"url\":\"https:\\\/\\\/www.ilovewines.vn\\\/product\\\/yering-station-shiraz-viognier-2019\\\/\",\"name\":\"Yering Station Shiraz Viognier - Rada Wines\",\"isPartOf\":{\"@id\":\"https:\\\/\\\/www.ilovewines.vn\\\/#website\"},\"primaryImageOfPage\":{\"@id\":\"https:\\\/\\\/www.ilovewines.vn\\\/product\\\/yering-station-shiraz-viognier-2019\\\/#primaryimage\"},\"image\":{\"@id\":\"https:\\\/\\\/www.ilovewines.vn\\\/product\\\/yering-station-shiraz-viognier-2019\\\/#primaryimage\"},\"thumbnailUrl\":\"https:\\\/\\\/www.ilovewines.vn\\\/wp-content\\\/uploads\\\/2022\\\/07\\\/2017_yering_station_shiraz_viognier-308x385small_b91d1309611f47cdb9bb86dc6fd519bb.png\",\"datePublished\":\"2022-07-08T03:29:16+00:00\",\"dateModified\":\"2023-07-13T03:10:15+00:00\",\"breadcrumb\":{\"@id\":\"https:\\\/\\\/www.ilovewines.vn\\\/product\\\/yering-station-shiraz-viognier-2019\\\/#breadcrumb\"},\"inLanguage\":\"vi\",\"potentialAction\":[{\"@type\":\"ReadAction\",\"target\":[\"https:\\\/\\\/www.ilovewines.vn\\\/product\\\/yering-station-shiraz-viognier-2019\\\/\"]}]},{\"@type\":\"ImageObject\",\"inLanguage\":\"vi\",\"@id\":\"https:\\\/\\\/www.ilovewines.vn\\\/product\\\/yering-station-shiraz-viognier-2019\\\/#primaryimage\",\"url\":\"https:\\\/\\\/www.ilovewines.vn\\\/wp-content\\\/uploads\\\/2022\\\/07\\\/2017_yering_station_shiraz_viognier-308x385small_b91d1309611f47cdb9bb86dc6fd519bb.png\",\"contentUrl\":\"https:\\\/\\\/www.ilovewines.vn\\\/wp-content\\\/uploads\\\/2022\\\/07\\\/2017_yering_station_shiraz_viognier-308x385small_b91d1309611f47cdb9bb86dc6fd519bb.png\",\"width\":308,\"height\":385},{\"@type\":\"BreadcrumbList\",\"@id\":\"https:\\\/\\\/www.ilovewines.vn\\\/product\\\/yering-station-shiraz-viognier-2019\\\/#breadcrumb\",\"itemListElement\":[{\"@type\":\"ListItem\",\"position\":1,\"name\":\"Home\",\"item\":\"https:\\\/\\\/www.ilovewines.vn\\\/\"},{\"@type\":\"ListItem\",\"position\":2,\"name\":\"Catalogue\",\"item\":\"https:\\\/\\\/www.ilovewines.vn\\\/catalogue\\\/\"},{\"@type\":\"ListItem\",\"position\":3,\"name\":\"Yering Station Shiraz Viognier\"}]},{\"@type\":\"WebSite\",\"@id\":\"https:\\\/\\\/www.ilovewines.vn\\\/#website\",\"url\":\"https:\\\/\\\/www.ilovewines.vn\\\/\",\"name\":\"Rada Wines\",\"description\":\"Just another WordPress site\",\"publisher\":{\"@id\":\"https:\\\/\\\/www.ilovewines.vn\\\/#organization\"},\"potentialAction\":[{\"@type\":\"SearchAction\",\"target\":{\"@type\":\"EntryPoint\",\"urlTemplate\":\"https:\\\/\\\/www.ilovewines.vn\\\/?s={search_term_string}\"},\"query-input\":{\"@type\":\"PropertyValueSpecification\",\"valueRequired\":true,\"valueName\":\"search_term_string\"}}],\"inLanguage\":\"vi\"},{\"@type\":\"Organization\",\"@id\":\"https:\\\/\\\/www.ilovewines.vn\\\/#organization\",\"name\":\"Rada Wines\",\"url\":\"https:\\\/\\\/www.ilovewines.vn\\\/\",\"logo\":{\"@type\":\"ImageObject\",\"inLanguage\":\"vi\",\"@id\":\"https:\\\/\\\/www.ilovewines.vn\\\/#\\\/schema\\\/logo\\\/image\\\/\",\"url\":\"https:\\\/\\\/www.ilovewines.vn\\\/wp-content\\\/uploads\\\/2022\\\/06\\\/cropped-162574230_380766779846763_4426584222903300096_n.jpg\",\"contentUrl\":\"https:\\\/\\\/www.ilovewines.vn\\\/wp-content\\\/uploads\\\/2022\\\/06\\\/cropped-162574230_380766779846763_4426584222903300096_n.jpg\",\"width\":320,\"height\":206,\"caption\":\"Rada Wines\"},\"image\":{\"@id\":\"https:\\\/\\\/www.ilovewines.vn\\\/#\\\/schema\\\/logo\\\/image\\\/\"}}]}<\/script>\n<!-- \/ Yoast SEO plugin. -->","yoast_head_json":{"title":"Yering Station Shiraz Viognier - Rada Wines","robots":{"index":"index","follow":"follow","max-snippet":"max-snippet:-1","max-image-preview":"max-image-preview:large","max-video-preview":"max-video-preview:-1"},"canonical":"https:\/\/www.ilovewines.vn\/vi\/san-pham\/yering-station-shiraz-viognier-2019\/","og_locale":"vi_VN","og_type":"article","og_title":"Yering Station Shiraz Viognier - Rada Wines","og_description":"Silver Award - 2019 Langton's Yarra Valley Wine Show","og_url":"https:\/\/www.ilovewines.vn\/vi\/san-pham\/yering-station-shiraz-viognier-2019\/","og_site_name":"Rada Wines","article_modified_time":"2023-07-13T03:10:15+00:00","og_image":[{"width":308,"height":385,"url":"https:\/\/www.ilovewines.vn\/wp-content\/uploads\/2022\/07\/2017_yering_station_shiraz_viognier-308x385small_b91d1309611f47cdb9bb86dc6fd519bb.png","type":"image\/png"}],"twitter_card":"summary_large_image","twitter_misc":{"\u01af\u1edbc t\u00ednh th\u1eddi gian \u0111\u1ecdc":"2 ph\u00fat"},"schema":{"@context":"https:\/\/schema.org","@graph":[{"@type":"WebPage","@id":"https:\/\/www.ilovewines.vn\/product\/yering-station-shiraz-viognier-2019\/","url":"https:\/\/www.ilovewines.vn\/product\/yering-station-shiraz-viognier-2019\/","name":"Yering Station Shiraz Viognier - Rada Wines","isPartOf":{"@id":"https:\/\/www.ilovewines.vn\/#website"},"primaryImageOfPage":{"@id":"https:\/\/www.ilovewines.vn\/product\/yering-station-shiraz-viognier-2019\/#primaryimage"},"image":{"@id":"https:\/\/www.ilovewines.vn\/product\/yering-station-shiraz-viognier-2019\/#primaryimage"},"thumbnailUrl":"https:\/\/www.ilovewines.vn\/wp-content\/uploads\/2022\/07\/2017_yering_station_shiraz_viognier-308x385small_b91d1309611f47cdb9bb86dc6fd519bb.png","datePublished":"2022-07-08T03:29:16+00:00","dateModified":"2023-07-13T03:10:15+00:00","breadcrumb":{"@id":"https:\/\/www.ilovewines.vn\/product\/yering-station-shiraz-viognier-2019\/#breadcrumb"},"inLanguage":"vi","potentialAction":[{"@type":"ReadAction","target":["https:\/\/www.ilovewines.vn\/product\/yering-station-shiraz-viognier-2019\/"]}]},{"@type":"ImageObject","inLanguage":"vi","@id":"https:\/\/www.ilovewines.vn\/product\/yering-station-shiraz-viognier-2019\/#primaryimage","url":"https:\/\/www.ilovewines.vn\/wp-content\/uploads\/2022\/07\/2017_yering_station_shiraz_viognier-308x385small_b91d1309611f47cdb9bb86dc6fd519bb.png","contentUrl":"https:\/\/www.ilovewines.vn\/wp-content\/uploads\/2022\/07\/2017_yering_station_shiraz_viognier-308x385small_b91d1309611f47cdb9bb86dc6fd519bb.png","width":308,"height":385},{"@type":"BreadcrumbList","@id":"https:\/\/www.ilovewines.vn\/product\/yering-station-shiraz-viognier-2019\/#breadcrumb","itemListElement":[{"@type":"ListItem","position":1,"name":"Home","item":"https:\/\/www.ilovewines.vn\/"},{"@type":"ListItem","position":2,"name":"Catalogue","item":"https:\/\/www.ilovewines.vn\/catalogue\/"},{"@type":"ListItem","position":3,"name":"Yering Station Shiraz Viognier"}]},{"@type":"WebSite","@id":"https:\/\/www.ilovewines.vn\/#website","url":"https:\/\/www.ilovewines.vn\/","name":"Rada Wines","description":"Just another WordPress site","publisher":{"@id":"https:\/\/www.ilovewines.vn\/#organization"},"potentialAction":[{"@type":"SearchAction","target":{"@type":"EntryPoint","urlTemplate":"https:\/\/www.ilovewines.vn\/?s={search_term_string}"},"query-input":{"@type":"PropertyValueSpecification","valueRequired":true,"valueName":"search_term_string"}}],"inLanguage":"vi"},{"@type":"Organization","@id":"https:\/\/www.ilovewines.vn\/#organization","name":"Rada Wines","url":"https:\/\/www.ilovewines.vn\/","logo":{"@type":"ImageObject","inLanguage":"vi","@id":"https:\/\/www.ilovewines.vn\/#\/schema\/logo\/image\/","url":"https:\/\/www.ilovewines.vn\/wp-content\/uploads\/2022\/06\/cropped-162574230_380766779846763_4426584222903300096_n.jpg","contentUrl":"https:\/\/www.ilovewines.vn\/wp-content\/uploads\/2022\/06\/cropped-162574230_380766779846763_4426584222903300096_n.jpg","width":320,"height":206,"caption":"Rada Wines"},"image":{"@id":"https:\/\/www.ilovewines.vn\/#\/schema\/logo\/image\/"}}]}},"_links":{"self":[{"href":"https:\/\/www.ilovewines.vn\/vi\/wp-json\/wp\/v2\/product\/1650","targetHints":{"allow":["GET"]}}],"collection":[{"href":"https:\/\/www.ilovewines.vn\/vi\/wp-json\/wp\/v2\/product"}],"about":[{"href":"https:\/\/www.ilovewines.vn\/vi\/wp-json\/wp\/v2\/types\/product"}],"version-history":[{"count":1,"href":"https:\/\/www.ilovewines.vn\/vi\/wp-json\/wp\/v2\/product\/1650\/revisions"}],"predecessor-version":[{"id":4198,"href":"https:\/\/www.ilovewines.vn\/vi\/wp-json\/wp\/v2\/product\/1650\/revisions\/4198"}],"wp:featuredmedia":[{"embeddable":true,"href":"https:\/\/www.ilovewines.vn\/vi\/wp-json\/wp\/v2\/media\/1649"}],"wp:attachment":[{"href":"https:\/\/www.ilovewines.vn\/vi\/wp-json\/wp\/v2\/media?parent=1650"}],"wp:term":[{"taxonomy":"product_brand","embeddable":true,"href":"https:\/\/www.ilovewines.vn\/vi\/wp-json\/wp\/v2\/product_brand?post=1650"},{"taxonomy":"product_cat","embeddable":true,"href":"https:\/\/www.ilovewines.vn\/vi\/wp-json\/wp\/v2\/product_cat?post=1650"},{"taxonomy":"product_tag","embeddable":true,"href":"https:\/\/www.ilovewines.vn\/vi\/wp-json\/wp\/v2\/product_tag?post=1650"},{"taxonomy":"grape_varietal","embeddable":true,"href":"https:\/\/www.ilovewines.vn\/vi\/wp-json\/wp\/v2\/grape_varietal?post=1650"},{"taxonomy":"wine_regions","embeddable":true,"href":"https:\/\/www.ilovewines.vn\/vi\/wp-json\/wp\/v2\/wine_regions?post=1650"}],"curies":[{"name":"wp","href":"https:\/\/api.w.org\/{rel}","templated":true}]}}