{"id":1654,"date":"2022-07-07T21:29:17","date_gmt":"2022-07-08T03:29:17","guid":{"rendered":"https:\/\/www.ilovewines.vn\/product\/yering-station-little-yering-shiraz-2018\/"},"modified":"2023-07-12T21:07:53","modified_gmt":"2023-07-13T03:07:53","slug":"yering-station-little-yering-shiraz-2018","status":"publish","type":"product","link":"https:\/\/www.ilovewines.vn\/vi\/product\/yering-station-little-yering-shiraz-2018\/","title":{"rendered":"Yering Station Little Yering Shiraz"},"content":{"rendered":"<h2>C\u1ea2M QUAN<\/h2>\n<p><strong>TH\u1eca GI\u00c1C\u00a0\u00a0\u00a0\u00a0\u00a0\u00a0\u00a0\u00a0\u00a0\u00a0\u00a0 <\/strong>R\u01b0\u1ee3u vang c\u00f3 m\u00e0u t\u00edm ho\u1eb7c \u0111\u1ecf \u0111\u1eadm.<\/p>\n<p><strong>KH\u1ee8U GI\u00c1C\u00a0\u00a0\u00a0\u00a0\u00a0\u00a0\u00a0\u00a0\u00a0\u00a0\u00a0\u00a0\u00a0\u00a0\u00a0 <\/strong>H\u01b0\u01a1ng th\u01a1m c\u1ee7a tr\u00e1i m\u00e2m x\u00f4i v\u00e0 d\u00e2u t\u1eb1m kh\u00e1 n\u1ed5i b\u1eadt so v\u1edbi v\u1ecb b\u00e1nh m\u00ec n\u01b0\u1edbng, caf\u00e9 v\u00e0 g\u1ed7 s\u1ed3i c\u1ee7a vang.<\/p>\n<p><strong>\u00a0V\u1eca GI\u00c1C\u00a0\u00a0\u00a0\u00a0\u00a0\u00a0\u00a0\u00a0\u00a0\u00a0\u00a0\u00a0\u00a0\u00a0\u00a0\u00a0\u00a0\u00a0\u00a0 <\/strong>C\u1ea5u tr\u00fac axit t\u1eadp trung, t\u1ea1o n\u00ean v\u1ecb gi\u00e1c t\u01b0\u01a1i m\u1edbi cho vang. Trong khi \u0111\u00f3, tannin trong vang c\u0169ng gi\u00fap v\u1ecb vang tr\u00f2n mi\u1ec7ng h\u01a1n.<\/p>\n<p><strong>\u00a0B\u1ea2O QU\u1ea2N\u00a0\u00a0\u00a0\u00a0\u00a0\u00a0\u00a0\u00a0\u00a0\u00a0\u00a0\u00a0\u00a0\u00a0 <\/strong>T\u1eeb gi\u1edd \u0111\u1ebfn n\u0103m 2023<\/p>\n<p>&nbsp;<\/p>\n<h2>QU\u00c1 TR\u00ccNH S\u1ea2N XU\u1ea4T<\/h2>\n<p><strong>GI\u1ed0NG NHO <\/strong>97% Shiraz 3% Viognier<\/p>\n<p><strong>\u0110\u1ed8 C\u1ed2N:\u00a0\u00a0\u00a0\u00a0\u00a0\u00a0\u00a0\u00a0\u00a0\u00a0\u00a0\u00a0\u00a0\u00a0\u00a0\u00a0\u00a0\u00a0\u00a0\u00a0\u00a0\u00a0 <\/strong>14.3%<\/p>\n<p><strong>PH\u01af\u01a0NG PH\u00c1P L\u00caN MEN <\/strong>Th\u00f9ng \u1ee7 quay &amp; m\u1edf n\u1eafp<\/p>\n<p><strong>TH\u1edcI GIAN L\u00caN MEN\u00a0<\/strong> <strong>V\u1ece NHO\u00a0\u00a0\u00a0\u00a0 <\/strong>10 ng\u00e0y<\/p>\n<p><strong>G\u1ed6 S\u1ed2I<\/strong> <strong>NGU\u1ed2N G\u1ed0C\u00a0\u00a0\u00a0\u00a0\u00a0\u00a0\u00a0\u00a0\u00a0\u00a0\u00a0\u00a0 <\/strong>Ph\u00e1p<\/p>\n<p><strong>NHO<\/strong> <strong>TH\u00d9NG<\/strong> <strong>G\u1ed6 S\u1ed2I\u00a0\u00a0\u00a0\u00a0\u00a0\u00a0\u00a0\u00a0\u00a0\u00a0\u00a0\u00a0\u00a0 <\/strong>Th\u00f9ng \u0111\u00e3 qua s\u1eed d\u1ee5ng. 2-5 tu\u1ed5i.<\/p>\n<p><strong>V\u1ece NHO<\/strong> <strong>\u1ee6<\/strong> <strong>G\u1ed6 S\u1ed2I\u00a0\u00a0\u00a0\u00a0\u00a0\u00a0\u00a0\u00a0\u00a0\u00a0\u00a0\u00a0 <\/strong>12 th\u00e1ng<\/p>\n<p><strong>LO\u1ea0I \u00a0\u00a0<\/strong> <strong>MEN\u00a0\u00a0\u00a0\u00a0\u00a0\u00a0\u00a0\u00a0\u00a0\u00a0\u00a0\u00a0\u00a0\u00a0\u00a0\u00a0\u00a0\u00a0\u00a0\u00a0\u00a0\u00a0\u00a0\u00a0\u00a0\u00a0\u00a0\u00a0\u00a0 <\/strong>Rhone<\/p>\n<p><strong>T.GIAN<\/strong> <strong>TI\u1ebeP X\u00daC<\/strong> <strong>V\u1ece NHO\u00a0\u00a0\u00a0\u00a0\u00a0\u00a0 <\/strong>14 ng\u00e0y<\/p>\n<p><strong>L\u00caN MEN AXIT MALIC\u00a0\u00a0\u00a0\u00a0\u00a0\u00a0\u00a0\u00a0\u00a0\u00a0\u00a0\u00a0\u00a0\u00a0\u00a0\u00a0\u00a0\u00a0\u00a0\u00a0\u00a0\u00a0\u00a0\u00a0\u00a0\u00a0\u00a0\u00a0\u00a0\u00a0\u00a0 <\/strong>100%<\/p>\n<p><strong>PH\u00a0\u00a0\u00a0\u00a0\u00a0\u00a0\u00a0\u00a0\u00a0\u00a0\u00a0\u00a0\u00a0\u00a0\u00a0\u00a0\u00a0\u00a0\u00a0\u00a0\u00a0\u00a0\u00a0\u00a0\u00a0\u00a0\u00a0\u00a0\u00a0\u00a0\u00a0\u00a0\u00a0\u00a0\u00a0\u00a0\u00a0\u00a0\u00a0\u00a0\u00a0\u00a0\u00a0 <\/strong>3.62<\/p>\n<p>&nbsp;<\/p>\n<h2>\u0110I\u1ec0U KI\u1ec6N TR\u1ed2NG NHO<\/h2>\n<p><strong>V\u00d9NG NHO\u00a0\u00a0\u00a0\u00a0\u00a0\u00a0\u00a0\u00a0\u00a0\u00a0\u00a0\u00a0\u00a0\u00a0\u00a0\u00a0\u00a0\u00a0\u00a0\u00a0\u00a0\u00a0\u00a0\u00a0 <\/strong>Thung L\u0169ng Yarra<\/p>\n<p><strong>NG\u00c0Y<\/strong> <strong>TH\u00d9NG<\/strong> <strong>HO\u1ea0CH\u00a0\u00a0\u00a0\u00a0\u00a0\u00a0\u00a0\u00a0\u00a0 <\/strong>G\u1ea7n cu\u1ed1i Th\u00e1ng Ba<\/p>\n<p><strong>TU\u1ed4I\u00a0<\/strong> <strong>NHO\u00a0\u00a0\u00a0\u00a0\u00a0\u00a0\u00a0\u00a0\u00a0\u00a0\u00a0\u00a0\u00a0\u00a0\u00a0\u00a0\u00a0\u00a0\u00a0\u00a0\u00a0 <\/strong>Trung b\u00ecnh 25 n\u0103m<\/p>\n<p><strong>N\u0102NG SU\u1ea4T\u00a0\u00a0\u00a0\u00a0\u00a0\u00a0\u00a0\u00a0\u00a0\u00a0\u00a0\u00a0\u00a0\u00a0\u00a0\u00a0\u00a0\u00a0\u00a0\u00a0\u00a0\u00a0\u00a0\u00a0\u00a0\u00a0\u00a0\u00a0 <\/strong>3.2 t\u1ea5n\/m\u1eabu Anh<\/p>\n<p><strong>PH\u01af\u01a0NG PH\u00c1P\u00a0\u00a0\u00a0\u00a0\u00a0\u00a0\u00a0\u00a0\u00a0\u00a0\u00a0\u00a0\u00a0\u00a0\u00a0\u00a0\u00a0\u00a0\u00a0\u00a0\u00a0\u00a0\u00a0\u00a0 <\/strong>Thu ho\u1ea1ch ch\u1ecdn l\u1ecdc b\u1eb1ng tay<\/p>\n<p><strong>NH\u00c2N GI\u1ed0NG\u00a0\u00a0\u00a0\u00a0\u00a0\u00a0\u00a0\u00a0\u00a0\u00a0\u00a0\u00a0\u00a0\u00a0\u00a0\u00a0\u00a0\u00a0\u00a0\u00a0\u00a0\u00a0\u00a0\u00a0\u00a0\u00a0\u00a0 <\/strong>PT 23, BVRC, Bests<\/p>\n<p><strong>\u0110\u1ea4T<\/strong> <strong>MEN\u00a0\u00a0\u00a0 \u00a0 \u00a0 \u00a0 \u00a0 \u00a0 \u00a0 \u00a0 \u00a0 \u00a0 \u00a0 <\/strong>\u0110\u1ea5t c\u00f3 l\u1edbp m\u00f9n tr\u00ean \u0111\u1ea5t s\u00e9t \u0111\u00e1 b\u00f9n<\/p>\n<p><strong>CANH T\u00c1C <\/strong>\u00a0\u00a0\u00a0\u0110\u1ecbnh v\u1ecb b\u1eafn d\u1ecdc - Vertical Shoot Positioning<\/p>\n<p style=\"text-align: left;\"><strong>\u0110\u00c1NH GI\u00c1<\/strong><\/p>\n<p style=\"text-align: left;\"><strong>- Huy Ch\u01b0\u01a1ng V\u00e0ng <\/strong>-\u00a0Gi\u1ea3i R\u01b0\u1ee3u Vang \u0110\u00e1nh Gi\u00e1 B\u1edfi Chuy\u00ean Gia Th\u1ea9m \u0110\u1ecbnh 2020 (Sommelier Wine Awards), t\u1ed5 ch\u1ee9c t\u1ea1i Anh Qu\u1ed1c<\/p>\n<p style=\"text-align: left;\"><em>\"M\u1ed9t d\u00f2ng vang pha tr\u1ed9n r\u1ea5t ngon c\u1ee7a n\u01b0\u1edbc \u00dac s\u1ea3n xu\u1ea5t t\u1eeb v\u00f9ng m\u00e1t m\u1ebb h\u01a1n, ph\u1ea3n \u00e1nh phong c\u00e1ch \u0111\u1eb3ng c\u1ea5p h\u01a1n, m\u1edf \u0111\u1ea7u b\u1eb1ng m\u1ed9t h\u01b0\u01a1ng v\u1ecb s\u00f4i \u0111\u1ed9ng v\u00e0 h\u1ea5p d\u1eabn \u0111\u01b0\u1ee3c d\u1eabn d\u1eaft b\u1edfi hoa o\u1ea3i h\u01b0\u01a1ng v\u00e0 tr\u00e1i c\u00e2y \u0111\u1ecf, r\u1ed3i \u0111\u1ebfn g\u1ed7 s\u1ed3i ng\u1ecdt nh\u1eb9 nh\u00e0ng \u0111\u01b0\u1ee3c c\u00e2n b\u1eb1ng b\u1edfi m\u1ed9t s\u1ed1 tannin \u0111\u1eafng v\u00e0 c\u1ea5u tr\u00fac \u0111\u1eadm, kh\u00f4 \u201d.<\/em> &#8211; Matti Mazzi, Cornerstone.<\/p>\n<p style=\"text-align: center;\"><img decoding=\"async\" src=\"https:\/\/file.hstatic.net\/1000211281\/file\/2016_little_yering_shiraz-308x385_d5b95869d592436ba02b6c82904612c0_grande.png\" \/><\/p>\n<p style=\"text-align: left;\"><strong>- 92\/100 \u0110i\u1ec3m -<\/strong> \u0110\u00e1nh gi\u00e1 b\u1edfi Ray Jordan - B\u00e1o\u00a0The West Australian <em>The West Australian<\/em><\/p>\n<p style=\"text-align: center;\"><img decoding=\"async\" src=\"https:\/\/file.hstatic.net\/1000211281\/file\/best_press_ys_mar_2020_e66ed020bbfe476183fa889994200ad5_grande.jpg\" \/><\/p>\n<p><strong>- \u0110\u00e1nh gi\u00e1 b\u1edfi Christina Pickard (T4\/2020): <\/strong><em>L\u00e0 s\u1ea3n ph\u1ea9m c\u1ee7a m\u1ed9t trong nh\u1eefng nh\u00e0 s\u1ea3n xu\u1ea5t gi\u00e0u kinh nghi\u1ec7m t\u1ea1i Thung L\u0169ng Yarra. Tannin m\u1eb7n v\u00e0 v\u1ecb tr\u00e1i c\u00e2y d\u00e2u r\u1eebng g\u00f3p ph\u1ea7n t\u1ea1o n\u00ean t\u00ednh c\u00e1ch v\u00e0 s\u1ef1 duy\u00ean d\u00e1ng cho d\u00f2ng vang n\u00e0y.<\/em><\/p>","protected":false},"excerpt":{"rendered":"<p>Gi\u1ea3i v\u00e0ng \u2013 Gi\u1ea3i R\u01b0\u1ee3u Vang \u0110\u00e1nh Gi\u00e1 B\u1edfi Chuy\u00ean Gia Th\u1ea9m \u0110\u1ecbnh 2020 (Sommelier Wine Awards), 92 \u0111i\u1ec3m \u2013 Ray Jordan<\/p>","protected":false},"featured_media":1653,"template":"","meta":{"_acf_changed":false},"product_brand":[],"product_cat":[2640,87],"product_tag":[],"grape_varietal":[2466],"wine_regions":[2436],"class_list":{"0":"post-1654","1":"product","2":"type-product","3":"status-publish","4":"has-post-thumbnail","6":"product_cat-catalogue","7":"product_cat-red-wine","8":"pa_brand-yering-station","9":"grape_varietal-shiraz","10":"wine_regions-yarra-valley","12":"first","13":"instock","14":"shipping-taxable","15":"product-type-simple"},"acf":[],"yoast_head":"<!-- This site is optimized with the Yoast SEO plugin v27.4 - https:\/\/yoast.com\/product\/yoast-seo-wordpress\/ -->\n<title>Yering Station Little Yering Shiraz - Rada Wines<\/title>\n<meta name=\"robots\" content=\"index, follow, max-snippet:-1, max-image-preview:large, max-video-preview:-1\" \/>\n<link rel=\"canonical\" href=\"https:\/\/www.ilovewines.vn\/vi\/san-pham\/yering-station-little-yering-shiraz-2018\/\" \/>\n<meta property=\"og:locale\" content=\"vi_VN\" \/>\n<meta property=\"og:type\" content=\"article\" \/>\n<meta property=\"og:title\" content=\"Yering Station Little Yering Shiraz - Rada Wines\" \/>\n<meta property=\"og:description\" content=\"Gold Award - Sommelier Wine Awards 2020; 92 points - Ray Jordan\" \/>\n<meta property=\"og:url\" content=\"https:\/\/www.ilovewines.vn\/vi\/san-pham\/yering-station-little-yering-shiraz-2018\/\" \/>\n<meta property=\"og:site_name\" content=\"Rada Wines\" \/>\n<meta property=\"article:modified_time\" content=\"2023-07-13T03:07:53+00:00\" \/>\n<meta property=\"og:image\" content=\"https:\/\/www.ilovewines.vn\/wp-content\/uploads\/2022\/07\/2016_little_yering_shiraz-308x385-small_9e8b233e5d114f72a49f870deff086de.jpg\" \/>\n\t<meta property=\"og:image:width\" content=\"308\" \/>\n\t<meta property=\"og:image:height\" content=\"385\" \/>\n\t<meta property=\"og:image:type\" content=\"image\/jpeg\" \/>\n<meta name=\"twitter:card\" content=\"summary_large_image\" \/>\n<meta name=\"twitter:label1\" content=\"\u01af\u1edbc t\u00ednh th\u1eddi gian \u0111\u1ecdc\" \/>\n\t<meta name=\"twitter:data1\" content=\"1 ph\u00fat\" \/>\n<script type=\"application\/ld+json\" class=\"yoast-schema-graph\">{\"@context\":\"https:\\\/\\\/schema.org\",\"@graph\":[{\"@type\":\"WebPage\",\"@id\":\"https:\\\/\\\/www.ilovewines.vn\\\/product\\\/yering-station-little-yering-shiraz-2018\\\/\",\"url\":\"https:\\\/\\\/www.ilovewines.vn\\\/product\\\/yering-station-little-yering-shiraz-2018\\\/\",\"name\":\"Yering Station Little Yering Shiraz - Rada Wines\",\"isPartOf\":{\"@id\":\"https:\\\/\\\/www.ilovewines.vn\\\/#website\"},\"primaryImageOfPage\":{\"@id\":\"https:\\\/\\\/www.ilovewines.vn\\\/product\\\/yering-station-little-yering-shiraz-2018\\\/#primaryimage\"},\"image\":{\"@id\":\"https:\\\/\\\/www.ilovewines.vn\\\/product\\\/yering-station-little-yering-shiraz-2018\\\/#primaryimage\"},\"thumbnailUrl\":\"https:\\\/\\\/www.ilovewines.vn\\\/wp-content\\\/uploads\\\/2022\\\/07\\\/2016_little_yering_shiraz-308x385-small_9e8b233e5d114f72a49f870deff086de.jpg\",\"datePublished\":\"2022-07-08T03:29:17+00:00\",\"dateModified\":\"2023-07-13T03:07:53+00:00\",\"breadcrumb\":{\"@id\":\"https:\\\/\\\/www.ilovewines.vn\\\/product\\\/yering-station-little-yering-shiraz-2018\\\/#breadcrumb\"},\"inLanguage\":\"vi\",\"potentialAction\":[{\"@type\":\"ReadAction\",\"target\":[\"https:\\\/\\\/www.ilovewines.vn\\\/product\\\/yering-station-little-yering-shiraz-2018\\\/\"]}]},{\"@type\":\"ImageObject\",\"inLanguage\":\"vi\",\"@id\":\"https:\\\/\\\/www.ilovewines.vn\\\/product\\\/yering-station-little-yering-shiraz-2018\\\/#primaryimage\",\"url\":\"https:\\\/\\\/www.ilovewines.vn\\\/wp-content\\\/uploads\\\/2022\\\/07\\\/2016_little_yering_shiraz-308x385-small_9e8b233e5d114f72a49f870deff086de.jpg\",\"contentUrl\":\"https:\\\/\\\/www.ilovewines.vn\\\/wp-content\\\/uploads\\\/2022\\\/07\\\/2016_little_yering_shiraz-308x385-small_9e8b233e5d114f72a49f870deff086de.jpg\",\"width\":308,\"height\":385},{\"@type\":\"BreadcrumbList\",\"@id\":\"https:\\\/\\\/www.ilovewines.vn\\\/product\\\/yering-station-little-yering-shiraz-2018\\\/#breadcrumb\",\"itemListElement\":[{\"@type\":\"ListItem\",\"position\":1,\"name\":\"Home\",\"item\":\"https:\\\/\\\/www.ilovewines.vn\\\/\"},{\"@type\":\"ListItem\",\"position\":2,\"name\":\"Catalogue\",\"item\":\"https:\\\/\\\/www.ilovewines.vn\\\/catalogue\\\/\"},{\"@type\":\"ListItem\",\"position\":3,\"name\":\"Yering Station Little Yering Shiraz\"}]},{\"@type\":\"WebSite\",\"@id\":\"https:\\\/\\\/www.ilovewines.vn\\\/#website\",\"url\":\"https:\\\/\\\/www.ilovewines.vn\\\/\",\"name\":\"Rada Wines\",\"description\":\"Just another WordPress site\",\"publisher\":{\"@id\":\"https:\\\/\\\/www.ilovewines.vn\\\/#organization\"},\"potentialAction\":[{\"@type\":\"SearchAction\",\"target\":{\"@type\":\"EntryPoint\",\"urlTemplate\":\"https:\\\/\\\/www.ilovewines.vn\\\/?s={search_term_string}\"},\"query-input\":{\"@type\":\"PropertyValueSpecification\",\"valueRequired\":true,\"valueName\":\"search_term_string\"}}],\"inLanguage\":\"vi\"},{\"@type\":\"Organization\",\"@id\":\"https:\\\/\\\/www.ilovewines.vn\\\/#organization\",\"name\":\"Rada Wines\",\"url\":\"https:\\\/\\\/www.ilovewines.vn\\\/\",\"logo\":{\"@type\":\"ImageObject\",\"inLanguage\":\"vi\",\"@id\":\"https:\\\/\\\/www.ilovewines.vn\\\/#\\\/schema\\\/logo\\\/image\\\/\",\"url\":\"https:\\\/\\\/www.ilovewines.vn\\\/wp-content\\\/uploads\\\/2022\\\/06\\\/cropped-162574230_380766779846763_4426584222903300096_n.jpg\",\"contentUrl\":\"https:\\\/\\\/www.ilovewines.vn\\\/wp-content\\\/uploads\\\/2022\\\/06\\\/cropped-162574230_380766779846763_4426584222903300096_n.jpg\",\"width\":320,\"height\":206,\"caption\":\"Rada Wines\"},\"image\":{\"@id\":\"https:\\\/\\\/www.ilovewines.vn\\\/#\\\/schema\\\/logo\\\/image\\\/\"}}]}<\/script>\n<!-- \/ Yoast SEO plugin. -->","yoast_head_json":{"title":"Yering Station Little Yering Shiraz - Rada Wines","robots":{"index":"index","follow":"follow","max-snippet":"max-snippet:-1","max-image-preview":"max-image-preview:large","max-video-preview":"max-video-preview:-1"},"canonical":"https:\/\/www.ilovewines.vn\/vi\/san-pham\/yering-station-little-yering-shiraz-2018\/","og_locale":"vi_VN","og_type":"article","og_title":"Yering Station Little Yering Shiraz - Rada Wines","og_description":"Gold Award - Sommelier Wine Awards 2020; 92 points - Ray Jordan","og_url":"https:\/\/www.ilovewines.vn\/vi\/san-pham\/yering-station-little-yering-shiraz-2018\/","og_site_name":"Rada Wines","article_modified_time":"2023-07-13T03:07:53+00:00","og_image":[{"width":308,"height":385,"url":"https:\/\/www.ilovewines.vn\/wp-content\/uploads\/2022\/07\/2016_little_yering_shiraz-308x385-small_9e8b233e5d114f72a49f870deff086de.jpg","type":"image\/jpeg"}],"twitter_card":"summary_large_image","twitter_misc":{"\u01af\u1edbc t\u00ednh th\u1eddi gian \u0111\u1ecdc":"1 ph\u00fat"},"schema":{"@context":"https:\/\/schema.org","@graph":[{"@type":"WebPage","@id":"https:\/\/www.ilovewines.vn\/product\/yering-station-little-yering-shiraz-2018\/","url":"https:\/\/www.ilovewines.vn\/product\/yering-station-little-yering-shiraz-2018\/","name":"Yering Station Little Yering Shiraz - Rada Wines","isPartOf":{"@id":"https:\/\/www.ilovewines.vn\/#website"},"primaryImageOfPage":{"@id":"https:\/\/www.ilovewines.vn\/product\/yering-station-little-yering-shiraz-2018\/#primaryimage"},"image":{"@id":"https:\/\/www.ilovewines.vn\/product\/yering-station-little-yering-shiraz-2018\/#primaryimage"},"thumbnailUrl":"https:\/\/www.ilovewines.vn\/wp-content\/uploads\/2022\/07\/2016_little_yering_shiraz-308x385-small_9e8b233e5d114f72a49f870deff086de.jpg","datePublished":"2022-07-08T03:29:17+00:00","dateModified":"2023-07-13T03:07:53+00:00","breadcrumb":{"@id":"https:\/\/www.ilovewines.vn\/product\/yering-station-little-yering-shiraz-2018\/#breadcrumb"},"inLanguage":"vi","potentialAction":[{"@type":"ReadAction","target":["https:\/\/www.ilovewines.vn\/product\/yering-station-little-yering-shiraz-2018\/"]}]},{"@type":"ImageObject","inLanguage":"vi","@id":"https:\/\/www.ilovewines.vn\/product\/yering-station-little-yering-shiraz-2018\/#primaryimage","url":"https:\/\/www.ilovewines.vn\/wp-content\/uploads\/2022\/07\/2016_little_yering_shiraz-308x385-small_9e8b233e5d114f72a49f870deff086de.jpg","contentUrl":"https:\/\/www.ilovewines.vn\/wp-content\/uploads\/2022\/07\/2016_little_yering_shiraz-308x385-small_9e8b233e5d114f72a49f870deff086de.jpg","width":308,"height":385},{"@type":"BreadcrumbList","@id":"https:\/\/www.ilovewines.vn\/product\/yering-station-little-yering-shiraz-2018\/#breadcrumb","itemListElement":[{"@type":"ListItem","position":1,"name":"Home","item":"https:\/\/www.ilovewines.vn\/"},{"@type":"ListItem","position":2,"name":"Catalogue","item":"https:\/\/www.ilovewines.vn\/catalogue\/"},{"@type":"ListItem","position":3,"name":"Yering Station Little Yering Shiraz"}]},{"@type":"WebSite","@id":"https:\/\/www.ilovewines.vn\/#website","url":"https:\/\/www.ilovewines.vn\/","name":"Rada Wines","description":"Just another WordPress site","publisher":{"@id":"https:\/\/www.ilovewines.vn\/#organization"},"potentialAction":[{"@type":"SearchAction","target":{"@type":"EntryPoint","urlTemplate":"https:\/\/www.ilovewines.vn\/?s={search_term_string}"},"query-input":{"@type":"PropertyValueSpecification","valueRequired":true,"valueName":"search_term_string"}}],"inLanguage":"vi"},{"@type":"Organization","@id":"https:\/\/www.ilovewines.vn\/#organization","name":"Rada Wines","url":"https:\/\/www.ilovewines.vn\/","logo":{"@type":"ImageObject","inLanguage":"vi","@id":"https:\/\/www.ilovewines.vn\/#\/schema\/logo\/image\/","url":"https:\/\/www.ilovewines.vn\/wp-content\/uploads\/2022\/06\/cropped-162574230_380766779846763_4426584222903300096_n.jpg","contentUrl":"https:\/\/www.ilovewines.vn\/wp-content\/uploads\/2022\/06\/cropped-162574230_380766779846763_4426584222903300096_n.jpg","width":320,"height":206,"caption":"Rada Wines"},"image":{"@id":"https:\/\/www.ilovewines.vn\/#\/schema\/logo\/image\/"}}]}},"_links":{"self":[{"href":"https:\/\/www.ilovewines.vn\/vi\/wp-json\/wp\/v2\/product\/1654","targetHints":{"allow":["GET"]}}],"collection":[{"href":"https:\/\/www.ilovewines.vn\/vi\/wp-json\/wp\/v2\/product"}],"about":[{"href":"https:\/\/www.ilovewines.vn\/vi\/wp-json\/wp\/v2\/types\/product"}],"version-history":[{"count":1,"href":"https:\/\/www.ilovewines.vn\/vi\/wp-json\/wp\/v2\/product\/1654\/revisions"}],"predecessor-version":[{"id":4098,"href":"https:\/\/www.ilovewines.vn\/vi\/wp-json\/wp\/v2\/product\/1654\/revisions\/4098"}],"wp:featuredmedia":[{"embeddable":true,"href":"https:\/\/www.ilovewines.vn\/vi\/wp-json\/wp\/v2\/media\/1653"}],"wp:attachment":[{"href":"https:\/\/www.ilovewines.vn\/vi\/wp-json\/wp\/v2\/media?parent=1654"}],"wp:term":[{"taxonomy":"product_brand","embeddable":true,"href":"https:\/\/www.ilovewines.vn\/vi\/wp-json\/wp\/v2\/product_brand?post=1654"},{"taxonomy":"product_cat","embeddable":true,"href":"https:\/\/www.ilovewines.vn\/vi\/wp-json\/wp\/v2\/product_cat?post=1654"},{"taxonomy":"product_tag","embeddable":true,"href":"https:\/\/www.ilovewines.vn\/vi\/wp-json\/wp\/v2\/product_tag?post=1654"},{"taxonomy":"grape_varietal","embeddable":true,"href":"https:\/\/www.ilovewines.vn\/vi\/wp-json\/wp\/v2\/grape_varietal?post=1654"},{"taxonomy":"wine_regions","embeddable":true,"href":"https:\/\/www.ilovewines.vn\/vi\/wp-json\/wp\/v2\/wine_regions?post=1654"}],"curies":[{"name":"wp","href":"https:\/\/api.w.org\/{rel}","templated":true}]}}