{"id":1656,"date":"2022-07-07T21:29:17","date_gmt":"2022-07-08T03:29:17","guid":{"rendered":"https:\/\/www.ilovewines.vn\/product\/yering-station-little-yering-pinot-noir-2018\/"},"modified":"2023-07-12T21:09:25","modified_gmt":"2023-07-13T03:09:25","slug":"yering-station-little-yering-pinot-noir-2021","status":"publish","type":"product","link":"https:\/\/www.ilovewines.vn\/vi\/product\/yering-station-little-yering-pinot-noir-2021\/","title":{"rendered":"Yering Station Little Yering Pinot Noir"},"content":{"rendered":"<h2>C\u1ea2M QUAN<\/h2>\n<p><strong>TH\u1eca GI\u00c1C\u00a0\u00a0\u00a0\u00a0\u00a0\u00a0\u00a0\u00a0\u00a0\u00a0\u00a0 <\/strong>\u0110\u1ecf anh \u0111\u00e0o t\u01b0\u01a1i.<\/p>\n<p><strong>KH\u1ee8U GI\u00c1C\u00a0\u00a0\u00a0\u00a0\u00a0\u00a0\u00a0\u00a0\u00a0\u00a0\u00a0\u00a0\u00a0\u00a0\u00a0 <\/strong>H\u01b0\u01a1ng anh \u0111\u00e0o \u0111\u1ecf v\u00e0 m\u00e2m x\u00f4i \u0111\u1eadm \u0111\u00e0.<\/p>\n<p>M\u00f9i h\u01b0\u01a1ng thanh tao nh\u01b0 h\u01b0\u01a1ng\u00a0 n\u01b0\u1edbc hoa.<\/p>\n<p><strong>\u00a0V\u1eca GI\u00c1C\u00a0\u00a0\u00a0\u00a0\u00a0\u00a0\u00a0\u00a0\u00a0\u00a0\u00a0\u00a0\u00a0\u00a0\u00a0\u00a0\u00a0\u00a0\u00a0 <\/strong>\u00a0Mang phong c\u00e1ch vang Pinot truy\u1ec1n th\u1ed1ng. C\u00f3 v\u1ecb c\u1ee7a tr\u00e1i anh \u0111\u00e0o v\u00e0 c\u00e1c lo\u1ea1i tr\u00e1i c\u00e2y m\u00e0u \u0111\u1ecf, th\u00eam v\u00e0o \u0111\u00f3 l\u00e0 v\u1ecb gia v\u1ecb m\u1eb7n.<\/p>\n<p>\u0110\u1ed9 t\u1eadp trung c\u1ee7a vang m\u01b0\u1ee3t nh\u01b0 l\u1ee5a, gi\u00fap cung c\u1ea5p \u0111\u1ed9 \u0111\u1eadm \u0111\u00e0 v\u00e0 k\u00e9o d\u00e0i h\u01b0\u01a1ng v\u1ecb c\u1ee7a vang. S\u1ef1 c\u00e2n b\u1eb1ng \u0111\u1eb9p \u0111\u1ebd t\u1ef1 nhi\u00ean.<\/p>\n<p><strong>\u00a0B\u1ea2O QU\u1ea2N\u00a0\u00a0\u00a0\u00a0\u00a0\u00a0\u00a0\u00a0\u00a0\u00a0\u00a0\u00a0\u00a0\u00a0 <\/strong>T\u1eeb gi\u1edd - 2022.<\/p>\n<p><strong>GHI CH\u00da T\u1eea NH\u00c0 S\u1ea2N XU\u1ea4T <\/strong>M\u1ed9t m\u00f9a \u0111\u00f4ng \u1ea9m \u01b0\u1edbt \u0111\u00e3 tr\u00ec ho\u00e3n qu\u00e1 tr\u00ecnh \u0111\u00e2m ch\u1ed3i, t\u1ea1o n\u00ean m\u1ed9t m\u00f9a v\u1ee5 v\u1edbi kh\u00ed h\u1eadu m\u00e1t m\u1ebb ti\u00eau bi\u1ec3u. M\u1ed9t th\u1eddi k\u1ef3 nho l\u1edbn c\u00e2n b\u1eb1ng, v\u1edbi qu\u00e1 tr\u00ecnh nho ch\u00edn \u0111\u1ec1u gi\u1eefa c\u00e1c c\u00e2y, \u0111\u00e3 gi\u00fap nh\u1eefng tr\u00e1i nho c\u00f3 \u0111\u01b0\u1ee3c<\/p>\n<p>h\u01b0\u01a1ng v\u1ecb xu\u1ea5t s\u1eafc, v\u1edbi c\u1ea5u tr\u00fac v\u00e0 h\u01b0\u01a1ng v\u1ecb h\u1ea3o h\u1ea1ng.<\/p>\n<p>&nbsp;<\/p>\n<h2>QU\u00c1 TR\u00ccNH S\u1ea2N XU\u1ea4T<\/h2>\n<p><strong>GI\u1ed0NG NHO <\/strong>100% Pinot Noir<\/p>\n<p><strong>\u0110\u1ed8 C\u1ed2N:\u00a0\u00a0\u00a0\u00a0\u00a0\u00a0\u00a0\u00a0\u00a0\u00a0\u00a0\u00a0\u00a0\u00a0\u00a0\u00a0\u00a0\u00a0\u00a0\u00a0\u00a0\u00a0\u00a0\u00a0\u00a0\u00a0\u00a0\u00a0\u00a0\u00a0\u00a0 <\/strong>13.0%<\/p>\n<p><strong>PH\u00a0\u00a0\u00a0\u00a0\u00a0\u00a0\u00a0\u00a0\u00a0\u00a0\u00a0\u00a0\u00a0\u00a0\u00a0\u00a0\u00a0\u00a0\u00a0\u00a0\u00a0\u00a0\u00a0\u00a0\u00a0\u00a0\u00a0\u00a0\u00a0\u00a0\u00a0\u00a0 <\/strong>3.59<\/p>\n<p><strong>PH\u01af\u01a0NG PH\u00c1P L\u00caN MEN <\/strong>C\u00e1c th\u00f9ng m\u1edf n\u1eafp, c\u00f3 c\u00e1nh qu\u1ea1t<\/p>\n<p><strong>TH\u1edcI GIAN L\u00caN MEN\u00a0<\/strong> <strong>V\u1ece NHO\u00a0\u00a0\u00a0\u00a0\u00a0\u00a0\u00a0\u00a0\u00a0 <\/strong>16 days<\/p>\n<p><strong>G\u1ed6 S\u1ed2I<\/strong> <strong>NGU\u1ed2N G\u1ed0C\u00a0\u00a0\u00a0\u00a0\u00a0\u00a0\u00a0\u00a0\u00a0\u00a0\u00a0\u00a0\u00a0\u00a0\u00a0\u00a0\u00a0\u00a0\u00a0\u00a0 <\/strong>Ph\u00e1p<\/p>\n<p><strong>NHO<\/strong> <strong>TH\u00d9NG<\/strong> <strong>G\u1ed6 S\u1ed2I\u00a0\u00a0\u00a0\u00a0\u00a0\u00a0\u00a0\u00a0\u00a0\u00a0\u00a0\u00a0\u00a0\u00a0\u00a0\u00a0\u00a0\u00a0\u00a0\u00a0 <\/strong>3-8 tu\u1ed5i<\/p>\n<p><strong>V\u1ece NHO<\/strong> <strong>\u1ee6<\/strong> <strong>G\u1ed6 S\u1ed2I\u00a0\u00a0\u00a0\u00a0\u00a0\u00a0\u00a0\u00a0\u00a0\u00a0\u00a0\u00a0\u00a0\u00a0\u00a0\u00a0\u00a0\u00a0\u00a0 <\/strong>\u00a0 10 th\u00e1ng<\/p>\n<p><strong>TH.GIAN TI\u1ebeP X\u00daC V\u1ece NHO\u00a0\u00a0\u00a0\u00a0\u00a0\u00a0\u00a0\u00a0\u00a0\u00a0\u00a0\u00a0\u00a0\u00a0 <\/strong>16 ng\u00e0y<\/p>\n<p><strong>LO\u1ea0I MEN\u00a0\u00a0\u00a0\u00a0\u00a0\u00a0\u00a0\u00a0\u00a0\u00a0\u00a0\u00a0\u00a0\u00a0\u00a0\u00a0\u00a0\u00a0\u00a0\u00a0\u00a0\u00a0\u00a0\u00a0\u00a0\u00a0\u00a0\u00a0\u00a0 <\/strong>BGY \u01b0\u1edbt<\/p>\n<p><strong>L\u00caN MEN AXIT MALIC\u00a0\u00a0\u00a0\u00a0\u00a0\u00a0\u00a0\u00a0\u00a0\u00a0\u00a0\u00a0\u00a0\u00a0\u00a0\u00a0\u00a0\u00a0\u00a0\u00a0\u00a0\u00a0\u00a0\u00a0\u00a0\u00a0\u00a0\u00a0\u00a0\u00a0\u00a0\u00a0\u00a0\u00a0\u00a0\u00a0\u00a0\u00a0\u00a0\u00a0\u00a0\u00a0 <\/strong>100%<\/p>\n<p><strong>L\u01af\u1ee2NG \u0110\u01af\u1edcNG<\/strong> <strong>C\u00d2N D\u01af\u00a0\u00a0\u00a0\u00a0\u00a0\u00a0\u00a0\u00a0\u00a0\u00a0\u00a0\u00a0\u00a0\u00a0\u00a0\u00a0 <\/strong>0.34g\/L<\/p>\n<p>&nbsp;<\/p>\n<h2>\u0110I\u1ec0U KI\u1ec6N TR\u1ed2NG NHO<\/h2>\n<p><strong>V\u00d9NG NHO\u00a0\u00a0\u00a0\u00a0\u00a0\u00a0\u00a0\u00a0\u00a0\u00a0\u00a0\u00a0\u00a0\u00a0\u00a0\u00a0\u00a0\u00a0\u00a0\u00a0\u00a0\u00a0\u00a0\u00a0 <\/strong>Victoria<\/p>\n<p><strong>NG\u00c0Y<\/strong> <strong>TH\u00d9NG<\/strong> <strong>HO\u1ea0CH\u00a0\u00a0\u00a0\u00a0\u00a0\u00a0\u00a0\u00a0\u00a0 <\/strong>Cu\u1ed1i Th\u00e1ng Hai \u2013 Gi\u1eefa Th\u00e1ng Ba<\/p>\n<p><strong>TU\u1ed4I\u00a0<\/strong> <strong>NHO\u00a0\u00a0\u00a0\u00a0\u00a0\u00a0\u00a0\u00a0\u00a0\u00a0\u00a0\u00a0\u00a0\u00a0\u00a0\u00a0\u00a0\u00a0\u00a0\u00a0\u00a0 <\/strong>Trung b\u00ecnh 25 tu\u1ed5i<\/p>\n<p><strong>N\u0102NG SU\u1ea4T\u00a0\u00a0\u00a0\u00a0\u00a0\u00a0\u00a0\u00a0\u00a0\u00a0\u00a0\u00a0\u00a0\u00a0\u00a0\u00a0\u00a0\u00a0\u00a0\u00a0\u00a0\u00a0\u00a0\u00a0\u00a0\u00a0\u00a0\u00a0 <\/strong>3.5 t\u1ea5n \/ m\u1eabu Anh<\/p>\n<p><strong>PH\u01af\u01a0NG PH\u00c1P\u00a0\u00a0\u00a0\u00a0\u00a0\u00a0\u00a0\u00a0\u00a0\u00a0\u00a0\u00a0\u00a0\u00a0\u00a0\u00a0\u00a0\u00a0\u00a0\u00a0\u00a0\u00a0\u00a0\u00a0 <\/strong>D\u00f9ng c\u1ea3 m\u00e1y v\u00e0 tay<\/p>\n<p><strong>NH\u00c2N GI\u1ed0NG\u00a0\u00a0\u00a0\u00a0\u00a0\u00a0\u00a0\u00a0\u00a0\u00a0\u00a0\u00a0\u00a0\u00a0\u00a0\u00a0\u00a0\u00a0\u00a0\u00a0\u00a0\u00a0\u00a0\u00a0\u00a0\u00a0\u00a0 <\/strong>D clone, MV6<\/p>\n<p><strong>\u0110\u1ea4T<\/strong> <strong>MEN\u00a0\u00a0\u00a0\u00a0\u00a0\u00a0\u00a0\u00a0\u00a0\u00a0\u00a0\u00a0\u00a0\u00a0\u00a0\u00a0\u00a0\u00a0\u00a0\u00a0\u00a0\u00a0\u00a0 <\/strong>\u0110\u1ea5t ph\u00f9 sa v\u00e0 \u0111\u1ea5t s\u00e9t<\/p>\n<p><strong>CANH T\u00c1C <\/strong>\u00a0\u00a0\u00a0\u0110\u1ecbnh v\u1ecb b\u1eafn d\u1ecdc - Vertical Shoot Positioning<\/p>\n<p>&nbsp;<\/p>\n<p><span style=\"font-size: 15pt;\"><strong>\u0110\u00c1NH GI\u00c1<\/strong><\/span><\/p>\n<p><strong>- 91\/100 \u0110i\u1ec3m - \u0110\u00e1nh gi\u00e1 b\u1edfi Toni Paterson c\u1ee7a T\u1ea1p ch\u00ed The Real Review:\u00a0M\u1ed9t d\u00f2ng vang ngon, ho\u00e0n ch\u1ec9nh v\u1edbi h\u01b0\u01a1ng v\u1ecb cherry \u0111en,\u00a0<\/strong><em>v\u1ecb vang \u0111\u1eadm \u0111\u00e0, axit s\u1ed1ng \u0111\u1ed9ng v\u00e0 c\u1ea3m gi\u00e1c u\u1ed1ng vang m\u1ecdng n\u01b0\u1edbc.<\/em><\/p>\n<p><strong>- \u0110\u00e1nh gi\u00e1 b\u1edfi Christina Pickard (T4\/2020):<em>\u00a0<\/em><\/strong><em>\u00a0R\u01b0\u1ee3u vang \u0111\u1ecf c\u00f3 h\u01b0\u01a1ng v\u1ecb t\u01b0\u01a1i m\u1edbi v\u00e0 tr\u00e1i c\u00e2y nguy\u00ean ch\u1ea5t, c\u00f9ng v\u1edbi c\u1ea3m gi\u00e1c vang ngon b\u00f9ng n\u1ed5.<\/em><\/p>","protected":false},"excerpt":{"rendered":"<p>91 \u0111i\u1ec3m\u2013 T\u1ea1p ch\u00ed The Real Review<\/p>","protected":false},"featured_media":1655,"template":"","meta":{"_acf_changed":false},"product_brand":[],"product_cat":[2640,87],"product_tag":[],"grape_varietal":[2469],"wine_regions":[2436],"class_list":{"0":"post-1656","1":"product","2":"type-product","3":"status-publish","4":"has-post-thumbnail","6":"product_cat-catalogue","7":"product_cat-red-wine","8":"pa_brand-yering-station","9":"grape_varietal-pinot-noir","10":"wine_regions-yarra-valley","12":"first","13":"instock","14":"shipping-taxable","15":"product-type-simple"},"acf":[],"yoast_head":"<!-- This site is optimized with the Yoast SEO plugin v27.4 - https:\/\/yoast.com\/product\/yoast-seo-wordpress\/ -->\n<title>Yering Station Little Yering Pinot Noir - Rada Wines<\/title>\n<meta name=\"robots\" content=\"index, follow, max-snippet:-1, max-image-preview:large, max-video-preview:-1\" \/>\n<link rel=\"canonical\" href=\"https:\/\/www.ilovewines.vn\/vi\/san-pham\/yering-station-little-yering-pinot-noir-2021\/\" \/>\n<meta property=\"og:locale\" content=\"vi_VN\" \/>\n<meta property=\"og:type\" content=\"article\" \/>\n<meta property=\"og:title\" content=\"Yering Station Little Yering Pinot Noir - Rada Wines\" \/>\n<meta property=\"og:description\" content=\"91 points - The Real Review\" \/>\n<meta property=\"og:url\" content=\"https:\/\/www.ilovewines.vn\/vi\/san-pham\/yering-station-little-yering-pinot-noir-2021\/\" \/>\n<meta property=\"og:site_name\" content=\"Rada Wines\" \/>\n<meta property=\"article:modified_time\" content=\"2023-07-13T03:09:25+00:00\" \/>\n<meta property=\"og:image\" content=\"https:\/\/www.ilovewines.vn\/wp-content\/uploads\/2022\/07\/2018_little_yerring_pinot_noir-308x385_small_cd275e3ee3fc46fdb28e69d8a27b44c8.png\" \/>\n\t<meta property=\"og:image:width\" content=\"308\" \/>\n\t<meta property=\"og:image:height\" content=\"385\" \/>\n\t<meta property=\"og:image:type\" content=\"image\/png\" \/>\n<meta name=\"twitter:card\" content=\"summary_large_image\" \/>\n<meta name=\"twitter:label1\" content=\"\u01af\u1edbc t\u00ednh th\u1eddi gian \u0111\u1ecdc\" \/>\n\t<meta name=\"twitter:data1\" content=\"1 ph\u00fat\" \/>\n<script type=\"application\/ld+json\" class=\"yoast-schema-graph\">{\"@context\":\"https:\\\/\\\/schema.org\",\"@graph\":[{\"@type\":\"WebPage\",\"@id\":\"https:\\\/\\\/www.ilovewines.vn\\\/product\\\/yering-station-little-yering-pinot-noir-2021\\\/\",\"url\":\"https:\\\/\\\/www.ilovewines.vn\\\/product\\\/yering-station-little-yering-pinot-noir-2021\\\/\",\"name\":\"Yering Station Little Yering Pinot Noir - Rada Wines\",\"isPartOf\":{\"@id\":\"https:\\\/\\\/www.ilovewines.vn\\\/#website\"},\"primaryImageOfPage\":{\"@id\":\"https:\\\/\\\/www.ilovewines.vn\\\/product\\\/yering-station-little-yering-pinot-noir-2021\\\/#primaryimage\"},\"image\":{\"@id\":\"https:\\\/\\\/www.ilovewines.vn\\\/product\\\/yering-station-little-yering-pinot-noir-2021\\\/#primaryimage\"},\"thumbnailUrl\":\"https:\\\/\\\/www.ilovewines.vn\\\/wp-content\\\/uploads\\\/2022\\\/07\\\/2018_little_yerring_pinot_noir-308x385_small_cd275e3ee3fc46fdb28e69d8a27b44c8.png\",\"datePublished\":\"2022-07-08T03:29:17+00:00\",\"dateModified\":\"2023-07-13T03:09:25+00:00\",\"breadcrumb\":{\"@id\":\"https:\\\/\\\/www.ilovewines.vn\\\/product\\\/yering-station-little-yering-pinot-noir-2021\\\/#breadcrumb\"},\"inLanguage\":\"vi\",\"potentialAction\":[{\"@type\":\"ReadAction\",\"target\":[\"https:\\\/\\\/www.ilovewines.vn\\\/product\\\/yering-station-little-yering-pinot-noir-2021\\\/\"]}]},{\"@type\":\"ImageObject\",\"inLanguage\":\"vi\",\"@id\":\"https:\\\/\\\/www.ilovewines.vn\\\/product\\\/yering-station-little-yering-pinot-noir-2021\\\/#primaryimage\",\"url\":\"https:\\\/\\\/www.ilovewines.vn\\\/wp-content\\\/uploads\\\/2022\\\/07\\\/2018_little_yerring_pinot_noir-308x385_small_cd275e3ee3fc46fdb28e69d8a27b44c8.png\",\"contentUrl\":\"https:\\\/\\\/www.ilovewines.vn\\\/wp-content\\\/uploads\\\/2022\\\/07\\\/2018_little_yerring_pinot_noir-308x385_small_cd275e3ee3fc46fdb28e69d8a27b44c8.png\",\"width\":308,\"height\":385},{\"@type\":\"BreadcrumbList\",\"@id\":\"https:\\\/\\\/www.ilovewines.vn\\\/product\\\/yering-station-little-yering-pinot-noir-2021\\\/#breadcrumb\",\"itemListElement\":[{\"@type\":\"ListItem\",\"position\":1,\"name\":\"Home\",\"item\":\"https:\\\/\\\/www.ilovewines.vn\\\/\"},{\"@type\":\"ListItem\",\"position\":2,\"name\":\"Catalogue\",\"item\":\"https:\\\/\\\/www.ilovewines.vn\\\/catalogue\\\/\"},{\"@type\":\"ListItem\",\"position\":3,\"name\":\"Yering Station Little Yering Pinot Noir\"}]},{\"@type\":\"WebSite\",\"@id\":\"https:\\\/\\\/www.ilovewines.vn\\\/#website\",\"url\":\"https:\\\/\\\/www.ilovewines.vn\\\/\",\"name\":\"Rada Wines\",\"description\":\"Just another WordPress site\",\"publisher\":{\"@id\":\"https:\\\/\\\/www.ilovewines.vn\\\/#organization\"},\"potentialAction\":[{\"@type\":\"SearchAction\",\"target\":{\"@type\":\"EntryPoint\",\"urlTemplate\":\"https:\\\/\\\/www.ilovewines.vn\\\/?s={search_term_string}\"},\"query-input\":{\"@type\":\"PropertyValueSpecification\",\"valueRequired\":true,\"valueName\":\"search_term_string\"}}],\"inLanguage\":\"vi\"},{\"@type\":\"Organization\",\"@id\":\"https:\\\/\\\/www.ilovewines.vn\\\/#organization\",\"name\":\"Rada Wines\",\"url\":\"https:\\\/\\\/www.ilovewines.vn\\\/\",\"logo\":{\"@type\":\"ImageObject\",\"inLanguage\":\"vi\",\"@id\":\"https:\\\/\\\/www.ilovewines.vn\\\/#\\\/schema\\\/logo\\\/image\\\/\",\"url\":\"https:\\\/\\\/www.ilovewines.vn\\\/wp-content\\\/uploads\\\/2022\\\/06\\\/cropped-162574230_380766779846763_4426584222903300096_n.jpg\",\"contentUrl\":\"https:\\\/\\\/www.ilovewines.vn\\\/wp-content\\\/uploads\\\/2022\\\/06\\\/cropped-162574230_380766779846763_4426584222903300096_n.jpg\",\"width\":320,\"height\":206,\"caption\":\"Rada Wines\"},\"image\":{\"@id\":\"https:\\\/\\\/www.ilovewines.vn\\\/#\\\/schema\\\/logo\\\/image\\\/\"}}]}<\/script>\n<!-- \/ Yoast SEO plugin. -->","yoast_head_json":{"title":"Yering Station Little Yering Pinot Noir - Rada Wines","robots":{"index":"index","follow":"follow","max-snippet":"max-snippet:-1","max-image-preview":"max-image-preview:large","max-video-preview":"max-video-preview:-1"},"canonical":"https:\/\/www.ilovewines.vn\/vi\/san-pham\/yering-station-little-yering-pinot-noir-2021\/","og_locale":"vi_VN","og_type":"article","og_title":"Yering Station Little Yering Pinot Noir - Rada Wines","og_description":"91 points - The Real Review","og_url":"https:\/\/www.ilovewines.vn\/vi\/san-pham\/yering-station-little-yering-pinot-noir-2021\/","og_site_name":"Rada Wines","article_modified_time":"2023-07-13T03:09:25+00:00","og_image":[{"width":308,"height":385,"url":"https:\/\/www.ilovewines.vn\/wp-content\/uploads\/2022\/07\/2018_little_yerring_pinot_noir-308x385_small_cd275e3ee3fc46fdb28e69d8a27b44c8.png","type":"image\/png"}],"twitter_card":"summary_large_image","twitter_misc":{"\u01af\u1edbc t\u00ednh th\u1eddi gian \u0111\u1ecdc":"1 ph\u00fat"},"schema":{"@context":"https:\/\/schema.org","@graph":[{"@type":"WebPage","@id":"https:\/\/www.ilovewines.vn\/product\/yering-station-little-yering-pinot-noir-2021\/","url":"https:\/\/www.ilovewines.vn\/product\/yering-station-little-yering-pinot-noir-2021\/","name":"Yering Station Little Yering Pinot Noir - Rada Wines","isPartOf":{"@id":"https:\/\/www.ilovewines.vn\/#website"},"primaryImageOfPage":{"@id":"https:\/\/www.ilovewines.vn\/product\/yering-station-little-yering-pinot-noir-2021\/#primaryimage"},"image":{"@id":"https:\/\/www.ilovewines.vn\/product\/yering-station-little-yering-pinot-noir-2021\/#primaryimage"},"thumbnailUrl":"https:\/\/www.ilovewines.vn\/wp-content\/uploads\/2022\/07\/2018_little_yerring_pinot_noir-308x385_small_cd275e3ee3fc46fdb28e69d8a27b44c8.png","datePublished":"2022-07-08T03:29:17+00:00","dateModified":"2023-07-13T03:09:25+00:00","breadcrumb":{"@id":"https:\/\/www.ilovewines.vn\/product\/yering-station-little-yering-pinot-noir-2021\/#breadcrumb"},"inLanguage":"vi","potentialAction":[{"@type":"ReadAction","target":["https:\/\/www.ilovewines.vn\/product\/yering-station-little-yering-pinot-noir-2021\/"]}]},{"@type":"ImageObject","inLanguage":"vi","@id":"https:\/\/www.ilovewines.vn\/product\/yering-station-little-yering-pinot-noir-2021\/#primaryimage","url":"https:\/\/www.ilovewines.vn\/wp-content\/uploads\/2022\/07\/2018_little_yerring_pinot_noir-308x385_small_cd275e3ee3fc46fdb28e69d8a27b44c8.png","contentUrl":"https:\/\/www.ilovewines.vn\/wp-content\/uploads\/2022\/07\/2018_little_yerring_pinot_noir-308x385_small_cd275e3ee3fc46fdb28e69d8a27b44c8.png","width":308,"height":385},{"@type":"BreadcrumbList","@id":"https:\/\/www.ilovewines.vn\/product\/yering-station-little-yering-pinot-noir-2021\/#breadcrumb","itemListElement":[{"@type":"ListItem","position":1,"name":"Home","item":"https:\/\/www.ilovewines.vn\/"},{"@type":"ListItem","position":2,"name":"Catalogue","item":"https:\/\/www.ilovewines.vn\/catalogue\/"},{"@type":"ListItem","position":3,"name":"Yering Station Little Yering Pinot Noir"}]},{"@type":"WebSite","@id":"https:\/\/www.ilovewines.vn\/#website","url":"https:\/\/www.ilovewines.vn\/","name":"Rada Wines","description":"Just another WordPress site","publisher":{"@id":"https:\/\/www.ilovewines.vn\/#organization"},"potentialAction":[{"@type":"SearchAction","target":{"@type":"EntryPoint","urlTemplate":"https:\/\/www.ilovewines.vn\/?s={search_term_string}"},"query-input":{"@type":"PropertyValueSpecification","valueRequired":true,"valueName":"search_term_string"}}],"inLanguage":"vi"},{"@type":"Organization","@id":"https:\/\/www.ilovewines.vn\/#organization","name":"Rada Wines","url":"https:\/\/www.ilovewines.vn\/","logo":{"@type":"ImageObject","inLanguage":"vi","@id":"https:\/\/www.ilovewines.vn\/#\/schema\/logo\/image\/","url":"https:\/\/www.ilovewines.vn\/wp-content\/uploads\/2022\/06\/cropped-162574230_380766779846763_4426584222903300096_n.jpg","contentUrl":"https:\/\/www.ilovewines.vn\/wp-content\/uploads\/2022\/06\/cropped-162574230_380766779846763_4426584222903300096_n.jpg","width":320,"height":206,"caption":"Rada Wines"},"image":{"@id":"https:\/\/www.ilovewines.vn\/#\/schema\/logo\/image\/"}}]}},"_links":{"self":[{"href":"https:\/\/www.ilovewines.vn\/vi\/wp-json\/wp\/v2\/product\/1656","targetHints":{"allow":["GET"]}}],"collection":[{"href":"https:\/\/www.ilovewines.vn\/vi\/wp-json\/wp\/v2\/product"}],"about":[{"href":"https:\/\/www.ilovewines.vn\/vi\/wp-json\/wp\/v2\/types\/product"}],"version-history":[{"count":1,"href":"https:\/\/www.ilovewines.vn\/vi\/wp-json\/wp\/v2\/product\/1656\/revisions"}],"predecessor-version":[{"id":4096,"href":"https:\/\/www.ilovewines.vn\/vi\/wp-json\/wp\/v2\/product\/1656\/revisions\/4096"}],"wp:featuredmedia":[{"embeddable":true,"href":"https:\/\/www.ilovewines.vn\/vi\/wp-json\/wp\/v2\/media\/1655"}],"wp:attachment":[{"href":"https:\/\/www.ilovewines.vn\/vi\/wp-json\/wp\/v2\/media?parent=1656"}],"wp:term":[{"taxonomy":"product_brand","embeddable":true,"href":"https:\/\/www.ilovewines.vn\/vi\/wp-json\/wp\/v2\/product_brand?post=1656"},{"taxonomy":"product_cat","embeddable":true,"href":"https:\/\/www.ilovewines.vn\/vi\/wp-json\/wp\/v2\/product_cat?post=1656"},{"taxonomy":"product_tag","embeddable":true,"href":"https:\/\/www.ilovewines.vn\/vi\/wp-json\/wp\/v2\/product_tag?post=1656"},{"taxonomy":"grape_varietal","embeddable":true,"href":"https:\/\/www.ilovewines.vn\/vi\/wp-json\/wp\/v2\/grape_varietal?post=1656"},{"taxonomy":"wine_regions","embeddable":true,"href":"https:\/\/www.ilovewines.vn\/vi\/wp-json\/wp\/v2\/wine_regions?post=1656"}],"curies":[{"name":"wp","href":"https:\/\/api.w.org\/{rel}","templated":true}]}}