{"id":2026,"date":"2022-07-07T21:31:23","date_gmt":"2022-07-08T03:31:23","guid":{"rendered":"https:\/\/www.ilovewines.vn\/product\/twist-adjustable-aerator-by-host\/"},"modified":"2022-10-19T21:35:39","modified_gmt":"2022-10-20T03:35:39","slug":"twist-adjustable-aerator-by-host","status":"publish","type":"product","link":"https:\/\/www.ilovewines.vn\/vi\/product\/twist-adjustable-aerator-by-host\/","title":{"rendered":"TWIST\u2122 M\u00e1y s\u1ee5c kh\u00ed  c\u00f3 th\u1ec3 \u0111i\u1ec1u ch\u1ec9nh c\u1ee7a h\u00e3ng HOST\u00ae"},"content":{"rendered":"<p><strong>Gi\u00e1 b\u00e1n:<\/strong> VND 980.000<\/p>\n<p><strong>H\u1ed9p:<\/strong> C\u00f3 k\u00e8m theo<\/p>\n<p><strong>Lo\u1ea1i ph\u1ee5 ki\u1ec7n:<\/strong> M\u00e1y s\u1ee5c kh\u00ed cho r\u01b0\u1ee3u vang<\/p>\n<p><strong>Lo\u1ea1i M\u00e1y s\u1ee5c kh\u00ed:<\/strong> C\u00f3 th\u1ec3 \u0111i\u1ec1u ch\u1ec9nh<\/p>\n<p><strong>C\u00f3 th\u1ec3 \u00e1p d\u1ee5ng cho nh\u1eefng lo\u1ea1i r\u01b0\u1ee3u vang sau:<\/strong><\/p>\n<p>Vang \u0111\u1ecf, vang tr\u1eafng, vang ng\u1ecdt, vang h\u1ed3ng<\/p>\n<p><strong>Th\u01b0\u01a1ng hi\u1ec7u:<\/strong> TWIST\u2122 by HOST\u00ae<\/p>\n<p><strong>Thi\u1ebft k\u1ebf t\u1ea1i:<\/strong> M\u1ef9<\/p>\n<p><strong>S\u1ea3n xu\u1ea5t t\u1ea1i:<\/strong> Trung Qu\u1ed1c<\/p>\n<p>####<\/p>\n<p>B\u1ea1n \u0111\u00e3 ch\u00e1n ng\u1ea5y vi\u1ec7c \u0111\u1ec3 cho r\u01b0\u1ee3u vang \u0111\u01b0\u1ee3c th\u1edf h\u00e0ng gi\u1edd tr\u01b0\u1edbc khi c\u00f3 th\u1ec3 u\u1ed1ng? Gi\u1edd b\u1ea1n kh\u00f4ng c\u1ea7n ph\u1ea3i ch\u1edd \u0111\u1ee3i n\u1eefa! V\u1edbi M\u00e1y s\u1ee5c kh\u00ed c\u00f3 th\u1ec3 \u0111i\u1ec1u ch\u1ec9nh c\u1ee7a h\u00e3ng HOST\u00ae, qu\u00e1 tr\u00ecnh g\u1ea1n r\u01b0\u1ee3u (decant) \u0111\u1ed1i v\u1edbi b\u1ea5t c\u1ee9 lo\u1ea1i r\u01b0\u1ee3u vang n\u00e0o t\u1eeb 0 \u0111\u1ebfn 6h c\u00f3 th\u1ec3 \u0111\u01b0\u1ee3c th\u1ef1c hi\u1ec7n ngay t\u1ee9c th\u00ec.<\/p>\n<ul>\n<li>M\u00f4 ph\u1ecfng l\u00ean \u0111\u1ebfn 6 gi\u1edd g\u1ea1n ngay l\u1eadp t\u1ee9c<\/li>\n<li>H\u1ec7 th\u1ed1ng \u0111\u1ea7u v\u00e0o s\u1ee5c kh\u00ed t\u00edch h\u1ee3p thay th\u1ebf cho c\u00e1c \u1ed1ng b\u00ean ngo\u00e0i l\u1ed9n x\u1ed9n<\/li>\n<li>\u0110i\u1ec1u h\u00f2a l\u01b0\u1ee3ng r\u00f3t cho t\u1eebng m\u1ee9c \u0111\u1ed9 s\u1ee5c kh\u00ed th\u00edch h\u1ee3p m\u1ed7i l\u1ea7n r\u00f3t<\/li>\n<li>G\u1ea1n r\u01b0\u1ee3u t\u1eeb 0 \u0111\u1ebfn 6h<\/li>\n<li>Th\u00e9p kh\u00f4ng r\u1ec9 ch\u1ea5t l\u01b0\u1ee3ng cao v\u1edbi ph\u1ea7n nh\u1ef1a kh\u00f4ng ch\u1ee9a BPA<\/li>\n<\/ul>\n<p>&nbsp;<\/p>\n<p><strong>L\u1ef0A CH\u1eccN C\u00c0I \u0110\u1eb6T<\/strong><\/p>\n<p>T\u1ea5t c\u1ea3 c\u00e1c lo\u1ea1i r\u01b0\u1ee3u vang \u0111\u1ec1u c\u00f3 h\u00e0m l\u01b0\u1ee3ng tannin kh\u00e1c nhau, c\u00f3 th\u1ec3 l\u00e0m cho m\u1ed9t chai vang m\u1edbi m\u1edf c\u00f3 v\u1ecb ch\u00e1t ho\u1eb7c \u0111\u1eafng. C\u00f4ng d\u1ee5ng c\u1ee7a M\u00e1y s\u1ee5c kh\u00ed \u1edf \u0111\u00e2y l\u00e0 \u0111\u1ec3 c\u1ea3i thi\u1ec7n nh\u1eefng h\u01b0\u01a1ng v\u1ecb \u0111\u00f3 ngay l\u1eadp t\u1ee9c!<\/p>\n<p>\u0110\u01a1n gi\u1ea3n ch\u1ec9 c\u1ea7n ch\u1ecdn m\u1ed9t con s\u1ed1 tr\u00ean v\u00f2ng kim lo\u1ea1i, r\u00f3t r\u01b0\u1ee3u v\u00e0o t\u1eeb tr\u00ean xu\u1ed1ng v\u00e0 th\u01b0\u1edfng th\u1ee9c r\u01b0\u1ee3u vang \u0111\u00e3 \u0111\u01b0\u1ee3c g\u1ea1n ho\u00e0n h\u1ea3o!<\/p>\n<p>&#8211; <span style=\"text-decoration: underline;\">Quay \u0111\u1ebfn s\u1ed1 0<\/span>:S\u1ee5c kh\u00ed r\u1ea5t nh\u1eb9<\/p>\n<p>T\u01b0\u01a1ng \u0111\u01b0\u01a1ng v\u1edbi 0h g\u1ea1n r\u01b0\u1ee3u<\/p>\n<p><strong>G\u1ee3i \u00fd \u00e1p d\u1ee5ng cho lo\u1ea1i r\u01b0\u1ee3u vang:<\/strong> Beaujolais<\/p>\n<p>&#8211; <span style=\"text-decoration: underline;\">Quay \u0111\u1ebfn s\u1ed1 1<\/span>: S\u1ee5c kh\u00ed nh\u1eb9<\/p>\n<p>T\u01b0\u01a1ng \u0111\u01b0\u01a1ng v\u1edbi 1h g\u1ea1n r\u01b0\u1ee3u<\/p>\n<p><strong>G\u1ee3i \u00fd \u00e1p d\u1ee5ng cho lo\u1ea1i r\u01b0\u1ee3u vang:<\/strong> Petit Sirah<\/p>\n<p>&#8211; <span style=\"text-decoration: underline;\">Quay \u0111\u1ebfn s\u1ed1 2<\/span>: S\u1ee5c kh\u00ed nh\u1eb9<\/p>\n<p>T\u01b0\u01a1ng \u0111\u01b0\u01a1ng v\u1edbi 2h g\u1ea1n r\u01b0\u1ee3u<\/p>\n<p><strong>G\u1ee3i \u00fd \u00e1p d\u1ee5ng cho lo\u1ea1i r\u01b0\u1ee3u vang:<\/strong> Pinot Noir<\/p>\n<p>&#8211; <span style=\"text-decoration: underline;\">Quay \u0111\u1ebfn s\u1ed1 3<\/span>: S\u1ee5c kh\u00ed m\u1ee9c \u0111\u1ed9 trung b\u00ecnh<\/p>\n<p>T\u01b0\u01a1ng \u0111\u01b0\u01a1ng v\u1edbi 3h g\u1ea1n r\u01b0\u1ee3u<\/p>\n<p><strong>G\u1ee3i \u00fd \u00e1p d\u1ee5ng cho lo\u1ea1i r\u01b0\u1ee3u vang:<\/strong> Shiraz<\/p>\n<p>&#8211; <span style=\"text-decoration: underline;\">Quay \u0111\u1ebfn s\u1ed1 4<\/span>: S\u1ee5c kh\u00ed m\u1ea1nh<\/p>\n<p>T\u01b0\u01a1ng \u0111\u01b0\u01a1ng v\u1edbi 4h g\u1ea1n r\u01b0\u1ee3u<\/p>\n<p><strong>G\u1ee3i \u00fd \u00e1p d\u1ee5ng cho lo\u1ea1i r\u01b0\u1ee3u vang:<\/strong> Merlot<\/p>\n<p>&#8211; <span style=\"text-decoration: underline;\">Quay \u0111\u1ebfn s\u1ed1 5<\/span>: S\u1ee5c kh\u00ed r\u1ea5t m\u1ea1nh<\/p>\n<p>T\u01b0\u01a1ng \u0111\u01b0\u01a1ng v\u1edbi 5h g\u1ea1n r\u01b0\u1ee3u<\/p>\n<p><strong>G\u1ee3i \u00fd \u00e1p d\u1ee5ng cho lo\u1ea1i r\u01b0\u1ee3u vang:<\/strong> Bordeaux<\/p>\n<p>&#8211; <span style=\"text-decoration: underline;\">Quay \u0111\u1ebfn s\u1ed1 6<\/span>: S\u1ee5c kh\u00ed c\u1ef1c m\u1ea1nh<\/p>\n<p>T\u01b0\u01a1ng \u0111\u01b0\u01a1ng v\u1edbi 6h g\u1ea1n r\u01b0\u1ee3u<\/p>\n<p><strong>G\u1ee3i \u00fd \u00e1p d\u1ee5ng cho lo\u1ea1i r\u01b0\u1ee3u vang:<\/strong> Vintage Port<\/p>\n<p><strong><span style=\"color: #ff0000;\"><em>(\u0110\u1ed1i v\u1edbi c\u00e1c lo\u1ea1i nho kh\u00e1c, vui l\u00f2ng tham kh\u1ea3o t\u00e0i li\u1ec7u h\u01b0\u1edbng d\u1eabn b\u00ean trong c\u1ee7a ch\u00fang t\u00f4i)<\/em><\/span><\/strong><\/p>\n<p>&nbsp;<\/p>\n<p><strong>T\u1ea0I SAO PH\u1ea2I D\u00d9NG \u0110\u1ebeN M\u00c1Y S\u1ee4C KH\u00cd?<\/strong><\/p>\n<p>S\u1eed d\u1ee5ng Nguy\u00ean t\u1eafc c\u1ee7a Bernoulli, m\u00e1y s\u1ee5c kh\u00ed l\u01b0u th\u00f4ng kh\u00f4ng kh\u00ed kh\u1eafp r\u01b0\u1ee3u vang c\u1ee7a b\u1ea1n, cho ph\u00e9p n\u00f3 th\u1edf \u1edf m\u1ee9c \u0111\u1ed9 b\u1ea1n l\u1ee5a ch\u1ecdn. \u0110i\u1ec1u n\u00e0y k\u00edch ho\u1ea1t qu\u00e1 tr\u00ecnh oxy h\u00f3a v\u00e0 bay h\u01a1i c\u1ee7a m\u1ed9t s\u1ed1 h\u1ee3p ch\u1ea5t, c\u1ea3i thi\u1ec7n h\u01b0\u01a1ng v\u1ecb t\u1ed5ng th\u1ec3 cho r\u01b0\u1ee3u vang c\u1ee7a b\u1ea1n.<\/p>\n<p>&nbsp;<\/p>\n<p><strong>L\u00e0m s\u1ea1ch:<\/strong> N\u00ean r\u1eeda b\u1eb1ng tay<\/p>\n<p><strong>Ch\u1ee7 s\u1edf h\u1eefu th\u01b0\u01a1ng hi\u1ec7u:<\/strong> True Fabrications<\/p>\n<p><strong>\u0110\u1ecba ch\u1ec9:<\/strong> 154 N 35th St, Seattle, WA 98103, U.S.A<\/p>\n<p><strong>Nh\u1eadp kh\u1ea9u v\u00e0 Ph\u00e2n ph\u1ed1i:<\/strong> Cty TNHH Viet Nang<\/p>\n<p><strong>\u0110\u1ecba ch\u1ec9:<\/strong> S\u1ed1 46 T\u0103ng B\u1ea1t H\u1ed5, ph\u01b0\u1eddng Ph\u1ea1m \u0110\u00ecnh H\u1ed5, qu\u1eadn Hai B\u00e0 Tr\u01b0ng, TP H\u00e0 N\u1ed9i<\/p>","protected":false},"excerpt":{"rendered":"<p><strong>Lo\u1ea1i ph\u1ee5 ki\u1ec7n:<\/strong> M\u00e1y s\u1ee5c kh\u00ed cho r\u01b0\u1ee3u vang<\/p>\n<p><strong>Lo\u1ea1i M\u00e1y s\u1ee5c kh\u00ed:<\/strong> C\u00f3 th\u1ec3 \u0111i\u1ec1u ch\u1ec9nh<\/p>\n<p><strong>C\u00f3 th\u1ec3 \u00e1p d\u1ee5ng cho nh\u1eefng lo\u1ea1i r\u01b0\u1ee3u vang sau:<\/strong><\/p>\n<p>Vang \u0111\u1ecf, vang tr\u1eafng, vang ng\u1ecdt, vang h\u1ed3ng<\/p>\n<p><strong>Th\u01b0\u01a1ng hi\u1ec7u:<\/strong> TWIST\u2122 by HOST\u00ae<\/p>\n<p><strong>Thi\u1ebft k\u1ebf t\u1ea1i:<\/strong> M\u1ef9<\/p>\n<p><strong>S\u1ea3n xu\u1ea5t t\u1ea1i:<\/strong> Trung Qu\u1ed1c<\/p>","protected":false},"featured_media":2025,"template":"","meta":{"_acf_changed":false},"product_brand":[],"product_cat":[1408],"product_tag":[],"grape_varietal":[],"wine_regions":[],"class_list":{"0":"post-2026","1":"product","2":"type-product","3":"status-publish","4":"has-post-thumbnail","6":"product_cat-accessories","8":"first","9":"instock","10":"shipping-taxable","11":"product-type-simple"},"acf":[],"yoast_head":"<!-- This site is optimized with the Yoast SEO plugin v27.4 - https:\/\/yoast.com\/product\/yoast-seo-wordpress\/ -->\n<title>TWIST\u2122 Adjustable Aerator by HOST\u00ae - Rada Wines<\/title>\n<meta name=\"robots\" content=\"index, follow, max-snippet:-1, max-image-preview:large, max-video-preview:-1\" \/>\n<link rel=\"canonical\" href=\"https:\/\/www.ilovewines.vn\/vi\/san-pham\/twist-adjustable-aerator-by-host\/\" \/>\n<meta property=\"og:locale\" content=\"vi_VN\" \/>\n<meta property=\"og:type\" content=\"article\" \/>\n<meta property=\"og:title\" content=\"TWIST\u2122 Adjustable Aerator by HOST\u00ae - Rada Wines\" \/>\n<meta property=\"og:description\" content=\"Type of Accessory: Aerator for wine  Type of Aerator: Adjustable  Type of wine that can be applied to:  Red wine, white wine, sweet wine, r\u00f3se wine  Brand: TWIST\u2122 by HOST\u00ae  Designed in: The USA  Manufactured in: China\" \/>\n<meta property=\"og:url\" content=\"https:\/\/www.ilovewines.vn\/vi\/san-pham\/twist-adjustable-aerator-by-host\/\" \/>\n<meta property=\"og:site_name\" content=\"Rada Wines\" \/>\n<meta property=\"article:modified_time\" content=\"2022-10-20T03:35:39+00:00\" \/>\n<meta property=\"og:image\" content=\"https:\/\/www.ilovewines.vn\/wp-content\/uploads\/2022\/07\/host_twist_2-308x385-1.jpg\" \/>\n\t<meta property=\"og:image:width\" content=\"308\" \/>\n\t<meta property=\"og:image:height\" content=\"385\" \/>\n\t<meta property=\"og:image:type\" content=\"image\/jpeg\" \/>\n<meta name=\"twitter:card\" content=\"summary_large_image\" \/>\n<meta name=\"twitter:label1\" content=\"\u01af\u1edbc t\u00ednh th\u1eddi gian \u0111\u1ecdc\" \/>\n\t<meta name=\"twitter:data1\" content=\"2 ph\u00fat\" \/>\n<script type=\"application\/ld+json\" class=\"yoast-schema-graph\">{\"@context\":\"https:\\\/\\\/schema.org\",\"@graph\":[{\"@type\":\"WebPage\",\"@id\":\"https:\\\/\\\/www.ilovewines.vn\\\/product\\\/twist-adjustable-aerator-by-host\\\/\",\"url\":\"https:\\\/\\\/www.ilovewines.vn\\\/product\\\/twist-adjustable-aerator-by-host\\\/\",\"name\":\"TWIST\u2122 Adjustable Aerator by HOST\u00ae - Rada Wines\",\"isPartOf\":{\"@id\":\"https:\\\/\\\/www.ilovewines.vn\\\/#website\"},\"primaryImageOfPage\":{\"@id\":\"https:\\\/\\\/www.ilovewines.vn\\\/product\\\/twist-adjustable-aerator-by-host\\\/#primaryimage\"},\"image\":{\"@id\":\"https:\\\/\\\/www.ilovewines.vn\\\/product\\\/twist-adjustable-aerator-by-host\\\/#primaryimage\"},\"thumbnailUrl\":\"https:\\\/\\\/www.ilovewines.vn\\\/wp-content\\\/uploads\\\/2022\\\/07\\\/host_twist_2-308x385-1.jpg\",\"datePublished\":\"2022-07-08T03:31:23+00:00\",\"dateModified\":\"2022-10-20T03:35:39+00:00\",\"breadcrumb\":{\"@id\":\"https:\\\/\\\/www.ilovewines.vn\\\/product\\\/twist-adjustable-aerator-by-host\\\/#breadcrumb\"},\"inLanguage\":\"vi\",\"potentialAction\":[{\"@type\":\"ReadAction\",\"target\":[\"https:\\\/\\\/www.ilovewines.vn\\\/product\\\/twist-adjustable-aerator-by-host\\\/\"]}]},{\"@type\":\"ImageObject\",\"inLanguage\":\"vi\",\"@id\":\"https:\\\/\\\/www.ilovewines.vn\\\/product\\\/twist-adjustable-aerator-by-host\\\/#primaryimage\",\"url\":\"https:\\\/\\\/www.ilovewines.vn\\\/wp-content\\\/uploads\\\/2022\\\/07\\\/host_twist_2-308x385-1.jpg\",\"contentUrl\":\"https:\\\/\\\/www.ilovewines.vn\\\/wp-content\\\/uploads\\\/2022\\\/07\\\/host_twist_2-308x385-1.jpg\",\"width\":308,\"height\":385},{\"@type\":\"BreadcrumbList\",\"@id\":\"https:\\\/\\\/www.ilovewines.vn\\\/product\\\/twist-adjustable-aerator-by-host\\\/#breadcrumb\",\"itemListElement\":[{\"@type\":\"ListItem\",\"position\":1,\"name\":\"Home\",\"item\":\"https:\\\/\\\/www.ilovewines.vn\\\/\"},{\"@type\":\"ListItem\",\"position\":2,\"name\":\"Catalogue\",\"item\":\"https:\\\/\\\/www.ilovewines.vn\\\/catalogue\\\/\"},{\"@type\":\"ListItem\",\"position\":3,\"name\":\"TWIST\u2122 Adjustable Aerator by HOST\u00ae\"}]},{\"@type\":\"WebSite\",\"@id\":\"https:\\\/\\\/www.ilovewines.vn\\\/#website\",\"url\":\"https:\\\/\\\/www.ilovewines.vn\\\/\",\"name\":\"Rada Wines\",\"description\":\"Just another WordPress site\",\"publisher\":{\"@id\":\"https:\\\/\\\/www.ilovewines.vn\\\/#organization\"},\"potentialAction\":[{\"@type\":\"SearchAction\",\"target\":{\"@type\":\"EntryPoint\",\"urlTemplate\":\"https:\\\/\\\/www.ilovewines.vn\\\/?s={search_term_string}\"},\"query-input\":{\"@type\":\"PropertyValueSpecification\",\"valueRequired\":true,\"valueName\":\"search_term_string\"}}],\"inLanguage\":\"vi\"},{\"@type\":\"Organization\",\"@id\":\"https:\\\/\\\/www.ilovewines.vn\\\/#organization\",\"name\":\"Rada Wines\",\"url\":\"https:\\\/\\\/www.ilovewines.vn\\\/\",\"logo\":{\"@type\":\"ImageObject\",\"inLanguage\":\"vi\",\"@id\":\"https:\\\/\\\/www.ilovewines.vn\\\/#\\\/schema\\\/logo\\\/image\\\/\",\"url\":\"https:\\\/\\\/www.ilovewines.vn\\\/wp-content\\\/uploads\\\/2022\\\/06\\\/cropped-162574230_380766779846763_4426584222903300096_n.jpg\",\"contentUrl\":\"https:\\\/\\\/www.ilovewines.vn\\\/wp-content\\\/uploads\\\/2022\\\/06\\\/cropped-162574230_380766779846763_4426584222903300096_n.jpg\",\"width\":320,\"height\":206,\"caption\":\"Rada Wines\"},\"image\":{\"@id\":\"https:\\\/\\\/www.ilovewines.vn\\\/#\\\/schema\\\/logo\\\/image\\\/\"}}]}<\/script>\n<!-- \/ Yoast SEO plugin. -->","yoast_head_json":{"title":"TWIST\u2122 Adjustable Aerator by HOST\u00ae - Rada Wines","robots":{"index":"index","follow":"follow","max-snippet":"max-snippet:-1","max-image-preview":"max-image-preview:large","max-video-preview":"max-video-preview:-1"},"canonical":"https:\/\/www.ilovewines.vn\/vi\/san-pham\/twist-adjustable-aerator-by-host\/","og_locale":"vi_VN","og_type":"article","og_title":"TWIST\u2122 Adjustable Aerator by HOST\u00ae - Rada Wines","og_description":"Type of Accessory: Aerator for wine  Type of Aerator: Adjustable  Type of wine that can be applied to:  Red wine, white wine, sweet wine, r\u00f3se wine  Brand: TWIST\u2122 by HOST\u00ae  Designed in: The USA  Manufactured in: China","og_url":"https:\/\/www.ilovewines.vn\/vi\/san-pham\/twist-adjustable-aerator-by-host\/","og_site_name":"Rada Wines","article_modified_time":"2022-10-20T03:35:39+00:00","og_image":[{"width":308,"height":385,"url":"https:\/\/www.ilovewines.vn\/wp-content\/uploads\/2022\/07\/host_twist_2-308x385-1.jpg","type":"image\/jpeg"}],"twitter_card":"summary_large_image","twitter_misc":{"\u01af\u1edbc t\u00ednh th\u1eddi gian \u0111\u1ecdc":"2 ph\u00fat"},"schema":{"@context":"https:\/\/schema.org","@graph":[{"@type":"WebPage","@id":"https:\/\/www.ilovewines.vn\/product\/twist-adjustable-aerator-by-host\/","url":"https:\/\/www.ilovewines.vn\/product\/twist-adjustable-aerator-by-host\/","name":"TWIST\u2122 Adjustable Aerator by HOST\u00ae - Rada Wines","isPartOf":{"@id":"https:\/\/www.ilovewines.vn\/#website"},"primaryImageOfPage":{"@id":"https:\/\/www.ilovewines.vn\/product\/twist-adjustable-aerator-by-host\/#primaryimage"},"image":{"@id":"https:\/\/www.ilovewines.vn\/product\/twist-adjustable-aerator-by-host\/#primaryimage"},"thumbnailUrl":"https:\/\/www.ilovewines.vn\/wp-content\/uploads\/2022\/07\/host_twist_2-308x385-1.jpg","datePublished":"2022-07-08T03:31:23+00:00","dateModified":"2022-10-20T03:35:39+00:00","breadcrumb":{"@id":"https:\/\/www.ilovewines.vn\/product\/twist-adjustable-aerator-by-host\/#breadcrumb"},"inLanguage":"vi","potentialAction":[{"@type":"ReadAction","target":["https:\/\/www.ilovewines.vn\/product\/twist-adjustable-aerator-by-host\/"]}]},{"@type":"ImageObject","inLanguage":"vi","@id":"https:\/\/www.ilovewines.vn\/product\/twist-adjustable-aerator-by-host\/#primaryimage","url":"https:\/\/www.ilovewines.vn\/wp-content\/uploads\/2022\/07\/host_twist_2-308x385-1.jpg","contentUrl":"https:\/\/www.ilovewines.vn\/wp-content\/uploads\/2022\/07\/host_twist_2-308x385-1.jpg","width":308,"height":385},{"@type":"BreadcrumbList","@id":"https:\/\/www.ilovewines.vn\/product\/twist-adjustable-aerator-by-host\/#breadcrumb","itemListElement":[{"@type":"ListItem","position":1,"name":"Home","item":"https:\/\/www.ilovewines.vn\/"},{"@type":"ListItem","position":2,"name":"Catalogue","item":"https:\/\/www.ilovewines.vn\/catalogue\/"},{"@type":"ListItem","position":3,"name":"TWIST\u2122 Adjustable Aerator by HOST\u00ae"}]},{"@type":"WebSite","@id":"https:\/\/www.ilovewines.vn\/#website","url":"https:\/\/www.ilovewines.vn\/","name":"Rada Wines","description":"Just another WordPress site","publisher":{"@id":"https:\/\/www.ilovewines.vn\/#organization"},"potentialAction":[{"@type":"SearchAction","target":{"@type":"EntryPoint","urlTemplate":"https:\/\/www.ilovewines.vn\/?s={search_term_string}"},"query-input":{"@type":"PropertyValueSpecification","valueRequired":true,"valueName":"search_term_string"}}],"inLanguage":"vi"},{"@type":"Organization","@id":"https:\/\/www.ilovewines.vn\/#organization","name":"Rada Wines","url":"https:\/\/www.ilovewines.vn\/","logo":{"@type":"ImageObject","inLanguage":"vi","@id":"https:\/\/www.ilovewines.vn\/#\/schema\/logo\/image\/","url":"https:\/\/www.ilovewines.vn\/wp-content\/uploads\/2022\/06\/cropped-162574230_380766779846763_4426584222903300096_n.jpg","contentUrl":"https:\/\/www.ilovewines.vn\/wp-content\/uploads\/2022\/06\/cropped-162574230_380766779846763_4426584222903300096_n.jpg","width":320,"height":206,"caption":"Rada Wines"},"image":{"@id":"https:\/\/www.ilovewines.vn\/#\/schema\/logo\/image\/"}}]}},"_links":{"self":[{"href":"https:\/\/www.ilovewines.vn\/vi\/wp-json\/wp\/v2\/product\/2026","targetHints":{"allow":["GET"]}}],"collection":[{"href":"https:\/\/www.ilovewines.vn\/vi\/wp-json\/wp\/v2\/product"}],"about":[{"href":"https:\/\/www.ilovewines.vn\/vi\/wp-json\/wp\/v2\/types\/product"}],"version-history":[{"count":0,"href":"https:\/\/www.ilovewines.vn\/vi\/wp-json\/wp\/v2\/product\/2026\/revisions"}],"wp:featuredmedia":[{"embeddable":true,"href":"https:\/\/www.ilovewines.vn\/vi\/wp-json\/wp\/v2\/media\/2025"}],"wp:attachment":[{"href":"https:\/\/www.ilovewines.vn\/vi\/wp-json\/wp\/v2\/media?parent=2026"}],"wp:term":[{"taxonomy":"product_brand","embeddable":true,"href":"https:\/\/www.ilovewines.vn\/vi\/wp-json\/wp\/v2\/product_brand?post=2026"},{"taxonomy":"product_cat","embeddable":true,"href":"https:\/\/www.ilovewines.vn\/vi\/wp-json\/wp\/v2\/product_cat?post=2026"},{"taxonomy":"product_tag","embeddable":true,"href":"https:\/\/www.ilovewines.vn\/vi\/wp-json\/wp\/v2\/product_tag?post=2026"},{"taxonomy":"grape_varietal","embeddable":true,"href":"https:\/\/www.ilovewines.vn\/vi\/wp-json\/wp\/v2\/grape_varietal?post=2026"},{"taxonomy":"wine_regions","embeddable":true,"href":"https:\/\/www.ilovewines.vn\/vi\/wp-json\/wp\/v2\/wine_regions?post=2026"}],"curies":[{"name":"wp","href":"https:\/\/api.w.org\/{rel}","templated":true}]}}