{"id":2050,"date":"2022-07-07T21:31:30","date_gmt":"2022-07-08T03:31:30","guid":{"rendered":"https:\/\/www.ilovewines.vn\/product\/the-lane-vineyard-chardonnay-2019-2020\/"},"modified":"2026-03-29T20:31:38","modified_gmt":"2026-03-30T02:31:38","slug":"the-lane-vineyard-chardonnay-2021","status":"publish","type":"product","link":"https:\/\/www.ilovewines.vn\/vi\/product\/the-lane-vineyard-chardonnay-2021\/","title":{"rendered":"The Lane Adelaide Hills Chardonnay"},"content":{"rendered":"<p><strong>C\u1ea2M QUAN<\/strong><\/p>\n<h3>Th\u1ecb Gi\u00e1c<\/h3>\n<p>R\u01a1m nh\u1ea1t r\u1ef1c r\u1ee1, m\u00e0u xanh l\u00e1 c\u00e2y b\u00f3ng b\u1ea9y v\u00e0 \u0111\u1eadm<\/p>\n<h3>Kh\u1ee9u gi\u00e1c<\/h3>\n<p>\u0110\u01b0\u1ee3c th\u00fac \u0111\u1ea9y b\u1edfi m\u00f9i \u0111\u00e0o ch\u00edn, hoa cam v\u00e0 k\u1eb9o h\u1ea1nh nh\u00e2n.<\/p>\n<h3>V\u1ecb gi\u00e1c<\/h3>\n<p>2019: Qu\u1ea3 xu\u00e2n \u0111\u00e0o tr\u1eafng gi\u00f2n, d\u01b0a m\u1eadt, h\u01b0\u01a1ng qu\u00fdt, g\u1ed7 s\u1ed3i Ph\u00e1p nh\u1eb9 nh\u00e0ng v\u00e0 tinh t\u1ebf.<\/p>\n<p>2020:\u00a0S\u1eafc n\u00e9t v\u00e0 t\u01b0\u01a1i m\u1edbi. B\u01b0\u1edfi v\u00e0 t\u00e1o xanh v\u1edbi k\u1ebft th\u00fac gi\u00f2n v\u00e0 th\u01a1m.<\/p>\n<p><strong>Axit:<\/strong> 7,07 g\/l<\/p>\n<p><strong>\u0110\u1ed9 pH<\/strong> 3.31<\/p>\n<p><strong>\u0110\u1ed9 cao c\u1ee7a v\u01b0\u1eddn nho:<\/strong> 450m so v\u1edbi m\u1ef1c n\u01b0\u1edbc bi\u1ec3n<\/p>\n<p><strong>NH\u00c2N GI\u1ed0NG\u00a0\u00a0<\/strong> 6 gi\u1ed1ng kh\u00e1c bi\u1ec7t<\/p>\n<p><strong>H\u01b0\u1edbng v\u01b0\u1eddn nho:\u00a0<\/strong> H\u01b0\u1edbng Nam<\/p>\n<p><strong>\u0110\u1ea5t tr\u1ed3ng nho:<\/strong> C\u00e1c lo\u1ea1i \u0111\u1ea5t c\u1ed5, ch\u1ee7 y\u1ebfu l\u00e0 s\u1ecfi v\u1edbi \u0111\u00e1 v\u00f4i ho\u1eb7c silicat canxi v\u00e0 \u0111\u00e1 cu\u1ed9i tr\u1ea3i \u0111\u1ec1u kh\u1eafp.<\/p>\n<p>&nbsp;<\/p>\n<p>D\u00f2ng s\u1ea3n ph\u1ea9m Lane Vineyard Block th\u1ec3 hi\u1ec7n \u0111\u1eb7c t\u00ednh \u0111a d\u1ea1ng th\u1ef1c s\u1ef1 v\u00e0 t\u1ea7m \u1ea3nh h\u01b0\u1edfng c\u1ee7a khu v\u1ef1c \u0111\u1ecba l\u00fd c\u1ee7a v\u01b0\u1eddn nho. S\u1ed1 \u0111\u01b0\u1ee3c \u0111\u00e1nh d\u1ea5u\u00a0th\u1ec3 hi\u1ec7n\u00a0n\u01a1i nho \u0111\u01b0\u1ee3c tr\u1ed3ng, c\u0169ng nh\u01b0 t\u1ecda \u0111\u1ed9 \"Google Earth\" tr\u00ean m\u1ed7i\u00a0nh\u00e3n. S\u1ef1 can thi\u1ec7p trong vi\u1ec7c s\u1ea3n xu\u1ea5t \u0111\u01b0\u1ee3c gi\u1ea3m\u00a0thi\u1ec3u t\u1ed1i \u0111a\u00a0cho ph\u00e9p c\u00e1c v\u01b0\u1eddn nho ph\u00e1t tri\u1ec3n t\u1ed1t h\u01a1n. D\u00f2ng Block bao g\u1ed3m nh\u1eefng\u00a0lo\u1ea1i r\u01b0\u1ee3u vang tr\u00e1i c\u00e2y, t\u01b0\u01a1i m\u00e1t \u0111\u1ea7y phong c\u00e1ch v\u1edbi c\u1ea3m gi\u00e1c ch\u00e2n th\u1ef1c h\u01b0\u1edbng t\u1edbi khu v\u1ef1c tr\u1ed3ng nho.<\/p>\n<h3>Ch\u1ebf t\u00e1c r\u01b0\u1ee3u:<\/h3>\n<p>Michael Schreurs<\/p>\n<h3>Ni\u00ean v\u1ee5 2019<\/h3>\n<p>Nhi\u1ec7t \u0111\u1ed9 m\u00e1t m\u1ebb v\u00e0 l\u01b0\u1ee3ng m\u01b0a d\u01b0\u1edbi m\u1ee9c trung b\u00ecnh trong su\u1ed1t m\u00f9a xu\u00e2n khi\u1ebfn c\u00e2y ra hoa \u0111\u1ec1u v\u00e0 \u0111\u1eadu tr\u00e1i kh\u1ecfe m\u1ea1nh, v\u1edbi m\u1ed9t s\u1ed1 gi\u1ed1ng c\u00e2y c\u1ea7n t\u1ec9a th\u01b0a. M\u00f9a h\u00e8 \u1ea5m \u00e1p \u0111\u1ebfn \u00f4n h\u00f2a v\u1edbi \u00edt \u0111\u1ee3t nhi\u1ec7t t\u1ea1o \u0111i\u1ec1u ki\u1ec7n ch\u00edn l\u00fd t\u01b0\u1edfng v\u00e0 \u00e1p l\u1ef1c d\u1ecbch b\u1ec7nh t\u1ed1i thi\u1ec3u. Kho\u1ea3ng th\u1eddi gian \u1ea5m \u00e1p v\u00e0o th\u00e1ng 4 \u0111\u00e3 gi\u00fap c\u00e1c gi\u1ed1ng l\u00faa ch\u00edn mu\u1ed9n ho\u00e0n to\u00e0n ch\u00edn v\u00e0 \u0111\u1ea3m b\u1ea3o m\u1ed9t ni\u00ean v\u1ee5\u00a0n\u1ed5i b\u1eadt.<\/p>\n<h3>Ni\u00ean v\u1ee5 2020\u00a0<\/h3>\n<p>M\u1ed9t m\u00f9a \u0111\u00f4ng kh\u00f4 h\u1ea1n \u0111\u01b0\u1ee3c c\u00e2n b\u1eb1ng v\u1edbi l\u01b0\u1ee3ng m\u01b0a tr\u00ean trung b\u00ecnh v\u00e0o th\u00e1ng 6 v\u00e0 th\u00e1ng 8 \u0111\u1ea3m b\u1ea3o \u0111\u1ed9 \u1ea9m t\u1ed1i \u01b0u cho \u0111\u1ea5t khi ch\u1edbm n\u1edf. Nhi\u1ec7t \u0111\u1ed9 m\u00e1t m\u1ebb v\u00e0o \u0111\u1ea7u m\u00f9a l\u00e0m cho hoa ch\u00edn v\u00e0o bu\u1ed5i t\u1ed1i v\u00e0 ph\u00e1t tri\u1ec3n t\u1ed1t. M\u1ed9t \u0111\u1ee3t l\u1ea1nh l\u00fac \u0111\u1eadu tr\u00e1i d\u1eabn \u0111\u1ebfn n\u0103ng su\u1ea5t r\u1ea5t th\u1ea5p tr\u00ean t\u1ea5t c\u1ea3 c\u00e1c gi\u1ed1ng. Nhi\u1ec7t \u0111\u1ed9 t\u0103ng \u0111\u1ed9t bi\u1ebfn v\u00e0o th\u00e1ng Gi\u00eang \u0111\u1ea3m b\u1ea3o \u0111\u1ed9 ch\u00edn t\u1ed1i \u01b0u c\u1ee7a tr\u00e1i c\u00e2y k\u1ebft h\u1ee3p v\u1edbi n\u0103ng su\u1ea5t th\u1ea5p \u0111\u1ec3 t\u1ea1o ra tr\u00e1i c\u00e2y c\u00f3 h\u01b0\u01a1ng v\u1ecb v\u01b0\u1ee3t xa\u00a0m\u1ee9c trung b\u00ecnh.<\/p>\n<p>&nbsp;<\/p>\n<p style=\"text-align: center;\"><iframe src=\"https:\/\/www.youtube.com\/embed\/WADJ7MW79Mo\" width=\"560\" height=\"315\" frameborder=\"0\" allowfullscreen=\"allowfullscreen\"><\/iframe><\/p>\n<p style=\"text-align: center;\"><em>The Lane Vineyard \u0111\u00e3 \u0111\u01b0\u1ee3c \u1ee6y Ban Du L\u1ecbch Nam \u00dac b\u00ecnh ch\u1ecdn l\u00e0 m\u1ed9t trong nh\u1eefng \u0111\u1ea1i di\u1ec7n cho ng\u00e0nh du l\u1ecbch c\u1ee7a \u0111\u1ecba ph\u01b0\u01a1ng. (Ngu\u1ed3n: Youtube)<\/em><\/p>","protected":false},"excerpt":{"rendered":"<p>Ch\u1ea5t l\u01b0\u1ee3ng xu\u1ea5t ch\u00fang t\u1eeb nho Chardonnay tr\u1ed3ng t\u1ea1i m\u1ed9t v\u01b0\u1eddn duy nh\u1ea5t \u1edf n\u01a1i \"kh\u00ed h\u1eadu m\u00e1t m\u1ebb\".<\/p>","protected":false},"featured_media":2049,"template":"","meta":{"_acf_changed":false},"product_brand":[],"product_cat":[2640,89],"product_tag":[],"grape_varietal":[2618],"wine_regions":[2416],"class_list":{"0":"post-2050","1":"product","2":"type-product","3":"status-publish","4":"has-post-thumbnail","6":"product_cat-catalogue","7":"product_cat-white-wine","8":"pa_brand-the-lane-vineyard","9":"grape_varietal-chardonnay-rose","10":"wine_regions-adelaide-hills","12":"first","13":"instock","14":"shipping-taxable","15":"product-type-simple"},"acf":[],"yoast_head":"<!-- This site is optimized with the Yoast SEO plugin v27.4 - https:\/\/yoast.com\/product\/yoast-seo-wordpress\/ -->\n<title>The Lane Adelaide Hills Chardonnay - Rada Wines<\/title>\n<meta name=\"robots\" content=\"index, follow, max-snippet:-1, max-image-preview:large, max-video-preview:-1\" \/>\n<link rel=\"canonical\" href=\"https:\/\/www.ilovewines.vn\/vi\/san-pham\/the-lane-vineyard-chardonnay-2021\/\" \/>\n<meta property=\"og:locale\" content=\"vi_VN\" \/>\n<meta property=\"og:type\" content=\"article\" \/>\n<meta property=\"og:title\" content=\"The Lane Adelaide Hills Chardonnay - Rada Wines\" \/>\n<meta property=\"og:description\" content=\"Outstanding &#039;cool climate&#039; single vineyard Chardonnay.\" \/>\n<meta property=\"og:url\" content=\"https:\/\/www.ilovewines.vn\/vi\/san-pham\/the-lane-vineyard-chardonnay-2021\/\" \/>\n<meta property=\"og:site_name\" content=\"Rada Wines\" \/>\n<meta property=\"article:modified_time\" content=\"2026-03-30T02:31:38+00:00\" \/>\n<meta property=\"og:image\" content=\"https:\/\/www.ilovewines.vn\/wp-content\/uploads\/2022\/07\/2019_the_lane_block_1a_transparent_a775f30cabad4d5d91b9bd8170cdc72a.png\" \/>\n\t<meta property=\"og:image:width\" content=\"600\" \/>\n\t<meta property=\"og:image:height\" content=\"800\" \/>\n\t<meta property=\"og:image:type\" content=\"image\/png\" \/>\n<meta name=\"twitter:card\" content=\"summary_large_image\" \/>\n<meta name=\"twitter:label1\" content=\"\u01af\u1edbc t\u00ednh th\u1eddi gian \u0111\u1ecdc\" \/>\n\t<meta name=\"twitter:data1\" content=\"2 ph\u00fat\" \/>\n<script type=\"application\/ld+json\" class=\"yoast-schema-graph\">{\"@context\":\"https:\\\/\\\/schema.org\",\"@graph\":[{\"@type\":\"WebPage\",\"@id\":\"https:\\\/\\\/www.ilovewines.vn\\\/product\\\/the-lane-vineyard-chardonnay-2021\\\/\",\"url\":\"https:\\\/\\\/www.ilovewines.vn\\\/product\\\/the-lane-vineyard-chardonnay-2021\\\/\",\"name\":\"The Lane Adelaide Hills Chardonnay - Rada Wines\",\"isPartOf\":{\"@id\":\"https:\\\/\\\/www.ilovewines.vn\\\/#website\"},\"primaryImageOfPage\":{\"@id\":\"https:\\\/\\\/www.ilovewines.vn\\\/product\\\/the-lane-vineyard-chardonnay-2021\\\/#primaryimage\"},\"image\":{\"@id\":\"https:\\\/\\\/www.ilovewines.vn\\\/product\\\/the-lane-vineyard-chardonnay-2021\\\/#primaryimage\"},\"thumbnailUrl\":\"https:\\\/\\\/www.ilovewines.vn\\\/wp-content\\\/uploads\\\/2022\\\/07\\\/2019_the_lane_block_1a_transparent_a775f30cabad4d5d91b9bd8170cdc72a.png\",\"datePublished\":\"2022-07-08T03:31:30+00:00\",\"dateModified\":\"2026-03-30T02:31:38+00:00\",\"breadcrumb\":{\"@id\":\"https:\\\/\\\/www.ilovewines.vn\\\/product\\\/the-lane-vineyard-chardonnay-2021\\\/#breadcrumb\"},\"inLanguage\":\"vi\",\"potentialAction\":[{\"@type\":\"ReadAction\",\"target\":[\"https:\\\/\\\/www.ilovewines.vn\\\/product\\\/the-lane-vineyard-chardonnay-2021\\\/\"]}]},{\"@type\":\"ImageObject\",\"inLanguage\":\"vi\",\"@id\":\"https:\\\/\\\/www.ilovewines.vn\\\/product\\\/the-lane-vineyard-chardonnay-2021\\\/#primaryimage\",\"url\":\"https:\\\/\\\/www.ilovewines.vn\\\/wp-content\\\/uploads\\\/2022\\\/07\\\/2019_the_lane_block_1a_transparent_a775f30cabad4d5d91b9bd8170cdc72a.png\",\"contentUrl\":\"https:\\\/\\\/www.ilovewines.vn\\\/wp-content\\\/uploads\\\/2022\\\/07\\\/2019_the_lane_block_1a_transparent_a775f30cabad4d5d91b9bd8170cdc72a.png\",\"width\":600,\"height\":800},{\"@type\":\"BreadcrumbList\",\"@id\":\"https:\\\/\\\/www.ilovewines.vn\\\/product\\\/the-lane-vineyard-chardonnay-2021\\\/#breadcrumb\",\"itemListElement\":[{\"@type\":\"ListItem\",\"position\":1,\"name\":\"Home\",\"item\":\"https:\\\/\\\/www.ilovewines.vn\\\/\"},{\"@type\":\"ListItem\",\"position\":2,\"name\":\"Catalogue\",\"item\":\"https:\\\/\\\/www.ilovewines.vn\\\/catalogue\\\/\"},{\"@type\":\"ListItem\",\"position\":3,\"name\":\"The Lane Adelaide Hills Chardonnay\"}]},{\"@type\":\"WebSite\",\"@id\":\"https:\\\/\\\/www.ilovewines.vn\\\/#website\",\"url\":\"https:\\\/\\\/www.ilovewines.vn\\\/\",\"name\":\"Rada Wines\",\"description\":\"Just another WordPress site\",\"publisher\":{\"@id\":\"https:\\\/\\\/www.ilovewines.vn\\\/#organization\"},\"potentialAction\":[{\"@type\":\"SearchAction\",\"target\":{\"@type\":\"EntryPoint\",\"urlTemplate\":\"https:\\\/\\\/www.ilovewines.vn\\\/?s={search_term_string}\"},\"query-input\":{\"@type\":\"PropertyValueSpecification\",\"valueRequired\":true,\"valueName\":\"search_term_string\"}}],\"inLanguage\":\"vi\"},{\"@type\":\"Organization\",\"@id\":\"https:\\\/\\\/www.ilovewines.vn\\\/#organization\",\"name\":\"Rada Wines\",\"url\":\"https:\\\/\\\/www.ilovewines.vn\\\/\",\"logo\":{\"@type\":\"ImageObject\",\"inLanguage\":\"vi\",\"@id\":\"https:\\\/\\\/www.ilovewines.vn\\\/#\\\/schema\\\/logo\\\/image\\\/\",\"url\":\"https:\\\/\\\/www.ilovewines.vn\\\/wp-content\\\/uploads\\\/2022\\\/06\\\/cropped-162574230_380766779846763_4426584222903300096_n.jpg\",\"contentUrl\":\"https:\\\/\\\/www.ilovewines.vn\\\/wp-content\\\/uploads\\\/2022\\\/06\\\/cropped-162574230_380766779846763_4426584222903300096_n.jpg\",\"width\":320,\"height\":206,\"caption\":\"Rada Wines\"},\"image\":{\"@id\":\"https:\\\/\\\/www.ilovewines.vn\\\/#\\\/schema\\\/logo\\\/image\\\/\"}}]}<\/script>\n<!-- \/ Yoast SEO plugin. -->","yoast_head_json":{"title":"The Lane Adelaide Hills Chardonnay - Rada Wines","robots":{"index":"index","follow":"follow","max-snippet":"max-snippet:-1","max-image-preview":"max-image-preview:large","max-video-preview":"max-video-preview:-1"},"canonical":"https:\/\/www.ilovewines.vn\/vi\/san-pham\/the-lane-vineyard-chardonnay-2021\/","og_locale":"vi_VN","og_type":"article","og_title":"The Lane Adelaide Hills Chardonnay - Rada Wines","og_description":"Outstanding 'cool climate' single vineyard Chardonnay.","og_url":"https:\/\/www.ilovewines.vn\/vi\/san-pham\/the-lane-vineyard-chardonnay-2021\/","og_site_name":"Rada Wines","article_modified_time":"2026-03-30T02:31:38+00:00","og_image":[{"width":600,"height":800,"url":"https:\/\/www.ilovewines.vn\/wp-content\/uploads\/2022\/07\/2019_the_lane_block_1a_transparent_a775f30cabad4d5d91b9bd8170cdc72a.png","type":"image\/png"}],"twitter_card":"summary_large_image","twitter_misc":{"\u01af\u1edbc t\u00ednh th\u1eddi gian \u0111\u1ecdc":"2 ph\u00fat"},"schema":{"@context":"https:\/\/schema.org","@graph":[{"@type":"WebPage","@id":"https:\/\/www.ilovewines.vn\/product\/the-lane-vineyard-chardonnay-2021\/","url":"https:\/\/www.ilovewines.vn\/product\/the-lane-vineyard-chardonnay-2021\/","name":"The Lane Adelaide Hills Chardonnay - Rada Wines","isPartOf":{"@id":"https:\/\/www.ilovewines.vn\/#website"},"primaryImageOfPage":{"@id":"https:\/\/www.ilovewines.vn\/product\/the-lane-vineyard-chardonnay-2021\/#primaryimage"},"image":{"@id":"https:\/\/www.ilovewines.vn\/product\/the-lane-vineyard-chardonnay-2021\/#primaryimage"},"thumbnailUrl":"https:\/\/www.ilovewines.vn\/wp-content\/uploads\/2022\/07\/2019_the_lane_block_1a_transparent_a775f30cabad4d5d91b9bd8170cdc72a.png","datePublished":"2022-07-08T03:31:30+00:00","dateModified":"2026-03-30T02:31:38+00:00","breadcrumb":{"@id":"https:\/\/www.ilovewines.vn\/product\/the-lane-vineyard-chardonnay-2021\/#breadcrumb"},"inLanguage":"vi","potentialAction":[{"@type":"ReadAction","target":["https:\/\/www.ilovewines.vn\/product\/the-lane-vineyard-chardonnay-2021\/"]}]},{"@type":"ImageObject","inLanguage":"vi","@id":"https:\/\/www.ilovewines.vn\/product\/the-lane-vineyard-chardonnay-2021\/#primaryimage","url":"https:\/\/www.ilovewines.vn\/wp-content\/uploads\/2022\/07\/2019_the_lane_block_1a_transparent_a775f30cabad4d5d91b9bd8170cdc72a.png","contentUrl":"https:\/\/www.ilovewines.vn\/wp-content\/uploads\/2022\/07\/2019_the_lane_block_1a_transparent_a775f30cabad4d5d91b9bd8170cdc72a.png","width":600,"height":800},{"@type":"BreadcrumbList","@id":"https:\/\/www.ilovewines.vn\/product\/the-lane-vineyard-chardonnay-2021\/#breadcrumb","itemListElement":[{"@type":"ListItem","position":1,"name":"Home","item":"https:\/\/www.ilovewines.vn\/"},{"@type":"ListItem","position":2,"name":"Catalogue","item":"https:\/\/www.ilovewines.vn\/catalogue\/"},{"@type":"ListItem","position":3,"name":"The Lane Adelaide Hills Chardonnay"}]},{"@type":"WebSite","@id":"https:\/\/www.ilovewines.vn\/#website","url":"https:\/\/www.ilovewines.vn\/","name":"Rada Wines","description":"Just another WordPress site","publisher":{"@id":"https:\/\/www.ilovewines.vn\/#organization"},"potentialAction":[{"@type":"SearchAction","target":{"@type":"EntryPoint","urlTemplate":"https:\/\/www.ilovewines.vn\/?s={search_term_string}"},"query-input":{"@type":"PropertyValueSpecification","valueRequired":true,"valueName":"search_term_string"}}],"inLanguage":"vi"},{"@type":"Organization","@id":"https:\/\/www.ilovewines.vn\/#organization","name":"Rada Wines","url":"https:\/\/www.ilovewines.vn\/","logo":{"@type":"ImageObject","inLanguage":"vi","@id":"https:\/\/www.ilovewines.vn\/#\/schema\/logo\/image\/","url":"https:\/\/www.ilovewines.vn\/wp-content\/uploads\/2022\/06\/cropped-162574230_380766779846763_4426584222903300096_n.jpg","contentUrl":"https:\/\/www.ilovewines.vn\/wp-content\/uploads\/2022\/06\/cropped-162574230_380766779846763_4426584222903300096_n.jpg","width":320,"height":206,"caption":"Rada Wines"},"image":{"@id":"https:\/\/www.ilovewines.vn\/#\/schema\/logo\/image\/"}}]}},"_links":{"self":[{"href":"https:\/\/www.ilovewines.vn\/vi\/wp-json\/wp\/v2\/product\/2050","targetHints":{"allow":["GET"]}}],"collection":[{"href":"https:\/\/www.ilovewines.vn\/vi\/wp-json\/wp\/v2\/product"}],"about":[{"href":"https:\/\/www.ilovewines.vn\/vi\/wp-json\/wp\/v2\/types\/product"}],"version-history":[{"count":3,"href":"https:\/\/www.ilovewines.vn\/vi\/wp-json\/wp\/v2\/product\/2050\/revisions"}],"predecessor-version":[{"id":7131,"href":"https:\/\/www.ilovewines.vn\/vi\/wp-json\/wp\/v2\/product\/2050\/revisions\/7131"}],"wp:featuredmedia":[{"embeddable":true,"href":"https:\/\/www.ilovewines.vn\/vi\/wp-json\/wp\/v2\/media\/2049"}],"wp:attachment":[{"href":"https:\/\/www.ilovewines.vn\/vi\/wp-json\/wp\/v2\/media?parent=2050"}],"wp:term":[{"taxonomy":"product_brand","embeddable":true,"href":"https:\/\/www.ilovewines.vn\/vi\/wp-json\/wp\/v2\/product_brand?post=2050"},{"taxonomy":"product_cat","embeddable":true,"href":"https:\/\/www.ilovewines.vn\/vi\/wp-json\/wp\/v2\/product_cat?post=2050"},{"taxonomy":"product_tag","embeddable":true,"href":"https:\/\/www.ilovewines.vn\/vi\/wp-json\/wp\/v2\/product_tag?post=2050"},{"taxonomy":"grape_varietal","embeddable":true,"href":"https:\/\/www.ilovewines.vn\/vi\/wp-json\/wp\/v2\/grape_varietal?post=2050"},{"taxonomy":"wine_regions","embeddable":true,"href":"https:\/\/www.ilovewines.vn\/vi\/wp-json\/wp\/v2\/wine_regions?post=2050"}],"curies":[{"name":"wp","href":"https:\/\/api.w.org\/{rel}","templated":true}]}}