{"id":2066,"date":"2022-07-07T21:31:34","date_gmt":"2022-07-08T03:31:34","guid":{"rendered":"https:\/\/www.ilovewines.vn\/product\/the-lane-vineyard-19th-meeting-cabernet-sauvignon-2016\/"},"modified":"2023-07-12T21:03:47","modified_gmt":"2023-07-13T03:03:47","slug":"the-lane-vineyard-19th-meeting-cabernet-sauvignon-2016","status":"publish","type":"product","link":"https:\/\/www.ilovewines.vn\/vi\/product\/the-lane-vineyard-19th-meeting-cabernet-sauvignon-2016\/","title":{"rendered":"The Lane Vineyard 19th Meeting Cabernet Sauvignon"},"content":{"rendered":"<p style=\"text-align: justify;\"><strong>V\u1ec1 The Lane Vineyard's Occasion Wines:<\/strong><\/p>\n<p>\u00a0The Lane Vineyard Occasion wines \u0111\u01b0\u1ee3c s\u1ea3n xu\u1ea5t t\u1eeb n\u0103m 1996. T\u1eeb m\u1ed9t v\u1ef1a nho l\u1edbn nh\u1ea5t c\u1ee7a trang tr\u1ea1i. Nho \u0111\u01b0\u1ee3c ch\u1ecdn l\u1ecdc k\u1ef9 theo c\u00e1c ti\u00eau ch\u00ed v\u1ec1 \u0111\u1ed9 tu\u1ed5i, \u0111\u1ed9 tinh khi\u1ebft, \u0111\u1ed9 ch\u00edn, m\u00e0u s\u1eafc...\n\nS\u1ea3n l\u01b0\u1ee3ng nho \u0111\u1ea1t chu\u1ea9n kh\u00f4ng nhi\u1ec1u. M\u1ed7i lo\u1ea1i nho \u0111\u1ec1u \u0111\u01b0\u1ee3c h\u00e1i b\u1eb1ng tay, \u0111\u01b0\u1ee3c ch\u1ecdn l\u1ecdc v\u00e0 x\u1eed l\u00fd nh\u1eb9 nh\u00e0ng r\u1ed3i \u1ee7 trong nh\u1eefng th\u00f9ng g\u1ed7 s\u1ed3i l\u00e2u n\u0103m c\u1ee7a Ph\u00e1p. Occasion wines l\u00e0 chai r\u01b0\u1ee3u vang \u0111\u1eb7c bi\u1ec7t v\u1edbi c\u1ea5u tr\u00fac m\u00f9i v\u1ecb v\u00e0 h\u01b0\u01a1ng v\u1ecb ph\u1ee9c t\u1ea1p.\u00a0<\/p>\n<div class=\"general\">\n<p><strong>B\u00ecnh lu\u1eadn c\u1ee7a nh\u00e0 s\u1ea3n xu\u1ea5t:\u00a0\u00a0<\/strong>\u00a0Tr\u00e1i t\u1eeb c\u1ea3 hai v\u01b0\u1eddn nho Cabernet Sauvignon n\u1eb1m ngay tr\u01b0\u1edbc c\u1eeda h\u1ea7m r\u01b0\u1ee3u \u0111\u01b0\u1ee3c s\u1eed d\u1ee5ng \u0111\u1ec3 s\u1ea3n xu\u1ea5t vang 19th Meeting. C\u00e1c v\u01b0\u1eddn nho n\u00e0y \u0111\u01b0\u1ee3c t\u1ec9a t\u00f3t r\u1ea5t c\u1ea9n th\u1eadn, nh\u1eb1m gi\u00fap \u00e1nh s\u00e1ng l\u1ecdt v\u00e0o nh\u1eefng t\u00e1n c\u00e2y. Hai v\u01b0\u1eddn nho n\u00e0y \u0111\u01b0\u1ee3c tr\u1ed3ng t\u1eeb n\u0103m 1993, r\u1ed9ng t\u1ed5ng c\u1ed9ng 5 hecsta.<\/p>\n<\/div>\n<div class=\"technical\">\n<p><strong>Nh\u00e0 s\u1ea3n xu\u1ea5t:\u00a0<\/strong>Michael Schreurs<\/p>\n<p><strong>N\u00f4ng d\u00e2n tr\u1ed3ng nho:\u00a0<\/strong>\u00a0Marty Edwards<\/p>\n<\/div>\n<p style=\"text-align: justify;\"><strong>Thu ho\u1ea1ch v\u00e0 s\u1ea3n xu\u1ea5t:<\/strong> Trong s\u1ed1 nh\u1eefng gi\u1ed1ng nho l\u00e2u \u0111\u1eddi nh\u1ea5t \u1edf Hills, gi\u1ed1ng s\u1ed1 19 n\u00e0y \u0111\u01b0\u1ee3c t\u1eadn h\u01b0\u1edfng kh\u00ed h\u1eadu \u1ea5m \u00e1p c\u1ee7a mi\u1ec1n b\u1eafc v\u00e0 k\u00e9o d\u00e0i t\u1edbi t\u1eadn nam b\u1eafc, v\u00e0 \u0111\u01b0\u1ee3c h\u01b0\u1edfng t\u1ed1i \u0111a ngu\u1ed3n \u00e1nh s\u00e1ng m\u1eb7t tr\u1eddi, ngu\u1ed3n kh\u00f4ng kh\u00ed, \u0111\u1ea3m b\u1ea3o cho nho ch\u00edn \u0111\u1ec1u.\u00a0<\/p>\n<p style=\"text-align: justify;\">M\u1ed9t ph\u1ea7n nho \u0111\u01b0\u1ee3c gi\u1eef nguy\u00ean l\u1edbp v\u1ecf khi \u1ee7, t\u1ea1o n\u00ean v\u1ecb chan ch\u00e1t nh\u1eb9, ho\u00e0n thi\u1ec7n c\u1ea5u tr\u00fac c\u1ee7a r\u01b0\u1ee3u khi r\u01b0\u1ee3u \u0111\u01b0\u1ee3c \u1ee7 v\u00e0 tr\u01b0\u1edfng th\u00e0nh trong nh\u1eefng th\u00f9ng g\u1ed7 s\u1ed3i c\u1ee7a Ph\u00e1p.<\/p>\n<p style=\"text-align: justify;\"><strong>Ni\u00ean v\u1ee5 2016:\u00a0<\/strong>\u00a0Ng\u00e0y \u1ea5m \u00e1p v\u00e0 \u0111\u00eam m\u00e1t m\u1ebb. M\u1ed9t ni\u00ean v\u1ee5 g\u1ea7n nh\u01b0 ho\u00e0n h\u1ea3o.<\/p>\n<p style=\"text-align: justify;\"><strong>C\u1ea2M NH\u1eacN GI\u00c1C QUAN<\/strong><\/p>\n<p style=\"text-align: justify;\"><strong>M\u00e0u s\u1eafc:\u00a0\u00a0\u00a0<\/strong>M\u00e0u m\u1ef1c \u0111en v\u1edbi \u00e1nh \u0111\u1ecf c\u1ee7a ng\u1ecdc th\u1ea1ch l\u1ef1u<\/p>\n<p style=\"text-align: justify;\"><strong>Kh\u1ee9u gi\u00e1c:\u00a0<\/strong>N\u1ed3ng n\u00e0n h\u01b0\u01a1ng qu\u1ea3 l\u00fd \u0111en (blackcurrant), l\u00e1 nguy\u1ec7t qu\u1ebf v\u00e0 h\u1ea1t ti\u00eau xanh, b\u1ed5 sung c\u1ea3 h\u01b0\u01a1ng g\u1ed7 s\u1ed3i.<\/p>\n<p style=\"text-align: justify;\"><strong>Kh\u1ea9u v\u1ecb:\u00a0<\/strong>V\u1ecb r\u01b0\u1ee3u t\u1eadp trung v\u00e0o v\u1ecb c\u1ee7a r\u01b0\u1ee3u cassis m\u1eb7n (r\u01b0\u1ee3u qu\u1ea3 l\u00fd \u0111en \u2013 blackcurrant) v\u00e0 c\u00e1c lo\u1ea1i th\u1ea3o m\u1ed9c kh\u00f4, tannin m\u1ecbn nh\u01b0 ph\u1ea5n, b\u1ed5 sung v\u1ecb g\u1ed7 s\u1ed3i v\u1edbi chi\u1ec1u d\u00e0i v\u00e0 \u0111\u1ed9 ph\u1ee9c t\u1ea1p l\u1edbn<\/p>\n<p style=\"text-align: justify;\"><strong>\u0110\u1ed9 pH <\/strong>3.62<\/p>\n<p style=\"text-align: justify;\"><strong>\u0110\u1ed9 chua: <\/strong>6.0g\/L<\/p>\n<p><strong>\u0110\u1ed9 cao:<\/strong> 440m so v\u1edbi m\u1ef1c n\u01b0\u1edbc bi\u1ec3n<\/p>\n<p><strong>Nh\u00e2n gi\u1ed1ng:<\/strong> LC10<\/p>\n<p><strong>H\u01b0\u1edbng\u00a0\u0111\u1ea5t tr\u1ed3ng:<\/strong> H\u01b0\u1edbng B\u1eafc<\/p>\n<p style=\"text-align: justify;\"><strong>\u0110\u1ea5t:<\/strong> Ch\u1ea5t \u0111\u1ea5t c\u1ed5 x\u01b0a, ch\u1ee7 y\u1ebfu l\u00e0 s\u1ecfi c\u00f9ng \u0111\u1ea5t sicicat v\u00e0 \u0111\u00e1 v\u00f4i.<\/p>\n<p style=\"text-align: justify;\"><strong>\u0110\u00c1NH GI\u00c1 T\u1eea CHUY\u00caN GIA<\/strong><\/p>\n<p style=\"text-align: justify;\"><strong>Nh\u00e0 ph\u00ea b\u00ecnh:\u00a0<\/strong>\u00a0Tyson Stelzer<\/p>\n<div id=\"accolades1\">\n<div class=\"accolade_separator\"><\/div>\n<div class=\"accolade_separator\">\n<ul>\n<li><strong>L\u1ecdt Top 100 R\u01b0\u1ee3u Vang \u00dac Ngon Nh\u1ea5t c\u1ee7a Nh\u00e0 B\u00e1o Matthew Jukes (Ni\u00ean v\u1ee5 2012)<\/strong><\/li>\n<\/ul>\n<p>B\u00ecnh lu\u1eadn: \"B\u1ecf \u0111i nh\u1eefng n\u1ed1t xanh h\u01a1n v\u1ed1n l\u00e0 ch\u1ee7 \u0111\u1ea1o \u0111\u1ec3 chuy\u1ec3n sang m\u1ed9t giai \u0111o\u1ea1n t\u1ed1i h\u01a1n nh\u1eefng n\u00e9t ch\u1ea5m ph\u00e1 c\u1ee7a cacao v\u00e0 c\u00e0 ph\u00ea espresso cung c\u1ea5p c\u1ea5u tr\u00fac \u0111\u1ec3 c\u1ee7ng c\u1ed1 s\u1eafc m\u00e0u l\u1ed9ng l\u1eaby c\u1ee7a qu\u1ea3 l\u00ed \u0111en. D\u01b0\u1eddng nh\u01b0 c\u01a1 s\u1edf s\u1ea3n xu\u1ea5t r\u01b0\u1ee3u n\u00e0y b\u00e0y ra m\u1ed9t b\u1eefa ti\u1ec7c t\u1ed1i tr\u00ean l\u1ed1i nh\u1ecf \u0111\u1ea7y r\u01b0\u1ee3u \u0111\u1ec3 b\u1ea1n c\u00f3 th\u1ec3 di chuy\u1ec3n li\u00ean t\u1ee5c t\u1eeb lo\u1ea1i r\u01b0\u1ee3u n\u00e0y sang lo\u1ea1i r\u01b0\u1ee3u ti\u1ebfp theo l\u00e0m th\u1ecfa m\u00e3n m\u1ecdi v\u1ecb gi\u00e1c trong con ng\u01b0\u1eddi b\u1ea1n. '<\/p>\n<p>&nbsp;<\/p>\n<div class=\"label\">\n<p><strong>Nh\u00e0 ph\u00ea b\u00ecnh:\u00a0<\/strong>\u00a0Matthew Jukes<\/p>\n<\/div>\n<\/div>\n<\/div>\n<div id=\"awards1\">\n<h4>GI\u1ea2I TH\u01af\u1edeNG<\/h4>\n<ul>\n<li class=\"accolade_separator\">Gi\u1ea3i th\u01b0\u1edfng:\u00a0<strong>L\u1ecdt Top 100 R\u01b0\u1ee3u Vang C\u1ee7a N\u0103m c\u1ee7a T\u1ea1p ch\u00ed WBM n\u0103m 2015 (Ni\u00ean v\u1ee5 2012)<\/strong>N\u0103m: 2015<\/li>\n<\/ul>\n<p><strong>H\u1ed8P QU\u00c0 CHUY\u00caN D\u1ee4NG B\u00c1N R\u1edcI<\/strong><\/p>\n<p style=\"text-align: center;\"><img decoding=\"async\" src=\"https:\/\/file.hstatic.net\/1000211281\/file\/img_9209-308x385_edited_small_b3390c95c50646ebaba55d6e99ae6b88_grande.jpg\" \/><\/p>\n<p>Vui l\u00f2ng li\u00ean h\u1ec7 ch\u00fang t\u00f4i n\u1ebfu b\u1ea1n c\u1ea7n mua k\u00e8m h\u1ed9p qu\u00e0.<\/p>\n<p>&nbsp;<\/p>\n<\/div>\n<p style=\"text-align: center;\"><iframe src=\"https:\/\/www.youtube.com\/embed\/WADJ7MW79Mo\" width=\"560\" height=\"315\" frameborder=\"0\" allowfullscreen=\"allowfullscreen\"><\/iframe><\/p>\n<p style=\"text-align: center;\"><em>The Lane Vineyard \u0111\u00e3 \u0111\u01b0\u1ee3c \u1ee6y Ban Du L\u1ecbch Nam \u00dac b\u00ecnh ch\u1ecdn l\u00e0 m\u1ed9t trong nh\u1eefng \u0111\u1ea1i di\u1ec7n cho ng\u00e0nh du l\u1ecbch c\u1ee7a \u0111\u1ecba ph\u01b0\u01a1ng. (Ngu\u1ed3n: Youtube)<\/em><\/p>","protected":false},"excerpt":{"rendered":"<p>Chai r\u01b0\u1ee3u Shiraz tinh t\u1ebf v\u00e0 thanh l\u1ecbch nh\u1ea5t c\u1ee7a ch\u00fang t\u00f4i. Ho\u00e0n h\u1ea3o \u0111\u1ec3 chia s\u1ebb v\u00e0 n\u00e2ng c\u1ed1c sau m\u1ed7i v\u00f2ng golf.<\/p>","protected":false},"featured_media":2065,"template":"","meta":{"_acf_changed":false},"product_brand":[],"product_cat":[2640,87],"product_tag":[],"grape_varietal":[2467],"wine_regions":[2416],"class_list":{"0":"post-2066","1":"product","2":"type-product","3":"status-publish","4":"has-post-thumbnail","6":"product_cat-catalogue","7":"product_cat-red-wine","8":"pa_brand-the-lane-vineyard","9":"grape_varietal-cabernet-sauvignon","10":"wine_regions-adelaide-hills","12":"first","13":"instock","14":"shipping-taxable","15":"product-type-simple"},"acf":[],"yoast_head":"<!-- This site is optimized with the Yoast SEO plugin v27.1.1 - https:\/\/yoast.com\/product\/yoast-seo-wordpress\/ -->\n<title>The Lane Vineyard 19th Meeting Cabernet Sauvignon - Rada Wines<\/title>\n<meta name=\"robots\" content=\"index, follow, max-snippet:-1, max-image-preview:large, max-video-preview:-1\" \/>\n<link rel=\"canonical\" href=\"https:\/\/www.ilovewines.vn\/vi\/san-pham\/the-lane-vineyard-19th-meeting-cabernet-sauvignon-2016\/\" \/>\n<meta property=\"og:locale\" content=\"vi_VN\" \/>\n<meta property=\"og:type\" content=\"article\" \/>\n<meta property=\"og:title\" content=\"The Lane Vineyard 19th Meeting Cabernet Sauvignon - Rada Wines\" \/>\n<meta property=\"og:description\" content=\"Our most refined and elegant Shiraz. Perfect to share and celebrate any round of golf.\" \/>\n<meta property=\"og:url\" content=\"https:\/\/www.ilovewines.vn\/vi\/san-pham\/the-lane-vineyard-19th-meeting-cabernet-sauvignon-2016\/\" \/>\n<meta property=\"og:site_name\" content=\"Rada Wines\" \/>\n<meta property=\"article:modified_time\" content=\"2023-07-13T03:03:47+00:00\" \/>\n<meta property=\"og:image\" content=\"https:\/\/www.ilovewines.vn\/wp-content\/uploads\/2022\/07\/19th_meeting_2016_-_308x385small_cba85f8069484716aeb007777eec6608.jpg\" \/>\n\t<meta property=\"og:image:width\" content=\"308\" \/>\n\t<meta property=\"og:image:height\" content=\"385\" \/>\n\t<meta property=\"og:image:type\" content=\"image\/jpeg\" \/>\n<meta name=\"twitter:card\" content=\"summary_large_image\" \/>\n<meta name=\"twitter:label1\" content=\"\u01af\u1edbc t\u00ednh th\u1eddi gian \u0111\u1ecdc\" \/>\n\t<meta name=\"twitter:data1\" content=\"2 ph\u00fat\" \/>\n<script type=\"application\/ld+json\" class=\"yoast-schema-graph\">{\"@context\":\"https:\/\/schema.org\",\"@graph\":[{\"@type\":\"WebPage\",\"@id\":\"https:\/\/www.ilovewines.vn\/product\/the-lane-vineyard-19th-meeting-cabernet-sauvignon-2016\/\",\"url\":\"https:\/\/www.ilovewines.vn\/product\/the-lane-vineyard-19th-meeting-cabernet-sauvignon-2016\/\",\"name\":\"The Lane Vineyard 19th Meeting Cabernet Sauvignon - Rada Wines\",\"isPartOf\":{\"@id\":\"https:\/\/www.ilovewines.vn\/#website\"},\"primaryImageOfPage\":{\"@id\":\"https:\/\/www.ilovewines.vn\/product\/the-lane-vineyard-19th-meeting-cabernet-sauvignon-2016\/#primaryimage\"},\"image\":{\"@id\":\"https:\/\/www.ilovewines.vn\/product\/the-lane-vineyard-19th-meeting-cabernet-sauvignon-2016\/#primaryimage\"},\"thumbnailUrl\":\"https:\/\/www.ilovewines.vn\/wp-content\/uploads\/2022\/07\/19th_meeting_2016_-_308x385small_cba85f8069484716aeb007777eec6608.jpg\",\"datePublished\":\"2022-07-08T03:31:34+00:00\",\"dateModified\":\"2023-07-13T03:03:47+00:00\",\"breadcrumb\":{\"@id\":\"https:\/\/www.ilovewines.vn\/product\/the-lane-vineyard-19th-meeting-cabernet-sauvignon-2016\/#breadcrumb\"},\"inLanguage\":\"vi\",\"potentialAction\":[{\"@type\":\"ReadAction\",\"target\":[\"https:\/\/www.ilovewines.vn\/product\/the-lane-vineyard-19th-meeting-cabernet-sauvignon-2016\/\"]}]},{\"@type\":\"ImageObject\",\"inLanguage\":\"vi\",\"@id\":\"https:\/\/www.ilovewines.vn\/product\/the-lane-vineyard-19th-meeting-cabernet-sauvignon-2016\/#primaryimage\",\"url\":\"https:\/\/www.ilovewines.vn\/wp-content\/uploads\/2022\/07\/19th_meeting_2016_-_308x385small_cba85f8069484716aeb007777eec6608.jpg\",\"contentUrl\":\"https:\/\/www.ilovewines.vn\/wp-content\/uploads\/2022\/07\/19th_meeting_2016_-_308x385small_cba85f8069484716aeb007777eec6608.jpg\",\"width\":308,\"height\":385},{\"@type\":\"BreadcrumbList\",\"@id\":\"https:\/\/www.ilovewines.vn\/product\/the-lane-vineyard-19th-meeting-cabernet-sauvignon-2016\/#breadcrumb\",\"itemListElement\":[{\"@type\":\"ListItem\",\"position\":1,\"name\":\"Home\",\"item\":\"https:\/\/www.ilovewines.vn\/\"},{\"@type\":\"ListItem\",\"position\":2,\"name\":\"Catalogue\",\"item\":\"https:\/\/www.ilovewines.vn\/catalogue\/\"},{\"@type\":\"ListItem\",\"position\":3,\"name\":\"The Lane Vineyard 19th Meeting Cabernet Sauvignon\"}]},{\"@type\":\"WebSite\",\"@id\":\"https:\/\/www.ilovewines.vn\/#website\",\"url\":\"https:\/\/www.ilovewines.vn\/\",\"name\":\"Rada Wines\",\"description\":\"Just another WordPress site\",\"publisher\":{\"@id\":\"https:\/\/www.ilovewines.vn\/#organization\"},\"potentialAction\":[{\"@type\":\"SearchAction\",\"target\":{\"@type\":\"EntryPoint\",\"urlTemplate\":\"https:\/\/www.ilovewines.vn\/?s={search_term_string}\"},\"query-input\":{\"@type\":\"PropertyValueSpecification\",\"valueRequired\":true,\"valueName\":\"search_term_string\"}}],\"inLanguage\":\"vi\"},{\"@type\":\"Organization\",\"@id\":\"https:\/\/www.ilovewines.vn\/#organization\",\"name\":\"Rada Wines\",\"url\":\"https:\/\/www.ilovewines.vn\/\",\"logo\":{\"@type\":\"ImageObject\",\"inLanguage\":\"vi\",\"@id\":\"https:\/\/www.ilovewines.vn\/#\/schema\/logo\/image\/\",\"url\":\"https:\/\/www.ilovewines.vn\/wp-content\/uploads\/2022\/06\/cropped-162574230_380766779846763_4426584222903300096_n.jpg\",\"contentUrl\":\"https:\/\/www.ilovewines.vn\/wp-content\/uploads\/2022\/06\/cropped-162574230_380766779846763_4426584222903300096_n.jpg\",\"width\":320,\"height\":206,\"caption\":\"Rada Wines\"},\"image\":{\"@id\":\"https:\/\/www.ilovewines.vn\/#\/schema\/logo\/image\/\"}}]}<\/script>\n<!-- \/ Yoast SEO plugin. -->","yoast_head_json":{"title":"The Lane Vineyard 19th Meeting Cabernet Sauvignon - Rada Wines","robots":{"index":"index","follow":"follow","max-snippet":"max-snippet:-1","max-image-preview":"max-image-preview:large","max-video-preview":"max-video-preview:-1"},"canonical":"https:\/\/www.ilovewines.vn\/vi\/san-pham\/the-lane-vineyard-19th-meeting-cabernet-sauvignon-2016\/","og_locale":"vi_VN","og_type":"article","og_title":"The Lane Vineyard 19th Meeting Cabernet Sauvignon - Rada Wines","og_description":"Our most refined and elegant Shiraz. Perfect to share and celebrate any round of golf.","og_url":"https:\/\/www.ilovewines.vn\/vi\/san-pham\/the-lane-vineyard-19th-meeting-cabernet-sauvignon-2016\/","og_site_name":"Rada Wines","article_modified_time":"2023-07-13T03:03:47+00:00","og_image":[{"width":308,"height":385,"url":"https:\/\/www.ilovewines.vn\/wp-content\/uploads\/2022\/07\/19th_meeting_2016_-_308x385small_cba85f8069484716aeb007777eec6608.jpg","type":"image\/jpeg"}],"twitter_card":"summary_large_image","twitter_misc":{"\u01af\u1edbc t\u00ednh th\u1eddi gian \u0111\u1ecdc":"2 ph\u00fat"},"schema":{"@context":"https:\/\/schema.org","@graph":[{"@type":"WebPage","@id":"https:\/\/www.ilovewines.vn\/product\/the-lane-vineyard-19th-meeting-cabernet-sauvignon-2016\/","url":"https:\/\/www.ilovewines.vn\/product\/the-lane-vineyard-19th-meeting-cabernet-sauvignon-2016\/","name":"The Lane Vineyard 19th Meeting Cabernet Sauvignon - Rada Wines","isPartOf":{"@id":"https:\/\/www.ilovewines.vn\/#website"},"primaryImageOfPage":{"@id":"https:\/\/www.ilovewines.vn\/product\/the-lane-vineyard-19th-meeting-cabernet-sauvignon-2016\/#primaryimage"},"image":{"@id":"https:\/\/www.ilovewines.vn\/product\/the-lane-vineyard-19th-meeting-cabernet-sauvignon-2016\/#primaryimage"},"thumbnailUrl":"https:\/\/www.ilovewines.vn\/wp-content\/uploads\/2022\/07\/19th_meeting_2016_-_308x385small_cba85f8069484716aeb007777eec6608.jpg","datePublished":"2022-07-08T03:31:34+00:00","dateModified":"2023-07-13T03:03:47+00:00","breadcrumb":{"@id":"https:\/\/www.ilovewines.vn\/product\/the-lane-vineyard-19th-meeting-cabernet-sauvignon-2016\/#breadcrumb"},"inLanguage":"vi","potentialAction":[{"@type":"ReadAction","target":["https:\/\/www.ilovewines.vn\/product\/the-lane-vineyard-19th-meeting-cabernet-sauvignon-2016\/"]}]},{"@type":"ImageObject","inLanguage":"vi","@id":"https:\/\/www.ilovewines.vn\/product\/the-lane-vineyard-19th-meeting-cabernet-sauvignon-2016\/#primaryimage","url":"https:\/\/www.ilovewines.vn\/wp-content\/uploads\/2022\/07\/19th_meeting_2016_-_308x385small_cba85f8069484716aeb007777eec6608.jpg","contentUrl":"https:\/\/www.ilovewines.vn\/wp-content\/uploads\/2022\/07\/19th_meeting_2016_-_308x385small_cba85f8069484716aeb007777eec6608.jpg","width":308,"height":385},{"@type":"BreadcrumbList","@id":"https:\/\/www.ilovewines.vn\/product\/the-lane-vineyard-19th-meeting-cabernet-sauvignon-2016\/#breadcrumb","itemListElement":[{"@type":"ListItem","position":1,"name":"Home","item":"https:\/\/www.ilovewines.vn\/"},{"@type":"ListItem","position":2,"name":"Catalogue","item":"https:\/\/www.ilovewines.vn\/catalogue\/"},{"@type":"ListItem","position":3,"name":"The Lane Vineyard 19th Meeting Cabernet Sauvignon"}]},{"@type":"WebSite","@id":"https:\/\/www.ilovewines.vn\/#website","url":"https:\/\/www.ilovewines.vn\/","name":"Rada Wines","description":"Just another WordPress site","publisher":{"@id":"https:\/\/www.ilovewines.vn\/#organization"},"potentialAction":[{"@type":"SearchAction","target":{"@type":"EntryPoint","urlTemplate":"https:\/\/www.ilovewines.vn\/?s={search_term_string}"},"query-input":{"@type":"PropertyValueSpecification","valueRequired":true,"valueName":"search_term_string"}}],"inLanguage":"vi"},{"@type":"Organization","@id":"https:\/\/www.ilovewines.vn\/#organization","name":"Rada Wines","url":"https:\/\/www.ilovewines.vn\/","logo":{"@type":"ImageObject","inLanguage":"vi","@id":"https:\/\/www.ilovewines.vn\/#\/schema\/logo\/image\/","url":"https:\/\/www.ilovewines.vn\/wp-content\/uploads\/2022\/06\/cropped-162574230_380766779846763_4426584222903300096_n.jpg","contentUrl":"https:\/\/www.ilovewines.vn\/wp-content\/uploads\/2022\/06\/cropped-162574230_380766779846763_4426584222903300096_n.jpg","width":320,"height":206,"caption":"Rada Wines"},"image":{"@id":"https:\/\/www.ilovewines.vn\/#\/schema\/logo\/image\/"}}]}},"_links":{"self":[{"href":"https:\/\/www.ilovewines.vn\/vi\/wp-json\/wp\/v2\/product\/2066","targetHints":{"allow":["GET"]}}],"collection":[{"href":"https:\/\/www.ilovewines.vn\/vi\/wp-json\/wp\/v2\/product"}],"about":[{"href":"https:\/\/www.ilovewines.vn\/vi\/wp-json\/wp\/v2\/types\/product"}],"version-history":[{"count":2,"href":"https:\/\/www.ilovewines.vn\/vi\/wp-json\/wp\/v2\/product\/2066\/revisions"}],"predecessor-version":[{"id":4610,"href":"https:\/\/www.ilovewines.vn\/vi\/wp-json\/wp\/v2\/product\/2066\/revisions\/4610"}],"wp:featuredmedia":[{"embeddable":true,"href":"https:\/\/www.ilovewines.vn\/vi\/wp-json\/wp\/v2\/media\/2065"}],"wp:attachment":[{"href":"https:\/\/www.ilovewines.vn\/vi\/wp-json\/wp\/v2\/media?parent=2066"}],"wp:term":[{"taxonomy":"product_brand","embeddable":true,"href":"https:\/\/www.ilovewines.vn\/vi\/wp-json\/wp\/v2\/product_brand?post=2066"},{"taxonomy":"product_cat","embeddable":true,"href":"https:\/\/www.ilovewines.vn\/vi\/wp-json\/wp\/v2\/product_cat?post=2066"},{"taxonomy":"product_tag","embeddable":true,"href":"https:\/\/www.ilovewines.vn\/vi\/wp-json\/wp\/v2\/product_tag?post=2066"},{"taxonomy":"grape_varietal","embeddable":true,"href":"https:\/\/www.ilovewines.vn\/vi\/wp-json\/wp\/v2\/grape_varietal?post=2066"},{"taxonomy":"wine_regions","embeddable":true,"href":"https:\/\/www.ilovewines.vn\/vi\/wp-json\/wp\/v2\/wine_regions?post=2066"}],"curies":[{"name":"wp","href":"https:\/\/api.w.org\/{rel}","templated":true}]}}