{"id":2102,"date":"2022-07-07T21:31:57","date_gmt":"2022-07-08T03:31:57","guid":{"rendered":"https:\/\/www.ilovewines.vn\/product\/seppeltsfield-barossa-shiraz-2018\/"},"modified":"2023-11-29T20:52:36","modified_gmt":"2023-11-30T03:52:36","slug":"seppeltsfield-barossa-shiraz-2018","status":"publish","type":"product","link":"https:\/\/www.ilovewines.vn\/vi\/product\/seppeltsfield-barossa-shiraz-2018\/","title":{"rendered":"Seppeltsfield Barossa Shiraz"},"content":{"rendered":"<div>\n<p><strong>C\u1ea2M QUAN<\/strong><\/p>\n<p>H\u01b0\u01a1ng v\u1ecb t\u1eeb trung h\u00f2a \u0111\u1ebfn \u0111\u1eadm \u0111\u00e0, Barossa Shiraz 2018 th\u1ec3 hi\u1ec7n \u0111\u00fang \u0111\u1eb7c t\u00ednh c\u1ee7a m\u1ed9t Barossa th\u1ef1c s\u1ef1. C\u00f3 v\u1ecb tr\u00e1i anh \u0111\u00e0o s\u1eabm v\u00e0 m\u1eadn, v\u1edbi m\u1ed9t l\u01b0\u1ee3ng tannin v\u1eeba ph\u1ea3i.<\/p>\n<p><strong>Th\u1ecb Gi\u00e1c<\/strong>: M\u00e0u \u0111\u1ecf t\u01b0\u01a1i v\u1edbi s\u1eafc \u0111\u1ecf th\u1eabm tr\u1ebb trung<\/p>\n<p><strong>Kh\u1ee9u gi\u00e1c<\/strong>: H\u01b0\u01a1ng th\u01a1m d\u1eady l\u00ean t\u1eeb qu\u1ea3 cherry v\u00e0 m\u1eadn th\u00e2m, k\u1ebft h\u1ee3p v\u1edbi gia v\u1ecb n\u00e2u ph\u1ee9c t\u1ea1p.<\/p>\n<p><strong>V\u1ecb gi\u00e1c<\/strong>: V\u1ecb c\u1ee7a nho ch\u00edn Barossa c\u1ed5 \u0111i\u1ec3n, tr\u00e1i c\u00e2y \u0111\u1eadm v\u00e0 v\u1ecb s\u00f4 c\u00f4 la \u0111en \u0111\u1eadm \u0111\u00e0. V\u1ecb g\u1ed7 s\u1ed3i c\u00e2n b\u1eb1ng nh\u01b0ng tinh t\u1ebf, \u0111\u1ed9 chua ngon ng\u1ecdt v\u00e0 c\u00f3 v\u1ecb c\u1ee7a tannin.<\/p>\n<p><strong>V\u01af\u1edcN NHO<\/strong><\/p>\n<p>Seppeltsfield Barossa Shiraz 2018 l\u00e0 c\u01a1 s\u1edf c\u1ee7a ch\u00fang t\u00f4i, \u0111\u1ea1i di\u1ec7n cho vi\u1ec7c s\u1edf h\u1eefu \u0111a d\u1ea1ng c\u00e1c v\u01b0\u1eddn nho v\u01b0\u1ee3t qua s\u01b0\u1eddn n\u00fai ph\u00eda T\u00e2y c\u1ee7a khu v\u1ef1c, t\u1eeb B\u1eafc \u0111\u1ebfn Nam. Nhi\u1ec1u th\u1ebf h\u1ec7 ng\u01b0\u1eddi tr\u1ed3ng nho \u0111\u00e3 tr\u1ed3ng lo\u1ea1i nho n\u00e0y trong khu v\u1ef1c k\u1ec3 t\u1eeb nh\u1eefng n\u0103m 184O - s\u1ef1 k\u1ebft h\u1ee3p ph\u1ee9c t\u1ea1p c\u1ee7a c\u00e1c \u0111\u1ecba ch\u1ea5t, \u0111\u1ecba l\u00fd v\u00e0 kh\u00ed h\u1eadu kh\u00e1c nhau t\u01b0\u01a1ng t\u00e1c v\u1edbi nhau \u0111\u1ec3 th\u1ec3 hi\u1ec7n \u0111\u1eb7c \u0111i\u1ec3m c\u1ee7a n\u00f3 theo nhi\u1ec1u c\u00e1ch, t\u1eeb th\u01a1m ngon, thanh l\u1ecbch \u0111\u1ebfn phong ph\u00fa v\u00e0 h\u00e0o ph\u00f3ng.<\/p>\n<p>Tuy nhi\u00ean, ch\u1eafc ch\u1eafn r\u1eb1ng Barossa Shiraz kh\u00f4ng ch\u1ec9 \u0111\u01a1n gi\u1ea3n l\u00e0 m\u1ed9t b\u1ea3n chuy\u1ec3n th\u1ec3 t\u1eeb nho ho\u1eb7c \u0111\u1ea5t tr\u1ed3ng; n\u00f3 c\u0169ng \u0111\u1ea1i di\u1ec7n cho m\u1ed9t b\u1ec1 d\u00e0y v\u1ec1 l\u1ecbch s\u1eed, v\u0103n h\u00f3a v\u00e0 n\u1ed7 l\u1ef1c ti\u00ean phong c\u1ee7a khu v\u1ef1c.<\/p>\n<p>V\u1edbi s\u1ef1 theo d\u00f5i s\u00e1t sao v\u1ec1 nh\u1eefng g\u00ec m\u00e0 m\u00f9a v\u1ee5 tr\u1ed3ng tr\u1ecdt \u0111\u00e3 mang l\u1ea1i, c\u00e1c v\u01b0\u1eddn nho c\u1ee7a Seppeltsfield \u0111\u01b0\u1ee3c xem x\u00e9t \u1edf c\u1ea5p \u0111\u1ed9 kh\u1ed1i ri\u00eang l\u1ebb v\u00ec s\u1ef1 ph\u00f9 h\u1ee3p c\u1ee7a ch\u00fang v\u1edbi vi\u1ec7c ph\u00e1t h\u00e0nh \u1edf nh\u1eefng ng\u00f4i l\u00e0ng c\u1ee7a ch\u00fang t\u00f4i. Vi\u1ec7c l\u1ea5y m\u1eabu chuy\u00ean s\u00e2u \u0111\u01b0\u1ee3c th\u1ef1c hi\u1ec7n khi tr\u00e1i c\u00e2y g\u1ea7n \u0111\u1ebfn \u0111\u1ed9 ch\u00edn \u0111\u1ec3 \u0111\u1ea3m b\u1ea3o th\u1eddi gian thu ho\u1ea1ch t\u1ed1i \u01b0u.<\/p>\n<\/div>\n<p><strong>Gi\u1ed1ng nho<\/strong>:\u00a0Shiraz<\/p>\n<p><strong>\u0110\u1ecba L\u00ed<\/strong>: 180 - 350\u00a0m\u00e9t so v\u1edbi m\u1ef1c n\u01b0\u1edbc bi\u1ec3n<\/p>\n<p><strong>\u0110\u1ecba \u0110i\u1ec3m<\/strong>: Barossa, Nam \u00dac<\/p>\n<p><strong>\u0110\u1ecba ch\u1ea5t<\/strong>: Nhi\u1ec1u \u0111\u1ecba \u0111i\u1ec3m bao g\u1ed3m \u0111\u1ea5t \u0111\u1ecf tr\u00ean \u0111\u00e1 v\u00f4i, c\u00e1t tr\u00ean \u0111\u1ea5t s\u00e9t<\/p>\n<p><strong>QU\u00c1 TR\u00ccNH S\u1ea2N XU\u1ea4T<\/strong><\/p>\n<p>Barossa Shiraz 2018 \u0111\u00e3 \u0111\u01b0\u1ee3c th\u1eed nghi\u1ec7m th\u00f4ng qua H\u1ea7m Tr\u1ecdng l\u1ef1c n\u0103m 1888 l\u1ecbch s\u1eed. \u0110\u01b0\u1ee3c x\u00e2y d\u1ef1ng v\u00e0o s\u01b0\u1eddn \u0111\u1ed3i tr\u00ean m\u1ed9t lo\u1ea1t c\u00e1c b\u1eadc thang, tr\u1ecdng l\u1ef1c h\u01b0\u1edbng d\u00f2ng ch\u1ea3y c\u1ee7a tr\u00e1i c\u00e2y xu\u1ed1ng qua nh\u00e0 m\u00e1y r\u01b0\u1ee3u vang \u0111\u1ec3 mang \u0111\u1ebfn s\u1ef1 chi\u1ebft xu\u1ea5t nh\u1eb9 nh\u00e0ng v\u1ec1 m\u00e0u s\u1eafc, h\u01b0\u01a1ng v\u1ecb v\u00e0 tannin. Shiraz \u0111\u01b0\u1ee3c l\u00ean men trong m\u00e1y l\u00ean men m\u1edf v\u00e0 \u0111\u1ec3 \u0111\u1ea1t \u0111\u1ebfn \u0111\u1ed9 ch\u00edn v\u1edbi \u1ea3nh h\u01b0\u1edfng nh\u1eb9 t\u1eeb g\u1ed7 s\u1ed3i Ph\u00e1p.<\/p>\n<div>\n<h3>ACCOLADES AND AWARDS NOVEMBER 2023<\/h3>\n<p><img fetchpriority=\"high\" decoding=\"async\" class=\"alignnone size-full wp-image-4996\" src=\"https:\/\/www.ilovewines.vn\/wp-content\/uploads\/2022\/07\/accolades.png\" alt=\"\" width=\"775\" height=\"190\" srcset=\"https:\/\/www.ilovewines.vn\/wp-content\/uploads\/2022\/07\/accolades.png 775w, https:\/\/www.ilovewines.vn\/wp-content\/uploads\/2022\/07\/accolades-500x123.png 500w, https:\/\/www.ilovewines.vn\/wp-content\/uploads\/2022\/07\/accolades-700x172.png 700w, https:\/\/www.ilovewines.vn\/wp-content\/uploads\/2022\/07\/accolades-300x74.png 300w, https:\/\/www.ilovewines.vn\/wp-content\/uploads\/2022\/07\/accolades-768x188.png 768w, https:\/\/www.ilovewines.vn\/wp-content\/uploads\/2022\/07\/accolades-18x4.png 18w, https:\/\/www.ilovewines.vn\/wp-content\/uploads\/2022\/07\/accolades-200x49.png 200w, https:\/\/www.ilovewines.vn\/wp-content\/uploads\/2022\/07\/accolades-400x98.png 400w, https:\/\/www.ilovewines.vn\/wp-content\/uploads\/2022\/07\/accolades-600x147.png 600w\" sizes=\"(max-width: 775px) 100vw, 775px\" \/><\/p>\n<p><img decoding=\"async\" class=\"alignnone size-full wp-image-4998\" src=\"https:\/\/www.ilovewines.vn\/wp-content\/uploads\/2022\/07\/Barossa-Shiraz.png\" alt=\"\" width=\"808\" height=\"238\" srcset=\"https:\/\/www.ilovewines.vn\/wp-content\/uploads\/2022\/07\/Barossa-Shiraz.png 808w, https:\/\/www.ilovewines.vn\/wp-content\/uploads\/2022\/07\/Barossa-Shiraz-500x147.png 500w, https:\/\/www.ilovewines.vn\/wp-content\/uploads\/2022\/07\/Barossa-Shiraz-700x206.png 700w, https:\/\/www.ilovewines.vn\/wp-content\/uploads\/2022\/07\/Barossa-Shiraz-300x88.png 300w, https:\/\/www.ilovewines.vn\/wp-content\/uploads\/2022\/07\/Barossa-Shiraz-768x226.png 768w, https:\/\/www.ilovewines.vn\/wp-content\/uploads\/2022\/07\/Barossa-Shiraz-18x5.png 18w, https:\/\/www.ilovewines.vn\/wp-content\/uploads\/2022\/07\/Barossa-Shiraz-200x59.png 200w, https:\/\/www.ilovewines.vn\/wp-content\/uploads\/2022\/07\/Barossa-Shiraz-400x118.png 400w, https:\/\/www.ilovewines.vn\/wp-content\/uploads\/2022\/07\/Barossa-Shiraz-600x177.png 600w, https:\/\/www.ilovewines.vn\/wp-content\/uploads\/2022\/07\/Barossa-Shiraz-800x236.png 800w\" sizes=\"(max-width: 808px) 100vw, 808px\" \/><\/p>\n<\/div>\n<p>&nbsp;<\/p>","protected":false},"excerpt":{"rendered":"<p>90 \u0111i\u1ec3m \u2013 James Halliday 2021<\/p>","protected":false},"featured_media":2101,"template":"","meta":{"_acf_changed":false},"product_brand":[],"product_cat":[2640,87],"product_tag":[],"grape_varietal":[2466],"wine_regions":[2417],"class_list":{"0":"post-2102","1":"product","2":"type-product","3":"status-publish","4":"has-post-thumbnail","6":"product_cat-catalogue","7":"product_cat-red-wine","8":"pa_brand-seppeltsfield","9":"grape_varietal-shiraz","10":"wine_regions-barossa-valley","12":"first","13":"instock","14":"shipping-taxable","15":"product-type-simple"},"acf":[],"yoast_head":"<!-- This site is optimized with the Yoast SEO plugin v27.4 - https:\/\/yoast.com\/product\/yoast-seo-wordpress\/ -->\n<title>Seppeltsfield Barossa Shiraz - Rada Wines<\/title>\n<meta name=\"robots\" content=\"index, follow, max-snippet:-1, max-image-preview:large, max-video-preview:-1\" \/>\n<link rel=\"canonical\" href=\"https:\/\/www.ilovewines.vn\/vi\/san-pham\/seppeltsfield-barossa-shiraz-2018\/\" \/>\n<meta property=\"og:locale\" content=\"vi_VN\" \/>\n<meta property=\"og:type\" content=\"article\" \/>\n<meta property=\"og:title\" content=\"Seppeltsfield Barossa Shiraz - Rada Wines\" \/>\n<meta property=\"og:description\" content=\"90 points - 2021 James Halliday\" \/>\n<meta property=\"og:url\" content=\"https:\/\/www.ilovewines.vn\/vi\/san-pham\/seppeltsfield-barossa-shiraz-2018\/\" \/>\n<meta property=\"og:site_name\" content=\"Rada Wines\" \/>\n<meta property=\"article:modified_time\" content=\"2023-11-30T03:52:36+00:00\" \/>\n<meta property=\"og:image\" content=\"https:\/\/www.ilovewines.vn\/wp-content\/uploads\/2022\/07\/2018-seppeltsfield-barrossa-shiraz-308x385_b260eec3bc614027bb76c7b537d3946d.png\" \/>\n\t<meta property=\"og:image:width\" content=\"1227\" \/>\n\t<meta property=\"og:image:height\" content=\"1534\" \/>\n\t<meta property=\"og:image:type\" content=\"image\/png\" \/>\n<meta name=\"twitter:card\" content=\"summary_large_image\" \/>\n<meta name=\"twitter:label1\" content=\"\u01af\u1edbc t\u00ednh th\u1eddi gian \u0111\u1ecdc\" \/>\n\t<meta name=\"twitter:data1\" content=\"1 ph\u00fat\" \/>\n<script type=\"application\/ld+json\" class=\"yoast-schema-graph\">{\"@context\":\"https:\\\/\\\/schema.org\",\"@graph\":[{\"@type\":\"WebPage\",\"@id\":\"https:\\\/\\\/www.ilovewines.vn\\\/product\\\/seppeltsfield-barossa-shiraz-2018\\\/\",\"url\":\"https:\\\/\\\/www.ilovewines.vn\\\/product\\\/seppeltsfield-barossa-shiraz-2018\\\/\",\"name\":\"Seppeltsfield Barossa Shiraz - Rada Wines\",\"isPartOf\":{\"@id\":\"https:\\\/\\\/www.ilovewines.vn\\\/#website\"},\"primaryImageOfPage\":{\"@id\":\"https:\\\/\\\/www.ilovewines.vn\\\/product\\\/seppeltsfield-barossa-shiraz-2018\\\/#primaryimage\"},\"image\":{\"@id\":\"https:\\\/\\\/www.ilovewines.vn\\\/product\\\/seppeltsfield-barossa-shiraz-2018\\\/#primaryimage\"},\"thumbnailUrl\":\"https:\\\/\\\/www.ilovewines.vn\\\/wp-content\\\/uploads\\\/2022\\\/07\\\/2018-seppeltsfield-barrossa-shiraz-308x385_b260eec3bc614027bb76c7b537d3946d.png\",\"datePublished\":\"2022-07-08T03:31:57+00:00\",\"dateModified\":\"2023-11-30T03:52:36+00:00\",\"breadcrumb\":{\"@id\":\"https:\\\/\\\/www.ilovewines.vn\\\/product\\\/seppeltsfield-barossa-shiraz-2018\\\/#breadcrumb\"},\"inLanguage\":\"vi\",\"potentialAction\":[{\"@type\":\"ReadAction\",\"target\":[\"https:\\\/\\\/www.ilovewines.vn\\\/product\\\/seppeltsfield-barossa-shiraz-2018\\\/\"]}]},{\"@type\":\"ImageObject\",\"inLanguage\":\"vi\",\"@id\":\"https:\\\/\\\/www.ilovewines.vn\\\/product\\\/seppeltsfield-barossa-shiraz-2018\\\/#primaryimage\",\"url\":\"https:\\\/\\\/www.ilovewines.vn\\\/wp-content\\\/uploads\\\/2022\\\/07\\\/2018-seppeltsfield-barrossa-shiraz-308x385_b260eec3bc614027bb76c7b537d3946d.png\",\"contentUrl\":\"https:\\\/\\\/www.ilovewines.vn\\\/wp-content\\\/uploads\\\/2022\\\/07\\\/2018-seppeltsfield-barrossa-shiraz-308x385_b260eec3bc614027bb76c7b537d3946d.png\",\"width\":1227,\"height\":1534},{\"@type\":\"BreadcrumbList\",\"@id\":\"https:\\\/\\\/www.ilovewines.vn\\\/product\\\/seppeltsfield-barossa-shiraz-2018\\\/#breadcrumb\",\"itemListElement\":[{\"@type\":\"ListItem\",\"position\":1,\"name\":\"Home\",\"item\":\"https:\\\/\\\/www.ilovewines.vn\\\/\"},{\"@type\":\"ListItem\",\"position\":2,\"name\":\"Catalogue\",\"item\":\"https:\\\/\\\/www.ilovewines.vn\\\/catalogue\\\/\"},{\"@type\":\"ListItem\",\"position\":3,\"name\":\"Seppeltsfield Barossa Shiraz\"}]},{\"@type\":\"WebSite\",\"@id\":\"https:\\\/\\\/www.ilovewines.vn\\\/#website\",\"url\":\"https:\\\/\\\/www.ilovewines.vn\\\/\",\"name\":\"Rada Wines\",\"description\":\"Just another WordPress site\",\"publisher\":{\"@id\":\"https:\\\/\\\/www.ilovewines.vn\\\/#organization\"},\"potentialAction\":[{\"@type\":\"SearchAction\",\"target\":{\"@type\":\"EntryPoint\",\"urlTemplate\":\"https:\\\/\\\/www.ilovewines.vn\\\/?s={search_term_string}\"},\"query-input\":{\"@type\":\"PropertyValueSpecification\",\"valueRequired\":true,\"valueName\":\"search_term_string\"}}],\"inLanguage\":\"vi\"},{\"@type\":\"Organization\",\"@id\":\"https:\\\/\\\/www.ilovewines.vn\\\/#organization\",\"name\":\"Rada Wines\",\"url\":\"https:\\\/\\\/www.ilovewines.vn\\\/\",\"logo\":{\"@type\":\"ImageObject\",\"inLanguage\":\"vi\",\"@id\":\"https:\\\/\\\/www.ilovewines.vn\\\/#\\\/schema\\\/logo\\\/image\\\/\",\"url\":\"https:\\\/\\\/www.ilovewines.vn\\\/wp-content\\\/uploads\\\/2022\\\/06\\\/cropped-162574230_380766779846763_4426584222903300096_n.jpg\",\"contentUrl\":\"https:\\\/\\\/www.ilovewines.vn\\\/wp-content\\\/uploads\\\/2022\\\/06\\\/cropped-162574230_380766779846763_4426584222903300096_n.jpg\",\"width\":320,\"height\":206,\"caption\":\"Rada Wines\"},\"image\":{\"@id\":\"https:\\\/\\\/www.ilovewines.vn\\\/#\\\/schema\\\/logo\\\/image\\\/\"}}]}<\/script>\n<!-- \/ Yoast SEO plugin. -->","yoast_head_json":{"title":"Seppeltsfield Barossa Shiraz - Rada Wines","robots":{"index":"index","follow":"follow","max-snippet":"max-snippet:-1","max-image-preview":"max-image-preview:large","max-video-preview":"max-video-preview:-1"},"canonical":"https:\/\/www.ilovewines.vn\/vi\/san-pham\/seppeltsfield-barossa-shiraz-2018\/","og_locale":"vi_VN","og_type":"article","og_title":"Seppeltsfield Barossa Shiraz - Rada Wines","og_description":"90 points - 2021 James Halliday","og_url":"https:\/\/www.ilovewines.vn\/vi\/san-pham\/seppeltsfield-barossa-shiraz-2018\/","og_site_name":"Rada Wines","article_modified_time":"2023-11-30T03:52:36+00:00","og_image":[{"width":1227,"height":1534,"url":"https:\/\/www.ilovewines.vn\/wp-content\/uploads\/2022\/07\/2018-seppeltsfield-barrossa-shiraz-308x385_b260eec3bc614027bb76c7b537d3946d.png","type":"image\/png"}],"twitter_card":"summary_large_image","twitter_misc":{"\u01af\u1edbc t\u00ednh th\u1eddi gian \u0111\u1ecdc":"1 ph\u00fat"},"schema":{"@context":"https:\/\/schema.org","@graph":[{"@type":"WebPage","@id":"https:\/\/www.ilovewines.vn\/product\/seppeltsfield-barossa-shiraz-2018\/","url":"https:\/\/www.ilovewines.vn\/product\/seppeltsfield-barossa-shiraz-2018\/","name":"Seppeltsfield Barossa Shiraz - Rada Wines","isPartOf":{"@id":"https:\/\/www.ilovewines.vn\/#website"},"primaryImageOfPage":{"@id":"https:\/\/www.ilovewines.vn\/product\/seppeltsfield-barossa-shiraz-2018\/#primaryimage"},"image":{"@id":"https:\/\/www.ilovewines.vn\/product\/seppeltsfield-barossa-shiraz-2018\/#primaryimage"},"thumbnailUrl":"https:\/\/www.ilovewines.vn\/wp-content\/uploads\/2022\/07\/2018-seppeltsfield-barrossa-shiraz-308x385_b260eec3bc614027bb76c7b537d3946d.png","datePublished":"2022-07-08T03:31:57+00:00","dateModified":"2023-11-30T03:52:36+00:00","breadcrumb":{"@id":"https:\/\/www.ilovewines.vn\/product\/seppeltsfield-barossa-shiraz-2018\/#breadcrumb"},"inLanguage":"vi","potentialAction":[{"@type":"ReadAction","target":["https:\/\/www.ilovewines.vn\/product\/seppeltsfield-barossa-shiraz-2018\/"]}]},{"@type":"ImageObject","inLanguage":"vi","@id":"https:\/\/www.ilovewines.vn\/product\/seppeltsfield-barossa-shiraz-2018\/#primaryimage","url":"https:\/\/www.ilovewines.vn\/wp-content\/uploads\/2022\/07\/2018-seppeltsfield-barrossa-shiraz-308x385_b260eec3bc614027bb76c7b537d3946d.png","contentUrl":"https:\/\/www.ilovewines.vn\/wp-content\/uploads\/2022\/07\/2018-seppeltsfield-barrossa-shiraz-308x385_b260eec3bc614027bb76c7b537d3946d.png","width":1227,"height":1534},{"@type":"BreadcrumbList","@id":"https:\/\/www.ilovewines.vn\/product\/seppeltsfield-barossa-shiraz-2018\/#breadcrumb","itemListElement":[{"@type":"ListItem","position":1,"name":"Home","item":"https:\/\/www.ilovewines.vn\/"},{"@type":"ListItem","position":2,"name":"Catalogue","item":"https:\/\/www.ilovewines.vn\/catalogue\/"},{"@type":"ListItem","position":3,"name":"Seppeltsfield Barossa Shiraz"}]},{"@type":"WebSite","@id":"https:\/\/www.ilovewines.vn\/#website","url":"https:\/\/www.ilovewines.vn\/","name":"Rada Wines","description":"Just another WordPress site","publisher":{"@id":"https:\/\/www.ilovewines.vn\/#organization"},"potentialAction":[{"@type":"SearchAction","target":{"@type":"EntryPoint","urlTemplate":"https:\/\/www.ilovewines.vn\/?s={search_term_string}"},"query-input":{"@type":"PropertyValueSpecification","valueRequired":true,"valueName":"search_term_string"}}],"inLanguage":"vi"},{"@type":"Organization","@id":"https:\/\/www.ilovewines.vn\/#organization","name":"Rada Wines","url":"https:\/\/www.ilovewines.vn\/","logo":{"@type":"ImageObject","inLanguage":"vi","@id":"https:\/\/www.ilovewines.vn\/#\/schema\/logo\/image\/","url":"https:\/\/www.ilovewines.vn\/wp-content\/uploads\/2022\/06\/cropped-162574230_380766779846763_4426584222903300096_n.jpg","contentUrl":"https:\/\/www.ilovewines.vn\/wp-content\/uploads\/2022\/06\/cropped-162574230_380766779846763_4426584222903300096_n.jpg","width":320,"height":206,"caption":"Rada Wines"},"image":{"@id":"https:\/\/www.ilovewines.vn\/#\/schema\/logo\/image\/"}}]}},"_links":{"self":[{"href":"https:\/\/www.ilovewines.vn\/vi\/wp-json\/wp\/v2\/product\/2102","targetHints":{"allow":["GET"]}}],"collection":[{"href":"https:\/\/www.ilovewines.vn\/vi\/wp-json\/wp\/v2\/product"}],"about":[{"href":"https:\/\/www.ilovewines.vn\/vi\/wp-json\/wp\/v2\/types\/product"}],"version-history":[{"count":2,"href":"https:\/\/www.ilovewines.vn\/vi\/wp-json\/wp\/v2\/product\/2102\/revisions"}],"predecessor-version":[{"id":4608,"href":"https:\/\/www.ilovewines.vn\/vi\/wp-json\/wp\/v2\/product\/2102\/revisions\/4608"}],"wp:featuredmedia":[{"embeddable":true,"href":"https:\/\/www.ilovewines.vn\/vi\/wp-json\/wp\/v2\/media\/2101"}],"wp:attachment":[{"href":"https:\/\/www.ilovewines.vn\/vi\/wp-json\/wp\/v2\/media?parent=2102"}],"wp:term":[{"taxonomy":"product_brand","embeddable":true,"href":"https:\/\/www.ilovewines.vn\/vi\/wp-json\/wp\/v2\/product_brand?post=2102"},{"taxonomy":"product_cat","embeddable":true,"href":"https:\/\/www.ilovewines.vn\/vi\/wp-json\/wp\/v2\/product_cat?post=2102"},{"taxonomy":"product_tag","embeddable":true,"href":"https:\/\/www.ilovewines.vn\/vi\/wp-json\/wp\/v2\/product_tag?post=2102"},{"taxonomy":"grape_varietal","embeddable":true,"href":"https:\/\/www.ilovewines.vn\/vi\/wp-json\/wp\/v2\/grape_varietal?post=2102"},{"taxonomy":"wine_regions","embeddable":true,"href":"https:\/\/www.ilovewines.vn\/vi\/wp-json\/wp\/v2\/wine_regions?post=2102"}],"curies":[{"name":"wp","href":"https:\/\/api.w.org\/{rel}","templated":true}]}}