{"id":2104,"date":"2022-07-07T21:31:58","date_gmt":"2022-07-08T03:31:58","guid":{"rendered":"https:\/\/www.ilovewines.vn\/product\/seppeltsfield-barossa-grenache-2019\/"},"modified":"2023-11-29T20:48:59","modified_gmt":"2023-11-30T03:48:59","slug":"seppeltsfield-barossa-grenache-2021","status":"publish","type":"product","link":"https:\/\/www.ilovewines.vn\/vi\/product\/seppeltsfield-barossa-grenache-2021\/","title":{"rendered":"Seppeltsfield Barossa Grenache\u00a0"},"content":{"rendered":"<p><strong>C\u1ea2M QUAN<\/strong><\/p>\n<p>C\u00f3 ngu\u1ed3n g\u1ed1c t\u1eeb v\u01b0\u1eddn nho b\u1eadc thang n\u1ed5i ti\u1ebfng \u1edf Seppeltsfield, lo\u1ea1i r\u01b0\u1ee3u n\u00e0y c\u00f3 v\u1ecb v\u1eeba v\u00e0 phong c\u00e1ch tr\u1ebb trung.<\/p>\n<p><strong>Th\u1ecb Gi\u00e1c<\/strong>: S\u1ed1ng \u0111\u1ed9ng, \u0111\u1ecf th\u1eabm v\u1eeba, pha s\u1eafc h\u1ed3ng<\/p>\n<p><strong>Kh\u1ee9u gi\u00e1c<\/strong>: \u0110\u1eadm \u0111\u00e0, h\u01b0\u01a1ng k\u1eb9o d\u1ebbo Th\u1ed5 Nh\u0129 K\u00ec v\u1ecb n\u01b0\u1edbc hoa h\u1ed3ng<\/p>\n<p><strong>V\u1ecb gi\u00e1c<\/strong>: V\u1ecb tr\u00e1i c\u00e2y ng\u1ecdt ng\u00e0o tr\u00ean mi\u1ec7ng pha v\u1edbi m\u1ed9t ch\u00fat v\u1ecb m\u1eb7n t\u1eeb th\u1ea3o m\u1ed9c kh\u00f4 v\u00e0 v\u1ecb chua nh\u1eb9 t\u1eeb tannin da m\u1eadn<\/p>\n<p><strong>\u1ea8m th\u1ef1c k\u1ebft h\u1ee3p<\/strong>: Nh\u1eefng lo\u1ea1i th\u1ecbt s\u0103n \u0111\u01b0\u1ee3c nh\u01b0 l\u00e0 th\u1ecbt c\u1eebu, v\u1ecbt hay nai<\/p>\n<p>&nbsp;<\/p>\n<p><strong>V\u01af\u1edcN NHO<\/strong><\/p>\n<p>Seppeltsfield Barossa Grenache 2019 l\u00e0 k\u1ebft qu\u1ea3 c\u1ee7a s\u1ef1 ph\u00e1t tri\u1ec3n \u0111\u1ed9t ph\u00e1 c\u1ee7a V\u01b0\u1eddn nho Great Terraced \u0111\u01b0\u1ee3c \u0111\u00e1nh gi\u00e1 cao c\u1ee7a \u0111i\u1ec1n trang. V\u01b0\u1eddn nho n\u1eb1m \u1edf ranh gi\u1edbi ph\u00eda T\u00e2y c\u1ee7a \u0111i\u1ec1n trang Seppeltsfield v\u00e0 \u0111\u01b0\u1ee3c tr\u1ed3ng theo h\u00e0ng \u0111\u01b0\u1eddng vi\u1ec1n. V\u01b0\u1eddn nho bao g\u1ed3m c\u00e1c kh\u1ed1i Shiraz v\u00e0 Palomino, tuy nhi\u00ean ph\u1ea7n l\u1edbn l\u00e0 Grenache th\u00e2n d\u00e0y, c\u1ee9ng. Vi\u1ec7c thu ho\u1ea1ch Grenache \u0111\u00e3 t\u1eebng ch\u1ec9 cung c\u1ea5p r\u01b0\u1ee3u vang Seppeltsfield\u2019s Tawny (t\u0103ng c\u01b0\u1eddng), tuy nhi\u00ean, m\u1ed9t quan \u0111i\u1ec3m m\u1edbi v\u1ec1 vi\u1ec7c gi\u1eef l\u1ea1i nh\u1eefng g\u00f3i tr\u00e1i c\u00e2y nh\u1eb9 h\u01a1n, s\u00e1ng h\u01a1n cho m\u1ed9t lo\u1ea1i r\u01b0\u1ee3u vang v\u1eabn \u0111ang \u0111\u01b0\u1ee3c s\u1eed d\u1ee5ng. \u0110i\u1ec1u n\u00e0y \u0111\u1ea1t \u0111\u01b0\u1ee3c th\u00f4ng qua vi\u1ec7c l\u1ef1a ch\u1ecdn c\u00e1c kh\u1ed1i v\u00e0 h\u00e0ng \u1edf t\u1ea7ng gi\u1eefa v\u00e0 t\u1ea7ng d\u01b0\u1edbi c\u1ee7a v\u01b0\u1eddn nho, n\u01a1i \u00edt ti\u1ebfp x\u00fac v\u00e0 \u0111\u01b0\u1ee3c ki\u1ec3m so\u00e1t b\u1eb1ng c\u00e1ch th\u1ed5i gi\u00f3 m\u00e1t.\n\nV\u01b0\u1eddn nho \u0111\u01b0\u1ee3c tr\u1ed3ng ho\u00e0n to\u00e0n b\u1eb1ng c\u00e2y b\u1ee5i (kh\u00f4ng c\u00f3 gi\u00e0n d\u00e2y ho\u1eb7c tr\u1ee5) m\u00e0 ch\u1ec9 c\u1ea7n c\u1eaft t\u1ec9a b\u1eb1ng tay v\u00e0 h\u00e1i b\u1eb1ng tay.<\/p>\n<p><strong>Gi\u1ed1ng nho<\/strong>: Grenache<\/p>\n<p><strong>\u0110\u1ecba L\u00ed<\/strong>: 220 \u2013 280\u00a0m\u00e9t so v\u1edbi m\u1ef1c n\u01b0\u1edbc bi\u1ec3n<\/p>\n<p><strong>\u0110\u1ecba \u0110i\u1ec3m<\/strong>: Barossa, Nam \u00dac,\u00a034\u00b028'58\"S 138\u00b054'51\"E<\/p>\n<p><strong>\u0110\u1ecba ch\u1ea5t<\/strong>: \u0110\u1ea5t n\u00e2u \u0111\u1ecf r\u1ea3i r\u00e1c \u0111\u00e1 phi\u1ebfn, th\u1ea1ch anh v\u00e0 \u0111\u00e1 s\u1eaft<\/p>\n<p><strong>QU\u00c1 TR\u00ccNH S\u1ea2N XU\u1ea4T<\/strong><\/p>\n<p>Barossa Grenache 2018 \u0111\u01b0\u1ee3c ch\u1ebf t\u00e1c theo phong c\u00e1ch \u2018joven\u2019 - \u0111\u01b0\u1ee3c ph\u00e1t h\u00e0nh khi c\u00f2n tr\u1ebb v\u00e0 kh\u00f4ng c\u00f3 \u0111\u1ed9 ch\u00edn c\u1ee7a g\u1ed7 s\u1ed3i. Grenache \u0111\u00e3 \u0111\u01b0\u1ee3c l\u00e0m s\u1ea1ch th\u00f4ng qua H\u1ea7m Tr\u1ecdng l\u1ef1c l\u1ecbch s\u1eed n\u0103m 1888. \u0110\u01b0\u1ee3c x\u00e2y d\u1ef1ng \u1edf s\u01b0\u1eddn \u0111\u1ed3i tr\u00ean m\u1ed9t lo\u1ea1t c\u00e1c b\u1eadc thang, tr\u1ecdng l\u1ef1c h\u01b0\u1edbng d\u00f2ng ch\u1ea3y c\u1ee7a tr\u00e1i c\u00e2y xu\u1ed1ng qua nh\u00e0 m\u00e1y r\u01b0\u1ee3u vang \u0111\u1ec3 mang \u0111\u1ebfn s\u1ef1 chi\u1ebft xu\u1ea5t nh\u1eb9 nh\u00e0ng v\u1ec1 m\u00e0u s\u1eafc, h\u01b0\u01a1ng v\u1ecb v\u00e0 tannin.<\/p>\n<h3>ACCOLADES AND AWARDS NOVEMBER 2023<\/h3>\n<p><img fetchpriority=\"high\" decoding=\"async\" class=\"alignnone size-full wp-image-4996\" src=\"https:\/\/www.ilovewines.vn\/wp-content\/uploads\/2022\/07\/accolades.png\" alt=\"\" width=\"775\" height=\"190\" srcset=\"https:\/\/www.ilovewines.vn\/wp-content\/uploads\/2022\/07\/accolades.png 775w, https:\/\/www.ilovewines.vn\/wp-content\/uploads\/2022\/07\/accolades-500x123.png 500w, https:\/\/www.ilovewines.vn\/wp-content\/uploads\/2022\/07\/accolades-700x172.png 700w, https:\/\/www.ilovewines.vn\/wp-content\/uploads\/2022\/07\/accolades-300x74.png 300w, https:\/\/www.ilovewines.vn\/wp-content\/uploads\/2022\/07\/accolades-768x188.png 768w, https:\/\/www.ilovewines.vn\/wp-content\/uploads\/2022\/07\/accolades-18x4.png 18w, https:\/\/www.ilovewines.vn\/wp-content\/uploads\/2022\/07\/accolades-200x49.png 200w, https:\/\/www.ilovewines.vn\/wp-content\/uploads\/2022\/07\/accolades-400x98.png 400w, https:\/\/www.ilovewines.vn\/wp-content\/uploads\/2022\/07\/accolades-600x147.png 600w\" sizes=\"(max-width: 775px) 100vw, 775px\" \/><\/p>\n<p><img decoding=\"async\" class=\"alignnone size-full wp-image-4997\" src=\"https:\/\/www.ilovewines.vn\/wp-content\/uploads\/2022\/07\/Barossa-Grenache.png\" alt=\"\" width=\"848\" height=\"247\" srcset=\"https:\/\/www.ilovewines.vn\/wp-content\/uploads\/2022\/07\/Barossa-Grenache.png 848w, https:\/\/www.ilovewines.vn\/wp-content\/uploads\/2022\/07\/Barossa-Grenache-500x146.png 500w, https:\/\/www.ilovewines.vn\/wp-content\/uploads\/2022\/07\/Barossa-Grenache-700x204.png 700w, https:\/\/www.ilovewines.vn\/wp-content\/uploads\/2022\/07\/Barossa-Grenache-300x87.png 300w, https:\/\/www.ilovewines.vn\/wp-content\/uploads\/2022\/07\/Barossa-Grenache-768x224.png 768w, https:\/\/www.ilovewines.vn\/wp-content\/uploads\/2022\/07\/Barossa-Grenache-18x5.png 18w, https:\/\/www.ilovewines.vn\/wp-content\/uploads\/2022\/07\/Barossa-Grenache-200x58.png 200w, https:\/\/www.ilovewines.vn\/wp-content\/uploads\/2022\/07\/Barossa-Grenache-400x117.png 400w, https:\/\/www.ilovewines.vn\/wp-content\/uploads\/2022\/07\/Barossa-Grenache-600x175.png 600w, https:\/\/www.ilovewines.vn\/wp-content\/uploads\/2022\/07\/Barossa-Grenache-800x233.png 800w\" sizes=\"(max-width: 848px) 100vw, 848px\" \/><\/p>","protected":false},"excerpt":{"rendered":"<p>90 \u0111i\u1ec3m \u2013 James Halliday 2021<\/p>","protected":false},"featured_media":2103,"template":"","meta":{"_acf_changed":false},"product_brand":[],"product_cat":[2640,87],"product_tag":[],"grape_varietal":[2470],"wine_regions":[2417],"class_list":{"0":"post-2104","1":"product","2":"type-product","3":"status-publish","4":"has-post-thumbnail","6":"product_cat-catalogue","7":"product_cat-red-wine","8":"pa_brand-seppeltsfield","9":"grape_varietal-grenache","10":"wine_regions-barossa-valley","12":"first","13":"instock","14":"shipping-taxable","15":"product-type-simple"},"acf":[],"yoast_head":"<!-- This site is optimized with the Yoast SEO plugin v27.5 - https:\/\/yoast.com\/product\/yoast-seo-wordpress\/ -->\n<title>Seppeltsfield Barossa Grenache - Rada Wines<\/title>\n<meta name=\"robots\" content=\"index, follow, max-snippet:-1, max-image-preview:large, max-video-preview:-1\" \/>\n<link rel=\"canonical\" href=\"https:\/\/www.ilovewines.vn\/vi\/san-pham\/seppeltsfield-barossa-grenache-2021\/\" \/>\n<meta property=\"og:locale\" content=\"vi_VN\" \/>\n<meta property=\"og:type\" content=\"article\" \/>\n<meta property=\"og:title\" content=\"Seppeltsfield Barossa Grenache - Rada Wines\" \/>\n<meta property=\"og:description\" content=\"90 points - 2021 James Halliday\" \/>\n<meta property=\"og:url\" content=\"https:\/\/www.ilovewines.vn\/vi\/san-pham\/seppeltsfield-barossa-grenache-2021\/\" \/>\n<meta property=\"og:site_name\" content=\"Rada Wines\" \/>\n<meta property=\"article:modified_time\" content=\"2023-11-30T03:48:59+00:00\" \/>\n<meta property=\"og:image\" content=\"https:\/\/www.ilovewines.vn\/wp-content\/uploads\/2022\/07\/2019-seppeltsfield-grenache-308x385-small_85c7775138774f80832d34d7a79d723f.png\" \/>\n\t<meta property=\"og:image:width\" content=\"308\" \/>\n\t<meta property=\"og:image:height\" content=\"385\" \/>\n\t<meta property=\"og:image:type\" content=\"image\/png\" \/>\n<meta name=\"twitter:card\" content=\"summary_large_image\" \/>\n<meta name=\"twitter:label1\" content=\"\u01af\u1edbc t\u00ednh th\u1eddi gian \u0111\u1ecdc\" \/>\n\t<meta name=\"twitter:data1\" content=\"1 ph\u00fat\" \/>\n<script type=\"application\/ld+json\" class=\"yoast-schema-graph\">{\"@context\":\"https:\\\/\\\/schema.org\",\"@graph\":[{\"@type\":\"WebPage\",\"@id\":\"https:\\\/\\\/www.ilovewines.vn\\\/product\\\/seppeltsfield-barossa-grenache-2021\\\/\",\"url\":\"https:\\\/\\\/www.ilovewines.vn\\\/product\\\/seppeltsfield-barossa-grenache-2021\\\/\",\"name\":\"Seppeltsfield Barossa Grenache - Rada Wines\",\"isPartOf\":{\"@id\":\"https:\\\/\\\/www.ilovewines.vn\\\/#website\"},\"primaryImageOfPage\":{\"@id\":\"https:\\\/\\\/www.ilovewines.vn\\\/product\\\/seppeltsfield-barossa-grenache-2021\\\/#primaryimage\"},\"image\":{\"@id\":\"https:\\\/\\\/www.ilovewines.vn\\\/product\\\/seppeltsfield-barossa-grenache-2021\\\/#primaryimage\"},\"thumbnailUrl\":\"https:\\\/\\\/www.ilovewines.vn\\\/wp-content\\\/uploads\\\/2022\\\/07\\\/2019-seppeltsfield-grenache-308x385-small_85c7775138774f80832d34d7a79d723f.png\",\"datePublished\":\"2022-07-08T03:31:58+00:00\",\"dateModified\":\"2023-11-30T03:48:59+00:00\",\"breadcrumb\":{\"@id\":\"https:\\\/\\\/www.ilovewines.vn\\\/product\\\/seppeltsfield-barossa-grenache-2021\\\/#breadcrumb\"},\"inLanguage\":\"vi\",\"potentialAction\":[{\"@type\":\"ReadAction\",\"target\":[\"https:\\\/\\\/www.ilovewines.vn\\\/product\\\/seppeltsfield-barossa-grenache-2021\\\/\"]}]},{\"@type\":\"ImageObject\",\"inLanguage\":\"vi\",\"@id\":\"https:\\\/\\\/www.ilovewines.vn\\\/product\\\/seppeltsfield-barossa-grenache-2021\\\/#primaryimage\",\"url\":\"https:\\\/\\\/www.ilovewines.vn\\\/wp-content\\\/uploads\\\/2022\\\/07\\\/2019-seppeltsfield-grenache-308x385-small_85c7775138774f80832d34d7a79d723f.png\",\"contentUrl\":\"https:\\\/\\\/www.ilovewines.vn\\\/wp-content\\\/uploads\\\/2022\\\/07\\\/2019-seppeltsfield-grenache-308x385-small_85c7775138774f80832d34d7a79d723f.png\",\"width\":308,\"height\":385},{\"@type\":\"BreadcrumbList\",\"@id\":\"https:\\\/\\\/www.ilovewines.vn\\\/product\\\/seppeltsfield-barossa-grenache-2021\\\/#breadcrumb\",\"itemListElement\":[{\"@type\":\"ListItem\",\"position\":1,\"name\":\"Home\",\"item\":\"https:\\\/\\\/www.ilovewines.vn\\\/\"},{\"@type\":\"ListItem\",\"position\":2,\"name\":\"Catalogue\",\"item\":\"https:\\\/\\\/www.ilovewines.vn\\\/catalogue\\\/\"},{\"@type\":\"ListItem\",\"position\":3,\"name\":\"Seppeltsfield Barossa Grenache\"}]},{\"@type\":\"WebSite\",\"@id\":\"https:\\\/\\\/www.ilovewines.vn\\\/#website\",\"url\":\"https:\\\/\\\/www.ilovewines.vn\\\/\",\"name\":\"Rada Wines\",\"description\":\"Just another WordPress site\",\"publisher\":{\"@id\":\"https:\\\/\\\/www.ilovewines.vn\\\/#organization\"},\"potentialAction\":[{\"@type\":\"SearchAction\",\"target\":{\"@type\":\"EntryPoint\",\"urlTemplate\":\"https:\\\/\\\/www.ilovewines.vn\\\/?s={search_term_string}\"},\"query-input\":{\"@type\":\"PropertyValueSpecification\",\"valueRequired\":true,\"valueName\":\"search_term_string\"}}],\"inLanguage\":\"vi\"},{\"@type\":\"Organization\",\"@id\":\"https:\\\/\\\/www.ilovewines.vn\\\/#organization\",\"name\":\"Rada Wines\",\"url\":\"https:\\\/\\\/www.ilovewines.vn\\\/\",\"logo\":{\"@type\":\"ImageObject\",\"inLanguage\":\"vi\",\"@id\":\"https:\\\/\\\/www.ilovewines.vn\\\/#\\\/schema\\\/logo\\\/image\\\/\",\"url\":\"https:\\\/\\\/www.ilovewines.vn\\\/wp-content\\\/uploads\\\/2022\\\/06\\\/cropped-162574230_380766779846763_4426584222903300096_n.jpg\",\"contentUrl\":\"https:\\\/\\\/www.ilovewines.vn\\\/wp-content\\\/uploads\\\/2022\\\/06\\\/cropped-162574230_380766779846763_4426584222903300096_n.jpg\",\"width\":320,\"height\":206,\"caption\":\"Rada Wines\"},\"image\":{\"@id\":\"https:\\\/\\\/www.ilovewines.vn\\\/#\\\/schema\\\/logo\\\/image\\\/\"}}]}<\/script>\n<!-- \/ Yoast SEO plugin. -->","yoast_head_json":{"title":"Seppeltsfield Barossa Grenache - Rada Wines","robots":{"index":"index","follow":"follow","max-snippet":"max-snippet:-1","max-image-preview":"max-image-preview:large","max-video-preview":"max-video-preview:-1"},"canonical":"https:\/\/www.ilovewines.vn\/vi\/san-pham\/seppeltsfield-barossa-grenache-2021\/","og_locale":"vi_VN","og_type":"article","og_title":"Seppeltsfield Barossa Grenache - Rada Wines","og_description":"90 points - 2021 James Halliday","og_url":"https:\/\/www.ilovewines.vn\/vi\/san-pham\/seppeltsfield-barossa-grenache-2021\/","og_site_name":"Rada Wines","article_modified_time":"2023-11-30T03:48:59+00:00","og_image":[{"width":308,"height":385,"url":"https:\/\/www.ilovewines.vn\/wp-content\/uploads\/2022\/07\/2019-seppeltsfield-grenache-308x385-small_85c7775138774f80832d34d7a79d723f.png","type":"image\/png"}],"twitter_card":"summary_large_image","twitter_misc":{"\u01af\u1edbc t\u00ednh th\u1eddi gian \u0111\u1ecdc":"1 ph\u00fat"},"schema":{"@context":"https:\/\/schema.org","@graph":[{"@type":"WebPage","@id":"https:\/\/www.ilovewines.vn\/product\/seppeltsfield-barossa-grenache-2021\/","url":"https:\/\/www.ilovewines.vn\/product\/seppeltsfield-barossa-grenache-2021\/","name":"Seppeltsfield Barossa Grenache - Rada Wines","isPartOf":{"@id":"https:\/\/www.ilovewines.vn\/#website"},"primaryImageOfPage":{"@id":"https:\/\/www.ilovewines.vn\/product\/seppeltsfield-barossa-grenache-2021\/#primaryimage"},"image":{"@id":"https:\/\/www.ilovewines.vn\/product\/seppeltsfield-barossa-grenache-2021\/#primaryimage"},"thumbnailUrl":"https:\/\/www.ilovewines.vn\/wp-content\/uploads\/2022\/07\/2019-seppeltsfield-grenache-308x385-small_85c7775138774f80832d34d7a79d723f.png","datePublished":"2022-07-08T03:31:58+00:00","dateModified":"2023-11-30T03:48:59+00:00","breadcrumb":{"@id":"https:\/\/www.ilovewines.vn\/product\/seppeltsfield-barossa-grenache-2021\/#breadcrumb"},"inLanguage":"vi","potentialAction":[{"@type":"ReadAction","target":["https:\/\/www.ilovewines.vn\/product\/seppeltsfield-barossa-grenache-2021\/"]}]},{"@type":"ImageObject","inLanguage":"vi","@id":"https:\/\/www.ilovewines.vn\/product\/seppeltsfield-barossa-grenache-2021\/#primaryimage","url":"https:\/\/www.ilovewines.vn\/wp-content\/uploads\/2022\/07\/2019-seppeltsfield-grenache-308x385-small_85c7775138774f80832d34d7a79d723f.png","contentUrl":"https:\/\/www.ilovewines.vn\/wp-content\/uploads\/2022\/07\/2019-seppeltsfield-grenache-308x385-small_85c7775138774f80832d34d7a79d723f.png","width":308,"height":385},{"@type":"BreadcrumbList","@id":"https:\/\/www.ilovewines.vn\/product\/seppeltsfield-barossa-grenache-2021\/#breadcrumb","itemListElement":[{"@type":"ListItem","position":1,"name":"Home","item":"https:\/\/www.ilovewines.vn\/"},{"@type":"ListItem","position":2,"name":"Catalogue","item":"https:\/\/www.ilovewines.vn\/catalogue\/"},{"@type":"ListItem","position":3,"name":"Seppeltsfield Barossa Grenache"}]},{"@type":"WebSite","@id":"https:\/\/www.ilovewines.vn\/#website","url":"https:\/\/www.ilovewines.vn\/","name":"Rada Wines","description":"Just another WordPress site","publisher":{"@id":"https:\/\/www.ilovewines.vn\/#organization"},"potentialAction":[{"@type":"SearchAction","target":{"@type":"EntryPoint","urlTemplate":"https:\/\/www.ilovewines.vn\/?s={search_term_string}"},"query-input":{"@type":"PropertyValueSpecification","valueRequired":true,"valueName":"search_term_string"}}],"inLanguage":"vi"},{"@type":"Organization","@id":"https:\/\/www.ilovewines.vn\/#organization","name":"Rada Wines","url":"https:\/\/www.ilovewines.vn\/","logo":{"@type":"ImageObject","inLanguage":"vi","@id":"https:\/\/www.ilovewines.vn\/#\/schema\/logo\/image\/","url":"https:\/\/www.ilovewines.vn\/wp-content\/uploads\/2022\/06\/cropped-162574230_380766779846763_4426584222903300096_n.jpg","contentUrl":"https:\/\/www.ilovewines.vn\/wp-content\/uploads\/2022\/06\/cropped-162574230_380766779846763_4426584222903300096_n.jpg","width":320,"height":206,"caption":"Rada Wines"},"image":{"@id":"https:\/\/www.ilovewines.vn\/#\/schema\/logo\/image\/"}}]}},"_links":{"self":[{"href":"https:\/\/www.ilovewines.vn\/vi\/wp-json\/wp\/v2\/product\/2104","targetHints":{"allow":["GET"]}}],"collection":[{"href":"https:\/\/www.ilovewines.vn\/vi\/wp-json\/wp\/v2\/product"}],"about":[{"href":"https:\/\/www.ilovewines.vn\/vi\/wp-json\/wp\/v2\/types\/product"}],"version-history":[{"count":2,"href":"https:\/\/www.ilovewines.vn\/vi\/wp-json\/wp\/v2\/product\/2104\/revisions"}],"predecessor-version":[{"id":4994,"href":"https:\/\/www.ilovewines.vn\/vi\/wp-json\/wp\/v2\/product\/2104\/revisions\/4994"}],"wp:featuredmedia":[{"embeddable":true,"href":"https:\/\/www.ilovewines.vn\/vi\/wp-json\/wp\/v2\/media\/2103"}],"wp:attachment":[{"href":"https:\/\/www.ilovewines.vn\/vi\/wp-json\/wp\/v2\/media?parent=2104"}],"wp:term":[{"taxonomy":"product_brand","embeddable":true,"href":"https:\/\/www.ilovewines.vn\/vi\/wp-json\/wp\/v2\/product_brand?post=2104"},{"taxonomy":"product_cat","embeddable":true,"href":"https:\/\/www.ilovewines.vn\/vi\/wp-json\/wp\/v2\/product_cat?post=2104"},{"taxonomy":"product_tag","embeddable":true,"href":"https:\/\/www.ilovewines.vn\/vi\/wp-json\/wp\/v2\/product_tag?post=2104"},{"taxonomy":"grape_varietal","embeddable":true,"href":"https:\/\/www.ilovewines.vn\/vi\/wp-json\/wp\/v2\/grape_varietal?post=2104"},{"taxonomy":"wine_regions","embeddable":true,"href":"https:\/\/www.ilovewines.vn\/vi\/wp-json\/wp\/v2\/wine_regions?post=2104"}],"curies":[{"name":"wp","href":"https:\/\/api.w.org\/{rel}","templated":true}]}}