{"id":2106,"date":"2022-07-07T21:31:58","date_gmt":"2022-07-08T03:31:58","guid":{"rendered":"https:\/\/www.ilovewines.vn\/product\/seppeltsfield-10-year-old-para-grand-tawny\/"},"modified":"2022-12-06T04:29:09","modified_gmt":"2022-12-06T11:29:09","slug":"seppeltsfield-10-year-old-para-grand-tawny","status":"publish","type":"product","link":"https:\/\/www.ilovewines.vn\/vi\/product\/seppeltsfield-10-year-old-para-grand-tawny\/","title":{"rendered":"Seppeltsfield Para Grand Tawny 10 n\u0103m tu\u1ed5i"},"content":{"rendered":"<p>Para Grand Tawny l\u00e0 k\u1ebft qu\u1ea3 c\u1ee7a qu\u00e1 tr\u00ecnh pha tr\u1ed9n c\u1ea9n th\u1eadn gi\u1eefa c\u00e1c ni\u00ean v\u1ee5\u00a0ri\u00eang l\u1ebb \u0111\u1ec3 \u0111\u1ea1t \u0111\u01b0\u1ee3c \u0111\u1ed9 tu\u1ed5i trung b\u00ecnh l\u00e0 10 n\u0103m. \u0110\u01b0\u1ee3c tr\u01b0ng c\u1ea5t\u00a0m\u1ed9t c\u00e1ch ki\u00ean nh\u1eabn trong nh\u1eefng th\u00f9ng g\u1ed7 s\u1ed3i trong c\u00e1c h\u1ea7m r\u01b0\u1ee3u l\u1ecbch s\u1eed c\u1ee7a Seppeltsfield, Para Grand Tawny th\u1ec3 hi\u1ec7n s\u1ef1 phong ph\u00fa v\u00e0 kh\u00e9o l\u00e9o c\u1ee7a kh\u1ea9u v\u1ecb. Para l\u00e0 m\u1ed9t tham chi\u1ebfu b\u1ea3n \u0111\u1ecba c\u1ee7a \u00dac \u0111\u1ec3 ch\u1ec9 \"s\u00f4ng\", v\u00e0 t\u00ean c\u1ee7a c\u00e1c ngu\u1ed3n n\u01b0\u1edbc ch\u00ednh c\u1ee7a c\u00e1c v\u00f9ng \u0111\u1ecba ph\u01b0\u01a1ng.<\/p>\n<p><strong>C\u1ea2M QUAN<\/strong><\/p>\n<p><strong>Th\u1ecb Gi\u00e1c<\/strong>: G\u1ed7 g\u1ee5 v\u1edbi m\u00e0u h\u1ed5 ph\u00e1ch \u0111\u1eadm.<\/p>\n<p><strong>Kh\u1ee9u gi\u00e1c<\/strong>: M\u1ed9t h\u01b0\u01a1ng thoang tho\u1ea3ng c\u1ee7a hoa t\u01b0\u01a1i k\u1ebft h\u1ee3p\u00a0v\u1edbi m\u00f9i\u00a0h\u1ea1nh nh\u00e2n n\u01b0\u1edbng nh\u1eb9, k\u1eb9o h\u1ea1nh nh\u00e2n praline v\u00e0 vani.<\/p>\n<p><strong>V\u1ecb gi\u00e1c<\/strong>: H\u01b0\u01a1ng v\u1ecb\u00a0trung t\u00ednh\u00a0nh\u01b0ng \u0111\u1ec3 l\u1ea1i c\u1ea3m gi\u00e1c trong mi\u1ec7ng l\u00e2u d\u00e0i v\u1edbi h\u01b0\u01a1ng v\u1ecb \u0111\u1eadm \u0111\u00e0 c\u1ee7a c\u00e1c lo\u1ea1i h\u1ea1t n\u01b0\u1edbng, \u0111\u1ed9 ph\u1ee9c t\u1ea1p c\u1ee7a r\u01b0\u1edfu v\u00e0\u00a0\u0111\u1ed9 tu\u1ed5i c\u1ed9ng v\u1edbi r\u01b0\u1ee3u brandy h\u1ea3o h\u1ea1ng ho\u00e0n th\u00e0nh h\u01b0\u01a1ng v\u1ecb c\u1ee7a Para Grand Tawny.<\/p>\n<p><strong>\u1ea8m th\u1ef1c k\u1ebft h\u1ee3p<\/strong>: Ph\u00f9 h\u1ee3p l\u00fd t\u01b0\u1edfng v\u1edbi Ph\u00f4 mai &amp; m\u00f3n tr\u00e1ng mi\u1ec7ng. C\u00f3 th\u1ec3 ph\u1ee5c v\u1ee5 \u01b0\u1edbp l\u1ea1nh, b\u1ea3o qu\u1ea3n l\u1ea1nh sau khi m\u1edf \u0111\u1ec3 \u0111\u1ea3m b\u1ea3o \u0111\u1ed9 t\u01b0\u01a1i ngon.<\/p>\n<p><strong>Lo\u1ea1i nho<\/strong>: K\u1ebft h\u1ee3p c\u1ee7a Shiraz, Grenache v\u00e0 Mourvedre (kh\u00f4ng r\u00f5 to\u00e0n b\u1ed9 th\u00e0nh ph\u1ea7n)<\/p>\n<p><strong>V\u00f9ng tr\u1ed3ng<\/strong>: Nam \u00dac<\/p>\n<p><strong>C\u1ea5t tr\u1eef:<\/strong>: \u0110\u01b0\u1ee3c tr\u01b0\u1edfng th\u00e0nh trong th\u00f9ng g\u1ed7 s\u1ed3i c\u01b0\u1eddng h\u00f3a trong v\u00f2ng 10 n\u0103m<\/p>\n<p><strong>QU\u00c1 TR\u00ccNH S\u1ea2N XU\u1ea4T<\/strong><\/p>\n<p>C\u00e1c lo\u1ea1i r\u01b0\u1ee3u vang th\u00e0nh ph\u1ea7n \u0111\u01b0\u1ee3c \u1ee7 ri\u00eang trong c\u00e1c th\u00f9ng g\u1ed7 s\u1ed3i nh\u1ecf t\u1ea1i Seppeltsfield trong v\u00f2ng 10 n\u0103m tr\u01b0\u1edbc khi l\u1ef1a ch\u1ecdn v\u00e0 pha tr\u1ed9n c\u1ea9n th\u1eadn \u0111\u1ec3 t\u1ea1o ra lo\u1ea1i r\u01b0\u1ee3u \u0111\u1ebf cao c\u1ea5p nh\u1ea5t c\u1ee7a Para Grand Tawny. Para Grand Tawny solera \u0111\u01b0\u1ee3c chi\u1ebft xu\u1ea5t h\u00e0ng n\u0103m \u0111\u1ec3 t\u1ea1o n\u00ean m\u1ed9t s\u1ef1 pha tr\u1ed9n nh\u1ea5t qu\u00e1n ph\u1ea3n \u00e1nh phong c\u00e1ch s\u1ea3n xu\u1ea5t c\u1ee7a ch\u00fang t\u00f4i.<\/p>\n<p>&nbsp;<\/p>","protected":false},"excerpt":{"rendered":"<p>5 Sao\u2013 T\u1ea1p ch\u00ed Winestate; Huy ch\u01b0\u01a1ng V\u00e0ng\u2013 Tri\u1ec3n l\u00e3m Vang c\u01b0\u1eddng h\u00f3a \u00dac 2019<\/p>","protected":false},"featured_media":2105,"template":"","meta":{"_acf_changed":false},"product_brand":[],"product_cat":[2640,87,2578],"product_tag":[],"grape_varietal":[2470,2471,2466],"wine_regions":[2410],"class_list":{"0":"post-2106","1":"product","2":"type-product","3":"status-publish","4":"has-post-thumbnail","6":"product_cat-catalogue","7":"product_cat-red-wine","8":"product_cat-sweet-wine","9":"pa_brand-seppeltsfield","10":"grape_varietal-grenache","11":"grape_varietal-mourvedre","12":"grape_varietal-shiraz","13":"wine_regions-south-australia","15":"first","16":"instock","17":"shipping-taxable","18":"product-type-simple"},"acf":[],"yoast_head":"<!-- This site is optimized with the Yoast SEO plugin v27.4 - https:\/\/yoast.com\/product\/yoast-seo-wordpress\/ -->\n<title>Seppeltsfield 10 Year Old Para Grand Tawny - Rada Wines<\/title>\n<meta name=\"robots\" content=\"index, follow, max-snippet:-1, max-image-preview:large, max-video-preview:-1\" \/>\n<link rel=\"canonical\" href=\"https:\/\/www.ilovewines.vn\/vi\/san-pham\/seppeltsfield-10-year-old-para-grand-tawny\/\" \/>\n<meta property=\"og:locale\" content=\"vi_VN\" \/>\n<meta property=\"og:type\" content=\"article\" \/>\n<meta property=\"og:title\" content=\"Seppeltsfield 10 Year Old Para Grand Tawny - Rada Wines\" \/>\n<meta property=\"og:description\" content=\"5 Stars - Winestate Magazine; Gold - 2019 Australian Fortified Wine Show\" \/>\n<meta property=\"og:url\" content=\"https:\/\/www.ilovewines.vn\/vi\/san-pham\/seppeltsfield-10-year-old-para-grand-tawny\/\" \/>\n<meta property=\"og:site_name\" content=\"Rada Wines\" \/>\n<meta property=\"article:modified_time\" content=\"2022-12-06T11:29:09+00:00\" \/>\n<meta property=\"og:image\" content=\"https:\/\/www.ilovewines.vn\/wp-content\/uploads\/2022\/07\/seppeltsfieldparagrand10yo_58eb7f6a585d46b1a6973a547e8c2a95.jpg\" \/>\n\t<meta property=\"og:image:width\" content=\"308\" \/>\n\t<meta property=\"og:image:height\" content=\"385\" \/>\n\t<meta property=\"og:image:type\" content=\"image\/jpeg\" \/>\n<meta name=\"twitter:card\" content=\"summary_large_image\" \/>\n<meta name=\"twitter:label1\" content=\"\u01af\u1edbc t\u00ednh th\u1eddi gian \u0111\u1ecdc\" \/>\n\t<meta name=\"twitter:data1\" content=\"1 ph\u00fat\" \/>\n<script type=\"application\/ld+json\" class=\"yoast-schema-graph\">{\"@context\":\"https:\\\/\\\/schema.org\",\"@graph\":[{\"@type\":\"WebPage\",\"@id\":\"https:\\\/\\\/www.ilovewines.vn\\\/product\\\/seppeltsfield-10-year-old-para-grand-tawny\\\/\",\"url\":\"https:\\\/\\\/www.ilovewines.vn\\\/product\\\/seppeltsfield-10-year-old-para-grand-tawny\\\/\",\"name\":\"Seppeltsfield 10 Year Old Para Grand Tawny - Rada Wines\",\"isPartOf\":{\"@id\":\"https:\\\/\\\/www.ilovewines.vn\\\/#website\"},\"primaryImageOfPage\":{\"@id\":\"https:\\\/\\\/www.ilovewines.vn\\\/product\\\/seppeltsfield-10-year-old-para-grand-tawny\\\/#primaryimage\"},\"image\":{\"@id\":\"https:\\\/\\\/www.ilovewines.vn\\\/product\\\/seppeltsfield-10-year-old-para-grand-tawny\\\/#primaryimage\"},\"thumbnailUrl\":\"https:\\\/\\\/www.ilovewines.vn\\\/wp-content\\\/uploads\\\/2022\\\/07\\\/seppeltsfieldparagrand10yo_58eb7f6a585d46b1a6973a547e8c2a95.jpg\",\"datePublished\":\"2022-07-08T03:31:58+00:00\",\"dateModified\":\"2022-12-06T11:29:09+00:00\",\"breadcrumb\":{\"@id\":\"https:\\\/\\\/www.ilovewines.vn\\\/product\\\/seppeltsfield-10-year-old-para-grand-tawny\\\/#breadcrumb\"},\"inLanguage\":\"vi\",\"potentialAction\":[{\"@type\":\"ReadAction\",\"target\":[\"https:\\\/\\\/www.ilovewines.vn\\\/product\\\/seppeltsfield-10-year-old-para-grand-tawny\\\/\"]}]},{\"@type\":\"ImageObject\",\"inLanguage\":\"vi\",\"@id\":\"https:\\\/\\\/www.ilovewines.vn\\\/product\\\/seppeltsfield-10-year-old-para-grand-tawny\\\/#primaryimage\",\"url\":\"https:\\\/\\\/www.ilovewines.vn\\\/wp-content\\\/uploads\\\/2022\\\/07\\\/seppeltsfieldparagrand10yo_58eb7f6a585d46b1a6973a547e8c2a95.jpg\",\"contentUrl\":\"https:\\\/\\\/www.ilovewines.vn\\\/wp-content\\\/uploads\\\/2022\\\/07\\\/seppeltsfieldparagrand10yo_58eb7f6a585d46b1a6973a547e8c2a95.jpg\",\"width\":308,\"height\":385},{\"@type\":\"BreadcrumbList\",\"@id\":\"https:\\\/\\\/www.ilovewines.vn\\\/product\\\/seppeltsfield-10-year-old-para-grand-tawny\\\/#breadcrumb\",\"itemListElement\":[{\"@type\":\"ListItem\",\"position\":1,\"name\":\"Home\",\"item\":\"https:\\\/\\\/www.ilovewines.vn\\\/\"},{\"@type\":\"ListItem\",\"position\":2,\"name\":\"Catalogue\",\"item\":\"https:\\\/\\\/www.ilovewines.vn\\\/catalogue\\\/\"},{\"@type\":\"ListItem\",\"position\":3,\"name\":\"Seppeltsfield 10 Year Old Para Grand Tawny\"}]},{\"@type\":\"WebSite\",\"@id\":\"https:\\\/\\\/www.ilovewines.vn\\\/#website\",\"url\":\"https:\\\/\\\/www.ilovewines.vn\\\/\",\"name\":\"Rada Wines\",\"description\":\"Just another WordPress site\",\"publisher\":{\"@id\":\"https:\\\/\\\/www.ilovewines.vn\\\/#organization\"},\"potentialAction\":[{\"@type\":\"SearchAction\",\"target\":{\"@type\":\"EntryPoint\",\"urlTemplate\":\"https:\\\/\\\/www.ilovewines.vn\\\/?s={search_term_string}\"},\"query-input\":{\"@type\":\"PropertyValueSpecification\",\"valueRequired\":true,\"valueName\":\"search_term_string\"}}],\"inLanguage\":\"vi\"},{\"@type\":\"Organization\",\"@id\":\"https:\\\/\\\/www.ilovewines.vn\\\/#organization\",\"name\":\"Rada Wines\",\"url\":\"https:\\\/\\\/www.ilovewines.vn\\\/\",\"logo\":{\"@type\":\"ImageObject\",\"inLanguage\":\"vi\",\"@id\":\"https:\\\/\\\/www.ilovewines.vn\\\/#\\\/schema\\\/logo\\\/image\\\/\",\"url\":\"https:\\\/\\\/www.ilovewines.vn\\\/wp-content\\\/uploads\\\/2022\\\/06\\\/cropped-162574230_380766779846763_4426584222903300096_n.jpg\",\"contentUrl\":\"https:\\\/\\\/www.ilovewines.vn\\\/wp-content\\\/uploads\\\/2022\\\/06\\\/cropped-162574230_380766779846763_4426584222903300096_n.jpg\",\"width\":320,\"height\":206,\"caption\":\"Rada Wines\"},\"image\":{\"@id\":\"https:\\\/\\\/www.ilovewines.vn\\\/#\\\/schema\\\/logo\\\/image\\\/\"}}]}<\/script>\n<!-- \/ Yoast SEO plugin. -->","yoast_head_json":{"title":"Seppeltsfield 10 Year Old Para Grand Tawny - Rada Wines","robots":{"index":"index","follow":"follow","max-snippet":"max-snippet:-1","max-image-preview":"max-image-preview:large","max-video-preview":"max-video-preview:-1"},"canonical":"https:\/\/www.ilovewines.vn\/vi\/san-pham\/seppeltsfield-10-year-old-para-grand-tawny\/","og_locale":"vi_VN","og_type":"article","og_title":"Seppeltsfield 10 Year Old Para Grand Tawny - Rada Wines","og_description":"5 Stars - Winestate Magazine; Gold - 2019 Australian Fortified Wine Show","og_url":"https:\/\/www.ilovewines.vn\/vi\/san-pham\/seppeltsfield-10-year-old-para-grand-tawny\/","og_site_name":"Rada Wines","article_modified_time":"2022-12-06T11:29:09+00:00","og_image":[{"width":308,"height":385,"url":"https:\/\/www.ilovewines.vn\/wp-content\/uploads\/2022\/07\/seppeltsfieldparagrand10yo_58eb7f6a585d46b1a6973a547e8c2a95.jpg","type":"image\/jpeg"}],"twitter_card":"summary_large_image","twitter_misc":{"\u01af\u1edbc t\u00ednh th\u1eddi gian \u0111\u1ecdc":"1 ph\u00fat"},"schema":{"@context":"https:\/\/schema.org","@graph":[{"@type":"WebPage","@id":"https:\/\/www.ilovewines.vn\/product\/seppeltsfield-10-year-old-para-grand-tawny\/","url":"https:\/\/www.ilovewines.vn\/product\/seppeltsfield-10-year-old-para-grand-tawny\/","name":"Seppeltsfield 10 Year Old Para Grand Tawny - Rada Wines","isPartOf":{"@id":"https:\/\/www.ilovewines.vn\/#website"},"primaryImageOfPage":{"@id":"https:\/\/www.ilovewines.vn\/product\/seppeltsfield-10-year-old-para-grand-tawny\/#primaryimage"},"image":{"@id":"https:\/\/www.ilovewines.vn\/product\/seppeltsfield-10-year-old-para-grand-tawny\/#primaryimage"},"thumbnailUrl":"https:\/\/www.ilovewines.vn\/wp-content\/uploads\/2022\/07\/seppeltsfieldparagrand10yo_58eb7f6a585d46b1a6973a547e8c2a95.jpg","datePublished":"2022-07-08T03:31:58+00:00","dateModified":"2022-12-06T11:29:09+00:00","breadcrumb":{"@id":"https:\/\/www.ilovewines.vn\/product\/seppeltsfield-10-year-old-para-grand-tawny\/#breadcrumb"},"inLanguage":"vi","potentialAction":[{"@type":"ReadAction","target":["https:\/\/www.ilovewines.vn\/product\/seppeltsfield-10-year-old-para-grand-tawny\/"]}]},{"@type":"ImageObject","inLanguage":"vi","@id":"https:\/\/www.ilovewines.vn\/product\/seppeltsfield-10-year-old-para-grand-tawny\/#primaryimage","url":"https:\/\/www.ilovewines.vn\/wp-content\/uploads\/2022\/07\/seppeltsfieldparagrand10yo_58eb7f6a585d46b1a6973a547e8c2a95.jpg","contentUrl":"https:\/\/www.ilovewines.vn\/wp-content\/uploads\/2022\/07\/seppeltsfieldparagrand10yo_58eb7f6a585d46b1a6973a547e8c2a95.jpg","width":308,"height":385},{"@type":"BreadcrumbList","@id":"https:\/\/www.ilovewines.vn\/product\/seppeltsfield-10-year-old-para-grand-tawny\/#breadcrumb","itemListElement":[{"@type":"ListItem","position":1,"name":"Home","item":"https:\/\/www.ilovewines.vn\/"},{"@type":"ListItem","position":2,"name":"Catalogue","item":"https:\/\/www.ilovewines.vn\/catalogue\/"},{"@type":"ListItem","position":3,"name":"Seppeltsfield 10 Year Old Para Grand Tawny"}]},{"@type":"WebSite","@id":"https:\/\/www.ilovewines.vn\/#website","url":"https:\/\/www.ilovewines.vn\/","name":"Rada Wines","description":"Just another WordPress site","publisher":{"@id":"https:\/\/www.ilovewines.vn\/#organization"},"potentialAction":[{"@type":"SearchAction","target":{"@type":"EntryPoint","urlTemplate":"https:\/\/www.ilovewines.vn\/?s={search_term_string}"},"query-input":{"@type":"PropertyValueSpecification","valueRequired":true,"valueName":"search_term_string"}}],"inLanguage":"vi"},{"@type":"Organization","@id":"https:\/\/www.ilovewines.vn\/#organization","name":"Rada Wines","url":"https:\/\/www.ilovewines.vn\/","logo":{"@type":"ImageObject","inLanguage":"vi","@id":"https:\/\/www.ilovewines.vn\/#\/schema\/logo\/image\/","url":"https:\/\/www.ilovewines.vn\/wp-content\/uploads\/2022\/06\/cropped-162574230_380766779846763_4426584222903300096_n.jpg","contentUrl":"https:\/\/www.ilovewines.vn\/wp-content\/uploads\/2022\/06\/cropped-162574230_380766779846763_4426584222903300096_n.jpg","width":320,"height":206,"caption":"Rada Wines"},"image":{"@id":"https:\/\/www.ilovewines.vn\/#\/schema\/logo\/image\/"}}]}},"_links":{"self":[{"href":"https:\/\/www.ilovewines.vn\/vi\/wp-json\/wp\/v2\/product\/2106","targetHints":{"allow":["GET"]}}],"collection":[{"href":"https:\/\/www.ilovewines.vn\/vi\/wp-json\/wp\/v2\/product"}],"about":[{"href":"https:\/\/www.ilovewines.vn\/vi\/wp-json\/wp\/v2\/types\/product"}],"version-history":[{"count":1,"href":"https:\/\/www.ilovewines.vn\/vi\/wp-json\/wp\/v2\/product\/2106\/revisions"}],"predecessor-version":[{"id":4196,"href":"https:\/\/www.ilovewines.vn\/vi\/wp-json\/wp\/v2\/product\/2106\/revisions\/4196"}],"wp:featuredmedia":[{"embeddable":true,"href":"https:\/\/www.ilovewines.vn\/vi\/wp-json\/wp\/v2\/media\/2105"}],"wp:attachment":[{"href":"https:\/\/www.ilovewines.vn\/vi\/wp-json\/wp\/v2\/media?parent=2106"}],"wp:term":[{"taxonomy":"product_brand","embeddable":true,"href":"https:\/\/www.ilovewines.vn\/vi\/wp-json\/wp\/v2\/product_brand?post=2106"},{"taxonomy":"product_cat","embeddable":true,"href":"https:\/\/www.ilovewines.vn\/vi\/wp-json\/wp\/v2\/product_cat?post=2106"},{"taxonomy":"product_tag","embeddable":true,"href":"https:\/\/www.ilovewines.vn\/vi\/wp-json\/wp\/v2\/product_tag?post=2106"},{"taxonomy":"grape_varietal","embeddable":true,"href":"https:\/\/www.ilovewines.vn\/vi\/wp-json\/wp\/v2\/grape_varietal?post=2106"},{"taxonomy":"wine_regions","embeddable":true,"href":"https:\/\/www.ilovewines.vn\/vi\/wp-json\/wp\/v2\/wine_regions?post=2106"}],"curies":[{"name":"wp","href":"https:\/\/api.w.org\/{rel}","templated":true}]}}