{"id":2158,"date":"2022-07-07T21:32:17","date_gmt":"2022-07-08T03:32:17","guid":{"rendered":"https:\/\/www.ilovewines.vn\/product\/pertaringa-undercover-shiraz-2017-2018\/"},"modified":"2023-11-22T00:56:30","modified_gmt":"2023-11-22T07:56:30","slug":"pertaringa-undercover-shiraz-2019","status":"publish","type":"product","link":"https:\/\/www.ilovewines.vn\/vi\/product\/pertaringa-undercover-shiraz-2019\/","title":{"rendered":"Pertaringa Undercover Shiraz"},"content":{"rendered":"<p><strong>C\u00e2u chuy\u1ec7n:<\/strong> C\u00e1i t\u00ean \"Undercover Shiraz\" (\"Shiraz b\u00ed m\u1eadt\") \u0111\u01b0\u1ee3c \u0111\u1eb7t t\u00ean r\u01b0\u1ee3u vang n\u00e0y b\u1edfi trong l\u1ecbch s\u1eed, v\u01b0\u1eddn nho \u1edf McLaren Vale, bang Nam \u00dac \u0111\u00e3 cung c\u1ea5p nho (bao g\u1ed3m nho Shiraz) cho r\u1ea5t nhi\u1ec1u v\u00f9ng mi\u1ec1n kh\u00e1c. N\u1eb1m ngay gi\u1eefa mi\u1ec1n Nam n\u01b0\u1edbc \u00dac, tr\u00e1i c\u00e2y t\u1ea1i McLaren Vale lu\u00f4n \u0111\u01b0\u1ee3c thi\u00ean nhi\u00ean \u01b0u \u0111\u00e3i cho ch\u1ea5t l\u01b0\u1ee3ng tuy\u1ec7t h\u1ea3o.<\/p>\n<p><strong>Ni\u00ean v\u1ee5:\u00a0<\/strong>M\u00f9a xu\u00e2n v\u00e0 m\u00f9a h\u1ea1 c\u1ee7a m\u00f9a v\u1ee5 n\u00e0y b\u1ed7ng nhi\u00ean m\u00e1t m\u1ebb h\u01a1n b\u00ecnh th\u01b0\u1eddng, v\u1edbi l\u01b0\u1ee3ng m\u01b0a cao h\u01a1n trung b\u00ecnh, v\u1eady n\u00ean, ni\u00ean v\u1ee5 2017 cu\u1ed1i c\u00f9ng \u0111\u00e3 kh\u1edfi \u0111\u1ed9ng h\u01a1i tr\u1ec5. S\u1ef1 k\u1ebft h\u1ee3p t\u1eeb nh\u1eefng y\u1ebfu t\u1ed1 n\u00e0y v\u00e0 th\u1eddi ti\u1ebft kh\u00f4 hanh xuy\u00ean su\u1ed1t m\u00f9a v\u1ee5, \u0111\u00e3 cho ra n\u0103ng su\u1ea5t nho cao h\u01a1n v\u1edbi ch\u1ea5t l\u01b0\u1ee3ng tuy\u1ec7t v\u1eddi trong kh\u1eafp v\u00f9ng nho.<\/p>\n<p><strong>Kh\u1ee9u gi\u00e1c:\u00a0<\/strong>M\u00f9i h\u01b0\u01a1ng ng\u1ea1t ng\u00e0o c\u1ee7a m\u1eadn v\u00e0 th\u1ea3o m\u1ed9c, v\u1edbi m\u1ed9t ch\u00fat h\u01b0\u01a1ng b\u1ea1c h\u00e0.<\/p>\n<p><strong>Kh\u1ea9u v\u1ecb:\u00a0<\/strong>V\u00f2m mi\u1ec7ng ch\u1eb7t ch\u1ebd v\u00e0 d\u00e0y k\u1ebft c\u1ea5u, v\u1edbi c\u00e1c h\u01b0\u01a1ng v\u1ecb th\u00fa v\u1ecb v\u00e0 v\u1ecb g\u1ed7 s\u1ed3i vanilla thanh l\u1ecbch.<\/p>\n<p><strong>Th\u1ef1c ph\u1ea9m k\u1ebft h\u1ee3p:\u00a0<\/strong>N\u1ebfu t\u1edbi \u00dac, h\u00e3y th\u1eed th\u01b0\u1edfng th\u1ee9c v\u1edbi th\u1ecbt nai th\u0103n v\u00e0 qu\u1ea3 b\u00e1ch x\u00f9, hoa o\u1ea3i h\u01b0\u01a1ng, ph\u1ee5c v\u1ee5 k\u00e8m b\u1eafp c\u1ea3i om, v\u1edbi qu\u1ea3 vi\u1ec7t qu\u1ea5t v\u00e0 s\u1ed1t r\u01b0\u1ee3u vang \u0111\u1ecf.<\/p>\n<p><strong>B\u1ea3o qu\u1ea3n:<\/strong> C\u00f3 th\u1ec3 d\u00f9ng t\u1edbi n\u0103m 2025<\/p>\n<p><strong>Ch\u1ebf t\u00e1c r\u01b0\u1ee3u:<\/strong>: Shane Harris<\/p>\n<p><strong>\u1ee6 trong th\u00f9ng G\u1ed7 s\u1ed3i:\u00a0<\/strong>15% g\u1ed7 s\u1ed3i m\u1edbi c\u1ee7a Ph\u00e1p v\u00e0 M\u1ef9 trong 18 th\u00e1ng<\/p>\n<table class=\"noStyle wineTable\" border=\"0\" cellspacing=\"0\" cellpadding=\"0\">\n<tbody>\n<tr>\n<td class=\"winTableSpace\"><strong>\u0110\u1ed9 c\u1ed3n:<\/strong>: 14.5%<br \/>\n<strong>\u0110\u1ed9 pH<\/strong>: 3.49<\/td>\n<td><strong>T\u1ed5ng l\u01b0\u1ee3ng axit<\/strong>: 6.25g\/L<br \/>\n<strong>L\u01b0\u1ee3ng \u0111\u01b0\u1eddng c\u00f2n d\u01b0<\/strong>: 2.6g\/L<\/td>\n<\/tr>\n<\/tbody>\n<\/table>\n<p><strong>\u0110\u00c1NH GI\u00c1:<\/strong><\/p>\n<p class=\"award\">5 Sao - Winestate Magazine 2019<\/p>\n<p class=\"award\">95 \u0111i\u1ec3m, Sam Kim\u00a0,\u00a02018<\/p>\n<p class=\"award\">93 \u0111i\u1ec3m, Shen Hao\u00a0,\u00a02018<\/p>\n<p class=\"award\">92 \u0111i\u1ec3m,\u00a0T\u1ea1p ch\u00ed\u00a0Wine Showcase,\u00a02019<\/p>\n<p>&nbsp;<\/p>\n<p><strong>GI\u1ea2I TH\u01af\u1edeNG C\u1ee6A TH\u01af\u01a0NG HI\u1ec6U WINES BY GEOFF HARDY:<\/strong><\/p>\n<p style=\"text-align: center;\"><img decoding=\"async\" src=\"https:\/\/file.hstatic.net\/1000211281\/file\/awards_0e82f030a20840c88e1bd38e3de8b962_grande.jpg\" \/><\/p>\n<p style=\"text-align: center;\"><em>H\u00e3ng \u0111\u00e3 \u0111\u01b0\u1ee3c t\u1ea1p ch\u00ed r\u01b0\u1ee3u vang danh ti\u1ebfng Winestate trao gi\u1ea3i\u00a0\"Doanh nghi\u1ec7p R\u01b0\u1ee3u vang Australia c\u1ee7a N\u0103m\" v\u00e0o c\u00e1c n\u0103m 2012, 2014, v\u00e0 l\u1ecdt v\u00e0o Top 5 n\u0103m 2016. (\u1ea2nh: Wines by Geoff Hardy)\u00a0<\/em><em>(Photo: Wines by Geoff Hardy)<\/em><\/p>\n<p style=\"text-align: left;\"><strong>V\u1ec0 TH\u01af\u01a0NG HI\u1ec6U WINES BY GEOFF HARDY<\/strong><\/p>\n<p style=\"text-align: center;\"><iframe src=\"https:\/\/www.youtube.com\/embed\/hR7qEGYh7p0\" width=\"560\" height=\"315\" frameborder=\"0\" allowfullscreen=\"allowfullscreen\"><\/iframe><\/p>\n<p style=\"text-align: center;\"><em>Video gi\u1edbi thi\u1ec7u h\u00e3ng r\u01b0\u1ee3u vang \u00dac Wines by Geoff Hardy. (Ngu\u1ed3n: Youtube)<\/em><\/p>\n<p style=\"text-align: center;\"><img decoding=\"async\" src=\"\/\/file.hstatic.net\/1000211281\/file\/0009_cropped__grande.jpg\" \/><\/p>\n<p style=\"text-align: center;\"><em>V\u01b0\u1eddn nho c\u1ee7a h\u00e3ng Pertaringa t\u1ea1i McLaren Vale. (\u1ea2nh: Wines by Geoff Hardy)<\/em><\/p>","protected":false},"excerpt":{"rendered":"<p>5 sao \u2013 C\u00e1i t\u00ean \"Undercover Shiraz\" (\"Shiraz b\u00ed m\u1eadt\") \u0111\u01b0\u1ee3c \u0111\u1eb7t t\u00ean r\u01b0\u1ee3u vang n\u00e0y b\u1edfi trong l\u1ecbch s\u1eed, v\u01b0\u1eddn nho \u1edf McLaren Vale, bang Nam \u00dac \u0111\u00e3 cung c\u1ea5p nho ch\u1ea5t l\u01b0\u1ee3ng t\u1ed1t nh\u1ea5t c\u1ee7a ch\u00fang t\u00f4i cho r\u1ea5t nhi\u1ec1u v\u00f9ng mi\u1ec1n kh\u00e1c. N\u1eb1m ngay gi\u1eefa mi\u1ec1n Nam n\u01b0\u1edbc \u00dac, tr\u00e1i c\u00e2y t\u1ea1i McLaren Vale lu\u00f4n \u0111\u01b0\u1ee3c thi\u00ean nhi\u00ean \u01b0u \u0111\u00e3i cho ch\u1ea5t l\u01b0\u1ee3ng tuy\u1ec7t h\u1ea3o.<\/p>","protected":false},"featured_media":2157,"template":"","meta":{"_acf_changed":false},"product_brand":[],"product_cat":[2640,87],"product_tag":[],"grape_varietal":[2466],"wine_regions":[2422],"class_list":{"0":"post-2158","1":"product","2":"type-product","3":"status-publish","4":"has-post-thumbnail","6":"product_cat-catalogue","7":"product_cat-red-wine","8":"pa_brand-pertaringa","9":"grape_varietal-shiraz","10":"wine_regions-mclaren-vale","12":"first","13":"instock","14":"shipping-taxable","15":"product-type-simple"},"acf":[],"yoast_head":"<!-- This site is optimized with the Yoast SEO plugin v27.4 - https:\/\/yoast.com\/product\/yoast-seo-wordpress\/ -->\n<title>Pertaringa Undercover Shiraz - Rada Wines<\/title>\n<meta name=\"robots\" content=\"index, follow, max-snippet:-1, max-image-preview:large, max-video-preview:-1\" \/>\n<link rel=\"canonical\" href=\"https:\/\/www.ilovewines.vn\/vi\/san-pham\/pertaringa-undercover-shiraz-2019\/\" \/>\n<meta property=\"og:locale\" content=\"vi_VN\" \/>\n<meta property=\"og:type\" content=\"article\" \/>\n<meta property=\"og:title\" content=\"Pertaringa Undercover Shiraz - Rada Wines\" \/>\n<meta property=\"og:description\" content=\"5 Stars - Winestate Magazine. The Undercover Shiraz is named in recognition of McLaren Vale\u2019s history of supplying other regions with our finest red grapes. Known as the mid palate of Australia, McLaren Vale fruit is well regarded for its ability to improve the quality and richness of wines from other regions.\" \/>\n<meta property=\"og:url\" content=\"https:\/\/www.ilovewines.vn\/vi\/san-pham\/pertaringa-undercover-shiraz-2019\/\" \/>\n<meta property=\"og:site_name\" content=\"Rada Wines\" \/>\n<meta property=\"article:modified_time\" content=\"2023-11-22T07:56:30+00:00\" \/>\n<meta property=\"og:image\" content=\"https:\/\/www.ilovewines.vn\/wp-content\/uploads\/2022\/07\/undercover_bottleshot_cork-308x385small-medal_04dde8056c6a450eb2033ebe19a0bdc1.jpg\" \/>\n\t<meta property=\"og:image:width\" content=\"308\" \/>\n\t<meta property=\"og:image:height\" content=\"385\" \/>\n\t<meta property=\"og:image:type\" content=\"image\/jpeg\" \/>\n<meta name=\"twitter:card\" content=\"summary_large_image\" \/>\n<meta name=\"twitter:label1\" content=\"\u01af\u1edbc t\u00ednh th\u1eddi gian \u0111\u1ecdc\" \/>\n\t<meta name=\"twitter:data1\" content=\"1 ph\u00fat\" \/>\n<script type=\"application\/ld+json\" class=\"yoast-schema-graph\">{\"@context\":\"https:\\\/\\\/schema.org\",\"@graph\":[{\"@type\":\"WebPage\",\"@id\":\"https:\\\/\\\/www.ilovewines.vn\\\/product\\\/pertaringa-undercover-shiraz-2019\\\/\",\"url\":\"https:\\\/\\\/www.ilovewines.vn\\\/product\\\/pertaringa-undercover-shiraz-2019\\\/\",\"name\":\"Pertaringa Undercover Shiraz - Rada Wines\",\"isPartOf\":{\"@id\":\"https:\\\/\\\/www.ilovewines.vn\\\/#website\"},\"primaryImageOfPage\":{\"@id\":\"https:\\\/\\\/www.ilovewines.vn\\\/product\\\/pertaringa-undercover-shiraz-2019\\\/#primaryimage\"},\"image\":{\"@id\":\"https:\\\/\\\/www.ilovewines.vn\\\/product\\\/pertaringa-undercover-shiraz-2019\\\/#primaryimage\"},\"thumbnailUrl\":\"https:\\\/\\\/www.ilovewines.vn\\\/wp-content\\\/uploads\\\/2022\\\/07\\\/undercover_bottleshot_cork-308x385small-medal_04dde8056c6a450eb2033ebe19a0bdc1.jpg\",\"datePublished\":\"2022-07-08T03:32:17+00:00\",\"dateModified\":\"2023-11-22T07:56:30+00:00\",\"breadcrumb\":{\"@id\":\"https:\\\/\\\/www.ilovewines.vn\\\/product\\\/pertaringa-undercover-shiraz-2019\\\/#breadcrumb\"},\"inLanguage\":\"vi\",\"potentialAction\":[{\"@type\":\"ReadAction\",\"target\":[\"https:\\\/\\\/www.ilovewines.vn\\\/product\\\/pertaringa-undercover-shiraz-2019\\\/\"]}]},{\"@type\":\"ImageObject\",\"inLanguage\":\"vi\",\"@id\":\"https:\\\/\\\/www.ilovewines.vn\\\/product\\\/pertaringa-undercover-shiraz-2019\\\/#primaryimage\",\"url\":\"https:\\\/\\\/www.ilovewines.vn\\\/wp-content\\\/uploads\\\/2022\\\/07\\\/undercover_bottleshot_cork-308x385small-medal_04dde8056c6a450eb2033ebe19a0bdc1.jpg\",\"contentUrl\":\"https:\\\/\\\/www.ilovewines.vn\\\/wp-content\\\/uploads\\\/2022\\\/07\\\/undercover_bottleshot_cork-308x385small-medal_04dde8056c6a450eb2033ebe19a0bdc1.jpg\",\"width\":308,\"height\":385},{\"@type\":\"BreadcrumbList\",\"@id\":\"https:\\\/\\\/www.ilovewines.vn\\\/product\\\/pertaringa-undercover-shiraz-2019\\\/#breadcrumb\",\"itemListElement\":[{\"@type\":\"ListItem\",\"position\":1,\"name\":\"Home\",\"item\":\"https:\\\/\\\/www.ilovewines.vn\\\/\"},{\"@type\":\"ListItem\",\"position\":2,\"name\":\"Catalogue\",\"item\":\"https:\\\/\\\/www.ilovewines.vn\\\/catalogue\\\/\"},{\"@type\":\"ListItem\",\"position\":3,\"name\":\"Pertaringa Undercover Shiraz\"}]},{\"@type\":\"WebSite\",\"@id\":\"https:\\\/\\\/www.ilovewines.vn\\\/#website\",\"url\":\"https:\\\/\\\/www.ilovewines.vn\\\/\",\"name\":\"Rada Wines\",\"description\":\"Just another WordPress site\",\"publisher\":{\"@id\":\"https:\\\/\\\/www.ilovewines.vn\\\/#organization\"},\"potentialAction\":[{\"@type\":\"SearchAction\",\"target\":{\"@type\":\"EntryPoint\",\"urlTemplate\":\"https:\\\/\\\/www.ilovewines.vn\\\/?s={search_term_string}\"},\"query-input\":{\"@type\":\"PropertyValueSpecification\",\"valueRequired\":true,\"valueName\":\"search_term_string\"}}],\"inLanguage\":\"vi\"},{\"@type\":\"Organization\",\"@id\":\"https:\\\/\\\/www.ilovewines.vn\\\/#organization\",\"name\":\"Rada Wines\",\"url\":\"https:\\\/\\\/www.ilovewines.vn\\\/\",\"logo\":{\"@type\":\"ImageObject\",\"inLanguage\":\"vi\",\"@id\":\"https:\\\/\\\/www.ilovewines.vn\\\/#\\\/schema\\\/logo\\\/image\\\/\",\"url\":\"https:\\\/\\\/www.ilovewines.vn\\\/wp-content\\\/uploads\\\/2022\\\/06\\\/cropped-162574230_380766779846763_4426584222903300096_n.jpg\",\"contentUrl\":\"https:\\\/\\\/www.ilovewines.vn\\\/wp-content\\\/uploads\\\/2022\\\/06\\\/cropped-162574230_380766779846763_4426584222903300096_n.jpg\",\"width\":320,\"height\":206,\"caption\":\"Rada Wines\"},\"image\":{\"@id\":\"https:\\\/\\\/www.ilovewines.vn\\\/#\\\/schema\\\/logo\\\/image\\\/\"}}]}<\/script>\n<!-- \/ Yoast SEO plugin. -->","yoast_head_json":{"title":"Pertaringa Undercover Shiraz - Rada Wines","robots":{"index":"index","follow":"follow","max-snippet":"max-snippet:-1","max-image-preview":"max-image-preview:large","max-video-preview":"max-video-preview:-1"},"canonical":"https:\/\/www.ilovewines.vn\/vi\/san-pham\/pertaringa-undercover-shiraz-2019\/","og_locale":"vi_VN","og_type":"article","og_title":"Pertaringa Undercover Shiraz - Rada Wines","og_description":"5 Stars - Winestate Magazine. The Undercover Shiraz is named in recognition of McLaren Vale\u2019s history of supplying other regions with our finest red grapes. Known as the mid palate of Australia, McLaren Vale fruit is well regarded for its ability to improve the quality and richness of wines from other regions.","og_url":"https:\/\/www.ilovewines.vn\/vi\/san-pham\/pertaringa-undercover-shiraz-2019\/","og_site_name":"Rada Wines","article_modified_time":"2023-11-22T07:56:30+00:00","og_image":[{"width":308,"height":385,"url":"https:\/\/www.ilovewines.vn\/wp-content\/uploads\/2022\/07\/undercover_bottleshot_cork-308x385small-medal_04dde8056c6a450eb2033ebe19a0bdc1.jpg","type":"image\/jpeg"}],"twitter_card":"summary_large_image","twitter_misc":{"\u01af\u1edbc t\u00ednh th\u1eddi gian \u0111\u1ecdc":"1 ph\u00fat"},"schema":{"@context":"https:\/\/schema.org","@graph":[{"@type":"WebPage","@id":"https:\/\/www.ilovewines.vn\/product\/pertaringa-undercover-shiraz-2019\/","url":"https:\/\/www.ilovewines.vn\/product\/pertaringa-undercover-shiraz-2019\/","name":"Pertaringa Undercover Shiraz - Rada Wines","isPartOf":{"@id":"https:\/\/www.ilovewines.vn\/#website"},"primaryImageOfPage":{"@id":"https:\/\/www.ilovewines.vn\/product\/pertaringa-undercover-shiraz-2019\/#primaryimage"},"image":{"@id":"https:\/\/www.ilovewines.vn\/product\/pertaringa-undercover-shiraz-2019\/#primaryimage"},"thumbnailUrl":"https:\/\/www.ilovewines.vn\/wp-content\/uploads\/2022\/07\/undercover_bottleshot_cork-308x385small-medal_04dde8056c6a450eb2033ebe19a0bdc1.jpg","datePublished":"2022-07-08T03:32:17+00:00","dateModified":"2023-11-22T07:56:30+00:00","breadcrumb":{"@id":"https:\/\/www.ilovewines.vn\/product\/pertaringa-undercover-shiraz-2019\/#breadcrumb"},"inLanguage":"vi","potentialAction":[{"@type":"ReadAction","target":["https:\/\/www.ilovewines.vn\/product\/pertaringa-undercover-shiraz-2019\/"]}]},{"@type":"ImageObject","inLanguage":"vi","@id":"https:\/\/www.ilovewines.vn\/product\/pertaringa-undercover-shiraz-2019\/#primaryimage","url":"https:\/\/www.ilovewines.vn\/wp-content\/uploads\/2022\/07\/undercover_bottleshot_cork-308x385small-medal_04dde8056c6a450eb2033ebe19a0bdc1.jpg","contentUrl":"https:\/\/www.ilovewines.vn\/wp-content\/uploads\/2022\/07\/undercover_bottleshot_cork-308x385small-medal_04dde8056c6a450eb2033ebe19a0bdc1.jpg","width":308,"height":385},{"@type":"BreadcrumbList","@id":"https:\/\/www.ilovewines.vn\/product\/pertaringa-undercover-shiraz-2019\/#breadcrumb","itemListElement":[{"@type":"ListItem","position":1,"name":"Home","item":"https:\/\/www.ilovewines.vn\/"},{"@type":"ListItem","position":2,"name":"Catalogue","item":"https:\/\/www.ilovewines.vn\/catalogue\/"},{"@type":"ListItem","position":3,"name":"Pertaringa Undercover Shiraz"}]},{"@type":"WebSite","@id":"https:\/\/www.ilovewines.vn\/#website","url":"https:\/\/www.ilovewines.vn\/","name":"Rada Wines","description":"Just another WordPress site","publisher":{"@id":"https:\/\/www.ilovewines.vn\/#organization"},"potentialAction":[{"@type":"SearchAction","target":{"@type":"EntryPoint","urlTemplate":"https:\/\/www.ilovewines.vn\/?s={search_term_string}"},"query-input":{"@type":"PropertyValueSpecification","valueRequired":true,"valueName":"search_term_string"}}],"inLanguage":"vi"},{"@type":"Organization","@id":"https:\/\/www.ilovewines.vn\/#organization","name":"Rada Wines","url":"https:\/\/www.ilovewines.vn\/","logo":{"@type":"ImageObject","inLanguage":"vi","@id":"https:\/\/www.ilovewines.vn\/#\/schema\/logo\/image\/","url":"https:\/\/www.ilovewines.vn\/wp-content\/uploads\/2022\/06\/cropped-162574230_380766779846763_4426584222903300096_n.jpg","contentUrl":"https:\/\/www.ilovewines.vn\/wp-content\/uploads\/2022\/06\/cropped-162574230_380766779846763_4426584222903300096_n.jpg","width":320,"height":206,"caption":"Rada Wines"},"image":{"@id":"https:\/\/www.ilovewines.vn\/#\/schema\/logo\/image\/"}}]}},"_links":{"self":[{"href":"https:\/\/www.ilovewines.vn\/vi\/wp-json\/wp\/v2\/product\/2158","targetHints":{"allow":["GET"]}}],"collection":[{"href":"https:\/\/www.ilovewines.vn\/vi\/wp-json\/wp\/v2\/product"}],"about":[{"href":"https:\/\/www.ilovewines.vn\/vi\/wp-json\/wp\/v2\/types\/product"}],"version-history":[{"count":1,"href":"https:\/\/www.ilovewines.vn\/vi\/wp-json\/wp\/v2\/product\/2158\/revisions"}],"predecessor-version":[{"id":4059,"href":"https:\/\/www.ilovewines.vn\/vi\/wp-json\/wp\/v2\/product\/2158\/revisions\/4059"}],"wp:featuredmedia":[{"embeddable":true,"href":"https:\/\/www.ilovewines.vn\/vi\/wp-json\/wp\/v2\/media\/2157"}],"wp:attachment":[{"href":"https:\/\/www.ilovewines.vn\/vi\/wp-json\/wp\/v2\/media?parent=2158"}],"wp:term":[{"taxonomy":"product_brand","embeddable":true,"href":"https:\/\/www.ilovewines.vn\/vi\/wp-json\/wp\/v2\/product_brand?post=2158"},{"taxonomy":"product_cat","embeddable":true,"href":"https:\/\/www.ilovewines.vn\/vi\/wp-json\/wp\/v2\/product_cat?post=2158"},{"taxonomy":"product_tag","embeddable":true,"href":"https:\/\/www.ilovewines.vn\/vi\/wp-json\/wp\/v2\/product_tag?post=2158"},{"taxonomy":"grape_varietal","embeddable":true,"href":"https:\/\/www.ilovewines.vn\/vi\/wp-json\/wp\/v2\/grape_varietal?post=2158"},{"taxonomy":"wine_regions","embeddable":true,"href":"https:\/\/www.ilovewines.vn\/vi\/wp-json\/wp\/v2\/wine_regions?post=2158"}],"curies":[{"name":"wp","href":"https:\/\/api.w.org\/{rel}","templated":true}]}}