{"id":2160,"date":"2022-07-07T21:32:19","date_gmt":"2022-07-08T03:32:19","guid":{"rendered":"https:\/\/www.ilovewines.vn\/product\/pertaringa-tipsy-hill-cabernet-sauvignon-2016\/"},"modified":"2023-11-22T00:55:56","modified_gmt":"2023-11-22T07:55:56","slug":"pertaringa-tipsy-hill-cabernet-sauvignon-2017","status":"publish","type":"product","link":"https:\/\/www.ilovewines.vn\/vi\/product\/pertaringa-tipsy-hill-cabernet-sauvignon-2017\/","title":{"rendered":"Pertaringa Tipsy Hill Cabernet Sauvignon"},"content":{"rendered":"<p style=\"margin-bottom: 11px;\"><span style=\"font-size: 14pt;\"><span style=\"background-color: white;\"><strong><span style=\"font-size: 12.0pt;\"><span style=\"color: #515153;\">Th\u01b0\u1edfng th\u1ee9c<\/span><\/span><\/strong><\/span><\/span><\/p>\n<p style=\"margin-bottom: 11px;\"><span style=\"font-size: 14pt;\"><span style=\"background-color: white;\"><strong><span style=\"font-size: 12.0pt;\"><span style=\"color: #515153;\">Kh\u1ee9u gi\u00e1c:\u00a0<\/span><\/span><\/strong><span style=\"font-size: 12.0pt;\"><span style=\"color: #515153;\">M\u00f9i h\u01b0\u01a1ng th\u01a1m Cabernet c\u1ed5 \u0111i\u1ec3n, v\u1edbi hoa violet nghi\u1ec1n n\u00e1t, d\u0103m b\u00e0o tuy\u1ebft t\u00f9ng v\u00e0 thu\u1ed1c l\u00e1.<\/span><\/span><\/span><\/span><\/p>\n<p style=\"margin-bottom: 11px;\"><span style=\"font-size: 14pt;\"><span style=\"background-color: white;\"><strong><span style=\"font-size: 12.0pt;\"><span style=\"color: #515153;\">Kh\u1ea9u v\u1ecb:\u00a0<\/span><\/span><\/strong><span style=\"font-size: 12.0pt;\"><span style=\"color: #515153;\">H\u01b0\u01a1ng v\u1ecb trung t\u00ednh v\u1edbi s\u1ef1 k\u1ebft h\u1ee3p c\u1ee7a qu\u1ea3 vi\u1ec7t qu\u1ea5t v\u00e0 mocha, ho\u00e0 quy\u1ec7n v\u1edbi b\u1ed9t tannin si\u00eau m\u1ecbn, v\u1edbi h\u01b0\u01a1ng v\u1ecb \u0111\u1ed9c \u0111\u00e1o v\u00e0 d\u00e0i l\u00e2u<\/span><\/span><\/span><\/span><\/p>\n<p style=\"margin-bottom: 11px;\"><span style=\"font-size: 14pt;\"><span style=\"background-color: white;\"><strong><span style=\"font-size: 12.0pt;\"><span style=\"color: #515153;\">\u1ea8m th\u1ef1c \u0111i k\u00e8m:\u00a0<\/span><\/span><\/strong><span style=\"font-size: 12.0pt;\"><span style=\"color: #515153;\">H\u00e3y th\u1eed lo\u1ea1i r\u01b0\u1ee3u n\u00e0y v\u1edbi nh\u1eefng l\u00e1t th\u1ecbt nai v\u1edbi h\u00e0nh t\u00e2y nghi\u1ec1n nhuy\u1ec5n v\u00e0 c\u1ee7 d\u1ec1n non n\u01b0\u1edbng.<\/span><\/span><\/span><\/span><\/p>\n<p style=\"margin-bottom: 11px;\"><span style=\"font-size: 14pt;\"><span style=\"background-color: white;\"><strong><span style=\"font-size: 12.0pt;\"><span style=\"color: #515153;\">\u1ee6 trong th\u00f9ng G\u1ed7 s\u1ed3i:<\/span><\/span><\/strong><span style=\"font-size: 12.0pt;\"><span style=\"color: #515153;\">\u00a0\u0110\u1ea7u \u00a0heo \u00a0g\u1ed7 \u00a0s\u1ed3i \u00a0Ph\u00e1p \u00a0m\u1edbi \u00a050% \u00a0\u0111\u1ec3 \u00a0trong \u00a020 \u00a0th\u00e1ng<\/span><\/span><\/span><\/span><\/p>\n<p style=\"margin-bottom: 11px;\"><span style=\"font-size: 14pt;\"><span style=\"background-color: white;\"><strong><span style=\"font-size: 12.0pt;\"><span style=\"color: #515153;\">B\u1ea3o qu\u1ea3n:<\/span><\/span><\/strong><span style=\"font-size: 12.0pt;\"><span style=\"color: #515153;\">\u00a02020 - 2031<\/span><\/span><\/span><\/span><\/p>\n<p style=\"margin-bottom: 11px;\"><span style=\"font-size: 14pt;\"><span style=\"background-color: white;\"><strong><span style=\"font-size: 12.0pt;\"><span style=\"color: #515153;\">C\u00e2u chuy\u1ec7n:\u00a0<\/span><\/span><\/strong><span style=\"font-size: 12.0pt;\"><span style=\"color: #515153;\">Tipsy Hill Cabernet Sauvignon l\u00e0 t\u1eeb thu\u1ed9c v\u01b0\u1eddn nho c\u1ee7a Bec Hardy \u1edf ti\u1ec3u v\u00f9ng Blewitt Springs c\u1ee7a McLaren Vale. C\u00e1c lo\u1ea1i \u0111\u1ea5t c\u1ed5 v\u00e0 \u0111\u1ed9 cao th\u1ea5p d\u1ea7n c\u1ee7a v\u01b0\u1eddn nho Tipsy Hill \u0111\u00e3 t\u1ea1o \u0111i\u1ec1u ki\u1ec7n ho\u00e0n h\u1ea3o \u0111\u1ec3 tr\u1ed3ng nho Cabernet Sauvignon ch\u1ea5t l\u01b0\u1ee3ng cao. N\u01a1i  n\u00e0y c\u0169ng c\u00f3 m\u1ed9t khu v\u01b0\u1eddn tuy\u1ec7t \u0111\u1eb9p, n\u1ed5i b\u1eadt v\u1edbi lo\u00e0i hoa h\u1ed3ng Tipsy Hill Imperial Concubine qu\u00fd hi\u1ebfm m\u00e0 t\u00ean g\u1ecdi n\u00e0y b\u1eaft ngu\u1ed3n t\u1eeb \u0111\u00f3.<\/span><\/span><\/span><\/span><\/p>\n<p style=\"margin-bottom: 11px;\"><span style=\"font-size: 14pt;\"><span style=\"background-color: white;\"><strong><span style=\"font-size: 12.0pt;\"><span style=\"color: #515153;\">Ni\u00ean v\u1ee5:\u00a0<\/span><\/span><\/strong><span style=\"font-size: 12.0pt;\"><span style=\"color: #515153;\">N\u0103m 2016 nh\u00ecn chung r\u1ea5t \u00f4n h\u00f2a v\u1edbi l\u01b0\u1ee3ng m\u01b0a th\u1ea5p. Vi\u1ec7c thi\u1ebfu m\u01b0a tr\u00f4ng c\u00f3 v\u1ebb nh\u01b0 s\u1ebd thu ho\u1ea1ch nhanh ch\u00f3ng, nh\u01b0ng m\u1ed9t tr\u1eadn m\u01b0a l\u1edbn v\u00e0o \u0111\u1ea7u th\u00e1ng 2 \u0111\u00e3 \u0111\u1ea3m b\u1ea3o r\u1eb1ng c\u00e2y nho \u0111\u01b0\u1ee3c tr\u1ea3i \u0111\u1ec1u h\u01a1n. S\u1ea3n l\u01b0\u1ee3ng \u0111\u00e3 t\u0103ng l\u00ean so v\u1edbi v\u00e0i n\u0103m tr\u01b0\u1edbc v\u00e0 ch\u1ea5t l\u01b0\u1ee3ng \u0111ang t\u1ed1t.<\/span><\/span><\/span><\/span><\/p>\n<table class=\"Table\" style=\"background: white; border-collapse: collapse; width: 100.0%;\" cellspacing=\"0\">\n<tbody>\n<tr>\n<td style=\"background-color: white; padding: 0in 0in 0in 0in; width: 264px;\"><span style=\"font-size: 14pt;\"><strong><span style=\"font-size: 12.0pt;\"><span style=\"color: #515153;\">\u0110\u1ed9 c\u1ed3n:\u00a0<\/span><\/span><\/strong><span style=\"font-size: 12.0pt;\"><span style=\"color: #515153;\">\u00a014.5%<\/span><\/span><\/span><\/td>\n<td style=\"background-color: white; padding: 0in 0in 0in 0in; width: 614px;\"><span style=\"font-size: 14pt;\"><strong><span style=\"font-size: 12.0pt;\"><span style=\"color: #515153;\">Axit:<\/span><\/span><\/strong><span style=\"font-size: 12.0pt;\"><span style=\"color: #515153;\">\u00a07.07g\/L<\/span><\/span><\/span><\/td>\n<\/tr>\n<tr>\n<td style=\"background-color: white; height: 17px; padding: 0in 0in 0in 0in; width: 264px;\"><span style=\"font-size: 14pt;\"><strong><span style=\"font-size: 12.0pt;\"><span style=\"color: #515153;\">\u0110\u1ed9 pH<\/span><\/span><\/strong><span style=\"font-size: 12.0pt;\"><span style=\"color: #515153;\">\u00a03.53<\/span><\/span><\/span><\/td>\n<td style=\"background-color: white; height: 17px; padding: 0in 0in 0in 0in; width: 614px;\"><span style=\"font-size: 14pt;\"><strong><span style=\"font-size: 12.0pt;\"><span style=\"color: #515153;\">L\u01b0\u1ee3ng \u0111\u01b0\u1eddng c\u00f2n d\u01b0:<\/span><\/span><\/strong><span style=\"font-size: 12.0pt;\"><span style=\"color: #515153;\">\u00a02.4g\/L<\/span><\/span><\/span><\/td>\n<\/tr>\n<\/tbody>\n<\/table>","protected":false},"excerpt":{"rendered":"<div class=\"product-skeleton__details-description\">\n<div>99 \u0111i\u1ec3m \u2013 James Halliday 2021<\/div>\n<\/div>","protected":false},"featured_media":2159,"template":"","meta":{"_acf_changed":false},"product_brand":[],"product_cat":[2640,87],"product_tag":[],"grape_varietal":[2467],"wine_regions":[2422],"class_list":{"0":"post-2160","1":"product","2":"type-product","3":"status-publish","4":"has-post-thumbnail","6":"product_cat-catalogue","7":"product_cat-red-wine","8":"pa_brand-pertaringa","9":"grape_varietal-cabernet-sauvignon","10":"wine_regions-mclaren-vale","12":"first","13":"instock","14":"shipping-taxable","15":"product-type-simple"},"acf":[],"yoast_head":"<!-- This site is optimized with the Yoast SEO plugin v27.4 - https:\/\/yoast.com\/product\/yoast-seo-wordpress\/ -->\n<title>Pertaringa Tipsy Hill Cabernet Sauvignon - Rada Wines<\/title>\n<meta name=\"robots\" content=\"index, follow, max-snippet:-1, max-image-preview:large, max-video-preview:-1\" \/>\n<link rel=\"canonical\" href=\"https:\/\/www.ilovewines.vn\/vi\/san-pham\/pertaringa-tipsy-hill-cabernet-sauvignon-2017\/\" \/>\n<meta property=\"og:locale\" content=\"vi_VN\" \/>\n<meta property=\"og:type\" content=\"article\" \/>\n<meta property=\"og:title\" content=\"Pertaringa Tipsy Hill Cabernet Sauvignon - Rada Wines\" \/>\n<meta property=\"og:description\" content=\"99 points - 2021 James Halliday\" \/>\n<meta property=\"og:url\" content=\"https:\/\/www.ilovewines.vn\/vi\/san-pham\/pertaringa-tipsy-hill-cabernet-sauvignon-2017\/\" \/>\n<meta property=\"og:site_name\" content=\"Rada Wines\" \/>\n<meta property=\"article:modified_time\" content=\"2023-11-22T07:55:56+00:00\" \/>\n<meta property=\"og:image\" content=\"https:\/\/www.ilovewines.vn\/wp-content\/uploads\/2022\/07\/2017-pertaringa-tipsy-hill-medals-308x385_2cfbe9bce7644b3bae50a5310fe1d5a9.png\" \/>\n\t<meta property=\"og:image:width\" content=\"733\" \/>\n\t<meta property=\"og:image:height\" content=\"916\" \/>\n\t<meta property=\"og:image:type\" content=\"image\/png\" \/>\n<meta name=\"twitter:card\" content=\"summary_large_image\" \/>\n<meta name=\"twitter:label1\" content=\"\u01af\u1edbc t\u00ednh th\u1eddi gian \u0111\u1ecdc\" \/>\n\t<meta name=\"twitter:data1\" content=\"1 ph\u00fat\" \/>\n<script type=\"application\/ld+json\" class=\"yoast-schema-graph\">{\"@context\":\"https:\\\/\\\/schema.org\",\"@graph\":[{\"@type\":\"WebPage\",\"@id\":\"https:\\\/\\\/www.ilovewines.vn\\\/product\\\/pertaringa-tipsy-hill-cabernet-sauvignon-2017\\\/\",\"url\":\"https:\\\/\\\/www.ilovewines.vn\\\/product\\\/pertaringa-tipsy-hill-cabernet-sauvignon-2017\\\/\",\"name\":\"Pertaringa Tipsy Hill Cabernet Sauvignon - Rada Wines\",\"isPartOf\":{\"@id\":\"https:\\\/\\\/www.ilovewines.vn\\\/#website\"},\"primaryImageOfPage\":{\"@id\":\"https:\\\/\\\/www.ilovewines.vn\\\/product\\\/pertaringa-tipsy-hill-cabernet-sauvignon-2017\\\/#primaryimage\"},\"image\":{\"@id\":\"https:\\\/\\\/www.ilovewines.vn\\\/product\\\/pertaringa-tipsy-hill-cabernet-sauvignon-2017\\\/#primaryimage\"},\"thumbnailUrl\":\"https:\\\/\\\/www.ilovewines.vn\\\/wp-content\\\/uploads\\\/2022\\\/07\\\/2017-pertaringa-tipsy-hill-medals-308x385_2cfbe9bce7644b3bae50a5310fe1d5a9.png\",\"datePublished\":\"2022-07-08T03:32:19+00:00\",\"dateModified\":\"2023-11-22T07:55:56+00:00\",\"breadcrumb\":{\"@id\":\"https:\\\/\\\/www.ilovewines.vn\\\/product\\\/pertaringa-tipsy-hill-cabernet-sauvignon-2017\\\/#breadcrumb\"},\"inLanguage\":\"vi\",\"potentialAction\":[{\"@type\":\"ReadAction\",\"target\":[\"https:\\\/\\\/www.ilovewines.vn\\\/product\\\/pertaringa-tipsy-hill-cabernet-sauvignon-2017\\\/\"]}]},{\"@type\":\"ImageObject\",\"inLanguage\":\"vi\",\"@id\":\"https:\\\/\\\/www.ilovewines.vn\\\/product\\\/pertaringa-tipsy-hill-cabernet-sauvignon-2017\\\/#primaryimage\",\"url\":\"https:\\\/\\\/www.ilovewines.vn\\\/wp-content\\\/uploads\\\/2022\\\/07\\\/2017-pertaringa-tipsy-hill-medals-308x385_2cfbe9bce7644b3bae50a5310fe1d5a9.png\",\"contentUrl\":\"https:\\\/\\\/www.ilovewines.vn\\\/wp-content\\\/uploads\\\/2022\\\/07\\\/2017-pertaringa-tipsy-hill-medals-308x385_2cfbe9bce7644b3bae50a5310fe1d5a9.png\",\"width\":733,\"height\":916},{\"@type\":\"BreadcrumbList\",\"@id\":\"https:\\\/\\\/www.ilovewines.vn\\\/product\\\/pertaringa-tipsy-hill-cabernet-sauvignon-2017\\\/#breadcrumb\",\"itemListElement\":[{\"@type\":\"ListItem\",\"position\":1,\"name\":\"Home\",\"item\":\"https:\\\/\\\/www.ilovewines.vn\\\/\"},{\"@type\":\"ListItem\",\"position\":2,\"name\":\"Catalogue\",\"item\":\"https:\\\/\\\/www.ilovewines.vn\\\/catalogue\\\/\"},{\"@type\":\"ListItem\",\"position\":3,\"name\":\"Pertaringa Tipsy Hill Cabernet Sauvignon\"}]},{\"@type\":\"WebSite\",\"@id\":\"https:\\\/\\\/www.ilovewines.vn\\\/#website\",\"url\":\"https:\\\/\\\/www.ilovewines.vn\\\/\",\"name\":\"Rada Wines\",\"description\":\"Just another WordPress site\",\"publisher\":{\"@id\":\"https:\\\/\\\/www.ilovewines.vn\\\/#organization\"},\"potentialAction\":[{\"@type\":\"SearchAction\",\"target\":{\"@type\":\"EntryPoint\",\"urlTemplate\":\"https:\\\/\\\/www.ilovewines.vn\\\/?s={search_term_string}\"},\"query-input\":{\"@type\":\"PropertyValueSpecification\",\"valueRequired\":true,\"valueName\":\"search_term_string\"}}],\"inLanguage\":\"vi\"},{\"@type\":\"Organization\",\"@id\":\"https:\\\/\\\/www.ilovewines.vn\\\/#organization\",\"name\":\"Rada Wines\",\"url\":\"https:\\\/\\\/www.ilovewines.vn\\\/\",\"logo\":{\"@type\":\"ImageObject\",\"inLanguage\":\"vi\",\"@id\":\"https:\\\/\\\/www.ilovewines.vn\\\/#\\\/schema\\\/logo\\\/image\\\/\",\"url\":\"https:\\\/\\\/www.ilovewines.vn\\\/wp-content\\\/uploads\\\/2022\\\/06\\\/cropped-162574230_380766779846763_4426584222903300096_n.jpg\",\"contentUrl\":\"https:\\\/\\\/www.ilovewines.vn\\\/wp-content\\\/uploads\\\/2022\\\/06\\\/cropped-162574230_380766779846763_4426584222903300096_n.jpg\",\"width\":320,\"height\":206,\"caption\":\"Rada Wines\"},\"image\":{\"@id\":\"https:\\\/\\\/www.ilovewines.vn\\\/#\\\/schema\\\/logo\\\/image\\\/\"}}]}<\/script>\n<!-- \/ Yoast SEO plugin. -->","yoast_head_json":{"title":"Pertaringa Tipsy Hill Cabernet Sauvignon - Rada Wines","robots":{"index":"index","follow":"follow","max-snippet":"max-snippet:-1","max-image-preview":"max-image-preview:large","max-video-preview":"max-video-preview:-1"},"canonical":"https:\/\/www.ilovewines.vn\/vi\/san-pham\/pertaringa-tipsy-hill-cabernet-sauvignon-2017\/","og_locale":"vi_VN","og_type":"article","og_title":"Pertaringa Tipsy Hill Cabernet Sauvignon - Rada Wines","og_description":"99 points - 2021 James Halliday","og_url":"https:\/\/www.ilovewines.vn\/vi\/san-pham\/pertaringa-tipsy-hill-cabernet-sauvignon-2017\/","og_site_name":"Rada Wines","article_modified_time":"2023-11-22T07:55:56+00:00","og_image":[{"width":733,"height":916,"url":"https:\/\/www.ilovewines.vn\/wp-content\/uploads\/2022\/07\/2017-pertaringa-tipsy-hill-medals-308x385_2cfbe9bce7644b3bae50a5310fe1d5a9.png","type":"image\/png"}],"twitter_card":"summary_large_image","twitter_misc":{"\u01af\u1edbc t\u00ednh th\u1eddi gian \u0111\u1ecdc":"1 ph\u00fat"},"schema":{"@context":"https:\/\/schema.org","@graph":[{"@type":"WebPage","@id":"https:\/\/www.ilovewines.vn\/product\/pertaringa-tipsy-hill-cabernet-sauvignon-2017\/","url":"https:\/\/www.ilovewines.vn\/product\/pertaringa-tipsy-hill-cabernet-sauvignon-2017\/","name":"Pertaringa Tipsy Hill Cabernet Sauvignon - Rada Wines","isPartOf":{"@id":"https:\/\/www.ilovewines.vn\/#website"},"primaryImageOfPage":{"@id":"https:\/\/www.ilovewines.vn\/product\/pertaringa-tipsy-hill-cabernet-sauvignon-2017\/#primaryimage"},"image":{"@id":"https:\/\/www.ilovewines.vn\/product\/pertaringa-tipsy-hill-cabernet-sauvignon-2017\/#primaryimage"},"thumbnailUrl":"https:\/\/www.ilovewines.vn\/wp-content\/uploads\/2022\/07\/2017-pertaringa-tipsy-hill-medals-308x385_2cfbe9bce7644b3bae50a5310fe1d5a9.png","datePublished":"2022-07-08T03:32:19+00:00","dateModified":"2023-11-22T07:55:56+00:00","breadcrumb":{"@id":"https:\/\/www.ilovewines.vn\/product\/pertaringa-tipsy-hill-cabernet-sauvignon-2017\/#breadcrumb"},"inLanguage":"vi","potentialAction":[{"@type":"ReadAction","target":["https:\/\/www.ilovewines.vn\/product\/pertaringa-tipsy-hill-cabernet-sauvignon-2017\/"]}]},{"@type":"ImageObject","inLanguage":"vi","@id":"https:\/\/www.ilovewines.vn\/product\/pertaringa-tipsy-hill-cabernet-sauvignon-2017\/#primaryimage","url":"https:\/\/www.ilovewines.vn\/wp-content\/uploads\/2022\/07\/2017-pertaringa-tipsy-hill-medals-308x385_2cfbe9bce7644b3bae50a5310fe1d5a9.png","contentUrl":"https:\/\/www.ilovewines.vn\/wp-content\/uploads\/2022\/07\/2017-pertaringa-tipsy-hill-medals-308x385_2cfbe9bce7644b3bae50a5310fe1d5a9.png","width":733,"height":916},{"@type":"BreadcrumbList","@id":"https:\/\/www.ilovewines.vn\/product\/pertaringa-tipsy-hill-cabernet-sauvignon-2017\/#breadcrumb","itemListElement":[{"@type":"ListItem","position":1,"name":"Home","item":"https:\/\/www.ilovewines.vn\/"},{"@type":"ListItem","position":2,"name":"Catalogue","item":"https:\/\/www.ilovewines.vn\/catalogue\/"},{"@type":"ListItem","position":3,"name":"Pertaringa Tipsy Hill Cabernet Sauvignon"}]},{"@type":"WebSite","@id":"https:\/\/www.ilovewines.vn\/#website","url":"https:\/\/www.ilovewines.vn\/","name":"Rada Wines","description":"Just another WordPress site","publisher":{"@id":"https:\/\/www.ilovewines.vn\/#organization"},"potentialAction":[{"@type":"SearchAction","target":{"@type":"EntryPoint","urlTemplate":"https:\/\/www.ilovewines.vn\/?s={search_term_string}"},"query-input":{"@type":"PropertyValueSpecification","valueRequired":true,"valueName":"search_term_string"}}],"inLanguage":"vi"},{"@type":"Organization","@id":"https:\/\/www.ilovewines.vn\/#organization","name":"Rada Wines","url":"https:\/\/www.ilovewines.vn\/","logo":{"@type":"ImageObject","inLanguage":"vi","@id":"https:\/\/www.ilovewines.vn\/#\/schema\/logo\/image\/","url":"https:\/\/www.ilovewines.vn\/wp-content\/uploads\/2022\/06\/cropped-162574230_380766779846763_4426584222903300096_n.jpg","contentUrl":"https:\/\/www.ilovewines.vn\/wp-content\/uploads\/2022\/06\/cropped-162574230_380766779846763_4426584222903300096_n.jpg","width":320,"height":206,"caption":"Rada Wines"},"image":{"@id":"https:\/\/www.ilovewines.vn\/#\/schema\/logo\/image\/"}}]}},"_links":{"self":[{"href":"https:\/\/www.ilovewines.vn\/vi\/wp-json\/wp\/v2\/product\/2160","targetHints":{"allow":["GET"]}}],"collection":[{"href":"https:\/\/www.ilovewines.vn\/vi\/wp-json\/wp\/v2\/product"}],"about":[{"href":"https:\/\/www.ilovewines.vn\/vi\/wp-json\/wp\/v2\/types\/product"}],"version-history":[{"count":1,"href":"https:\/\/www.ilovewines.vn\/vi\/wp-json\/wp\/v2\/product\/2160\/revisions"}],"predecessor-version":[{"id":4162,"href":"https:\/\/www.ilovewines.vn\/vi\/wp-json\/wp\/v2\/product\/2160\/revisions\/4162"}],"wp:featuredmedia":[{"embeddable":true,"href":"https:\/\/www.ilovewines.vn\/vi\/wp-json\/wp\/v2\/media\/2159"}],"wp:attachment":[{"href":"https:\/\/www.ilovewines.vn\/vi\/wp-json\/wp\/v2\/media?parent=2160"}],"wp:term":[{"taxonomy":"product_brand","embeddable":true,"href":"https:\/\/www.ilovewines.vn\/vi\/wp-json\/wp\/v2\/product_brand?post=2160"},{"taxonomy":"product_cat","embeddable":true,"href":"https:\/\/www.ilovewines.vn\/vi\/wp-json\/wp\/v2\/product_cat?post=2160"},{"taxonomy":"product_tag","embeddable":true,"href":"https:\/\/www.ilovewines.vn\/vi\/wp-json\/wp\/v2\/product_tag?post=2160"},{"taxonomy":"grape_varietal","embeddable":true,"href":"https:\/\/www.ilovewines.vn\/vi\/wp-json\/wp\/v2\/grape_varietal?post=2160"},{"taxonomy":"wine_regions","embeddable":true,"href":"https:\/\/www.ilovewines.vn\/vi\/wp-json\/wp\/v2\/wine_regions?post=2160"}],"curies":[{"name":"wp","href":"https:\/\/api.w.org\/{rel}","templated":true}]}}