{"id":2162,"date":"2022-07-07T21:32:20","date_gmt":"2022-07-08T03:32:20","guid":{"rendered":"https:\/\/www.ilovewines.vn\/product\/pertaringa-stage-left-merlot-2018\/"},"modified":"2024-10-02T00:35:14","modified_gmt":"2024-10-02T06:35:14","slug":"pertaringa-stage-left-merlot-2021","status":"publish","type":"product","link":"https:\/\/www.ilovewines.vn\/vi\/product\/pertaringa-stage-left-merlot-2021\/","title":{"rendered":"Pertaringa Stage Left Merlot"},"content":{"rendered":"<p><strong>NI\u00caN V\u1ee4 2017<\/strong>: L\u01b0\u1ee3ng m\u01b0a d\u00e0y m\u00f9a \u0111\u00f4ng trong n\u0103m 2020 \u0111\u00e3 \u0111\u1ea3m b\u1ea3o cho c\u00e2y nho kh\u1edfi \u0111\u1ea7u<br \/>\nni\u00ean v\u1ee5 2021 m\u1ed9t c\u00e1ch tuy\u1ec7t v\u1eddi. Th\u1eddi ti\u1ebft khi nho ra hoa r\u1ea5t \u00f4n h\u00f2a v\u00e0 kh\u00f4ng nhi\u1ec1u gi\u00f3, d\u1eabn \u0111\u1ebfn<br \/>\nnho k\u1ebft qu\u1ea3 t\u1ed1t. Th\u00e1ng hai c\u00f3 m\u1ed9t \u0111\u1ee3t m\u01b0a l\u1edbn, sau \u0111\u00f3 th\u1eddi ti\u1ebft kh\u00f4 r\u00e1o , \u0111\u1ea3m b\u1ea3o cho nho<br \/>\ntr\u00e1nh \u0111\u01b0\u1ee3c v\u1ea5n \u0111\u1ec1 s\u00e2u b\u1ec7nh. Th\u1eddi ti\u1ebft ti\u1ebfp t\u1ee5c \u00f4n h\u00f2a v\u00e0 kh\u00f4 r\u00e1o trong su\u1ed1t c\u1ea3 qu\u00e1 tr\u00ecnh thu ho\u1ea1ch<br \/>\nnh\u1edd v\u1eady s\u1ea3n l\u01b0\u1ee3ng nho cao h\u01a1n so v\u1edbi c\u00f9ng k\u00ec c\u1ee7a nh\u1eefng n\u0103m g\u1ea7n \u0111\u00e2y, v\u00e0 ch\u1ea5t l\u01b0\u1ee3ng nho r\u1ea5t \u1ea5n t\u01b0\u1ee3ng.<\/p>\n<p><strong>C\u00c2U CHUY\u1ec6N<\/strong>: Lo\u1ea1i r\u01b0\u1ee3u vang n\u00e0y \u0111\u01b0\u1ee3c g\u1ecdi l\u00e0 Merlot S\u01b0\u1eddn b\u00ean Tr\u00e1i v\u00ec gi\u1ed1ng nho n\u00e0y<br \/>\nch\u01b0a t\u1eebng bao gi\u1edd m\u1ecdc \u1edf trung t\u00e2m v\u01b0\u1eddn nho thu\u1ed9c v\u00f9ng thung l\u0169ng McLaren. Ch\u00fang t\u00f4i cho r\u1eb1ng ch\u00fang<br \/>\n\u0111\u00e1ng \u0111\u01b0\u1ee3c th\u01b0\u1edfng th\u1ee9c b\u1edfi c\u00e1ch th\u1ee9c th\u1ec3 hi\u1ec7n \u0111\u1eb7c bi\u1ec7t c\u1ee7a ch\u00fang cho gi\u1ed1ng nho thu\u1ed9c Bordeaux n\u00e0y.<\/p>\n<p><strong>KH\u1ee8U GI\u00c1C<\/strong>: m\u00f9i c\u1ee7a nh\u1eefng lo\u1ea1i qu\u1ea3 s\u1eabm m\u00e0u hun kh\u00f3i, anh \u0111\u00e0o chua v\u00e0 m\u00e2m x\u00f4i \u0111\u1ecf, c\u00f9ng v\u1edbi h\u01b0\u01a1ng cam th\u1ea3o<br \/>\nv\u00e0 \u0111inh h\u01b0\u01a1ng<\/p>\n<p><strong>\u00a0V\u1eca GI\u00c1C<\/strong>: v\u00f2m mi\u1ec7ng m\u1ec1m m\u1ea1i v\u00e0 tr\u00f2n v\u1ecb v\u1edbi tr\u00e1i anh \u0111\u00e0o \u0111en v\u00e0 m\u1eadn. Ph\u1ea7n n\u1ec1n l\u00e0 v\u1ecb m\u1ee9t m\u00e2m x\u00f4i \u0111\u1ecf<br \/>\nc\u00f9ng ch\u00fat h\u01b0\u01a1ng v\u1ecb \u0111\u1ea5t c\u1ee7a cacao, h\u1ea1t ti\u00eau tr\u1eafng v\u00e0 b\u1ea1ch \u0111\u1eadu kh\u1ea5u.<\/p>\n<p><strong>C\u1ea4T TR\u1eee<\/strong>: U\u1ed1ng ngay ho\u1eb7c \u0111\u1ebfn n\u0103m 2027<\/p>","protected":false},"excerpt":{"rendered":"<p>Lo\u1ea1i r\u01b0\u1ee3u n\u00e0y \u0111\u01b0\u1ee3c g\u1ecdi l\u00e0 Stage Left Merlot v\u00ec s\u1ef1 \u0111a d\u1ea1ng n\u00e0y ch\u01b0a bao gi\u1edd l\u00e0 trung t\u00e2m trong \u201cnh\u00e0 h\u00e1t\u201d v\u01b0\u1eddn nho c\u1ee7a McLaren Vale. Ch\u00fang t\u00f4i ngh\u0129 r\u1eb1ng lo\u1ea1i r\u01b0\u1ee3u n\u00e0y n\u00ean \u0111\u01b0\u1ee3c th\u01b0\u1edfng th\u1ee9c v\u00ec h\u01b0\u01a1ng v\u1ecb \u0111\u1ed9c \u0111\u00e1o c\u1ee7a gi\u1ed1ng Bordeaux \u0111\u01b0\u1ee3c y\u00eau th\u00edch n\u00e0y.<\/p>","protected":false},"featured_media":6454,"template":"","meta":{"_acf_changed":false},"product_brand":[],"product_cat":[87,93],"product_tag":[],"grape_varietal":[2468],"wine_regions":[2422],"class_list":{"0":"post-2162","1":"product","2":"type-product","3":"status-publish","4":"has-post-thumbnail","6":"product_cat-red-wine","7":"product_cat-wine","8":"pa_brand-pertaringa","9":"grape_varietal-merlot","10":"wine_regions-mclaren-vale","12":"first","13":"instock","14":"virtual","15":"product-type-simple"},"acf":[],"yoast_head":"<!-- This site is optimized with the Yoast SEO plugin v27.4 - https:\/\/yoast.com\/product\/yoast-seo-wordpress\/ -->\n<title>Pertaringa Stage Left Merlot - Rada Wines<\/title>\n<meta name=\"robots\" content=\"index, follow, max-snippet:-1, max-image-preview:large, max-video-preview:-1\" \/>\n<link rel=\"canonical\" href=\"https:\/\/www.ilovewines.vn\/vi\/san-pham\/pertaringa-stage-left-merlot-2021\/\" \/>\n<meta property=\"og:locale\" content=\"vi_VN\" \/>\n<meta property=\"og:type\" content=\"article\" \/>\n<meta property=\"og:title\" content=\"Pertaringa Stage Left Merlot - Rada Wines\" \/>\n<meta property=\"og:description\" content=\"This wine is called Stage Left Merlot as the variety has never been centre stage in the vineyard theatre of McLaren Vale. We think that it should be enjoyed for its unique interpretation of this beloved Bordeaux variety.\" \/>\n<meta property=\"og:url\" content=\"https:\/\/www.ilovewines.vn\/vi\/san-pham\/pertaringa-stage-left-merlot-2021\/\" \/>\n<meta property=\"og:site_name\" content=\"Rada Wines\" \/>\n<meta property=\"article:modified_time\" content=\"2024-10-02T06:35:14+00:00\" \/>\n<meta property=\"og:image\" content=\"https:\/\/www.ilovewines.vn\/wp-content\/uploads\/2022\/07\/NV_StageLeft_-e1727850841282.png\" \/>\n\t<meta property=\"og:image:width\" content=\"700\" \/>\n\t<meta property=\"og:image:height\" content=\"1050\" \/>\n\t<meta property=\"og:image:type\" content=\"image\/png\" \/>\n<meta name=\"twitter:card\" content=\"summary_large_image\" \/>\n<meta name=\"twitter:label1\" content=\"\u01af\u1edbc t\u00ednh th\u1eddi gian \u0111\u1ecdc\" \/>\n\t<meta name=\"twitter:data1\" content=\"1 ph\u00fat\" \/>\n<script type=\"application\/ld+json\" class=\"yoast-schema-graph\">{\"@context\":\"https:\\\/\\\/schema.org\",\"@graph\":[{\"@type\":\"WebPage\",\"@id\":\"https:\\\/\\\/www.ilovewines.vn\\\/product\\\/pertaringa-stage-left-merlot-2021\\\/\",\"url\":\"https:\\\/\\\/www.ilovewines.vn\\\/product\\\/pertaringa-stage-left-merlot-2021\\\/\",\"name\":\"Pertaringa Stage Left Merlot - Rada Wines\",\"isPartOf\":{\"@id\":\"https:\\\/\\\/www.ilovewines.vn\\\/#website\"},\"primaryImageOfPage\":{\"@id\":\"https:\\\/\\\/www.ilovewines.vn\\\/product\\\/pertaringa-stage-left-merlot-2021\\\/#primaryimage\"},\"image\":{\"@id\":\"https:\\\/\\\/www.ilovewines.vn\\\/product\\\/pertaringa-stage-left-merlot-2021\\\/#primaryimage\"},\"thumbnailUrl\":\"https:\\\/\\\/www.ilovewines.vn\\\/wp-content\\\/uploads\\\/2022\\\/07\\\/NV_StageLeft_-e1727850841282.png\",\"datePublished\":\"2022-07-08T03:32:20+00:00\",\"dateModified\":\"2024-10-02T06:35:14+00:00\",\"breadcrumb\":{\"@id\":\"https:\\\/\\\/www.ilovewines.vn\\\/product\\\/pertaringa-stage-left-merlot-2021\\\/#breadcrumb\"},\"inLanguage\":\"vi\",\"potentialAction\":[{\"@type\":\"ReadAction\",\"target\":[\"https:\\\/\\\/www.ilovewines.vn\\\/product\\\/pertaringa-stage-left-merlot-2021\\\/\"]}]},{\"@type\":\"ImageObject\",\"inLanguage\":\"vi\",\"@id\":\"https:\\\/\\\/www.ilovewines.vn\\\/product\\\/pertaringa-stage-left-merlot-2021\\\/#primaryimage\",\"url\":\"https:\\\/\\\/www.ilovewines.vn\\\/wp-content\\\/uploads\\\/2022\\\/07\\\/NV_StageLeft_-e1727850841282.png\",\"contentUrl\":\"https:\\\/\\\/www.ilovewines.vn\\\/wp-content\\\/uploads\\\/2022\\\/07\\\/NV_StageLeft_-e1727850841282.png\",\"width\":700,\"height\":1050},{\"@type\":\"BreadcrumbList\",\"@id\":\"https:\\\/\\\/www.ilovewines.vn\\\/product\\\/pertaringa-stage-left-merlot-2021\\\/#breadcrumb\",\"itemListElement\":[{\"@type\":\"ListItem\",\"position\":1,\"name\":\"Home\",\"item\":\"https:\\\/\\\/www.ilovewines.vn\\\/\"},{\"@type\":\"ListItem\",\"position\":2,\"name\":\"Catalogue\",\"item\":\"https:\\\/\\\/www.ilovewines.vn\\\/catalogue\\\/\"},{\"@type\":\"ListItem\",\"position\":3,\"name\":\"Pertaringa Stage Left Merlot\"}]},{\"@type\":\"WebSite\",\"@id\":\"https:\\\/\\\/www.ilovewines.vn\\\/#website\",\"url\":\"https:\\\/\\\/www.ilovewines.vn\\\/\",\"name\":\"Rada Wines\",\"description\":\"Just another WordPress site\",\"publisher\":{\"@id\":\"https:\\\/\\\/www.ilovewines.vn\\\/#organization\"},\"potentialAction\":[{\"@type\":\"SearchAction\",\"target\":{\"@type\":\"EntryPoint\",\"urlTemplate\":\"https:\\\/\\\/www.ilovewines.vn\\\/?s={search_term_string}\"},\"query-input\":{\"@type\":\"PropertyValueSpecification\",\"valueRequired\":true,\"valueName\":\"search_term_string\"}}],\"inLanguage\":\"vi\"},{\"@type\":\"Organization\",\"@id\":\"https:\\\/\\\/www.ilovewines.vn\\\/#organization\",\"name\":\"Rada Wines\",\"url\":\"https:\\\/\\\/www.ilovewines.vn\\\/\",\"logo\":{\"@type\":\"ImageObject\",\"inLanguage\":\"vi\",\"@id\":\"https:\\\/\\\/www.ilovewines.vn\\\/#\\\/schema\\\/logo\\\/image\\\/\",\"url\":\"https:\\\/\\\/www.ilovewines.vn\\\/wp-content\\\/uploads\\\/2022\\\/06\\\/cropped-162574230_380766779846763_4426584222903300096_n.jpg\",\"contentUrl\":\"https:\\\/\\\/www.ilovewines.vn\\\/wp-content\\\/uploads\\\/2022\\\/06\\\/cropped-162574230_380766779846763_4426584222903300096_n.jpg\",\"width\":320,\"height\":206,\"caption\":\"Rada Wines\"},\"image\":{\"@id\":\"https:\\\/\\\/www.ilovewines.vn\\\/#\\\/schema\\\/logo\\\/image\\\/\"}}]}<\/script>\n<!-- \/ Yoast SEO plugin. -->","yoast_head_json":{"title":"Pertaringa Stage Left Merlot - Rada Wines","robots":{"index":"index","follow":"follow","max-snippet":"max-snippet:-1","max-image-preview":"max-image-preview:large","max-video-preview":"max-video-preview:-1"},"canonical":"https:\/\/www.ilovewines.vn\/vi\/san-pham\/pertaringa-stage-left-merlot-2021\/","og_locale":"vi_VN","og_type":"article","og_title":"Pertaringa Stage Left Merlot - Rada Wines","og_description":"This wine is called Stage Left Merlot as the variety has never been centre stage in the vineyard theatre of McLaren Vale. We think that it should be enjoyed for its unique interpretation of this beloved Bordeaux variety.","og_url":"https:\/\/www.ilovewines.vn\/vi\/san-pham\/pertaringa-stage-left-merlot-2021\/","og_site_name":"Rada Wines","article_modified_time":"2024-10-02T06:35:14+00:00","og_image":[{"width":700,"height":1050,"url":"https:\/\/www.ilovewines.vn\/wp-content\/uploads\/2022\/07\/NV_StageLeft_-e1727850841282.png","type":"image\/png"}],"twitter_card":"summary_large_image","twitter_misc":{"\u01af\u1edbc t\u00ednh th\u1eddi gian \u0111\u1ecdc":"1 ph\u00fat"},"schema":{"@context":"https:\/\/schema.org","@graph":[{"@type":"WebPage","@id":"https:\/\/www.ilovewines.vn\/product\/pertaringa-stage-left-merlot-2021\/","url":"https:\/\/www.ilovewines.vn\/product\/pertaringa-stage-left-merlot-2021\/","name":"Pertaringa Stage Left Merlot - Rada Wines","isPartOf":{"@id":"https:\/\/www.ilovewines.vn\/#website"},"primaryImageOfPage":{"@id":"https:\/\/www.ilovewines.vn\/product\/pertaringa-stage-left-merlot-2021\/#primaryimage"},"image":{"@id":"https:\/\/www.ilovewines.vn\/product\/pertaringa-stage-left-merlot-2021\/#primaryimage"},"thumbnailUrl":"https:\/\/www.ilovewines.vn\/wp-content\/uploads\/2022\/07\/NV_StageLeft_-e1727850841282.png","datePublished":"2022-07-08T03:32:20+00:00","dateModified":"2024-10-02T06:35:14+00:00","breadcrumb":{"@id":"https:\/\/www.ilovewines.vn\/product\/pertaringa-stage-left-merlot-2021\/#breadcrumb"},"inLanguage":"vi","potentialAction":[{"@type":"ReadAction","target":["https:\/\/www.ilovewines.vn\/product\/pertaringa-stage-left-merlot-2021\/"]}]},{"@type":"ImageObject","inLanguage":"vi","@id":"https:\/\/www.ilovewines.vn\/product\/pertaringa-stage-left-merlot-2021\/#primaryimage","url":"https:\/\/www.ilovewines.vn\/wp-content\/uploads\/2022\/07\/NV_StageLeft_-e1727850841282.png","contentUrl":"https:\/\/www.ilovewines.vn\/wp-content\/uploads\/2022\/07\/NV_StageLeft_-e1727850841282.png","width":700,"height":1050},{"@type":"BreadcrumbList","@id":"https:\/\/www.ilovewines.vn\/product\/pertaringa-stage-left-merlot-2021\/#breadcrumb","itemListElement":[{"@type":"ListItem","position":1,"name":"Home","item":"https:\/\/www.ilovewines.vn\/"},{"@type":"ListItem","position":2,"name":"Catalogue","item":"https:\/\/www.ilovewines.vn\/catalogue\/"},{"@type":"ListItem","position":3,"name":"Pertaringa Stage Left Merlot"}]},{"@type":"WebSite","@id":"https:\/\/www.ilovewines.vn\/#website","url":"https:\/\/www.ilovewines.vn\/","name":"Rada Wines","description":"Just another WordPress site","publisher":{"@id":"https:\/\/www.ilovewines.vn\/#organization"},"potentialAction":[{"@type":"SearchAction","target":{"@type":"EntryPoint","urlTemplate":"https:\/\/www.ilovewines.vn\/?s={search_term_string}"},"query-input":{"@type":"PropertyValueSpecification","valueRequired":true,"valueName":"search_term_string"}}],"inLanguage":"vi"},{"@type":"Organization","@id":"https:\/\/www.ilovewines.vn\/#organization","name":"Rada Wines","url":"https:\/\/www.ilovewines.vn\/","logo":{"@type":"ImageObject","inLanguage":"vi","@id":"https:\/\/www.ilovewines.vn\/#\/schema\/logo\/image\/","url":"https:\/\/www.ilovewines.vn\/wp-content\/uploads\/2022\/06\/cropped-162574230_380766779846763_4426584222903300096_n.jpg","contentUrl":"https:\/\/www.ilovewines.vn\/wp-content\/uploads\/2022\/06\/cropped-162574230_380766779846763_4426584222903300096_n.jpg","width":320,"height":206,"caption":"Rada Wines"},"image":{"@id":"https:\/\/www.ilovewines.vn\/#\/schema\/logo\/image\/"}}]}},"_links":{"self":[{"href":"https:\/\/www.ilovewines.vn\/vi\/wp-json\/wp\/v2\/product\/2162","targetHints":{"allow":["GET"]}}],"collection":[{"href":"https:\/\/www.ilovewines.vn\/vi\/wp-json\/wp\/v2\/product"}],"about":[{"href":"https:\/\/www.ilovewines.vn\/vi\/wp-json\/wp\/v2\/types\/product"}],"version-history":[{"count":3,"href":"https:\/\/www.ilovewines.vn\/vi\/wp-json\/wp\/v2\/product\/2162\/revisions"}],"predecessor-version":[{"id":6455,"href":"https:\/\/www.ilovewines.vn\/vi\/wp-json\/wp\/v2\/product\/2162\/revisions\/6455"}],"wp:featuredmedia":[{"embeddable":true,"href":"https:\/\/www.ilovewines.vn\/vi\/wp-json\/wp\/v2\/media\/6454"}],"wp:attachment":[{"href":"https:\/\/www.ilovewines.vn\/vi\/wp-json\/wp\/v2\/media?parent=2162"}],"wp:term":[{"taxonomy":"product_brand","embeddable":true,"href":"https:\/\/www.ilovewines.vn\/vi\/wp-json\/wp\/v2\/product_brand?post=2162"},{"taxonomy":"product_cat","embeddable":true,"href":"https:\/\/www.ilovewines.vn\/vi\/wp-json\/wp\/v2\/product_cat?post=2162"},{"taxonomy":"product_tag","embeddable":true,"href":"https:\/\/www.ilovewines.vn\/vi\/wp-json\/wp\/v2\/product_tag?post=2162"},{"taxonomy":"grape_varietal","embeddable":true,"href":"https:\/\/www.ilovewines.vn\/vi\/wp-json\/wp\/v2\/grape_varietal?post=2162"},{"taxonomy":"wine_regions","embeddable":true,"href":"https:\/\/www.ilovewines.vn\/vi\/wp-json\/wp\/v2\/wine_regions?post=2162"}],"curies":[{"name":"wp","href":"https:\/\/api.w.org\/{rel}","templated":true}]}}