{"id":2164,"date":"2022-07-07T21:32:20","date_gmt":"2022-07-08T03:32:20","guid":{"rendered":"https:\/\/www.ilovewines.vn\/product\/pertaringa-scarecrow-sauvignon-blanc-2019-2020\/"},"modified":"2023-11-22T00:54:55","modified_gmt":"2023-11-22T07:54:55","slug":"pertaringa-scarecrow-sauvignon-blanc-2020-2021","status":"publish","type":"product","link":"https:\/\/www.ilovewines.vn\/vi\/product\/pertaringa-scarecrow-sauvignon-blanc-2020-2021\/","title":{"rendered":"Pertaringa Scarecrow Sauvignon Blanc"},"content":{"rendered":"<p><strong>C\u00e2u chuy\u1ec7n:<\/strong> Trong m\u1ed9t v\u01b0\u1eddn nho, gi\u1ed1ng nho xanh Sauvignon Blanc lu\u00f4n l\u00e0 nh\u1eefng ch\u00f9m nho ch\u00edn \u0111\u1ea7u ti\u00ean. T\u1ea1i Australia, n\u00f4ng d\u00e2n v\u1eabn s\u1eed d\u1ee5ng b\u00f9 nh\u00ecn r\u01a1m nh\u1eb1m xua \u0111u\u1ed5i l\u0169 chim chuy\u00ean ph\u00e1 v\u01b0\u1eddn nho. V\u00ec l\u00fd do n\u00e0y, nh\u00e0 s\u1ea3n xu\u1ea5t \u0111\u00e3 ngh\u0129 ngay cho vang tr\u1eafng Sauvignon Blanc c\u1ee7a Pertaringa m\u1ed9t c\u00e1i t\u00ean th\u00fa v\u1ecb nh\u01b0 v\u1eady.<\/p>\n<p><strong>Ni\u00ean v\u1ee5:<\/strong>\u00a0M\u00f9a v\u1ee5 2019 kh\u1edfi \u0111\u1ea7u v\u1edbi th\u1eddi ti\u1ebft nh\u1eb9 nh\u00e0ng v\u00e0 l\u01b0\u1ee3ng m\u01b0a th\u1ea5p d\u01b0\u1edbi trung b\u00ecnh. Nh\u1eefng c\u01a1n m\u01b0a v\u00e0o cu\u1ed1i m\u00f9a xu\u00e2n \u0111\u00e3 cung c\u1ea5p \u0111i\u1ec1u ki\u1ec7n kh\u00f4 r\u00e1o v\u1eeba ph\u1ea3i, gi\u00fap h\u1ed7 tr\u1ee3 nh\u1eefng v\u1ef1a nho n\u0103ng su\u1ea5t th\u1ea5p do \u1ea3nh h\u01b0\u1edfng t\u1eeb th\u1eddi ti\u1ebft \u1ea9m \u01b0\u1edbt v\u00e0 gi\u00f3. M\u1ed9t \u0111\u1ee3t n\u1eafng n\u00f3ng trong th\u00e1ng M\u1ed9t may m\u1eafn \u0111\u00e3 di\u1ec5n ra tr\u01b0\u1edbc giai \u0111o\u1ea1n \u0111\u1ea7u c\u1ee7a qu\u00e1 tr\u00ecnh nho ch\u00edn, n\u00ean \u0111\u00e3 kh\u00f4ng \u1ea3nh h\u01b0\u1edfng g\u00ec \u0111\u1ebfn ch\u1ea5t l\u01b0\u1ee3ng nho. Sau \u0111\u1ee3t n\u1eafng n\u00f3ng n\u00e0y l\u00e0 m\u1ed9t \u0111\u1ee3t th\u1eddi ti\u1ebft kh\u00f4 hanh nh\u1eb9 nh\u00e0ng, t\u1ea1o \u0111i\u1ec1u ki\u1ec7n thu\u1eadn l\u1ee3i \u0111\u1ec3 ph\u00e1t tri\u1ec3n h\u01b0\u01a1ng v\u1ecb nho cho nh\u1eefng v\u1ef1a nho nh\u1ecf qu\u1ea3 h\u01a1n b\u00ecnh th\u01b0\u1eddng.<\/p>\n<p><strong>Kh\u1ee9u gi\u00e1c:<\/strong>\u00a0H\u01b0\u01a1ng th\u01a1m tinh t\u1ebf v\u00e0 thanh l\u1ecbch c\u1ee7a tr\u00e1i chanh leo v\u00e0 \u0111\u1eadu H\u00e0 Lan.<\/p>\n<p><strong>Kh\u1ea9u v\u1ecb:<\/strong>\u00a0V\u00f2m mi\u1ec7ng m\u1ecbn m\u00e0ng nh\u01b0ng s\u1ed1ng \u0111\u1ed9ng v\u1edbi h\u01b0\u01a1ng v\u1ecb tr\u00e1i c\u00e2y nhi\u1ec7t \u0111\u1edbi th\u00fa v\u1ecb, ti\u1ebfp theo \u0111\u00f3 l\u00e0 m\u1ed9t k\u1ebft th\u00fac s\u1eafc n\u00e9t v\u00e0 t\u01b0\u01a1i m\u00e1t.<\/p>\n<p><strong>\u1ea8m th\u1ef1c \u0111i k\u00e8m:<\/strong>\u00a0M\u1ed9t lo\u1ea1i r\u01b0\u1ee3u vang m\u00f9a h\u00e8 tuy\u1ec7t v\u1eddi, ph\u00f9 h\u1ee3p v\u1edbi c\u00e1c m\u00f3n h\u1ea3i s\u1ea3n.<\/p>\n<p><strong>B\u1ea3o qu\u1ea3n:<\/strong> U\u1ed1ng ngay<\/p>\n<p><strong>Nh\u00e0 s\u1ea3n xu\u1ea5t: <\/strong>Shane Harris<\/p>\n<table class=\"noStyle wineTable\" border=\"0\" cellspacing=\"0\" cellpadding=\"0\">\n<tbody>\n<tr>\n<td class=\"winTableSpace\"><strong>\u0110\u1ed9 c\u1ed3n:<\/strong>: 13%<br \/>\n<strong>\u0110\u1ed9 pH<\/strong>: 3.11<\/td>\n<td><strong>T\u1ed5ng l\u01b0\u1ee3ng axit<\/strong>: 6.28g\/L<br \/>\n<strong>L\u01b0\u1ee3ng \u0111\u01b0\u1eddng c\u00f2n d\u01b0<\/strong>: 2.6g\/L<\/td>\n<\/tr>\n<\/tbody>\n<\/table>\n<p>&nbsp;<\/p>\n<p><strong>\u0110\u00c1NH GI\u00c1:<\/strong><\/p>\n<p>92\/100 \u0111i\u1ec3m - Wine Orbit 2019<\/p>\n<p>&nbsp;<\/p>\n<p><strong>GI\u1ea2I TH\u01af\u1edeNG C\u1ee6A TH\u01af\u01a0NG HI\u1ec6U WINES BY GEOFF HARDY:<\/strong><\/p>\n<p style=\"text-align: center;\"><img decoding=\"async\" src=\"https:\/\/file.hstatic.net\/1000211281\/file\/awards_0e82f030a20840c88e1bd38e3de8b962_grande.jpg\" \/><\/p>\n<p style=\"text-align: center;\"><em>H\u00e3ng \u0111\u00e3 \u0111\u01b0\u1ee3c t\u1ea1p ch\u00ed r\u01b0\u1ee3u vang danh ti\u1ebfng Winestate trao gi\u1ea3i\u00a0\"Doanh nghi\u1ec7p R\u01b0\u1ee3u vang Australia c\u1ee7a N\u0103m\" v\u00e0o c\u00e1c n\u0103m 2012, 2014, v\u00e0 l\u1ecdt v\u00e0o Top 5 n\u0103m 2016. (\u1ea2nh: Wines by Geoff Hardy)\u00a0<\/em><em>(Photo: Wines by Geoff Hardy)<\/em><\/p>\n<p style=\"text-align: left;\"><strong>V\u1ec0 TH\u01af\u01a0NG HI\u1ec6U WINES BY GEOFF HARDY<\/strong><\/p>\n<p style=\"text-align: center;\"><iframe src=\"https:\/\/www.youtube.com\/embed\/hR7qEGYh7p0\" width=\"560\" height=\"315\" frameborder=\"0\" allowfullscreen=\"allowfullscreen\"><\/iframe><\/p>\n<p style=\"text-align: center;\"><em>Video gi\u1edbi thi\u1ec7u h\u00e3ng r\u01b0\u1ee3u vang \u00dac Wines by Geoff Hardy. (Ngu\u1ed3n: Youtube)<\/em><\/p>\n<p style=\"text-align: center;\"><img decoding=\"async\" src=\"\/\/file.hstatic.net\/1000211281\/file\/0009_cropped__grande.jpg\" \/><\/p>\n<p style=\"text-align: center;\"><em>V\u01b0\u1eddn nho Pertaringa  (\u1ea2nh: winesbygeoffhardy.com.au)<\/em><\/p>","protected":false},"excerpt":{"rendered":"<p>Trong m\u1ed9t v\u01b0\u1eddn nho, gi\u1ed1ng nho xanh Sauvignon Blanc lu\u00f4n l\u00e0 nh\u1eefng ch\u00f9m nho ch\u00edn \u0111\u1ea7u ti\u00ean. T\u1ea1i Australia, n\u00f4ng d\u00e2n v\u1eabn s\u1eed d\u1ee5ng b\u00f9 nh\u00ecn r\u01a1m nh\u1eb1m xua \u0111u\u1ed5i l\u0169 chim chuy\u00ean ph\u00e1 v\u01b0\u1eddn nho. V\u00ec l\u00fd do n\u00e0y, nh\u00e0 s\u1ea3n xu\u1ea5t \u0111\u00e3 ngh\u0129 ngay cho vang tr\u1eafng Sauvignon Blanc c\u1ee7a Pertaringa m\u1ed9t c\u00e1i t\u00ean th\u00fa v\u1ecb nh\u01b0 v\u1eady.<\/p>","protected":false},"featured_media":2163,"template":"","meta":{"_acf_changed":false},"product_brand":[],"product_cat":[2640,89],"product_tag":[],"grape_varietal":[2474],"wine_regions":[2422],"class_list":{"0":"post-2164","1":"product","2":"type-product","3":"status-publish","4":"has-post-thumbnail","6":"product_cat-catalogue","7":"product_cat-white-wine","8":"pa_brand-pertaringa","9":"grape_varietal-sauvignon-blanc","10":"wine_regions-mclaren-vale","12":"first","13":"instock","14":"shipping-taxable","15":"product-type-simple"},"acf":[],"yoast_head":"<!-- This site is optimized with the Yoast SEO plugin v27.4 - https:\/\/yoast.com\/product\/yoast-seo-wordpress\/ -->\n<title>Pertaringa Scarecrow Sauvignon Blanc - Rada Wines<\/title>\n<meta name=\"robots\" content=\"index, follow, max-snippet:-1, max-image-preview:large, max-video-preview:-1\" \/>\n<link rel=\"canonical\" href=\"https:\/\/www.ilovewines.vn\/vi\/san-pham\/pertaringa-scarecrow-sauvignon-blanc-2020-2021\/\" \/>\n<meta property=\"og:locale\" content=\"vi_VN\" \/>\n<meta property=\"og:type\" content=\"article\" \/>\n<meta property=\"og:title\" content=\"Pertaringa Scarecrow Sauvignon Blanc - Rada Wines\" \/>\n<meta property=\"og:description\" content=\"Each vintage, the Sauvignon Blanc grapes are the first grapes to ripen in the vineyard. The scarecrow is still used as an effective deterrent to the local grape-loving birds and has also lent its name to our famous Sauvignon Blanc.\" \/>\n<meta property=\"og:url\" content=\"https:\/\/www.ilovewines.vn\/vi\/san-pham\/pertaringa-scarecrow-sauvignon-blanc-2020-2021\/\" \/>\n<meta property=\"og:site_name\" content=\"Rada Wines\" \/>\n<meta property=\"article:modified_time\" content=\"2023-11-22T07:54:55+00:00\" \/>\n<meta property=\"og:image\" content=\"https:\/\/www.ilovewines.vn\/wp-content\/uploads\/2022\/07\/scarecrow_bottleshot-308x385small_1261696ae4de408f98792201a348c407.jpg\" \/>\n\t<meta property=\"og:image:width\" content=\"308\" \/>\n\t<meta property=\"og:image:height\" content=\"385\" \/>\n\t<meta property=\"og:image:type\" content=\"image\/jpeg\" \/>\n<meta name=\"twitter:card\" content=\"summary_large_image\" \/>\n<meta name=\"twitter:label1\" content=\"\u01af\u1edbc t\u00ednh th\u1eddi gian \u0111\u1ecdc\" \/>\n\t<meta name=\"twitter:data1\" content=\"1 ph\u00fat\" \/>\n<script type=\"application\/ld+json\" class=\"yoast-schema-graph\">{\"@context\":\"https:\\\/\\\/schema.org\",\"@graph\":[{\"@type\":\"WebPage\",\"@id\":\"https:\\\/\\\/www.ilovewines.vn\\\/product\\\/pertaringa-scarecrow-sauvignon-blanc-2020-2021\\\/\",\"url\":\"https:\\\/\\\/www.ilovewines.vn\\\/product\\\/pertaringa-scarecrow-sauvignon-blanc-2020-2021\\\/\",\"name\":\"Pertaringa Scarecrow Sauvignon Blanc - Rada Wines\",\"isPartOf\":{\"@id\":\"https:\\\/\\\/www.ilovewines.vn\\\/#website\"},\"primaryImageOfPage\":{\"@id\":\"https:\\\/\\\/www.ilovewines.vn\\\/product\\\/pertaringa-scarecrow-sauvignon-blanc-2020-2021\\\/#primaryimage\"},\"image\":{\"@id\":\"https:\\\/\\\/www.ilovewines.vn\\\/product\\\/pertaringa-scarecrow-sauvignon-blanc-2020-2021\\\/#primaryimage\"},\"thumbnailUrl\":\"https:\\\/\\\/www.ilovewines.vn\\\/wp-content\\\/uploads\\\/2022\\\/07\\\/scarecrow_bottleshot-308x385small_1261696ae4de408f98792201a348c407.jpg\",\"datePublished\":\"2022-07-08T03:32:20+00:00\",\"dateModified\":\"2023-11-22T07:54:55+00:00\",\"breadcrumb\":{\"@id\":\"https:\\\/\\\/www.ilovewines.vn\\\/product\\\/pertaringa-scarecrow-sauvignon-blanc-2020-2021\\\/#breadcrumb\"},\"inLanguage\":\"vi\",\"potentialAction\":[{\"@type\":\"ReadAction\",\"target\":[\"https:\\\/\\\/www.ilovewines.vn\\\/product\\\/pertaringa-scarecrow-sauvignon-blanc-2020-2021\\\/\"]}]},{\"@type\":\"ImageObject\",\"inLanguage\":\"vi\",\"@id\":\"https:\\\/\\\/www.ilovewines.vn\\\/product\\\/pertaringa-scarecrow-sauvignon-blanc-2020-2021\\\/#primaryimage\",\"url\":\"https:\\\/\\\/www.ilovewines.vn\\\/wp-content\\\/uploads\\\/2022\\\/07\\\/scarecrow_bottleshot-308x385small_1261696ae4de408f98792201a348c407.jpg\",\"contentUrl\":\"https:\\\/\\\/www.ilovewines.vn\\\/wp-content\\\/uploads\\\/2022\\\/07\\\/scarecrow_bottleshot-308x385small_1261696ae4de408f98792201a348c407.jpg\",\"width\":308,\"height\":385},{\"@type\":\"BreadcrumbList\",\"@id\":\"https:\\\/\\\/www.ilovewines.vn\\\/product\\\/pertaringa-scarecrow-sauvignon-blanc-2020-2021\\\/#breadcrumb\",\"itemListElement\":[{\"@type\":\"ListItem\",\"position\":1,\"name\":\"Home\",\"item\":\"https:\\\/\\\/www.ilovewines.vn\\\/\"},{\"@type\":\"ListItem\",\"position\":2,\"name\":\"Catalogue\",\"item\":\"https:\\\/\\\/www.ilovewines.vn\\\/catalogue\\\/\"},{\"@type\":\"ListItem\",\"position\":3,\"name\":\"Pertaringa Scarecrow Sauvignon Blanc\"}]},{\"@type\":\"WebSite\",\"@id\":\"https:\\\/\\\/www.ilovewines.vn\\\/#website\",\"url\":\"https:\\\/\\\/www.ilovewines.vn\\\/\",\"name\":\"Rada Wines\",\"description\":\"Just another WordPress site\",\"publisher\":{\"@id\":\"https:\\\/\\\/www.ilovewines.vn\\\/#organization\"},\"potentialAction\":[{\"@type\":\"SearchAction\",\"target\":{\"@type\":\"EntryPoint\",\"urlTemplate\":\"https:\\\/\\\/www.ilovewines.vn\\\/?s={search_term_string}\"},\"query-input\":{\"@type\":\"PropertyValueSpecification\",\"valueRequired\":true,\"valueName\":\"search_term_string\"}}],\"inLanguage\":\"vi\"},{\"@type\":\"Organization\",\"@id\":\"https:\\\/\\\/www.ilovewines.vn\\\/#organization\",\"name\":\"Rada Wines\",\"url\":\"https:\\\/\\\/www.ilovewines.vn\\\/\",\"logo\":{\"@type\":\"ImageObject\",\"inLanguage\":\"vi\",\"@id\":\"https:\\\/\\\/www.ilovewines.vn\\\/#\\\/schema\\\/logo\\\/image\\\/\",\"url\":\"https:\\\/\\\/www.ilovewines.vn\\\/wp-content\\\/uploads\\\/2022\\\/06\\\/cropped-162574230_380766779846763_4426584222903300096_n.jpg\",\"contentUrl\":\"https:\\\/\\\/www.ilovewines.vn\\\/wp-content\\\/uploads\\\/2022\\\/06\\\/cropped-162574230_380766779846763_4426584222903300096_n.jpg\",\"width\":320,\"height\":206,\"caption\":\"Rada Wines\"},\"image\":{\"@id\":\"https:\\\/\\\/www.ilovewines.vn\\\/#\\\/schema\\\/logo\\\/image\\\/\"}}]}<\/script>\n<!-- \/ Yoast SEO plugin. -->","yoast_head_json":{"title":"Pertaringa Scarecrow Sauvignon Blanc - Rada Wines","robots":{"index":"index","follow":"follow","max-snippet":"max-snippet:-1","max-image-preview":"max-image-preview:large","max-video-preview":"max-video-preview:-1"},"canonical":"https:\/\/www.ilovewines.vn\/vi\/san-pham\/pertaringa-scarecrow-sauvignon-blanc-2020-2021\/","og_locale":"vi_VN","og_type":"article","og_title":"Pertaringa Scarecrow Sauvignon Blanc - Rada Wines","og_description":"Each vintage, the Sauvignon Blanc grapes are the first grapes to ripen in the vineyard. The scarecrow is still used as an effective deterrent to the local grape-loving birds and has also lent its name to our famous Sauvignon Blanc.","og_url":"https:\/\/www.ilovewines.vn\/vi\/san-pham\/pertaringa-scarecrow-sauvignon-blanc-2020-2021\/","og_site_name":"Rada Wines","article_modified_time":"2023-11-22T07:54:55+00:00","og_image":[{"width":308,"height":385,"url":"https:\/\/www.ilovewines.vn\/wp-content\/uploads\/2022\/07\/scarecrow_bottleshot-308x385small_1261696ae4de408f98792201a348c407.jpg","type":"image\/jpeg"}],"twitter_card":"summary_large_image","twitter_misc":{"\u01af\u1edbc t\u00ednh th\u1eddi gian \u0111\u1ecdc":"1 ph\u00fat"},"schema":{"@context":"https:\/\/schema.org","@graph":[{"@type":"WebPage","@id":"https:\/\/www.ilovewines.vn\/product\/pertaringa-scarecrow-sauvignon-blanc-2020-2021\/","url":"https:\/\/www.ilovewines.vn\/product\/pertaringa-scarecrow-sauvignon-blanc-2020-2021\/","name":"Pertaringa Scarecrow Sauvignon Blanc - Rada Wines","isPartOf":{"@id":"https:\/\/www.ilovewines.vn\/#website"},"primaryImageOfPage":{"@id":"https:\/\/www.ilovewines.vn\/product\/pertaringa-scarecrow-sauvignon-blanc-2020-2021\/#primaryimage"},"image":{"@id":"https:\/\/www.ilovewines.vn\/product\/pertaringa-scarecrow-sauvignon-blanc-2020-2021\/#primaryimage"},"thumbnailUrl":"https:\/\/www.ilovewines.vn\/wp-content\/uploads\/2022\/07\/scarecrow_bottleshot-308x385small_1261696ae4de408f98792201a348c407.jpg","datePublished":"2022-07-08T03:32:20+00:00","dateModified":"2023-11-22T07:54:55+00:00","breadcrumb":{"@id":"https:\/\/www.ilovewines.vn\/product\/pertaringa-scarecrow-sauvignon-blanc-2020-2021\/#breadcrumb"},"inLanguage":"vi","potentialAction":[{"@type":"ReadAction","target":["https:\/\/www.ilovewines.vn\/product\/pertaringa-scarecrow-sauvignon-blanc-2020-2021\/"]}]},{"@type":"ImageObject","inLanguage":"vi","@id":"https:\/\/www.ilovewines.vn\/product\/pertaringa-scarecrow-sauvignon-blanc-2020-2021\/#primaryimage","url":"https:\/\/www.ilovewines.vn\/wp-content\/uploads\/2022\/07\/scarecrow_bottleshot-308x385small_1261696ae4de408f98792201a348c407.jpg","contentUrl":"https:\/\/www.ilovewines.vn\/wp-content\/uploads\/2022\/07\/scarecrow_bottleshot-308x385small_1261696ae4de408f98792201a348c407.jpg","width":308,"height":385},{"@type":"BreadcrumbList","@id":"https:\/\/www.ilovewines.vn\/product\/pertaringa-scarecrow-sauvignon-blanc-2020-2021\/#breadcrumb","itemListElement":[{"@type":"ListItem","position":1,"name":"Home","item":"https:\/\/www.ilovewines.vn\/"},{"@type":"ListItem","position":2,"name":"Catalogue","item":"https:\/\/www.ilovewines.vn\/catalogue\/"},{"@type":"ListItem","position":3,"name":"Pertaringa Scarecrow Sauvignon Blanc"}]},{"@type":"WebSite","@id":"https:\/\/www.ilovewines.vn\/#website","url":"https:\/\/www.ilovewines.vn\/","name":"Rada Wines","description":"Just another WordPress site","publisher":{"@id":"https:\/\/www.ilovewines.vn\/#organization"},"potentialAction":[{"@type":"SearchAction","target":{"@type":"EntryPoint","urlTemplate":"https:\/\/www.ilovewines.vn\/?s={search_term_string}"},"query-input":{"@type":"PropertyValueSpecification","valueRequired":true,"valueName":"search_term_string"}}],"inLanguage":"vi"},{"@type":"Organization","@id":"https:\/\/www.ilovewines.vn\/#organization","name":"Rada Wines","url":"https:\/\/www.ilovewines.vn\/","logo":{"@type":"ImageObject","inLanguage":"vi","@id":"https:\/\/www.ilovewines.vn\/#\/schema\/logo\/image\/","url":"https:\/\/www.ilovewines.vn\/wp-content\/uploads\/2022\/06\/cropped-162574230_380766779846763_4426584222903300096_n.jpg","contentUrl":"https:\/\/www.ilovewines.vn\/wp-content\/uploads\/2022\/06\/cropped-162574230_380766779846763_4426584222903300096_n.jpg","width":320,"height":206,"caption":"Rada Wines"},"image":{"@id":"https:\/\/www.ilovewines.vn\/#\/schema\/logo\/image\/"}}]}},"_links":{"self":[{"href":"https:\/\/www.ilovewines.vn\/vi\/wp-json\/wp\/v2\/product\/2164","targetHints":{"allow":["GET"]}}],"collection":[{"href":"https:\/\/www.ilovewines.vn\/vi\/wp-json\/wp\/v2\/product"}],"about":[{"href":"https:\/\/www.ilovewines.vn\/vi\/wp-json\/wp\/v2\/types\/product"}],"version-history":[{"count":1,"href":"https:\/\/www.ilovewines.vn\/vi\/wp-json\/wp\/v2\/product\/2164\/revisions"}],"predecessor-version":[{"id":4178,"href":"https:\/\/www.ilovewines.vn\/vi\/wp-json\/wp\/v2\/product\/2164\/revisions\/4178"}],"wp:featuredmedia":[{"embeddable":true,"href":"https:\/\/www.ilovewines.vn\/vi\/wp-json\/wp\/v2\/media\/2163"}],"wp:attachment":[{"href":"https:\/\/www.ilovewines.vn\/vi\/wp-json\/wp\/v2\/media?parent=2164"}],"wp:term":[{"taxonomy":"product_brand","embeddable":true,"href":"https:\/\/www.ilovewines.vn\/vi\/wp-json\/wp\/v2\/product_brand?post=2164"},{"taxonomy":"product_cat","embeddable":true,"href":"https:\/\/www.ilovewines.vn\/vi\/wp-json\/wp\/v2\/product_cat?post=2164"},{"taxonomy":"product_tag","embeddable":true,"href":"https:\/\/www.ilovewines.vn\/vi\/wp-json\/wp\/v2\/product_tag?post=2164"},{"taxonomy":"grape_varietal","embeddable":true,"href":"https:\/\/www.ilovewines.vn\/vi\/wp-json\/wp\/v2\/grape_varietal?post=2164"},{"taxonomy":"wine_regions","embeddable":true,"href":"https:\/\/www.ilovewines.vn\/vi\/wp-json\/wp\/v2\/wine_regions?post=2164"}],"curies":[{"name":"wp","href":"https:\/\/api.w.org\/{rel}","templated":true}]}}