{"id":2166,"date":"2022-07-07T21:32:23","date_gmt":"2022-07-08T03:32:23","guid":{"rendered":"https:\/\/www.ilovewines.vn\/product\/pertaringa-rifle-hunt-cabernet-sauvignon-2017\/"},"modified":"2023-11-22T00:53:44","modified_gmt":"2023-11-22T07:53:44","slug":"pertaringa-rifle-hunt-cabernet-sauvignon-2017","status":"publish","type":"product","link":"https:\/\/www.ilovewines.vn\/vi\/product\/pertaringa-rifle-hunt-cabernet-sauvignon-2017\/","title":{"rendered":"Pertaringa Rifle &#038; Hunt Cabernet Sauvignon"},"content":{"rendered":"<p><strong>Th\u01b0\u1edfng th\u1ee9c<\/strong><\/p>\n<p><strong>Kh\u1ee9u gi\u00e1c<\/strong>: M\u00f9i v\u1ecb th\u01a1m n\u1ed3ng v\u00e0 ph\u1ee9c t\u1ea1p v\u1edbi s\u1ef1 k\u1ebft h\u1ee3p c\u1ee7a c\u00e2y ph\u00fac b\u1ed3n t\u1eed \u0111en, c\u00e2y ph\u00fac b\u1ed3n t\u1eed \u0111\u1ecf, th\u1ea3o m\u1ed9c v\u00e0 m\u1ed9t ch\u00fat h\u01b0\u01a1ng r\u1eebng.<\/p>\n<p><strong>V\u1ecb gi\u00e1c<\/strong>H\u01b0\u01a1ng v\u1ecb \u0111\u1eadm \u0111\u00e0 k\u1ebft h\u1ee3p v\u1edbi v\u1ecb ng\u1ecdt quy\u1ebfn r\u0169 c\u1ee7a qu\u1ea3 m\u1ecdng \u0111\u1ecf v\u00e0 k\u1ebft th\u00fac v\u1edbi h\u01b0\u01a1ng v\u1ecb c\u00f4 \u0111\u1ecdng trong kho\u1ea3ng th\u1eddi gian d\u00e0i.<\/p>\n<p><strong>\u1ea8m th\u1ef1c \u0111i k\u00e8m:<\/strong>\u00a0H\u00e3y d\u00f9ng th\u1eed v\u1edbi m\u00f3n th\u1ecbt c\u1eebu n\u1ea5u ch\u00edn ch\u1eadm v\u1edbi khoai t\u00e2y nghi\u1ec1n t\u1ea9m n\u1ea5m truffle.<\/p>\n<p><strong>Qu\u00e1 tr\u00ecnh \u1ee7 trong th\u00f9ng g\u1ed7 s\u1ed3i<\/strong>: 30% g\u1ed7 s\u1ed3i Ph\u00e1p m\u1edbi trong 20 th\u00e1ng<\/p>\n<p><strong>C\u1ea5t tr\u1eef:<\/strong>: U\u1ed1ng ngay ho\u1eb7c \u0111\u1ebfn n\u0103m 2027<\/p>\n<p><strong>C\u00e2u chuy\u1ec7n:<\/strong>\u00a0Rifle and Hunt nghe c\u00f3 v\u1ebb gi\u1ed1ng nh\u01b0 ph\u1ea7n \u0111\u1ea7u c\u1ee7a c\u00e2u chuy\u1ec7n t\u1eeb m\u1ed9t cu\u1ed9c th\u00e1m hi\u1ec3m s\u0103n b\u1eafn ban \u0111\u1ea7u, nh\u01b0ng c\u00e2u chuy\u1ec7n th\u1ef1c s\u1ef1 kh\u00f4ng ph\u1ee9c t\u1ea1p nh\u01b0 v\u1eady. N\u00f3 gi\u1ed1ng nh\u01b0 ch\u1ec9 \u0111\u01b0\u1eddng h\u01a1n l\u00e0 m\u1ed9t c\u00e1i t\u00ean, v\u1edbi khu \u0111\u1ea5t Pertaringa n\u1eb1m \u1edf g\u00f3c ph\u1ed1 Rifle Range v\u00e0 Hunt Roads \u1edf McLaren Vale.<\/p>\n<p><strong>Ni\u00ean v\u1ee5<\/strong>: M\u00f9a xu\u00e2n v\u00e0 m\u00f9a h\u1ea1 c\u1ee7a m\u00f9a v\u1ee5 n\u00e0y b\u1ed7ng nhi\u00ean m\u00e1t m\u1ebb h\u01a1n b\u00ecnh th\u01b0\u1eddng, v\u1edbi l\u01b0\u1ee3ng m\u01b0a cao h\u01a1n trung b\u00ecnh, v\u1eady n\u00ean, ni\u00ean v\u1ee5 2017 cu\u1ed1i c\u00f9ng \u0111\u00e3 kh\u1edfi \u0111\u1ed9ng h\u01a1i tr\u1ec5. S\u1ef1 k\u1ebft h\u1ee3p t\u1eeb nh\u1eefng y\u1ebfu t\u1ed1 n\u00e0y v\u00e0 th\u1eddi ti\u1ebft kh\u00f4 hanh xuy\u00ean su\u1ed1t m\u00f9a v\u1ee5, \u0111\u00e3 cho ra n\u0103ng su\u1ea5t nho cao h\u01a1n v\u1edbi ch\u1ea5t l\u01b0\u1ee3ng tuy\u1ec7t v\u1eddi trong kh\u1eafp v\u00f9ng nho.<\/p>\n<table cellspacing=\"0\">\n<tbody>\n<tr>\n<td>\u0110\u1ed9 c\u1ed3n: 15%<\/td>\n<td>Axit: 7.51g\/L<\/td>\n<\/tr>\n<tr>\n<td>\u0110\u1ed9 pH:\u00a03.32<\/td>\n<td>\u0110\u01b0\u1eddng d\u01b0: 2.6g\/L<\/td>\n<\/tr>\n<\/tbody>\n<\/table>\n<p><strong>Gi\u1ea3i th\u01b0\u1edfng<\/strong>: 96 \u0111i\u1ec3m T\u1ea1p ch\u00ed Wine Showcase, 95 \u0111i\u1ec3m Sam Kim, 92 \u0111i\u1ec3m James Halliday<\/p>","protected":false},"excerpt":{"rendered":"<p>96 \u0111i\u1ec3m \u2013 T\u1ea1p ch\u00ed WIne Showcase<\/p>","protected":false},"featured_media":2165,"template":"","meta":{"_acf_changed":false},"product_brand":[],"product_cat":[2640,87],"product_tag":[],"grape_varietal":[2467],"wine_regions":[2422],"class_list":{"0":"post-2166","1":"product","2":"type-product","3":"status-publish","4":"has-post-thumbnail","6":"product_cat-catalogue","7":"product_cat-red-wine","8":"pa_brand-pertaringa","9":"grape_varietal-cabernet-sauvignon","10":"wine_regions-mclaren-vale","12":"first","13":"instock","14":"shipping-taxable","15":"product-type-simple"},"acf":[],"yoast_head":"<!-- This site is optimized with the Yoast SEO plugin v27.1.1 - https:\/\/yoast.com\/product\/yoast-seo-wordpress\/ -->\n<title>Pertaringa Rifle &amp; Hunt Cabernet Sauvignon - Rada Wines<\/title>\n<meta name=\"robots\" content=\"index, follow, max-snippet:-1, max-image-preview:large, max-video-preview:-1\" \/>\n<link rel=\"canonical\" href=\"https:\/\/www.ilovewines.vn\/vi\/san-pham\/pertaringa-rifle-hunt-cabernet-sauvignon-2017\/\" \/>\n<meta property=\"og:locale\" content=\"vi_VN\" \/>\n<meta property=\"og:type\" content=\"article\" \/>\n<meta property=\"og:title\" content=\"Pertaringa Rifle &amp; Hunt Cabernet Sauvignon - Rada Wines\" \/>\n<meta property=\"og:description\" content=\"96 points - Wine Showcase\" \/>\n<meta property=\"og:url\" content=\"https:\/\/www.ilovewines.vn\/vi\/san-pham\/pertaringa-rifle-hunt-cabernet-sauvignon-2017\/\" \/>\n<meta property=\"og:site_name\" content=\"Rada Wines\" \/>\n<meta property=\"article:modified_time\" content=\"2023-11-22T07:53:44+00:00\" \/>\n<meta property=\"og:image\" content=\"https:\/\/www.ilovewines.vn\/wp-content\/uploads\/2022\/07\/2017-pertaringa-rifle-_-hunt-cabernet_transparent_0b721208edd34cf1a42712a571d47019.png\" \/>\n\t<meta property=\"og:image:width\" content=\"1260\" \/>\n\t<meta property=\"og:image:height\" content=\"1534\" \/>\n\t<meta property=\"og:image:type\" content=\"image\/png\" \/>\n<meta name=\"twitter:card\" content=\"summary_large_image\" \/>\n<meta name=\"twitter:label1\" content=\"\u01af\u1edbc t\u00ednh th\u1eddi gian \u0111\u1ecdc\" \/>\n\t<meta name=\"twitter:data1\" content=\"1 ph\u00fat\" \/>\n<script type=\"application\/ld+json\" class=\"yoast-schema-graph\">{\"@context\":\"https:\/\/schema.org\",\"@graph\":[{\"@type\":\"WebPage\",\"@id\":\"https:\/\/www.ilovewines.vn\/product\/pertaringa-rifle-hunt-cabernet-sauvignon-2017\/\",\"url\":\"https:\/\/www.ilovewines.vn\/product\/pertaringa-rifle-hunt-cabernet-sauvignon-2017\/\",\"name\":\"Pertaringa Rifle & Hunt Cabernet Sauvignon - Rada Wines\",\"isPartOf\":{\"@id\":\"https:\/\/www.ilovewines.vn\/#website\"},\"primaryImageOfPage\":{\"@id\":\"https:\/\/www.ilovewines.vn\/product\/pertaringa-rifle-hunt-cabernet-sauvignon-2017\/#primaryimage\"},\"image\":{\"@id\":\"https:\/\/www.ilovewines.vn\/product\/pertaringa-rifle-hunt-cabernet-sauvignon-2017\/#primaryimage\"},\"thumbnailUrl\":\"https:\/\/www.ilovewines.vn\/wp-content\/uploads\/2022\/07\/2017-pertaringa-rifle-_-hunt-cabernet_transparent_0b721208edd34cf1a42712a571d47019.png\",\"datePublished\":\"2022-07-08T03:32:23+00:00\",\"dateModified\":\"2023-11-22T07:53:44+00:00\",\"breadcrumb\":{\"@id\":\"https:\/\/www.ilovewines.vn\/product\/pertaringa-rifle-hunt-cabernet-sauvignon-2017\/#breadcrumb\"},\"inLanguage\":\"vi\",\"potentialAction\":[{\"@type\":\"ReadAction\",\"target\":[\"https:\/\/www.ilovewines.vn\/product\/pertaringa-rifle-hunt-cabernet-sauvignon-2017\/\"]}]},{\"@type\":\"ImageObject\",\"inLanguage\":\"vi\",\"@id\":\"https:\/\/www.ilovewines.vn\/product\/pertaringa-rifle-hunt-cabernet-sauvignon-2017\/#primaryimage\",\"url\":\"https:\/\/www.ilovewines.vn\/wp-content\/uploads\/2022\/07\/2017-pertaringa-rifle-_-hunt-cabernet_transparent_0b721208edd34cf1a42712a571d47019.png\",\"contentUrl\":\"https:\/\/www.ilovewines.vn\/wp-content\/uploads\/2022\/07\/2017-pertaringa-rifle-_-hunt-cabernet_transparent_0b721208edd34cf1a42712a571d47019.png\",\"width\":1260,\"height\":1534},{\"@type\":\"BreadcrumbList\",\"@id\":\"https:\/\/www.ilovewines.vn\/product\/pertaringa-rifle-hunt-cabernet-sauvignon-2017\/#breadcrumb\",\"itemListElement\":[{\"@type\":\"ListItem\",\"position\":1,\"name\":\"Home\",\"item\":\"https:\/\/www.ilovewines.vn\/\"},{\"@type\":\"ListItem\",\"position\":2,\"name\":\"Catalogue\",\"item\":\"https:\/\/www.ilovewines.vn\/catalogue\/\"},{\"@type\":\"ListItem\",\"position\":3,\"name\":\"Pertaringa Rifle &#038; Hunt Cabernet Sauvignon\"}]},{\"@type\":\"WebSite\",\"@id\":\"https:\/\/www.ilovewines.vn\/#website\",\"url\":\"https:\/\/www.ilovewines.vn\/\",\"name\":\"Rada Wines\",\"description\":\"Just another WordPress site\",\"publisher\":{\"@id\":\"https:\/\/www.ilovewines.vn\/#organization\"},\"potentialAction\":[{\"@type\":\"SearchAction\",\"target\":{\"@type\":\"EntryPoint\",\"urlTemplate\":\"https:\/\/www.ilovewines.vn\/?s={search_term_string}\"},\"query-input\":{\"@type\":\"PropertyValueSpecification\",\"valueRequired\":true,\"valueName\":\"search_term_string\"}}],\"inLanguage\":\"vi\"},{\"@type\":\"Organization\",\"@id\":\"https:\/\/www.ilovewines.vn\/#organization\",\"name\":\"Rada Wines\",\"url\":\"https:\/\/www.ilovewines.vn\/\",\"logo\":{\"@type\":\"ImageObject\",\"inLanguage\":\"vi\",\"@id\":\"https:\/\/www.ilovewines.vn\/#\/schema\/logo\/image\/\",\"url\":\"https:\/\/www.ilovewines.vn\/wp-content\/uploads\/2022\/06\/cropped-162574230_380766779846763_4426584222903300096_n.jpg\",\"contentUrl\":\"https:\/\/www.ilovewines.vn\/wp-content\/uploads\/2022\/06\/cropped-162574230_380766779846763_4426584222903300096_n.jpg\",\"width\":320,\"height\":206,\"caption\":\"Rada Wines\"},\"image\":{\"@id\":\"https:\/\/www.ilovewines.vn\/#\/schema\/logo\/image\/\"}}]}<\/script>\n<!-- \/ Yoast SEO plugin. -->","yoast_head_json":{"title":"Pertaringa Rifle & Hunt Cabernet Sauvignon - Rada Wines","robots":{"index":"index","follow":"follow","max-snippet":"max-snippet:-1","max-image-preview":"max-image-preview:large","max-video-preview":"max-video-preview:-1"},"canonical":"https:\/\/www.ilovewines.vn\/vi\/san-pham\/pertaringa-rifle-hunt-cabernet-sauvignon-2017\/","og_locale":"vi_VN","og_type":"article","og_title":"Pertaringa Rifle & Hunt Cabernet Sauvignon - Rada Wines","og_description":"96 points - Wine Showcase","og_url":"https:\/\/www.ilovewines.vn\/vi\/san-pham\/pertaringa-rifle-hunt-cabernet-sauvignon-2017\/","og_site_name":"Rada Wines","article_modified_time":"2023-11-22T07:53:44+00:00","og_image":[{"width":1260,"height":1534,"url":"https:\/\/www.ilovewines.vn\/wp-content\/uploads\/2022\/07\/2017-pertaringa-rifle-_-hunt-cabernet_transparent_0b721208edd34cf1a42712a571d47019.png","type":"image\/png"}],"twitter_card":"summary_large_image","twitter_misc":{"\u01af\u1edbc t\u00ednh th\u1eddi gian \u0111\u1ecdc":"1 ph\u00fat"},"schema":{"@context":"https:\/\/schema.org","@graph":[{"@type":"WebPage","@id":"https:\/\/www.ilovewines.vn\/product\/pertaringa-rifle-hunt-cabernet-sauvignon-2017\/","url":"https:\/\/www.ilovewines.vn\/product\/pertaringa-rifle-hunt-cabernet-sauvignon-2017\/","name":"Pertaringa Rifle & Hunt Cabernet Sauvignon - Rada Wines","isPartOf":{"@id":"https:\/\/www.ilovewines.vn\/#website"},"primaryImageOfPage":{"@id":"https:\/\/www.ilovewines.vn\/product\/pertaringa-rifle-hunt-cabernet-sauvignon-2017\/#primaryimage"},"image":{"@id":"https:\/\/www.ilovewines.vn\/product\/pertaringa-rifle-hunt-cabernet-sauvignon-2017\/#primaryimage"},"thumbnailUrl":"https:\/\/www.ilovewines.vn\/wp-content\/uploads\/2022\/07\/2017-pertaringa-rifle-_-hunt-cabernet_transparent_0b721208edd34cf1a42712a571d47019.png","datePublished":"2022-07-08T03:32:23+00:00","dateModified":"2023-11-22T07:53:44+00:00","breadcrumb":{"@id":"https:\/\/www.ilovewines.vn\/product\/pertaringa-rifle-hunt-cabernet-sauvignon-2017\/#breadcrumb"},"inLanguage":"vi","potentialAction":[{"@type":"ReadAction","target":["https:\/\/www.ilovewines.vn\/product\/pertaringa-rifle-hunt-cabernet-sauvignon-2017\/"]}]},{"@type":"ImageObject","inLanguage":"vi","@id":"https:\/\/www.ilovewines.vn\/product\/pertaringa-rifle-hunt-cabernet-sauvignon-2017\/#primaryimage","url":"https:\/\/www.ilovewines.vn\/wp-content\/uploads\/2022\/07\/2017-pertaringa-rifle-_-hunt-cabernet_transparent_0b721208edd34cf1a42712a571d47019.png","contentUrl":"https:\/\/www.ilovewines.vn\/wp-content\/uploads\/2022\/07\/2017-pertaringa-rifle-_-hunt-cabernet_transparent_0b721208edd34cf1a42712a571d47019.png","width":1260,"height":1534},{"@type":"BreadcrumbList","@id":"https:\/\/www.ilovewines.vn\/product\/pertaringa-rifle-hunt-cabernet-sauvignon-2017\/#breadcrumb","itemListElement":[{"@type":"ListItem","position":1,"name":"Home","item":"https:\/\/www.ilovewines.vn\/"},{"@type":"ListItem","position":2,"name":"Catalogue","item":"https:\/\/www.ilovewines.vn\/catalogue\/"},{"@type":"ListItem","position":3,"name":"Pertaringa Rifle &#038; Hunt Cabernet Sauvignon"}]},{"@type":"WebSite","@id":"https:\/\/www.ilovewines.vn\/#website","url":"https:\/\/www.ilovewines.vn\/","name":"Rada Wines","description":"Just another WordPress site","publisher":{"@id":"https:\/\/www.ilovewines.vn\/#organization"},"potentialAction":[{"@type":"SearchAction","target":{"@type":"EntryPoint","urlTemplate":"https:\/\/www.ilovewines.vn\/?s={search_term_string}"},"query-input":{"@type":"PropertyValueSpecification","valueRequired":true,"valueName":"search_term_string"}}],"inLanguage":"vi"},{"@type":"Organization","@id":"https:\/\/www.ilovewines.vn\/#organization","name":"Rada Wines","url":"https:\/\/www.ilovewines.vn\/","logo":{"@type":"ImageObject","inLanguage":"vi","@id":"https:\/\/www.ilovewines.vn\/#\/schema\/logo\/image\/","url":"https:\/\/www.ilovewines.vn\/wp-content\/uploads\/2022\/06\/cropped-162574230_380766779846763_4426584222903300096_n.jpg","contentUrl":"https:\/\/www.ilovewines.vn\/wp-content\/uploads\/2022\/06\/cropped-162574230_380766779846763_4426584222903300096_n.jpg","width":320,"height":206,"caption":"Rada Wines"},"image":{"@id":"https:\/\/www.ilovewines.vn\/#\/schema\/logo\/image\/"}}]}},"_links":{"self":[{"href":"https:\/\/www.ilovewines.vn\/vi\/wp-json\/wp\/v2\/product\/2166","targetHints":{"allow":["GET"]}}],"collection":[{"href":"https:\/\/www.ilovewines.vn\/vi\/wp-json\/wp\/v2\/product"}],"about":[{"href":"https:\/\/www.ilovewines.vn\/vi\/wp-json\/wp\/v2\/types\/product"}],"version-history":[{"count":1,"href":"https:\/\/www.ilovewines.vn\/vi\/wp-json\/wp\/v2\/product\/2166\/revisions"}],"predecessor-version":[{"id":4194,"href":"https:\/\/www.ilovewines.vn\/vi\/wp-json\/wp\/v2\/product\/2166\/revisions\/4194"}],"wp:featuredmedia":[{"embeddable":true,"href":"https:\/\/www.ilovewines.vn\/vi\/wp-json\/wp\/v2\/media\/2165"}],"wp:attachment":[{"href":"https:\/\/www.ilovewines.vn\/vi\/wp-json\/wp\/v2\/media?parent=2166"}],"wp:term":[{"taxonomy":"product_brand","embeddable":true,"href":"https:\/\/www.ilovewines.vn\/vi\/wp-json\/wp\/v2\/product_brand?post=2166"},{"taxonomy":"product_cat","embeddable":true,"href":"https:\/\/www.ilovewines.vn\/vi\/wp-json\/wp\/v2\/product_cat?post=2166"},{"taxonomy":"product_tag","embeddable":true,"href":"https:\/\/www.ilovewines.vn\/vi\/wp-json\/wp\/v2\/product_tag?post=2166"},{"taxonomy":"grape_varietal","embeddable":true,"href":"https:\/\/www.ilovewines.vn\/vi\/wp-json\/wp\/v2\/grape_varietal?post=2166"},{"taxonomy":"wine_regions","embeddable":true,"href":"https:\/\/www.ilovewines.vn\/vi\/wp-json\/wp\/v2\/wine_regions?post=2166"}],"curies":[{"name":"wp","href":"https:\/\/api.w.org\/{rel}","templated":true}]}}