{"id":2170,"date":"2022-07-07T21:32:23","date_gmt":"2022-07-08T03:32:23","guid":{"rendered":"https:\/\/www.ilovewines.vn\/product\/paxton-organic-rose-2019\/"},"modified":"2023-07-12T20:47:16","modified_gmt":"2023-07-13T02:47:16","slug":"paxton-organic-rose-2021","status":"publish","type":"product","link":"https:\/\/www.ilovewines.vn\/vi\/product\/paxton-organic-rose-2021\/","title":{"rendered":"Paxton Organic Ros\u00e9"},"content":{"rendered":"<p>Vang h\u1ed3ng Paxton Ros\u00e9 2021 l\u00e0 s\u1ef1 k\u1ebft h\u1ee3p gi\u1eefa 2 gi\u1ed1ng nho Shiraz v\u00e0 Grenache, \u0111\u01b0\u1ee3c nu\u00f4i tr\u1ed3ng t\u1eeb ch\u01b0\u01a1ng tr\u00ecnh \"smart farming\" (\"nu\u00f4i tr\u1ed3ng th\u00f4ng minh\") c\u1ee7a Paxton, t\u1eadp trung ch\u1ee7 y\u1ebfu v\u00e0o ch\u1ea5t l\u01b0\u1ee3ng \u0111\u1ea5t tr\u1ed3ng v\u00e0 m\u1ee9c \u0111\u1ed9 \u0111a d\u1ea1ng sinh h\u1ecdc. V\u00ec v\u1eady, c\u00e1c v\u01b0\u1eddn nho n\u00e0y \u0111\u00e3 cho ra c\u00e1c tr\u00e1i nho r\u1ea5t b\u00f3ng kh\u1ecfe. Richard Freebairn \u0111\u00e3 s\u00e1ng t\u1ea1o ra Paxton Ros\u00e9 v\u1edbi m\u1ee5c \u0111\u00edch khi\u1ebfn cho lo\u1ea1i vang n\u00e0y mang h\u01b0\u01a1ng v\u1ecb s\u1eafc n\u00e9t, phong ph\u00fa v\u00e0 t\u01b0\u01a1i m\u00e1t. \u0110\u1eb7c bi\u1ec7t, Paxton Ros\u00e9 c\u00f2n mang l\u1ea1i h\u01b0\u01a1ng th\u01a1m n\u1ed3ng n\u00e0n c\u1ee7a c\u00e1nh hoa h\u1ed3ng v\u00e0 qu\u1ea3 m\u00e2m x\u00f4i.<\/p>\n<div class=\"woocommerce-product-details__short-description\">\n<p>H\u00e3y th\u01b0\u1edfng th\u1ee9c r\u01b0\u1ee3u vang h\u1ed3ng Paxton Ros\u00e9 2017 sau khi s\u1ea3n ph\u1ea9m \u0111\u00e3 \u0111\u01b0\u1ee3c \u01b0\u1edbp l\u1ea1nh trong ng\u0103n m\u00e1t.<\/p>\n<\/div>","protected":false},"excerpt":{"rendered":"<p>R\u01b0\u1ee3u vang h\u1ed3ng pha tr\u1ed9n t\u1eeb hai lo\u1ea1i nho Shiraz &amp; Grenache<\/p>","protected":false},"featured_media":2169,"template":"","meta":{"_acf_changed":false},"product_brand":[],"product_cat":[2640,88],"product_tag":[],"grape_varietal":[2616,2615],"wine_regions":[2422],"class_list":{"0":"post-2170","1":"product","2":"type-product","3":"status-publish","4":"has-post-thumbnail","6":"product_cat-catalogue","7":"product_cat-rose","8":"pa_brand-paxton","9":"grape_varietal-grenache-rose","10":"grape_varietal-shiraz-rose","11":"wine_regions-mclaren-vale","13":"first","14":"instock","15":"shipping-taxable","16":"product-type-simple"},"acf":[],"yoast_head":"<!-- This site is optimized with the Yoast SEO plugin v27.4 - https:\/\/yoast.com\/product\/yoast-seo-wordpress\/ -->\n<title>Paxton Organic Ros\u00e9 - Rada Wines<\/title>\n<meta name=\"robots\" content=\"index, follow, max-snippet:-1, max-image-preview:large, max-video-preview:-1\" \/>\n<link rel=\"canonical\" href=\"https:\/\/www.ilovewines.vn\/vi\/san-pham\/paxton-organic-rose-2021\/\" \/>\n<meta property=\"og:locale\" content=\"vi_VN\" \/>\n<meta property=\"og:type\" content=\"article\" \/>\n<meta property=\"og:title\" content=\"Paxton Organic Ros\u00e9 - Rada Wines\" \/>\n<meta property=\"og:description\" content=\"A BIG Shiraz and Grenache blended Rose.\" \/>\n<meta property=\"og:url\" content=\"https:\/\/www.ilovewines.vn\/vi\/san-pham\/paxton-organic-rose-2021\/\" \/>\n<meta property=\"og:site_name\" content=\"Rada Wines\" \/>\n<meta property=\"article:modified_time\" content=\"2023-07-13T02:47:16+00:00\" \/>\n<meta property=\"og:image\" content=\"https:\/\/www.ilovewines.vn\/wp-content\/uploads\/2022\/07\/2019-paxton-rose-308x385small_f6506ba5de9b4b9fa2116eb9a2d9a876.jpg\" \/>\n\t<meta property=\"og:image:width\" content=\"308\" \/>\n\t<meta property=\"og:image:height\" content=\"385\" \/>\n\t<meta property=\"og:image:type\" content=\"image\/jpeg\" \/>\n<meta name=\"twitter:card\" content=\"summary_large_image\" \/>\n<script type=\"application\/ld+json\" class=\"yoast-schema-graph\">{\"@context\":\"https:\\\/\\\/schema.org\",\"@graph\":[{\"@type\":\"WebPage\",\"@id\":\"https:\\\/\\\/www.ilovewines.vn\\\/product\\\/paxton-organic-rose-2021\\\/\",\"url\":\"https:\\\/\\\/www.ilovewines.vn\\\/product\\\/paxton-organic-rose-2021\\\/\",\"name\":\"Paxton Organic Ros\u00e9 - Rada Wines\",\"isPartOf\":{\"@id\":\"https:\\\/\\\/www.ilovewines.vn\\\/#website\"},\"primaryImageOfPage\":{\"@id\":\"https:\\\/\\\/www.ilovewines.vn\\\/product\\\/paxton-organic-rose-2021\\\/#primaryimage\"},\"image\":{\"@id\":\"https:\\\/\\\/www.ilovewines.vn\\\/product\\\/paxton-organic-rose-2021\\\/#primaryimage\"},\"thumbnailUrl\":\"https:\\\/\\\/www.ilovewines.vn\\\/wp-content\\\/uploads\\\/2022\\\/07\\\/2019-paxton-rose-308x385small_f6506ba5de9b4b9fa2116eb9a2d9a876.jpg\",\"datePublished\":\"2022-07-08T03:32:23+00:00\",\"dateModified\":\"2023-07-13T02:47:16+00:00\",\"breadcrumb\":{\"@id\":\"https:\\\/\\\/www.ilovewines.vn\\\/product\\\/paxton-organic-rose-2021\\\/#breadcrumb\"},\"inLanguage\":\"vi\",\"potentialAction\":[{\"@type\":\"ReadAction\",\"target\":[\"https:\\\/\\\/www.ilovewines.vn\\\/product\\\/paxton-organic-rose-2021\\\/\"]}]},{\"@type\":\"ImageObject\",\"inLanguage\":\"vi\",\"@id\":\"https:\\\/\\\/www.ilovewines.vn\\\/product\\\/paxton-organic-rose-2021\\\/#primaryimage\",\"url\":\"https:\\\/\\\/www.ilovewines.vn\\\/wp-content\\\/uploads\\\/2022\\\/07\\\/2019-paxton-rose-308x385small_f6506ba5de9b4b9fa2116eb9a2d9a876.jpg\",\"contentUrl\":\"https:\\\/\\\/www.ilovewines.vn\\\/wp-content\\\/uploads\\\/2022\\\/07\\\/2019-paxton-rose-308x385small_f6506ba5de9b4b9fa2116eb9a2d9a876.jpg\",\"width\":308,\"height\":385},{\"@type\":\"BreadcrumbList\",\"@id\":\"https:\\\/\\\/www.ilovewines.vn\\\/product\\\/paxton-organic-rose-2021\\\/#breadcrumb\",\"itemListElement\":[{\"@type\":\"ListItem\",\"position\":1,\"name\":\"Home\",\"item\":\"https:\\\/\\\/www.ilovewines.vn\\\/\"},{\"@type\":\"ListItem\",\"position\":2,\"name\":\"Catalogue\",\"item\":\"https:\\\/\\\/www.ilovewines.vn\\\/catalogue\\\/\"},{\"@type\":\"ListItem\",\"position\":3,\"name\":\"Paxton Organic Ros\u00e9\"}]},{\"@type\":\"WebSite\",\"@id\":\"https:\\\/\\\/www.ilovewines.vn\\\/#website\",\"url\":\"https:\\\/\\\/www.ilovewines.vn\\\/\",\"name\":\"Rada Wines\",\"description\":\"Just another WordPress site\",\"publisher\":{\"@id\":\"https:\\\/\\\/www.ilovewines.vn\\\/#organization\"},\"potentialAction\":[{\"@type\":\"SearchAction\",\"target\":{\"@type\":\"EntryPoint\",\"urlTemplate\":\"https:\\\/\\\/www.ilovewines.vn\\\/?s={search_term_string}\"},\"query-input\":{\"@type\":\"PropertyValueSpecification\",\"valueRequired\":true,\"valueName\":\"search_term_string\"}}],\"inLanguage\":\"vi\"},{\"@type\":\"Organization\",\"@id\":\"https:\\\/\\\/www.ilovewines.vn\\\/#organization\",\"name\":\"Rada Wines\",\"url\":\"https:\\\/\\\/www.ilovewines.vn\\\/\",\"logo\":{\"@type\":\"ImageObject\",\"inLanguage\":\"vi\",\"@id\":\"https:\\\/\\\/www.ilovewines.vn\\\/#\\\/schema\\\/logo\\\/image\\\/\",\"url\":\"https:\\\/\\\/www.ilovewines.vn\\\/wp-content\\\/uploads\\\/2022\\\/06\\\/cropped-162574230_380766779846763_4426584222903300096_n.jpg\",\"contentUrl\":\"https:\\\/\\\/www.ilovewines.vn\\\/wp-content\\\/uploads\\\/2022\\\/06\\\/cropped-162574230_380766779846763_4426584222903300096_n.jpg\",\"width\":320,\"height\":206,\"caption\":\"Rada Wines\"},\"image\":{\"@id\":\"https:\\\/\\\/www.ilovewines.vn\\\/#\\\/schema\\\/logo\\\/image\\\/\"}}]}<\/script>\n<!-- \/ Yoast SEO plugin. -->","yoast_head_json":{"title":"Paxton Organic Ros\u00e9 - Rada Wines","robots":{"index":"index","follow":"follow","max-snippet":"max-snippet:-1","max-image-preview":"max-image-preview:large","max-video-preview":"max-video-preview:-1"},"canonical":"https:\/\/www.ilovewines.vn\/vi\/san-pham\/paxton-organic-rose-2021\/","og_locale":"vi_VN","og_type":"article","og_title":"Paxton Organic Ros\u00e9 - Rada Wines","og_description":"A BIG Shiraz and Grenache blended Rose.","og_url":"https:\/\/www.ilovewines.vn\/vi\/san-pham\/paxton-organic-rose-2021\/","og_site_name":"Rada Wines","article_modified_time":"2023-07-13T02:47:16+00:00","og_image":[{"width":308,"height":385,"url":"https:\/\/www.ilovewines.vn\/wp-content\/uploads\/2022\/07\/2019-paxton-rose-308x385small_f6506ba5de9b4b9fa2116eb9a2d9a876.jpg","type":"image\/jpeg"}],"twitter_card":"summary_large_image","schema":{"@context":"https:\/\/schema.org","@graph":[{"@type":"WebPage","@id":"https:\/\/www.ilovewines.vn\/product\/paxton-organic-rose-2021\/","url":"https:\/\/www.ilovewines.vn\/product\/paxton-organic-rose-2021\/","name":"Paxton Organic Ros\u00e9 - Rada Wines","isPartOf":{"@id":"https:\/\/www.ilovewines.vn\/#website"},"primaryImageOfPage":{"@id":"https:\/\/www.ilovewines.vn\/product\/paxton-organic-rose-2021\/#primaryimage"},"image":{"@id":"https:\/\/www.ilovewines.vn\/product\/paxton-organic-rose-2021\/#primaryimage"},"thumbnailUrl":"https:\/\/www.ilovewines.vn\/wp-content\/uploads\/2022\/07\/2019-paxton-rose-308x385small_f6506ba5de9b4b9fa2116eb9a2d9a876.jpg","datePublished":"2022-07-08T03:32:23+00:00","dateModified":"2023-07-13T02:47:16+00:00","breadcrumb":{"@id":"https:\/\/www.ilovewines.vn\/product\/paxton-organic-rose-2021\/#breadcrumb"},"inLanguage":"vi","potentialAction":[{"@type":"ReadAction","target":["https:\/\/www.ilovewines.vn\/product\/paxton-organic-rose-2021\/"]}]},{"@type":"ImageObject","inLanguage":"vi","@id":"https:\/\/www.ilovewines.vn\/product\/paxton-organic-rose-2021\/#primaryimage","url":"https:\/\/www.ilovewines.vn\/wp-content\/uploads\/2022\/07\/2019-paxton-rose-308x385small_f6506ba5de9b4b9fa2116eb9a2d9a876.jpg","contentUrl":"https:\/\/www.ilovewines.vn\/wp-content\/uploads\/2022\/07\/2019-paxton-rose-308x385small_f6506ba5de9b4b9fa2116eb9a2d9a876.jpg","width":308,"height":385},{"@type":"BreadcrumbList","@id":"https:\/\/www.ilovewines.vn\/product\/paxton-organic-rose-2021\/#breadcrumb","itemListElement":[{"@type":"ListItem","position":1,"name":"Home","item":"https:\/\/www.ilovewines.vn\/"},{"@type":"ListItem","position":2,"name":"Catalogue","item":"https:\/\/www.ilovewines.vn\/catalogue\/"},{"@type":"ListItem","position":3,"name":"Paxton Organic Ros\u00e9"}]},{"@type":"WebSite","@id":"https:\/\/www.ilovewines.vn\/#website","url":"https:\/\/www.ilovewines.vn\/","name":"Rada Wines","description":"Just another WordPress site","publisher":{"@id":"https:\/\/www.ilovewines.vn\/#organization"},"potentialAction":[{"@type":"SearchAction","target":{"@type":"EntryPoint","urlTemplate":"https:\/\/www.ilovewines.vn\/?s={search_term_string}"},"query-input":{"@type":"PropertyValueSpecification","valueRequired":true,"valueName":"search_term_string"}}],"inLanguage":"vi"},{"@type":"Organization","@id":"https:\/\/www.ilovewines.vn\/#organization","name":"Rada Wines","url":"https:\/\/www.ilovewines.vn\/","logo":{"@type":"ImageObject","inLanguage":"vi","@id":"https:\/\/www.ilovewines.vn\/#\/schema\/logo\/image\/","url":"https:\/\/www.ilovewines.vn\/wp-content\/uploads\/2022\/06\/cropped-162574230_380766779846763_4426584222903300096_n.jpg","contentUrl":"https:\/\/www.ilovewines.vn\/wp-content\/uploads\/2022\/06\/cropped-162574230_380766779846763_4426584222903300096_n.jpg","width":320,"height":206,"caption":"Rada Wines"},"image":{"@id":"https:\/\/www.ilovewines.vn\/#\/schema\/logo\/image\/"}}]}},"_links":{"self":[{"href":"https:\/\/www.ilovewines.vn\/vi\/wp-json\/wp\/v2\/product\/2170","targetHints":{"allow":["GET"]}}],"collection":[{"href":"https:\/\/www.ilovewines.vn\/vi\/wp-json\/wp\/v2\/product"}],"about":[{"href":"https:\/\/www.ilovewines.vn\/vi\/wp-json\/wp\/v2\/types\/product"}],"version-history":[{"count":0,"href":"https:\/\/www.ilovewines.vn\/vi\/wp-json\/wp\/v2\/product\/2170\/revisions"}],"wp:featuredmedia":[{"embeddable":true,"href":"https:\/\/www.ilovewines.vn\/vi\/wp-json\/wp\/v2\/media\/2169"}],"wp:attachment":[{"href":"https:\/\/www.ilovewines.vn\/vi\/wp-json\/wp\/v2\/media?parent=2170"}],"wp:term":[{"taxonomy":"product_brand","embeddable":true,"href":"https:\/\/www.ilovewines.vn\/vi\/wp-json\/wp\/v2\/product_brand?post=2170"},{"taxonomy":"product_cat","embeddable":true,"href":"https:\/\/www.ilovewines.vn\/vi\/wp-json\/wp\/v2\/product_cat?post=2170"},{"taxonomy":"product_tag","embeddable":true,"href":"https:\/\/www.ilovewines.vn\/vi\/wp-json\/wp\/v2\/product_tag?post=2170"},{"taxonomy":"grape_varietal","embeddable":true,"href":"https:\/\/www.ilovewines.vn\/vi\/wp-json\/wp\/v2\/grape_varietal?post=2170"},{"taxonomy":"wine_regions","embeddable":true,"href":"https:\/\/www.ilovewines.vn\/vi\/wp-json\/wp\/v2\/wine_regions?post=2170"}],"curies":[{"name":"wp","href":"https:\/\/api.w.org\/{rel}","templated":true}]}}