{"id":2174,"date":"2022-07-07T21:32:25","date_gmt":"2022-07-08T03:32:25","guid":{"rendered":"https:\/\/www.ilovewines.vn\/product\/paxton-organic-pinot-gris-2019\/"},"modified":"2025-03-05T21:23:35","modified_gmt":"2025-03-06T04:23:35","slug":"paxton-organic-pinot-gris-2020","status":"publish","type":"product","link":"https:\/\/www.ilovewines.vn\/vi\/product\/paxton-organic-pinot-gris-2020\/","title":{"rendered":"Paxton Organic Pinot Gris"},"content":{"rendered":"<div>\n<p>D\u00f2ng Pinot Gris \u0111ang ng\u00e0y c\u00e0ng ph\u1ed5 bi\u1ebfn v\u00e0 ch\u00fang t\u00f4i tin r\u1eb1ng \u0111\u00f3 l\u00e0 m\u1ed9t lo\u1ea1t s\u1ea3n ph\u1ea9m ph\u00f9 h\u1ee3p v\u1edbi m\u1ed9t trong nh\u1eefng \u0111\u1ecba \u0111i\u1ec3m m\u00e1t m\u1ebb nh\u1ea5t c\u1ee7a thung l\u0169ng McLaren- Paxton\u2019s Thomas Block. Paxton Pinot Gris l\u00e0 m\u1ed9t phong c\u00e1ch s\u1eafc n\u00e9t v\u00e0 t\u01b0\u01a1i m\u1edbi, \u0111\u1ed3ng th\u1eddi c\u0169ng chuy\u1ec3n t\u1ea3i \u0111\u01b0\u1ee3c nh\u1eefng \u0111\u1eadc t\u00ednh c\u01a1 b\u1ea3n nh\u1ea5t c\u1ee7a d\u00f2ng vang n\u00e0y.<\/p>\n<p>C\u00e1i t\u00ean AAA bi\u1ec3u t\u01b0\u1ee3ng cho th\u1eddi \u00f4ng ch\u1ee7 c\u1ee7a Paxton c\u00f2n b\u00e1n len t\u1ea1i Australia. Th\u1eddi \u1ea5y, ch\u1ea5t l\u01b0\u1ee3ng len cao c\u1ea5p c\u1ee7a \u00f4ng \u0111\u00e3 \u0111\u01b0\u1ee3c \u0111\u00e1nh gi\u00e1 h\u1ea1ng AAA.\u00a0S\u1ef1 k\u1ebft h\u1ee3p n\u00e0y c\u1ee7a Shiraz v\u00e0 Grenache ch\u00ednh l\u00e0 m\u1ed9t trong nh\u1eefng s\u1ef1 \u0111\u1ed9c \u0111\u00e1o c\u1ee7a th\u01b0\u01a1ng hi\u1ec7u r\u01b0\u1ee3u vang h\u1eefu c\u01a1 Paxton.<\/p>\n<p>David Paxton (nh\u00e0 tr\u1ed3ng\u00a0 nho) v\u00e0 Richard Freebairn (nh\u00e0 s\u1ea3n xu\u1ea5t r\u01b0\u1ee3u vang) \u0111\u00e3 k\u1ebft h\u1ee3p kinh nghi\u1ec7m h\u00e0ng ch\u1ee5c n\u0103m c\u1ee7a h\u1ecd, t\u1eadp trung s\u1ea3n xu\u1ea5t theo ph\u01b0\u01a1ng ph\u00e1p h\u1eefu c\u01a1 v\u00e0 sinh h\u1ecdc n\u0103ng \u0111\u1ed9ng, t\u1ea1o n\u00ean c\u00e1c d\u00f2ng r\u01b0\u1ee3u vang \u00fac\u00a0trong s\u1ea1ch nh\u1ea5t.<\/p>\n<p>\u201cSinh h\u1ecdc n\u0103ng \u0111\u1ed9ng\u201d ch\u00ednh l\u00e0 ph\u01b0\u01a1ng th\u1ee9c t\u00e2n ti\u1ebfn nh\u1ea5t trong c\u00f4ng ngh\u1ec7 canh t\u00e1c h\u1eefu c\u01a1. Paxton s\u1eed d\u1ee5ng ph\u00e2n b\u00f3n t\u1ef1 nhi\u00ean, gi\u00fap c\u00e2n b\u1eb1ng \u0111\u1ea5t tr\u1ed3ng v\u00e0 c\u00e2y tr\u1ed3ng.<\/p>\n<\/div>\n<div class=\"summary entry-summary\">\n<div class=\"clearfix\">\n<div class=\"q_accordion_holder toggle boxed woocommerce-accordion accordion ui-accordion ui-accordion-icons ui-widget ui-helper-reset\" style=\"visibility: visible;\">\n<div class=\"accordion_content ui-accordion-content ui-helper-reset ui-widget-content ui-corner-bottom ui-accordion-content-active\" style=\"display: block;\">\n<div class=\"accordion_content_inner\">\n<table class=\"custom-fields\">\n<tbody>\n<tr class=\"variety\">\n<th class=\"label\" style=\"text-align: left; height: 16px;\">Gi\u1ed1ng nho:<\/th>\n<td style=\"height: 16px;\">Pinot Gris<\/td>\n<\/tr>\n<tr class=\"100%\">\n<th class=\"label\" style=\"text-align: left; height: 16px;\">100%:<\/th>\n<td style=\"height: 16px;\">H\u1eefu c\u01a1 (Organic) | S\u1eed d\u1ee5ng n\u0103ng l\u01b0\u1ee3ng sinh h\u1ecdc (Biodynamic) | D\u00e0nh cho ng\u01b0\u1eddi \u0103n chay (Vegan)<\/td>\n<\/tr>\n<tr class=\"region\">\n<th class=\"label\" style=\"text-align: left; height: 16px;\">V\u00f9ng tr\u1ed3ng:<\/th>\n<td style=\"height: 16px;\">McLaren Vale<\/td>\n<\/tr>\n<tr class=\"vineyard\">\n<th class=\"label\" style=\"text-align: left; height: 16px;\">V\u01b0\u1eddn nho:<\/th>\n<td style=\"height: 16px;\">Thomas Block<\/td>\n<\/tr>\n<tr class=\"colour\">\n<th class=\"label\" style=\"text-align: left; height: 16px;\">M\u00e0u s\u1eafc:\u00a0\u00a0<\/th>\n<td style=\"height: 16px;\">M\u00e0u v\u00e0ng r\u01a1m s\u1ed1ng \u0111\u1ed9ng.<\/td>\n<\/tr>\n<tr class=\"aroma\">\n<th class=\"label\" style=\"text-align: left; height: 39px;\">Kh\u1ee9u gi\u00e1c:<\/th>\n<td style=\"height: 39px;\">H\u01b0\u01a1ng th\u01a1m t\u01b0\u01a1i s\u00e1ng c\u1ee7a tr\u00e1i c\u00e2y nhi\u1ec7t \u0111\u1edbi. Ph\u1ea3ng ph\u1ea5t m\u00f9i th\u01a1m c\u1ee7a hoa \u0111\u1ea1i, tr\u00e1i l\u00ea nashi, g\u1eebng v\u00e0 b\u01a1 s\u1eefa tan ch\u1ea3y.<\/td>\n<\/tr>\n<tr class=\"palate\">\n<th class=\"label\" style=\"text-align: left; height: 43px;\">Kh\u1ea9u v\u1ecb:<\/th>\n<td style=\"height: 43px;\">Mang v\u1ecb ngon c\u1ee7a c\u00f9i chanh, kem chanh v\u00e0 m\u1ed9t ch\u00fat v\u1ecb g\u1eebng. Khi u\u1ed1ng gi\u1eefa ch\u1eebng, b\u1ea1n s\u1ebd c\u1ea3m nh\u1eadn \u0111\u1ed9 tr\u01a1n m\u01b0\u1ee3t c\u1ee7a vang, v\u00e0 cu\u1ed1i c\u00f9ng s\u1ebd l\u00e0 m\u1ed9t ch\u00fat v\u1ecb cam chanh t\u01b0\u01a1i s\u00e1ng \u0111\u1ecdng l\u1ea1i.<\/td>\n<\/tr>\n<tr class=\"drink_with\">\n<th class=\"label\" style=\"text-align: left; height: 32px;\">Th\u1ef1c ph\u1ea9m k\u1ebft h\u1ee3p:<\/th>\n<td style=\"height: 32px;\">C\u00e1c m\u00f3n m\u00ec v\u00e0 c\u01a1m, bao g\u1ed3m c\u00e1c m\u00f3n M\u00ec \u00dd.<\/td>\n<\/tr>\n<tr class=\"cellaring\">\n<th class=\"label\" style=\"text-align: left; height: 60px;\">B\u1ea3o qu\u1ea3n:<\/th>\n<td style=\"height: 60px;\">H\u00e3ng g\u1ee3i \u00fd ng\u01b0\u1eddi d\u00f9ng n\u00ean th\u01b0\u1edfng th\u1ee9c khi vang c\u00f2n tr\u1ebb. Tuy nhi\u00ean, \u0111\u1ec3 vang c\u00f3 tu\u1ed5i m\u1ed9t ch\u00fat c\u0169ng kh\u00f4ng v\u1ea5n \u0111\u1ec1 g\u00ec.<\/td>\n<\/tr>\n<\/tbody>\n<\/table>\n<\/div>\n<\/div>\n<h6 class=\"title-holder clearfix hover-underline-link ui-accordion-header ui-helper-reset ui-corner-top active ui-accordion-header-active ui-state-active\"><span class=\"tab-title\" style=\"font-size: 11pt;\">QU\u00c1 TR\u00ccNH S\u1ea2N XU\u1ea4T &amp; NI\u00caN V\u1ee4 TR\u1ed2NG NHO<\/span><\/h6>\n<div class=\"accordion_content ui-accordion-content ui-helper-reset ui-widget-content ui-corner-bottom ui-accordion-content-active\" style=\"display: block;\">\n<div class=\"accordion_content_inner\">\n<table class=\"custom-fields\">\n<tbody>\n<tr class=\"vintage\">\n<th class=\"label\" style=\"text-align: left;\">Ni\u00ean v\u1ee5:<\/th>\n<td>2019 l\u00e0 ni\u00ean v\u1ee5 kh\u00f3 kh\u0103n h\u01a1n so v\u1edbi c\u00e1c ni\u00ean v\u1ee5 kh\u00e1c. M\u01b0a r\u01a1i d\u01b0\u1edbi m\u1ee9c trung b\u00ecnh v\u00e0o m\u00f9a xu\u00e2n, c\u00f2n m\u00f9a h\u1ea1 th\u00ec kh\u00f4ng h\u1ec1 c\u00f3 m\u01b0a, khi\u1ebfn cho c\u00e2y tr\u1ed3ng ph\u1ee5 thu\u1ed9c nhi\u1ec1u v\u00e0o h\u1ec7 th\u1ed1ng t\u01b0\u1edbi ti\u00eau. Th\u1eddi ti\u1ebft n\u00e0y c\u1ed9ng v\u1edbi m\u1ed9t tr\u1eadn m\u01b0a \u0111\u00e1 l\u1edbn v\u00e0o th\u00e1ng 11 v\u00e0 m\u1ed9t ng\u00e0y n\u00f3ng nh\u1ea5t Nam \u00dac k\u1ec3 t\u1eeb 2009, v\u1edbi nhi\u1ec7t \u0111\u1ed9 trung b\u00ecnh r\u1ea5t cao \u2013 tr\u00ean 36\u00b0C v\u00e0o th\u00e1ng 2, \u0111\u00e3 t\u1ea1o n\u00ean nhi\u1ec1u kh\u00f3 kh\u0103n. Tuy nhi\u00ean, v\u1ecb tr\u00ed g\u1ea7n V\u1ecbnh Th\u00e1nh Vincent \u0111\u00e3 gi\u00fap l\u00e0m d\u1ecbu l\u1ea1i m\u1ed9t s\u1ed1 s\u1ef1 ki\u1ec7n th\u1eddi ti\u1ebft kh\u1eafc nghi\u1ec7t.<\/p>\n<p>K\u1ebft qu\u1ea3 l\u00e0 n\u0103ng su\u1ea5t th\u1ea5p, v\u1ecb tr\u00e1i \u0111\u1eadm \u0111\u00e0 h\u01a1n do c\u00f3 \u00edt n\u01b0\u1edbc h\u01a1n trong tr\u00e1i nho. M\u1ed9t ni\u00ean v\u1ee5 th\u00edch h\u1ee3p cho gi\u1ed1ng nho Pinot Gris.<\/td>\n<\/tr>\n<tr class=\"vinification\">\n<th class=\"label\" style=\"text-align: left;\">Qu\u00e1 tr\u00ecnh s\u1ea3n xu\u1ea5t:<\/th>\n<td>Nho \u0111\u1eb7c bi\u1ec7t ch\u1ec9 \u0111\u01b0\u1ee3c thu ho\u1ea1ch khi m\u1eb7t tr\u1eddi \u0111\u00e3 l\u1eb7n, nh\u1eb1m t\u1ed1i \u01b0u h\u00f3a l\u01b0\u1ee3ng \u0111\u01b0\u1eddng v\u00e0 \u0111\u1ed9 c\u00e2n b\u1eb1ng axit c\u1ee7a c\u00e1c tr\u00e1i nho. Nho \u0111\u01b0\u1ee3c \u0111\u1ec3 nguy\u00ean v\u1ecf \u0111\u1ec3 \u00e9p tr\u1ef1c ti\u1ebfp ch\u1ee9 kh\u00f4ng c\u1ea7n nghi\u1ec1n tr\u01b0\u1edbc. N\u01b0\u1edbc \u00e9p nho nguy\u00ean ch\u1ea5t (l\u1ea5y t\u1eeb \u0111\u00e1y th\u00f9ng sau khi \u00e9p) s\u1ebd \u0111\u01b0\u1ee3c l\u00ean men trong th\u00f9ng th\u00e9p kh\u00f4ng g\u1ec9, v\u1edbi nhi\u1ec7t \u0111\u1ed9 quy \u0111\u1ecbnh t\u1eeb 13-16 \u0111\u1ed9 C, nh\u1eb1m gi\u1eef nguy\u00ean \u0111\u1ed9 t\u01b0\u01a1i c\u1ee7a nho.\n\nSau khi l\u00ean men, r\u01b0\u1ee3u s\u1ebd \u0111\u01b0\u1ee3c pha tr\u1ed9n theo quy tr\u00ecnh, \u0111\u1ec1u \u0111\u1eb7n trong 4 tu\u1ea7n l\u1ec5, v\u1edbi m\u1ee5c \u0111\u00edch t\u1ea1o n\u00ean c\u1ea5u tr\u00fac m\u1ec1m m\u01b0\u1ee3t khi th\u01b0\u1edfng th\u1ee9c. Cu\u1ed1i c\u00f9ng, r\u01b0\u1ee3u \u0111ang l\u1ecdc l\u1ea1i r\u1ed3i \u0111\u00f3ng chai nhanh ch\u00f3ng, nh\u1eb1m gi\u1eef l\u1ea1i \u0111\u1ed9 t\u01b0\u01a1i ngon c\u1ee7a tinh ch\u1ea5t nho.<\/td>\n<\/tr>\n<tr class=\"alcohol\">\n<th class=\"label\" style=\"text-align: left;\">N\u1ed3ng \u0111\u1ed9 c\u1ed3n:<\/th>\n<td>12.5%<\/td>\n<\/tr>\n<tr class=\"ph\">\n<th class=\"label\" style=\"text-align: left;\">\u0110\u1ed9 pH<\/th>\n<td>3.22<\/td>\n<\/tr>\n<tr class=\"ta\">\n<th class=\"label\" style=\"text-align: left;\">Axit:<\/th>\n<td>5.85g\/L<\/td>\n<\/tr>\n<tr class=\"total_so2\">\n<th class=\"label\" style=\"text-align: left;\">T\u1ed5ng SO2:<\/th>\n<td>65ppm<\/td>\n<\/tr>\n<tr class=\"winemaker\">\n<th class=\"label\" style=\"text-align: left;\">Nh\u00e0 s\u1ea3n xu\u1ea5t:<\/th>\n<td>Richard Freebairn<\/td>\n<\/tr>\n<\/tbody>\n<\/table>\n<\/div>\n<\/div>\n<div class=\"accordion_content ui-accordion-content ui-helper-reset ui-widget-content ui-corner-bottom ui-accordion-content-active\" style=\"display: block;\">\n<div class=\"accordion_content_inner\">\n<ul class=\"reviews\">\n<li class=\"review\">\n<div class=\"review-text\">\n<p><strong>\u0110\u00c1NH GI\u00c1:<\/strong>\u00a0<strong>Ni\u00ean v\u1ee5 2016 \u0111\u01b0\u1ee3c \u0111\u00e1nh gi\u00e1 90\/100 \u0111i\u1ec3m b\u1edfi Nh\u00e0 Ph\u00ea B\u00ecnh R\u01b0\u1ee3u Vang James Halliday, t\u1ea1i Halliday Wine Companion 2018.<\/strong><\/p>\n<\/div>\n<\/li>\n<\/ul>\n<\/div>\n<\/div>\n<\/div>\n<\/div>\n<\/div>","protected":false},"excerpt":{"rendered":"<p>Chai r\u01b0\u1ee3u H\u1eefu c\u01a1 l\u00e0m t\u1eeb nho Pinot gris duy\u00ean d\u00e1ng n\u00e0y l\u00e0 th\u1ee9c u\u1ed1ng k\u00e8m ho\u00e0n h\u1ea3o cho c\u00e1c m\u00f3n h\u1ea3i s\u1ea3n.<\/p>","protected":false},"featured_media":6789,"template":"","meta":{"_acf_changed":false},"product_brand":[],"product_cat":[2640,89],"product_tag":[],"grape_varietal":[2476],"wine_regions":[2422],"class_list":{"0":"post-2174","1":"product","2":"type-product","3":"status-publish","4":"has-post-thumbnail","6":"product_cat-catalogue","7":"product_cat-white-wine","8":"pa_brand-paxton","9":"grape_varietal-pinot-gris","10":"wine_regions-mclaren-vale","12":"first","13":"instock","14":"shipping-taxable","15":"product-type-simple"},"acf":[],"yoast_head":"<!-- This site is optimized with the Yoast SEO plugin v27.4 - https:\/\/yoast.com\/product\/yoast-seo-wordpress\/ -->\n<title>Paxton Organic Pinot Gris - Rada Wines<\/title>\n<meta name=\"robots\" content=\"index, follow, max-snippet:-1, max-image-preview:large, max-video-preview:-1\" \/>\n<link rel=\"canonical\" href=\"https:\/\/www.ilovewines.vn\/vi\/san-pham\/paxton-organic-pinot-gris-2020\/\" \/>\n<meta property=\"og:locale\" content=\"vi_VN\" \/>\n<meta property=\"og:type\" content=\"article\" \/>\n<meta property=\"og:title\" content=\"Paxton Organic Pinot Gris - Rada Wines\" \/>\n<meta property=\"og:description\" content=\"Lovely Organic Pinot gris that pairs perfectly with seafood.\" \/>\n<meta property=\"og:url\" content=\"https:\/\/www.ilovewines.vn\/vi\/san-pham\/paxton-organic-pinot-gris-2020\/\" \/>\n<meta property=\"og:site_name\" content=\"Rada Wines\" \/>\n<meta property=\"article:modified_time\" content=\"2025-03-06T04:23:35+00:00\" \/>\n<meta property=\"og:image\" content=\"https:\/\/www.ilovewines.vn\/wp-content\/uploads\/2022\/07\/Paxton-Pinot-Gris.jpg\" \/>\n\t<meta property=\"og:image:width\" content=\"300\" \/>\n\t<meta property=\"og:image:height\" content=\"900\" \/>\n\t<meta property=\"og:image:type\" content=\"image\/jpeg\" \/>\n<meta name=\"twitter:card\" content=\"summary_large_image\" \/>\n<meta name=\"twitter:label1\" content=\"\u01af\u1edbc t\u00ednh th\u1eddi gian \u0111\u1ecdc\" \/>\n\t<meta name=\"twitter:data1\" content=\"3 ph\u00fat\" \/>\n<script type=\"application\/ld+json\" class=\"yoast-schema-graph\">{\"@context\":\"https:\\\/\\\/schema.org\",\"@graph\":[{\"@type\":\"WebPage\",\"@id\":\"https:\\\/\\\/www.ilovewines.vn\\\/product\\\/paxton-organic-pinot-gris-2020\\\/\",\"url\":\"https:\\\/\\\/www.ilovewines.vn\\\/product\\\/paxton-organic-pinot-gris-2020\\\/\",\"name\":\"Paxton Organic Pinot Gris - Rada Wines\",\"isPartOf\":{\"@id\":\"https:\\\/\\\/www.ilovewines.vn\\\/#website\"},\"primaryImageOfPage\":{\"@id\":\"https:\\\/\\\/www.ilovewines.vn\\\/product\\\/paxton-organic-pinot-gris-2020\\\/#primaryimage\"},\"image\":{\"@id\":\"https:\\\/\\\/www.ilovewines.vn\\\/product\\\/paxton-organic-pinot-gris-2020\\\/#primaryimage\"},\"thumbnailUrl\":\"https:\\\/\\\/www.ilovewines.vn\\\/wp-content\\\/uploads\\\/2022\\\/07\\\/Paxton-Pinot-Gris.jpg\",\"datePublished\":\"2022-07-08T03:32:25+00:00\",\"dateModified\":\"2025-03-06T04:23:35+00:00\",\"breadcrumb\":{\"@id\":\"https:\\\/\\\/www.ilovewines.vn\\\/product\\\/paxton-organic-pinot-gris-2020\\\/#breadcrumb\"},\"inLanguage\":\"vi\",\"potentialAction\":[{\"@type\":\"ReadAction\",\"target\":[\"https:\\\/\\\/www.ilovewines.vn\\\/product\\\/paxton-organic-pinot-gris-2020\\\/\"]}]},{\"@type\":\"ImageObject\",\"inLanguage\":\"vi\",\"@id\":\"https:\\\/\\\/www.ilovewines.vn\\\/product\\\/paxton-organic-pinot-gris-2020\\\/#primaryimage\",\"url\":\"https:\\\/\\\/www.ilovewines.vn\\\/wp-content\\\/uploads\\\/2022\\\/07\\\/Paxton-Pinot-Gris.jpg\",\"contentUrl\":\"https:\\\/\\\/www.ilovewines.vn\\\/wp-content\\\/uploads\\\/2022\\\/07\\\/Paxton-Pinot-Gris.jpg\",\"width\":300,\"height\":900},{\"@type\":\"BreadcrumbList\",\"@id\":\"https:\\\/\\\/www.ilovewines.vn\\\/product\\\/paxton-organic-pinot-gris-2020\\\/#breadcrumb\",\"itemListElement\":[{\"@type\":\"ListItem\",\"position\":1,\"name\":\"Home\",\"item\":\"https:\\\/\\\/www.ilovewines.vn\\\/\"},{\"@type\":\"ListItem\",\"position\":2,\"name\":\"Catalogue\",\"item\":\"https:\\\/\\\/www.ilovewines.vn\\\/catalogue\\\/\"},{\"@type\":\"ListItem\",\"position\":3,\"name\":\"Paxton Organic Pinot Gris\"}]},{\"@type\":\"WebSite\",\"@id\":\"https:\\\/\\\/www.ilovewines.vn\\\/#website\",\"url\":\"https:\\\/\\\/www.ilovewines.vn\\\/\",\"name\":\"Rada Wines\",\"description\":\"Just another WordPress site\",\"publisher\":{\"@id\":\"https:\\\/\\\/www.ilovewines.vn\\\/#organization\"},\"potentialAction\":[{\"@type\":\"SearchAction\",\"target\":{\"@type\":\"EntryPoint\",\"urlTemplate\":\"https:\\\/\\\/www.ilovewines.vn\\\/?s={search_term_string}\"},\"query-input\":{\"@type\":\"PropertyValueSpecification\",\"valueRequired\":true,\"valueName\":\"search_term_string\"}}],\"inLanguage\":\"vi\"},{\"@type\":\"Organization\",\"@id\":\"https:\\\/\\\/www.ilovewines.vn\\\/#organization\",\"name\":\"Rada Wines\",\"url\":\"https:\\\/\\\/www.ilovewines.vn\\\/\",\"logo\":{\"@type\":\"ImageObject\",\"inLanguage\":\"vi\",\"@id\":\"https:\\\/\\\/www.ilovewines.vn\\\/#\\\/schema\\\/logo\\\/image\\\/\",\"url\":\"https:\\\/\\\/www.ilovewines.vn\\\/wp-content\\\/uploads\\\/2022\\\/06\\\/cropped-162574230_380766779846763_4426584222903300096_n.jpg\",\"contentUrl\":\"https:\\\/\\\/www.ilovewines.vn\\\/wp-content\\\/uploads\\\/2022\\\/06\\\/cropped-162574230_380766779846763_4426584222903300096_n.jpg\",\"width\":320,\"height\":206,\"caption\":\"Rada Wines\"},\"image\":{\"@id\":\"https:\\\/\\\/www.ilovewines.vn\\\/#\\\/schema\\\/logo\\\/image\\\/\"}}]}<\/script>\n<!-- \/ Yoast SEO plugin. -->","yoast_head_json":{"title":"Paxton Organic Pinot Gris - Rada Wines","robots":{"index":"index","follow":"follow","max-snippet":"max-snippet:-1","max-image-preview":"max-image-preview:large","max-video-preview":"max-video-preview:-1"},"canonical":"https:\/\/www.ilovewines.vn\/vi\/san-pham\/paxton-organic-pinot-gris-2020\/","og_locale":"vi_VN","og_type":"article","og_title":"Paxton Organic Pinot Gris - Rada Wines","og_description":"Lovely Organic Pinot gris that pairs perfectly with seafood.","og_url":"https:\/\/www.ilovewines.vn\/vi\/san-pham\/paxton-organic-pinot-gris-2020\/","og_site_name":"Rada Wines","article_modified_time":"2025-03-06T04:23:35+00:00","og_image":[{"width":300,"height":900,"url":"https:\/\/www.ilovewines.vn\/wp-content\/uploads\/2022\/07\/Paxton-Pinot-Gris.jpg","type":"image\/jpeg"}],"twitter_card":"summary_large_image","twitter_misc":{"\u01af\u1edbc t\u00ednh th\u1eddi gian \u0111\u1ecdc":"3 ph\u00fat"},"schema":{"@context":"https:\/\/schema.org","@graph":[{"@type":"WebPage","@id":"https:\/\/www.ilovewines.vn\/product\/paxton-organic-pinot-gris-2020\/","url":"https:\/\/www.ilovewines.vn\/product\/paxton-organic-pinot-gris-2020\/","name":"Paxton Organic Pinot Gris - Rada Wines","isPartOf":{"@id":"https:\/\/www.ilovewines.vn\/#website"},"primaryImageOfPage":{"@id":"https:\/\/www.ilovewines.vn\/product\/paxton-organic-pinot-gris-2020\/#primaryimage"},"image":{"@id":"https:\/\/www.ilovewines.vn\/product\/paxton-organic-pinot-gris-2020\/#primaryimage"},"thumbnailUrl":"https:\/\/www.ilovewines.vn\/wp-content\/uploads\/2022\/07\/Paxton-Pinot-Gris.jpg","datePublished":"2022-07-08T03:32:25+00:00","dateModified":"2025-03-06T04:23:35+00:00","breadcrumb":{"@id":"https:\/\/www.ilovewines.vn\/product\/paxton-organic-pinot-gris-2020\/#breadcrumb"},"inLanguage":"vi","potentialAction":[{"@type":"ReadAction","target":["https:\/\/www.ilovewines.vn\/product\/paxton-organic-pinot-gris-2020\/"]}]},{"@type":"ImageObject","inLanguage":"vi","@id":"https:\/\/www.ilovewines.vn\/product\/paxton-organic-pinot-gris-2020\/#primaryimage","url":"https:\/\/www.ilovewines.vn\/wp-content\/uploads\/2022\/07\/Paxton-Pinot-Gris.jpg","contentUrl":"https:\/\/www.ilovewines.vn\/wp-content\/uploads\/2022\/07\/Paxton-Pinot-Gris.jpg","width":300,"height":900},{"@type":"BreadcrumbList","@id":"https:\/\/www.ilovewines.vn\/product\/paxton-organic-pinot-gris-2020\/#breadcrumb","itemListElement":[{"@type":"ListItem","position":1,"name":"Home","item":"https:\/\/www.ilovewines.vn\/"},{"@type":"ListItem","position":2,"name":"Catalogue","item":"https:\/\/www.ilovewines.vn\/catalogue\/"},{"@type":"ListItem","position":3,"name":"Paxton Organic Pinot Gris"}]},{"@type":"WebSite","@id":"https:\/\/www.ilovewines.vn\/#website","url":"https:\/\/www.ilovewines.vn\/","name":"Rada Wines","description":"Just another WordPress site","publisher":{"@id":"https:\/\/www.ilovewines.vn\/#organization"},"potentialAction":[{"@type":"SearchAction","target":{"@type":"EntryPoint","urlTemplate":"https:\/\/www.ilovewines.vn\/?s={search_term_string}"},"query-input":{"@type":"PropertyValueSpecification","valueRequired":true,"valueName":"search_term_string"}}],"inLanguage":"vi"},{"@type":"Organization","@id":"https:\/\/www.ilovewines.vn\/#organization","name":"Rada Wines","url":"https:\/\/www.ilovewines.vn\/","logo":{"@type":"ImageObject","inLanguage":"vi","@id":"https:\/\/www.ilovewines.vn\/#\/schema\/logo\/image\/","url":"https:\/\/www.ilovewines.vn\/wp-content\/uploads\/2022\/06\/cropped-162574230_380766779846763_4426584222903300096_n.jpg","contentUrl":"https:\/\/www.ilovewines.vn\/wp-content\/uploads\/2022\/06\/cropped-162574230_380766779846763_4426584222903300096_n.jpg","width":320,"height":206,"caption":"Rada Wines"},"image":{"@id":"https:\/\/www.ilovewines.vn\/#\/schema\/logo\/image\/"}}]}},"_links":{"self":[{"href":"https:\/\/www.ilovewines.vn\/vi\/wp-json\/wp\/v2\/product\/2174","targetHints":{"allow":["GET"]}}],"collection":[{"href":"https:\/\/www.ilovewines.vn\/vi\/wp-json\/wp\/v2\/product"}],"about":[{"href":"https:\/\/www.ilovewines.vn\/vi\/wp-json\/wp\/v2\/types\/product"}],"version-history":[{"count":3,"href":"https:\/\/www.ilovewines.vn\/vi\/wp-json\/wp\/v2\/product\/2174\/revisions"}],"predecessor-version":[{"id":6791,"href":"https:\/\/www.ilovewines.vn\/vi\/wp-json\/wp\/v2\/product\/2174\/revisions\/6791"}],"wp:featuredmedia":[{"embeddable":true,"href":"https:\/\/www.ilovewines.vn\/vi\/wp-json\/wp\/v2\/media\/6789"}],"wp:attachment":[{"href":"https:\/\/www.ilovewines.vn\/vi\/wp-json\/wp\/v2\/media?parent=2174"}],"wp:term":[{"taxonomy":"product_brand","embeddable":true,"href":"https:\/\/www.ilovewines.vn\/vi\/wp-json\/wp\/v2\/product_brand?post=2174"},{"taxonomy":"product_cat","embeddable":true,"href":"https:\/\/www.ilovewines.vn\/vi\/wp-json\/wp\/v2\/product_cat?post=2174"},{"taxonomy":"product_tag","embeddable":true,"href":"https:\/\/www.ilovewines.vn\/vi\/wp-json\/wp\/v2\/product_tag?post=2174"},{"taxonomy":"grape_varietal","embeddable":true,"href":"https:\/\/www.ilovewines.vn\/vi\/wp-json\/wp\/v2\/grape_varietal?post=2174"},{"taxonomy":"wine_regions","embeddable":true,"href":"https:\/\/www.ilovewines.vn\/vi\/wp-json\/wp\/v2\/wine_regions?post=2174"}],"curies":[{"name":"wp","href":"https:\/\/api.w.org\/{rel}","templated":true}]}}