{"id":2178,"date":"2022-07-07T21:32:25","date_gmt":"2022-07-08T03:32:25","guid":{"rendered":"https:\/\/www.ilovewines.vn\/product\/paxton-organic-now-preservative-free-shiraz-2019\/"},"modified":"2025-05-29T04:04:24","modified_gmt":"2025-05-29T10:04:24","slug":"paxton-organic-now-preservative-free-shiraz-2021","status":"publish","type":"product","link":"https:\/\/www.ilovewines.vn\/vi\/product\/paxton-organic-now-preservative-free-shiraz-2021\/","title":{"rendered":"Paxton Organic NOW Preservative-Free Shiraz"},"content":{"rendered":"<p>C\u00e1i t\u00ean NOW l\u00e0 ch\u1eef vi\u1ebft t\u1eaft c\u1ee7a c\u1ee5m t\u1eeb \"Natural Organic Wine\" (R\u01b0\u1ee3u Vang H\u1eefu C\u01a1 T\u1ef1 Nhi\u00ean). Ngo\u00e0i ra, c\u00e1i t\u00ean n\u00e0y c\u0169ng c\u00f3 \u00fd ch\u1ec9 cho ng\u01b0\u1eddi d\u00f9ng r\u1eb1ng s\u1ea3n ph\u1ea9m n\u00ean \u0111\u01b0\u1ee3c d\u00f9ng NGAY (NOW) sau khi mua, b\u1edfi c\u00e1c s\u1ea3n ph\u1ea9m kh\u00f4ng ch\u1ee9a ch\u1ea5t b\u1ea3o qu\u1ea3n kh\u00f4ng th\u1ec3 gi\u1eef \u0111\u01b0\u1ee3c l\u00e2u nh\u01b0 c\u00e1c s\u1ea3n ph\u1ea9m th\u00f4ng th\u01b0\u1eddng. Phong c\u00e1ch c\u1ee7a r\u01b0\u1ee3u vang \u0111\u1ecf NOW ch\u00ednh l\u00e0 l\u00e0n gi\u00f3 m\u1edbi th\u1ed5i v\u00e0o d\u00f2ng vang \u0111\u1ecf Shiraz c\u1ee7a th\u01b0\u01a1ng hi\u1ec7u Paxton n\u00f3i ri\u00eang, v\u00e0 c\u1ee7a th\u1ecb tr\u01b0\u1eddng vang \u00dac n\u00f3i chung.<\/p>\n<table class=\"custom-fields\">\n<tbody>\n<tr class=\"variety\">\n<th class=\"label\" style=\"text-align: left; height: 17px;\">Gi\u1ed1ng nho:<\/th>\n<td style=\"height: 17px;\">Shiraz<\/td>\n<\/tr>\n<tr class=\"100%\">\n<th class=\"label\" style=\"text-align: left; height: 17px;\">100%:<\/th>\n<td style=\"height: 17px;\">H\u1eefu c\u01a1 (Organic) | S\u1eed d\u1ee5ng n\u0103ng l\u01b0\u1ee3ng sinh h\u1ecdc (Biodynamic) | D\u00e0nh cho ng\u01b0\u1eddi \u0103n chay (Vegan) | Kh\u00f4ng ch\u1ea5t b\u1ea3o qu\u1ea3n<\/td>\n<\/tr>\n<tr class=\"region\">\n<th class=\"label\" style=\"text-align: left; height: 17px;\">V\u00f9ng tr\u1ed3ng:<\/th>\n<td style=\"height: 17px;\">McLaren Vale<\/td>\n<\/tr>\n<tr class=\"colour\">\n<th class=\"label\" style=\"text-align: left; height: 8px;\">M\u00e0u s\u1eafc:\u00a0\u00a0<\/th>\n<td style=\"height: 8px;\">\u0110\u1ecf \u00e1nh t\u00edm s\u1ed1ng \u0111\u1ed9ng.<\/td>\n<\/tr>\n<tr class=\"aroma\">\n<th class=\"label\" style=\"text-align: left; height: 34px;\">Kh\u1ee9u gi\u00e1c:<\/th>\n<td style=\"height: 34px;\">M\u1edf chai r\u01b0\u1ee3u ra, b\u1ea1n s\u1ebd c\u1ea3m nh\u1eadn \u0111\u01b0\u1ee3c ngay m\u00f9i th\u01a1m hoa qu\u1ea3 n\u1ed3ng n\u00e0n, bao g\u1ed3m h\u01b0\u01a1ng th\u01a1m c\u1ee7a qu\u1ea3 m\u00e2m x\u00f4i r\u1eebng (raspberry), qu\u1ea3 d\u00e2u t\u00e2y, qu\u1ea3 m\u1eadn v\u00e0 qu\u1ea3 d\u00e2u t\u1eb1m (mulberry).<\/td>\n<\/tr>\n<tr class=\"palate\">\n<th class=\"label\" style=\"text-align: left; height: 34px;\">Kh\u1ea9u v\u1ecb:<\/th>\n<td style=\"height: 34px;\">Thu\u1ed9c d\u1ea1ng vang \u0111\u1ecf nh\u1eb9. Mang v\u1ecb c\u1ee7a nh\u1eefng tr\u00e1i d\u00e2u t\u01b0\u01a1i, k\u00e8m theo \u0111\u00f3 l\u00e0 nh\u1eefng l\u1edbp h\u01b0\u01a1ng v\u1ecb tr\u00e1i c\u00e2y \u0111\u1eadm \u0111\u00e0. Tannin m\u1ec1m m\u01b0\u1ee3t nh\u01b0 l\u1ee5a. H\u01b0\u01a1ng v\u1ecb \u0111\u1ecdng l\u1ea1i tr\u00f2n \u0111\u1ea7y.<\/td>\n<\/tr>\n<tr class=\"cellaring\">\n<th class=\"label\" style=\"text-align: left; height: 44px;\">B\u1ea3o qu\u1ea3n:<\/th>\n<td style=\"height: 44px;\">U\u1ed1ng NGAY (NOW) sau khi m\u1edf n\u1eafp (do s\u1ea3n ph\u1ea9m kh\u00f4ng ch\u1ee9a ch\u1ea5t b\u1ea3o qu\u1ea3n n\u00ean kh\u00f4ng th\u1ec3 gi\u1eef l\u00e2u nh\u01b0 c\u00e1c lo\u1ea1i vang kh\u00e1c).<\/td>\n<\/tr>\n<\/tbody>\n<\/table>\n<p>&nbsp;<\/p>\n<p><strong>QU\u00c1 TR\u00ccNH S\u1ea2N XU\u1ea4T &amp; NI\u00caN V\u1ee4 TR\u1ed2NG NHO<\/strong><\/p>\n<table class=\"custom-fields\">\n<tbody>\n<tr class=\"vintage\">\n<th class=\"label\" style=\"text-align: left;\">Ni\u00ean v\u1ee5:<\/th>\n<td>2019 ch\u00ednh l\u00e0 m\u1ed9t trong nh\u1eefng ni\u00ean v\u1ee5 kh\u00f3 kh\u0103n nh\u1ea5t trong nhi\u1ec1u n\u0103m qua. L\u01b0\u1ee3ng m\u01b0a th\u1ea5p d\u01b0\u1edbi m\u1ee9c trung b\u00ecnh v\u00e0o m\u00f9a xu\u00e2n, c\u00f2n m\u00f9a h\u1ea1 th\u00ec kh\u00f4ng r\u01a1i gi\u1ecdt m\u01b0a n\u00e0o, \u0111\u00e3 d\u1eabn \u0111\u1ebfn h\u1ea1n h\u00e1n n\u1eb7ng. \u0110\u00e3 c\u00f3 m\u1ed9t tr\u1eadn m\u01b0a \u0111\u00e1 n\u1eb7ng v\u00e0o th\u00e1ng 11 - ng\u00e0y n\u00f3ng nh\u1ea5t bang Nam \u00dac t\u1eeb n\u0103m 2009 \u0111\u1ebfn gi\u1edd. C\u00f2n nhi\u1ec7t \u0111\u1ed9 t\u1ed1i \u0111a th\u01b0\u1eddng th\u1ea5y trong th\u00e1ng 2 l\u00ean \u0111\u1ebfn h\u01a1n 36 \u0111\u1ed9 C. Tuy nhi\u00ean, nh\u1edd v\u1ecb tr\u00ed \u0111\u1ecba l\u00fd ngay g\u1ea7n V\u1ecbnh Th\u00e1nh Vincent, kh\u00ed h\u1eadu \u0111\u00e3 c\u00f3 ph\u1ea7n d\u1ecbu l\u1ea1i m\u1ed9t ch\u00fat. K\u1ebft qu\u1ea3 l\u00e0 s\u1ea3n l\u01b0\u1ee3ng th\u1ea5p h\u01a1n m\u1ecdi n\u0103m, nho th\u00ec \u0111\u01b0\u1ee3c l\u1ee3i v\u1edbi h\u01b0\u01a1ng v\u1ecb \u0111\u1eadm \u0111\u00e0 h\u01a1n, nh\u01b0ng l\u1ea1i h\u01a1i \u00edt n\u01b0\u1edbc. L\u1ea1i m\u1ed9t m\u00f9a v\u1ee5 n\u1eefa di\u1ec5n ra \u0111\u1ed1i v\u1edbi nho Pinot Gris v\u00e0 Grenache, v\u1edbi d\u1ea5u hi\u1ec7u s\u1edbm ch\u1ee9ng t\u1ecf nho Shiraz s\u1ebd \u0111\u1ea1t ng\u01b0\u1ee1ng \u0111\u1eadm \u0111\u00e0 m\u1ed9t c\u00e1ch tuy\u1ec7t v\u1eddi.<\/td>\n<\/tr>\n<tr class=\"vinification\">\n<th class=\"label\" style=\"text-align: left;\">Qu\u00e1 tr\u00ecnh s\u1ea3n xu\u1ea5t:<\/th>\n<td>Nho ch\u1ec9 \u0111\u01b0\u1ee3c thu ho\u1ea1ch v\u00e0o th\u1eddi \u0111i\u1ec3m l\u01b0\u1ee3ng \u0111\u01b0\u1eddng v\u00e0 \u0111\u1ed9 c\u00e2n b\u1eb1ng trong h\u01b0\u01a1ng v\u1ecb \u0111\u1ea1t m\u1ee9c t\u1ed1i \u0111a. Nh\u1eefng tr\u00e1i nho \u0111\u1ec1u \u0111\u01b0\u1ee3c b\u1ecf cu\u1ed1ng, r\u1ed3i \u0111\u01b0\u1ee3c cho l\u00ean men trong nh\u1eefng th\u00f9ng kh\u00f4ng n\u1eafp, v\u00e0 \u0111\u01b0\u1ee3c b\u01a1m b\u1eb1ng tay th\u1eadt nh\u1eb9 nh\u00e0ng trong v\u00f2ng 14 ng\u00e0y li\u00ean ti\u1ebfp, gi\u00fap t\u1ea1o \u0111\u01b0\u1ee3c h\u01b0\u01a1ng v\u1ecb s\u1ed1ng \u0111\u1ed9ng nh\u1ea5t cho vang.\n\nKhi qu\u00e1 tr\u00ecnh l\u00ean men c\u0103n b\u1ea3n \u0111\u00e3 ho\u00e0n t\u1ea5t, h\u1ecd l\u1ea1i \u00e9p nho ti\u1ebfp v\u00e0o th\u00f9ng \u0111\u1ec3 l\u00ean men l\u1ea7n hai.<br \/>\nHo\u00e0n to\u00e0n kh\u00f4ng c\u00f3 ch\u1ea5t l\u01b0u hu\u1ef3nh \u0111i\u00f4xit (ch\u1ea5t th\u01b0\u1eddng \u0111\u01b0\u1ee3c d\u00f9ng trong khi l\u00ean men r\u01b0\u1ee3u vang) hay ch\u1ea5t b\u1ea3o qu\u1ea3n \u0111\u01b0\u1ee3c s\u1eed d\u1ee5ng trong qu\u00e1 tr\u00ecnh s\u1ea3n xu\u1ea5t d\u00f2ng vang n\u00e0y.\u00a0\u00a0<\/td>\n<\/tr>\n<tr class=\"alcohol\">\n<th class=\"label\" style=\"text-align: left;\">N\u1ed3ng \u0111\u1ed9 c\u1ed3n:<\/th>\n<td>14.0%<\/td>\n<\/tr>\n<tr class=\"ph\">\n<th class=\"label\" style=\"text-align: left;\">\u0110\u1ed9 pH<\/th>\n<td>3.68<\/td>\n<\/tr>\n<tr class=\"ta\">\n<th class=\"label\" style=\"text-align: left;\">Axit:<\/th>\n<td>5.81g\/L<\/td>\n<\/tr>\n<tr class=\"total_so2\">\n<th class=\"label\" style=\"text-align: left;\">T\u1ed5ng SO2:<\/th>\n<td>0ppm<\/td>\n<\/tr>\n<tr class=\"winemaker\">\n<th class=\"label\" style=\"text-align: left;\">Nh\u00e0 s\u1ea3n xu\u1ea5t:<\/th>\n<td>Richard Freebairn<\/td>\n<\/tr>\n<\/tbody>\n<\/table>\n<p>&nbsp;<\/p>\n<p><strong>\u0110\u00c1NH GI\u00c1<\/strong><\/p>\n<p>90\/100 \u0111i\u1ec3m - \u0110\u00e1nh gi\u00e1 b\u1edfi The Wine Front<\/p>","protected":false},"excerpt":{"rendered":"<p>R\u01b0\u1ee3u Shiraz m\u1ec1m v\u00e0 nh\u1eb9, th\u1ec3 hi\u1ec7n h\u01b0\u01a1ng v\u1ecb anh \u0111\u00e0o v\u00e0 m\u00e2m x\u00f4i \u0111\u1ecf.<\/p>","protected":false},"featured_media":6845,"template":"","meta":{"_acf_changed":false},"product_brand":[],"product_cat":[2640,87],"product_tag":[],"grape_varietal":[2466],"wine_regions":[2422],"class_list":{"0":"post-2178","1":"product","2":"type-product","3":"status-publish","4":"has-post-thumbnail","6":"product_cat-catalogue","7":"product_cat-red-wine","8":"pa_brand-paxton","9":"grape_varietal-shiraz","10":"wine_regions-mclaren-vale","12":"first","13":"instock","14":"shipping-taxable","15":"product-type-simple"},"acf":[],"yoast_head":"<!-- This site is optimized with the Yoast SEO plugin v27.4 - https:\/\/yoast.com\/product\/yoast-seo-wordpress\/ -->\n<title>Paxton Organic NOW Preservative-Free Shiraz - Rada Wines<\/title>\n<meta name=\"robots\" content=\"index, follow, max-snippet:-1, max-image-preview:large, max-video-preview:-1\" \/>\n<link rel=\"canonical\" href=\"https:\/\/www.ilovewines.vn\/vi\/san-pham\/paxton-organic-now-preservative-free-shiraz-2021\/\" \/>\n<meta property=\"og:locale\" content=\"vi_VN\" \/>\n<meta property=\"og:type\" content=\"article\" \/>\n<meta property=\"og:title\" content=\"Paxton Organic NOW Preservative-Free Shiraz - Rada Wines\" \/>\n<meta property=\"og:description\" content=\"Soft and light style Shiraz showcasing Cherry and Raspberry notes.\" \/>\n<meta property=\"og:url\" content=\"https:\/\/www.ilovewines.vn\/vi\/san-pham\/paxton-organic-now-preservative-free-shiraz-2021\/\" \/>\n<meta property=\"og:site_name\" content=\"Rada Wines\" \/>\n<meta property=\"article:modified_time\" content=\"2025-05-29T10:04:24+00:00\" \/>\n<meta property=\"og:image\" content=\"https:\/\/www.ilovewines.vn\/wp-content\/uploads\/2022\/07\/Paxton_NOW_16_Shiraz_High_Res-scaled.png\" \/>\n\t<meta property=\"og:image:width\" content=\"955\" \/>\n\t<meta property=\"og:image:height\" content=\"2560\" \/>\n\t<meta property=\"og:image:type\" content=\"image\/png\" \/>\n<meta name=\"twitter:card\" content=\"summary_large_image\" \/>\n<meta name=\"twitter:label1\" content=\"\u01af\u1edbc t\u00ednh th\u1eddi gian \u0111\u1ecdc\" \/>\n\t<meta name=\"twitter:data1\" content=\"2 ph\u00fat\" \/>\n<script type=\"application\/ld+json\" class=\"yoast-schema-graph\">{\"@context\":\"https:\\\/\\\/schema.org\",\"@graph\":[{\"@type\":\"WebPage\",\"@id\":\"https:\\\/\\\/www.ilovewines.vn\\\/product\\\/paxton-organic-now-preservative-free-shiraz-2021\\\/\",\"url\":\"https:\\\/\\\/www.ilovewines.vn\\\/product\\\/paxton-organic-now-preservative-free-shiraz-2021\\\/\",\"name\":\"Paxton Organic NOW Preservative-Free Shiraz - Rada Wines\",\"isPartOf\":{\"@id\":\"https:\\\/\\\/www.ilovewines.vn\\\/#website\"},\"primaryImageOfPage\":{\"@id\":\"https:\\\/\\\/www.ilovewines.vn\\\/product\\\/paxton-organic-now-preservative-free-shiraz-2021\\\/#primaryimage\"},\"image\":{\"@id\":\"https:\\\/\\\/www.ilovewines.vn\\\/product\\\/paxton-organic-now-preservative-free-shiraz-2021\\\/#primaryimage\"},\"thumbnailUrl\":\"https:\\\/\\\/www.ilovewines.vn\\\/wp-content\\\/uploads\\\/2022\\\/07\\\/Paxton_NOW_16_Shiraz_High_Res-scaled.png\",\"datePublished\":\"2022-07-08T03:32:25+00:00\",\"dateModified\":\"2025-05-29T10:04:24+00:00\",\"breadcrumb\":{\"@id\":\"https:\\\/\\\/www.ilovewines.vn\\\/product\\\/paxton-organic-now-preservative-free-shiraz-2021\\\/#breadcrumb\"},\"inLanguage\":\"vi\",\"potentialAction\":[{\"@type\":\"ReadAction\",\"target\":[\"https:\\\/\\\/www.ilovewines.vn\\\/product\\\/paxton-organic-now-preservative-free-shiraz-2021\\\/\"]}]},{\"@type\":\"ImageObject\",\"inLanguage\":\"vi\",\"@id\":\"https:\\\/\\\/www.ilovewines.vn\\\/product\\\/paxton-organic-now-preservative-free-shiraz-2021\\\/#primaryimage\",\"url\":\"https:\\\/\\\/www.ilovewines.vn\\\/wp-content\\\/uploads\\\/2022\\\/07\\\/Paxton_NOW_16_Shiraz_High_Res-scaled.png\",\"contentUrl\":\"https:\\\/\\\/www.ilovewines.vn\\\/wp-content\\\/uploads\\\/2022\\\/07\\\/Paxton_NOW_16_Shiraz_High_Res-scaled.png\",\"width\":955,\"height\":2560},{\"@type\":\"BreadcrumbList\",\"@id\":\"https:\\\/\\\/www.ilovewines.vn\\\/product\\\/paxton-organic-now-preservative-free-shiraz-2021\\\/#breadcrumb\",\"itemListElement\":[{\"@type\":\"ListItem\",\"position\":1,\"name\":\"Home\",\"item\":\"https:\\\/\\\/www.ilovewines.vn\\\/\"},{\"@type\":\"ListItem\",\"position\":2,\"name\":\"Catalogue\",\"item\":\"https:\\\/\\\/www.ilovewines.vn\\\/catalogue\\\/\"},{\"@type\":\"ListItem\",\"position\":3,\"name\":\"Paxton Organic NOW Preservative-Free Shiraz\"}]},{\"@type\":\"WebSite\",\"@id\":\"https:\\\/\\\/www.ilovewines.vn\\\/#website\",\"url\":\"https:\\\/\\\/www.ilovewines.vn\\\/\",\"name\":\"Rada Wines\",\"description\":\"Just another WordPress site\",\"publisher\":{\"@id\":\"https:\\\/\\\/www.ilovewines.vn\\\/#organization\"},\"potentialAction\":[{\"@type\":\"SearchAction\",\"target\":{\"@type\":\"EntryPoint\",\"urlTemplate\":\"https:\\\/\\\/www.ilovewines.vn\\\/?s={search_term_string}\"},\"query-input\":{\"@type\":\"PropertyValueSpecification\",\"valueRequired\":true,\"valueName\":\"search_term_string\"}}],\"inLanguage\":\"vi\"},{\"@type\":\"Organization\",\"@id\":\"https:\\\/\\\/www.ilovewines.vn\\\/#organization\",\"name\":\"Rada Wines\",\"url\":\"https:\\\/\\\/www.ilovewines.vn\\\/\",\"logo\":{\"@type\":\"ImageObject\",\"inLanguage\":\"vi\",\"@id\":\"https:\\\/\\\/www.ilovewines.vn\\\/#\\\/schema\\\/logo\\\/image\\\/\",\"url\":\"https:\\\/\\\/www.ilovewines.vn\\\/wp-content\\\/uploads\\\/2022\\\/06\\\/cropped-162574230_380766779846763_4426584222903300096_n.jpg\",\"contentUrl\":\"https:\\\/\\\/www.ilovewines.vn\\\/wp-content\\\/uploads\\\/2022\\\/06\\\/cropped-162574230_380766779846763_4426584222903300096_n.jpg\",\"width\":320,\"height\":206,\"caption\":\"Rada Wines\"},\"image\":{\"@id\":\"https:\\\/\\\/www.ilovewines.vn\\\/#\\\/schema\\\/logo\\\/image\\\/\"}}]}<\/script>\n<!-- \/ Yoast SEO plugin. -->","yoast_head_json":{"title":"Paxton Organic NOW Preservative-Free Shiraz - Rada Wines","robots":{"index":"index","follow":"follow","max-snippet":"max-snippet:-1","max-image-preview":"max-image-preview:large","max-video-preview":"max-video-preview:-1"},"canonical":"https:\/\/www.ilovewines.vn\/vi\/san-pham\/paxton-organic-now-preservative-free-shiraz-2021\/","og_locale":"vi_VN","og_type":"article","og_title":"Paxton Organic NOW Preservative-Free Shiraz - Rada Wines","og_description":"Soft and light style Shiraz showcasing Cherry and Raspberry notes.","og_url":"https:\/\/www.ilovewines.vn\/vi\/san-pham\/paxton-organic-now-preservative-free-shiraz-2021\/","og_site_name":"Rada Wines","article_modified_time":"2025-05-29T10:04:24+00:00","og_image":[{"width":955,"height":2560,"url":"https:\/\/www.ilovewines.vn\/wp-content\/uploads\/2022\/07\/Paxton_NOW_16_Shiraz_High_Res-scaled.png","type":"image\/png"}],"twitter_card":"summary_large_image","twitter_misc":{"\u01af\u1edbc t\u00ednh th\u1eddi gian \u0111\u1ecdc":"2 ph\u00fat"},"schema":{"@context":"https:\/\/schema.org","@graph":[{"@type":"WebPage","@id":"https:\/\/www.ilovewines.vn\/product\/paxton-organic-now-preservative-free-shiraz-2021\/","url":"https:\/\/www.ilovewines.vn\/product\/paxton-organic-now-preservative-free-shiraz-2021\/","name":"Paxton Organic NOW Preservative-Free Shiraz - Rada Wines","isPartOf":{"@id":"https:\/\/www.ilovewines.vn\/#website"},"primaryImageOfPage":{"@id":"https:\/\/www.ilovewines.vn\/product\/paxton-organic-now-preservative-free-shiraz-2021\/#primaryimage"},"image":{"@id":"https:\/\/www.ilovewines.vn\/product\/paxton-organic-now-preservative-free-shiraz-2021\/#primaryimage"},"thumbnailUrl":"https:\/\/www.ilovewines.vn\/wp-content\/uploads\/2022\/07\/Paxton_NOW_16_Shiraz_High_Res-scaled.png","datePublished":"2022-07-08T03:32:25+00:00","dateModified":"2025-05-29T10:04:24+00:00","breadcrumb":{"@id":"https:\/\/www.ilovewines.vn\/product\/paxton-organic-now-preservative-free-shiraz-2021\/#breadcrumb"},"inLanguage":"vi","potentialAction":[{"@type":"ReadAction","target":["https:\/\/www.ilovewines.vn\/product\/paxton-organic-now-preservative-free-shiraz-2021\/"]}]},{"@type":"ImageObject","inLanguage":"vi","@id":"https:\/\/www.ilovewines.vn\/product\/paxton-organic-now-preservative-free-shiraz-2021\/#primaryimage","url":"https:\/\/www.ilovewines.vn\/wp-content\/uploads\/2022\/07\/Paxton_NOW_16_Shiraz_High_Res-scaled.png","contentUrl":"https:\/\/www.ilovewines.vn\/wp-content\/uploads\/2022\/07\/Paxton_NOW_16_Shiraz_High_Res-scaled.png","width":955,"height":2560},{"@type":"BreadcrumbList","@id":"https:\/\/www.ilovewines.vn\/product\/paxton-organic-now-preservative-free-shiraz-2021\/#breadcrumb","itemListElement":[{"@type":"ListItem","position":1,"name":"Home","item":"https:\/\/www.ilovewines.vn\/"},{"@type":"ListItem","position":2,"name":"Catalogue","item":"https:\/\/www.ilovewines.vn\/catalogue\/"},{"@type":"ListItem","position":3,"name":"Paxton Organic NOW Preservative-Free Shiraz"}]},{"@type":"WebSite","@id":"https:\/\/www.ilovewines.vn\/#website","url":"https:\/\/www.ilovewines.vn\/","name":"Rada Wines","description":"Just another WordPress site","publisher":{"@id":"https:\/\/www.ilovewines.vn\/#organization"},"potentialAction":[{"@type":"SearchAction","target":{"@type":"EntryPoint","urlTemplate":"https:\/\/www.ilovewines.vn\/?s={search_term_string}"},"query-input":{"@type":"PropertyValueSpecification","valueRequired":true,"valueName":"search_term_string"}}],"inLanguage":"vi"},{"@type":"Organization","@id":"https:\/\/www.ilovewines.vn\/#organization","name":"Rada Wines","url":"https:\/\/www.ilovewines.vn\/","logo":{"@type":"ImageObject","inLanguage":"vi","@id":"https:\/\/www.ilovewines.vn\/#\/schema\/logo\/image\/","url":"https:\/\/www.ilovewines.vn\/wp-content\/uploads\/2022\/06\/cropped-162574230_380766779846763_4426584222903300096_n.jpg","contentUrl":"https:\/\/www.ilovewines.vn\/wp-content\/uploads\/2022\/06\/cropped-162574230_380766779846763_4426584222903300096_n.jpg","width":320,"height":206,"caption":"Rada Wines"},"image":{"@id":"https:\/\/www.ilovewines.vn\/#\/schema\/logo\/image\/"}}]}},"_links":{"self":[{"href":"https:\/\/www.ilovewines.vn\/vi\/wp-json\/wp\/v2\/product\/2178","targetHints":{"allow":["GET"]}}],"collection":[{"href":"https:\/\/www.ilovewines.vn\/vi\/wp-json\/wp\/v2\/product"}],"about":[{"href":"https:\/\/www.ilovewines.vn\/vi\/wp-json\/wp\/v2\/types\/product"}],"version-history":[{"count":3,"href":"https:\/\/www.ilovewines.vn\/vi\/wp-json\/wp\/v2\/product\/2178\/revisions"}],"predecessor-version":[{"id":6847,"href":"https:\/\/www.ilovewines.vn\/vi\/wp-json\/wp\/v2\/product\/2178\/revisions\/6847"}],"wp:featuredmedia":[{"embeddable":true,"href":"https:\/\/www.ilovewines.vn\/vi\/wp-json\/wp\/v2\/media\/6845"}],"wp:attachment":[{"href":"https:\/\/www.ilovewines.vn\/vi\/wp-json\/wp\/v2\/media?parent=2178"}],"wp:term":[{"taxonomy":"product_brand","embeddable":true,"href":"https:\/\/www.ilovewines.vn\/vi\/wp-json\/wp\/v2\/product_brand?post=2178"},{"taxonomy":"product_cat","embeddable":true,"href":"https:\/\/www.ilovewines.vn\/vi\/wp-json\/wp\/v2\/product_cat?post=2178"},{"taxonomy":"product_tag","embeddable":true,"href":"https:\/\/www.ilovewines.vn\/vi\/wp-json\/wp\/v2\/product_tag?post=2178"},{"taxonomy":"grape_varietal","embeddable":true,"href":"https:\/\/www.ilovewines.vn\/vi\/wp-json\/wp\/v2\/grape_varietal?post=2178"},{"taxonomy":"wine_regions","embeddable":true,"href":"https:\/\/www.ilovewines.vn\/vi\/wp-json\/wp\/v2\/wine_regions?post=2178"}],"curies":[{"name":"wp","href":"https:\/\/api.w.org\/{rel}","templated":true}]}}