{"id":2180,"date":"2022-07-07T21:32:26","date_gmt":"2022-07-08T03:32:26","guid":{"rendered":"https:\/\/www.ilovewines.vn\/product\/paxton-organic-aaa-shiraz-grenache-2020\/"},"modified":"2025-05-29T03:59:23","modified_gmt":"2025-05-29T09:59:23","slug":"paxton-organic-aaa-shiraz-grenache-2020","status":"publish","type":"product","link":"https:\/\/www.ilovewines.vn\/vi\/product\/paxton-organic-aaa-shiraz-grenache-2020\/","title":{"rendered":"Paxton Organic AAA Shiraz Grenache"},"content":{"rendered":"<p>C\u00e1i t\u00ean AAA bi\u1ec3u t\u01b0\u1ee3ng cho th\u1eddi \u00f4ng ch\u1ee7 c\u1ee7a Paxton c\u00f2n b\u00e1n len t\u1ea1i Australia. Th\u1eddi \u1ea5y, ch\u1ea5t l\u01b0\u1ee3ng len cao c\u1ea5p c\u1ee7a \u00f4ng \u0111\u00e3 \u0111\u01b0\u1ee3c \u0111\u00e1nh gi\u00e1 h\u1ea1ng AAA.\u00a0S\u1ef1 k\u1ebft h\u1ee3p n\u00e0y c\u1ee7a Shiraz v\u00e0 Grenache ch\u00ednh l\u00e0 m\u1ed9t trong nh\u1eefng s\u1ef1 \u0111\u1ed9c \u0111\u00e1o c\u1ee7a th\u01b0\u01a1ng hi\u1ec7u r\u01b0\u1ee3u vang h\u1eefu c\u01a1 Paxton.<\/p>\n<p>David Paxton (nh\u00e0 tr\u1ed3ng\u00a0 nho) v\u00e0 Richard Freebairn (nh\u00e0 s\u1ea3n xu\u1ea5t r\u01b0\u1ee3u vang) \u0111\u00e3 k\u1ebft h\u1ee3p kinh nghi\u1ec7m h\u00e0ng ch\u1ee5c n\u0103m c\u1ee7a h\u1ecd, t\u1eadp trung s\u1ea3n xu\u1ea5t theo ph\u01b0\u01a1ng ph\u00e1p h\u1eefu c\u01a1 v\u00e0 sinh h\u1ecdc n\u0103ng \u0111\u1ed9ng, t\u1ea1o n\u00ean c\u00e1c d\u00f2ng r\u01b0\u1ee3u vang \u00fac\u00a0trong s\u1ea1ch nh\u1ea5t.<\/p>\n<p>\u201cSinh h\u1ecdc n\u0103ng \u0111\u1ed9ng\u201d ch\u00ednh l\u00e0 ph\u01b0\u01a1ng th\u1ee9c t\u00e2n ti\u1ebfn nh\u1ea5t trong c\u00f4ng ngh\u1ec7 canh t\u00e1c h\u1eefu c\u01a1. Paxton s\u1eed d\u1ee5ng ph\u00e2n b\u00f3n t\u1ef1 nhi\u00ean, gi\u00fap c\u00e2n b\u1eb1ng \u0111\u1ea5t tr\u1ed3ng v\u00e0 c\u00e2y tr\u1ed3ng.<\/p>\n<table class=\"custom-fields\">\n<tbody>\n<tr class=\"variety\">\n<th class=\"label\" style=\"text-align: left; height: 17px;\">Gi\u1ed1ng nho:<\/th>\n<td style=\"height: 17px;\">Shiraz (60%) Grenache (40%)<\/td>\n<\/tr>\n<tr class=\"100%\">\n<th class=\"label\" style=\"text-align: left; height: 17px;\">100%:<\/th>\n<td style=\"height: 17px;\">H\u1eefu c\u01a1 (Organic) | S\u1eed d\u1ee5ng n\u0103ng l\u01b0\u1ee3ng sinh h\u1ecdc (Biodynamic) | D\u00e0nh cho ng\u01b0\u1eddi \u0103n chay (Vegan)<\/td>\n<\/tr>\n<tr class=\"region\">\n<th class=\"label\" style=\"text-align: left; height: 18px;\">V\u00f9ng tr\u1ed3ng:<\/th>\n<td style=\"height: 18px;\">McLaren Vale<\/td>\n<\/tr>\n<tr class=\"colour\">\n<th class=\"label\" style=\"text-align: left; height: 17px;\">M\u00e0u s\u1eafc:\u00a0\u00a0<\/th>\n<td style=\"height: 17px;\">T\u00edm s\u00e1ng v\u1edbi \u00e1nh \u0111\u1ecf<\/td>\n<\/tr>\n<tr class=\"aroma\">\n<th class=\"label\" style=\"text-align: left; height: 45px;\">Kh\u1ee9u gi\u00e1c:<\/th>\n<td style=\"height: 45px;\">H\u01b0\u01a1ng th\u01a1m nh\u01b0 n\u01b0\u1edbc hoa c\u1ee7a tr\u00e1i anh \u0111\u00e0o, k\u1eb9o d\u1ebbo Th\u1ed5 Nh\u0129 K\u1ef3 v\u00e0 tr\u00e1i m\u00e2m x\u00f4i. G\u1ee3i \u00fd v\u1ec1 qu\u00e1 tr\u00ecnh l\u00ean men t\u1ef1 nhi\u00ean v\u00e0 to\u00e0n b\u1ed9 \u0111\u1eb7c \u0111i\u1ec3m t\u1eeb qu\u00e1 tr\u00ecnh n\u00e0y.<\/td>\n<\/tr>\n<tr class=\"palate\">\n<th class=\"label\" style=\"text-align: left; height: 69px;\">Kh\u1ea9u v\u1ecb:<\/th>\n<td style=\"height: 69px;\">V\u1ecb hoa qu\u1ea3 t\u01b0\u01a1i s\u00e1ng c\u00f3 th\u1ec3 c\u1ea3m nh\u1eadn ngay t\u1eeb \u0111\u1ea7u, sau \u0111\u00f3 b\u1ea1n s\u1ebd c\u1ea3m nh\u1eadn v\u1ecb m\u1ec1m m\u01b0\u1ee3t nh\u01b0 l\u1ee5a. Mang l\u1ea1i v\u1ecb m\u00e2m x\u00f4i, qu\u1ebf, cam th\u1ea3o, k\u1eb9o d\u1ebbo Th\u1ed5 Nh\u0129 K\u1ef3 v\u00e0 h\u1ea1t nh\u1ee5c \u0111\u1eadu kh\u1ea5u. L\u00e0 lo\u1ea1i vang m\u1ea1nh v\u1eeba (medium-bodied) v\u1edbi tannin v\u1eeba mi\u1ec7ng.<\/td>\n<\/tr>\n<tr class=\"drink_with\">\n<th class=\"label\" style=\"text-align: left; height: 34px;\">Th\u1ef1c ph\u1ea9m k\u1ebft h\u1ee3p:<\/th>\n<td style=\"height: 34px;\">C\u00e1c m\u00f3n \u0103n \u0111\u1eadm \u0111\u00e0, nhi\u1ec1u gia v\u1ecb, ho\u1eb7c c\u00e1c m\u00f3n n\u01b0\u1edbng, quay.<\/td>\n<\/tr>\n<tr class=\"cellaring\">\n<th class=\"label\" style=\"text-align: left; height: 60px;\">B\u1ea3o qu\u1ea3n:<\/th>\n<td style=\"height: 60px;\">\u0110em l\u1ea1i h\u01b0\u01a1ng v\u1ecb r\u1ea5t th\u00fa v\u1ecb khi \u0111\u01b0\u1ee3c u\u1ed1ng t\u1eeb khi c\u00f2n tr\u1ebb. C\u00f2n khi u\u1ed1ng sau khi vang \u0111\u00e3 \u0111\u01b0\u1ee3c b\u1ea3o qu\u1ea3n 10 - 15 n\u0103m trong h\u1ea7m, th\u00ec l\u1ea1i mang l\u1ea1i h\u01b0\u01a1ng v\u1ecb th\u01a1m ngon kh\u00e1c l\u1ea1.<\/td>\n<\/tr>\n<\/tbody>\n<\/table>\n<p><strong>QU\u00c1 TR\u00ccNH S\u1ea2N XU\u1ea4T &amp; NI\u00caN V\u1ee4 TR\u1ed2NG NHO<\/strong><\/p>\n<table class=\"custom-fields\">\n<tbody>\n<tr>\n<th class=\"label\" style=\"text-align: left;\">Ni\u00ean v\u1ee5:<\/th>\n<td>2016 l\u00e0 ni\u00ean v\u1ee5 n\u1ed5i tr\u1ed9i c\u1ee7a v\u00f9ng McLaren Vale. Sau 6 th\u00e1ng li\u00ean ti\u1ebfp h\u1ea1n h\u00e1n, cu\u1ed1i c\u00f9ng, \u0111\u1ed3ng nho \u0111\u00e3 c\u00f3 40mm n\u01b0\u1edbc m\u01b0a ngay trong tu\u1ea7n \u0111\u1ea7u ti\u00ean c\u1ee7a th\u00e1ng 2\/2016. \u0110i\u1ec1u n\u00e0y \u0111\u00e3 gi\u00fap cho l\u01b0\u1ee3ng axit trong nho \u0111\u1ea1t \u0111\u1ee7 ti\u00eau chu\u1ea9n, khi\u1ebfn tr\u00e1i nho \u0111\u1ea1t v\u1ecb ngon c\u00e2n b\u1eb1ng. N\u0103ng su\u1ea5t thu ho\u1ea1ch n\u0103m 2016 v\u01b0\u1ee3t ngo\u00e0i s\u1ee9c mong \u0111\u1ee3i v\u1edbi ch\u1ea5t l\u01b0\u1ee3ng tuy\u1ec7t h\u1ea3o.<\/td>\n<\/tr>\n<tr class=\"vintage\">\n<th class=\"label\" style=\"text-align: left;\">Ni\u00ean v\u1ee5:<\/th>\n<td>N\u0103m 2017 l\u00e0 m\u1ed9t ni\u00ean v\u1ee5 tuy\u1ec7t v\u1eddi \u0111\u1ed1i v\u1edbi ho\u1ea1t \u0111\u1ed9ng s\u1ea3n xu\u1ea5t r\u01b0\u1ee3u vang \u1edf McLaren Vale. Ch\u00fang t\u00f4i \u0111\u00e3 c\u00f3 m\u1ed9t m\u00f9a \u0111\u00f4ng c\u1ef1c k\u1ef3 \u1ea9m \u01b0\u1edbt v\u00e0 v\u01b0\u1eddn nho c\u1ee7a ch\u00fang t\u00f4i \u0111\u00e3 \u0111\u1ea1t \u0111\u1ebfn \u0111i\u1ec3m b\u00e3o h\u00f2a ho\u00e0n to\u00e0n. M\u00f9a xu\u00e2n ra hoa \u0111\u1eadu tr\u00e1i r\u1ea5t ph\u00f9 h\u1ee3p. M\u01b0a k\u00e9o d\u00e0i su\u1ed1t m\u00f9a h\u00e8 v\u00e0 nh\u1eefng ng\u00e0y \u00f4n h\u00f2a v\u1edbi nh\u1eefng \u0111\u00eam m\u00e1t m\u1ebb cho ph\u00e9p nho ch\u00edn ch\u1eadm. Nh\u1eefng \u0111i\u1ec1u ki\u1ec7n n\u00e0y t\u1ea1o ra r\u01b0\u1ee3u m\u00e0u tr\u1eafng c\u00f3 m\u00f9i th\u01a1m v\u1edbi \u0111\u1ed9 axit th\u1ea5p h\u01a1n v\u00e0 m\u00e0u \u0111\u1ecf thanh l\u1ecbch v\u1edbi h\u01b0\u01a1ng v\u1ecb ch\u1ee7 y\u1ebfu l\u00e0 tr\u00e1i c\u00e2y r\u1ea5t h\u1ea5p d\u1eabn v\u00e0 \u0111\u1ed9 c\u1ed3n th\u1ea5p h\u01a1n.<\/td>\n<\/tr>\n<tr class=\"vinification\">\n<th class=\"label\" style=\"text-align: left;\">Qu\u00e1 tr\u00ecnh s\u1ea3n xu\u1ea5t:<\/th>\n<td>T\u1eebng th\u00f9ng nho Shiraz v\u00e0 Grenache \u0111\u01b0\u1ee3c thu ho\u1ea1ch ch\u1ecdn l\u1ecdc, \u0111\u00fang th\u1eddi \u0111i\u1ec3m khi tr\u00e1i nho \u0111\u00e3 \u0111\u1ea1t \u0111\u1ed9 ng\u1ecdt v\u00e0 h\u01b0\u01a1ng v\u1ecb c\u00e2n b\u1eb1ng ho\u00e0n h\u1ea3o. Ch\u00fang lu\u00f4n \u0111\u01b0\u1ee3c \u0111\u1eb7t t\u00e1ch bi\u1ec7t v\u1edbi nhau trong su\u1ed1t qu\u00e1 tr\u00ecnh s\u1ea3n xu\u1ea5t.\n\nQu\u00e1 tr\u00ecnh l\u00ean men \u0111\u01b0\u1ee3c th\u1ef1c hi\u1ec7n v\u1edbi n\u1eafp th\u00f9ng m\u1edf, v\u00e0 m\u1ed7i th\u00f9ng \u0111\u01b0\u1ee3c b\u01a1m li\u00ean t\u1ee5c 2 l\u1ea7n \/ ng\u00e0y trong 14 ng\u00e0y li\u00ean ti\u1ebfp. M\u1ee5c \u0111\u00edch l\u00e0 \u0111\u1ec3 chi\u1ebft xu\u1ea5t m\u00e0u s\u1eafc, h\u01b0\u01a1ng v\u1ecb v\u00e0 tannin t\u1eeb nh\u1eefng tr\u00e1i nho. Men nho sau \u0111\u00f3 s\u1ebd \u0111\u01b0\u1ee3c \u00e9p v\u00e0o c\u00e1c th\u00f9ng g\u1ed7 s\u1ed3i Ph\u00e1p v\u00e0 Hungary, n\u01a1i men \u0111\u01b0\u1ee3c nu\u00f4i trong 12 th\u00e1ng li\u00ean ti\u1ebfp, tr\u01b0\u1edbc khi \u0111\u01b0\u1ee3c \u0111em \u0111i pha tr\u1ed9n r\u1ed3i \u0111\u00f3ng chai.<\/td>\n<\/tr>\n<tr class=\"alcohol\">\n<th class=\"label\" style=\"text-align: left;\">N\u1ed3ng \u0111\u1ed9 c\u1ed3n:<\/th>\n<td>13.5%<\/td>\n<\/tr>\n<tr class=\"ph\">\n<th class=\"label\" style=\"text-align: left;\">\u0110\u1ed9 pH<\/th>\n<td>3.56<\/td>\n<\/tr>\n<tr class=\"ta\">\n<th class=\"label\" style=\"text-align: left;\">Axit:<\/th>\n<td>5.32g\/L<\/td>\n<\/tr>\n<tr class=\"total_so2\">\n<th class=\"label\" style=\"text-align: left;\">T\u1ed5ng SO2:<\/th>\n<td>65ppm<\/td>\n<\/tr>\n<tr class=\"winemaker\">\n<th class=\"label\" style=\"text-align: left;\">Nh\u00e0 s\u1ea3n xu\u1ea5t:<\/th>\n<td>Richard Freebairn<\/td>\n<\/tr>\n<\/tbody>\n<\/table>\n<p>&nbsp;<\/p>\n<p><strong>\u0110\u00c1NH GI\u00c1 T\u1eea C\u00c1C CHUY\u00caN GIA<\/strong><\/p>\n<p><strong>90 Points (2016 Vintage) &#8211; Reviewed by Huon Hooke &#8211; The Real Review in 2019<\/strong><\/p>\n<p>H\u1ea5p d\u1eabn c\u1ee7a h\u01b0\u01a1ng th\u01a1m gia v\u1ecb tinh t\u1ebf, s\u1ea1ch s\u1ebd v\u00e0 t\u01b0\u01a1i v\u00e0 c\u00e2n b\u1eb1ng, v\u00f2m mi\u1ec7ng c\u0169ng d\u1ec5 d\u00e0ng truy c\u1eadp v\u00e0 c\u00e2n b\u1eb1ng \u0111\u1ec3 u\u1ed1ng s\u1edbm.<br \/>\nR\u01b0\u1ee3u vang thu\u1ed9c d\u1ea1ng m\u1ea1nh v\u1eeba \u0111\u1ebfn m\u1ea1nh (medium to full-bodied)\u00a0v\u00e0 tr\u00f2n v\u1edbi tannin m\u1ec1m v\u00e0 ph\u1ee9c t\u1ea1p, m\u1eb7n th\u00fa v\u1ecb ngay l\u1eadp t\u1ee9c.<\/p>\n<p><strong>93 Points (2016 Vintage) &#8211; Reviewed by Dan Murphy&#8217;s Wine Panel<\/strong><\/p>\n<p>M\u00e0u \u0111\u1ecf r\u1ef1c v\u00e0 m\u00e0u s\u1eafc. C\u1ef1c k\u1ef3 t\u01b0\u01a1i, \u0111\u1ecf v\u00e0 xanh theo m\u00e0u tr\u00e1i c\u00e2y, v\u1ecb cam th\u1ea3o cay v\u00e0 h\u01b0\u01a1ng h\u1ea1t ti\u00eau tr\u00ean m\u0169i. V\u00f2m mi\u1ec7ng sang tr\u1ecdng v\u00e0 b\u00e3o h\u00f2a, ph\u1ee9c t\u1ea1p, c\u00f3 v\u1ecb g\u1ed7 tuy\u1ebft t\u00f9ng. V\u1ecb \u0111\u1ecdng l\u1ea1i l\u00e2u d\u00e0i v\u00e0 d\u1ec5 c\u1ea3m nh\u1eadn tannin. R\u1ea5t d\u1ec5 ch\u1ecbu. D\u00f2ng vang \u0111\u1eb9p.<\/p>","protected":false},"excerpt":{"rendered":"<p>R\u01b0\u1ee3u c\u00f3 v\u1ecb cay pha tr\u1ed9n t\u1eeb hai gi\u1ed1ng nho Shiraz &amp; Grenache<\/p>","protected":false},"featured_media":6843,"template":"","meta":{"_acf_changed":false},"product_brand":[],"product_cat":[2640,87],"product_tag":[],"grape_varietal":[2470,2466],"wine_regions":[2422],"class_list":{"0":"post-2180","1":"product","2":"type-product","3":"status-publish","4":"has-post-thumbnail","6":"product_cat-catalogue","7":"product_cat-red-wine","8":"pa_brand-paxton","9":"grape_varietal-grenache","10":"grape_varietal-shiraz","11":"wine_regions-mclaren-vale","13":"first","14":"instock","15":"shipping-taxable","16":"product-type-simple"},"acf":[],"yoast_head":"<!-- This site is optimized with the Yoast SEO plugin v27.4 - https:\/\/yoast.com\/product\/yoast-seo-wordpress\/ -->\n<title>Paxton Organic AAA Shiraz Grenache - Rada Wines<\/title>\n<meta name=\"robots\" content=\"index, follow, max-snippet:-1, max-image-preview:large, max-video-preview:-1\" \/>\n<link rel=\"canonical\" href=\"https:\/\/www.ilovewines.vn\/vi\/san-pham\/paxton-organic-aaa-shiraz-grenache-2020\/\" \/>\n<meta property=\"og:locale\" content=\"vi_VN\" \/>\n<meta property=\"og:type\" content=\"article\" \/>\n<meta property=\"og:title\" content=\"Paxton Organic AAA Shiraz Grenache - Rada Wines\" \/>\n<meta property=\"og:description\" content=\"Spicy blend of Shiraz and Grenache grapes.\" \/>\n<meta property=\"og:url\" content=\"https:\/\/www.ilovewines.vn\/vi\/san-pham\/paxton-organic-aaa-shiraz-grenache-2020\/\" \/>\n<meta property=\"og:site_name\" content=\"Rada Wines\" \/>\n<meta property=\"article:modified_time\" content=\"2025-05-29T09:59:23+00:00\" \/>\n<meta property=\"og:image\" content=\"https:\/\/www.ilovewines.vn\/wp-content\/uploads\/2022\/07\/Paxton-aaa-shiraz-grenache-transparent.png\" \/>\n\t<meta property=\"og:image:width\" content=\"600\" \/>\n\t<meta property=\"og:image:height\" content=\"600\" \/>\n\t<meta property=\"og:image:type\" content=\"image\/png\" \/>\n<meta name=\"twitter:card\" content=\"summary_large_image\" \/>\n<meta name=\"twitter:label1\" content=\"\u01af\u1edbc t\u00ednh th\u1eddi gian \u0111\u1ecdc\" \/>\n\t<meta name=\"twitter:data1\" content=\"3 ph\u00fat\" \/>\n<script type=\"application\/ld+json\" class=\"yoast-schema-graph\">{\"@context\":\"https:\\\/\\\/schema.org\",\"@graph\":[{\"@type\":\"WebPage\",\"@id\":\"https:\\\/\\\/www.ilovewines.vn\\\/product\\\/paxton-organic-aaa-shiraz-grenache-2020\\\/\",\"url\":\"https:\\\/\\\/www.ilovewines.vn\\\/product\\\/paxton-organic-aaa-shiraz-grenache-2020\\\/\",\"name\":\"Paxton Organic AAA Shiraz Grenache - Rada Wines\",\"isPartOf\":{\"@id\":\"https:\\\/\\\/www.ilovewines.vn\\\/#website\"},\"primaryImageOfPage\":{\"@id\":\"https:\\\/\\\/www.ilovewines.vn\\\/product\\\/paxton-organic-aaa-shiraz-grenache-2020\\\/#primaryimage\"},\"image\":{\"@id\":\"https:\\\/\\\/www.ilovewines.vn\\\/product\\\/paxton-organic-aaa-shiraz-grenache-2020\\\/#primaryimage\"},\"thumbnailUrl\":\"https:\\\/\\\/www.ilovewines.vn\\\/wp-content\\\/uploads\\\/2022\\\/07\\\/Paxton-aaa-shiraz-grenache-transparent.png\",\"datePublished\":\"2022-07-08T03:32:26+00:00\",\"dateModified\":\"2025-05-29T09:59:23+00:00\",\"breadcrumb\":{\"@id\":\"https:\\\/\\\/www.ilovewines.vn\\\/product\\\/paxton-organic-aaa-shiraz-grenache-2020\\\/#breadcrumb\"},\"inLanguage\":\"vi\",\"potentialAction\":[{\"@type\":\"ReadAction\",\"target\":[\"https:\\\/\\\/www.ilovewines.vn\\\/product\\\/paxton-organic-aaa-shiraz-grenache-2020\\\/\"]}]},{\"@type\":\"ImageObject\",\"inLanguage\":\"vi\",\"@id\":\"https:\\\/\\\/www.ilovewines.vn\\\/product\\\/paxton-organic-aaa-shiraz-grenache-2020\\\/#primaryimage\",\"url\":\"https:\\\/\\\/www.ilovewines.vn\\\/wp-content\\\/uploads\\\/2022\\\/07\\\/Paxton-aaa-shiraz-grenache-transparent.png\",\"contentUrl\":\"https:\\\/\\\/www.ilovewines.vn\\\/wp-content\\\/uploads\\\/2022\\\/07\\\/Paxton-aaa-shiraz-grenache-transparent.png\",\"width\":600,\"height\":600},{\"@type\":\"BreadcrumbList\",\"@id\":\"https:\\\/\\\/www.ilovewines.vn\\\/product\\\/paxton-organic-aaa-shiraz-grenache-2020\\\/#breadcrumb\",\"itemListElement\":[{\"@type\":\"ListItem\",\"position\":1,\"name\":\"Home\",\"item\":\"https:\\\/\\\/www.ilovewines.vn\\\/\"},{\"@type\":\"ListItem\",\"position\":2,\"name\":\"Catalogue\",\"item\":\"https:\\\/\\\/www.ilovewines.vn\\\/catalogue\\\/\"},{\"@type\":\"ListItem\",\"position\":3,\"name\":\"Paxton Organic AAA Shiraz Grenache\"}]},{\"@type\":\"WebSite\",\"@id\":\"https:\\\/\\\/www.ilovewines.vn\\\/#website\",\"url\":\"https:\\\/\\\/www.ilovewines.vn\\\/\",\"name\":\"Rada Wines\",\"description\":\"Just another WordPress site\",\"publisher\":{\"@id\":\"https:\\\/\\\/www.ilovewines.vn\\\/#organization\"},\"potentialAction\":[{\"@type\":\"SearchAction\",\"target\":{\"@type\":\"EntryPoint\",\"urlTemplate\":\"https:\\\/\\\/www.ilovewines.vn\\\/?s={search_term_string}\"},\"query-input\":{\"@type\":\"PropertyValueSpecification\",\"valueRequired\":true,\"valueName\":\"search_term_string\"}}],\"inLanguage\":\"vi\"},{\"@type\":\"Organization\",\"@id\":\"https:\\\/\\\/www.ilovewines.vn\\\/#organization\",\"name\":\"Rada Wines\",\"url\":\"https:\\\/\\\/www.ilovewines.vn\\\/\",\"logo\":{\"@type\":\"ImageObject\",\"inLanguage\":\"vi\",\"@id\":\"https:\\\/\\\/www.ilovewines.vn\\\/#\\\/schema\\\/logo\\\/image\\\/\",\"url\":\"https:\\\/\\\/www.ilovewines.vn\\\/wp-content\\\/uploads\\\/2022\\\/06\\\/cropped-162574230_380766779846763_4426584222903300096_n.jpg\",\"contentUrl\":\"https:\\\/\\\/www.ilovewines.vn\\\/wp-content\\\/uploads\\\/2022\\\/06\\\/cropped-162574230_380766779846763_4426584222903300096_n.jpg\",\"width\":320,\"height\":206,\"caption\":\"Rada Wines\"},\"image\":{\"@id\":\"https:\\\/\\\/www.ilovewines.vn\\\/#\\\/schema\\\/logo\\\/image\\\/\"}}]}<\/script>\n<!-- \/ Yoast SEO plugin. -->","yoast_head_json":{"title":"Paxton Organic AAA Shiraz Grenache - Rada Wines","robots":{"index":"index","follow":"follow","max-snippet":"max-snippet:-1","max-image-preview":"max-image-preview:large","max-video-preview":"max-video-preview:-1"},"canonical":"https:\/\/www.ilovewines.vn\/vi\/san-pham\/paxton-organic-aaa-shiraz-grenache-2020\/","og_locale":"vi_VN","og_type":"article","og_title":"Paxton Organic AAA Shiraz Grenache - Rada Wines","og_description":"Spicy blend of Shiraz and Grenache grapes.","og_url":"https:\/\/www.ilovewines.vn\/vi\/san-pham\/paxton-organic-aaa-shiraz-grenache-2020\/","og_site_name":"Rada Wines","article_modified_time":"2025-05-29T09:59:23+00:00","og_image":[{"width":600,"height":600,"url":"https:\/\/www.ilovewines.vn\/wp-content\/uploads\/2022\/07\/Paxton-aaa-shiraz-grenache-transparent.png","type":"image\/png"}],"twitter_card":"summary_large_image","twitter_misc":{"\u01af\u1edbc t\u00ednh th\u1eddi gian \u0111\u1ecdc":"3 ph\u00fat"},"schema":{"@context":"https:\/\/schema.org","@graph":[{"@type":"WebPage","@id":"https:\/\/www.ilovewines.vn\/product\/paxton-organic-aaa-shiraz-grenache-2020\/","url":"https:\/\/www.ilovewines.vn\/product\/paxton-organic-aaa-shiraz-grenache-2020\/","name":"Paxton Organic AAA Shiraz Grenache - Rada Wines","isPartOf":{"@id":"https:\/\/www.ilovewines.vn\/#website"},"primaryImageOfPage":{"@id":"https:\/\/www.ilovewines.vn\/product\/paxton-organic-aaa-shiraz-grenache-2020\/#primaryimage"},"image":{"@id":"https:\/\/www.ilovewines.vn\/product\/paxton-organic-aaa-shiraz-grenache-2020\/#primaryimage"},"thumbnailUrl":"https:\/\/www.ilovewines.vn\/wp-content\/uploads\/2022\/07\/Paxton-aaa-shiraz-grenache-transparent.png","datePublished":"2022-07-08T03:32:26+00:00","dateModified":"2025-05-29T09:59:23+00:00","breadcrumb":{"@id":"https:\/\/www.ilovewines.vn\/product\/paxton-organic-aaa-shiraz-grenache-2020\/#breadcrumb"},"inLanguage":"vi","potentialAction":[{"@type":"ReadAction","target":["https:\/\/www.ilovewines.vn\/product\/paxton-organic-aaa-shiraz-grenache-2020\/"]}]},{"@type":"ImageObject","inLanguage":"vi","@id":"https:\/\/www.ilovewines.vn\/product\/paxton-organic-aaa-shiraz-grenache-2020\/#primaryimage","url":"https:\/\/www.ilovewines.vn\/wp-content\/uploads\/2022\/07\/Paxton-aaa-shiraz-grenache-transparent.png","contentUrl":"https:\/\/www.ilovewines.vn\/wp-content\/uploads\/2022\/07\/Paxton-aaa-shiraz-grenache-transparent.png","width":600,"height":600},{"@type":"BreadcrumbList","@id":"https:\/\/www.ilovewines.vn\/product\/paxton-organic-aaa-shiraz-grenache-2020\/#breadcrumb","itemListElement":[{"@type":"ListItem","position":1,"name":"Home","item":"https:\/\/www.ilovewines.vn\/"},{"@type":"ListItem","position":2,"name":"Catalogue","item":"https:\/\/www.ilovewines.vn\/catalogue\/"},{"@type":"ListItem","position":3,"name":"Paxton Organic AAA Shiraz Grenache"}]},{"@type":"WebSite","@id":"https:\/\/www.ilovewines.vn\/#website","url":"https:\/\/www.ilovewines.vn\/","name":"Rada Wines","description":"Just another WordPress site","publisher":{"@id":"https:\/\/www.ilovewines.vn\/#organization"},"potentialAction":[{"@type":"SearchAction","target":{"@type":"EntryPoint","urlTemplate":"https:\/\/www.ilovewines.vn\/?s={search_term_string}"},"query-input":{"@type":"PropertyValueSpecification","valueRequired":true,"valueName":"search_term_string"}}],"inLanguage":"vi"},{"@type":"Organization","@id":"https:\/\/www.ilovewines.vn\/#organization","name":"Rada Wines","url":"https:\/\/www.ilovewines.vn\/","logo":{"@type":"ImageObject","inLanguage":"vi","@id":"https:\/\/www.ilovewines.vn\/#\/schema\/logo\/image\/","url":"https:\/\/www.ilovewines.vn\/wp-content\/uploads\/2022\/06\/cropped-162574230_380766779846763_4426584222903300096_n.jpg","contentUrl":"https:\/\/www.ilovewines.vn\/wp-content\/uploads\/2022\/06\/cropped-162574230_380766779846763_4426584222903300096_n.jpg","width":320,"height":206,"caption":"Rada Wines"},"image":{"@id":"https:\/\/www.ilovewines.vn\/#\/schema\/logo\/image\/"}}]}},"_links":{"self":[{"href":"https:\/\/www.ilovewines.vn\/vi\/wp-json\/wp\/v2\/product\/2180","targetHints":{"allow":["GET"]}}],"collection":[{"href":"https:\/\/www.ilovewines.vn\/vi\/wp-json\/wp\/v2\/product"}],"about":[{"href":"https:\/\/www.ilovewines.vn\/vi\/wp-json\/wp\/v2\/types\/product"}],"version-history":[{"count":3,"href":"https:\/\/www.ilovewines.vn\/vi\/wp-json\/wp\/v2\/product\/2180\/revisions"}],"predecessor-version":[{"id":4605,"href":"https:\/\/www.ilovewines.vn\/vi\/wp-json\/wp\/v2\/product\/2180\/revisions\/4605"}],"wp:featuredmedia":[{"embeddable":true,"href":"https:\/\/www.ilovewines.vn\/vi\/wp-json\/wp\/v2\/media\/6843"}],"wp:attachment":[{"href":"https:\/\/www.ilovewines.vn\/vi\/wp-json\/wp\/v2\/media?parent=2180"}],"wp:term":[{"taxonomy":"product_brand","embeddable":true,"href":"https:\/\/www.ilovewines.vn\/vi\/wp-json\/wp\/v2\/product_brand?post=2180"},{"taxonomy":"product_cat","embeddable":true,"href":"https:\/\/www.ilovewines.vn\/vi\/wp-json\/wp\/v2\/product_cat?post=2180"},{"taxonomy":"product_tag","embeddable":true,"href":"https:\/\/www.ilovewines.vn\/vi\/wp-json\/wp\/v2\/product_tag?post=2180"},{"taxonomy":"grape_varietal","embeddable":true,"href":"https:\/\/www.ilovewines.vn\/vi\/wp-json\/wp\/v2\/grape_varietal?post=2180"},{"taxonomy":"wine_regions","embeddable":true,"href":"https:\/\/www.ilovewines.vn\/vi\/wp-json\/wp\/v2\/wine_regions?post=2180"}],"curies":[{"name":"wp","href":"https:\/\/api.w.org\/{rel}","templated":true}]}}