{"id":2186,"date":"2022-07-07T21:32:27","date_gmt":"2022-07-08T03:32:27","guid":{"rendered":"https:\/\/www.ilovewines.vn\/product\/one-pound-per-acre-cabernet-sauvignon\/"},"modified":"2025-04-15T00:57:57","modified_gmt":"2025-04-15T06:57:57","slug":"one-pound-per-acre-cabernet-sauvignon","status":"publish","type":"product","link":"https:\/\/www.ilovewines.vn\/vi\/product\/one-pound-per-acre-cabernet-sauvignon\/","title":{"rendered":"One Pound Per Acre Cabernet Sauvignon"},"content":{"rendered":"<p><strong>C\u1ea2M QUAN<\/strong><\/p>\n<p><strong>Lo\u1ea1i nho<\/strong>: Cabernet Sauvignon<\/p>\n<p><strong>V\u00f9ng tr\u1ed3ng<\/strong>: Nam \u00dac<\/p>\n<p><strong>Th\u1ecb Gi\u00e1c<\/strong>: M\u00e0u t\u00edm \u0111\u1eadm<\/p>\n<p><strong>Kh\u1ee9u gi\u00e1c<\/strong>: H\u01b0\u01a1ng d\u00e2u \u0111en, d\u00e2u t\u1eb1m v\u00e0 h\u01b0\u01a1ng l\u00e1 c\u00e2y ng\u00e0o ng\u1ea1t\u00a0<\/p>\n<p><strong>V\u1ecb gi\u00e1c<\/strong>: V\u1ecb tr\u00e1i c\u00e2y \u0111en v\u00e0 t\u00edm, v\u1edbi \u201cb\u1ed9 khung\u201d l\u00e0 tannin m\u1ec1m m\u1ea1i, tinh x\u1ea3o<\/p>\n<p><strong>U\u1ed1ng ngay<\/strong>: Th\u01b0\u1edfng th\u1ee9c ngay!<\/p>","protected":false},"excerpt":{"rendered":"<p>R\u01b0\u1ee3u Barossa Gi\u00e1 tr\u1ecb tuy\u1ec7t v\u1eddi<\/p>","protected":false},"featured_media":6827,"template":"","meta":{"_acf_changed":false},"product_brand":[],"product_cat":[2640,87],"product_tag":[],"grape_varietal":[2467],"wine_regions":[2410],"class_list":{"0":"post-2186","1":"product","2":"type-product","3":"status-publish","4":"has-post-thumbnail","6":"product_cat-catalogue","7":"product_cat-red-wine","8":"pa_brand-seppeltsfield","9":"grape_varietal-cabernet-sauvignon","10":"wine_regions-south-australia","12":"first","13":"instock","14":"shipping-taxable","15":"product-type-simple"},"acf":[],"yoast_head":"<!-- This site is optimized with the Yoast SEO plugin v27.4 - https:\/\/yoast.com\/product\/yoast-seo-wordpress\/ -->\n<title>One Pound Per Acre Cabernet Sauvignon - Rada Wines<\/title>\n<meta name=\"robots\" content=\"index, follow, max-snippet:-1, max-image-preview:large, max-video-preview:-1\" \/>\n<link rel=\"canonical\" href=\"https:\/\/www.ilovewines.vn\/vi\/san-pham\/one-pound-per-acre-cabernet-sauvignon\/\" \/>\n<meta property=\"og:locale\" content=\"vi_VN\" \/>\n<meta property=\"og:type\" content=\"article\" \/>\n<meta property=\"og:title\" content=\"One Pound Per Acre Cabernet Sauvignon - Rada Wines\" \/>\n<meta property=\"og:description\" content=\"Great Value Barossa\" \/>\n<meta property=\"og:url\" content=\"https:\/\/www.ilovewines.vn\/vi\/san-pham\/one-pound-per-acre-cabernet-sauvignon\/\" \/>\n<meta property=\"og:site_name\" content=\"Rada Wines\" \/>\n<meta property=\"article:modified_time\" content=\"2025-04-15T06:57:57+00:00\" \/>\n<meta property=\"og:image\" content=\"https:\/\/www.ilovewines.vn\/wp-content\/uploads\/2022\/07\/One-Pound-Cab-Sauv-new.png\" \/>\n\t<meta property=\"og:image:width\" content=\"960\" \/>\n\t<meta property=\"og:image:height\" content=\"1280\" \/>\n\t<meta property=\"og:image:type\" content=\"image\/png\" \/>\n<meta name=\"twitter:card\" content=\"summary_large_image\" \/>\n<meta name=\"twitter:label1\" content=\"\u01af\u1edbc t\u00ednh th\u1eddi gian \u0111\u1ecdc\" \/>\n\t<meta name=\"twitter:data1\" content=\"1 ph\u00fat\" \/>\n<script type=\"application\/ld+json\" class=\"yoast-schema-graph\">{\"@context\":\"https:\\\/\\\/schema.org\",\"@graph\":[{\"@type\":\"WebPage\",\"@id\":\"https:\\\/\\\/www.ilovewines.vn\\\/product\\\/one-pound-per-acre-cabernet-sauvignon\\\/\",\"url\":\"https:\\\/\\\/www.ilovewines.vn\\\/product\\\/one-pound-per-acre-cabernet-sauvignon\\\/\",\"name\":\"One Pound Per Acre Cabernet Sauvignon - Rada Wines\",\"isPartOf\":{\"@id\":\"https:\\\/\\\/www.ilovewines.vn\\\/#website\"},\"primaryImageOfPage\":{\"@id\":\"https:\\\/\\\/www.ilovewines.vn\\\/product\\\/one-pound-per-acre-cabernet-sauvignon\\\/#primaryimage\"},\"image\":{\"@id\":\"https:\\\/\\\/www.ilovewines.vn\\\/product\\\/one-pound-per-acre-cabernet-sauvignon\\\/#primaryimage\"},\"thumbnailUrl\":\"https:\\\/\\\/www.ilovewines.vn\\\/wp-content\\\/uploads\\\/2022\\\/07\\\/One-Pound-Cab-Sauv-new.png\",\"datePublished\":\"2022-07-08T03:32:27+00:00\",\"dateModified\":\"2025-04-15T06:57:57+00:00\",\"breadcrumb\":{\"@id\":\"https:\\\/\\\/www.ilovewines.vn\\\/product\\\/one-pound-per-acre-cabernet-sauvignon\\\/#breadcrumb\"},\"inLanguage\":\"vi\",\"potentialAction\":[{\"@type\":\"ReadAction\",\"target\":[\"https:\\\/\\\/www.ilovewines.vn\\\/product\\\/one-pound-per-acre-cabernet-sauvignon\\\/\"]}]},{\"@type\":\"ImageObject\",\"inLanguage\":\"vi\",\"@id\":\"https:\\\/\\\/www.ilovewines.vn\\\/product\\\/one-pound-per-acre-cabernet-sauvignon\\\/#primaryimage\",\"url\":\"https:\\\/\\\/www.ilovewines.vn\\\/wp-content\\\/uploads\\\/2022\\\/07\\\/One-Pound-Cab-Sauv-new.png\",\"contentUrl\":\"https:\\\/\\\/www.ilovewines.vn\\\/wp-content\\\/uploads\\\/2022\\\/07\\\/One-Pound-Cab-Sauv-new.png\",\"width\":960,\"height\":1280},{\"@type\":\"BreadcrumbList\",\"@id\":\"https:\\\/\\\/www.ilovewines.vn\\\/product\\\/one-pound-per-acre-cabernet-sauvignon\\\/#breadcrumb\",\"itemListElement\":[{\"@type\":\"ListItem\",\"position\":1,\"name\":\"Home\",\"item\":\"https:\\\/\\\/www.ilovewines.vn\\\/\"},{\"@type\":\"ListItem\",\"position\":2,\"name\":\"Catalogue\",\"item\":\"https:\\\/\\\/www.ilovewines.vn\\\/catalogue\\\/\"},{\"@type\":\"ListItem\",\"position\":3,\"name\":\"One Pound Per Acre Cabernet Sauvignon\"}]},{\"@type\":\"WebSite\",\"@id\":\"https:\\\/\\\/www.ilovewines.vn\\\/#website\",\"url\":\"https:\\\/\\\/www.ilovewines.vn\\\/\",\"name\":\"Rada Wines\",\"description\":\"Just another WordPress site\",\"publisher\":{\"@id\":\"https:\\\/\\\/www.ilovewines.vn\\\/#organization\"},\"potentialAction\":[{\"@type\":\"SearchAction\",\"target\":{\"@type\":\"EntryPoint\",\"urlTemplate\":\"https:\\\/\\\/www.ilovewines.vn\\\/?s={search_term_string}\"},\"query-input\":{\"@type\":\"PropertyValueSpecification\",\"valueRequired\":true,\"valueName\":\"search_term_string\"}}],\"inLanguage\":\"vi\"},{\"@type\":\"Organization\",\"@id\":\"https:\\\/\\\/www.ilovewines.vn\\\/#organization\",\"name\":\"Rada Wines\",\"url\":\"https:\\\/\\\/www.ilovewines.vn\\\/\",\"logo\":{\"@type\":\"ImageObject\",\"inLanguage\":\"vi\",\"@id\":\"https:\\\/\\\/www.ilovewines.vn\\\/#\\\/schema\\\/logo\\\/image\\\/\",\"url\":\"https:\\\/\\\/www.ilovewines.vn\\\/wp-content\\\/uploads\\\/2022\\\/06\\\/cropped-162574230_380766779846763_4426584222903300096_n.jpg\",\"contentUrl\":\"https:\\\/\\\/www.ilovewines.vn\\\/wp-content\\\/uploads\\\/2022\\\/06\\\/cropped-162574230_380766779846763_4426584222903300096_n.jpg\",\"width\":320,\"height\":206,\"caption\":\"Rada Wines\"},\"image\":{\"@id\":\"https:\\\/\\\/www.ilovewines.vn\\\/#\\\/schema\\\/logo\\\/image\\\/\"}}]}<\/script>\n<!-- \/ Yoast SEO plugin. -->","yoast_head_json":{"title":"One Pound Per Acre Cabernet Sauvignon - Rada Wines","robots":{"index":"index","follow":"follow","max-snippet":"max-snippet:-1","max-image-preview":"max-image-preview:large","max-video-preview":"max-video-preview:-1"},"canonical":"https:\/\/www.ilovewines.vn\/vi\/san-pham\/one-pound-per-acre-cabernet-sauvignon\/","og_locale":"vi_VN","og_type":"article","og_title":"One Pound Per Acre Cabernet Sauvignon - Rada Wines","og_description":"Great Value Barossa","og_url":"https:\/\/www.ilovewines.vn\/vi\/san-pham\/one-pound-per-acre-cabernet-sauvignon\/","og_site_name":"Rada Wines","article_modified_time":"2025-04-15T06:57:57+00:00","og_image":[{"width":960,"height":1280,"url":"https:\/\/www.ilovewines.vn\/wp-content\/uploads\/2022\/07\/One-Pound-Cab-Sauv-new.png","type":"image\/png"}],"twitter_card":"summary_large_image","twitter_misc":{"\u01af\u1edbc t\u00ednh th\u1eddi gian \u0111\u1ecdc":"1 ph\u00fat"},"schema":{"@context":"https:\/\/schema.org","@graph":[{"@type":"WebPage","@id":"https:\/\/www.ilovewines.vn\/product\/one-pound-per-acre-cabernet-sauvignon\/","url":"https:\/\/www.ilovewines.vn\/product\/one-pound-per-acre-cabernet-sauvignon\/","name":"One Pound Per Acre Cabernet Sauvignon - Rada Wines","isPartOf":{"@id":"https:\/\/www.ilovewines.vn\/#website"},"primaryImageOfPage":{"@id":"https:\/\/www.ilovewines.vn\/product\/one-pound-per-acre-cabernet-sauvignon\/#primaryimage"},"image":{"@id":"https:\/\/www.ilovewines.vn\/product\/one-pound-per-acre-cabernet-sauvignon\/#primaryimage"},"thumbnailUrl":"https:\/\/www.ilovewines.vn\/wp-content\/uploads\/2022\/07\/One-Pound-Cab-Sauv-new.png","datePublished":"2022-07-08T03:32:27+00:00","dateModified":"2025-04-15T06:57:57+00:00","breadcrumb":{"@id":"https:\/\/www.ilovewines.vn\/product\/one-pound-per-acre-cabernet-sauvignon\/#breadcrumb"},"inLanguage":"vi","potentialAction":[{"@type":"ReadAction","target":["https:\/\/www.ilovewines.vn\/product\/one-pound-per-acre-cabernet-sauvignon\/"]}]},{"@type":"ImageObject","inLanguage":"vi","@id":"https:\/\/www.ilovewines.vn\/product\/one-pound-per-acre-cabernet-sauvignon\/#primaryimage","url":"https:\/\/www.ilovewines.vn\/wp-content\/uploads\/2022\/07\/One-Pound-Cab-Sauv-new.png","contentUrl":"https:\/\/www.ilovewines.vn\/wp-content\/uploads\/2022\/07\/One-Pound-Cab-Sauv-new.png","width":960,"height":1280},{"@type":"BreadcrumbList","@id":"https:\/\/www.ilovewines.vn\/product\/one-pound-per-acre-cabernet-sauvignon\/#breadcrumb","itemListElement":[{"@type":"ListItem","position":1,"name":"Home","item":"https:\/\/www.ilovewines.vn\/"},{"@type":"ListItem","position":2,"name":"Catalogue","item":"https:\/\/www.ilovewines.vn\/catalogue\/"},{"@type":"ListItem","position":3,"name":"One Pound Per Acre Cabernet Sauvignon"}]},{"@type":"WebSite","@id":"https:\/\/www.ilovewines.vn\/#website","url":"https:\/\/www.ilovewines.vn\/","name":"Rada Wines","description":"Just another WordPress site","publisher":{"@id":"https:\/\/www.ilovewines.vn\/#organization"},"potentialAction":[{"@type":"SearchAction","target":{"@type":"EntryPoint","urlTemplate":"https:\/\/www.ilovewines.vn\/?s={search_term_string}"},"query-input":{"@type":"PropertyValueSpecification","valueRequired":true,"valueName":"search_term_string"}}],"inLanguage":"vi"},{"@type":"Organization","@id":"https:\/\/www.ilovewines.vn\/#organization","name":"Rada Wines","url":"https:\/\/www.ilovewines.vn\/","logo":{"@type":"ImageObject","inLanguage":"vi","@id":"https:\/\/www.ilovewines.vn\/#\/schema\/logo\/image\/","url":"https:\/\/www.ilovewines.vn\/wp-content\/uploads\/2022\/06\/cropped-162574230_380766779846763_4426584222903300096_n.jpg","contentUrl":"https:\/\/www.ilovewines.vn\/wp-content\/uploads\/2022\/06\/cropped-162574230_380766779846763_4426584222903300096_n.jpg","width":320,"height":206,"caption":"Rada Wines"},"image":{"@id":"https:\/\/www.ilovewines.vn\/#\/schema\/logo\/image\/"}}]}},"_links":{"self":[{"href":"https:\/\/www.ilovewines.vn\/vi\/wp-json\/wp\/v2\/product\/2186","targetHints":{"allow":["GET"]}}],"collection":[{"href":"https:\/\/www.ilovewines.vn\/vi\/wp-json\/wp\/v2\/product"}],"about":[{"href":"https:\/\/www.ilovewines.vn\/vi\/wp-json\/wp\/v2\/types\/product"}],"version-history":[{"count":2,"href":"https:\/\/www.ilovewines.vn\/vi\/wp-json\/wp\/v2\/product\/2186\/revisions"}],"predecessor-version":[{"id":6828,"href":"https:\/\/www.ilovewines.vn\/vi\/wp-json\/wp\/v2\/product\/2186\/revisions\/6828"}],"wp:featuredmedia":[{"embeddable":true,"href":"https:\/\/www.ilovewines.vn\/vi\/wp-json\/wp\/v2\/media\/6827"}],"wp:attachment":[{"href":"https:\/\/www.ilovewines.vn\/vi\/wp-json\/wp\/v2\/media?parent=2186"}],"wp:term":[{"taxonomy":"product_brand","embeddable":true,"href":"https:\/\/www.ilovewines.vn\/vi\/wp-json\/wp\/v2\/product_brand?post=2186"},{"taxonomy":"product_cat","embeddable":true,"href":"https:\/\/www.ilovewines.vn\/vi\/wp-json\/wp\/v2\/product_cat?post=2186"},{"taxonomy":"product_tag","embeddable":true,"href":"https:\/\/www.ilovewines.vn\/vi\/wp-json\/wp\/v2\/product_tag?post=2186"},{"taxonomy":"grape_varietal","embeddable":true,"href":"https:\/\/www.ilovewines.vn\/vi\/wp-json\/wp\/v2\/grape_varietal?post=2186"},{"taxonomy":"wine_regions","embeddable":true,"href":"https:\/\/www.ilovewines.vn\/vi\/wp-json\/wp\/v2\/wine_regions?post=2186"}],"curies":[{"name":"wp","href":"https:\/\/api.w.org\/{rel}","templated":true}]}}