{"id":2212,"date":"2022-07-07T21:32:35","date_gmt":"2022-07-08T03:32:35","guid":{"rendered":"https:\/\/www.ilovewines.vn\/product\/mount-pleasant-mount-henry-shiraz-pinot-noir-2018\/"},"modified":"2024-05-25T04:58:28","modified_gmt":"2024-05-25T10:58:28","slug":"mount-pleasant-mount-henry-shiraz-pinot-noir-2018","status":"publish","type":"product","link":"https:\/\/www.ilovewines.vn\/vi\/product\/mount-pleasant-mount-henry-shiraz-pinot-noir-2018\/","title":{"rendered":"Mount Pleasant Mount Henry Shiraz Pinot Noir"},"content":{"rendered":"<p><strong>C\u1ea2M QUAN<\/strong><\/p>\n<p><strong>M\u00e0u s\u1eafc:\u00a0\u00a0<\/strong> M\u00e0u t\u00edm s\u00e1ng\u00a0v\u1edbi \u00e1nh \u0111\u1ecf ruby.<\/p>\n<p><strong>Kh\u1ee9u gi\u00e1c:<\/strong> Tr\u00e0n ng\u1eadp h\u01b0\u01a1ng th\u01a1m c\u1ee7a hoa t\u01b0\u01a1i, tr\u00e1i m\u1eadn \u00dac v\u00e0 c\u00e1c lo\u1ea1i tr\u00e1i c\u00e2y t\u01b0\u01a1i kh\u00e1c c\u00f3 v\u1ecf \u0111\u1ecf v\u00e0 v\u1ecf xanh.<\/p>\n<p><strong>Kh\u1ea9u v\u1ecb:<\/strong> \u0110\u1ea7u ti\u00ean l\u00e0 v\u1ecb c\u1ee7a tr\u00e1i c\u00e2y ch\u00edn \u0111\u1ecf, c\u00f9ng v\u1edbi gia v\u1ecb v\u00e0 v\u1ecb ti\u00eau tinh t\u1ebf. Nho Pinot Noir t\u1eeb Mothervine kh\u00e1c bi\u1ec7t b\u1ed5 sung s\u1ef1 t\u01b0\u01a1i m\u00e1t v\u00e0 s\u00e2u l\u1eafng cho v\u00f2m mi\u1ec7ng \u1edf gi\u1eefa, k\u1ebft th\u00fac b\u1eb1ng m\u1ed9t h\u1eadu v\u1ecb nh\u1eb9 nh\u00e0ng, ngon ng\u1ecdt. Ph\u1ee9c t\u1ea1p, nh\u01b0ng d\u1ec5 u\u1ed1ng.<\/p>\n<p><strong>TH\u1edcI \u0110I\u1ec2M TH\u01af\u1edeNG TH\u1ee8C:\u00a0<\/strong>2021 \u2013 2035<\/p>\n<p><strong>\u1ea8M TH\u1ef0C K\u1ebeT H\u1ee2P:<\/strong>\u00a0C\u00e0 t\u00edm b\u1ecf l\u00f2 ki\u1ec3u \u00dd<\/p>\n<p>&nbsp;<\/p>\n<p><strong>C\u00c2U CHUY\u1ec6N<\/strong><\/p>\n<p>Nh\u00e0 s\u1ea3n xu\u1ea5t r\u01b0\u1ee3u vang huy\u1ec1n tho\u1ea1i Maurice O\u2019Shea \u0111\u00e3 t\u1eebng th\u01b0\u1eddng tr\u1ed9n l\u1eabn c\u00e1c gi\u1ed1ng nho v\u1edbi nhau, \u0111\u1eb7c bi\u1ec7t l\u00e0 Shiraz v\u00e0 Pinot Noir. Mount Henry l\u00e0 m\u1ed9t trong nh\u1eefng d\u00f2ng vang Maurice cho ra m\u1eaft h\u1ed3i th\u1eadp ni\u00ean 1940, l\u1ea5y t\u00ean theo m\u1ed9t ng\u01b0\u1eddi b\u1ea1n, ng\u01b0\u1eddi \u0111\u1ed3ng h\u00e0nh v\u0129 \u0111\u1ea1i c\u1ee7a \u00f4ng \u2013 ng\u00e0i Henri Renault. D\u00f2ng vang Mount Henry v\u1ed1n \u0111\u01b0\u1ee3c l\u00e0m ra \u0111\u1ec3 t\u1eadp trung v\u00e0o s\u1ef1 sang tr\u1ecdng v\u00e0 tinh t\u1ebf, ch\u1ee9 kh\u00f4ng \u0111\u01a1n thu\u1ea7n l\u00e0 \u0111\u1ec3 th\u1ec3 hi\u1ec7n m\u1ed9t s\u1ee9c m\u1ea1nh tuy\u1ec7t \u0111\u1ed1i.<\/p>\n<p><strong>NI\u00caN V\u1ee4 2018<\/strong><\/p>\n<p>L\u01b0\u1ee3ng m\u01b0a \u00edt v\u00e0 m\u00f9a \u0111\u00f4ng \u1ea5m \u00e1p \u0111\u00e3 d\u1eabn \u0111\u1ebfn s\u1ef1 b\u00f9ng n\u1ed5 s\u1edbm c\u1ee7a s\u1ed1 ch\u1ed3i nho trong v\u00f9ng. Khu v\u1ef1c n\u00e0y \u0111\u00e3 ghi nh\u1eadn l\u01b0\u1ee3ng m\u01b0a th\u1ea5p h\u01a1n m\u1ee9c trung b\u00ecnh trong su\u1ed1t m\u00f9a tr\u1ed3ng tr\u1ecdt, d\u1eabn \u0111\u1ebfn m\u1ed9t \u0111\u1ee3t m\u01b0a s\u1edbm sau \u0111\u00f3. Ch\u1ea5t l\u01b0\u1ee3ng qu\u1ea3 cao, kh\u00f4ng b\u1ecb d\u1ecbch b\u1ec7nh. V\u1edbi m\u00f9a v\u1ee5 th\u1ea5p h\u01a1n m\u1ed9t ch\u00fat so v\u1edbi m\u1ee9c trung b\u00ecnh, vi\u1ec7c thu ho\u1ea1ch \u0111\u00e3 ph\u1ea3i di\u1ec5n ra s\u1edbm h\u01a1n b\u00ecnh th\u01b0\u1eddng kho\u1ea3ng 8 ng\u00e0y, v\u1edbi nh\u1eefng qu\u1ea3 nguy\u00ean sinh v\u00e0 h\u01b0\u01a1ng v\u1ecb c\u1ef1c k\u1ef3 \u0111\u1eadm \u0111\u00e0.<\/p>\n<p><strong>QU\u00c1 TR\u00ccNH L\u00caN MEN<\/strong><\/p>\n<p>Mount Henry \u0111\u01b0\u1ee3c t\u1ea1o ra v\u1edbi tr\u1ecdng t\u00e2m l\u00e0 s\u1ef1 sang tr\u1ecdng v\u00e0 tinh t\u1ebf h\u01a1n l\u00e0 s\u1ee9c m\u1ea1nh tuy\u1ec7t \u0111\u1ed1i. Ni\u00ean v\u1ee5 n\u0103m 2018 l\u00e0 s\u1ef1 k\u1ebft h\u1ee3p t\u1eeb 80% Shiraz t\u1eeb \u0111\u1ed3n \u0111i\u1ec1n n\u0103m 1946 tr\u00ean Rosehill, v\u00e0 20% Pinot Noir t\u1eeb \u0111i\u1ec1n trang Mothervine, \u0111\u01b0\u1ee3c tr\u1ed3ng t\u1eeb n\u0103m 1921.<\/p>\n<p><strong>NG\u01af\u1edcI S\u1ea2N XU\u1ea4T:\u00a0<\/strong>Adrian Sparks<\/p>\n<p>&nbsp;<\/p>\n<p><strong>\u0110\u00c1NH GI\u00c1 T\u1eea CHUY\u00caN GIA<\/strong><\/p>\n<ul>\n<li><strong>2021 Mount Henry Shiraz Pinot 94 \u0111i\u1ec3m \u2013 2024 Halliday Wine Companion Scores (T\u1ea5t c\u1ea3 c\u00e1c b\u00e0i \u0111\u00e1nh gi\u00e1 v\u1ec1 r\u01b0\u1ee3u vang c\u1ee7a James Halliday)<\/strong><\/li>\n<\/ul>\n<blockquote><p><em>\u0110\u01b0\u1ee3c t\u1ea1o b\u1edfi Maurice O'Shea v\u00e0o n\u0103m 1944; \u0111\u1ed9 ch\u00ednh x\u00e1c c\u1ee7a n\u0103m th\u1eadt th\u00fa v\u1ecb. Hai gi\u1ed1ng n\u00e0y \u0111\u01b0\u1ee3c \u1ee7 r\u01b0\u1ee3u ri\u00eang bi\u1ec7t: c\u1ea3 hai \u0111\u1ec1u \u0111\u01b0\u1ee3c ng\u00e2m l\u1ea1nh trong 5 ng\u00e0y, lo\u1ea1i shiraz chi\u1ebfm \u01b0u th\u1ebf v\u1edbi men nu\u00f4i c\u1ea5y, lo\u1ea1i pinot noir l\u00ean men t\u1ef1 nhi\u00ean. Pinot k\u1ebft th\u00fac qu\u00e1 tr\u00ecnh l\u00ean men trong th\u00f9ng g\u1ed7 s\u1ed3i m\u1edbi c\u1ee7a Ph\u00e1p, th\u00f9ng shiraz \u0111\u01b0\u1ee3c l\u00ean men v\u00e0 c\u00e1c th\u00e0nh ph\u1ea7n \u0111\u01b0\u1ee3c pha tr\u1ed9n sau b\u1ea3y th\u00e1ng. Shiraz c\u00f3 th\u1ec3 nh\u00ecn th\u1ea5y t\u1ea5t c\u1ea3, r\u01b0\u1ee3u pinot noir \u0111i\u1ec1m t\u0129nh nh\u00ecn qua \u0111\u1ed9 s\u00e2u c\u1ee7a tannin v\u00e0 g\u1ed7 s\u1ed3i. N\u00f3 v\u1eabn \u0111ang l\u1eafng xu\u1ed1ng nh\u01b0ng s\u1ebd d\u1ea7n d\u1ea7n ti\u1ebft l\u1ed9 ngu\u1ed3n g\u1ed1c c\u1ee7a n\u00f3.<\/em><\/p><\/blockquote>\n<ul>\n<li>95 \u0111i\u1ec3m - Campbell Mattinson<\/li>\n<\/ul>\n<p>S\u1ef1 ki\u1ec7n R\u01b0\u1ee3u vang \u0110\u1ed3ng h\u00e0nh c\u00f9ng Halliday 2021\u00a0<\/p>\n<ul>\n<li>94 \u0111i\u1ec3m - Gary Walsh<\/li>\n<\/ul>\n<p>Trang web The Wine Front<\/p>\n<ul>\n<li>91 \u0111i\u1ec3m - Huon Hooke<\/li>\n<\/ul>\n<p>T\u1ea1p ch\u00ed The Real Review<\/p>","protected":false},"excerpt":{"rendered":"<p>95 \u0111i\u1ec3m \u2013 James Halliday 2021<\/p>","protected":false},"featured_media":6256,"template":"","meta":{"_acf_changed":false},"product_brand":[],"product_cat":[2640,87],"product_tag":[],"grape_varietal":[2469,2466],"wine_regions":[2441],"class_list":{"0":"post-2212","1":"product","2":"type-product","3":"status-publish","4":"has-post-thumbnail","6":"product_cat-catalogue","7":"product_cat-red-wine","8":"pa_brand-mount-pleasant","9":"grape_varietal-pinot-noir","10":"grape_varietal-shiraz","11":"wine_regions-hunter-valley","13":"first","14":"instock","15":"shipping-taxable","16":"product-type-simple"},"acf":[],"yoast_head":"<!-- This site is optimized with the Yoast SEO plugin v27.4 - https:\/\/yoast.com\/product\/yoast-seo-wordpress\/ -->\n<title>Mount Pleasant Mount Henry Shiraz Pinot Noir - Rada Wines<\/title>\n<meta name=\"robots\" content=\"index, follow, max-snippet:-1, max-image-preview:large, max-video-preview:-1\" \/>\n<link rel=\"canonical\" href=\"https:\/\/www.ilovewines.vn\/vi\/san-pham\/mount-pleasant-mount-henry-shiraz-pinot-noir-2018\/\" \/>\n<meta property=\"og:locale\" content=\"vi_VN\" \/>\n<meta property=\"og:type\" content=\"article\" \/>\n<meta property=\"og:title\" content=\"Mount Pleasant Mount Henry Shiraz Pinot Noir - Rada Wines\" \/>\n<meta property=\"og:description\" content=\"95 points - James Halliday 2021\" \/>\n<meta property=\"og:url\" content=\"https:\/\/www.ilovewines.vn\/vi\/san-pham\/mount-pleasant-mount-henry-shiraz-pinot-noir-2018\/\" \/>\n<meta property=\"og:site_name\" content=\"Rada Wines\" \/>\n<meta property=\"article:modified_time\" content=\"2024-05-25T10:58:28+00:00\" \/>\n<meta property=\"og:image\" content=\"https:\/\/www.ilovewines.vn\/wp-content\/uploads\/2022\/07\/MP-Mount-Henry.jpg\" \/>\n\t<meta property=\"og:image:width\" content=\"321\" \/>\n\t<meta property=\"og:image:height\" content=\"1236\" \/>\n\t<meta property=\"og:image:type\" content=\"image\/jpeg\" \/>\n<meta name=\"twitter:card\" content=\"summary_large_image\" \/>\n<meta name=\"twitter:label1\" content=\"\u01af\u1edbc t\u00ednh th\u1eddi gian \u0111\u1ecdc\" \/>\n\t<meta name=\"twitter:data1\" content=\"2 ph\u00fat\" \/>\n<script type=\"application\/ld+json\" class=\"yoast-schema-graph\">{\"@context\":\"https:\\\/\\\/schema.org\",\"@graph\":[{\"@type\":\"WebPage\",\"@id\":\"https:\\\/\\\/www.ilovewines.vn\\\/product\\\/mount-pleasant-mount-henry-shiraz-pinot-noir-2018\\\/\",\"url\":\"https:\\\/\\\/www.ilovewines.vn\\\/product\\\/mount-pleasant-mount-henry-shiraz-pinot-noir-2018\\\/\",\"name\":\"Mount Pleasant Mount Henry Shiraz Pinot Noir - Rada Wines\",\"isPartOf\":{\"@id\":\"https:\\\/\\\/www.ilovewines.vn\\\/#website\"},\"primaryImageOfPage\":{\"@id\":\"https:\\\/\\\/www.ilovewines.vn\\\/product\\\/mount-pleasant-mount-henry-shiraz-pinot-noir-2018\\\/#primaryimage\"},\"image\":{\"@id\":\"https:\\\/\\\/www.ilovewines.vn\\\/product\\\/mount-pleasant-mount-henry-shiraz-pinot-noir-2018\\\/#primaryimage\"},\"thumbnailUrl\":\"https:\\\/\\\/www.ilovewines.vn\\\/wp-content\\\/uploads\\\/2022\\\/07\\\/MP-Mount-Henry.jpg\",\"datePublished\":\"2022-07-08T03:32:35+00:00\",\"dateModified\":\"2024-05-25T10:58:28+00:00\",\"breadcrumb\":{\"@id\":\"https:\\\/\\\/www.ilovewines.vn\\\/product\\\/mount-pleasant-mount-henry-shiraz-pinot-noir-2018\\\/#breadcrumb\"},\"inLanguage\":\"vi\",\"potentialAction\":[{\"@type\":\"ReadAction\",\"target\":[\"https:\\\/\\\/www.ilovewines.vn\\\/product\\\/mount-pleasant-mount-henry-shiraz-pinot-noir-2018\\\/\"]}]},{\"@type\":\"ImageObject\",\"inLanguage\":\"vi\",\"@id\":\"https:\\\/\\\/www.ilovewines.vn\\\/product\\\/mount-pleasant-mount-henry-shiraz-pinot-noir-2018\\\/#primaryimage\",\"url\":\"https:\\\/\\\/www.ilovewines.vn\\\/wp-content\\\/uploads\\\/2022\\\/07\\\/MP-Mount-Henry.jpg\",\"contentUrl\":\"https:\\\/\\\/www.ilovewines.vn\\\/wp-content\\\/uploads\\\/2022\\\/07\\\/MP-Mount-Henry.jpg\",\"width\":321,\"height\":1236},{\"@type\":\"BreadcrumbList\",\"@id\":\"https:\\\/\\\/www.ilovewines.vn\\\/product\\\/mount-pleasant-mount-henry-shiraz-pinot-noir-2018\\\/#breadcrumb\",\"itemListElement\":[{\"@type\":\"ListItem\",\"position\":1,\"name\":\"Home\",\"item\":\"https:\\\/\\\/www.ilovewines.vn\\\/\"},{\"@type\":\"ListItem\",\"position\":2,\"name\":\"Catalogue\",\"item\":\"https:\\\/\\\/www.ilovewines.vn\\\/catalogue\\\/\"},{\"@type\":\"ListItem\",\"position\":3,\"name\":\"Mount Pleasant Mount Henry Shiraz Pinot Noir\"}]},{\"@type\":\"WebSite\",\"@id\":\"https:\\\/\\\/www.ilovewines.vn\\\/#website\",\"url\":\"https:\\\/\\\/www.ilovewines.vn\\\/\",\"name\":\"Rada Wines\",\"description\":\"Just another WordPress site\",\"publisher\":{\"@id\":\"https:\\\/\\\/www.ilovewines.vn\\\/#organization\"},\"potentialAction\":[{\"@type\":\"SearchAction\",\"target\":{\"@type\":\"EntryPoint\",\"urlTemplate\":\"https:\\\/\\\/www.ilovewines.vn\\\/?s={search_term_string}\"},\"query-input\":{\"@type\":\"PropertyValueSpecification\",\"valueRequired\":true,\"valueName\":\"search_term_string\"}}],\"inLanguage\":\"vi\"},{\"@type\":\"Organization\",\"@id\":\"https:\\\/\\\/www.ilovewines.vn\\\/#organization\",\"name\":\"Rada Wines\",\"url\":\"https:\\\/\\\/www.ilovewines.vn\\\/\",\"logo\":{\"@type\":\"ImageObject\",\"inLanguage\":\"vi\",\"@id\":\"https:\\\/\\\/www.ilovewines.vn\\\/#\\\/schema\\\/logo\\\/image\\\/\",\"url\":\"https:\\\/\\\/www.ilovewines.vn\\\/wp-content\\\/uploads\\\/2022\\\/06\\\/cropped-162574230_380766779846763_4426584222903300096_n.jpg\",\"contentUrl\":\"https:\\\/\\\/www.ilovewines.vn\\\/wp-content\\\/uploads\\\/2022\\\/06\\\/cropped-162574230_380766779846763_4426584222903300096_n.jpg\",\"width\":320,\"height\":206,\"caption\":\"Rada Wines\"},\"image\":{\"@id\":\"https:\\\/\\\/www.ilovewines.vn\\\/#\\\/schema\\\/logo\\\/image\\\/\"}}]}<\/script>\n<!-- \/ Yoast SEO plugin. -->","yoast_head_json":{"title":"Mount Pleasant Mount Henry Shiraz Pinot Noir - Rada Wines","robots":{"index":"index","follow":"follow","max-snippet":"max-snippet:-1","max-image-preview":"max-image-preview:large","max-video-preview":"max-video-preview:-1"},"canonical":"https:\/\/www.ilovewines.vn\/vi\/san-pham\/mount-pleasant-mount-henry-shiraz-pinot-noir-2018\/","og_locale":"vi_VN","og_type":"article","og_title":"Mount Pleasant Mount Henry Shiraz Pinot Noir - Rada Wines","og_description":"95 points - James Halliday 2021","og_url":"https:\/\/www.ilovewines.vn\/vi\/san-pham\/mount-pleasant-mount-henry-shiraz-pinot-noir-2018\/","og_site_name":"Rada Wines","article_modified_time":"2024-05-25T10:58:28+00:00","og_image":[{"width":321,"height":1236,"url":"https:\/\/www.ilovewines.vn\/wp-content\/uploads\/2022\/07\/MP-Mount-Henry.jpg","type":"image\/jpeg"}],"twitter_card":"summary_large_image","twitter_misc":{"\u01af\u1edbc t\u00ednh th\u1eddi gian \u0111\u1ecdc":"2 ph\u00fat"},"schema":{"@context":"https:\/\/schema.org","@graph":[{"@type":"WebPage","@id":"https:\/\/www.ilovewines.vn\/product\/mount-pleasant-mount-henry-shiraz-pinot-noir-2018\/","url":"https:\/\/www.ilovewines.vn\/product\/mount-pleasant-mount-henry-shiraz-pinot-noir-2018\/","name":"Mount Pleasant Mount Henry Shiraz Pinot Noir - Rada Wines","isPartOf":{"@id":"https:\/\/www.ilovewines.vn\/#website"},"primaryImageOfPage":{"@id":"https:\/\/www.ilovewines.vn\/product\/mount-pleasant-mount-henry-shiraz-pinot-noir-2018\/#primaryimage"},"image":{"@id":"https:\/\/www.ilovewines.vn\/product\/mount-pleasant-mount-henry-shiraz-pinot-noir-2018\/#primaryimage"},"thumbnailUrl":"https:\/\/www.ilovewines.vn\/wp-content\/uploads\/2022\/07\/MP-Mount-Henry.jpg","datePublished":"2022-07-08T03:32:35+00:00","dateModified":"2024-05-25T10:58:28+00:00","breadcrumb":{"@id":"https:\/\/www.ilovewines.vn\/product\/mount-pleasant-mount-henry-shiraz-pinot-noir-2018\/#breadcrumb"},"inLanguage":"vi","potentialAction":[{"@type":"ReadAction","target":["https:\/\/www.ilovewines.vn\/product\/mount-pleasant-mount-henry-shiraz-pinot-noir-2018\/"]}]},{"@type":"ImageObject","inLanguage":"vi","@id":"https:\/\/www.ilovewines.vn\/product\/mount-pleasant-mount-henry-shiraz-pinot-noir-2018\/#primaryimage","url":"https:\/\/www.ilovewines.vn\/wp-content\/uploads\/2022\/07\/MP-Mount-Henry.jpg","contentUrl":"https:\/\/www.ilovewines.vn\/wp-content\/uploads\/2022\/07\/MP-Mount-Henry.jpg","width":321,"height":1236},{"@type":"BreadcrumbList","@id":"https:\/\/www.ilovewines.vn\/product\/mount-pleasant-mount-henry-shiraz-pinot-noir-2018\/#breadcrumb","itemListElement":[{"@type":"ListItem","position":1,"name":"Home","item":"https:\/\/www.ilovewines.vn\/"},{"@type":"ListItem","position":2,"name":"Catalogue","item":"https:\/\/www.ilovewines.vn\/catalogue\/"},{"@type":"ListItem","position":3,"name":"Mount Pleasant Mount Henry Shiraz Pinot Noir"}]},{"@type":"WebSite","@id":"https:\/\/www.ilovewines.vn\/#website","url":"https:\/\/www.ilovewines.vn\/","name":"Rada Wines","description":"Just another WordPress site","publisher":{"@id":"https:\/\/www.ilovewines.vn\/#organization"},"potentialAction":[{"@type":"SearchAction","target":{"@type":"EntryPoint","urlTemplate":"https:\/\/www.ilovewines.vn\/?s={search_term_string}"},"query-input":{"@type":"PropertyValueSpecification","valueRequired":true,"valueName":"search_term_string"}}],"inLanguage":"vi"},{"@type":"Organization","@id":"https:\/\/www.ilovewines.vn\/#organization","name":"Rada Wines","url":"https:\/\/www.ilovewines.vn\/","logo":{"@type":"ImageObject","inLanguage":"vi","@id":"https:\/\/www.ilovewines.vn\/#\/schema\/logo\/image\/","url":"https:\/\/www.ilovewines.vn\/wp-content\/uploads\/2022\/06\/cropped-162574230_380766779846763_4426584222903300096_n.jpg","contentUrl":"https:\/\/www.ilovewines.vn\/wp-content\/uploads\/2022\/06\/cropped-162574230_380766779846763_4426584222903300096_n.jpg","width":320,"height":206,"caption":"Rada Wines"},"image":{"@id":"https:\/\/www.ilovewines.vn\/#\/schema\/logo\/image\/"}}]}},"_links":{"self":[{"href":"https:\/\/www.ilovewines.vn\/vi\/wp-json\/wp\/v2\/product\/2212","targetHints":{"allow":["GET"]}}],"collection":[{"href":"https:\/\/www.ilovewines.vn\/vi\/wp-json\/wp\/v2\/product"}],"about":[{"href":"https:\/\/www.ilovewines.vn\/vi\/wp-json\/wp\/v2\/types\/product"}],"version-history":[{"count":2,"href":"https:\/\/www.ilovewines.vn\/vi\/wp-json\/wp\/v2\/product\/2212\/revisions"}],"predecessor-version":[{"id":6257,"href":"https:\/\/www.ilovewines.vn\/vi\/wp-json\/wp\/v2\/product\/2212\/revisions\/6257"}],"wp:featuredmedia":[{"embeddable":true,"href":"https:\/\/www.ilovewines.vn\/vi\/wp-json\/wp\/v2\/media\/6256"}],"wp:attachment":[{"href":"https:\/\/www.ilovewines.vn\/vi\/wp-json\/wp\/v2\/media?parent=2212"}],"wp:term":[{"taxonomy":"product_brand","embeddable":true,"href":"https:\/\/www.ilovewines.vn\/vi\/wp-json\/wp\/v2\/product_brand?post=2212"},{"taxonomy":"product_cat","embeddable":true,"href":"https:\/\/www.ilovewines.vn\/vi\/wp-json\/wp\/v2\/product_cat?post=2212"},{"taxonomy":"product_tag","embeddable":true,"href":"https:\/\/www.ilovewines.vn\/vi\/wp-json\/wp\/v2\/product_tag?post=2212"},{"taxonomy":"grape_varietal","embeddable":true,"href":"https:\/\/www.ilovewines.vn\/vi\/wp-json\/wp\/v2\/grape_varietal?post=2212"},{"taxonomy":"wine_regions","embeddable":true,"href":"https:\/\/www.ilovewines.vn\/vi\/wp-json\/wp\/v2\/wine_regions?post=2212"}],"curies":[{"name":"wp","href":"https:\/\/api.w.org\/{rel}","templated":true}]}}