{"id":2214,"date":"2022-07-07T21:32:36","date_gmt":"2022-07-08T03:32:36","guid":{"rendered":"https:\/\/www.ilovewines.vn\/product\/mount-pleasant-elizabeth-semillon-2016-2018\/"},"modified":"2024-05-25T04:47:11","modified_gmt":"2024-05-25T10:47:11","slug":"mount-pleasant-elizabeth-semillon-2017","status":"publish","type":"product","link":"https:\/\/www.ilovewines.vn\/vi\/product\/mount-pleasant-elizabeth-semillon-2017\/","title":{"rendered":"Mount Pleasant Elizabeth S\u00e9millon"},"content":{"rendered":"<p><strong>C\u1ea2M NH\u1eacN GI\u00c1C QUAN<\/strong><\/p>\n<table>\n<tbody>\n<tr>\n<td class=\"title\"><strong>M\u00e0u s\u1eafc:\u00a0\u00a0<\/strong><\/td>\n<td>\u00c1nh xanh t\u01b0\u01a1i s\u00e1ng.<\/td>\n<\/tr>\n<tr>\n<td class=\"title\"><strong>Kh\u1ee9u gi\u00e1c:<\/strong><\/td>\n<td>Ch\u1ee7 y\u1ebfu l\u00e0 m\u00f9i th\u01a1m truy\u1ec1n th\u1ed1ng c\u1ee7a cam chanh v\u00e0 c\u00e2y s\u1ea3, v\u1edbi s\u1ee9c m\u1ea1nh v\u00e0 \u0111\u1ed9 tinh khi\u1ebft tuy\u1ec7t v\u1eddi.<\/td>\n<\/tr>\n<tr>\n<td class=\"title\"><strong>Kh\u1ea9u v\u1ecb:<\/strong><\/td>\n<td>Mang l\u1ea1i kh\u1ea9u v\u1ecb thanh l\u1ecbch nh\u01b0ng m\u00e3nh li\u1ec7t c\u1ee7a nho Semillon tinh khi\u1ebft, khi\u1ebfn h\u01b0\u01a1ng v\u1ecb \u0111\u1ecdng l\u1ea1i l\u00e2u d\u00e0i sau khi u\u1ed1ng.<\/td>\n<\/tr>\n<tr>\n<td class=\"title\"><strong>Ph\u00e2n t\u00edch:<\/strong><\/td>\n<td><strong>\u0110\u1ed9 pH <\/strong> 0 <strong>Axit: <\/strong> 0\u00a0g\/L<\/td>\n<\/tr>\n<tr>\n<td class=\"title\"><strong>Nh\u00e0 s\u1ea3n xu\u1ea5t:<\/strong><\/td>\n<td>Jim Chatto<\/td>\n<\/tr>\n<tr>\n<td class=\"title\"><strong>Ki\u1ec3m nghi\u1ec7m l\u1ea7n cu\u1ed1i:<\/strong><\/td>\n<td>20160428<\/td>\n<\/tr>\n<tr class=\"last\">\n<td class=\"title\"><strong>TH\u1edcI \u0110I\u1ec2M TH\u01af\u1edeNG TH\u1ee8C:<\/strong><\/td>\n<td>C\u00f3 th\u1ec3 \u0111\u01b0\u1ee3c b\u1ea3o qu\u1ea3n cho t\u1edbi t\u1eadn 15 n\u0103m sau.<\/td>\n<\/tr>\n<\/tbody>\n<\/table>\n<div class=\"row reviews-wrapper\">\n<div class=\"twelve columns\">\n<h3><\/h3>\n<h3>\u0110\u00e1nh gi\u00e1 c\u1ee7a c\u00e1c chuy\u00ean gia:<\/h3>\n<p><strong>2017 Elizabeth Semillon 95 \u0111i\u1ec3m \u2013 2024 Halliday Wine Companion Scores (T\u1ea5t c\u1ea3 c\u00e1c b\u00e0i \u0111\u00e1nh gi\u00e1 v\u1ec1 r\u01b0\u1ee3u vang c\u1ee7a James Halliday)<\/strong><\/p>\n<blockquote><p><em>M\u1ed9t phi\u00ean b\u1ea3n \u1ee7 l\u00e2u n\u0103m. T\u1ea5t c\u1ea3 nho \u0111\u01b0\u1ee3c tr\u1ed3ng t\u1ea1i \u0111i\u1ec1n trang c\u00e1ch xa khu ho\u00e0ng kim Elizabeth. <\/em><em>\u0110\u1eb9p t\u1edbi t\u1eebng gi\u1ecdt, nh\u1eb9 nh\u00e0ng nh\u01b0 v\u0169 c\u00f4ng ba l\u00ea, b\u00e0n ch\u00e2n ch\u1ea1m h\u1edd tr\u00ean \u0111\u1ea5t, <\/em><em>\u0111ang quay trong \u0111i\u1ec7u kh\u00fac k\u1ebft th\u00fac m\u00e0n m\u1ed9t. Ph\u00e2n c\u1ea3nh m\u1ed9t c\u1ee7a m\u1eadt ong v\u00e0 b\u00e1nh m\u1ef3 n\u01b0\u1edbng v\u1eeba m\u1edf m\u00e0n <\/em><em>, k\u1ebf ti\u1ebfp l\u00e0 b\u1ed1n ho\u1eb7c n\u0103m ph\u00e2n c\u1ea3nh n\u1eefa.<\/em><\/p><\/blockquote>\n<div class=\"row\">\n<div class=\"six columns review\" style=\"min-height: 210px;\">\n<div class=\"points\"><strong>90 \u0111i\u1ec3m b\u1edfi nh\u00e0 ph\u00ea b\u00ecnh James Halliday - Wine Companion 2018<\/strong> <strong>Wine Companion 2018<\/strong><\/div>\n<blockquote><p><em>90 \u0111i\u1ec3m b\u1edfi nh\u00e0 ph\u00ea b\u00ecnh James Halliday - Wine Companion 2018\n\n\"M\u1ed9t m\u00e0u v\u00e0ng r\u01a1m nh\u1ea1t; c\u00f3 m\u1ed9t s\u1ef1 m\u1ec1m m\u1ea1i v\u00e0 ti\u1ebfp c\u1eadn d\u1ec5 d\u00e0ng \u0111\u1ed1i v\u1edbi d\u00f2ng vang S\u00e9millon tr\u1ebb tu\u1ed5i n\u00e0y, khi\u1ebfn vang tr\u1edf n\u00ean kh\u00e1 d\u1ec5 u\u1ed1ng.\n\nPh\u1ea3ng ph\u1ea5t \u0111\u00e2u \u0111\u00e2y h\u01b0\u01a1ng th\u01a1m nh\u01b0 c\u1ee7a mu\u1ed1i t\u1eafm hoa o\u1ea3i h\u01b0\u01a1ng, b\u1ed9t talc v\u1edbi n\u1ed3ng \u0111\u1ed9 axit t\u01b0\u01a1i m\u1edbi. M\u1ed9t ch\u00fat v\u1ecb c\u1ee7a d\u1ee9a chua, hoa chanh v\u00e0 l\u00e1 chanh kaffir, g\u00f3p ph\u1ea7n khi\u1ebfn vang ngon ng\u1ecdt h\u01a1n. C\u00f3 ch\u1ee9a l\u01b0\u1ee3ng axit c\u1ea7n thi\u1ebft \u0111\u1ec3 \u0111\u1ea3m b\u1ea3o vang s\u1ebd ph\u00e1t tri\u1ec3n \u0111\u1ed9 ph\u1ee9c t\u1ea1p theo th\u1eddi gian.\"<\/em><\/p><\/blockquote>\n<p><strong>94 \u0111i\u1ec3m b\u1edfi nh\u00e0 ph\u00ea b\u00ecnh Campbell Mattinson - T\u1ea1p ch\u00ed \"The Wine Front\"<\/strong><\/p>\n<blockquote><p><em>\"\u0110\u1eb9p t\u1ef1a m\u1ed9t b\u1ee9c tranh.<\/em><\/p>\n<p><em>(D\u00f2ng vang n\u00e0y) ch\u00ednh l\u00e0 c\u00e1i \u0111\u1eb9p. Vang tr\u1ebb m\u00e0 u\u1ed1ng r\u1ea5t d\u1ec5. V\u1ecb gi\u00e1c \u0111\u1ebfn t\u1eeb cam chanh, \u0111\u00e1 phi\u1ebfn v\u00e0 (m\u1ed9t ch\u00fat c\u1ee7a) c\u00e2y s\u1ea3. N\u1ed3ng \u0111\u1ed9 axit c\u0169ng \u1edf m\u1ee9c \u00eam \u00e1i. V\u1ecb ngon \u0111\u1ecdng l\u1ea1i l\u00e2u. Ch\u1ec9 c\u1ea7n m\u1ed9t ng\u1ee5m m\u00e0 t\u00f4i \u0111\u00e3 r\u1ea5t th\u00edch r\u1ed3i\".<\/em><\/p><\/blockquote>\n<\/div>\n<\/div>\n<\/div>\n<\/div>\n<blockquote>\n<p style=\"text-align: justify;\">L\u1ea5y c\u1ea3m h\u1ee9ng t\u1eeb chuy\u1ebfn th\u0103m \u0111\u1ea7u ti\u00ean c\u1ee7a N\u1eef Ho\u00e0ng Anh Elizabeth \u0110\u1ec7 Nh\u1ecb t\u1edbi Australia v\u00e0o n\u0103m 1954, d\u00f2ng vang n\u00e0y ch\u00ednh l\u00e0 hi\u1ec7n th\u00e2n s\u1ee9c m\u1ea1nh c\u1ee7a s\u1ef1 k\u1ebft h\u1ee3p gi\u1eefa gi\u1ed1ng nho ho\u00e0ng gia S\u00e9millon v\u00e0 Thung L\u0169ng Hunter c\u1ee7a Australia. Mount Pleasant \u0111\u00e3 \u0111\u1eb7t t\u00ean vang l\u00e0 \"Elizabeth\" theo v\u1ecb N\u1eef ho\u00e0ng \u0111\u00e1ng k\u00ednh.\n\nVang u\u1ed1ng ngon c\u1ea3 khi c\u00f2n m\u1edbi v\u00e0 khi \u0111\u00e3 c\u00f3 tu\u1ed5i. H\u01b0\u01a1ng v\u1ecb s\u1eafc n\u00e9t, s\u1ed1ng \u0111\u1ed9ng v\u00e0 t\u01b0\u01a1i m\u1edbi!<\/p>\n<\/blockquote>\n<div id=\"tab-2\" class=\"tab-content ui-tabs-panel ui-widget-content ui-corner-bottom\" style=\"display: block;\">\n<h3>M\u00f9a v\u1ee5 n\u0103m 2016<\/h3>\n<p>M\u00f9a v\u1ee5 \u0111\u00e3 di\u1ec5n ra v\u00f4 c\u00f9ng tuy\u1ec7t v\u1eddi, v\u1edbi \u0111i\u1ec1u ki\u1ec7n th\u1eddi ti\u1ebft hanh kh\u00f4 su\u1ed1t m\u00f9a nho ch\u00edn, gi\u00fap cung c\u1ea5p nh\u1eefng tr\u00e1i nho v\u00e0 c\u00e2y tr\u1ed3ng kh\u1ecfe m\u1ea1nh, s\u1ea1ch s\u1ebd. Ri\u00eang th\u00e1ng 1\/2016 th\u00ec th\u1eddi ti\u1ebft l\u1ea1i ch\u01b0a t\u1eebng \u1ea9m \u01b0\u1edbt nh\u01b0 v\u1eady, k\u1ec3 t\u1eeb n\u0103m 1972 \u0111\u1ebfn nay. Th\u00e1ng \u0111\u1ea7u n\u0103m n\u00e0y qu\u1ea3 th\u1ef1c \u0111\u00e3 th\u00e1ch th\u1ee9c l\u00f2ng ki\u00ean nh\u1eabn c\u1ee7a nh\u1eefng ng\u01b0\u1eddi n\u00f4ng d\u00e2n, khi qu\u00e1 tr\u00ecnh thu ho\u1ea1ch \u0111\u00e0nh ph\u1ea3i tr\u00ec ho\u00e3n \u0111\u1ec3 qua th\u1eddi k\u1ef3 \u1ea9m \u01b0\u1edbt.<\/p>\n<p>Th\u00e1ng 2\/2016 kh\u00f4 r\u00e1o sau \u0111\u00f3 \u0111\u00e3 cho ph\u00e9p \u0111\u1ed9 \u1ea9m h\u1ea1 th\u1ea5p, nho ch\u00edn \u0111\u1ec1u v\u00e0 c\u1ea3 v\u1ef1a nho nh\u01b0 \u0111\u01b0\u1ee3c \"s\u1ed1ng\" tr\u1edf l\u1ea1i. Qu\u00e1 tr\u00ecnh thu ho\u1ea1ch l\u00fac \u1ea5y tuy \u0111\u00e3 b\u1ecb tr\u00ec ho\u00e3n m\u1ea5t 1-2 tu\u1ea7n, v\u1edbi n\u0103ng su\u1ea5t th\u1ea5p h\u01a1n s\u1ea3n l\u01b0\u1ee3ng trung b\u00ecnh, nh\u01b0ng nh\u1eefng qu\u1ea3 nho \u0111\u01b0\u1ee3c h\u00e1i b\u1eb1ng tay c\u1ea9n th\u1eadn \u0111\u00e3 gi\u00fap \u0111\u1ea9y l\u00f9i s\u00e2u b\u1ec7nh.<\/p>\n<p>&nbsp;<\/p>\n<h3>M\u00f9a v\u1ee5 n\u0103m 2018<\/h3>\n<p>L\u01b0\u1ee3ng m\u01b0a \u00edt v\u00e0 m\u00f9a \u0111\u00f4ng \u1ea5m \u00e1p \u0111\u00e3 d\u1eabn \u0111\u1ebfn s\u1ef1 b\u00f9ng n\u1ed5 s\u1edbm c\u1ee7a s\u1ed1 ch\u1ed3i nho trong v\u00f9ng. Khu v\u1ef1c n\u00e0y \u0111\u00e3 ghi nh\u1eadn l\u01b0\u1ee3ng m\u01b0a th\u1ea5p h\u01a1n m\u1ee9c trung b\u00ecnh trong su\u1ed1t m\u00f9a tr\u1ed3ng tr\u1ecdt, d\u1eabn \u0111\u1ebfn m\u1ed9t \u0111\u1ee3t m\u01b0a s\u1edbm sau \u0111\u00f3. Ch\u1ea5t l\u01b0\u1ee3ng qu\u1ea3 cao, kh\u00f4ng b\u1ecb d\u1ecbch b\u1ec7nh. V\u1edbi m\u00f9a v\u1ee5 th\u1ea5p h\u01a1n m\u1ed9t ch\u00fat so v\u1edbi m\u1ee9c trung b\u00ecnh, vi\u1ec7c thu ho\u1ea1ch \u0111\u00e3 ph\u1ea3i di\u1ec5n ra s\u1edbm h\u01a1n b\u00ecnh th\u01b0\u1eddng kho\u1ea3ng 8 ng\u00e0y, v\u1edbi nh\u1eefng qu\u1ea3 nguy\u00ean sinh v\u00e0 h\u01b0\u01a1ng v\u1ecb c\u1ef1c k\u1ef3 \u0111\u1eadm \u0111\u00e0.<\/p>\n<p>&nbsp;<\/p>\n<div id=\"tab-3\" class=\"tab-content ui-tabs-panel ui-widget-content ui-corner-bottom\" style=\"display: block;\">\n<h3>Thu ho\u1ea1ch v\u00e0 s\u1ea3n xu\u1ea5t:<\/h3>\n<p>Nho \u0111\u01b0\u1ee3c thu ho\u1ea1ch ho\u00e0n to\u00e0n b\u1eb1ng tay ch\u1ec9 trong bu\u1ed5i s\u00e1ng. N\u01b0\u1edbc \u00e9p nho sau \u0111\u00f3 s\u1ebd \u0111\u01b0\u1ee3c l\u00ean men trong c\u00e1c th\u00f9ng th\u00e9p kh\u00f4ng g\u1ec9 su\u1ed1t kho\u1ea3ng 14 ng\u00e0y li\u00ean ti\u1ebfp. Nhi\u1ec7t \u0111\u1ed9 \u0111\u01b0\u1ee3c ki\u1ec3m so\u00e1t nghi\u00eam ng\u1eb7t \u1edf m\u1ee9c 12 - 15 \u0111\u1ed9 C. Vang s\u1ebd \u0111\u01b0\u1ee3c \u0111\u00f3ng chai th\u1eadt nhanh sau khi t\u1ea5t c\u1ea3 qu\u00e1 tr\u00ecnh tr\u01b0\u1edbc \u0111\u00f3 \u0111\u00e3 ho\u00e0n t\u1ea5t, nh\u1eb1m \u0111\u1ea3m b\u1ea3o \u0111\u1ed9 t\u01b0\u01a1i ngon.<\/p>\n<p>&nbsp;<\/p>\n<\/div>\n<\/div>","protected":false},"excerpt":{"rendered":"<p>94 \u0111i\u1ec3m \u2013 Website The Wine Front<\/p>","protected":false},"featured_media":6248,"template":"","meta":{"_acf_changed":false},"product_brand":[],"product_cat":[2640,89],"product_tag":[],"grape_varietal":[2473],"wine_regions":[2441],"class_list":{"0":"post-2214","1":"product","2":"type-product","3":"status-publish","4":"has-post-thumbnail","6":"product_cat-catalogue","7":"product_cat-white-wine","8":"pa_brand-mount-pleasant","9":"grape_varietal-semillon","10":"wine_regions-hunter-valley","12":"first","13":"instock","14":"shipping-taxable","15":"product-type-simple"},"acf":[],"yoast_head":"<!-- This site is optimized with the Yoast SEO plugin v27.4 - https:\/\/yoast.com\/product\/yoast-seo-wordpress\/ -->\n<title>Mount Pleasant Elizabeth S\u00e9millon - Rada Wines<\/title>\n<meta name=\"robots\" content=\"index, follow, max-snippet:-1, max-image-preview:large, max-video-preview:-1\" \/>\n<link rel=\"canonical\" href=\"https:\/\/www.ilovewines.vn\/vi\/san-pham\/mount-pleasant-elizabeth-semillon-2017\/\" \/>\n<meta property=\"og:locale\" content=\"vi_VN\" \/>\n<meta property=\"og:type\" content=\"article\" \/>\n<meta property=\"og:title\" content=\"Mount Pleasant Elizabeth S\u00e9millon - Rada Wines\" \/>\n<meta property=\"og:description\" content=\"94 points - The Wine Front\" \/>\n<meta property=\"og:url\" content=\"https:\/\/www.ilovewines.vn\/vi\/san-pham\/mount-pleasant-elizabeth-semillon-2017\/\" \/>\n<meta property=\"og:site_name\" content=\"Rada Wines\" \/>\n<meta property=\"article:modified_time\" content=\"2024-05-25T10:47:11+00:00\" \/>\n<meta property=\"og:image\" content=\"https:\/\/www.ilovewines.vn\/wp-content\/uploads\/2022\/07\/MP-Elizabeth-Semillon.jpg\" \/>\n\t<meta property=\"og:image:width\" content=\"189\" \/>\n\t<meta property=\"og:image:height\" content=\"600\" \/>\n\t<meta property=\"og:image:type\" content=\"image\/jpeg\" \/>\n<meta name=\"twitter:card\" content=\"summary_large_image\" \/>\n<meta name=\"twitter:label1\" content=\"\u01af\u1edbc t\u00ednh th\u1eddi gian \u0111\u1ecdc\" \/>\n\t<meta name=\"twitter:data1\" content=\"2 ph\u00fat\" \/>\n<script type=\"application\/ld+json\" class=\"yoast-schema-graph\">{\"@context\":\"https:\\\/\\\/schema.org\",\"@graph\":[{\"@type\":\"WebPage\",\"@id\":\"https:\\\/\\\/www.ilovewines.vn\\\/product\\\/mount-pleasant-elizabeth-semillon-2017\\\/\",\"url\":\"https:\\\/\\\/www.ilovewines.vn\\\/product\\\/mount-pleasant-elizabeth-semillon-2017\\\/\",\"name\":\"Mount Pleasant Elizabeth S\u00e9millon - Rada Wines\",\"isPartOf\":{\"@id\":\"https:\\\/\\\/www.ilovewines.vn\\\/#website\"},\"primaryImageOfPage\":{\"@id\":\"https:\\\/\\\/www.ilovewines.vn\\\/product\\\/mount-pleasant-elizabeth-semillon-2017\\\/#primaryimage\"},\"image\":{\"@id\":\"https:\\\/\\\/www.ilovewines.vn\\\/product\\\/mount-pleasant-elizabeth-semillon-2017\\\/#primaryimage\"},\"thumbnailUrl\":\"https:\\\/\\\/www.ilovewines.vn\\\/wp-content\\\/uploads\\\/2022\\\/07\\\/MP-Elizabeth-Semillon.jpg\",\"datePublished\":\"2022-07-08T03:32:36+00:00\",\"dateModified\":\"2024-05-25T10:47:11+00:00\",\"breadcrumb\":{\"@id\":\"https:\\\/\\\/www.ilovewines.vn\\\/product\\\/mount-pleasant-elizabeth-semillon-2017\\\/#breadcrumb\"},\"inLanguage\":\"vi\",\"potentialAction\":[{\"@type\":\"ReadAction\",\"target\":[\"https:\\\/\\\/www.ilovewines.vn\\\/product\\\/mount-pleasant-elizabeth-semillon-2017\\\/\"]}]},{\"@type\":\"ImageObject\",\"inLanguage\":\"vi\",\"@id\":\"https:\\\/\\\/www.ilovewines.vn\\\/product\\\/mount-pleasant-elizabeth-semillon-2017\\\/#primaryimage\",\"url\":\"https:\\\/\\\/www.ilovewines.vn\\\/wp-content\\\/uploads\\\/2022\\\/07\\\/MP-Elizabeth-Semillon.jpg\",\"contentUrl\":\"https:\\\/\\\/www.ilovewines.vn\\\/wp-content\\\/uploads\\\/2022\\\/07\\\/MP-Elizabeth-Semillon.jpg\",\"width\":189,\"height\":600},{\"@type\":\"BreadcrumbList\",\"@id\":\"https:\\\/\\\/www.ilovewines.vn\\\/product\\\/mount-pleasant-elizabeth-semillon-2017\\\/#breadcrumb\",\"itemListElement\":[{\"@type\":\"ListItem\",\"position\":1,\"name\":\"Home\",\"item\":\"https:\\\/\\\/www.ilovewines.vn\\\/\"},{\"@type\":\"ListItem\",\"position\":2,\"name\":\"Catalogue\",\"item\":\"https:\\\/\\\/www.ilovewines.vn\\\/catalogue\\\/\"},{\"@type\":\"ListItem\",\"position\":3,\"name\":\"Mount Pleasant Elizabeth S\u00e9millon\"}]},{\"@type\":\"WebSite\",\"@id\":\"https:\\\/\\\/www.ilovewines.vn\\\/#website\",\"url\":\"https:\\\/\\\/www.ilovewines.vn\\\/\",\"name\":\"Rada Wines\",\"description\":\"Just another WordPress site\",\"publisher\":{\"@id\":\"https:\\\/\\\/www.ilovewines.vn\\\/#organization\"},\"potentialAction\":[{\"@type\":\"SearchAction\",\"target\":{\"@type\":\"EntryPoint\",\"urlTemplate\":\"https:\\\/\\\/www.ilovewines.vn\\\/?s={search_term_string}\"},\"query-input\":{\"@type\":\"PropertyValueSpecification\",\"valueRequired\":true,\"valueName\":\"search_term_string\"}}],\"inLanguage\":\"vi\"},{\"@type\":\"Organization\",\"@id\":\"https:\\\/\\\/www.ilovewines.vn\\\/#organization\",\"name\":\"Rada Wines\",\"url\":\"https:\\\/\\\/www.ilovewines.vn\\\/\",\"logo\":{\"@type\":\"ImageObject\",\"inLanguage\":\"vi\",\"@id\":\"https:\\\/\\\/www.ilovewines.vn\\\/#\\\/schema\\\/logo\\\/image\\\/\",\"url\":\"https:\\\/\\\/www.ilovewines.vn\\\/wp-content\\\/uploads\\\/2022\\\/06\\\/cropped-162574230_380766779846763_4426584222903300096_n.jpg\",\"contentUrl\":\"https:\\\/\\\/www.ilovewines.vn\\\/wp-content\\\/uploads\\\/2022\\\/06\\\/cropped-162574230_380766779846763_4426584222903300096_n.jpg\",\"width\":320,\"height\":206,\"caption\":\"Rada Wines\"},\"image\":{\"@id\":\"https:\\\/\\\/www.ilovewines.vn\\\/#\\\/schema\\\/logo\\\/image\\\/\"}}]}<\/script>\n<!-- \/ Yoast SEO plugin. -->","yoast_head_json":{"title":"Mount Pleasant Elizabeth S\u00e9millon - Rada Wines","robots":{"index":"index","follow":"follow","max-snippet":"max-snippet:-1","max-image-preview":"max-image-preview:large","max-video-preview":"max-video-preview:-1"},"canonical":"https:\/\/www.ilovewines.vn\/vi\/san-pham\/mount-pleasant-elizabeth-semillon-2017\/","og_locale":"vi_VN","og_type":"article","og_title":"Mount Pleasant Elizabeth S\u00e9millon - Rada Wines","og_description":"94 points - The Wine Front","og_url":"https:\/\/www.ilovewines.vn\/vi\/san-pham\/mount-pleasant-elizabeth-semillon-2017\/","og_site_name":"Rada Wines","article_modified_time":"2024-05-25T10:47:11+00:00","og_image":[{"width":189,"height":600,"url":"https:\/\/www.ilovewines.vn\/wp-content\/uploads\/2022\/07\/MP-Elizabeth-Semillon.jpg","type":"image\/jpeg"}],"twitter_card":"summary_large_image","twitter_misc":{"\u01af\u1edbc t\u00ednh th\u1eddi gian \u0111\u1ecdc":"2 ph\u00fat"},"schema":{"@context":"https:\/\/schema.org","@graph":[{"@type":"WebPage","@id":"https:\/\/www.ilovewines.vn\/product\/mount-pleasant-elizabeth-semillon-2017\/","url":"https:\/\/www.ilovewines.vn\/product\/mount-pleasant-elizabeth-semillon-2017\/","name":"Mount Pleasant Elizabeth S\u00e9millon - Rada Wines","isPartOf":{"@id":"https:\/\/www.ilovewines.vn\/#website"},"primaryImageOfPage":{"@id":"https:\/\/www.ilovewines.vn\/product\/mount-pleasant-elizabeth-semillon-2017\/#primaryimage"},"image":{"@id":"https:\/\/www.ilovewines.vn\/product\/mount-pleasant-elizabeth-semillon-2017\/#primaryimage"},"thumbnailUrl":"https:\/\/www.ilovewines.vn\/wp-content\/uploads\/2022\/07\/MP-Elizabeth-Semillon.jpg","datePublished":"2022-07-08T03:32:36+00:00","dateModified":"2024-05-25T10:47:11+00:00","breadcrumb":{"@id":"https:\/\/www.ilovewines.vn\/product\/mount-pleasant-elizabeth-semillon-2017\/#breadcrumb"},"inLanguage":"vi","potentialAction":[{"@type":"ReadAction","target":["https:\/\/www.ilovewines.vn\/product\/mount-pleasant-elizabeth-semillon-2017\/"]}]},{"@type":"ImageObject","inLanguage":"vi","@id":"https:\/\/www.ilovewines.vn\/product\/mount-pleasant-elizabeth-semillon-2017\/#primaryimage","url":"https:\/\/www.ilovewines.vn\/wp-content\/uploads\/2022\/07\/MP-Elizabeth-Semillon.jpg","contentUrl":"https:\/\/www.ilovewines.vn\/wp-content\/uploads\/2022\/07\/MP-Elizabeth-Semillon.jpg","width":189,"height":600},{"@type":"BreadcrumbList","@id":"https:\/\/www.ilovewines.vn\/product\/mount-pleasant-elizabeth-semillon-2017\/#breadcrumb","itemListElement":[{"@type":"ListItem","position":1,"name":"Home","item":"https:\/\/www.ilovewines.vn\/"},{"@type":"ListItem","position":2,"name":"Catalogue","item":"https:\/\/www.ilovewines.vn\/catalogue\/"},{"@type":"ListItem","position":3,"name":"Mount Pleasant Elizabeth S\u00e9millon"}]},{"@type":"WebSite","@id":"https:\/\/www.ilovewines.vn\/#website","url":"https:\/\/www.ilovewines.vn\/","name":"Rada Wines","description":"Just another WordPress site","publisher":{"@id":"https:\/\/www.ilovewines.vn\/#organization"},"potentialAction":[{"@type":"SearchAction","target":{"@type":"EntryPoint","urlTemplate":"https:\/\/www.ilovewines.vn\/?s={search_term_string}"},"query-input":{"@type":"PropertyValueSpecification","valueRequired":true,"valueName":"search_term_string"}}],"inLanguage":"vi"},{"@type":"Organization","@id":"https:\/\/www.ilovewines.vn\/#organization","name":"Rada Wines","url":"https:\/\/www.ilovewines.vn\/","logo":{"@type":"ImageObject","inLanguage":"vi","@id":"https:\/\/www.ilovewines.vn\/#\/schema\/logo\/image\/","url":"https:\/\/www.ilovewines.vn\/wp-content\/uploads\/2022\/06\/cropped-162574230_380766779846763_4426584222903300096_n.jpg","contentUrl":"https:\/\/www.ilovewines.vn\/wp-content\/uploads\/2022\/06\/cropped-162574230_380766779846763_4426584222903300096_n.jpg","width":320,"height":206,"caption":"Rada Wines"},"image":{"@id":"https:\/\/www.ilovewines.vn\/#\/schema\/logo\/image\/"}}]}},"_links":{"self":[{"href":"https:\/\/www.ilovewines.vn\/vi\/wp-json\/wp\/v2\/product\/2214","targetHints":{"allow":["GET"]}}],"collection":[{"href":"https:\/\/www.ilovewines.vn\/vi\/wp-json\/wp\/v2\/product"}],"about":[{"href":"https:\/\/www.ilovewines.vn\/vi\/wp-json\/wp\/v2\/types\/product"}],"version-history":[{"count":3,"href":"https:\/\/www.ilovewines.vn\/vi\/wp-json\/wp\/v2\/product\/2214\/revisions"}],"predecessor-version":[{"id":6247,"href":"https:\/\/www.ilovewines.vn\/vi\/wp-json\/wp\/v2\/product\/2214\/revisions\/6247"}],"wp:featuredmedia":[{"embeddable":true,"href":"https:\/\/www.ilovewines.vn\/vi\/wp-json\/wp\/v2\/media\/6248"}],"wp:attachment":[{"href":"https:\/\/www.ilovewines.vn\/vi\/wp-json\/wp\/v2\/media?parent=2214"}],"wp:term":[{"taxonomy":"product_brand","embeddable":true,"href":"https:\/\/www.ilovewines.vn\/vi\/wp-json\/wp\/v2\/product_brand?post=2214"},{"taxonomy":"product_cat","embeddable":true,"href":"https:\/\/www.ilovewines.vn\/vi\/wp-json\/wp\/v2\/product_cat?post=2214"},{"taxonomy":"product_tag","embeddable":true,"href":"https:\/\/www.ilovewines.vn\/vi\/wp-json\/wp\/v2\/product_tag?post=2214"},{"taxonomy":"grape_varietal","embeddable":true,"href":"https:\/\/www.ilovewines.vn\/vi\/wp-json\/wp\/v2\/grape_varietal?post=2214"},{"taxonomy":"wine_regions","embeddable":true,"href":"https:\/\/www.ilovewines.vn\/vi\/wp-json\/wp\/v2\/wine_regions?post=2214"}],"curies":[{"name":"wp","href":"https:\/\/api.w.org\/{rel}","templated":true}]}}