{"id":2216,"date":"2022-07-07T21:32:37","date_gmt":"2022-07-08T03:32:37","guid":{"rendered":"https:\/\/www.ilovewines.vn\/product\/mount-pleasant-1880-vines-old-hill-vineyard-shiraz-2018\/"},"modified":"2024-05-25T04:45:44","modified_gmt":"2024-05-25T10:45:44","slug":"mount-pleasant-1880-vines-old-hill-vineyard-shiraz-2018","status":"publish","type":"product","link":"https:\/\/www.ilovewines.vn\/vi\/product\/mount-pleasant-1880-vines-old-hill-vineyard-shiraz-2018\/","title":{"rendered":"Mount Pleasant 1880 Vines Old Hill Vineyard Shiraz"},"content":{"rendered":"<p><strong>C\u1ea2M QUAN<\/strong><\/p>\n<p><strong>TH\u1eca GI\u00c1C: <\/strong>M\u00e0u t\u00edm \u0111\u1eadm.<\/p>\n<p><strong>KH\u1ee8U GI\u00c1C: <\/strong>H\u01b0\u01a1ng gia v\u1ecb v\u00e0 h\u01b0\u01a1ng c\u1ee7a tr\u00e1i d\u00e2u \u0111\u01b0\u1ee3c b\u1ed5 sung b\u1edfi h\u01b0\u01a1ng th\u01a1m tr\u00e1i c\u00e2y ng\u00e0o ng\u1ea1t.<\/p>\n<p><strong>V\u1eca\u00a0GI\u00c1C: <\/strong>C\u01b0\u1eddng \u0111\u1ed9 v\u00e0 \u0111\u1ed9 d\u00e0i h\u01b0\u01a1ng v\u1ecb c\u1ee7a vang \u0111\u00fang v\u1edbi phong c\u00e1ch c\u1ed5 \u0111i\u1ec3n c\u1ee7a r\u01b0\u1ee3u vang \u0111\u1ebfn t\u1eeb v\u01b0\u1eddn nho Old Hill (\u201cNg\u1ecdn \u0110\u1ed3i X\u01b0a\u201d). Vang mang \u0111\u1ebfn v\u1ecb tr\u00e1i c\u00e2y \u0111\u1ecf ch\u00edn m\u1ecdng, v\u1edbi tannin li\u1ec1n m\u1ea1ch nh\u1edd \u0111\u01b0\u1ee3c l\u00e0m t\u1eeb c\u00e1c c\u00e2y nho c\u1ed5.<\/p>\n<p><strong>\u1ea8M TH\u1ef0C K\u1ebeT H\u1ee2P:<\/strong> S\u01b0\u1eddn n\u01b0\u1edbng v\u1edbi s\u1ed1t ti\u00eau xanh<\/p>\n<p><strong>TH\u1edcI \u0110I\u1ec2M TH\u01af\u1edeNG TH\u1ee8C:<\/strong> 2022 &#8211; 2040+<\/p>\n<p>&nbsp;<\/p>\n<p><strong>C\u00c2U CHUY\u1ec6N<\/strong><\/p>\n<p>\u0110\u01b0\u1ee3c tr\u1ed3ng t\u1eeb n\u0103m 1880 b\u1edfi Charles King, \u201cOld Hill\u201d (\u201cNg\u1ecdn \u0110\u1ed3i X\u01b0a\u201d) \u0111\u00e3 v\u00e0 \u0111ang cho ra \u0111\u1eddi c\u00e1c d\u00f2ng r\u01b0\u1ee3u vang \u0111\u1ecf v\u0129 \u0111\u1ea1i nh\u1ea5t c\u1ee7a v\u00f9ng nho Thung L\u0169ng Hunter. Nh\u00e0 s\u1ea3n xu\u1ea5t r\u01b0\u1ee3u vang huy\u1ec1n tho\u1ea1i Maurice O\u2019Shea l\u1ea7n \u0111\u1ea7u s\u1ea3n xu\u1ea5t r\u01b0\u1ee3u vang t\u1eeb v\u01b0\u1eddn nho \u201cNg\u1ecdn \u0110\u1ed3i X\u01b0a\u201d n\u00e0y v\u00e0o th\u1eadp ni\u00ean 1920 v\u00e0 1930. Ng\u00e0y nay, nh\u1eefng d\u00f2ng vang ra \u0111\u1eddi t\u1eeb \u201cNg\u1ecdn \u0110\u1ed3i X\u01b0a\u201d v\u00e0o th\u1eddi \u0111\u00f3 v\u1eabn c\u00f2n \u0111\u01b0\u1ee3c ca t\u1ee5ng l\u00e0 v\u0129 \u0111\u1ea1i nh\u1ea5t n\u01b0\u1edbc \u00dac trong m\u1ecdi th\u1eddi \u0111\u1ea1i.<\/p>\n<p><strong>Nh\u00e0 s\u1ea3n xu\u1ea5t: <\/strong>Adrian Sparks<\/p>\n<p><strong>NI\u00caN V\u1ee4 2018: <\/strong>L\u01b0\u1ee3ng m\u01b0a \u00edt v\u00e0 m\u00f9a \u0111\u00f4ng \u1ea5m \u00e1p \u0111\u00e3 d\u1eabn \u0111\u1ebfn s\u1ef1 b\u00f9ng n\u1ed5 s\u1edbm c\u1ee7a s\u1ed1 ch\u1ed3i nho trong v\u00f9ng. Khu v\u1ef1c n\u00e0y \u0111\u00e3 ghi nh\u1eadn l\u01b0\u1ee3ng m\u01b0a th\u1ea5p h\u01a1n m\u1ee9c trung b\u00ecnh trong su\u1ed1t m\u00f9a tr\u1ed3ng tr\u1ecdt, d\u1eabn \u0111\u1ebfn m\u1ed9t \u0111\u1ee3t m\u01b0a s\u1edbm sau \u0111\u00f3. Ch\u1ea5t l\u01b0\u1ee3ng qu\u1ea3 cao, kh\u00f4ng b\u1ecb d\u1ecbch b\u1ec7nh. V\u1edbi m\u00f9a v\u1ee5 th\u1ea5p h\u01a1n m\u1ed9t ch\u00fat so v\u1edbi m\u1ee9c trung b\u00ecnh, vi\u1ec7c thu ho\u1ea1ch \u0111\u00e3 ph\u1ea3i di\u1ec5n ra s\u1edbm h\u01a1n b\u00ecnh th\u01b0\u1eddng kho\u1ea3ng 8 ng\u00e0y, v\u1edbi nh\u1eefng qu\u1ea3 nguy\u00ean sinh v\u00e0 h\u01b0\u01a1ng v\u1ecb c\u1ef1c k\u1ef3 \u0111\u1eadm \u0111\u00e0.<\/p>\n<p><strong>QU\u00c1 TR\u00ccNH SX: <\/strong>Nho \u0111\u01b0\u1ee3c thu ho\u1ea1ch b\u1eb1ng tay v\u00e0 ch\u1ec9 nh\u1eefng ch\u00f9m ho\u00e0n h\u1ea3o nh\u1ea5t m\u1edbi \u0111\u01b0\u1ee3c ch\u1ecdn \u0111\u1ec3 s\u1ea3n xu\u1ea5t. Nho \u0111\u01b0\u1ee3c b\u1ecf cu\u1ed1ng, l\u00ean men trong c\u00e1c th\u00f9ng nh\u1ecf m\u1edf n\u1eafp \u1edf nhi\u1ec7t \u0111\u1ed9 l\u1ea1nh trong m\u1ed9t giai \u0111o\u1ea1n ng\u1eafn. M\u00e0u vang s\u1ebd hi\u1ec7n r\u00f5 ngay sau giai \u0111o\u1ea1n \u0111\u00f3. Nho \u0111\u01b0\u1ee3c l\u00ean men trong v\u00f2ng kho\u1ea3ng 9 ng\u00e0y v\u1edbi nhi\u1ec7t \u0111\u1ed9 18-25\u02daC, sau \u0111\u00f3 \u0111\u01b0\u1ee3c \u00e9p nh\u1eb9 \u0111\u1ec3 cho v\u00e0o c\u00e1c th\u00f9ng g\u1ed7 s\u1ed3i Ph\u00e1p l\u1edbn (20% th\u00f9ng m\u1edbi), tr\u01b0\u1edfng th\u00e0nh t\u1ea1i \u0111\u00f3 trong v\u00f2ng g\u1ea7n 9 th\u00e1ng ti\u1ebfp theo, tr\u01b0\u1edbc khi \u0111\u01b0\u1ee3c \u0111em \u0111i pha tr\u1ed9n v\u00e0 \u0111\u00f3ng chai.<\/p>\n<p>&nbsp;<\/p>\n<p><strong>\u0110\u00c1NH GI\u00c1 T\u1eea CHUY\u00caN GIA:<\/strong><\/p>\n<p>97 \u0111i\u1ec3m \u2013 Gary Walsh (Wine Front)<\/p>\n<p>96 \u0111i\u1ec3m \u2013 Huon Hooke (The Real Review)<\/p>","protected":false},"excerpt":{"rendered":"<p>97 \u0111i\u1ec3m \u2013 Website The Wine Front<\/p>","protected":false},"featured_media":6245,"template":"","meta":{"_acf_changed":false},"product_brand":[],"product_cat":[2640,87],"product_tag":[],"grape_varietal":[2466],"wine_regions":[2441],"class_list":{"0":"post-2216","1":"product","2":"type-product","3":"status-publish","4":"has-post-thumbnail","6":"product_cat-catalogue","7":"product_cat-red-wine","8":"pa_brand-mount-pleasant","9":"grape_varietal-shiraz","10":"wine_regions-hunter-valley","12":"first","13":"instock","14":"shipping-taxable","15":"product-type-simple"},"acf":[],"yoast_head":"<!-- This site is optimized with the Yoast SEO plugin v27.1.1 - https:\/\/yoast.com\/product\/yoast-seo-wordpress\/ -->\n<title>Mount Pleasant 1880 Vines Old Hill Vineyard Shiraz - Rada Wines<\/title>\n<meta name=\"robots\" content=\"index, follow, max-snippet:-1, max-image-preview:large, max-video-preview:-1\" \/>\n<link rel=\"canonical\" href=\"https:\/\/www.ilovewines.vn\/vi\/san-pham\/mount-pleasant-1880-vines-old-hill-vineyard-shiraz-2018\/\" \/>\n<meta property=\"og:locale\" content=\"vi_VN\" \/>\n<meta property=\"og:type\" content=\"article\" \/>\n<meta property=\"og:title\" content=\"Mount Pleasant 1880 Vines Old Hill Vineyard Shiraz - Rada Wines\" \/>\n<meta property=\"og:description\" content=\"97 points - The Wine Front\" \/>\n<meta property=\"og:url\" content=\"https:\/\/www.ilovewines.vn\/vi\/san-pham\/mount-pleasant-1880-vines-old-hill-vineyard-shiraz-2018\/\" \/>\n<meta property=\"og:site_name\" content=\"Rada Wines\" \/>\n<meta property=\"article:modified_time\" content=\"2024-05-25T10:45:44+00:00\" \/>\n<meta property=\"og:image\" content=\"https:\/\/www.ilovewines.vn\/wp-content\/uploads\/2022\/07\/mp-significant-1880-old-hill-v-1655104063594.png\" \/>\n\t<meta property=\"og:image:width\" content=\"226\" \/>\n\t<meta property=\"og:image:height\" content=\"600\" \/>\n\t<meta property=\"og:image:type\" content=\"image\/png\" \/>\n<meta name=\"twitter:card\" content=\"summary_large_image\" \/>\n<meta name=\"twitter:label1\" content=\"\u01af\u1edbc t\u00ednh th\u1eddi gian \u0111\u1ecdc\" \/>\n\t<meta name=\"twitter:data1\" content=\"2 ph\u00fat\" \/>\n<script type=\"application\/ld+json\" class=\"yoast-schema-graph\">{\"@context\":\"https:\/\/schema.org\",\"@graph\":[{\"@type\":\"WebPage\",\"@id\":\"https:\/\/www.ilovewines.vn\/product\/mount-pleasant-1880-vines-old-hill-vineyard-shiraz-2018\/\",\"url\":\"https:\/\/www.ilovewines.vn\/product\/mount-pleasant-1880-vines-old-hill-vineyard-shiraz-2018\/\",\"name\":\"Mount Pleasant 1880 Vines Old Hill Vineyard Shiraz - Rada Wines\",\"isPartOf\":{\"@id\":\"https:\/\/www.ilovewines.vn\/#website\"},\"primaryImageOfPage\":{\"@id\":\"https:\/\/www.ilovewines.vn\/product\/mount-pleasant-1880-vines-old-hill-vineyard-shiraz-2018\/#primaryimage\"},\"image\":{\"@id\":\"https:\/\/www.ilovewines.vn\/product\/mount-pleasant-1880-vines-old-hill-vineyard-shiraz-2018\/#primaryimage\"},\"thumbnailUrl\":\"https:\/\/www.ilovewines.vn\/wp-content\/uploads\/2022\/07\/mp-significant-1880-old-hill-v-1655104063594.png\",\"datePublished\":\"2022-07-08T03:32:37+00:00\",\"dateModified\":\"2024-05-25T10:45:44+00:00\",\"breadcrumb\":{\"@id\":\"https:\/\/www.ilovewines.vn\/product\/mount-pleasant-1880-vines-old-hill-vineyard-shiraz-2018\/#breadcrumb\"},\"inLanguage\":\"vi\",\"potentialAction\":[{\"@type\":\"ReadAction\",\"target\":[\"https:\/\/www.ilovewines.vn\/product\/mount-pleasant-1880-vines-old-hill-vineyard-shiraz-2018\/\"]}]},{\"@type\":\"ImageObject\",\"inLanguage\":\"vi\",\"@id\":\"https:\/\/www.ilovewines.vn\/product\/mount-pleasant-1880-vines-old-hill-vineyard-shiraz-2018\/#primaryimage\",\"url\":\"https:\/\/www.ilovewines.vn\/wp-content\/uploads\/2022\/07\/mp-significant-1880-old-hill-v-1655104063594.png\",\"contentUrl\":\"https:\/\/www.ilovewines.vn\/wp-content\/uploads\/2022\/07\/mp-significant-1880-old-hill-v-1655104063594.png\",\"width\":226,\"height\":600},{\"@type\":\"BreadcrumbList\",\"@id\":\"https:\/\/www.ilovewines.vn\/product\/mount-pleasant-1880-vines-old-hill-vineyard-shiraz-2018\/#breadcrumb\",\"itemListElement\":[{\"@type\":\"ListItem\",\"position\":1,\"name\":\"Home\",\"item\":\"https:\/\/www.ilovewines.vn\/\"},{\"@type\":\"ListItem\",\"position\":2,\"name\":\"Catalogue\",\"item\":\"https:\/\/www.ilovewines.vn\/catalogue\/\"},{\"@type\":\"ListItem\",\"position\":3,\"name\":\"Mount Pleasant 1880 Vines Old Hill Vineyard Shiraz\"}]},{\"@type\":\"WebSite\",\"@id\":\"https:\/\/www.ilovewines.vn\/#website\",\"url\":\"https:\/\/www.ilovewines.vn\/\",\"name\":\"Rada Wines\",\"description\":\"Just another WordPress site\",\"publisher\":{\"@id\":\"https:\/\/www.ilovewines.vn\/#organization\"},\"potentialAction\":[{\"@type\":\"SearchAction\",\"target\":{\"@type\":\"EntryPoint\",\"urlTemplate\":\"https:\/\/www.ilovewines.vn\/?s={search_term_string}\"},\"query-input\":{\"@type\":\"PropertyValueSpecification\",\"valueRequired\":true,\"valueName\":\"search_term_string\"}}],\"inLanguage\":\"vi\"},{\"@type\":\"Organization\",\"@id\":\"https:\/\/www.ilovewines.vn\/#organization\",\"name\":\"Rada Wines\",\"url\":\"https:\/\/www.ilovewines.vn\/\",\"logo\":{\"@type\":\"ImageObject\",\"inLanguage\":\"vi\",\"@id\":\"https:\/\/www.ilovewines.vn\/#\/schema\/logo\/image\/\",\"url\":\"https:\/\/www.ilovewines.vn\/wp-content\/uploads\/2022\/06\/cropped-162574230_380766779846763_4426584222903300096_n.jpg\",\"contentUrl\":\"https:\/\/www.ilovewines.vn\/wp-content\/uploads\/2022\/06\/cropped-162574230_380766779846763_4426584222903300096_n.jpg\",\"width\":320,\"height\":206,\"caption\":\"Rada Wines\"},\"image\":{\"@id\":\"https:\/\/www.ilovewines.vn\/#\/schema\/logo\/image\/\"}}]}<\/script>\n<!-- \/ Yoast SEO plugin. -->","yoast_head_json":{"title":"Mount Pleasant 1880 Vines Old Hill Vineyard Shiraz - Rada Wines","robots":{"index":"index","follow":"follow","max-snippet":"max-snippet:-1","max-image-preview":"max-image-preview:large","max-video-preview":"max-video-preview:-1"},"canonical":"https:\/\/www.ilovewines.vn\/vi\/san-pham\/mount-pleasant-1880-vines-old-hill-vineyard-shiraz-2018\/","og_locale":"vi_VN","og_type":"article","og_title":"Mount Pleasant 1880 Vines Old Hill Vineyard Shiraz - Rada Wines","og_description":"97 points - The Wine Front","og_url":"https:\/\/www.ilovewines.vn\/vi\/san-pham\/mount-pleasant-1880-vines-old-hill-vineyard-shiraz-2018\/","og_site_name":"Rada Wines","article_modified_time":"2024-05-25T10:45:44+00:00","og_image":[{"width":226,"height":600,"url":"https:\/\/www.ilovewines.vn\/wp-content\/uploads\/2022\/07\/mp-significant-1880-old-hill-v-1655104063594.png","type":"image\/png"}],"twitter_card":"summary_large_image","twitter_misc":{"\u01af\u1edbc t\u00ednh th\u1eddi gian \u0111\u1ecdc":"2 ph\u00fat"},"schema":{"@context":"https:\/\/schema.org","@graph":[{"@type":"WebPage","@id":"https:\/\/www.ilovewines.vn\/product\/mount-pleasant-1880-vines-old-hill-vineyard-shiraz-2018\/","url":"https:\/\/www.ilovewines.vn\/product\/mount-pleasant-1880-vines-old-hill-vineyard-shiraz-2018\/","name":"Mount Pleasant 1880 Vines Old Hill Vineyard Shiraz - Rada Wines","isPartOf":{"@id":"https:\/\/www.ilovewines.vn\/#website"},"primaryImageOfPage":{"@id":"https:\/\/www.ilovewines.vn\/product\/mount-pleasant-1880-vines-old-hill-vineyard-shiraz-2018\/#primaryimage"},"image":{"@id":"https:\/\/www.ilovewines.vn\/product\/mount-pleasant-1880-vines-old-hill-vineyard-shiraz-2018\/#primaryimage"},"thumbnailUrl":"https:\/\/www.ilovewines.vn\/wp-content\/uploads\/2022\/07\/mp-significant-1880-old-hill-v-1655104063594.png","datePublished":"2022-07-08T03:32:37+00:00","dateModified":"2024-05-25T10:45:44+00:00","breadcrumb":{"@id":"https:\/\/www.ilovewines.vn\/product\/mount-pleasant-1880-vines-old-hill-vineyard-shiraz-2018\/#breadcrumb"},"inLanguage":"vi","potentialAction":[{"@type":"ReadAction","target":["https:\/\/www.ilovewines.vn\/product\/mount-pleasant-1880-vines-old-hill-vineyard-shiraz-2018\/"]}]},{"@type":"ImageObject","inLanguage":"vi","@id":"https:\/\/www.ilovewines.vn\/product\/mount-pleasant-1880-vines-old-hill-vineyard-shiraz-2018\/#primaryimage","url":"https:\/\/www.ilovewines.vn\/wp-content\/uploads\/2022\/07\/mp-significant-1880-old-hill-v-1655104063594.png","contentUrl":"https:\/\/www.ilovewines.vn\/wp-content\/uploads\/2022\/07\/mp-significant-1880-old-hill-v-1655104063594.png","width":226,"height":600},{"@type":"BreadcrumbList","@id":"https:\/\/www.ilovewines.vn\/product\/mount-pleasant-1880-vines-old-hill-vineyard-shiraz-2018\/#breadcrumb","itemListElement":[{"@type":"ListItem","position":1,"name":"Home","item":"https:\/\/www.ilovewines.vn\/"},{"@type":"ListItem","position":2,"name":"Catalogue","item":"https:\/\/www.ilovewines.vn\/catalogue\/"},{"@type":"ListItem","position":3,"name":"Mount Pleasant 1880 Vines Old Hill Vineyard Shiraz"}]},{"@type":"WebSite","@id":"https:\/\/www.ilovewines.vn\/#website","url":"https:\/\/www.ilovewines.vn\/","name":"Rada Wines","description":"Just another WordPress site","publisher":{"@id":"https:\/\/www.ilovewines.vn\/#organization"},"potentialAction":[{"@type":"SearchAction","target":{"@type":"EntryPoint","urlTemplate":"https:\/\/www.ilovewines.vn\/?s={search_term_string}"},"query-input":{"@type":"PropertyValueSpecification","valueRequired":true,"valueName":"search_term_string"}}],"inLanguage":"vi"},{"@type":"Organization","@id":"https:\/\/www.ilovewines.vn\/#organization","name":"Rada Wines","url":"https:\/\/www.ilovewines.vn\/","logo":{"@type":"ImageObject","inLanguage":"vi","@id":"https:\/\/www.ilovewines.vn\/#\/schema\/logo\/image\/","url":"https:\/\/www.ilovewines.vn\/wp-content\/uploads\/2022\/06\/cropped-162574230_380766779846763_4426584222903300096_n.jpg","contentUrl":"https:\/\/www.ilovewines.vn\/wp-content\/uploads\/2022\/06\/cropped-162574230_380766779846763_4426584222903300096_n.jpg","width":320,"height":206,"caption":"Rada Wines"},"image":{"@id":"https:\/\/www.ilovewines.vn\/#\/schema\/logo\/image\/"}}]}},"_links":{"self":[{"href":"https:\/\/www.ilovewines.vn\/vi\/wp-json\/wp\/v2\/product\/2216","targetHints":{"allow":["GET"]}}],"collection":[{"href":"https:\/\/www.ilovewines.vn\/vi\/wp-json\/wp\/v2\/product"}],"about":[{"href":"https:\/\/www.ilovewines.vn\/vi\/wp-json\/wp\/v2\/types\/product"}],"version-history":[{"count":3,"href":"https:\/\/www.ilovewines.vn\/vi\/wp-json\/wp\/v2\/product\/2216\/revisions"}],"predecessor-version":[{"id":6246,"href":"https:\/\/www.ilovewines.vn\/vi\/wp-json\/wp\/v2\/product\/2216\/revisions\/6246"}],"wp:featuredmedia":[{"embeddable":true,"href":"https:\/\/www.ilovewines.vn\/vi\/wp-json\/wp\/v2\/media\/6245"}],"wp:attachment":[{"href":"https:\/\/www.ilovewines.vn\/vi\/wp-json\/wp\/v2\/media?parent=2216"}],"wp:term":[{"taxonomy":"product_brand","embeddable":true,"href":"https:\/\/www.ilovewines.vn\/vi\/wp-json\/wp\/v2\/product_brand?post=2216"},{"taxonomy":"product_cat","embeddable":true,"href":"https:\/\/www.ilovewines.vn\/vi\/wp-json\/wp\/v2\/product_cat?post=2216"},{"taxonomy":"product_tag","embeddable":true,"href":"https:\/\/www.ilovewines.vn\/vi\/wp-json\/wp\/v2\/product_tag?post=2216"},{"taxonomy":"grape_varietal","embeddable":true,"href":"https:\/\/www.ilovewines.vn\/vi\/wp-json\/wp\/v2\/grape_varietal?post=2216"},{"taxonomy":"wine_regions","embeddable":true,"href":"https:\/\/www.ilovewines.vn\/vi\/wp-json\/wp\/v2\/wine_regions?post=2216"}],"curies":[{"name":"wp","href":"https:\/\/api.w.org\/{rel}","templated":true}]}}