{"id":2240,"date":"2022-07-07T21:32:58","date_gmt":"2022-07-08T03:32:58","guid":{"rendered":"https:\/\/www.ilovewines.vn\/product\/mcwilliams-markview-shiraz-nv\/"},"modified":"2024-10-06T08:58:51","modified_gmt":"2024-10-06T14:58:51","slug":"mcwilliams-markview-shiraz-nv","status":"publish","type":"product","link":"https:\/\/www.ilovewines.vn\/vi\/product\/mcwilliams-markview-shiraz-nv\/","title":{"rendered":"McWilliam\u2019s Markview Shiraz"},"content":{"rendered":"<p style=\"text-align: justify;\">V\u1edbi 140 n\u0103m kinh nghi\u1ec7m l\u00e0m vang, McWilliam's Markview \u0111\u00e3 l\u00e0m ra m\u1ed9t danh m\u1ee5c s\u1ea3n ph\u1ea9m phong ph\u00fa v\u1edbi nh\u1eefng chai vang \u0111\u1eadm \u0111\u00e0 h\u01b0\u01a1ng v\u1ecb tr\u00e1i c\u00e2y nh\u01b0ng \u0111\u1ea7y tinh t\u1ebf v\u00e0 \u00eam d\u1ecbu khi th\u01b0\u1edfng th\u1ee9c.<\/p>\n<p style=\"text-align: justify;\"><strong>C\u1ea2M NH\u1eacN GI\u00c1C QUAN<\/strong><\/p>\n<p style=\"text-align: justify;\"><strong>M\u00e0u s\u1eafc:\u00a0\u00a0 <\/strong>\u00c1nh h\u1ed3ng s\u1ed1ng \u0111\u1ed9ng v\u1edbi s\u1eafc \u0111\u1ecf.<\/p>\n<p style=\"text-align: justify;\"><strong>Kh\u1ee9u gi\u00e1c: <\/strong>Ph\u1ea7n l\u1edbn l\u00e0 b\u1ea1n s\u1ebd ng\u1eedi th\u1ea5y h\u01b0\u01a1ng th\u01a1m c\u1ee7a qu\u1ea3 m\u1eadn, qu\u1ea3 l\u00fd \u0111en (blackcurrant) v\u00e0 qu\u1ea3 anh \u0111\u00e0o \u0111en. Ngo\u00e0i ra, r\u01b0\u1ee3u c\u0169ng ph\u1ea3ng ph\u1ea5t c\u1ea3 m\u1ed9t ch\u00fat h\u01b0\u01a1ng ti\u00eau \u0111en, gia v\u1ecb, g\u1ed7 s\u1ed3i, g\u00f3p ph\u1ea7n khi\u1ebfn m\u00f9i h\u01b0\u01a1ng c\u1ee7a vang th\u00eam phong ph\u00fa.<\/p>\n<p style=\"text-align: justify;\"><strong>Kh\u1ea9u v\u1ecb:\u00a0<\/strong>H\u01b0\u01a1ng v\u1ecb \u0111\u1eadm \u0111\u00e0 v\u1edbi \u0111\u1ed9 c\u1ed3n cao. Khi th\u01b0\u1edfng th\u1ee9c, b\u1ea1n s\u1ebd c\u1ea3m nh\u1eadn \u0111\u01b0\u1ee3c v\u1ecb ngon c\u1ee7a qu\u1ea3 m\u1eadn, qu\u1ea3 d\u00e2u \u0111en v\u00e0 qu\u1ea3 anh \u0111\u00e0o \u0111en. V\u1ecb ngon c\u1ee7a g\u1ed7 s\u1ed3i n\u01b0\u1edbng c\u0169ng gi\u00fap vang \u0111\u1eadm \u0111\u00e0 v\u00e0 k\u00e9o d\u00e0i v\u1ecb h\u01a1n.<\/p>\n<p style=\"text-align: justify;\"><strong>TH\u1edcI \u0110I\u1ec2M TH\u01af\u1edeNG TH\u1ee8C:\u00a0<\/strong>C\u00f3 th\u1ec3 u\u1ed1ng t\u1eeb n\u0103m 2019 \u0111\u1ebfn 2 n\u0103m sau \u0111\u00f3.<\/p>","protected":false},"excerpt":{"rendered":"<p>D\u00f2ng r\u01b0\u1ee3u ph\u1ed5 th\u00f4ng t\u1ed1t nh\u1ea5t<\/p>","protected":false},"featured_media":2239,"template":"","meta":{"_acf_changed":false},"product_brand":[],"product_cat":[2640,87],"product_tag":[],"grape_varietal":[],"wine_regions":[],"class_list":{"0":"post-2240","1":"product","2":"type-product","3":"status-publish","4":"has-post-thumbnail","6":"product_cat-catalogue","7":"product_cat-red-wine","8":"pa_brand-mcwilliams","10":"first","11":"instock","12":"shipping-taxable","13":"product-type-simple"},"acf":[],"yoast_head":"<!-- This site is optimized with the Yoast SEO plugin v27.1.1 - https:\/\/yoast.com\/product\/yoast-seo-wordpress\/ -->\n<title>McWilliam\u2019s Markview Shiraz - Rada Wines<\/title>\n<meta name=\"robots\" content=\"index, follow, max-snippet:-1, max-image-preview:large, max-video-preview:-1\" \/>\n<link rel=\"canonical\" href=\"https:\/\/www.ilovewines.vn\/vi\/san-pham\/mcwilliams-markview-shiraz-nv\/\" \/>\n<meta property=\"og:locale\" content=\"vi_VN\" \/>\n<meta property=\"og:type\" content=\"article\" \/>\n<meta property=\"og:title\" content=\"McWilliam\u2019s Markview Shiraz - Rada Wines\" \/>\n<meta property=\"og:description\" content=\"Best entry-level wines\" \/>\n<meta property=\"og:url\" content=\"https:\/\/www.ilovewines.vn\/vi\/san-pham\/mcwilliams-markview-shiraz-nv\/\" \/>\n<meta property=\"og:site_name\" content=\"Rada Wines\" \/>\n<meta property=\"article:modified_time\" content=\"2024-10-06T14:58:51+00:00\" \/>\n<meta property=\"og:image\" content=\"https:\/\/www.ilovewines.vn\/wp-content\/uploads\/2022\/07\/mcwilliam_s_markview_shiraz_750ml-308x385small_4a69b4ef1d6c47ff8af84aa4db3186a0.jpg\" \/>\n\t<meta property=\"og:image:width\" content=\"308\" \/>\n\t<meta property=\"og:image:height\" content=\"385\" \/>\n\t<meta property=\"og:image:type\" content=\"image\/jpeg\" \/>\n<meta name=\"twitter:card\" content=\"summary_large_image\" \/>\n<meta name=\"twitter:label1\" content=\"\u01af\u1edbc t\u00ednh th\u1eddi gian \u0111\u1ecdc\" \/>\n\t<meta name=\"twitter:data1\" content=\"1 ph\u00fat\" \/>\n<script type=\"application\/ld+json\" class=\"yoast-schema-graph\">{\"@context\":\"https:\/\/schema.org\",\"@graph\":[{\"@type\":\"WebPage\",\"@id\":\"https:\/\/www.ilovewines.vn\/product\/mcwilliams-markview-shiraz-nv\/\",\"url\":\"https:\/\/www.ilovewines.vn\/product\/mcwilliams-markview-shiraz-nv\/\",\"name\":\"McWilliam\u2019s Markview Shiraz - Rada Wines\",\"isPartOf\":{\"@id\":\"https:\/\/www.ilovewines.vn\/#website\"},\"primaryImageOfPage\":{\"@id\":\"https:\/\/www.ilovewines.vn\/product\/mcwilliams-markview-shiraz-nv\/#primaryimage\"},\"image\":{\"@id\":\"https:\/\/www.ilovewines.vn\/product\/mcwilliams-markview-shiraz-nv\/#primaryimage\"},\"thumbnailUrl\":\"https:\/\/www.ilovewines.vn\/wp-content\/uploads\/2022\/07\/mcwilliam_s_markview_shiraz_750ml-308x385small_4a69b4ef1d6c47ff8af84aa4db3186a0.jpg\",\"datePublished\":\"2022-07-08T03:32:58+00:00\",\"dateModified\":\"2024-10-06T14:58:51+00:00\",\"breadcrumb\":{\"@id\":\"https:\/\/www.ilovewines.vn\/product\/mcwilliams-markview-shiraz-nv\/#breadcrumb\"},\"inLanguage\":\"vi\",\"potentialAction\":[{\"@type\":\"ReadAction\",\"target\":[\"https:\/\/www.ilovewines.vn\/product\/mcwilliams-markview-shiraz-nv\/\"]}]},{\"@type\":\"ImageObject\",\"inLanguage\":\"vi\",\"@id\":\"https:\/\/www.ilovewines.vn\/product\/mcwilliams-markview-shiraz-nv\/#primaryimage\",\"url\":\"https:\/\/www.ilovewines.vn\/wp-content\/uploads\/2022\/07\/mcwilliam_s_markview_shiraz_750ml-308x385small_4a69b4ef1d6c47ff8af84aa4db3186a0.jpg\",\"contentUrl\":\"https:\/\/www.ilovewines.vn\/wp-content\/uploads\/2022\/07\/mcwilliam_s_markview_shiraz_750ml-308x385small_4a69b4ef1d6c47ff8af84aa4db3186a0.jpg\",\"width\":308,\"height\":385},{\"@type\":\"BreadcrumbList\",\"@id\":\"https:\/\/www.ilovewines.vn\/product\/mcwilliams-markview-shiraz-nv\/#breadcrumb\",\"itemListElement\":[{\"@type\":\"ListItem\",\"position\":1,\"name\":\"Home\",\"item\":\"https:\/\/www.ilovewines.vn\/\"},{\"@type\":\"ListItem\",\"position\":2,\"name\":\"Catalogue\",\"item\":\"https:\/\/www.ilovewines.vn\/catalogue\/\"},{\"@type\":\"ListItem\",\"position\":3,\"name\":\"McWilliam\u2019s Markview Shiraz\"}]},{\"@type\":\"WebSite\",\"@id\":\"https:\/\/www.ilovewines.vn\/#website\",\"url\":\"https:\/\/www.ilovewines.vn\/\",\"name\":\"Rada Wines\",\"description\":\"Just another WordPress site\",\"publisher\":{\"@id\":\"https:\/\/www.ilovewines.vn\/#organization\"},\"potentialAction\":[{\"@type\":\"SearchAction\",\"target\":{\"@type\":\"EntryPoint\",\"urlTemplate\":\"https:\/\/www.ilovewines.vn\/?s={search_term_string}\"},\"query-input\":{\"@type\":\"PropertyValueSpecification\",\"valueRequired\":true,\"valueName\":\"search_term_string\"}}],\"inLanguage\":\"vi\"},{\"@type\":\"Organization\",\"@id\":\"https:\/\/www.ilovewines.vn\/#organization\",\"name\":\"Rada Wines\",\"url\":\"https:\/\/www.ilovewines.vn\/\",\"logo\":{\"@type\":\"ImageObject\",\"inLanguage\":\"vi\",\"@id\":\"https:\/\/www.ilovewines.vn\/#\/schema\/logo\/image\/\",\"url\":\"https:\/\/www.ilovewines.vn\/wp-content\/uploads\/2022\/06\/cropped-162574230_380766779846763_4426584222903300096_n.jpg\",\"contentUrl\":\"https:\/\/www.ilovewines.vn\/wp-content\/uploads\/2022\/06\/cropped-162574230_380766779846763_4426584222903300096_n.jpg\",\"width\":320,\"height\":206,\"caption\":\"Rada Wines\"},\"image\":{\"@id\":\"https:\/\/www.ilovewines.vn\/#\/schema\/logo\/image\/\"}}]}<\/script>\n<!-- \/ Yoast SEO plugin. -->","yoast_head_json":{"title":"McWilliam\u2019s Markview Shiraz - Rada Wines","robots":{"index":"index","follow":"follow","max-snippet":"max-snippet:-1","max-image-preview":"max-image-preview:large","max-video-preview":"max-video-preview:-1"},"canonical":"https:\/\/www.ilovewines.vn\/vi\/san-pham\/mcwilliams-markview-shiraz-nv\/","og_locale":"vi_VN","og_type":"article","og_title":"McWilliam\u2019s Markview Shiraz - Rada Wines","og_description":"Best entry-level wines","og_url":"https:\/\/www.ilovewines.vn\/vi\/san-pham\/mcwilliams-markview-shiraz-nv\/","og_site_name":"Rada Wines","article_modified_time":"2024-10-06T14:58:51+00:00","og_image":[{"width":308,"height":385,"url":"https:\/\/www.ilovewines.vn\/wp-content\/uploads\/2022\/07\/mcwilliam_s_markview_shiraz_750ml-308x385small_4a69b4ef1d6c47ff8af84aa4db3186a0.jpg","type":"image\/jpeg"}],"twitter_card":"summary_large_image","twitter_misc":{"\u01af\u1edbc t\u00ednh th\u1eddi gian \u0111\u1ecdc":"1 ph\u00fat"},"schema":{"@context":"https:\/\/schema.org","@graph":[{"@type":"WebPage","@id":"https:\/\/www.ilovewines.vn\/product\/mcwilliams-markview-shiraz-nv\/","url":"https:\/\/www.ilovewines.vn\/product\/mcwilliams-markview-shiraz-nv\/","name":"McWilliam\u2019s Markview Shiraz - Rada Wines","isPartOf":{"@id":"https:\/\/www.ilovewines.vn\/#website"},"primaryImageOfPage":{"@id":"https:\/\/www.ilovewines.vn\/product\/mcwilliams-markview-shiraz-nv\/#primaryimage"},"image":{"@id":"https:\/\/www.ilovewines.vn\/product\/mcwilliams-markview-shiraz-nv\/#primaryimage"},"thumbnailUrl":"https:\/\/www.ilovewines.vn\/wp-content\/uploads\/2022\/07\/mcwilliam_s_markview_shiraz_750ml-308x385small_4a69b4ef1d6c47ff8af84aa4db3186a0.jpg","datePublished":"2022-07-08T03:32:58+00:00","dateModified":"2024-10-06T14:58:51+00:00","breadcrumb":{"@id":"https:\/\/www.ilovewines.vn\/product\/mcwilliams-markview-shiraz-nv\/#breadcrumb"},"inLanguage":"vi","potentialAction":[{"@type":"ReadAction","target":["https:\/\/www.ilovewines.vn\/product\/mcwilliams-markview-shiraz-nv\/"]}]},{"@type":"ImageObject","inLanguage":"vi","@id":"https:\/\/www.ilovewines.vn\/product\/mcwilliams-markview-shiraz-nv\/#primaryimage","url":"https:\/\/www.ilovewines.vn\/wp-content\/uploads\/2022\/07\/mcwilliam_s_markview_shiraz_750ml-308x385small_4a69b4ef1d6c47ff8af84aa4db3186a0.jpg","contentUrl":"https:\/\/www.ilovewines.vn\/wp-content\/uploads\/2022\/07\/mcwilliam_s_markview_shiraz_750ml-308x385small_4a69b4ef1d6c47ff8af84aa4db3186a0.jpg","width":308,"height":385},{"@type":"BreadcrumbList","@id":"https:\/\/www.ilovewines.vn\/product\/mcwilliams-markview-shiraz-nv\/#breadcrumb","itemListElement":[{"@type":"ListItem","position":1,"name":"Home","item":"https:\/\/www.ilovewines.vn\/"},{"@type":"ListItem","position":2,"name":"Catalogue","item":"https:\/\/www.ilovewines.vn\/catalogue\/"},{"@type":"ListItem","position":3,"name":"McWilliam\u2019s Markview Shiraz"}]},{"@type":"WebSite","@id":"https:\/\/www.ilovewines.vn\/#website","url":"https:\/\/www.ilovewines.vn\/","name":"Rada Wines","description":"Just another WordPress site","publisher":{"@id":"https:\/\/www.ilovewines.vn\/#organization"},"potentialAction":[{"@type":"SearchAction","target":{"@type":"EntryPoint","urlTemplate":"https:\/\/www.ilovewines.vn\/?s={search_term_string}"},"query-input":{"@type":"PropertyValueSpecification","valueRequired":true,"valueName":"search_term_string"}}],"inLanguage":"vi"},{"@type":"Organization","@id":"https:\/\/www.ilovewines.vn\/#organization","name":"Rada Wines","url":"https:\/\/www.ilovewines.vn\/","logo":{"@type":"ImageObject","inLanguage":"vi","@id":"https:\/\/www.ilovewines.vn\/#\/schema\/logo\/image\/","url":"https:\/\/www.ilovewines.vn\/wp-content\/uploads\/2022\/06\/cropped-162574230_380766779846763_4426584222903300096_n.jpg","contentUrl":"https:\/\/www.ilovewines.vn\/wp-content\/uploads\/2022\/06\/cropped-162574230_380766779846763_4426584222903300096_n.jpg","width":320,"height":206,"caption":"Rada Wines"},"image":{"@id":"https:\/\/www.ilovewines.vn\/#\/schema\/logo\/image\/"}}]}},"_links":{"self":[{"href":"https:\/\/www.ilovewines.vn\/vi\/wp-json\/wp\/v2\/product\/2240","targetHints":{"allow":["GET"]}}],"collection":[{"href":"https:\/\/www.ilovewines.vn\/vi\/wp-json\/wp\/v2\/product"}],"about":[{"href":"https:\/\/www.ilovewines.vn\/vi\/wp-json\/wp\/v2\/types\/product"}],"version-history":[{"count":1,"href":"https:\/\/www.ilovewines.vn\/vi\/wp-json\/wp\/v2\/product\/2240\/revisions"}],"predecessor-version":[{"id":6459,"href":"https:\/\/www.ilovewines.vn\/vi\/wp-json\/wp\/v2\/product\/2240\/revisions\/6459"}],"wp:featuredmedia":[{"embeddable":true,"href":"https:\/\/www.ilovewines.vn\/vi\/wp-json\/wp\/v2\/media\/2239"}],"wp:attachment":[{"href":"https:\/\/www.ilovewines.vn\/vi\/wp-json\/wp\/v2\/media?parent=2240"}],"wp:term":[{"taxonomy":"product_brand","embeddable":true,"href":"https:\/\/www.ilovewines.vn\/vi\/wp-json\/wp\/v2\/product_brand?post=2240"},{"taxonomy":"product_cat","embeddable":true,"href":"https:\/\/www.ilovewines.vn\/vi\/wp-json\/wp\/v2\/product_cat?post=2240"},{"taxonomy":"product_tag","embeddable":true,"href":"https:\/\/www.ilovewines.vn\/vi\/wp-json\/wp\/v2\/product_tag?post=2240"},{"taxonomy":"grape_varietal","embeddable":true,"href":"https:\/\/www.ilovewines.vn\/vi\/wp-json\/wp\/v2\/grape_varietal?post=2240"},{"taxonomy":"wine_regions","embeddable":true,"href":"https:\/\/www.ilovewines.vn\/vi\/wp-json\/wp\/v2\/wine_regions?post=2240"}],"curies":[{"name":"wp","href":"https:\/\/api.w.org\/{rel}","templated":true}]}}