{"id":2244,"date":"2022-07-07T21:32:59","date_gmt":"2022-07-08T03:32:59","guid":{"rendered":"https:\/\/www.ilovewines.vn\/product\/mcwilliams-markview-chardonnay-nv\/"},"modified":"2022-12-06T04:19:04","modified_gmt":"2022-12-06T11:19:04","slug":"mcwilliams-markview-chardonnay-nv","status":"publish","type":"product","link":"https:\/\/www.ilovewines.vn\/vi\/product\/mcwilliams-markview-chardonnay-nv\/","title":{"rendered":"McWilliam's Markview Chardonnay"},"content":{"rendered":"<p style=\"text-align: justify;\"><strong>C\u1ea2M NH\u1eacN GI\u00c1C QUAN<\/strong><\/p>\n<p style=\"text-align: justify;\"><strong>M\u00e0u s\u1eafc:\u00a0\u00a0<\/strong> M\u00e0u v\u00e0ng r\u01a1m \u00f3ng \u00e1nh<\/p>\n<p style=\"text-align: justify;\"><strong>Kh\u1ee9u gi\u00e1c:<\/strong> Tr\u00e1i c\u00e2y ch\u00edn, hoa \u0111\u00e0o v\u00e0 m\u1eadt ong tr\u1eafng v\u1edbi m\u1ed9t ch\u00fat h\u01b0\u01a1ng v\u1ecb d\u1ee9a tr\u00ean n\u1ec1n h\u01b0\u01a1ng g\u1ed7 s\u1ed3i tinh t\u1ebf.<\/p>\n<p style=\"text-align: justify;\"><strong>Kh\u1ea9u v\u1ecb:<\/strong> \u00a0H\u01b0\u01a1ng\u00a0tr\u00e1i c\u00e2y t\u01b0\u01a1i tr\u00e0n \u0111\u1ea7y v\u00f2m mi\u1ec7ng \u0111em \u0111\u1ebfn c\u1ea3m gi\u00e1c d\u1ec5 ch\u1ecbu v\u00e0 k\u1ebft th\u00fac m\u1ec1m m\u1ea1i. Tho\u1ea3ng h\u01b0\u01a1ng g\u1ed7 s\u1ed3i, c\u00f3 v\u1ecb chua nh\u01b0ng c\u00e2n b\u1eb1ng v\u1edbi m\u1ed9t ch\u00fat ng\u1ecdt ng\u00e0o.\u00a0<\/p>\n<p style=\"text-align: justify;\"><strong>\u0110\u1ed9 pH<\/strong> 3.42<\/p>\n<p style=\"text-align: justify;\"><strong>\u0110\u01b0\u1eddng d\u01b0:<\/strong> 3g\/L<\/p>\n<p style=\"text-align: justify;\"><strong>TH\u1edcI \u0110I\u1ec2M TH\u01af\u1edeNG TH\u1ee8C:<\/strong> R\u01b0\u1ee3u r\u1ea5t ngon \u0111\u1ec3 u\u1ed1ng ngay th\u1eddi \u0111i\u1ec3m n\u00e0y<\/p>\n<p style=\"text-align: justify;\"><strong>V\u1ec1 McWilliam's Markview:<\/strong> V\u1edbi 140 n\u0103m kinh nghi\u1ec7m l\u00e0m vang, McWilliam's Markview \u0111\u00e3 l\u00e0m ra m\u1ed9t danh m\u1ee5c s\u1ea3n ph\u1ea9m phong ph\u00fa v\u1edbi nh\u1eefng chai vang \u0111\u1eadm \u0111\u00e0 h\u01b0\u01a1ng v\u1ecb tr\u00e1i c\u00e2y nh\u01b0ng \u0111\u1ea7y tinh t\u1ebf v\u00e0 \u00eam d\u1ecbu khi th\u01b0\u1edfng th\u1ee9c.<\/p>\n<p style=\"text-align: justify;\"><strong>Thu ho\u1ea1ch v\u00e0 s\u1ea3n xu\u1ea5t:<\/strong> Nh\u1eefng tr\u00e1i nho \u0111\u01b0\u1ee3c l\u1ef1a ch\u1ecdn v\u00e0 h\u00e1i v\u00e0o nh\u1eefng \u0111\u00eam l\u1ea1nh, nh\u1eefng tr\u00e1i \u0111\u01b0\u1ee3c ch\u1ecdn c\u00f3 \u0111\u1ed9 ch\u00edn ti\u00eau chu\u1ea9n \u0111\u1ec3 \u0111\u1ea3m b\u1ea3o \u0111\u01b0\u1ee3c \u0111\u1ed9 t\u01b0\u01a1i v\u00e0 m\u00f9i v\u1ecb tuy\u1ec7t v\u1eddi c\u1ee7a ch\u00fang.<\/p>\n<p style=\"text-align: justify;\">Chardonnay ph\u1ea3i \u0111\u01b0\u1ee3c \u00e9p v\u00e0 l\u1ecdc v\u1ecf ngay sau khi nghi\u1ec1n. R\u01b0\u1ee3u vang sau \u0111\u00f3 \u0111\u01b0\u1ee3c l\u00ean men \u0111\u1ec3 \u1ee7 trong th\u00f9ng g\u1ed7 s\u1ed3i Ph\u00e1p h\u1ea3o h\u1ea1ng v\u00e0 nung men trong kho\u1ea3ng th\u1eddi gian t\u1eeb ba \u0111\u1ebfn b\u1ed1n th\u00e1ng \u0111\u1ec3 t\u1ea1o kem v\u00e0 k\u1ebft c\u1ea5u v\u1edbi m\u1ed9t ph\u1ea7n r\u01b0\u1ee3u \u0111\u1ec3 ti\u1ebfn t\u1edbi qu\u00e1 tr\u00ecnh l\u00ean men malolactic.<\/p>\n<p style=\"text-align: justify;\">Qu\u00e1 tr\u00ecnh \u1ee7 v\u00e0 tr\u1ed9n l\u00e0m cho h\u01b0\u01a1ng v\u1ecb r\u01b0\u1ee3u tr\u1edf n\u00ean ph\u1ee9c t\u1ea1p h\u01a1n n\u1eefa. Sau \u0111\u00f3 r\u01b0\u1ee3u \u0111\u01b0\u1ee3c kh\u1eed kh\u00ed v\u00e0 \u0111em \u0111i \u0111\u00f3ng chai.\u00a0<\/p>","protected":false},"excerpt":{"rendered":"<p>D\u00f2ng r\u01b0\u1ee3u ph\u1ed5 th\u00f4ng t\u1ed1t nh\u1ea5t<\/p>","protected":false},"featured_media":2243,"template":"","meta":{"_acf_changed":false},"product_brand":[],"product_cat":[2640,89],"product_tag":[],"grape_varietal":[2472],"wine_regions":[2592,2593,2444,2591],"class_list":{"0":"post-2244","1":"product","2":"type-product","3":"status-publish","4":"has-post-thumbnail","6":"product_cat-catalogue","7":"product_cat-white-wine","8":"pa_brand-mcwilliams","9":"grape_varietal-chardonnay","10":"wine_regions-canberra","11":"wine_regions-hilltops","12":"wine_regions-riverina","13":"wine_regions-tumbarumba","15":"first","16":"instock","17":"shipping-taxable","18":"product-type-simple"},"acf":[],"yoast_head":"<!-- This site is optimized with the Yoast SEO plugin v27.5 - https:\/\/yoast.com\/product\/yoast-seo-wordpress\/ -->\n<title>McWilliam&#039;s Markview Chardonnay NV - Rada Wines<\/title>\n<meta name=\"robots\" content=\"index, follow, max-snippet:-1, max-image-preview:large, max-video-preview:-1\" \/>\n<link rel=\"canonical\" href=\"https:\/\/www.ilovewines.vn\/vi\/san-pham\/mcwilliams-markview-chardonnay-nv\/\" \/>\n<meta property=\"og:locale\" content=\"vi_VN\" \/>\n<meta property=\"og:type\" content=\"article\" \/>\n<meta property=\"og:title\" content=\"McWilliam&#039;s Markview Chardonnay NV - Rada Wines\" \/>\n<meta property=\"og:description\" content=\"Best entry-level wines\" \/>\n<meta property=\"og:url\" content=\"https:\/\/www.ilovewines.vn\/vi\/san-pham\/mcwilliams-markview-chardonnay-nv\/\" \/>\n<meta property=\"og:site_name\" content=\"Rada Wines\" \/>\n<meta property=\"article:modified_time\" content=\"2022-12-06T11:19:04+00:00\" \/>\n<meta property=\"og:image\" content=\"https:\/\/www.ilovewines.vn\/wp-content\/uploads\/2022\/07\/mcwilliam_s_markview_chardonnay_750ml-308x385small_e911bdb968ef490ba517aa214cf9b704.jpg\" \/>\n\t<meta property=\"og:image:width\" content=\"308\" \/>\n\t<meta property=\"og:image:height\" content=\"385\" \/>\n\t<meta property=\"og:image:type\" content=\"image\/jpeg\" \/>\n<meta name=\"twitter:card\" content=\"summary_large_image\" \/>\n<meta name=\"twitter:label1\" content=\"\u01af\u1edbc t\u00ednh th\u1eddi gian \u0111\u1ecdc\" \/>\n\t<meta name=\"twitter:data1\" content=\"1 ph\u00fat\" \/>\n<script type=\"application\/ld+json\" class=\"yoast-schema-graph\">{\"@context\":\"https:\\\/\\\/schema.org\",\"@graph\":[{\"@type\":\"WebPage\",\"@id\":\"https:\\\/\\\/www.ilovewines.vn\\\/product\\\/mcwilliams-markview-chardonnay-nv\\\/\",\"url\":\"https:\\\/\\\/www.ilovewines.vn\\\/product\\\/mcwilliams-markview-chardonnay-nv\\\/\",\"name\":\"McWilliam's Markview Chardonnay NV - Rada Wines\",\"isPartOf\":{\"@id\":\"https:\\\/\\\/www.ilovewines.vn\\\/#website\"},\"primaryImageOfPage\":{\"@id\":\"https:\\\/\\\/www.ilovewines.vn\\\/product\\\/mcwilliams-markview-chardonnay-nv\\\/#primaryimage\"},\"image\":{\"@id\":\"https:\\\/\\\/www.ilovewines.vn\\\/product\\\/mcwilliams-markview-chardonnay-nv\\\/#primaryimage\"},\"thumbnailUrl\":\"https:\\\/\\\/www.ilovewines.vn\\\/wp-content\\\/uploads\\\/2022\\\/07\\\/mcwilliam_s_markview_chardonnay_750ml-308x385small_e911bdb968ef490ba517aa214cf9b704.jpg\",\"datePublished\":\"2022-07-08T03:32:59+00:00\",\"dateModified\":\"2022-12-06T11:19:04+00:00\",\"breadcrumb\":{\"@id\":\"https:\\\/\\\/www.ilovewines.vn\\\/product\\\/mcwilliams-markview-chardonnay-nv\\\/#breadcrumb\"},\"inLanguage\":\"vi\",\"potentialAction\":[{\"@type\":\"ReadAction\",\"target\":[\"https:\\\/\\\/www.ilovewines.vn\\\/product\\\/mcwilliams-markview-chardonnay-nv\\\/\"]}]},{\"@type\":\"ImageObject\",\"inLanguage\":\"vi\",\"@id\":\"https:\\\/\\\/www.ilovewines.vn\\\/product\\\/mcwilliams-markview-chardonnay-nv\\\/#primaryimage\",\"url\":\"https:\\\/\\\/www.ilovewines.vn\\\/wp-content\\\/uploads\\\/2022\\\/07\\\/mcwilliam_s_markview_chardonnay_750ml-308x385small_e911bdb968ef490ba517aa214cf9b704.jpg\",\"contentUrl\":\"https:\\\/\\\/www.ilovewines.vn\\\/wp-content\\\/uploads\\\/2022\\\/07\\\/mcwilliam_s_markview_chardonnay_750ml-308x385small_e911bdb968ef490ba517aa214cf9b704.jpg\",\"width\":308,\"height\":385},{\"@type\":\"BreadcrumbList\",\"@id\":\"https:\\\/\\\/www.ilovewines.vn\\\/product\\\/mcwilliams-markview-chardonnay-nv\\\/#breadcrumb\",\"itemListElement\":[{\"@type\":\"ListItem\",\"position\":1,\"name\":\"Home\",\"item\":\"https:\\\/\\\/www.ilovewines.vn\\\/\"},{\"@type\":\"ListItem\",\"position\":2,\"name\":\"Catalogue\",\"item\":\"https:\\\/\\\/www.ilovewines.vn\\\/catalogue\\\/\"},{\"@type\":\"ListItem\",\"position\":3,\"name\":\"McWilliam&#8217;s Markview Chardonnay NV\"}]},{\"@type\":\"WebSite\",\"@id\":\"https:\\\/\\\/www.ilovewines.vn\\\/#website\",\"url\":\"https:\\\/\\\/www.ilovewines.vn\\\/\",\"name\":\"Rada Wines\",\"description\":\"Just another WordPress site\",\"publisher\":{\"@id\":\"https:\\\/\\\/www.ilovewines.vn\\\/#organization\"},\"potentialAction\":[{\"@type\":\"SearchAction\",\"target\":{\"@type\":\"EntryPoint\",\"urlTemplate\":\"https:\\\/\\\/www.ilovewines.vn\\\/?s={search_term_string}\"},\"query-input\":{\"@type\":\"PropertyValueSpecification\",\"valueRequired\":true,\"valueName\":\"search_term_string\"}}],\"inLanguage\":\"vi\"},{\"@type\":\"Organization\",\"@id\":\"https:\\\/\\\/www.ilovewines.vn\\\/#organization\",\"name\":\"Rada Wines\",\"url\":\"https:\\\/\\\/www.ilovewines.vn\\\/\",\"logo\":{\"@type\":\"ImageObject\",\"inLanguage\":\"vi\",\"@id\":\"https:\\\/\\\/www.ilovewines.vn\\\/#\\\/schema\\\/logo\\\/image\\\/\",\"url\":\"https:\\\/\\\/www.ilovewines.vn\\\/wp-content\\\/uploads\\\/2022\\\/06\\\/cropped-162574230_380766779846763_4426584222903300096_n.jpg\",\"contentUrl\":\"https:\\\/\\\/www.ilovewines.vn\\\/wp-content\\\/uploads\\\/2022\\\/06\\\/cropped-162574230_380766779846763_4426584222903300096_n.jpg\",\"width\":320,\"height\":206,\"caption\":\"Rada Wines\"},\"image\":{\"@id\":\"https:\\\/\\\/www.ilovewines.vn\\\/#\\\/schema\\\/logo\\\/image\\\/\"}}]}<\/script>\n<!-- \/ Yoast SEO plugin. -->","yoast_head_json":{"title":"McWilliam's Markview Chardonnay NV - Rada Wines","robots":{"index":"index","follow":"follow","max-snippet":"max-snippet:-1","max-image-preview":"max-image-preview:large","max-video-preview":"max-video-preview:-1"},"canonical":"https:\/\/www.ilovewines.vn\/vi\/san-pham\/mcwilliams-markview-chardonnay-nv\/","og_locale":"vi_VN","og_type":"article","og_title":"McWilliam's Markview Chardonnay NV - Rada Wines","og_description":"Best entry-level wines","og_url":"https:\/\/www.ilovewines.vn\/vi\/san-pham\/mcwilliams-markview-chardonnay-nv\/","og_site_name":"Rada Wines","article_modified_time":"2022-12-06T11:19:04+00:00","og_image":[{"width":308,"height":385,"url":"https:\/\/www.ilovewines.vn\/wp-content\/uploads\/2022\/07\/mcwilliam_s_markview_chardonnay_750ml-308x385small_e911bdb968ef490ba517aa214cf9b704.jpg","type":"image\/jpeg"}],"twitter_card":"summary_large_image","twitter_misc":{"\u01af\u1edbc t\u00ednh th\u1eddi gian \u0111\u1ecdc":"1 ph\u00fat"},"schema":{"@context":"https:\/\/schema.org","@graph":[{"@type":"WebPage","@id":"https:\/\/www.ilovewines.vn\/product\/mcwilliams-markview-chardonnay-nv\/","url":"https:\/\/www.ilovewines.vn\/product\/mcwilliams-markview-chardonnay-nv\/","name":"McWilliam's Markview Chardonnay NV - Rada Wines","isPartOf":{"@id":"https:\/\/www.ilovewines.vn\/#website"},"primaryImageOfPage":{"@id":"https:\/\/www.ilovewines.vn\/product\/mcwilliams-markview-chardonnay-nv\/#primaryimage"},"image":{"@id":"https:\/\/www.ilovewines.vn\/product\/mcwilliams-markview-chardonnay-nv\/#primaryimage"},"thumbnailUrl":"https:\/\/www.ilovewines.vn\/wp-content\/uploads\/2022\/07\/mcwilliam_s_markview_chardonnay_750ml-308x385small_e911bdb968ef490ba517aa214cf9b704.jpg","datePublished":"2022-07-08T03:32:59+00:00","dateModified":"2022-12-06T11:19:04+00:00","breadcrumb":{"@id":"https:\/\/www.ilovewines.vn\/product\/mcwilliams-markview-chardonnay-nv\/#breadcrumb"},"inLanguage":"vi","potentialAction":[{"@type":"ReadAction","target":["https:\/\/www.ilovewines.vn\/product\/mcwilliams-markview-chardonnay-nv\/"]}]},{"@type":"ImageObject","inLanguage":"vi","@id":"https:\/\/www.ilovewines.vn\/product\/mcwilliams-markview-chardonnay-nv\/#primaryimage","url":"https:\/\/www.ilovewines.vn\/wp-content\/uploads\/2022\/07\/mcwilliam_s_markview_chardonnay_750ml-308x385small_e911bdb968ef490ba517aa214cf9b704.jpg","contentUrl":"https:\/\/www.ilovewines.vn\/wp-content\/uploads\/2022\/07\/mcwilliam_s_markview_chardonnay_750ml-308x385small_e911bdb968ef490ba517aa214cf9b704.jpg","width":308,"height":385},{"@type":"BreadcrumbList","@id":"https:\/\/www.ilovewines.vn\/product\/mcwilliams-markview-chardonnay-nv\/#breadcrumb","itemListElement":[{"@type":"ListItem","position":1,"name":"Home","item":"https:\/\/www.ilovewines.vn\/"},{"@type":"ListItem","position":2,"name":"Catalogue","item":"https:\/\/www.ilovewines.vn\/catalogue\/"},{"@type":"ListItem","position":3,"name":"McWilliam&#8217;s Markview Chardonnay NV"}]},{"@type":"WebSite","@id":"https:\/\/www.ilovewines.vn\/#website","url":"https:\/\/www.ilovewines.vn\/","name":"Rada Wines","description":"Just another WordPress site","publisher":{"@id":"https:\/\/www.ilovewines.vn\/#organization"},"potentialAction":[{"@type":"SearchAction","target":{"@type":"EntryPoint","urlTemplate":"https:\/\/www.ilovewines.vn\/?s={search_term_string}"},"query-input":{"@type":"PropertyValueSpecification","valueRequired":true,"valueName":"search_term_string"}}],"inLanguage":"vi"},{"@type":"Organization","@id":"https:\/\/www.ilovewines.vn\/#organization","name":"Rada Wines","url":"https:\/\/www.ilovewines.vn\/","logo":{"@type":"ImageObject","inLanguage":"vi","@id":"https:\/\/www.ilovewines.vn\/#\/schema\/logo\/image\/","url":"https:\/\/www.ilovewines.vn\/wp-content\/uploads\/2022\/06\/cropped-162574230_380766779846763_4426584222903300096_n.jpg","contentUrl":"https:\/\/www.ilovewines.vn\/wp-content\/uploads\/2022\/06\/cropped-162574230_380766779846763_4426584222903300096_n.jpg","width":320,"height":206,"caption":"Rada Wines"},"image":{"@id":"https:\/\/www.ilovewines.vn\/#\/schema\/logo\/image\/"}}]}},"_links":{"self":[{"href":"https:\/\/www.ilovewines.vn\/vi\/wp-json\/wp\/v2\/product\/2244","targetHints":{"allow":["GET"]}}],"collection":[{"href":"https:\/\/www.ilovewines.vn\/vi\/wp-json\/wp\/v2\/product"}],"about":[{"href":"https:\/\/www.ilovewines.vn\/vi\/wp-json\/wp\/v2\/types\/product"}],"version-history":[{"count":1,"href":"https:\/\/www.ilovewines.vn\/vi\/wp-json\/wp\/v2\/product\/2244\/revisions"}],"predecessor-version":[{"id":4047,"href":"https:\/\/www.ilovewines.vn\/vi\/wp-json\/wp\/v2\/product\/2244\/revisions\/4047"}],"wp:featuredmedia":[{"embeddable":true,"href":"https:\/\/www.ilovewines.vn\/vi\/wp-json\/wp\/v2\/media\/2243"}],"wp:attachment":[{"href":"https:\/\/www.ilovewines.vn\/vi\/wp-json\/wp\/v2\/media?parent=2244"}],"wp:term":[{"taxonomy":"product_brand","embeddable":true,"href":"https:\/\/www.ilovewines.vn\/vi\/wp-json\/wp\/v2\/product_brand?post=2244"},{"taxonomy":"product_cat","embeddable":true,"href":"https:\/\/www.ilovewines.vn\/vi\/wp-json\/wp\/v2\/product_cat?post=2244"},{"taxonomy":"product_tag","embeddable":true,"href":"https:\/\/www.ilovewines.vn\/vi\/wp-json\/wp\/v2\/product_tag?post=2244"},{"taxonomy":"grape_varietal","embeddable":true,"href":"https:\/\/www.ilovewines.vn\/vi\/wp-json\/wp\/v2\/grape_varietal?post=2244"},{"taxonomy":"wine_regions","embeddable":true,"href":"https:\/\/www.ilovewines.vn\/vi\/wp-json\/wp\/v2\/wine_regions?post=2244"}],"curies":[{"name":"wp","href":"https:\/\/api.w.org\/{rel}","templated":true}]}}