{"id":2250,"date":"2022-07-07T21:33:04","date_gmt":"2022-07-08T03:33:04","guid":{"rendered":"https:\/\/www.ilovewines.vn\/product\/mcwilliams-fruitwood-red-nv\/"},"modified":"2023-04-18T02:29:03","modified_gmt":"2023-04-18T08:29:03","slug":"mcwilliams-fruitwood-red-nv","status":"publish","type":"product","link":"https:\/\/www.ilovewines.vn\/vi\/product\/mcwilliams-fruitwood-red-nv\/","title":{"rendered":"McWilliam's Fruitwood Red NV"},"content":{"rendered":"<p>McWilliam's Inheritance Fruitwood Red l\u00e0 d\u00f2ng r\u01b0\u1ee3u \u00eam \u00e1i v\u00e0 tr\u00e0n ng\u1eadp h\u01b0\u01a1ng Cherry t\u01b0\u01a1i m\u00e1t.<\/p>\n<p>R\u01b0\u1ee3u c\u00f3 th\u1ec3 u\u1ed1ng nguy\u00ean ch\u1ea5t, ho\u1eb7c d\u00f9ng \u0111\u1ec3 pha tr\u1ed9n l\u00e0m cocktail.<\/p>\n<p>&nbsp;<\/p>\n<p><strong>C\u1ea2M QUAN<\/strong><\/p>\n<p><strong>M\u00e0u s\u1eafc:<\/strong> M\u00e0u \u0111\u1ecf th\u1eabm v\u1edbi \u00e1nh t\u00edm.<\/p>\n<p><strong>Kh\u1ee9u gi\u00e1c:<\/strong> H\u01b0\u01a1ng d\u00e2u, h\u01b0\u01a1ng cherry v\u00e0 h\u01b0\u01a1ng t\u01a1 t\u1eb1m c\u1ed5 t\u00edch ph\u1ea3ng ph\u1ea5t l\u00e0 nh\u1eefng h\u01b0\u01a1ng v\u1ecb m\u00e0 ta c\u00f3 th\u1ec3 nh\u1eadn bi\u1ebft r\u00f5 r\u00e0ng ngay khi ng\u1eedi, h\u00f2a quy\u1ec7n c\u00f9ng m\u00f9i tr\u00e1i berry ch\u00edn \u0111\u1ecf \u0111\u1ecdng l\u1ea1i l\u00e2u sau khi th\u01b0\u1edfng th\u1ee9c.<\/p>\n<p><strong>Kh\u1ea9u v\u1ecb:<\/strong> \u0110\u1eadm \u0111\u00e0 v\u1ecb ngon c\u1ee7a qu\u1ea3 cherry ch\u00edn m\u1ecdng, d\u00e2u t\u00e2y v\u00e0 m\u00e2m x\u00f4i. H\u01b0\u01a1ng v\u1ecb \u0111\u1ecdng l\u1ea1i kh\u00e1 m\u1ec1m m\u1ea1i v\u00e0 m\u01b0\u1ee3t m\u00e0, v\u1edbi k\u1ebft c\u1ea5u v\u1ed1n l\u00e0 m\u1ed9t lo\u1ea1i r\u01b0\u1ee3u vang ng\u1ecdt r\u1ea5t d\u1ec5 u\u1ed1ng.<\/p>\n<p>&nbsp;<\/p>\n<p><strong>QU\u00c1 TR\u00ccNH S\u1ea2N XU\u1ea4T<\/strong><\/p>\n<p>Nho \u0111\u01b0\u1ee3c thu ho\u1ea1ch v\u00e0o ban \u0111\u00eam m\u00e1t m\u1ebb nh\u1eb1m t\u1ed1i \u01b0u h\u00f3a nhi\u1ec7t \u0111\u1ed9 gi\u00fap nho ch\u00edn. Nho sau \u0111\u00f3 \u0111\u01b0\u1ee3c nghi\u1ec1n nh\u1ecf, l\u00ean men c\u1ea3 v\u1ecf trong v\u00f2ng 2 ng\u00e0y, v\u1edbi c\u00f4ng su\u1ea5t m\u00e1y b\u01a1m ho\u1ea1t \u0111\u1ed9ng 4 l\u1ea7n\/ng\u00e0y li\u00ean t\u1ee5c.\n\nQu\u00e1 tr\u00ecnh n\u00e0y nh\u1eb1m gi\u00fap cho nho c\u00f3 m\u00e0u s\u1eafc v\u00e0 \u0111\u1ed9 ngon ho\u00e0n h\u1ea3o nh\u1ea5t. Dung d\u1ecbch r\u01b0\u1ee3u vang \u00e9p ra t\u1eeb kh\u00e2u n\u00e0y s\u1ebd \u0111\u01b0\u1ee3c ti\u1ebfp t\u1ee5c l\u00ean men v\u1edbi nho b\u1ecf v\u1ecf.\n\nTh\u00e0nh ph\u1ea9m r\u01b0\u1ee3u vang cu\u1ed1i c\u00f9ng \u0111\u01b0\u1ee3c ch\u1eaft l\u1ecdc m\u1ed9t c\u00e1ch chuy\u00ean nghi\u1ec7p, nh\u1eb1m \u0111\u1ea1t ti\u00eau chu\u1ea9n cao trong gam m\u00e0u v\u00e0 h\u01b0\u01a1ng v\u1ecb c\u1ee7a vang.<\/p>\n<p><strong>TH\u1edcI \u0110I\u1ec2M TH\u01af\u1edeNG TH\u1ee8C:<\/strong> U\u1ed1ng ngon ngay t\u1eeb khi \u0111\u00f3ng chai. Ngon h\u01a1n khi u\u1ed1ng l\u1ea1nh.<\/p>\n<p>&nbsp;<\/p>\n<p><strong>C\u00d4NG TH\u1ee8C PHA TR\u1ed8N FRUITWOOD RED<\/strong><\/p>\n<p style=\"text-align: center;\"><strong><iframe src=\"https:\/\/www.youtube.com\/embed\/T36fiWe7hSQ\" width=\"560\" height=\"315\" frameborder=\"0\" allowfullscreen=\"allowfullscreen\"><\/iframe><\/strong><\/p>\n<p style=\"text-align: center;\"><em>C\u00e1ch pha cocktail Sangria Ole cho 4-6 ng\u01b0\u1eddi t\u1eeb r\u01b0\u1ee3u vang ng\u1ecdt \u00dac hoa qu\u1ea3 v\u1ecb cherry McWilliam's Fruitwood Red. (Ngu\u1ed3n: Youtube)<\/em><\/p>\n<p><img decoding=\"async\" style=\"display: block; margin-left: auto; margin-right: auto;\" src=\"\/\/file.hstatic.net\/1000211281\/file\/nv-mcwilliams-fruitwood-red-recipes-001_1024x1024.jpg\" \/><\/p>","protected":false},"excerpt":{"rendered":"<p>V\u1ecb qu\u1ea3 anh \u0111\u00e0o<\/p>","protected":false},"featured_media":2249,"template":"","meta":{"_acf_changed":false},"product_brand":[],"product_cat":[2640,87,2578],"product_tag":[],"grape_varietal":[2479],"wine_regions":[2410],"class_list":{"0":"post-2250","1":"product","2":"type-product","3":"status-publish","4":"has-post-thumbnail","6":"product_cat-catalogue","7":"product_cat-red-wine","8":"product_cat-sweet-wine","9":"pa_brand-mcwilliams","10":"grape_varietal-blends","11":"wine_regions-south-australia","13":"first","14":"instock","15":"shipping-taxable","16":"product-type-simple"},"acf":[],"yoast_head":"<!-- This site is optimized with the Yoast SEO plugin v27.1.1 - https:\/\/yoast.com\/product\/yoast-seo-wordpress\/ -->\n<title>McWilliam&#039;s Fruitwood Red NV - Rada Wines<\/title>\n<meta name=\"robots\" content=\"index, follow, max-snippet:-1, max-image-preview:large, max-video-preview:-1\" \/>\n<link rel=\"canonical\" href=\"https:\/\/www.ilovewines.vn\/vi\/san-pham\/mcwilliams-fruitwood-red-nv\/\" \/>\n<meta property=\"og:locale\" content=\"vi_VN\" \/>\n<meta property=\"og:type\" content=\"article\" \/>\n<meta property=\"og:title\" content=\"McWilliam&#039;s Fruitwood Red NV - Rada Wines\" \/>\n<meta property=\"og:description\" content=\"Cherry flavor\" \/>\n<meta property=\"og:url\" content=\"https:\/\/www.ilovewines.vn\/vi\/san-pham\/mcwilliams-fruitwood-red-nv\/\" \/>\n<meta property=\"og:site_name\" content=\"Rada Wines\" \/>\n<meta property=\"article:modified_time\" content=\"2023-04-18T08:29:03+00:00\" \/>\n<meta property=\"og:image\" content=\"https:\/\/www.ilovewines.vn\/wp-content\/uploads\/2022\/07\/mcwilliam_s_fruitwood_red_750ml-308x385small_dfe9215c590f4f92b380418599413a07.jpg\" \/>\n\t<meta property=\"og:image:width\" content=\"308\" \/>\n\t<meta property=\"og:image:height\" content=\"385\" \/>\n\t<meta property=\"og:image:type\" content=\"image\/jpeg\" \/>\n<meta name=\"twitter:card\" content=\"summary_large_image\" \/>\n<meta name=\"twitter:label1\" content=\"\u01af\u1edbc t\u00ednh th\u1eddi gian \u0111\u1ecdc\" \/>\n\t<meta name=\"twitter:data1\" content=\"1 ph\u00fat\" \/>\n<script type=\"application\/ld+json\" class=\"yoast-schema-graph\">{\"@context\":\"https:\/\/schema.org\",\"@graph\":[{\"@type\":\"WebPage\",\"@id\":\"https:\/\/www.ilovewines.vn\/product\/mcwilliams-fruitwood-red-nv\/\",\"url\":\"https:\/\/www.ilovewines.vn\/product\/mcwilliams-fruitwood-red-nv\/\",\"name\":\"McWilliam's Fruitwood Red NV - Rada Wines\",\"isPartOf\":{\"@id\":\"https:\/\/www.ilovewines.vn\/#website\"},\"primaryImageOfPage\":{\"@id\":\"https:\/\/www.ilovewines.vn\/product\/mcwilliams-fruitwood-red-nv\/#primaryimage\"},\"image\":{\"@id\":\"https:\/\/www.ilovewines.vn\/product\/mcwilliams-fruitwood-red-nv\/#primaryimage\"},\"thumbnailUrl\":\"https:\/\/www.ilovewines.vn\/wp-content\/uploads\/2022\/07\/mcwilliam_s_fruitwood_red_750ml-308x385small_dfe9215c590f4f92b380418599413a07.jpg\",\"datePublished\":\"2022-07-08T03:33:04+00:00\",\"dateModified\":\"2023-04-18T08:29:03+00:00\",\"breadcrumb\":{\"@id\":\"https:\/\/www.ilovewines.vn\/product\/mcwilliams-fruitwood-red-nv\/#breadcrumb\"},\"inLanguage\":\"vi\",\"potentialAction\":[{\"@type\":\"ReadAction\",\"target\":[\"https:\/\/www.ilovewines.vn\/product\/mcwilliams-fruitwood-red-nv\/\"]}]},{\"@type\":\"ImageObject\",\"inLanguage\":\"vi\",\"@id\":\"https:\/\/www.ilovewines.vn\/product\/mcwilliams-fruitwood-red-nv\/#primaryimage\",\"url\":\"https:\/\/www.ilovewines.vn\/wp-content\/uploads\/2022\/07\/mcwilliam_s_fruitwood_red_750ml-308x385small_dfe9215c590f4f92b380418599413a07.jpg\",\"contentUrl\":\"https:\/\/www.ilovewines.vn\/wp-content\/uploads\/2022\/07\/mcwilliam_s_fruitwood_red_750ml-308x385small_dfe9215c590f4f92b380418599413a07.jpg\",\"width\":308,\"height\":385},{\"@type\":\"BreadcrumbList\",\"@id\":\"https:\/\/www.ilovewines.vn\/product\/mcwilliams-fruitwood-red-nv\/#breadcrumb\",\"itemListElement\":[{\"@type\":\"ListItem\",\"position\":1,\"name\":\"Home\",\"item\":\"https:\/\/www.ilovewines.vn\/\"},{\"@type\":\"ListItem\",\"position\":2,\"name\":\"Catalogue\",\"item\":\"https:\/\/www.ilovewines.vn\/catalogue\/\"},{\"@type\":\"ListItem\",\"position\":3,\"name\":\"McWilliam&#8217;s Fruitwood Red NV\"}]},{\"@type\":\"WebSite\",\"@id\":\"https:\/\/www.ilovewines.vn\/#website\",\"url\":\"https:\/\/www.ilovewines.vn\/\",\"name\":\"Rada Wines\",\"description\":\"Just another WordPress site\",\"publisher\":{\"@id\":\"https:\/\/www.ilovewines.vn\/#organization\"},\"potentialAction\":[{\"@type\":\"SearchAction\",\"target\":{\"@type\":\"EntryPoint\",\"urlTemplate\":\"https:\/\/www.ilovewines.vn\/?s={search_term_string}\"},\"query-input\":{\"@type\":\"PropertyValueSpecification\",\"valueRequired\":true,\"valueName\":\"search_term_string\"}}],\"inLanguage\":\"vi\"},{\"@type\":\"Organization\",\"@id\":\"https:\/\/www.ilovewines.vn\/#organization\",\"name\":\"Rada Wines\",\"url\":\"https:\/\/www.ilovewines.vn\/\",\"logo\":{\"@type\":\"ImageObject\",\"inLanguage\":\"vi\",\"@id\":\"https:\/\/www.ilovewines.vn\/#\/schema\/logo\/image\/\",\"url\":\"https:\/\/www.ilovewines.vn\/wp-content\/uploads\/2022\/06\/cropped-162574230_380766779846763_4426584222903300096_n.jpg\",\"contentUrl\":\"https:\/\/www.ilovewines.vn\/wp-content\/uploads\/2022\/06\/cropped-162574230_380766779846763_4426584222903300096_n.jpg\",\"width\":320,\"height\":206,\"caption\":\"Rada Wines\"},\"image\":{\"@id\":\"https:\/\/www.ilovewines.vn\/#\/schema\/logo\/image\/\"}}]}<\/script>\n<!-- \/ Yoast SEO plugin. -->","yoast_head_json":{"title":"McWilliam's Fruitwood Red NV - Rada Wines","robots":{"index":"index","follow":"follow","max-snippet":"max-snippet:-1","max-image-preview":"max-image-preview:large","max-video-preview":"max-video-preview:-1"},"canonical":"https:\/\/www.ilovewines.vn\/vi\/san-pham\/mcwilliams-fruitwood-red-nv\/","og_locale":"vi_VN","og_type":"article","og_title":"McWilliam's Fruitwood Red NV - Rada Wines","og_description":"Cherry flavor","og_url":"https:\/\/www.ilovewines.vn\/vi\/san-pham\/mcwilliams-fruitwood-red-nv\/","og_site_name":"Rada Wines","article_modified_time":"2023-04-18T08:29:03+00:00","og_image":[{"width":308,"height":385,"url":"https:\/\/www.ilovewines.vn\/wp-content\/uploads\/2022\/07\/mcwilliam_s_fruitwood_red_750ml-308x385small_dfe9215c590f4f92b380418599413a07.jpg","type":"image\/jpeg"}],"twitter_card":"summary_large_image","twitter_misc":{"\u01af\u1edbc t\u00ednh th\u1eddi gian \u0111\u1ecdc":"1 ph\u00fat"},"schema":{"@context":"https:\/\/schema.org","@graph":[{"@type":"WebPage","@id":"https:\/\/www.ilovewines.vn\/product\/mcwilliams-fruitwood-red-nv\/","url":"https:\/\/www.ilovewines.vn\/product\/mcwilliams-fruitwood-red-nv\/","name":"McWilliam's Fruitwood Red NV - Rada Wines","isPartOf":{"@id":"https:\/\/www.ilovewines.vn\/#website"},"primaryImageOfPage":{"@id":"https:\/\/www.ilovewines.vn\/product\/mcwilliams-fruitwood-red-nv\/#primaryimage"},"image":{"@id":"https:\/\/www.ilovewines.vn\/product\/mcwilliams-fruitwood-red-nv\/#primaryimage"},"thumbnailUrl":"https:\/\/www.ilovewines.vn\/wp-content\/uploads\/2022\/07\/mcwilliam_s_fruitwood_red_750ml-308x385small_dfe9215c590f4f92b380418599413a07.jpg","datePublished":"2022-07-08T03:33:04+00:00","dateModified":"2023-04-18T08:29:03+00:00","breadcrumb":{"@id":"https:\/\/www.ilovewines.vn\/product\/mcwilliams-fruitwood-red-nv\/#breadcrumb"},"inLanguage":"vi","potentialAction":[{"@type":"ReadAction","target":["https:\/\/www.ilovewines.vn\/product\/mcwilliams-fruitwood-red-nv\/"]}]},{"@type":"ImageObject","inLanguage":"vi","@id":"https:\/\/www.ilovewines.vn\/product\/mcwilliams-fruitwood-red-nv\/#primaryimage","url":"https:\/\/www.ilovewines.vn\/wp-content\/uploads\/2022\/07\/mcwilliam_s_fruitwood_red_750ml-308x385small_dfe9215c590f4f92b380418599413a07.jpg","contentUrl":"https:\/\/www.ilovewines.vn\/wp-content\/uploads\/2022\/07\/mcwilliam_s_fruitwood_red_750ml-308x385small_dfe9215c590f4f92b380418599413a07.jpg","width":308,"height":385},{"@type":"BreadcrumbList","@id":"https:\/\/www.ilovewines.vn\/product\/mcwilliams-fruitwood-red-nv\/#breadcrumb","itemListElement":[{"@type":"ListItem","position":1,"name":"Home","item":"https:\/\/www.ilovewines.vn\/"},{"@type":"ListItem","position":2,"name":"Catalogue","item":"https:\/\/www.ilovewines.vn\/catalogue\/"},{"@type":"ListItem","position":3,"name":"McWilliam&#8217;s Fruitwood Red NV"}]},{"@type":"WebSite","@id":"https:\/\/www.ilovewines.vn\/#website","url":"https:\/\/www.ilovewines.vn\/","name":"Rada Wines","description":"Just another WordPress site","publisher":{"@id":"https:\/\/www.ilovewines.vn\/#organization"},"potentialAction":[{"@type":"SearchAction","target":{"@type":"EntryPoint","urlTemplate":"https:\/\/www.ilovewines.vn\/?s={search_term_string}"},"query-input":{"@type":"PropertyValueSpecification","valueRequired":true,"valueName":"search_term_string"}}],"inLanguage":"vi"},{"@type":"Organization","@id":"https:\/\/www.ilovewines.vn\/#organization","name":"Rada Wines","url":"https:\/\/www.ilovewines.vn\/","logo":{"@type":"ImageObject","inLanguage":"vi","@id":"https:\/\/www.ilovewines.vn\/#\/schema\/logo\/image\/","url":"https:\/\/www.ilovewines.vn\/wp-content\/uploads\/2022\/06\/cropped-162574230_380766779846763_4426584222903300096_n.jpg","contentUrl":"https:\/\/www.ilovewines.vn\/wp-content\/uploads\/2022\/06\/cropped-162574230_380766779846763_4426584222903300096_n.jpg","width":320,"height":206,"caption":"Rada Wines"},"image":{"@id":"https:\/\/www.ilovewines.vn\/#\/schema\/logo\/image\/"}}]}},"_links":{"self":[{"href":"https:\/\/www.ilovewines.vn\/vi\/wp-json\/wp\/v2\/product\/2250","targetHints":{"allow":["GET"]}}],"collection":[{"href":"https:\/\/www.ilovewines.vn\/vi\/wp-json\/wp\/v2\/product"}],"about":[{"href":"https:\/\/www.ilovewines.vn\/vi\/wp-json\/wp\/v2\/types\/product"}],"version-history":[{"count":1,"href":"https:\/\/www.ilovewines.vn\/vi\/wp-json\/wp\/v2\/product\/2250\/revisions"}],"predecessor-version":[{"id":4158,"href":"https:\/\/www.ilovewines.vn\/vi\/wp-json\/wp\/v2\/product\/2250\/revisions\/4158"}],"wp:featuredmedia":[{"embeddable":true,"href":"https:\/\/www.ilovewines.vn\/vi\/wp-json\/wp\/v2\/media\/2249"}],"wp:attachment":[{"href":"https:\/\/www.ilovewines.vn\/vi\/wp-json\/wp\/v2\/media?parent=2250"}],"wp:term":[{"taxonomy":"product_brand","embeddable":true,"href":"https:\/\/www.ilovewines.vn\/vi\/wp-json\/wp\/v2\/product_brand?post=2250"},{"taxonomy":"product_cat","embeddable":true,"href":"https:\/\/www.ilovewines.vn\/vi\/wp-json\/wp\/v2\/product_cat?post=2250"},{"taxonomy":"product_tag","embeddable":true,"href":"https:\/\/www.ilovewines.vn\/vi\/wp-json\/wp\/v2\/product_tag?post=2250"},{"taxonomy":"grape_varietal","embeddable":true,"href":"https:\/\/www.ilovewines.vn\/vi\/wp-json\/wp\/v2\/grape_varietal?post=2250"},{"taxonomy":"wine_regions","embeddable":true,"href":"https:\/\/www.ilovewines.vn\/vi\/wp-json\/wp\/v2\/wine_regions?post=2250"}],"curies":[{"name":"wp","href":"https:\/\/api.w.org\/{rel}","templated":true}]}}