{"id":2276,"date":"2022-07-07T21:33:10","date_gmt":"2022-07-08T03:33:10","guid":{"rendered":"https:\/\/www.ilovewines.vn\/product\/kilikanoon-oracle-shiraz-2014-2015-best-shiraz-in-the-world\/"},"modified":"2023-11-29T06:38:17","modified_gmt":"2023-11-29T13:38:17","slug":"kilikanoon-oracle-shiraz-2014-2015-best-shiraz-in-the-world","status":"publish","type":"product","link":"https:\/\/www.ilovewines.vn\/vi\/product\/kilikanoon-oracle-shiraz-2014-2015-best-shiraz-in-the-world\/","title":{"rendered":"Kilikanoon Oracle Shiraz"},"content":{"rendered":"<p><em><strong>\u0110\u1ea1t C\u00fap Shiraz 2018 d\u00e0nh cho \"Vang Shiraz Ngon Nh\u1ea5t Th\u1ebf Gi\u1edbi\" t\u1ea1i Cu\u1ed9c thi R\u01b0\u1ee3u vang &amp; R\u01b0\u1ee3u m\u1ea1nh Qu\u1ed1c t\u1ebf (IWSC), Anh Qu\u1ed1c.<\/strong><\/em><\/p>\n<p>Ngo\u1ea1i tr\u1eeb ni\u00ean v\u1ee5 2011, k\u1ec3 t\u1eeb n\u0103m 1997, h\u00e0ng n\u0103m ch\u00fang t\u00f4i \u0111\u1ec1u ph\u00e1t h\u00e0nh d\u00f2ng Oracle Shiraz mang t\u00ednh bi\u1ec3u t\u01b0\u1ee3ng. \u0110\u01b0\u1ee3c l\u00e0m th\u1ee7 c\u00f4ng t\u1eeb nh\u1eefng tr\u00e1i nho gi\u00e0 tr\u1ed3ng d\u1ecdc theo S\u01b0\u1eddn \u0111\u1ed3i V\u00e0ng \u1edf Leasingham, n\u00f3 ti\u1ebfp t\u1ee5c th\u1ec3 hi\u1ec7n s\u1ef1 sang tr\u1ecdng, \u0111\u1eb7c tr\u01b0ng c\u1ee7a v\u00f9ng v\u00e0 s\u1ee9c m\u1ea1nh \u0111a d\u1ea1ng m\u00e0 thung l\u0169ng \u0111\u01b0\u1ee3c bi\u1ebft \u0111\u1ebfn.<\/p>\n<p>&nbsp;<\/p>\n<p><strong>C\u1ea2M QUAN<\/strong><\/p>\n<p><strong>V\u00d9NG NHO<\/strong><br \/>\nThung l\u0169ng Clare.<br \/>\n\u0110\u01b0\u1ee3c ch\u1ecdn t\u1eeb nh\u1eefng gi\u1ed1ngnho tr\u1ed3ng d\u1ecdc theo S\u01b0\u1eddn \u0110\u1ed3i V\u00e0ng \u1edf Leasingham. Clare l\u00e0 n\u01a1i r\u1ea5t n\u1ed5i ti\u1ebfng v\u1ec1 s\u1ef1 m\u00e0u m\u1ee1 v\u00e0 \u0111\u1eb7c t\u00ednh v\u00f9ng mi\u1ec1n chuy\u00ean t\u1ea1o n\u00ean nh\u1eefng gi\u1ed1ng nho ch\u1ea5t l\u01b0\u1ee3ng.\u00a0<\/p>\n<p>&nbsp;<\/p>\n<p><strong>\u0110I\u1ec0U KI\u1ec6N TR\u1ed2NG NHO<\/strong><br \/>\nL\u00e0 m\u1ed9t ni\u00ean v\u1ee5 n\u1ed5i b\u1eadt, ni\u00ean v\u1ee5 2012 \u0111\u01b0\u1ee3c cho l\u00e0 r\u1ea5t gi\u00f4ng v\u1edbi ni\u00ean v\u1ee5 2002 n\u1ed5i ti\u1ebfng, v\u1edbi c\u00e1c \u0111i\u1ec1u ki\u1ec7n ch\u00edn v\u00e0 thu ho\u1ea1ch bao g\u1ed3m ng\u00e0y \u1ea5m \u00e1p, \u0111\u00eam m\u00e1t m\u1ebb v\u1edbi l\u01b0\u1ee3ng m\u01b0a t\u1ed1i thi\u1ec3u v\u00e0 kh\u00f4ng c\u00f3 \u00e1p l\u1ef1c d\u1ecbch b\u1ec7nh n\u00e0o h\u1ebft; c\u00e1c nguy\u00ean li\u1ec7u \u0111\u1ec1u ho\u00e0n h\u1ea3o cho vi\u1ec7c s\u1ea3n xu\u1ea5t r\u01b0\u1ee3u vang Shiraz th\u01a1m ngon l\u00e2u n\u0103m.<\/p>\n<p>&nbsp;<\/p>\n<p><strong>NI\u00caN V\u1ee4 2014<\/strong><\/p>\n<p>2014 l\u00e0 ni\u00ean v\u1ee5 m\u00e1t m\u1ebb, l\u1ea1i k\u00e9o d\u00e0i h\u01a1n th\u01b0\u1eddng l\u1ec7, cho ph\u00e9p c\u00e1c v\u01b0\u1eddn Shiraz ph\u00eda T\u00e2y S\u01b0\u1eddn \u0110\u1ed3i V\u00e0ng ch\u00edn ch\u1eadm h\u01a1n, mang l\u1ea1i nh\u1eefng tr\u00e1i nho \u0111\u1ea1t \u0111\u1ed9 tr\u01b0\u1edfng th\u00e0nh tuy\u1ec7t \u0111\u1ed1i.<\/p>\n<p>Nh\u1eefng th\u00f9ng nho Shiraz cho n\u0103ng su\u1ea5t th\u1ea5p \u0111\u01b0\u1ee3c ch\u1ecdn l\u1ecdc t\u1eeb c\u00e1c v\u01b0\u1eddn nho tr\u00ean S\u01b0\u1eddn \u0110\u1ed3i V\u00e0ng, sau \u0111\u00f3 \u0111\u01b0\u1ee3c cho tr\u01b0\u1edfng th\u00e0nh su\u1ed1t 18 th\u00e1ng trong c\u00e1c th\u00f9ng g\u1ed7 s\u1ed3i Ph\u00e1p to l\u1edbn, m\u1edbi c\u1ee9ng, ho\u1eb7c ch\u1ec9 m\u1edbi 1 n\u0103m tu\u1ed5i. Qu\u00e1 tr\u00ecnh \u0111\u00f3ng chai kh\u00f4ng c\u1ea7n ch\u1eaft l\u1ecdc l\u1ea1i.<\/p>\n<p>&nbsp;<\/p>\n<p><strong>NI\u00caN V\u1ee4 2015<\/strong><\/p>\n<p>N\u0103ng su\u1ea5t th\u1ea5p, ch\u1ec9 m\u1ed9t s\u1ed1 v\u1ef1a nho Shiraz \u0111\u01b0\u1ee3c ch\u1ecdn v\u00e0 x\u1eed l\u00fd ri\u00eang bi\u1ec7t, \u00e1p d\u1ee5ng k\u1ef9 thu\u1eadt s\u1ea3n xu\u1ea5t r\u01b0\u1ee3u vang truy\u1ec1n th\u1ed1ng. Vang \u0111\u01b0\u1ee3c \u1ee7 trong th\u00f9ng g\u1ed7 s\u1ed3i su\u1ed1t 18 th\u00e1ng, s\u1eed d\u1ee5ng c\u1ea3 th\u00f9ng g\u1ed7 m\u1edbi v\u00e0 th\u00f9ng g\u1ed7 \u0111\u00e3 \u0111\u01b0\u1ee3c 1 n\u0103m tu\u1ed5i, lo\u1ea1i nh\u1ecf. Th\u00e0nh ph\u1ea9m cu\u1ed1i c\u00f9ng \u0111\u01b0\u1ee3c \u0111\u00f3ng chai, kh\u00f4ng qua ch\u1eaft l\u1ecdc l\u1ea1i, nh\u1eb1m gi\u1eef nguy\u00ean ch\u1ea5t vang, v\u00e0o th\u00e1ng 1\/2016. Vang sau \u0111\u00f3 l\u1ea1i \u0111\u01b0\u1ee3c c\u1ea5t trong h\u1ea7m r\u01b0\u1ee3u th\u00eam m\u1ed9t \u00edt n\u0103m n\u1eefa, v\u00e0 ch\u1ec9 \u0111\u01b0\u1ee3c \u0111\u01b0a ra th\u1ecb tr\u01b0\u1eddng v\u00e0o n\u0103m 2019.<\/p>\n<p>&nbsp;<\/p>\n<p><strong>C\u1ea2M QUAN<\/strong><\/p>\n<p><strong>M\u00e0u s\u1eafc:\u00a0\u00a0<\/strong> M\u00e0u \u0111\u1ecf g\u1ea1ch v\u1edbi \u00e1nh \u0111\u1ecf th\u1eabm tr\u1ebb trung<\/p>\n<p><strong>Kh\u1ee9u gi\u00e1c:\u00a0<\/strong>T\u1eadp trung m\u1ea1nh trong c\u00e1ch tr\u00ecnh b\u00e0y. Mang l\u1ea1i h\u01b0\u01a1ng th\u01a1m c\u1ee7a socola \u0111en, m\u1eadn ch\u00edn, n\u1ea5m truffle, gia v\u1ecb b\u1ebfp v\u00e0 g\u1ed7 s\u1ed3i tuy\u1ebft t\u00f9ng. T\u1ea5t c\u1ea3 nh\u01b0 \u0111\u01b0\u1ee3c quy\u1ec7n l\u1ea1i tr\u00ean m\u0169i c\u1ee7a b\u1ea1n m\u1ed9t c\u00e1ch v\u00f4 c\u00f9ng \u1ea5n t\u01b0\u1ee3ng.<\/p>\n<p><strong>Kh\u1ea9u v\u1ecb:\u00a0<\/strong>V\u1ecb vang c\u00f3 t\u00ednh t\u1eadp trung cao, ch\u1ea5t l\u01b0\u1ee3ng thi\u00ean v\u1ec1 k\u1ebft c\u1ea5u c\u1ee7a d\u00f2ng vang n\u00e0y th\u1ec3 hi\u1ec7n \u0111\u00fang di s\u1ea3n l\u00e2u d\u00e0i c\u1ee7a n\u00f3,\u00a0m\u1edf r\u1ed9ng h\u01a1n n\u1eefa th\u00f4ng qua m\u1ed9t lo\u1ea1t c\u00e1c h\u01b0\u01a1ng v\u1ecb th\u00f4ng qua m\u0169i v\u00e0 xu\u1ea5t hi\u1ec7n l\u1ea7n \u0111\u1ea7u ti\u00ean. Vang mang l\u1ea1i v\u1ecb c\u1ee7a tr\u00e1i m\u1eadn ch\u00edn m\u1ecdng, s\u00f4 c\u00f4 la \u0111en, k\u1eb9o d\u1ebbo Th\u1ed5 Nh\u0129 K\u1ef3, cam th\u1ea3o t\u01b0\u01a1i v\u00e0 h\u1eafc \u00edn ph\u1ee9c t\u1ea1p, tannin s\u1ed3i ki\u1ec3u c\u1ed5 \u0111i\u1ec3n, v\u00e0 tannin m\u1ecbn nh\u01b0 b\u1ed9t, gi\u00fap cung c\u1ea5p v\u1ecb ngon \u0111\u1ecdng l\u1ea1i k\u00e9o d\u00e0i v\u00e0 v\u00f4 c\u00f9ng quy\u1ebfn r\u0169.<\/p>\n<p><strong>C\u1ea4T TR\u1eee<\/strong><br \/>\nT\u1ed1i thi\u1ec3u 12 \u2013 15 n\u0103m trong h\u1ea7m r\u01b0\u1ee3u.<\/p>\n<p>&nbsp;<\/p>\n<p><strong>GI\u1ea2I TH\u01af\u1edeNG &amp; TH\u00c0NH T\u1ef0U<\/strong><\/p>\n<p><a href=\"https:\/\/www.ilovewines.vn\/wp-content\/uploads\/2023\/11\/Kilikanoon-Awards-one-pager-Nov-23.pdf\" target=\"_blank\" rel=\"noopener\">KILIKANOON AWARDS 2023 (updated on 28 Nov. 2023)<\/a><\/p>\n<p><strong>1. GI\u1ea2I V\u00c0NG - TH\u1eec TH\u00c1CH R\u01af\u1ee2U VANG QU\u1ed0C T\u1ebe 2019 (Ni\u00ean v\u1ee5 2015)<\/strong><\/p>\n<p style=\"text-align: center;\"><img decoding=\"async\" src=\"https:\/\/file.hstatic.net\/1000211281\/file\/oracle_2015_2_1600x_badaa528a89f4ee8bcba8ab7a33433f1_grande.jpg\" \/><\/p>\n<p style=\"text-align: center;\"><em>(H\u00ecnh \u1ea3nh: Kilikanoon.com.au)<\/em><\/p>\n<p><strong>2.<\/strong> <strong>2. C\u00daP SHIRAZ - D\u00c0NH CHO D\u00d2NG VANG SHIRAZ NGON NH\u1ea4T TH\u1ebe GI\u1edaI (Ni\u00ean v\u1ee5 2014)\u00a0<\/strong><a title=\"Detailed Article\" href=\"https:\/\/www.ilovewines.vn\/blogs\/news-1\/kilikanoon-s-oracle-shiraz-crowned-best-in-the-world-at-iwsc-2018\"><u style=\"color: #0000ff; text-decoration: underline;\"><strong>SHIRAZ TROPHY (FOR THE BEST SHIRAZ WINE IN THE WORLD)<\/strong><\/u><\/a><\/p>\n<p>Trao gi\u1ea3i cho Kilikanoon's 2014 Oracle Shiraz t\u1ea1i cu\u1ed9c thi R\u01b0\u1ee3u Vang v\u00e0 R\u01b0\u1ee3u m\u1ea1nh qu\u1ed1c t\u1ebf n\u0103m 2018<\/p>\n<p style=\"text-align: center;\"><img decoding=\"async\" src=\"\/\/file.hstatic.net\/1000211281\/file\/kilikanoon-oracle-iwsc-news-web_600x_855d9042beb040d8ae6fc7cf840b98f9_grande.jpg\" \/><\/p>\n<p style=\"text-align: center;\"><em>(H\u00ecnh \u1ea3nh: Kilikanoon.com.au)<\/em><\/p>\n<p>&nbsp;<\/p>\n<p><a title=\"Detailed Article\" href=\"https:\/\/www.ilovewines.vn\/blogs\/news-1\/11-gold-medals-won-by-a-single-australian-winery\"><u style=\"color: #0000ff; text-decoration: underline;\"><strong>3. HUY CH\u01af\u01a0NG V\u00c0NG (NI\u00caN V\u1ee4 2014) - GI\u1ea2I TH\u01af\u1edeNG R\u01af\u1ee2U VANG QU\u1ed0C T\u1ebe MUNDUS VINI 2017<\/strong><\/u><\/a><\/p>\n<p><img decoding=\"async\" style=\"display: block; margin-left: auto; margin-right: auto;\" src=\"\/\/file.hstatic.net\/1000211281\/file\/giai_thuong_kilikanoon_2018_grande.jpg\" \/><\/p>\n<p style=\"text-align: center;\"><em>(H\u00ecnh \u1ea3nh: Kilikanoon.com.au)<\/em><\/p>\n<p>Kilikanoon r\u1ea5t t\u1ef1 h\u00e0o khi d\u00e0nh \u0111\u01b0\u1ee3c t\u1edbi 11 Huy Ch\u01b0\u01a1ng V\u00e0ng t\u1ea1i Gi\u1ea3i R\u01b0\u1ee3u vang Qu\u1ed1c t\u1ebf Mundus Vini, \u0111\u1ed3ng th\u1eddi \u0111\u01b0\u1ee3c vinh d\u1ef1 trao t\u1eb7ng th\u01b0\u01a1ng hi\u1ec7u \u201cNh\u00e0 s\u1ea3n xu\u1ea5t Vang \u00dac c\u1ee7a N\u0103m\u201d (\u201cAustralian Winery of the Year\u201d) l\u1ea7n th\u1ee9 ba sau 8 n\u0103m, k\u1ec3 t\u1eeb khi th\u1eafng gi\u1ea3i l\u1ea7n \u0111\u1ea7u (n\u0103m 2010 v\u00e0 2017).<\/p>\n<p>Ban gi\u00e1m kh\u1ea3o l\u00e0 nh\u1eefng nh\u00e2n v\u1eadt \u0111\u01b0\u1ee3c k\u00ednh tr\u1ecdng v\u00e0 c\u00f3 uy t\u00edn tr\u00ean kh\u1eafp th\u1ebf gi\u1edbi bao g\u1ed3m nh\u1eefng ng\u01b0\u1eddi l\u00e0m r\u01b0\u1ee3u xu\u1ea5t s\u1eafc, nh\u1eefng nh\u00e0 b\u00e1n l\u1ebb \u0111\u1eb7c s\u1ea3n \u0111\u01b0\u1ee3c c\u00f4ng nh\u1eadn v\u1edbi ki\u1ebfn \u200b\u200bth\u1ee9c v\u1ec1 r\u01b0\u1ee3u vang tr\u00ean m\u1ee9c trung b\u00ecnh, c\u00e1c nh\u00e0 b\u00e1o chuy\u00ean m\u00f4n v\u00e0 c\u00e1c nh\u00e0 khoa h\u1ecdc.<\/p>\n<p>Huy ch\u01b0\u01a1ng v\u00e0ng ch\u1ec9 \u0111\u01b0\u1ee3c trao cho nh\u1eefng lo\u1ea1i r\u01b0\u1ee3u \u0111\u01b0\u1ee3c \u0111\u00e1nh gi\u00e1 t\u1ed1t nh\u1ea5t trong m\u1ed9t nh\u00f3m, \u0111i\u1ec1u \u0111\u00f3 c\u00f3 ngh\u0129a l\u00e0 Kilikanoon lu\u00f4n g\u00e2y \u1ea5n t\u01b0\u1ee3ng v\u1edbi c\u00e1c b\u1ea3ng th\u1eed n\u1ebfm v\u1edbi nh\u1edd v\u00e0o s\u1ef1 pha tr\u1ed9n \u0111i\u00eau luy\u1ec7n. Vi\u1ec7c \u0111\u01b0\u1ee3c trao gi\u1ea3i Nh\u00e0 s\u1ea3n xu\u1ea5t r\u01b0\u1ee3u c\u1ee7a n\u0103m n\u01b0\u1edbc \u00dac m\u1ed9t l\u1ea7n n\u1eefa \u0111\u00e3 cho th\u1ea5y s\u1ef1 c\u1ed1ng hi\u1ebfn v\u00e0 cam k\u1ebft kh\u00f4ng khoan nh\u01b0\u1ee3ng c\u1ee7a Kilikanoon \u0111\u1ed1i v\u1edbi ch\u1ea5t l\u01b0\u1ee3ng v\u00e0 phong c\u00e1ch \u0111\u00e3 l\u00e0m n\u00ean th\u00e0nh c\u00f4ng c\u1ee7a th\u01b0\u01a1ng hi\u1ec7u n\u00e0y.<\/p>\n<p>Danh s\u00e1ch c\u00e1c nh\u00e3n hi\u1ec7u vang Kilikanoon \u0111\u01b0\u1ee3c trao Huy Ch\u01b0\u01a1ng V\u00e0ng bao g\u1ed3m (theo th\u1ee9 t\u1ef1 t\u1eeb tr\u00e1i sang ph\u1ea3i trong \u1ea3nh):<\/p>\n<p><strong>Shiraz <\/strong><\/p>\n<ul>\n<li>\u235f 2016 <a href=\"https:\/\/www.ilovewines.vn\/products\/killerman-s-run-shiraz-2015\"><u style=\"color: #0000ff; text-decoration: underline;\">Killerman&#8217;s Run Shiraz<\/u><\/a><\/li>\n<li>\u235f 2014 <a href=\"https:\/\/www.ilovewines.vn\/products\/kilikanoon-oracle-shiraz-2014\"><u style=\"color: #0000ff; text-decoration: underline;\">Oracle Shiraz<\/u><\/a><\/li>\n<li>\u235f 2013 <a href=\"https:\/\/www.ilovewines.vn\/products\/kilikanoon-attunga-1865-shiraz-2010-gift-box\"><u style=\"color: #0000ff; text-decoration: underline;\">Attunga 1865 Shiraz<\/u><\/a><\/li>\n<\/ul>\n<p><strong>Cabernet Sauvignon <\/strong><\/p>\n<ul>\n<li>\u235f 2015 Blocks Road Cabernet Sauvignon<\/li>\n<li>\u235f 2013 Tregea Reserve Cabernet Sauvignon<\/li>\n<\/ul>\n<p><strong>Grenache <\/strong><\/p>\n<ul>\n<li>\u235f 2014 Prodigal Grenache<\/li>\n<li>\u235f 2013 Duke Reserve Grenache<\/li>\n<li>\u235f 2013 Kelly Grenache<\/li>\n<\/ul>\n<p><strong>Vang \u0111\u1ecf Grenache Shiraz Mataro <\/strong><\/p>\n<ul>\n<li>\u235f 2016 <a href=\"https:\/\/www.ilovewines.vn\/products\/killerman-s-run-grenache-shiraz-mataro-gsm-2014\"><u style=\"color: #0000ff; text-decoration: underline;\">Killerman&#8217;s Run GSM<\/u><\/a><\/li>\n<li>\u235f 2013 Baudinet Blend GSM<\/li>\n<\/ul>\n<p><strong>Riesling<\/strong><\/p>\n<ul>\n<li>\u235f 2016 Mort&#8217;s Block Watervale Riesling<\/li>\n<\/ul>\n<p>&nbsp;<\/p>\n<p><strong>\u0110\u00c1NH GI\u00c1 T\u1eea C\u00c1C CHUY\u00caN GIA<\/strong><\/p>\n<h4>S\u1ef1 ki\u1ec7n R\u01b0\u1ee3u vang \u0110\u1ed3ng h\u00e0nh c\u00f9ng James Halliday 2019<\/h4>\n<ul>\n<li>93 \u0110i\u1ec3m<\/li>\n<li>L\u00ean men m\u1edf v\u00e0 b\u01a1m tay trong 8-9 ng\u00e0y. \u00c9p r\u1ed5 (basket pressed) v\u00e0o th\u00f9ng g\u1ed7 s\u1ed3i Ph\u00e1p hogshead m\u1edbi 50% \u0111\u01b0\u1ee3c 20 th\u00e1ng. H\u01b0\u01a1ng th\u01a1m c\u00f3 ch\u00fat b\u1ea5t ng\u1edd ch\u00e0o \u0111\u00f3n b\u1ea1n l\u00e0 h\u01b0\u01a1ng qu\u1ea3 m\u1ecdng \u0111en v\u00e0 n\u1ea5m c\u1ee5c r\u00f5 r\u00e0ng h\u01a1n r\u1ea5t nhi\u1ec1u so v\u1edbi h\u01b0\u01a1ng tr\u00e1i c\u00e2y \u0111\u1ecba ph\u01b0\u01a1ng ch\u00edn \u1ea9n ph\u00eda sau. D\u00e0y \u0111\u1eb7c ch\u1ee9 kh\u00f4ng ph\u1ea3i s\u1ea7n s\u00f9i tr\u00ean v\u00f2m mi\u1ec7ng, v\u1edbi ch\u1ea5t l\u01b0\u1ee3ng ngon ng\u1ecdt v\u00e0 c\u1ea3m gi\u00e1c t\u01b0\u01a1i, th\u01a1m v\u1ec1 tannin. G\u1ed7 s\u1ed3i d\u01b0\u1eddng nh\u01b0 ph\u00e1t huy t\u00e1c d\u1ee5ng v\u1ec1 sau c\u00f9ng. S\u1ebd r\u1ea5t th\u00fa v\u1ecb khi theo d\u00f5i s\u1ef1 ph\u00e1t tri\u1ec3n c\u1ee7a lo\u1ea1i vang n\u00e0y<\/li>\n<\/ul>\n<p>&nbsp;<\/p>\n<h4>4. (Ni\u00ean v\u1ee5 2014) HUY CH\u01af\u01a0NG B\u1ea0CH KIM-GI\u1ea2I TH\u01af\u1edeNG B\u00ccNH TH\u1ede R\u01af\u1ee2U VANG TH\u1ebe GI\u1edaI 2018, V\u01b0\u01a1ng qu\u1ed1c Li\u00ean hi\u1ec7p Anh<\/h4>\n<p style=\"text-align: center;\"><img decoding=\"async\" src=\"https:\/\/file.hstatic.net\/1000211281\/file\/oracle_1-nv-platinum_9877eb5e42b6473d9ac4cab95053afb5_grande.jpg\" \/><\/p>\n<p style=\"text-align: center;\"><em>(H\u00ecnh \u1ea3nh: Kilikanoon.com.au)<\/em><\/p>\n<ul>\n<li>97 \/ 100 \u0111i\u1ec3m<\/li>\n<li>\u0110\u00e1 anh \u0111\u00e0o \u0111\u1eadm \u0111\u00e0, ch\u00edn m\u1ecdng, \u0111\u1eadm \u0111\u00e0, gia v\u1ecb ng\u1ecdt ng\u00e0o, b\u00e1nh m\u00ec n\u01b0\u1edbng nh\u1eb9, qu\u1ea3 vi\u1ec7t qu\u1ea5t kh\u00f4 v\u00e0 v\u1ecb th\u1ecbt, nhi\u1ec1u v\u1ecb tr\u00e1i c\u00e2y s\u1eabm m\u00e0u \u0111\u1eadm \u0111\u1eb7c r\u1ea5t \u1ea5n t\u01b0\u1ee3ng tr\u00ean v\u00f2m mi\u1ec7ng pha ch\u00fat v\u1ecb c\u1ee7a mocha, tannin r\u1ea5t t\u1ed1t v\u00e0 \u0111\u1ed9 d\u00e0i v\u00f2m mi\u1ec7ng tuy\u1ec7t v\u1eddi.<\/li>\n<\/ul>\n<p>\u0110\u1ec3 bi\u1ebft th\u00eam v\u1ec1 c\u00e1c gi\u1ea3i th\u01b0\u1edfng c\u1ee5 th\u1ec3 c\u1ee7a Kilikanoon, nh\u1ea5p v\u00e0o \u0111\u00e2y <strong><a href=\"https:\/\/www.ilovewines.vn\/wp-content\/uploads\/2022\/12\/Kilikanoon-Awards.pdf\" target=\"_blank\" rel=\"noopener\">Kilikanoon Awards<\/a><\/strong><\/p>\n<p>&nbsp;<\/p>","protected":false},"excerpt":{"rendered":"<p>\"Shiraz ngon nh\u1ea5t th\u1ebf gi\u1edbi\" \u2013 cu\u1ed9c thi R\u01b0\u1ee3u Vang v\u00e0 R\u01b0\u1ee3u m\u1ea1nh qu\u1ed1c t\u1ebf n\u0103m 2018<\/p>","protected":false},"featured_media":2275,"template":"","meta":{"_acf_changed":false},"product_brand":[],"product_cat":[2640,87],"product_tag":[],"grape_varietal":[2466],"wine_regions":[2418],"class_list":{"0":"post-2276","1":"product","2":"type-product","3":"status-publish","4":"has-post-thumbnail","6":"product_cat-catalogue","7":"product_cat-red-wine","8":"pa_brand-kilikanoon","9":"grape_varietal-shiraz","10":"wine_regions-clare-valley","12":"first","13":"instock","14":"shipping-taxable","15":"product-type-simple"},"acf":[],"yoast_head":"<!-- This site is optimized with the Yoast SEO plugin v27.1.1 - https:\/\/yoast.com\/product\/yoast-seo-wordpress\/ -->\n<title>Kilikanoon Oracle Shiraz - Rada Wines<\/title>\n<meta name=\"robots\" content=\"index, follow, max-snippet:-1, max-image-preview:large, max-video-preview:-1\" \/>\n<link rel=\"canonical\" href=\"https:\/\/www.ilovewines.vn\/vi\/san-pham\/kilikanoon-oracle-shiraz-2014-2015-best-shiraz-in-the-world\/\" \/>\n<meta property=\"og:locale\" content=\"vi_VN\" \/>\n<meta property=\"og:type\" content=\"article\" \/>\n<meta property=\"og:title\" content=\"Kilikanoon Oracle Shiraz - Rada Wines\" \/>\n<meta property=\"og:description\" content=\"&quot;World&#039;s Best Shiraz&quot; - 2018 IWSC\" \/>\n<meta property=\"og:url\" content=\"https:\/\/www.ilovewines.vn\/vi\/san-pham\/kilikanoon-oracle-shiraz-2014-2015-best-shiraz-in-the-world\/\" \/>\n<meta property=\"og:site_name\" content=\"Rada Wines\" \/>\n<meta property=\"article:modified_time\" content=\"2023-11-29T13:38:17+00:00\" \/>\n<meta property=\"og:image\" content=\"https:\/\/www.ilovewines.vn\/wp-content\/uploads\/2022\/07\/vang_6_oracle_shiraz_2012_anh_thuong-308x385-medal-small_fd0d7bd8e6644436ba612afd4ad3c785.jpg\" \/>\n\t<meta property=\"og:image:width\" content=\"308\" \/>\n\t<meta property=\"og:image:height\" content=\"385\" \/>\n\t<meta property=\"og:image:type\" content=\"image\/jpeg\" \/>\n<meta name=\"twitter:card\" content=\"summary_large_image\" \/>\n<meta name=\"twitter:label1\" content=\"\u01af\u1edbc t\u00ednh th\u1eddi gian \u0111\u1ecdc\" \/>\n\t<meta name=\"twitter:data1\" content=\"4 ph\u00fat\" \/>\n<script type=\"application\/ld+json\" class=\"yoast-schema-graph\">{\"@context\":\"https:\/\/schema.org\",\"@graph\":[{\"@type\":\"WebPage\",\"@id\":\"https:\/\/www.ilovewines.vn\/product\/kilikanoon-oracle-shiraz-2014-2015-best-shiraz-in-the-world\/\",\"url\":\"https:\/\/www.ilovewines.vn\/product\/kilikanoon-oracle-shiraz-2014-2015-best-shiraz-in-the-world\/\",\"name\":\"Kilikanoon Oracle Shiraz - Rada Wines\",\"isPartOf\":{\"@id\":\"https:\/\/www.ilovewines.vn\/#website\"},\"primaryImageOfPage\":{\"@id\":\"https:\/\/www.ilovewines.vn\/product\/kilikanoon-oracle-shiraz-2014-2015-best-shiraz-in-the-world\/#primaryimage\"},\"image\":{\"@id\":\"https:\/\/www.ilovewines.vn\/product\/kilikanoon-oracle-shiraz-2014-2015-best-shiraz-in-the-world\/#primaryimage\"},\"thumbnailUrl\":\"https:\/\/www.ilovewines.vn\/wp-content\/uploads\/2022\/07\/vang_6_oracle_shiraz_2012_anh_thuong-308x385-medal-small_fd0d7bd8e6644436ba612afd4ad3c785.jpg\",\"datePublished\":\"2022-07-08T03:33:10+00:00\",\"dateModified\":\"2023-11-29T13:38:17+00:00\",\"breadcrumb\":{\"@id\":\"https:\/\/www.ilovewines.vn\/product\/kilikanoon-oracle-shiraz-2014-2015-best-shiraz-in-the-world\/#breadcrumb\"},\"inLanguage\":\"vi\",\"potentialAction\":[{\"@type\":\"ReadAction\",\"target\":[\"https:\/\/www.ilovewines.vn\/product\/kilikanoon-oracle-shiraz-2014-2015-best-shiraz-in-the-world\/\"]}]},{\"@type\":\"ImageObject\",\"inLanguage\":\"vi\",\"@id\":\"https:\/\/www.ilovewines.vn\/product\/kilikanoon-oracle-shiraz-2014-2015-best-shiraz-in-the-world\/#primaryimage\",\"url\":\"https:\/\/www.ilovewines.vn\/wp-content\/uploads\/2022\/07\/vang_6_oracle_shiraz_2012_anh_thuong-308x385-medal-small_fd0d7bd8e6644436ba612afd4ad3c785.jpg\",\"contentUrl\":\"https:\/\/www.ilovewines.vn\/wp-content\/uploads\/2022\/07\/vang_6_oracle_shiraz_2012_anh_thuong-308x385-medal-small_fd0d7bd8e6644436ba612afd4ad3c785.jpg\",\"width\":308,\"height\":385},{\"@type\":\"BreadcrumbList\",\"@id\":\"https:\/\/www.ilovewines.vn\/product\/kilikanoon-oracle-shiraz-2014-2015-best-shiraz-in-the-world\/#breadcrumb\",\"itemListElement\":[{\"@type\":\"ListItem\",\"position\":1,\"name\":\"Home\",\"item\":\"https:\/\/www.ilovewines.vn\/\"},{\"@type\":\"ListItem\",\"position\":2,\"name\":\"Catalogue\",\"item\":\"https:\/\/www.ilovewines.vn\/catalogue\/\"},{\"@type\":\"ListItem\",\"position\":3,\"name\":\"Kilikanoon Oracle Shiraz\"}]},{\"@type\":\"WebSite\",\"@id\":\"https:\/\/www.ilovewines.vn\/#website\",\"url\":\"https:\/\/www.ilovewines.vn\/\",\"name\":\"Rada Wines\",\"description\":\"Just another WordPress site\",\"publisher\":{\"@id\":\"https:\/\/www.ilovewines.vn\/#organization\"},\"potentialAction\":[{\"@type\":\"SearchAction\",\"target\":{\"@type\":\"EntryPoint\",\"urlTemplate\":\"https:\/\/www.ilovewines.vn\/?s={search_term_string}\"},\"query-input\":{\"@type\":\"PropertyValueSpecification\",\"valueRequired\":true,\"valueName\":\"search_term_string\"}}],\"inLanguage\":\"vi\"},{\"@type\":\"Organization\",\"@id\":\"https:\/\/www.ilovewines.vn\/#organization\",\"name\":\"Rada Wines\",\"url\":\"https:\/\/www.ilovewines.vn\/\",\"logo\":{\"@type\":\"ImageObject\",\"inLanguage\":\"vi\",\"@id\":\"https:\/\/www.ilovewines.vn\/#\/schema\/logo\/image\/\",\"url\":\"https:\/\/www.ilovewines.vn\/wp-content\/uploads\/2022\/06\/cropped-162574230_380766779846763_4426584222903300096_n.jpg\",\"contentUrl\":\"https:\/\/www.ilovewines.vn\/wp-content\/uploads\/2022\/06\/cropped-162574230_380766779846763_4426584222903300096_n.jpg\",\"width\":320,\"height\":206,\"caption\":\"Rada Wines\"},\"image\":{\"@id\":\"https:\/\/www.ilovewines.vn\/#\/schema\/logo\/image\/\"}}]}<\/script>\n<!-- \/ Yoast SEO plugin. -->","yoast_head_json":{"title":"Kilikanoon Oracle Shiraz - Rada Wines","robots":{"index":"index","follow":"follow","max-snippet":"max-snippet:-1","max-image-preview":"max-image-preview:large","max-video-preview":"max-video-preview:-1"},"canonical":"https:\/\/www.ilovewines.vn\/vi\/san-pham\/kilikanoon-oracle-shiraz-2014-2015-best-shiraz-in-the-world\/","og_locale":"vi_VN","og_type":"article","og_title":"Kilikanoon Oracle Shiraz - Rada Wines","og_description":"\"World's Best Shiraz\" - 2018 IWSC","og_url":"https:\/\/www.ilovewines.vn\/vi\/san-pham\/kilikanoon-oracle-shiraz-2014-2015-best-shiraz-in-the-world\/","og_site_name":"Rada Wines","article_modified_time":"2023-11-29T13:38:17+00:00","og_image":[{"width":308,"height":385,"url":"https:\/\/www.ilovewines.vn\/wp-content\/uploads\/2022\/07\/vang_6_oracle_shiraz_2012_anh_thuong-308x385-medal-small_fd0d7bd8e6644436ba612afd4ad3c785.jpg","type":"image\/jpeg"}],"twitter_card":"summary_large_image","twitter_misc":{"\u01af\u1edbc t\u00ednh th\u1eddi gian \u0111\u1ecdc":"4 ph\u00fat"},"schema":{"@context":"https:\/\/schema.org","@graph":[{"@type":"WebPage","@id":"https:\/\/www.ilovewines.vn\/product\/kilikanoon-oracle-shiraz-2014-2015-best-shiraz-in-the-world\/","url":"https:\/\/www.ilovewines.vn\/product\/kilikanoon-oracle-shiraz-2014-2015-best-shiraz-in-the-world\/","name":"Kilikanoon Oracle Shiraz - Rada Wines","isPartOf":{"@id":"https:\/\/www.ilovewines.vn\/#website"},"primaryImageOfPage":{"@id":"https:\/\/www.ilovewines.vn\/product\/kilikanoon-oracle-shiraz-2014-2015-best-shiraz-in-the-world\/#primaryimage"},"image":{"@id":"https:\/\/www.ilovewines.vn\/product\/kilikanoon-oracle-shiraz-2014-2015-best-shiraz-in-the-world\/#primaryimage"},"thumbnailUrl":"https:\/\/www.ilovewines.vn\/wp-content\/uploads\/2022\/07\/vang_6_oracle_shiraz_2012_anh_thuong-308x385-medal-small_fd0d7bd8e6644436ba612afd4ad3c785.jpg","datePublished":"2022-07-08T03:33:10+00:00","dateModified":"2023-11-29T13:38:17+00:00","breadcrumb":{"@id":"https:\/\/www.ilovewines.vn\/product\/kilikanoon-oracle-shiraz-2014-2015-best-shiraz-in-the-world\/#breadcrumb"},"inLanguage":"vi","potentialAction":[{"@type":"ReadAction","target":["https:\/\/www.ilovewines.vn\/product\/kilikanoon-oracle-shiraz-2014-2015-best-shiraz-in-the-world\/"]}]},{"@type":"ImageObject","inLanguage":"vi","@id":"https:\/\/www.ilovewines.vn\/product\/kilikanoon-oracle-shiraz-2014-2015-best-shiraz-in-the-world\/#primaryimage","url":"https:\/\/www.ilovewines.vn\/wp-content\/uploads\/2022\/07\/vang_6_oracle_shiraz_2012_anh_thuong-308x385-medal-small_fd0d7bd8e6644436ba612afd4ad3c785.jpg","contentUrl":"https:\/\/www.ilovewines.vn\/wp-content\/uploads\/2022\/07\/vang_6_oracle_shiraz_2012_anh_thuong-308x385-medal-small_fd0d7bd8e6644436ba612afd4ad3c785.jpg","width":308,"height":385},{"@type":"BreadcrumbList","@id":"https:\/\/www.ilovewines.vn\/product\/kilikanoon-oracle-shiraz-2014-2015-best-shiraz-in-the-world\/#breadcrumb","itemListElement":[{"@type":"ListItem","position":1,"name":"Home","item":"https:\/\/www.ilovewines.vn\/"},{"@type":"ListItem","position":2,"name":"Catalogue","item":"https:\/\/www.ilovewines.vn\/catalogue\/"},{"@type":"ListItem","position":3,"name":"Kilikanoon Oracle Shiraz"}]},{"@type":"WebSite","@id":"https:\/\/www.ilovewines.vn\/#website","url":"https:\/\/www.ilovewines.vn\/","name":"Rada Wines","description":"Just another WordPress site","publisher":{"@id":"https:\/\/www.ilovewines.vn\/#organization"},"potentialAction":[{"@type":"SearchAction","target":{"@type":"EntryPoint","urlTemplate":"https:\/\/www.ilovewines.vn\/?s={search_term_string}"},"query-input":{"@type":"PropertyValueSpecification","valueRequired":true,"valueName":"search_term_string"}}],"inLanguage":"vi"},{"@type":"Organization","@id":"https:\/\/www.ilovewines.vn\/#organization","name":"Rada Wines","url":"https:\/\/www.ilovewines.vn\/","logo":{"@type":"ImageObject","inLanguage":"vi","@id":"https:\/\/www.ilovewines.vn\/#\/schema\/logo\/image\/","url":"https:\/\/www.ilovewines.vn\/wp-content\/uploads\/2022\/06\/cropped-162574230_380766779846763_4426584222903300096_n.jpg","contentUrl":"https:\/\/www.ilovewines.vn\/wp-content\/uploads\/2022\/06\/cropped-162574230_380766779846763_4426584222903300096_n.jpg","width":320,"height":206,"caption":"Rada Wines"},"image":{"@id":"https:\/\/www.ilovewines.vn\/#\/schema\/logo\/image\/"}}]}},"_links":{"self":[{"href":"https:\/\/www.ilovewines.vn\/vi\/wp-json\/wp\/v2\/product\/2276","targetHints":{"allow":["GET"]}}],"collection":[{"href":"https:\/\/www.ilovewines.vn\/vi\/wp-json\/wp\/v2\/product"}],"about":[{"href":"https:\/\/www.ilovewines.vn\/vi\/wp-json\/wp\/v2\/types\/product"}],"version-history":[{"count":1,"href":"https:\/\/www.ilovewines.vn\/vi\/wp-json\/wp\/v2\/product\/2276\/revisions"}],"predecessor-version":[{"id":4603,"href":"https:\/\/www.ilovewines.vn\/vi\/wp-json\/wp\/v2\/product\/2276\/revisions\/4603"}],"wp:featuredmedia":[{"embeddable":true,"href":"https:\/\/www.ilovewines.vn\/vi\/wp-json\/wp\/v2\/media\/2275"}],"wp:attachment":[{"href":"https:\/\/www.ilovewines.vn\/vi\/wp-json\/wp\/v2\/media?parent=2276"}],"wp:term":[{"taxonomy":"product_brand","embeddable":true,"href":"https:\/\/www.ilovewines.vn\/vi\/wp-json\/wp\/v2\/product_brand?post=2276"},{"taxonomy":"product_cat","embeddable":true,"href":"https:\/\/www.ilovewines.vn\/vi\/wp-json\/wp\/v2\/product_cat?post=2276"},{"taxonomy":"product_tag","embeddable":true,"href":"https:\/\/www.ilovewines.vn\/vi\/wp-json\/wp\/v2\/product_tag?post=2276"},{"taxonomy":"grape_varietal","embeddable":true,"href":"https:\/\/www.ilovewines.vn\/vi\/wp-json\/wp\/v2\/grape_varietal?post=2276"},{"taxonomy":"wine_regions","embeddable":true,"href":"https:\/\/www.ilovewines.vn\/vi\/wp-json\/wp\/v2\/wine_regions?post=2276"}],"curies":[{"name":"wp","href":"https:\/\/api.w.org\/{rel}","templated":true}]}}