{"id":2278,"date":"2022-07-07T21:33:10","date_gmt":"2022-07-08T03:33:10","guid":{"rendered":"https:\/\/www.ilovewines.vn\/product\/kilikanoon-killermans-run-shiraz-2017-2016-2012\/"},"modified":"2026-01-07T20:42:02","modified_gmt":"2026-01-08T03:42:02","slug":"kilikanoon-killermans-run-shiraz-2018","status":"publish","type":"product","link":"https:\/\/www.ilovewines.vn\/vi\/product\/kilikanoon-killermans-run-shiraz-2018\/","title":{"rendered":"Kilikanoon Killerman\u2019s Run Shiraz"},"content":{"rendered":"<p><strong>C\u1ea2M QUAN<\/strong><br \/>\n<strong>M\u00e0u s\u1eafc:\u00a0\u00a0 <\/strong>M\u00e0u \u0111\u1ecf g\u1ea1ch v\u1edbi \u00e1nh \u0111\u1ecf th\u1eabm tr\u1ebb trung<br \/>\n<strong>Kh\u1ee9u gi\u00e1c:<\/strong> Cherry \u0111en, cam th\u1ea3o t\u01b0\u01a1i v\u00e0 m\u00f9i kh\u00f3i g\u1ed7 s\u1ed3i.<br \/>\n<strong>Kh\u1ea9u v\u1ecb:<\/strong> C\u1ea5u tr\u00fac gi\u00e0u v\u1ecb v\u1edbi v\u1ecb c\u1ee7a cherry \u0111en v\u00e0 cam th\u1ea3o nh\u01b0 m\u00f9i c\u1ee7a r\u01b0\u1ee3u. Ngo\u00e0i ra c\u00f2n c\u00f3 th\u00eam c\u00e1c t\u1ea7ng l\u1edbp v\u1ecb c\u1ee7a socola, c\u00e2n b\u1eb1ng ho\u00e0n h\u1ea3o c\u00f9ng tannin \u0111\u1ecdng l\u1ea1i th\u1eadt l\u00e2u sau khi u\u1ed1ng.<\/p>\n<p><strong>PH\u00c2N T\u00cdCH<\/strong><br \/>\nAlcohol: 14.5% v\/v<\/p>\n<p><strong>C\u1ea4T TR\u1eee<\/strong><br \/>\nC\u00f3 th\u1ec3 c\u1ea5t gi\u1eef \u00edt nh\u1ea5t 12 \u2013 15 n\u0103m trong h\u1ea7m r\u01b0\u1ee3u.<\/p>\n<p>&nbsp;<\/p>\n<p><strong>V\u00d9NG NHO<\/strong><br \/>\nThung l\u0169ng Clare.<br \/>\nNho c\u1ee7a Killerman\u2019s Run \u0111\u01b0\u1ee3c ch\u1ecdn l\u1ef1a r\u1ea5t k\u0129 c\u00e0ng t\u1eeb nh\u1eefng v\u01b0\u1eddn nho v\u00e0 ti\u1ec3u v\u00f9ng kh\u00e1c nhau c\u1ee7a nh\u00e0 Kilikanoon, mang l\u1ea1i phong c\u00e1ch g\u1ea7n g\u0169i v\u00e0 tinh t\u1ebf.<\/p>\n<p><strong>QU\u00c1 TR\u00ccNH S\u1ea2N XU\u1ea4T<\/strong><br \/>\n\u00c1p d\u1ee5ng k\u1ef9 thu\u1eadt s\u1ea3n xu\u1ea5t vang truy\u1ec1n th\u1ed1ng, bao g\u1ed3m b\u01a1m b\u1eb1ng tay, \u00e9p r\u1ed5 v\u00e0 t\u00e1ch ri\u00eang c\u00e1c ki\u1ec7n nho cho \u0111\u1ebfn ph\u00e2n \u0111o\u1ea1n cu\u1ed1i c\u00f9ng. M\u1ed9t d\u00f2ng vang Shiraz truy\u1ec1n th\u1ed1ng v\u1edbi m\u1ed9t ni\u00ean v\u1ee5 tuy\u1ec7t v\u1eddi. \u0110\u1eb7c \u0111i\u1ec3m c\u1ee7a ni\u00ean v\u1ee5 n\u00e0y l\u00e0 m\u1ed9t m\u00f9a \u0111\u00f4ng, m\u00f9a xu\u1ea5t \u1ea9m \u01b0\u1edbt v\u00e0 th\u1eddi ti\u1ebft thu ho\u1ea1ch m\u00e1t m\u1ebb h\u01a1n, gi\u00fap cho t\u1ea5t c\u1ea3 c\u00e1c ki\u1ec7n nho \u0111\u1ec1u \u0111\u01b0\u1ee3c h\u00e1i \u0111\u00fang th\u1eddi \u0111i\u1ec3m t\u1ed1i \u01b0u nh\u1ea5t.<\/p>\n<p>&nbsp;<\/p>\n<p><strong>GI\u1ea2I TH\u01af\u1edeNG &amp; TH\u00c0NH T\u1ef0U<\/strong><\/p>\n<p><a href=\"https:\/\/www.ilovewines.vn\/wp-content\/uploads\/2023\/11\/Kilikanoon-Awards-one-pager-Nov-23.pdf\" target=\"_blank\" rel=\"noopener\">KILIKANOON AWARDS 2023 (updated on 28 Nov. 2023)<\/a><\/p>\n<h4>S\u1ef1 ki\u1ec7n R\u01b0\u1ee3u vang \u0110\u1ed3ng h\u00e0nh c\u00f9ng James Halliday 2019<\/h4>\n<ul>\n<li>90 \u0110i\u1ec3m, Gi\u00e1 tr\u1ecb \u0111\u1eb7c bi\u1ec7t<\/li>\n<li>Ni\u00ean v\u1ee5 2019<\/li>\n<li>M\u1ea7u vang xu\u1ea5t s\u1eafc. Wow, \u0111\u00fang l\u00e0 vang t\u1ed1t v\u1edbi gi\u00e1 h\u1eddi! \u0110\u1ed9 \u0111\u1eadm \u0111\u1eb7c t\u1eeb trung b\u00ecnh \u0111\u1ebfn \u0111\u1eadm, n\u00f3 \u0111\u1ea1t t\u1ea5t c\u1ea3 c\u00e1c ti\u00eau chu\u1ea9n v\u1edbi h\u01b0\u01a1ng v\u1ecb qu\u1ea3 s\u1eabm m\u00e0u m\u1eddi g\u1ecdi, tr\u00e1i c\u00e2y s\u00e2u l\u1eafng trong l\u00f2ng c\u1ee7a tannin dai d\u1eb3ng, nh\u01b0ng ch\u00edn. G\u1ed7 s\u1ed3i \u0111\u00e3 \u0111\u00f3ng m\u1ed9t vai tr\u00f2 quan tr\u1ecdng trong vi\u1ec7c t\u1ea1o ra k\u1ebft c\u1ea5u r\u01b0\u1ee3u, tannin v\u00e0 tr\u00e1i c\u00e2y t\u1ea1o n\u00ean c\u1ea5u tr\u00fac. V\u1edbi c\u00e1i gi\u00e1 d\u01b0\u1edbi 20 \u0111\u00f4 ch\u1eafc ch\u1eafn s\u1ebd b\u00e1n \u0111\u01b0\u1ee3c, ho\u00e0n to\u00e0n c\u00f3 kh\u1ea3 n\u0103ng tr\u1eef h\u1ea7m 5 n\u0103m tr\u1edf l\u00ean.<\/li>\n<\/ul>\n<h4>HUY CH\u01af\u01a0NG V\u00c0NG (NI\u00caN V\u1ee4 2016) - GI\u1ea2I TH\u01af\u1edeNG R\u01af\u1ee2U VANG QU\u1ed0C T\u1ebe MUNDUS VINI 2018<\/h4>\n<ul>\n<li>Huy ch\u01b0\u01a1ng V\u00e0ng<\/li>\n<li>2018<\/li>\n<\/ul>\n<p><img decoding=\"async\" style=\"display: block; margin-left: auto; margin-right: auto;\" src=\"\/\/file.hstatic.net\/1000211281\/file\/giai_thuong_kilikanoon_2018_grande.jpg\" \/><\/p>\n<p>Kilikanoon r\u1ea5t t\u1ef1 h\u00e0o khi d\u00e0nh \u0111\u01b0\u1ee3c t\u1edbi 11 Huy Ch\u01b0\u01a1ng V\u00e0ng t\u1ea1i Gi\u1ea3i R\u01b0\u1ee3u vang Qu\u1ed1c t\u1ebf Mundus Vini, \u0111\u1ed3ng th\u1eddi \u0111\u01b0\u1ee3c vinh d\u1ef1 trao t\u1eb7ng th\u01b0\u01a1ng hi\u1ec7u \u201cNh\u00e0 s\u1ea3n xu\u1ea5t Vang \u00dac c\u1ee7a N\u0103m\u201d (\u201cAustralian Winery of the Year\u201d) l\u1ea7n th\u1ee9 ba sau 8 n\u0103m, k\u1ec3 t\u1eeb khi th\u1eafng gi\u1ea3i l\u1ea7n \u0111\u1ea7u (n\u0103m 2010 v\u00e0 2017).<\/p>\n<p>Ban gi\u00e1m kh\u1ea3o l\u00e0 nh\u1eefng nh\u00e2n v\u1eadt \u0111\u01b0\u1ee3c k\u00ednh tr\u1ecdng v\u00e0 c\u00f3 uy t\u00edn tr\u00ean kh\u1eafp th\u1ebf gi\u1edbi bao g\u1ed3m nh\u1eefng ng\u01b0\u1eddi l\u00e0m r\u01b0\u1ee3u xu\u1ea5t s\u1eafc, nh\u1eefng nh\u00e0 b\u00e1n l\u1ebb \u0111\u1eb7c s\u1ea3n \u0111\u01b0\u1ee3c c\u00f4ng nh\u1eadn v\u1edbi ki\u1ebfn \u200b\u200bth\u1ee9c v\u1ec1 r\u01b0\u1ee3u vang tr\u00ean m\u1ee9c trung b\u00ecnh, c\u00e1c nh\u00e0 b\u00e1o chuy\u00ean m\u00f4n v\u00e0 c\u00e1c nh\u00e0 khoa h\u1ecdc.<\/p>\n<p>Huy ch\u01b0\u01a1ng v\u00e0ng ch\u1ec9 \u0111\u01b0\u1ee3c trao cho nh\u1eefng lo\u1ea1i r\u01b0\u1ee3u \u0111\u01b0\u1ee3c \u0111\u00e1nh gi\u00e1 t\u1ed1t nh\u1ea5t trong m\u1ed9t nh\u00f3m, \u0111i\u1ec1u \u0111\u00f3 c\u00f3 ngh\u0129a l\u00e0 Kilikanoon lu\u00f4n g\u00e2y \u1ea5n t\u01b0\u1ee3ng v\u1edbi c\u00e1c b\u1ea3ng th\u1eed n\u1ebfm v\u1edbi nh\u1edd v\u00e0o s\u1ef1 pha tr\u1ed9n \u0111i\u00eau luy\u1ec7n. Vi\u1ec7c \u0111\u01b0\u1ee3c trao gi\u1ea3i Nh\u00e0 s\u1ea3n xu\u1ea5t r\u01b0\u1ee3u c\u1ee7a n\u0103m n\u01b0\u1edbc \u00dac m\u1ed9t l\u1ea7n n\u1eefa \u0111\u00e3 cho th\u1ea5y s\u1ef1 c\u1ed1ng hi\u1ebfn v\u00e0 cam k\u1ebft kh\u00f4ng khoan nh\u01b0\u1ee3ng c\u1ee7a Kilikanoon \u0111\u1ed1i v\u1edbi ch\u1ea5t l\u01b0\u1ee3ng v\u00e0 phong c\u00e1ch \u0111\u00e3 l\u00e0m n\u00ean th\u00e0nh c\u00f4ng c\u1ee7a th\u01b0\u01a1ng hi\u1ec7u n\u00e0y.<\/p>\n<p>Danh s\u00e1ch c\u00e1c nh\u00e3n hi\u1ec7u vang Kilikanoon \u0111\u01b0\u1ee3c trao Huy Ch\u01b0\u01a1ng V\u00e0ng bao g\u1ed3m (theo th\u1ee9 t\u1ef1 t\u1eeb tr\u00e1i sang ph\u1ea3i trong \u1ea3nh):<\/p>\n<p><strong>Shiraz <\/strong><\/p>\n<ul>\n<li>\u235f 2016 <a href=\"https:\/\/www.ilovewines.vn\/products\/killerman-s-run-shiraz-2015\" target=\"_blank\" rel=\"noopener noreferrer\"><u style=\"color: #0000ff; text-decoration: underline;\">Killerman&#8217;s Run Shiraz<\/u><\/a><\/li>\n<li>\u235f 2014 <a href=\"https:\/\/www.ilovewines.vn\/products\/kilikanoon-oracle-shiraz-2012\" target=\"_blank\" rel=\"noopener noreferrer\"><u style=\"color: #0000ff; text-decoration: underline;\">Oracle Shiraz<\/u><\/a><\/li>\n<li>\u235f 2013 <a href=\"https:\/\/www.ilovewines.vn\/products\/kilikanoon-attunga-1865-shiraz-2010-gift-box\" target=\"_blank\" rel=\"noopener noreferrer\"><u style=\"color: #0000ff; text-decoration: underline;\">Attunga 1865 Shiraz<\/u><\/a><\/li>\n<\/ul>\n<p><strong>Cabernet Sauvignon <\/strong><\/p>\n<ul>\n<li>\u235f 2015 Blocks Road Cabernet Sauvignon<\/li>\n<li>\u235f 2013 Tregea Reserve Cabernet Sauvignon<\/li>\n<\/ul>\n<p><strong>Grenache <\/strong><\/p>\n<ul>\n<li>\u235f 2014 Prodigal Grenache<\/li>\n<li>\u235f 2013 Duke Reserve Grenache<\/li>\n<li>\u235f 2013 Kelly Grenache<\/li>\n<\/ul>\n<p><strong>Vang \u0111\u1ecf Grenache Shiraz Mataro <\/strong><\/p>\n<ul>\n<li>\u235f 2016 <a href=\"https:\/\/www.ilovewines.vn\/products\/killerman-s-run-grenache-shiraz-mataro-gsm-2014\" target=\"_blank\" rel=\"noopener noreferrer\"><u style=\"color: #0000ff; text-decoration: underline;\">Killerman&#8217;s Run GSM<\/u><\/a><\/li>\n<li>\u235f 2013 Baudinet Blend GSM<\/li>\n<\/ul>\n<p><strong>Riesling<\/strong><\/p>\n<ul>\n<li>\u235f 2016 Mort&#8217;s Block Watervale Riesling<\/li>\n<\/ul>\n<p>&nbsp;<\/p>\n<p><a title=\"B\u00e0i vi\u1ebft chi ti\u1ebft\" href=\"https:\/\/www.ilovewines.vn\/blogs\/news\/kilikanoon-tiep-tuc-thang-hang-loat-huy-chuong-vang-tai-mundus-vini\" target=\"_blank\" rel=\"noopener noreferrer\"><u style=\"color: #0000ff; text-decoration: underline;\"><strong>HUY CH\u01af\u01a0NG V\u00c0NG (NI\u00caN V\u1ee4 2017) - GI\u1ea2I R\u01af\u1ee2U VANG QU\u1ed0C T\u1ebe MUNDUS VINI 2019<\/strong><\/u><\/a><\/p>\n<p>&nbsp;<\/p>\n<p><img decoding=\"async\" class=\"aligncenter\" src=\"https:\/\/file.hstatic.net\/1000211281\/file\/mundua_1600x_9c3af9a624c54bf2a6eb8af7287ce60b_grande.jpg\" \/><\/p>\n<p>\u0110\u1ec3 bi\u1ebft th\u00eam v\u1ec1 c\u00e1c gi\u1ea3i th\u01b0\u1edfng c\u1ee5 th\u1ec3 c\u1ee7a Kilikanoon, nh\u1ea5p v\u00e0o \u0111\u00e2y <strong><a href=\"https:\/\/www.ilovewines.vn\/wp-content\/uploads\/2022\/12\/Kilikanoon-Awards.pdf\" target=\"_blank\" rel=\"noopener\">Kilikanoon Awards<\/a><\/strong><\/p>\n<p>&nbsp;<\/p>","protected":false},"excerpt":{"rendered":"<p>Huy ch\u01b0\u01a1ng v\u00e0ng \u2013 Gi\u1ea3i th\u01b0\u1edfng R\u01b0\u1ee3u vang Qu\u1ed1c t\u1ebf c\u1ee7a \u0110\u1ee9c n\u0103m 2020<\/p>","protected":false},"featured_media":7019,"template":"","meta":{"_acf_changed":false},"product_brand":[],"product_cat":[2640,87],"product_tag":[],"grape_varietal":[2466],"wine_regions":[2418],"class_list":{"0":"post-2278","1":"product","2":"type-product","3":"status-publish","4":"has-post-thumbnail","6":"product_cat-catalogue","7":"product_cat-red-wine","8":"pa_brand-kilikanoon","9":"grape_varietal-shiraz","10":"wine_regions-clare-valley","12":"first","13":"instock","14":"shipping-taxable","15":"product-type-simple"},"acf":[],"yoast_head":"<!-- This site is optimized with the Yoast SEO plugin v27.4 - https:\/\/yoast.com\/product\/yoast-seo-wordpress\/ -->\n<title>Kilikanoon Killerman\u2019s Run Shiraz - Rada Wines<\/title>\n<meta name=\"robots\" content=\"index, follow, max-snippet:-1, max-image-preview:large, max-video-preview:-1\" \/>\n<link rel=\"canonical\" href=\"https:\/\/www.ilovewines.vn\/vi\/san-pham\/kilikanoon-killermans-run-shiraz-2018\/\" \/>\n<meta property=\"og:locale\" content=\"vi_VN\" \/>\n<meta property=\"og:type\" content=\"article\" \/>\n<meta property=\"og:title\" content=\"Kilikanoon Killerman\u2019s Run Shiraz - Rada Wines\" \/>\n<meta property=\"og:description\" content=\"Gold Medal - 2020 Mundus Vini\" \/>\n<meta property=\"og:url\" content=\"https:\/\/www.ilovewines.vn\/vi\/san-pham\/kilikanoon-killermans-run-shiraz-2018\/\" \/>\n<meta property=\"og:site_name\" content=\"Rada Wines\" \/>\n<meta property=\"article:modified_time\" content=\"2026-01-08T03:42:02+00:00\" \/>\n<meta property=\"og:image\" content=\"https:\/\/www.ilovewines.vn\/wp-content\/uploads\/2022\/07\/killer-shiraz-scaled.png\" \/>\n\t<meta property=\"og:image:width\" content=\"1280\" \/>\n\t<meta property=\"og:image:height\" content=\"2560\" \/>\n\t<meta property=\"og:image:type\" content=\"image\/png\" \/>\n<meta name=\"twitter:card\" content=\"summary_large_image\" \/>\n<meta name=\"twitter:label1\" content=\"\u01af\u1edbc t\u00ednh th\u1eddi gian \u0111\u1ecdc\" \/>\n\t<meta name=\"twitter:data1\" content=\"3 ph\u00fat\" \/>\n<script type=\"application\/ld+json\" class=\"yoast-schema-graph\">{\"@context\":\"https:\\\/\\\/schema.org\",\"@graph\":[{\"@type\":\"WebPage\",\"@id\":\"https:\\\/\\\/www.ilovewines.vn\\\/product\\\/kilikanoon-killermans-run-shiraz-2018\\\/\",\"url\":\"https:\\\/\\\/www.ilovewines.vn\\\/product\\\/kilikanoon-killermans-run-shiraz-2018\\\/\",\"name\":\"Kilikanoon Killerman\u2019s Run Shiraz - Rada Wines\",\"isPartOf\":{\"@id\":\"https:\\\/\\\/www.ilovewines.vn\\\/#website\"},\"primaryImageOfPage\":{\"@id\":\"https:\\\/\\\/www.ilovewines.vn\\\/product\\\/kilikanoon-killermans-run-shiraz-2018\\\/#primaryimage\"},\"image\":{\"@id\":\"https:\\\/\\\/www.ilovewines.vn\\\/product\\\/kilikanoon-killermans-run-shiraz-2018\\\/#primaryimage\"},\"thumbnailUrl\":\"https:\\\/\\\/www.ilovewines.vn\\\/wp-content\\\/uploads\\\/2022\\\/07\\\/killer-shiraz-scaled.png\",\"datePublished\":\"2022-07-08T03:33:10+00:00\",\"dateModified\":\"2026-01-08T03:42:02+00:00\",\"breadcrumb\":{\"@id\":\"https:\\\/\\\/www.ilovewines.vn\\\/product\\\/kilikanoon-killermans-run-shiraz-2018\\\/#breadcrumb\"},\"inLanguage\":\"vi\",\"potentialAction\":[{\"@type\":\"ReadAction\",\"target\":[\"https:\\\/\\\/www.ilovewines.vn\\\/product\\\/kilikanoon-killermans-run-shiraz-2018\\\/\"]}]},{\"@type\":\"ImageObject\",\"inLanguage\":\"vi\",\"@id\":\"https:\\\/\\\/www.ilovewines.vn\\\/product\\\/kilikanoon-killermans-run-shiraz-2018\\\/#primaryimage\",\"url\":\"https:\\\/\\\/www.ilovewines.vn\\\/wp-content\\\/uploads\\\/2022\\\/07\\\/killer-shiraz-scaled.png\",\"contentUrl\":\"https:\\\/\\\/www.ilovewines.vn\\\/wp-content\\\/uploads\\\/2022\\\/07\\\/killer-shiraz-scaled.png\",\"width\":1280,\"height\":2560},{\"@type\":\"BreadcrumbList\",\"@id\":\"https:\\\/\\\/www.ilovewines.vn\\\/product\\\/kilikanoon-killermans-run-shiraz-2018\\\/#breadcrumb\",\"itemListElement\":[{\"@type\":\"ListItem\",\"position\":1,\"name\":\"Home\",\"item\":\"https:\\\/\\\/www.ilovewines.vn\\\/\"},{\"@type\":\"ListItem\",\"position\":2,\"name\":\"Catalogue\",\"item\":\"https:\\\/\\\/www.ilovewines.vn\\\/catalogue\\\/\"},{\"@type\":\"ListItem\",\"position\":3,\"name\":\"Kilikanoon Killerman\u2019s Run Shiraz\"}]},{\"@type\":\"WebSite\",\"@id\":\"https:\\\/\\\/www.ilovewines.vn\\\/#website\",\"url\":\"https:\\\/\\\/www.ilovewines.vn\\\/\",\"name\":\"Rada Wines\",\"description\":\"Just another WordPress site\",\"publisher\":{\"@id\":\"https:\\\/\\\/www.ilovewines.vn\\\/#organization\"},\"potentialAction\":[{\"@type\":\"SearchAction\",\"target\":{\"@type\":\"EntryPoint\",\"urlTemplate\":\"https:\\\/\\\/www.ilovewines.vn\\\/?s={search_term_string}\"},\"query-input\":{\"@type\":\"PropertyValueSpecification\",\"valueRequired\":true,\"valueName\":\"search_term_string\"}}],\"inLanguage\":\"vi\"},{\"@type\":\"Organization\",\"@id\":\"https:\\\/\\\/www.ilovewines.vn\\\/#organization\",\"name\":\"Rada Wines\",\"url\":\"https:\\\/\\\/www.ilovewines.vn\\\/\",\"logo\":{\"@type\":\"ImageObject\",\"inLanguage\":\"vi\",\"@id\":\"https:\\\/\\\/www.ilovewines.vn\\\/#\\\/schema\\\/logo\\\/image\\\/\",\"url\":\"https:\\\/\\\/www.ilovewines.vn\\\/wp-content\\\/uploads\\\/2022\\\/06\\\/cropped-162574230_380766779846763_4426584222903300096_n.jpg\",\"contentUrl\":\"https:\\\/\\\/www.ilovewines.vn\\\/wp-content\\\/uploads\\\/2022\\\/06\\\/cropped-162574230_380766779846763_4426584222903300096_n.jpg\",\"width\":320,\"height\":206,\"caption\":\"Rada Wines\"},\"image\":{\"@id\":\"https:\\\/\\\/www.ilovewines.vn\\\/#\\\/schema\\\/logo\\\/image\\\/\"}}]}<\/script>\n<!-- \/ Yoast SEO plugin. -->","yoast_head_json":{"title":"Kilikanoon Killerman\u2019s Run Shiraz - Rada Wines","robots":{"index":"index","follow":"follow","max-snippet":"max-snippet:-1","max-image-preview":"max-image-preview:large","max-video-preview":"max-video-preview:-1"},"canonical":"https:\/\/www.ilovewines.vn\/vi\/san-pham\/kilikanoon-killermans-run-shiraz-2018\/","og_locale":"vi_VN","og_type":"article","og_title":"Kilikanoon Killerman\u2019s Run Shiraz - Rada Wines","og_description":"Gold Medal - 2020 Mundus Vini","og_url":"https:\/\/www.ilovewines.vn\/vi\/san-pham\/kilikanoon-killermans-run-shiraz-2018\/","og_site_name":"Rada Wines","article_modified_time":"2026-01-08T03:42:02+00:00","og_image":[{"width":1280,"height":2560,"url":"https:\/\/www.ilovewines.vn\/wp-content\/uploads\/2022\/07\/killer-shiraz-scaled.png","type":"image\/png"}],"twitter_card":"summary_large_image","twitter_misc":{"\u01af\u1edbc t\u00ednh th\u1eddi gian \u0111\u1ecdc":"3 ph\u00fat"},"schema":{"@context":"https:\/\/schema.org","@graph":[{"@type":"WebPage","@id":"https:\/\/www.ilovewines.vn\/product\/kilikanoon-killermans-run-shiraz-2018\/","url":"https:\/\/www.ilovewines.vn\/product\/kilikanoon-killermans-run-shiraz-2018\/","name":"Kilikanoon Killerman\u2019s Run Shiraz - Rada Wines","isPartOf":{"@id":"https:\/\/www.ilovewines.vn\/#website"},"primaryImageOfPage":{"@id":"https:\/\/www.ilovewines.vn\/product\/kilikanoon-killermans-run-shiraz-2018\/#primaryimage"},"image":{"@id":"https:\/\/www.ilovewines.vn\/product\/kilikanoon-killermans-run-shiraz-2018\/#primaryimage"},"thumbnailUrl":"https:\/\/www.ilovewines.vn\/wp-content\/uploads\/2022\/07\/killer-shiraz-scaled.png","datePublished":"2022-07-08T03:33:10+00:00","dateModified":"2026-01-08T03:42:02+00:00","breadcrumb":{"@id":"https:\/\/www.ilovewines.vn\/product\/kilikanoon-killermans-run-shiraz-2018\/#breadcrumb"},"inLanguage":"vi","potentialAction":[{"@type":"ReadAction","target":["https:\/\/www.ilovewines.vn\/product\/kilikanoon-killermans-run-shiraz-2018\/"]}]},{"@type":"ImageObject","inLanguage":"vi","@id":"https:\/\/www.ilovewines.vn\/product\/kilikanoon-killermans-run-shiraz-2018\/#primaryimage","url":"https:\/\/www.ilovewines.vn\/wp-content\/uploads\/2022\/07\/killer-shiraz-scaled.png","contentUrl":"https:\/\/www.ilovewines.vn\/wp-content\/uploads\/2022\/07\/killer-shiraz-scaled.png","width":1280,"height":2560},{"@type":"BreadcrumbList","@id":"https:\/\/www.ilovewines.vn\/product\/kilikanoon-killermans-run-shiraz-2018\/#breadcrumb","itemListElement":[{"@type":"ListItem","position":1,"name":"Home","item":"https:\/\/www.ilovewines.vn\/"},{"@type":"ListItem","position":2,"name":"Catalogue","item":"https:\/\/www.ilovewines.vn\/catalogue\/"},{"@type":"ListItem","position":3,"name":"Kilikanoon Killerman\u2019s Run Shiraz"}]},{"@type":"WebSite","@id":"https:\/\/www.ilovewines.vn\/#website","url":"https:\/\/www.ilovewines.vn\/","name":"Rada Wines","description":"Just another WordPress site","publisher":{"@id":"https:\/\/www.ilovewines.vn\/#organization"},"potentialAction":[{"@type":"SearchAction","target":{"@type":"EntryPoint","urlTemplate":"https:\/\/www.ilovewines.vn\/?s={search_term_string}"},"query-input":{"@type":"PropertyValueSpecification","valueRequired":true,"valueName":"search_term_string"}}],"inLanguage":"vi"},{"@type":"Organization","@id":"https:\/\/www.ilovewines.vn\/#organization","name":"Rada Wines","url":"https:\/\/www.ilovewines.vn\/","logo":{"@type":"ImageObject","inLanguage":"vi","@id":"https:\/\/www.ilovewines.vn\/#\/schema\/logo\/image\/","url":"https:\/\/www.ilovewines.vn\/wp-content\/uploads\/2022\/06\/cropped-162574230_380766779846763_4426584222903300096_n.jpg","contentUrl":"https:\/\/www.ilovewines.vn\/wp-content\/uploads\/2022\/06\/cropped-162574230_380766779846763_4426584222903300096_n.jpg","width":320,"height":206,"caption":"Rada Wines"},"image":{"@id":"https:\/\/www.ilovewines.vn\/#\/schema\/logo\/image\/"}}]}},"_links":{"self":[{"href":"https:\/\/www.ilovewines.vn\/vi\/wp-json\/wp\/v2\/product\/2278","targetHints":{"allow":["GET"]}}],"collection":[{"href":"https:\/\/www.ilovewines.vn\/vi\/wp-json\/wp\/v2\/product"}],"about":[{"href":"https:\/\/www.ilovewines.vn\/vi\/wp-json\/wp\/v2\/types\/product"}],"version-history":[{"count":3,"href":"https:\/\/www.ilovewines.vn\/vi\/wp-json\/wp\/v2\/product\/2278\/revisions"}],"predecessor-version":[{"id":7021,"href":"https:\/\/www.ilovewines.vn\/vi\/wp-json\/wp\/v2\/product\/2278\/revisions\/7021"}],"wp:featuredmedia":[{"embeddable":true,"href":"https:\/\/www.ilovewines.vn\/vi\/wp-json\/wp\/v2\/media\/7019"}],"wp:attachment":[{"href":"https:\/\/www.ilovewines.vn\/vi\/wp-json\/wp\/v2\/media?parent=2278"}],"wp:term":[{"taxonomy":"product_brand","embeddable":true,"href":"https:\/\/www.ilovewines.vn\/vi\/wp-json\/wp\/v2\/product_brand?post=2278"},{"taxonomy":"product_cat","embeddable":true,"href":"https:\/\/www.ilovewines.vn\/vi\/wp-json\/wp\/v2\/product_cat?post=2278"},{"taxonomy":"product_tag","embeddable":true,"href":"https:\/\/www.ilovewines.vn\/vi\/wp-json\/wp\/v2\/product_tag?post=2278"},{"taxonomy":"grape_varietal","embeddable":true,"href":"https:\/\/www.ilovewines.vn\/vi\/wp-json\/wp\/v2\/grape_varietal?post=2278"},{"taxonomy":"wine_regions","embeddable":true,"href":"https:\/\/www.ilovewines.vn\/vi\/wp-json\/wp\/v2\/wine_regions?post=2278"}],"curies":[{"name":"wp","href":"https:\/\/api.w.org\/{rel}","templated":true}]}}