{"id":2280,"date":"2022-07-07T21:33:11","date_gmt":"2022-07-08T03:33:11","guid":{"rendered":"https:\/\/www.ilovewines.vn\/product\/kilikanoon-killermans-run-grenache-shiraz-mataro-gsm-2018-2020\/"},"modified":"2026-01-07T20:40:12","modified_gmt":"2026-01-08T03:40:12","slug":"kilikanoon-killermans-run-grenache-shiraz-mataro-gsm-2018-2020","status":"publish","type":"product","link":"https:\/\/www.ilovewines.vn\/vi\/product\/kilikanoon-killermans-run-grenache-shiraz-mataro-gsm-2018-2020\/","title":{"rendered":"Kilikanoon Killerman\u2019s Run Grenache Shiraz Mataro (GSM)"},"content":{"rendered":"<p style=\"text-align: justify;\"><strong>C\u1ea2M QUAN<\/strong><\/p>\n<p style=\"text-align: justify;\"><strong>M\u00e0u s\u1eafc:\u00a0\u00a0\u00a0<\/strong>M\u00e0u \u0111\u1ecf g\u1ea1ch v\u1edbi \u00e1nh \u0111\u1ecf th\u1eabm tr\u1ebb trung<\/p>\n<p style=\"text-align: justify;\"><strong>Kh\u1ee9u gi\u00e1c:<\/strong> M\u00f9i th\u01a1m c\u1ee7a th\u1ecbt m\u1eb7n, hoa qu\u1ea3 \u0111\u1ecf v\u00e0 gia v\u1ecb \u0110\u1ecba Trung H\u1ea3i \u0111\u01b0\u1ee3c b\u1ed5 sung th\u00eam b\u1edfi h\u01b0\u01a1ng th\u01a1m g\u1ed7 s\u1ed3i Ph\u00e1p.<\/p>\n<p style=\"text-align: justify;\"><strong>Kh\u1ea9u v\u1ecb: <\/strong>M\u1ed9t s\u1ef1 pha tr\u1ed9n ki\u1ec3u Ph\u00e1p li\u1ec1n m\u1ea1ch. Ph\u1ea7n l\u1edbn nho Grenache s\u1ebd mang \u0111\u1ebfn h\u01b0\u01a1ng v\u1ecb c\u1ee7a qu\u1ea3 anh \u0111\u00e0o, k\u1eb9o b\u01a1 c\u1ee9ng v\u1edbi m\u00f9i th\u01a1m nh\u01b0 n\u01b0\u1edbc hoa. Nho Shiraz t\u1ea1o n\u00ean c\u1ea5u tr\u00fac v\u00e0 v\u1ecb ngon m\u1ea1nh m\u1ebd, trong khi 10% nho Mataro t\u1ea1o n\u00ean v\u1ecb ngon \u0111\u1ecdng l\u1ea1i l\u00e2u d\u00e0i. M\u1ed9t d\u00f2ng r\u01b0\u1ee3u vang tuy\u1ec7t v\u1eddi \u0111\u1ec3 k\u1ebft h\u1ee3p v\u1edbi \u1ea9m th\u1ef1c, v\u00e0 s\u1ebd c\u00e0ng ngon h\u01a1n khi \u0111\u01b0\u1ee3c b\u1ea3o qu\u1ea3n l\u00e2u trong h\u1ea7m r\u01b0\u1ee3u.<\/p>\n<p style=\"text-align: justify;\"><strong>PH\u00c2N T\u00cdCH<\/strong><\/p>\n<p style=\"text-align: justify;\">Alcohol: 14.5% v\/v<\/p>\n<p style=\"text-align: justify;\"><strong>C\u1ea4T TR\u1eee<\/strong><br \/>\nT\u1ed1i thi\u1ec3u 8 \u2013 10 n\u0103m<\/p>\n<p style=\"text-align: justify;\"><strong>V\u00d9NG NHO<\/strong><\/p>\n<p style=\"text-align: justify;\">Thung l\u0169ng Clare.<br \/>\nNho c\u1ee7a Killerman\u2019s Run \u0111\u01b0\u1ee3c ch\u1ecdn l\u1ef1a r\u1ea5t k\u0129 c\u00e0ng t\u1eeb nh\u1eefng v\u01b0\u1eddn nho v\u00e0 ti\u1ec3u v\u00f9ng kh\u00e1c nhau c\u1ee7a nh\u00e0 Kilikanoon, mang l\u1ea1i phong c\u00e1ch g\u1ea7n g\u0169i v\u00e0 tinh t\u1ebf.<\/p>\n<p style=\"text-align: justify;\"><strong>C\u00c2U CHUY\u1ec6N<\/strong><\/p>\n<p>Ng\u00e0i \u201cKillerman\u201d, nickname m\u00e0 nh\u00e0 s\u00e1ng l\u1eadp Mort Mitchell hay g\u1ecdi m\u1ed9t ng\u01b0\u1eddi \u0111\u00e0n \u00f4ng \u0111\u1ecba ph\u01b0\u01a1ng, t\u1eebng sinh s\u1ed1ng t\u1ea1i m\u1ed9t c\u0103n nh\u00e0 nh\u1ecf tr\u00ean \u0111\u1ed3i, ngay \u0111\u1eb1ng sau c\u1eeda h\u1ea7m r\u01b0\u1ee3u Kilikanoon. \u00d4ng \u1ea5y s\u1ed1ng \u0111\u1ed9c l\u1eadp ho\u00e0n to\u00e0n, t\u1ef1 s\u0103n b\u1eafn th\u1ecf l\u00e0m th\u1ef1c ph\u1ea9m.<\/p>\n<p>\u00d4ng Mort \u0111\u00e3 r\u1ea5t kh\u00e2m ph\u1ee5c ng\u01b0\u1eddi \u0111\u00e0n \u00f4ng n\u00e0y. V\u1eady n\u00ean, \u00f4ng \u0111\u00e3 cho ra \u0111\u1eddi series vang \u201cKillerman\u2019s Run\u201d (\u201cS\u00e1t Th\u1ee7 Ch\u1ea1y\u201d), \u0111\u1ec3 t\u01b0\u1edfng nh\u1edb \u0111\u1ebfn ng\u01b0\u1eddi \u0111\u00e0n \u00f4ng \u0111\u00f3.<\/p>\n<p style=\"text-align: justify;\"><strong>QU\u00c1 TR\u00ccNH S\u1ea2N XU\u1ea4T<\/strong><\/p>\n<p>\u0110\u01b0\u1ee3c s\u1ea3n xu\u1ea5t theo \u0111\u00fang phong c\u00e1ch c\u1ee7a Thung L\u0169ng Rh\u00f4ne, vang \u0111\u01b0\u1ee3c tr\u01b0\u1edfng th\u00e0nh trong c\u00e1c th\u00f9ng g\u1ed7 s\u1ed3i Ph\u00e1p \u0111\u00e3 qua x\u1eed l\u00fd trong v\u00f2ng 16 th\u00e1ng, tr\u01b0\u1edbc khi \u0111\u01b0\u1ee3c \u0111em \u0111i \u0111\u00f3ng chai m\u00e0 kh\u00f4ng c\u1ea7n qua b\u01b0\u1edbc ch\u1eaft l\u1ecdc n\u00e0o, nh\u1eb1m \u0111\u1ea3m b\u1ea3o \u0111\u1ed9 nguy\u00ean ch\u1ea5t c\u1ee7a vang.<\/p>\n<p><a href=\"https:\/\/www.ilovewines.vn\/wp-content\/uploads\/2023\/11\/Kilikanoon-Awards-one-pager-Nov-23.pdf\" target=\"_blank\" rel=\"noopener\">KILIKANOON AWARDS 2023 (updated on 28 Nov. 2023)<\/a><\/p>\n<p style=\"text-align: justify;\"><a title=\"Detailed Article\" href=\"https:\/\/www.ilovewines.vn\/blogs\/news-1\/kilikanoon-awarded-australian-wine-producer-of-the-year\" target=\"_blank\" rel=\"noopener noreferrer\"><u style=\"color: #0000ff; text-decoration: underline;\"><strong>HUY CH\u01af\u01a0NG V\u00c0NG (Ni\u00ean v\u1ee5 2016)<\/strong><\/u><\/a><\/p>\n<p style=\"text-align: justify;\">CU\u1ed8C THI R\u01af\u1ee2U VANG &amp; R\u01af\u1ee2U M\u1ea0NH QU\u1ed0C T\u1ebe (IWSC) 2018<\/p>\n<p style=\"text-align: center;\"><em><img decoding=\"async\" src=\"\/\/file.hstatic.net\/1000211281\/file\/killerman_s_run_gsm-small-logo_grande.png\" \/><\/em><\/p>\n<p style=\"text-align: center;\"><em>(H\u00ecnh \u1ea3nh: Kilikanoon.com.au)<\/em><\/p>\n<p style=\"text-align: justify;\"><a title=\"Detailed Article\" href=\"https:\/\/www.ilovewines.vn\/blogs\/news-1\/11-gold-medals-won-by-a-single-australian-winery\" target=\"_blank\" rel=\"noopener noreferrer\"><strong><u style=\"color: #0000ff; text-decoration: underline;\">HUY CH\u01af\u01a0NG V\u00c0NG (Ni\u00ean v\u1ee5 2016) - GI\u1ea2I TH\u01af\u1edeNG R\u01af\u1ee2U VANG QU\u1ed0C T\u1ebe MUNDUS VINI 2017<\/u><\/strong><\/a><\/p>\n<p><img decoding=\"async\" style=\"display: block; margin-left: auto; margin-right: auto;\" src=\"\/\/file.hstatic.net\/1000211281\/file\/giai_thuong_kilikanoon_2018_grande.jpg\" \/><\/p>\n<p style=\"text-align: center;\"><em>(H\u00ecnh \u1ea3nh: Kilikanoon.com.au)<\/em><\/p>\n<p>Kilikanoon r\u1ea5t t\u1ef1 h\u00e0o khi d\u00e0nh \u0111\u01b0\u1ee3c t\u1edbi 11 Huy Ch\u01b0\u01a1ng V\u00e0ng t\u1ea1i Gi\u1ea3i R\u01b0\u1ee3u vang Qu\u1ed1c t\u1ebf Mundus Vini, \u0111\u1ed3ng th\u1eddi \u0111\u01b0\u1ee3c vinh d\u1ef1 trao t\u1eb7ng th\u01b0\u01a1ng hi\u1ec7u \u201cNh\u00e0 s\u1ea3n xu\u1ea5t Vang \u00dac c\u1ee7a N\u0103m\u201d (\u201cAustralian Winery of the Year\u201d) l\u1ea7n th\u1ee9 ba sau 8 n\u0103m, k\u1ec3 t\u1eeb khi th\u1eafng gi\u1ea3i l\u1ea7n \u0111\u1ea7u (n\u0103m 2010 v\u00e0 2017).<\/p>\n<p>Ban gi\u00e1m kh\u1ea3o l\u00e0 nh\u1eefng nh\u00e2n v\u1eadt \u0111\u01b0\u1ee3c k\u00ednh tr\u1ecdng v\u00e0 c\u00f3 uy t\u00edn tr\u00ean kh\u1eafp th\u1ebf gi\u1edbi bao g\u1ed3m nh\u1eefng ng\u01b0\u1eddi l\u00e0m r\u01b0\u1ee3u xu\u1ea5t s\u1eafc, nh\u1eefng nh\u00e0 b\u00e1n l\u1ebb \u0111\u1eb7c s\u1ea3n \u0111\u01b0\u1ee3c c\u00f4ng nh\u1eadn v\u1edbi ki\u1ebfn \u200b\u200bth\u1ee9c v\u1ec1 r\u01b0\u1ee3u vang tr\u00ean m\u1ee9c trung b\u00ecnh, c\u00e1c nh\u00e0 b\u00e1o chuy\u00ean m\u00f4n v\u00e0 c\u00e1c nh\u00e0 khoa h\u1ecdc.<\/p>\n<p>Huy ch\u01b0\u01a1ng v\u00e0ng ch\u1ec9 \u0111\u01b0\u1ee3c trao cho nh\u1eefng lo\u1ea1i r\u01b0\u1ee3u \u0111\u01b0\u1ee3c \u0111\u00e1nh gi\u00e1 t\u1ed1t nh\u1ea5t trong m\u1ed9t nh\u00f3m, \u0111i\u1ec1u \u0111\u00f3 c\u00f3 ngh\u0129a l\u00e0 Kilikanoon lu\u00f4n g\u00e2y \u1ea5n t\u01b0\u1ee3ng v\u1edbi c\u00e1c b\u1ea3ng th\u1eed n\u1ebfm v\u1edbi nh\u1edd v\u00e0o s\u1ef1 pha tr\u1ed9n \u0111i\u00eau luy\u1ec7n. Vi\u1ec7c \u0111\u01b0\u1ee3c trao gi\u1ea3i Nh\u00e0 s\u1ea3n xu\u1ea5t r\u01b0\u1ee3u c\u1ee7a n\u0103m n\u01b0\u1edbc \u00dac m\u1ed9t l\u1ea7n n\u1eefa \u0111\u00e3 cho th\u1ea5y s\u1ef1 c\u1ed1ng hi\u1ebfn v\u00e0 cam k\u1ebft kh\u00f4ng khoan nh\u01b0\u1ee3ng c\u1ee7a Kilikanoon \u0111\u1ed1i v\u1edbi ch\u1ea5t l\u01b0\u1ee3ng v\u00e0 phong c\u00e1ch \u0111\u00e3 l\u00e0m n\u00ean th\u00e0nh c\u00f4ng c\u1ee7a th\u01b0\u01a1ng hi\u1ec7u n\u00e0y.<\/p>\n<p>Danh s\u00e1ch c\u00e1c nh\u00e3n hi\u1ec7u vang Kilikanoon \u0111\u01b0\u1ee3c trao Huy Ch\u01b0\u01a1ng V\u00e0ng bao g\u1ed3m (theo th\u1ee9 t\u1ef1 t\u1eeb tr\u00e1i sang ph\u1ea3i trong \u1ea3nh):<\/p>\n<p><strong>Shiraz <\/strong><\/p>\n<ul>\n<li>\u235f 2016 <a href=\"https:\/\/www.ilovewines.vn\/products\/killerman-s-run-shiraz-2015\" target=\"_blank\" rel=\"noopener noreferrer\"><u style=\"color: #0000ff; text-decoration: underline;\">Killerman&#8217;s Run Shiraz<\/u><\/a><\/li>\n<li>\u235f 2014 <a href=\"https:\/\/www.ilovewines.vn\/products\/kilikanoon-oracle-shiraz-2012\" target=\"_blank\" rel=\"noopener noreferrer\"><u style=\"color: #0000ff; text-decoration: underline;\">Oracle Shiraz<\/u><\/a><\/li>\n<li>\u235f 2013 <a href=\"https:\/\/www.ilovewines.vn\/products\/kilikanoon-attunga-1865-shiraz-2010-gift-box\" target=\"_blank\" rel=\"noopener noreferrer\"><u style=\"color: #0000ff; text-decoration: underline;\">Attunga 1865 Shiraz<\/u><\/a><\/li>\n<\/ul>\n<p><strong>Cabernet Sauvignon <\/strong><\/p>\n<ul>\n<li>\u235f 2015 Blocks Road Cabernet Sauvignon<\/li>\n<li>\u235f 2013 Tregea Reserve Cabernet Sauvignon<\/li>\n<\/ul>\n<p><strong>Grenache <\/strong><\/p>\n<ul>\n<li>\u235f 2014 Prodigal Grenache<\/li>\n<li>\u235f 2013 Duke Reserve Grenache<\/li>\n<li>\u235f 2013 Kelly Grenache<\/li>\n<\/ul>\n<p><strong>Vang \u0111\u1ecf Grenache Shiraz Mataro <\/strong><\/p>\n<ul>\n<li>\u235f 2016 <span style=\"color: #000000;\">Killerman&#8217;s Run GSM<\/span><\/li>\n<li>\u235f 2013 Baudinet Blend GSM<\/li>\n<\/ul>\n<p><strong>Riesling<\/strong><\/p>\n<ul>\n<li>\u235f 2016 Mort&#8217;s Block Watervale Riesling<\/li>\n<\/ul>\n<p>\u0110\u1ec3 bi\u1ebft th\u00eam v\u1ec1 c\u00e1c gi\u1ea3i th\u01b0\u1edfng c\u1ee5 th\u1ec3 c\u1ee7a Kilikanoon, nh\u1ea5p v\u00e0o \u0111\u00e2y <strong><a href=\"https:\/\/www.ilovewines.vn\/wp-content\/uploads\/2022\/12\/Kilikanoon-Awards.pdf\" target=\"_blank\" rel=\"noopener\">Kilikanoon Awards<\/a><\/strong><\/p>\n<p>&nbsp;<\/p>","protected":false},"excerpt":{"rendered":"<div class=\"product-skeleton__details-description\">\n<div class=\"product-skeleton__details-description-body\">Huy ch\u01b0\u01a1ng V\u00e0ng \u2013 Cu\u1ed9c thi R\u01b0\u1ee3u vang v\u00e0 R\u01b0\u1ee3u m\u1ea1nh Qu\u1ed1c t\u1ebf. Nh\u00e0 l\u00e0m r\u01b0\u1ee3u Kevin Mitchell \u0111\u00e3 \u0111\u1eb7t m\u1ed9t ti\u00eau chu\u1ea9n m\u1edbi cho lo\u1ea1i r\u01b0\u1ee3u Shiraz \u0111\u1ebfn t\u1eeb thung l\u0169ng Clare. M\u00f9i qu\u1ea3 m\u1eadn h\u1ea7m v\u00e0 gia v\u1ecb tr\u00e0n ng\u1eadp kh\u1ee9u gi\u00e1c, ti\u1ebfp n\u1ed1i l\u00e0 v\u00f2m mi\u1ec7ng v\u1edbi v\u1ecb r\u01b0\u1ee3u h\u00e0o ph\u00f3ng. Gi\u00e1 tr\u1ecb tuy\u1ec7t v\u1eddi cho s\u1ed1 ti\u1ec1n b\u1ea1n b\u1ecf ra.<\/div>\n<\/div>\n<div class=\"product-skeleton__details-taste ng-star-inserted\"><\/div>","protected":false},"featured_media":7017,"template":"","meta":{"_acf_changed":false},"product_brand":[],"product_cat":[2640,87],"product_tag":[],"grape_varietal":[2470,2572,2573,2466],"wine_regions":[2418],"class_list":{"0":"post-2280","1":"product","2":"type-product","3":"status-publish","4":"has-post-thumbnail","6":"product_cat-catalogue","7":"product_cat-red-wine","8":"pa_brand-kilikanoon","9":"grape_varietal-grenache","10":"grape_varietal-gsm","11":"grape_varietal-mataro","12":"grape_varietal-shiraz","13":"wine_regions-clare-valley","15":"first","16":"instock","17":"shipping-taxable","18":"product-type-simple"},"acf":[],"yoast_head":"<!-- This site is optimized with the Yoast SEO plugin v27.4 - https:\/\/yoast.com\/product\/yoast-seo-wordpress\/ -->\n<title>Kilikanoon Killerman\u2019s Run Grenache Shiraz Mataro (GSM) - Rada Wines<\/title>\n<meta name=\"robots\" content=\"index, follow, max-snippet:-1, max-image-preview:large, max-video-preview:-1\" \/>\n<link rel=\"canonical\" href=\"https:\/\/www.ilovewines.vn\/vi\/san-pham\/kilikanoon-killermans-run-grenache-shiraz-mataro-gsm-2018-2020\/\" \/>\n<meta property=\"og:locale\" content=\"vi_VN\" \/>\n<meta property=\"og:type\" content=\"article\" \/>\n<meta property=\"og:title\" content=\"Kilikanoon Killerman\u2019s Run Grenache Shiraz Mataro (GSM) - Rada Wines\" \/>\n<meta property=\"og:description\" content=\"Gold Medal - 2018 IWSC. Winemaker Kevin Mitchell has set a new benchmark for Clare Valley Shiraz. A nose of stewed plum and spice followed by generosity on the palate, all at a price that delivers great value for money.\" \/>\n<meta property=\"og:url\" content=\"https:\/\/www.ilovewines.vn\/vi\/san-pham\/kilikanoon-killermans-run-grenache-shiraz-mataro-gsm-2018-2020\/\" \/>\n<meta property=\"og:site_name\" content=\"Rada Wines\" \/>\n<meta property=\"article:modified_time\" content=\"2026-01-08T03:40:12+00:00\" \/>\n<meta property=\"og:image\" content=\"https:\/\/www.ilovewines.vn\/wp-content\/uploads\/2022\/07\/killer-GSM.png\" \/>\n\t<meta property=\"og:image:width\" content=\"1000\" \/>\n\t<meta property=\"og:image:height\" content=\"2000\" \/>\n\t<meta property=\"og:image:type\" content=\"image\/png\" \/>\n<meta name=\"twitter:card\" content=\"summary_large_image\" \/>\n<meta name=\"twitter:label1\" content=\"\u01af\u1edbc t\u00ednh th\u1eddi gian \u0111\u1ecdc\" \/>\n\t<meta name=\"twitter:data1\" content=\"3 ph\u00fat\" \/>\n<script type=\"application\/ld+json\" class=\"yoast-schema-graph\">{\"@context\":\"https:\\\/\\\/schema.org\",\"@graph\":[{\"@type\":\"WebPage\",\"@id\":\"https:\\\/\\\/www.ilovewines.vn\\\/product\\\/kilikanoon-killermans-run-grenache-shiraz-mataro-gsm-2018-2020\\\/\",\"url\":\"https:\\\/\\\/www.ilovewines.vn\\\/product\\\/kilikanoon-killermans-run-grenache-shiraz-mataro-gsm-2018-2020\\\/\",\"name\":\"Kilikanoon Killerman\u2019s Run Grenache Shiraz Mataro (GSM) - Rada Wines\",\"isPartOf\":{\"@id\":\"https:\\\/\\\/www.ilovewines.vn\\\/#website\"},\"primaryImageOfPage\":{\"@id\":\"https:\\\/\\\/www.ilovewines.vn\\\/product\\\/kilikanoon-killermans-run-grenache-shiraz-mataro-gsm-2018-2020\\\/#primaryimage\"},\"image\":{\"@id\":\"https:\\\/\\\/www.ilovewines.vn\\\/product\\\/kilikanoon-killermans-run-grenache-shiraz-mataro-gsm-2018-2020\\\/#primaryimage\"},\"thumbnailUrl\":\"https:\\\/\\\/www.ilovewines.vn\\\/wp-content\\\/uploads\\\/2022\\\/07\\\/killer-GSM.png\",\"datePublished\":\"2022-07-08T03:33:11+00:00\",\"dateModified\":\"2026-01-08T03:40:12+00:00\",\"breadcrumb\":{\"@id\":\"https:\\\/\\\/www.ilovewines.vn\\\/product\\\/kilikanoon-killermans-run-grenache-shiraz-mataro-gsm-2018-2020\\\/#breadcrumb\"},\"inLanguage\":\"vi\",\"potentialAction\":[{\"@type\":\"ReadAction\",\"target\":[\"https:\\\/\\\/www.ilovewines.vn\\\/product\\\/kilikanoon-killermans-run-grenache-shiraz-mataro-gsm-2018-2020\\\/\"]}]},{\"@type\":\"ImageObject\",\"inLanguage\":\"vi\",\"@id\":\"https:\\\/\\\/www.ilovewines.vn\\\/product\\\/kilikanoon-killermans-run-grenache-shiraz-mataro-gsm-2018-2020\\\/#primaryimage\",\"url\":\"https:\\\/\\\/www.ilovewines.vn\\\/wp-content\\\/uploads\\\/2022\\\/07\\\/killer-GSM.png\",\"contentUrl\":\"https:\\\/\\\/www.ilovewines.vn\\\/wp-content\\\/uploads\\\/2022\\\/07\\\/killer-GSM.png\",\"width\":1000,\"height\":2000},{\"@type\":\"BreadcrumbList\",\"@id\":\"https:\\\/\\\/www.ilovewines.vn\\\/product\\\/kilikanoon-killermans-run-grenache-shiraz-mataro-gsm-2018-2020\\\/#breadcrumb\",\"itemListElement\":[{\"@type\":\"ListItem\",\"position\":1,\"name\":\"Home\",\"item\":\"https:\\\/\\\/www.ilovewines.vn\\\/\"},{\"@type\":\"ListItem\",\"position\":2,\"name\":\"Catalogue\",\"item\":\"https:\\\/\\\/www.ilovewines.vn\\\/catalogue\\\/\"},{\"@type\":\"ListItem\",\"position\":3,\"name\":\"Kilikanoon Killerman\u2019s Run Grenache Shiraz Mataro (GSM)\"}]},{\"@type\":\"WebSite\",\"@id\":\"https:\\\/\\\/www.ilovewines.vn\\\/#website\",\"url\":\"https:\\\/\\\/www.ilovewines.vn\\\/\",\"name\":\"Rada Wines\",\"description\":\"Just another WordPress site\",\"publisher\":{\"@id\":\"https:\\\/\\\/www.ilovewines.vn\\\/#organization\"},\"potentialAction\":[{\"@type\":\"SearchAction\",\"target\":{\"@type\":\"EntryPoint\",\"urlTemplate\":\"https:\\\/\\\/www.ilovewines.vn\\\/?s={search_term_string}\"},\"query-input\":{\"@type\":\"PropertyValueSpecification\",\"valueRequired\":true,\"valueName\":\"search_term_string\"}}],\"inLanguage\":\"vi\"},{\"@type\":\"Organization\",\"@id\":\"https:\\\/\\\/www.ilovewines.vn\\\/#organization\",\"name\":\"Rada Wines\",\"url\":\"https:\\\/\\\/www.ilovewines.vn\\\/\",\"logo\":{\"@type\":\"ImageObject\",\"inLanguage\":\"vi\",\"@id\":\"https:\\\/\\\/www.ilovewines.vn\\\/#\\\/schema\\\/logo\\\/image\\\/\",\"url\":\"https:\\\/\\\/www.ilovewines.vn\\\/wp-content\\\/uploads\\\/2022\\\/06\\\/cropped-162574230_380766779846763_4426584222903300096_n.jpg\",\"contentUrl\":\"https:\\\/\\\/www.ilovewines.vn\\\/wp-content\\\/uploads\\\/2022\\\/06\\\/cropped-162574230_380766779846763_4426584222903300096_n.jpg\",\"width\":320,\"height\":206,\"caption\":\"Rada Wines\"},\"image\":{\"@id\":\"https:\\\/\\\/www.ilovewines.vn\\\/#\\\/schema\\\/logo\\\/image\\\/\"}}]}<\/script>\n<!-- \/ Yoast SEO plugin. -->","yoast_head_json":{"title":"Kilikanoon Killerman\u2019s Run Grenache Shiraz Mataro (GSM) - Rada Wines","robots":{"index":"index","follow":"follow","max-snippet":"max-snippet:-1","max-image-preview":"max-image-preview:large","max-video-preview":"max-video-preview:-1"},"canonical":"https:\/\/www.ilovewines.vn\/vi\/san-pham\/kilikanoon-killermans-run-grenache-shiraz-mataro-gsm-2018-2020\/","og_locale":"vi_VN","og_type":"article","og_title":"Kilikanoon Killerman\u2019s Run Grenache Shiraz Mataro (GSM) - Rada Wines","og_description":"Gold Medal - 2018 IWSC. Winemaker Kevin Mitchell has set a new benchmark for Clare Valley Shiraz. A nose of stewed plum and spice followed by generosity on the palate, all at a price that delivers great value for money.","og_url":"https:\/\/www.ilovewines.vn\/vi\/san-pham\/kilikanoon-killermans-run-grenache-shiraz-mataro-gsm-2018-2020\/","og_site_name":"Rada Wines","article_modified_time":"2026-01-08T03:40:12+00:00","og_image":[{"width":1000,"height":2000,"url":"https:\/\/www.ilovewines.vn\/wp-content\/uploads\/2022\/07\/killer-GSM.png","type":"image\/png"}],"twitter_card":"summary_large_image","twitter_misc":{"\u01af\u1edbc t\u00ednh th\u1eddi gian \u0111\u1ecdc":"3 ph\u00fat"},"schema":{"@context":"https:\/\/schema.org","@graph":[{"@type":"WebPage","@id":"https:\/\/www.ilovewines.vn\/product\/kilikanoon-killermans-run-grenache-shiraz-mataro-gsm-2018-2020\/","url":"https:\/\/www.ilovewines.vn\/product\/kilikanoon-killermans-run-grenache-shiraz-mataro-gsm-2018-2020\/","name":"Kilikanoon Killerman\u2019s Run Grenache Shiraz Mataro (GSM) - Rada Wines","isPartOf":{"@id":"https:\/\/www.ilovewines.vn\/#website"},"primaryImageOfPage":{"@id":"https:\/\/www.ilovewines.vn\/product\/kilikanoon-killermans-run-grenache-shiraz-mataro-gsm-2018-2020\/#primaryimage"},"image":{"@id":"https:\/\/www.ilovewines.vn\/product\/kilikanoon-killermans-run-grenache-shiraz-mataro-gsm-2018-2020\/#primaryimage"},"thumbnailUrl":"https:\/\/www.ilovewines.vn\/wp-content\/uploads\/2022\/07\/killer-GSM.png","datePublished":"2022-07-08T03:33:11+00:00","dateModified":"2026-01-08T03:40:12+00:00","breadcrumb":{"@id":"https:\/\/www.ilovewines.vn\/product\/kilikanoon-killermans-run-grenache-shiraz-mataro-gsm-2018-2020\/#breadcrumb"},"inLanguage":"vi","potentialAction":[{"@type":"ReadAction","target":["https:\/\/www.ilovewines.vn\/product\/kilikanoon-killermans-run-grenache-shiraz-mataro-gsm-2018-2020\/"]}]},{"@type":"ImageObject","inLanguage":"vi","@id":"https:\/\/www.ilovewines.vn\/product\/kilikanoon-killermans-run-grenache-shiraz-mataro-gsm-2018-2020\/#primaryimage","url":"https:\/\/www.ilovewines.vn\/wp-content\/uploads\/2022\/07\/killer-GSM.png","contentUrl":"https:\/\/www.ilovewines.vn\/wp-content\/uploads\/2022\/07\/killer-GSM.png","width":1000,"height":2000},{"@type":"BreadcrumbList","@id":"https:\/\/www.ilovewines.vn\/product\/kilikanoon-killermans-run-grenache-shiraz-mataro-gsm-2018-2020\/#breadcrumb","itemListElement":[{"@type":"ListItem","position":1,"name":"Home","item":"https:\/\/www.ilovewines.vn\/"},{"@type":"ListItem","position":2,"name":"Catalogue","item":"https:\/\/www.ilovewines.vn\/catalogue\/"},{"@type":"ListItem","position":3,"name":"Kilikanoon Killerman\u2019s Run Grenache Shiraz Mataro (GSM)"}]},{"@type":"WebSite","@id":"https:\/\/www.ilovewines.vn\/#website","url":"https:\/\/www.ilovewines.vn\/","name":"Rada Wines","description":"Just another WordPress site","publisher":{"@id":"https:\/\/www.ilovewines.vn\/#organization"},"potentialAction":[{"@type":"SearchAction","target":{"@type":"EntryPoint","urlTemplate":"https:\/\/www.ilovewines.vn\/?s={search_term_string}"},"query-input":{"@type":"PropertyValueSpecification","valueRequired":true,"valueName":"search_term_string"}}],"inLanguage":"vi"},{"@type":"Organization","@id":"https:\/\/www.ilovewines.vn\/#organization","name":"Rada Wines","url":"https:\/\/www.ilovewines.vn\/","logo":{"@type":"ImageObject","inLanguage":"vi","@id":"https:\/\/www.ilovewines.vn\/#\/schema\/logo\/image\/","url":"https:\/\/www.ilovewines.vn\/wp-content\/uploads\/2022\/06\/cropped-162574230_380766779846763_4426584222903300096_n.jpg","contentUrl":"https:\/\/www.ilovewines.vn\/wp-content\/uploads\/2022\/06\/cropped-162574230_380766779846763_4426584222903300096_n.jpg","width":320,"height":206,"caption":"Rada Wines"},"image":{"@id":"https:\/\/www.ilovewines.vn\/#\/schema\/logo\/image\/"}}]}},"_links":{"self":[{"href":"https:\/\/www.ilovewines.vn\/vi\/wp-json\/wp\/v2\/product\/2280","targetHints":{"allow":["GET"]}}],"collection":[{"href":"https:\/\/www.ilovewines.vn\/vi\/wp-json\/wp\/v2\/product"}],"about":[{"href":"https:\/\/www.ilovewines.vn\/vi\/wp-json\/wp\/v2\/types\/product"}],"version-history":[{"count":3,"href":"https:\/\/www.ilovewines.vn\/vi\/wp-json\/wp\/v2\/product\/2280\/revisions"}],"predecessor-version":[{"id":4550,"href":"https:\/\/www.ilovewines.vn\/vi\/wp-json\/wp\/v2\/product\/2280\/revisions\/4550"}],"wp:featuredmedia":[{"embeddable":true,"href":"https:\/\/www.ilovewines.vn\/vi\/wp-json\/wp\/v2\/media\/7017"}],"wp:attachment":[{"href":"https:\/\/www.ilovewines.vn\/vi\/wp-json\/wp\/v2\/media?parent=2280"}],"wp:term":[{"taxonomy":"product_brand","embeddable":true,"href":"https:\/\/www.ilovewines.vn\/vi\/wp-json\/wp\/v2\/product_brand?post=2280"},{"taxonomy":"product_cat","embeddable":true,"href":"https:\/\/www.ilovewines.vn\/vi\/wp-json\/wp\/v2\/product_cat?post=2280"},{"taxonomy":"product_tag","embeddable":true,"href":"https:\/\/www.ilovewines.vn\/vi\/wp-json\/wp\/v2\/product_tag?post=2280"},{"taxonomy":"grape_varietal","embeddable":true,"href":"https:\/\/www.ilovewines.vn\/vi\/wp-json\/wp\/v2\/grape_varietal?post=2280"},{"taxonomy":"wine_regions","embeddable":true,"href":"https:\/\/www.ilovewines.vn\/vi\/wp-json\/wp\/v2\/wine_regions?post=2280"}],"curies":[{"name":"wp","href":"https:\/\/api.w.org\/{rel}","templated":true}]}}