{"id":2282,"date":"2022-07-07T21:33:11","date_gmt":"2022-07-08T03:33:11","guid":{"rendered":"https:\/\/www.ilovewines.vn\/product\/kilikanoon-killermans-run-cabernet-sauvignon-2016\/"},"modified":"2023-11-29T06:36:38","modified_gmt":"2023-11-29T13:36:38","slug":"kilikanoon-killermans-run-cabernet-sauvignon-2018","status":"publish","type":"product","link":"https:\/\/www.ilovewines.vn\/vi\/product\/kilikanoon-killermans-run-cabernet-sauvignon-2018\/","title":{"rendered":"Kilikanoon Killerman\u2019s Run Cabernet Sauvignon"},"content":{"rendered":"<p style=\"text-align: justify;\"><strong>C\u1ea2M QUAN<\/strong><\/p>\n<p style=\"text-align: justify;\"><strong>C\u1ea2M QUAN<\/strong><br \/>\n<strong>M\u00e0u s\u1eafc:\u00a0\u00a0<\/strong> M\u00e0u \u0111\u1ecf g\u1ea1ch v\u1edbi \u00e1nh \u0111\u1ecf th\u1eabm tr\u1ebb trung<br \/>\n<strong>Kh\u1ee9u gi\u00e1c: <\/strong>\u0110\u1eadm \u0111\u00e0, ph\u1ea3ng ph\u1ea5t h\u01b0\u01a1ng v\u1ecb l\u00e1 c\u00e2y thu\u1ed1c l\u00e1 v\u00e0 g\u1ed7 s\u1ed3i Ph\u00e1p, \u0111\u01b0\u1ee3c h\u00f2a quy\u1ec7n v\u1edbi n\u1ed3ng \u0111\u1ed9 axit theo t\u1ef7 l\u1ec7 ho\u00e0n h\u1ea3o.<br \/>\n<strong>Kh\u1ea9u v\u1ecb:<\/strong> H\u01b0\u01a1ng v\u1ecb v\u00e0 k\u1ebft c\u1ea5u phong ph\u00fa, c\u00f3 tr\u00e1i c\u00e2y s\u1eabm m\u00e0u, \u0111i\u1ec3m xuy\u1ebft c\u1ee7a l\u00e1 t\u01b0\u01a1i, thu\u1ed1c l\u00e1 v\u00e0 g\u1ed7 s\u1ed3i Ph\u00e1p n\u01b0\u1edbng tinh t\u1ebf \u0111\u1ed3ng b\u1ed9 ho\u00e0n h\u1ea3o v\u1edbi tannin h\u1ea1t m\u1ecbn v\u00e0 \u0111\u1ed9 axit t\u1ef1 nhi\u00ean c\u00e2n b\u1eb1ng. M\u1ed9t k\u1ebft th\u00fac k\u00e9o d\u00e0i b\u1ec1n b\u1ec9, c\u00e0ng tr\u1eefu l\u00e2u s\u1ebd c\u00e0ng th\u00eam \u0111\u01b0\u1ee3m v\u1edbi \u0111i\u1ec1u ki\u1ec7n c\u1ea5t tr\u1eef c\u1ea9n th\u1eadn.<\/p>\n<p style=\"text-align: justify;\"><strong>PH\u00c2N T\u00cdCH<\/strong><br \/>\nL\u01b0\u1ee3ng \u0111\u01b0\u1eddng c\u00f2n d\u01b0: 2,1g\/l\u00edt<br \/>\n\u0110\u1ed9 c\u1ed3n: 14%<\/p>\n<p style=\"text-align: justify;\"><strong>C\u1ea4T TR\u1eee<\/strong><br \/>\nT\u1ed1i thi\u1ec3u 12 \u2013 15 n\u0103m<\/p>\n<p style=\"text-align: justify;\"><strong>V\u00d9NG NHO<\/strong><br \/>\nThung l\u0169ng Clare.<br \/>\nNho c\u1ee7a Killerman\u2019s Run \u0111\u01b0\u1ee3c ch\u1ecdn l\u1ef1a r\u1ea5t k\u0129 c\u00e0ng t\u1eeb nh\u1eefng v\u01b0\u1eddn nho v\u00e0 ti\u1ec3u v\u00f9ng kh\u00e1c nhau c\u1ee7a nh\u00e0 Kilikanoon, mang l\u1ea1i phong c\u00e1ch g\u1ea7n g\u0169i v\u00e0 tinh t\u1ebf.<\/p>\n<p style=\"text-align: justify;\"><strong>\u0110I\u1ec0U KI\u1ec6N TR\u1ed2NG NHO<\/strong><br \/>\nV\u1ee5 m\u00f9a thu ho\u1ea1ch nho l\u00e0m r\u01b0\u1ee3u c\u1ee7a n\u0103m 2015 c\u0169ng h\u1ebft s\u1ee9c l\u00fd t\u01b0\u1edfng. Tuy m\u00f9a Xu\u00e2n h\u01a1i kh\u00f4, nh\u01b0ng nh\u1eefng tr\u1eadn m\u01b0a r\u00e0o c\u1ee7a th\u00e1ng 1 v\u00e0 th\u00e1ng 2 n\u0103m 2015 \u0111\u00e3 gi\u00fap cho s\u1ed1 nho m\u1ecdc l\u00ean \u0111\u1ec1u v\u00e0 d\u00e0y ch\u00f9m h\u01a1n. Kh\u00ed h\u1eadu m\u00e1t m\u1ebb c\u1ee7a th\u00e1ng 2\/2015 sau \u0111\u00f3 \u0111\u00e3 gi\u00fap cho s\u1ed1 nho ch\u00edn m\u1ecdng, v\u1eeba \u0111\u1ee7 \u0111\u1ec3 thu ho\u1ea1ch.<\/p>\n<p style=\"text-align: justify;\"><strong>QU\u00c1 TR\u00ccNH S\u1ea2N XU\u1ea4T<\/strong><br \/>\nVi\u1ec7c thu ho\u1ea1ch gi\u1ed1ng nho Ph\u00e1p Cabernet Sauvignon \u0111\u1ec3 ch\u1ebf bi\u1ebfn lo\u1ea1i r\u01b0\u1ee3u vang n\u00e0y \u0111\u00e3 ph\u1ea3i tr\u1ea3i qua m\u1ed9t qu\u00e1 tr\u00ecnh v\u00f4 c\u00f9ng t\u1ec9 m\u1ec9, t\u1eeb vi\u1ec7c ch\u1ecdn l\u1ecdc nho cho \u0111\u1ebfn vi\u1ec7c th\u1ef1c h\u00e0nh c\u00e1c k\u1ef9 n\u0103ng ch\u1ebf bi\u1ebfn r\u01b0\u1ee3u vang theo h\u01a1i h\u01b0\u1edbng truy\u1ec1n th\u1ed1ng. R\u01b0\u1ee3u s\u1ebd \u0111\u01b0\u1ee3c \u1ee7 trong th\u00f9ng g\u1ed7 s\u1ed3i Ph\u00e1p su\u1ed1t 16 th\u00e1ng, tr\u01b0\u1edbc khi \u0111\u01b0\u1ee3c \u0111em \u0111i \u0111\u00f3ng chai.<\/p>\n<p style=\"text-align: justify;\"><strong>GI\u1ea2I TH\u01af\u1edeNG &amp; TH\u00c0NH T\u1ef0U<\/strong><\/p>\n<p><a href=\"https:\/\/www.ilovewines.vn\/wp-content\/uploads\/2023\/11\/Kilikanoon-Awards-one-pager-Nov-23.pdf\" target=\"_blank\" rel=\"noopener\">KILIKANOON AWARDS 2023 (updated on 28 Nov. 2023)<\/a><\/p>\n<h4>James Suckling, JamesSuckling.com<\/h4>\n<ul>\n<li>91 \/ 100 \u0111i\u1ec3m<\/li>\n<li>2018<\/li>\n<li>M\u1ed9t s\u1ed1 s\u1eafc th\u00e1i v\u1ecb l\u00e1 c\u00e2y ph\u00eda tr\u01b0\u1edbc c\u1ee7a r\u01b0\u1ee3u cassis v\u00e0 h\u01b0\u01a1ng th\u01a1m tr\u00e1i redcurrant. \u00cam d\u1ecbu v\u1edbi h\u01b0\u01a1ng hoa. V\u00f2m mi\u1ec7ng c\u00f3 nhi\u1ec1u tannin ch\u00edn, b\u1ed5 sung cho v\u1ecb r\u01b0\u1ee3u cassis r\u01b0\u1ee3u v\u00e0 v\u1ecb c\u1ee7a d\u00e2u m\u1ecdng \u0111\u1ecf. U\u1ed1ng ngay ho\u1eb7c gi\u1eef trong h\u1ea7m r\u01b0\u1ee3u. N\u1eafp v\u1eb7n.<\/li>\n<\/ul>\n<p>&nbsp;<\/p>\n<h4>S\u1ef1 ki\u1ec7n R\u01b0\u1ee3u vang \u0110\u1ed3ng h\u00e0nh c\u00f9ng James Halliday 2019<\/h4>\n<ul>\n<li>90 \u0110i\u1ec3m, Gi\u00e1 tr\u1ecb \u0111\u1eb7c bi\u1ec7t<\/li>\n<li>Ni\u00ean v\u1ee5 2019<\/li>\n<li>M\u1ed9t minh ch\u1ee9ng cho t\u1ea7m v\u1edbi c\u1ee7a Kilikanoon qua Thung l\u0169ng Clare v\u00e0 v\u1ec1 k\u1ef9 n\u0103ng c\u1ee7a \u0111\u1ed9i l\u00e0m r\u01b0\u1ee3u vang. \u0110i\u1ec1u n\u00e0y c\u00f3 \u0111\u1eb7c \u0111i\u1ec3m gi\u1ed1ng nho r\u00f5 r\u00e0ng trong r\u01b0\u1ee3u, g\u1ed3m v\u1ecb blackcurrant \u0111\u01b0\u1ee3c h\u1ed7 tr\u1ee3 b\u1edfi tannin nho Cabernet. \u0110\u1ebfn cu\u1ed1i n\u0103m 18, c\u00e1c m\u1ea3nh gh\u00e9p v\u1ec1 h\u01b0\u01a1ng v\u1ecb s\u1ebd gh\u00e9p l\u1ea1i ho\u00e0n to\u00e0n v\u1edbi nhau. M\u1ee9c gi\u00e1 n\u00e0y kh\u00f4ng ph\u1ea3i l\u00e0 m\u1ed9t th\u00e1ch th\u1ee9c l\u1edbn.<\/li>\n<\/ul>\n<p>&nbsp;<\/p>\n<h4>Huon Hooke, T\u1ea1p ch\u00ed The Real Review<\/h4>\n<ul>\n<li>92 \/ 100 \u0111i\u1ec3m<\/li>\n<li>2018<\/li>\n<li>M\u00e0u \u0111\u1eadm,\u00a0h\u01b0\u01a1ng s\u1ed3i, v\u00f2m mi\u1ec7ng th\u00eam m\u1ed9t ch\u00fat h\u01b0\u01a1ng v\u1ecb qu\u1ea3 m\u1ecdng ch\u00edn ng\u1ecdt. Kh\u00f4 v\u00e0 m\u1eb7n, nh\u01b0ng c\u0169ng t\u01b0\u01a1i m\u1edbi, v\u1edbi s\u1ef1 \u0111\u1ed9 phong ph\u00fa v\u00e0 \u0111\u1eadm \u0111\u00e0 h\u1ee3p l\u00fd. M\u1ed9t d\u00f2ng vang l\u1edbn, h\u00e0o ph\u00f3ng, r\u1eafn r\u1ecfi, l\u00e3o h\u00f3a t\u1ed1t. Gi\u00e1 tr\u1ecb xu\u1ea5t s\u1eafc.<\/li>\n<\/ul>\n<p>&nbsp;<\/p>\n<p><strong>Ch\u1ea5t L\u01b0\u1ee3ng 5 Sao, Nh\u00e0 ph\u00ea b\u00ecnh r\u01b0\u1ee3u vang Gavin Hubble - Wine Guy Review<\/strong><\/p>\n<p><img decoding=\"async\" src=\"https:\/\/file.hstatic.net\/1000211281\/file\/67829551_10157514622614059_1656943385740574720_n_413f2db3e72c4bca974efeb410adb462_grande.jpg\" \/><\/p>\n<ul>\n<li>5 Sao<\/li>\n<li>\"R\u01b0\u1ee3u vang \u0111\u00e1ng \u0111\u01b0\u1ee3c chia s\u1ebb\"<\/li>\n<li>2019<\/li>\n<li>B\u1ed9c l\u1ed9 \u0111\u1eb7c \u0111i\u1ec3m \u0111\u1ecba ch\u1ea5t c\u1ee7a Thung l\u0169ng Clare v\u00e0 tri\u1ebft l\u00fd l\u00e0m r\u01b0\u1ee3u c\u1ee7a Kevin, v\u1edbi ch\u1ea5t l\u01b0\u1ee3ng v\u00e0 s\u1ef1 nh\u1ea5t qu\u00e1n kh\u00f4ng th\u1ec3 b\u00e0n c\u00e3i. D\u00f2ng vang n\u00e0y \u0111\u01b0\u1ee3c s\u1ea3n xu\u1ea5t t\u1eeb c\u00e1c v\u01b0\u1eddn nho \u0111a d\u1ea1ng, \u0111\u01b0\u1ee3c tr\u1ed3ng kh\u1eafp v\u00f9ng nho, mi\u00eau t\u1ea3 m\u1ed9t phong c\u00e1ch ch\u1eb7t ch\u1ebd, thanh l\u1ecbch v\u00e0 d\u1ec5 ti\u1ebfp c\u1eadn. Ngay khi b\u1ea1n v\u1eeba r\u00f3t vang v\u00e0o ly, b\u1ea1n s\u1ebd \u0111\u01b0\u1ee3c ch\u00e0o \u0111\u00f3n ngay b\u1eb1ng m\u1ed9t m\u00e0u vang \u0111\u1ecf s\u00e2u l\u1eafng v\u1edbi \u00e1nh \u0111\u1ecf th\u1eabm t\u01b0\u01a1i s\u00e1ng. M\u00f9i h\u01b0\u01a1ng th\u00ec m\u1eddi g\u1ecdi v\u1edbi m\u00f9i r\u01b0\u1ee3u qu\u1ea3 l\u00fd \u0111en (cassis), m\u00f9i n\u1ea5m (truffle) v\u00e0 c\u1ea3 than g\u1ed7 s\u1ed3i. V\u1ecb gi\u00e1c h\u00e0o ph\u00f3ng v\u1edbi h\u01b0\u01a1ng v\u1ecb \u0111\u1eadm \u0111\u00e0 s\u1ebd th\u01b0\u1edfng cho gi\u00e1c quan c\u1ee7a b\u1ea1n v\u1ecb d\u00e2u r\u1eebng \u0111en, cacao \u0111en v\u00e0 v\u1ecb c\u00e2y thu\u1ed1c l\u00e1, c\u00e2n b\u1eb1ng c\u00f9ng v\u1ecb g\u1ed7 s\u1ed3i v\u00e0 tannin t\u1eeb tr\u00e1i c\u00e2y. Nh\u1eefng \u0111i\u1ec1u n\u00e0y \u0111\u00e3 gi\u00fap x\u00e2y d\u1ef1ng n\u00ean k\u1ebft c\u1ea5u cho m\u1ed9t d\u00f2ng vang \u0111\u1ea7y t\u1ef1 tin v\u00e0 s\u1ef1 ph\u1ee9c h\u1ee3p. K\u1ebft qu\u1ea3 l\u00e0 v\u1ecb \u0111\u1ecdng l\u1ea1i l\u00e2u d\u00e0i, l\u00e0m v\u1eeba l\u00f2ng ng\u01b0\u1eddi th\u01b0\u1edfng th\u1ee9c.<\/li>\n<\/ul>\n<p>&nbsp;<\/p>\n<h4>Gi\u1ea3i R\u01b0\u1ee3u vang B\u00ecnh th\u1edf Th\u1ebf gi\u1edbi (Decanter World Wine Awards), Lu\u00e2n \u0110\u00f4n<\/h4>\n<ul>\n<li>90 \/ 100 \u0111i\u1ec3m<\/li>\n<li>2018<\/li>\n<li>M\u0169i h\u1ea5p d\u1eabn c\u1ee7a tr\u00e1i c\u00e2y nghi\u1ec1n ng\u1eabm, gia v\u1ecb ng\u1ecdt ng\u00e0o, \u0111inh h\u01b0\u01a1ng v\u00e0 m\u1ed9t tinh d\u1ea7u b\u1ea1c h\u00e0. Tannin b\u00e1m tr\u00ean v\u00f2m mi\u1ec7ng ng\u1ecdt ng\u00e0o.<\/li>\n<\/ul>\n<p>&nbsp;<\/p>\n<p><a title=\"Detailed Article\" href=\"https:\/\/www.ilovewines.vn\/blogs\/news-1\/kilikanoon-has-another-mundus-vini-gold-rush\" target=\"_blank\" rel=\"noopener noreferrer\"><u style=\"color: #0000ff; text-decoration: underline;\"><strong>HUY CH\u01af\u01a0NG V\u00c0NG (NI\u00caN V\u1ee4 2017) - GI\u1ea2I R\u01af\u1ee2U VANG QU\u1ed0C T\u1ebe MUNDUS VINI 2019<\/strong><\/u><\/a><\/p>\n<p>&nbsp;<\/p>\n<p><img decoding=\"async\" class=\"aligncenter\" src=\"https:\/\/file.hstatic.net\/1000211281\/file\/mundua_1600x_9c3af9a624c54bf2a6eb8af7287ce60b_grande.jpg\" \/><\/p>\n<p>&nbsp;<\/p>\n<p>\u0110\u1ec3 bi\u1ebft th\u00eam v\u1ec1 c\u00e1c gi\u1ea3i th\u01b0\u1edfng c\u1ee5 th\u1ec3 c\u1ee7a Kilikanoon, nh\u1ea5p v\u00e0o \u0111\u00e2y <strong><a href=\"https:\/\/www.ilovewines.vn\/wp-content\/uploads\/2022\/12\/Kilikanoon-Awards.pdf\" target=\"_blank\" rel=\"noopener\">Kilikanoon Awards<\/a><\/strong><\/p>\n<p>&nbsp;<\/p>","protected":false},"excerpt":{"rendered":"<p>Huy ch\u01b0\u01a1ng v\u00e0ng \u2013 Gi\u1ea3i th\u01b0\u1edfng R\u01b0\u1ee3u vang Qu\u1ed1c t\u1ebf c\u1ee7a \u0110\u1ee9c n\u0103m 2020<\/p>","protected":false},"featured_media":2281,"template":"","meta":{"_acf_changed":false},"product_brand":[],"product_cat":[2640,87],"product_tag":[],"grape_varietal":[2467],"wine_regions":[2418],"class_list":{"0":"post-2282","1":"product","2":"type-product","3":"status-publish","4":"has-post-thumbnail","6":"product_cat-catalogue","7":"product_cat-red-wine","8":"pa_brand-kilikanoon","9":"grape_varietal-cabernet-sauvignon","10":"wine_regions-clare-valley","12":"first","13":"instock","14":"shipping-taxable","15":"product-type-simple"},"acf":[],"yoast_head":"<!-- This site is optimized with the Yoast SEO plugin v27.5 - https:\/\/yoast.com\/product\/yoast-seo-wordpress\/ -->\n<title>Kilikanoon Killerman\u2019s Run Cabernet Sauvignon - Rada Wines<\/title>\n<meta name=\"robots\" content=\"index, follow, max-snippet:-1, max-image-preview:large, max-video-preview:-1\" \/>\n<link rel=\"canonical\" href=\"https:\/\/www.ilovewines.vn\/vi\/san-pham\/kilikanoon-killermans-run-cabernet-sauvignon-2018\/\" \/>\n<meta property=\"og:locale\" content=\"vi_VN\" \/>\n<meta property=\"og:type\" content=\"article\" \/>\n<meta property=\"og:title\" content=\"Kilikanoon Killerman\u2019s Run Cabernet Sauvignon - Rada Wines\" \/>\n<meta property=\"og:description\" content=\"Gold Medal - 2019 Mundus Vini\" \/>\n<meta property=\"og:url\" content=\"https:\/\/www.ilovewines.vn\/vi\/san-pham\/kilikanoon-killermans-run-cabernet-sauvignon-2018\/\" \/>\n<meta property=\"og:site_name\" content=\"Rada Wines\" \/>\n<meta property=\"article:modified_time\" content=\"2023-11-29T13:36:38+00:00\" \/>\n<meta property=\"og:image\" content=\"https:\/\/www.ilovewines.vn\/wp-content\/uploads\/2022\/07\/vang_3_killerman_s_run_cabernet_sauvignon_308x385_aa7238f27d2a440b9bde2fd3efccb1d8.jpg\" \/>\n\t<meta property=\"og:image:width\" content=\"308\" \/>\n\t<meta property=\"og:image:height\" content=\"385\" \/>\n\t<meta property=\"og:image:type\" content=\"image\/jpeg\" \/>\n<meta name=\"twitter:card\" content=\"summary_large_image\" \/>\n<meta name=\"twitter:label1\" content=\"\u01af\u1edbc t\u00ednh th\u1eddi gian \u0111\u1ecdc\" \/>\n\t<meta name=\"twitter:data1\" content=\"3 ph\u00fat\" \/>\n<script type=\"application\/ld+json\" class=\"yoast-schema-graph\">{\"@context\":\"https:\\\/\\\/schema.org\",\"@graph\":[{\"@type\":\"WebPage\",\"@id\":\"https:\\\/\\\/www.ilovewines.vn\\\/product\\\/kilikanoon-killermans-run-cabernet-sauvignon-2018\\\/\",\"url\":\"https:\\\/\\\/www.ilovewines.vn\\\/product\\\/kilikanoon-killermans-run-cabernet-sauvignon-2018\\\/\",\"name\":\"Kilikanoon Killerman\u2019s Run Cabernet Sauvignon - Rada Wines\",\"isPartOf\":{\"@id\":\"https:\\\/\\\/www.ilovewines.vn\\\/#website\"},\"primaryImageOfPage\":{\"@id\":\"https:\\\/\\\/www.ilovewines.vn\\\/product\\\/kilikanoon-killermans-run-cabernet-sauvignon-2018\\\/#primaryimage\"},\"image\":{\"@id\":\"https:\\\/\\\/www.ilovewines.vn\\\/product\\\/kilikanoon-killermans-run-cabernet-sauvignon-2018\\\/#primaryimage\"},\"thumbnailUrl\":\"https:\\\/\\\/www.ilovewines.vn\\\/wp-content\\\/uploads\\\/2022\\\/07\\\/vang_3_killerman_s_run_cabernet_sauvignon_308x385_aa7238f27d2a440b9bde2fd3efccb1d8.jpg\",\"datePublished\":\"2022-07-08T03:33:11+00:00\",\"dateModified\":\"2023-11-29T13:36:38+00:00\",\"breadcrumb\":{\"@id\":\"https:\\\/\\\/www.ilovewines.vn\\\/product\\\/kilikanoon-killermans-run-cabernet-sauvignon-2018\\\/#breadcrumb\"},\"inLanguage\":\"vi\",\"potentialAction\":[{\"@type\":\"ReadAction\",\"target\":[\"https:\\\/\\\/www.ilovewines.vn\\\/product\\\/kilikanoon-killermans-run-cabernet-sauvignon-2018\\\/\"]}]},{\"@type\":\"ImageObject\",\"inLanguage\":\"vi\",\"@id\":\"https:\\\/\\\/www.ilovewines.vn\\\/product\\\/kilikanoon-killermans-run-cabernet-sauvignon-2018\\\/#primaryimage\",\"url\":\"https:\\\/\\\/www.ilovewines.vn\\\/wp-content\\\/uploads\\\/2022\\\/07\\\/vang_3_killerman_s_run_cabernet_sauvignon_308x385_aa7238f27d2a440b9bde2fd3efccb1d8.jpg\",\"contentUrl\":\"https:\\\/\\\/www.ilovewines.vn\\\/wp-content\\\/uploads\\\/2022\\\/07\\\/vang_3_killerman_s_run_cabernet_sauvignon_308x385_aa7238f27d2a440b9bde2fd3efccb1d8.jpg\",\"width\":308,\"height\":385},{\"@type\":\"BreadcrumbList\",\"@id\":\"https:\\\/\\\/www.ilovewines.vn\\\/product\\\/kilikanoon-killermans-run-cabernet-sauvignon-2018\\\/#breadcrumb\",\"itemListElement\":[{\"@type\":\"ListItem\",\"position\":1,\"name\":\"Home\",\"item\":\"https:\\\/\\\/www.ilovewines.vn\\\/\"},{\"@type\":\"ListItem\",\"position\":2,\"name\":\"Catalogue\",\"item\":\"https:\\\/\\\/www.ilovewines.vn\\\/catalogue\\\/\"},{\"@type\":\"ListItem\",\"position\":3,\"name\":\"Kilikanoon Killerman\u2019s Run Cabernet Sauvignon\"}]},{\"@type\":\"WebSite\",\"@id\":\"https:\\\/\\\/www.ilovewines.vn\\\/#website\",\"url\":\"https:\\\/\\\/www.ilovewines.vn\\\/\",\"name\":\"Rada Wines\",\"description\":\"Just another WordPress site\",\"publisher\":{\"@id\":\"https:\\\/\\\/www.ilovewines.vn\\\/#organization\"},\"potentialAction\":[{\"@type\":\"SearchAction\",\"target\":{\"@type\":\"EntryPoint\",\"urlTemplate\":\"https:\\\/\\\/www.ilovewines.vn\\\/?s={search_term_string}\"},\"query-input\":{\"@type\":\"PropertyValueSpecification\",\"valueRequired\":true,\"valueName\":\"search_term_string\"}}],\"inLanguage\":\"vi\"},{\"@type\":\"Organization\",\"@id\":\"https:\\\/\\\/www.ilovewines.vn\\\/#organization\",\"name\":\"Rada Wines\",\"url\":\"https:\\\/\\\/www.ilovewines.vn\\\/\",\"logo\":{\"@type\":\"ImageObject\",\"inLanguage\":\"vi\",\"@id\":\"https:\\\/\\\/www.ilovewines.vn\\\/#\\\/schema\\\/logo\\\/image\\\/\",\"url\":\"https:\\\/\\\/www.ilovewines.vn\\\/wp-content\\\/uploads\\\/2022\\\/06\\\/cropped-162574230_380766779846763_4426584222903300096_n.jpg\",\"contentUrl\":\"https:\\\/\\\/www.ilovewines.vn\\\/wp-content\\\/uploads\\\/2022\\\/06\\\/cropped-162574230_380766779846763_4426584222903300096_n.jpg\",\"width\":320,\"height\":206,\"caption\":\"Rada Wines\"},\"image\":{\"@id\":\"https:\\\/\\\/www.ilovewines.vn\\\/#\\\/schema\\\/logo\\\/image\\\/\"}}]}<\/script>\n<!-- \/ Yoast SEO plugin. -->","yoast_head_json":{"title":"Kilikanoon Killerman\u2019s Run Cabernet Sauvignon - Rada Wines","robots":{"index":"index","follow":"follow","max-snippet":"max-snippet:-1","max-image-preview":"max-image-preview:large","max-video-preview":"max-video-preview:-1"},"canonical":"https:\/\/www.ilovewines.vn\/vi\/san-pham\/kilikanoon-killermans-run-cabernet-sauvignon-2018\/","og_locale":"vi_VN","og_type":"article","og_title":"Kilikanoon Killerman\u2019s Run Cabernet Sauvignon - Rada Wines","og_description":"Gold Medal - 2019 Mundus Vini","og_url":"https:\/\/www.ilovewines.vn\/vi\/san-pham\/kilikanoon-killermans-run-cabernet-sauvignon-2018\/","og_site_name":"Rada Wines","article_modified_time":"2023-11-29T13:36:38+00:00","og_image":[{"width":308,"height":385,"url":"https:\/\/www.ilovewines.vn\/wp-content\/uploads\/2022\/07\/vang_3_killerman_s_run_cabernet_sauvignon_308x385_aa7238f27d2a440b9bde2fd3efccb1d8.jpg","type":"image\/jpeg"}],"twitter_card":"summary_large_image","twitter_misc":{"\u01af\u1edbc t\u00ednh th\u1eddi gian \u0111\u1ecdc":"3 ph\u00fat"},"schema":{"@context":"https:\/\/schema.org","@graph":[{"@type":"WebPage","@id":"https:\/\/www.ilovewines.vn\/product\/kilikanoon-killermans-run-cabernet-sauvignon-2018\/","url":"https:\/\/www.ilovewines.vn\/product\/kilikanoon-killermans-run-cabernet-sauvignon-2018\/","name":"Kilikanoon Killerman\u2019s Run Cabernet Sauvignon - Rada Wines","isPartOf":{"@id":"https:\/\/www.ilovewines.vn\/#website"},"primaryImageOfPage":{"@id":"https:\/\/www.ilovewines.vn\/product\/kilikanoon-killermans-run-cabernet-sauvignon-2018\/#primaryimage"},"image":{"@id":"https:\/\/www.ilovewines.vn\/product\/kilikanoon-killermans-run-cabernet-sauvignon-2018\/#primaryimage"},"thumbnailUrl":"https:\/\/www.ilovewines.vn\/wp-content\/uploads\/2022\/07\/vang_3_killerman_s_run_cabernet_sauvignon_308x385_aa7238f27d2a440b9bde2fd3efccb1d8.jpg","datePublished":"2022-07-08T03:33:11+00:00","dateModified":"2023-11-29T13:36:38+00:00","breadcrumb":{"@id":"https:\/\/www.ilovewines.vn\/product\/kilikanoon-killermans-run-cabernet-sauvignon-2018\/#breadcrumb"},"inLanguage":"vi","potentialAction":[{"@type":"ReadAction","target":["https:\/\/www.ilovewines.vn\/product\/kilikanoon-killermans-run-cabernet-sauvignon-2018\/"]}]},{"@type":"ImageObject","inLanguage":"vi","@id":"https:\/\/www.ilovewines.vn\/product\/kilikanoon-killermans-run-cabernet-sauvignon-2018\/#primaryimage","url":"https:\/\/www.ilovewines.vn\/wp-content\/uploads\/2022\/07\/vang_3_killerman_s_run_cabernet_sauvignon_308x385_aa7238f27d2a440b9bde2fd3efccb1d8.jpg","contentUrl":"https:\/\/www.ilovewines.vn\/wp-content\/uploads\/2022\/07\/vang_3_killerman_s_run_cabernet_sauvignon_308x385_aa7238f27d2a440b9bde2fd3efccb1d8.jpg","width":308,"height":385},{"@type":"BreadcrumbList","@id":"https:\/\/www.ilovewines.vn\/product\/kilikanoon-killermans-run-cabernet-sauvignon-2018\/#breadcrumb","itemListElement":[{"@type":"ListItem","position":1,"name":"Home","item":"https:\/\/www.ilovewines.vn\/"},{"@type":"ListItem","position":2,"name":"Catalogue","item":"https:\/\/www.ilovewines.vn\/catalogue\/"},{"@type":"ListItem","position":3,"name":"Kilikanoon Killerman\u2019s Run Cabernet Sauvignon"}]},{"@type":"WebSite","@id":"https:\/\/www.ilovewines.vn\/#website","url":"https:\/\/www.ilovewines.vn\/","name":"Rada Wines","description":"Just another WordPress site","publisher":{"@id":"https:\/\/www.ilovewines.vn\/#organization"},"potentialAction":[{"@type":"SearchAction","target":{"@type":"EntryPoint","urlTemplate":"https:\/\/www.ilovewines.vn\/?s={search_term_string}"},"query-input":{"@type":"PropertyValueSpecification","valueRequired":true,"valueName":"search_term_string"}}],"inLanguage":"vi"},{"@type":"Organization","@id":"https:\/\/www.ilovewines.vn\/#organization","name":"Rada Wines","url":"https:\/\/www.ilovewines.vn\/","logo":{"@type":"ImageObject","inLanguage":"vi","@id":"https:\/\/www.ilovewines.vn\/#\/schema\/logo\/image\/","url":"https:\/\/www.ilovewines.vn\/wp-content\/uploads\/2022\/06\/cropped-162574230_380766779846763_4426584222903300096_n.jpg","contentUrl":"https:\/\/www.ilovewines.vn\/wp-content\/uploads\/2022\/06\/cropped-162574230_380766779846763_4426584222903300096_n.jpg","width":320,"height":206,"caption":"Rada Wines"},"image":{"@id":"https:\/\/www.ilovewines.vn\/#\/schema\/logo\/image\/"}}]}},"_links":{"self":[{"href":"https:\/\/www.ilovewines.vn\/vi\/wp-json\/wp\/v2\/product\/2282","targetHints":{"allow":["GET"]}}],"collection":[{"href":"https:\/\/www.ilovewines.vn\/vi\/wp-json\/wp\/v2\/product"}],"about":[{"href":"https:\/\/www.ilovewines.vn\/vi\/wp-json\/wp\/v2\/types\/product"}],"version-history":[{"count":2,"href":"https:\/\/www.ilovewines.vn\/vi\/wp-json\/wp\/v2\/product\/2282\/revisions"}],"predecessor-version":[{"id":4548,"href":"https:\/\/www.ilovewines.vn\/vi\/wp-json\/wp\/v2\/product\/2282\/revisions\/4548"}],"wp:featuredmedia":[{"embeddable":true,"href":"https:\/\/www.ilovewines.vn\/vi\/wp-json\/wp\/v2\/media\/2281"}],"wp:attachment":[{"href":"https:\/\/www.ilovewines.vn\/vi\/wp-json\/wp\/v2\/media?parent=2282"}],"wp:term":[{"taxonomy":"product_brand","embeddable":true,"href":"https:\/\/www.ilovewines.vn\/vi\/wp-json\/wp\/v2\/product_brand?post=2282"},{"taxonomy":"product_cat","embeddable":true,"href":"https:\/\/www.ilovewines.vn\/vi\/wp-json\/wp\/v2\/product_cat?post=2282"},{"taxonomy":"product_tag","embeddable":true,"href":"https:\/\/www.ilovewines.vn\/vi\/wp-json\/wp\/v2\/product_tag?post=2282"},{"taxonomy":"grape_varietal","embeddable":true,"href":"https:\/\/www.ilovewines.vn\/vi\/wp-json\/wp\/v2\/grape_varietal?post=2282"},{"taxonomy":"wine_regions","embeddable":true,"href":"https:\/\/www.ilovewines.vn\/vi\/wp-json\/wp\/v2\/wine_regions?post=2282"}],"curies":[{"name":"wp","href":"https:\/\/api.w.org\/{rel}","templated":true}]}}