{"id":2284,"date":"2022-07-07T21:33:13","date_gmt":"2022-07-08T03:33:13","guid":{"rendered":"https:\/\/www.ilovewines.vn\/product\/kilikanoon-killermans-run-riesling-2019-2020\/"},"modified":"2026-01-07T20:24:22","modified_gmt":"2026-01-08T03:24:22","slug":"kilikanoon-killermans-run-riesling-2021","status":"publish","type":"product","link":"https:\/\/www.ilovewines.vn\/vi\/product\/kilikanoon-killermans-run-riesling-2021\/","title":{"rendered":"Kilikanoon Killerman&#8217;s Run Riesling"},"content":{"rendered":"<p style=\"text-align: justify;\"><strong>C\u1ea2M QUAN<\/strong><br \/>\n<strong>M\u00e0u s\u1eafc:\u00a0\u00a0 <\/strong>M\u00e0u v\u00e0ng r\u01a1m s\u00e1ng, pha ch\u00fat \u00e1nh xanh v\u1edbi \u0111\u1ed9 trong s\u00e1ng.<br \/>\n<strong>Kh\u1ee9u gi\u00e1c: <\/strong>H\u01b0\u01a1ng th\u01a1m c\u1ee7a chanh t\u01b0\u01a1i, v\u1ecf chanh v\u00e0ng, ph\u1ea3ng ph\u1ea5t h\u01b0\u01a1ng th\u01a1m c\u1ee7a c\u1ea3 t\u00e1o xanh.<br \/>\n<strong>Kh\u1ea9u v\u1ecb:<\/strong>Ngay l\u1eadp t\u1ee9c nh\u1eadn ra \u0111\u1eb7c tr\u01b0ng Riesling c\u1ed5 \u0111i\u1ec3n c\u1ee7a Thung l\u0169ng Clare. Khi u\u1ed1ng c\u00f3 th\u1ec3 c\u1ea3m nh\u1eadn h\u01b0\u01a1ng chanh n\u1ed5i b\u1eadt, t\u00e1o xanh, m\u1ee9t chanh v\u00e0 v\u1ecb chua t\u1ef1 nhi\u00ean. S\u1ef1 c\u00e2n b\u1eb1ng ho\u00e0n h\u1ea3o gi\u1eefa h\u01b0\u01a1ng v\u1ecb v\u00e0 c\u1ea5u tr\u00fac khi vang \u0111\u01b0\u1ee3c nu\u00f4i \u1ee7 v\u00e0 c\u1ea5t gi\u1eef l\u00e2u n\u0103m trong h\u1ea7m.<\/p>\n<p style=\"text-align: justify;\"><strong>PH\u00c2N T\u00cdCH<\/strong><br \/>\n\u0110\u1ed9 c\u1ed3n: 12.5% v\/v<\/p>\n<p style=\"text-align: justify;\"><strong>C\u1ea4T TR\u1eee<\/strong><br \/>\nC\u00f3 th\u1ec3 c\u1ea5t gi\u1eef \u00edt nh\u1ea5t 10 \u2013 12 n\u0103m trong h\u1ea7m r\u01b0\u1ee3u.<\/p>\n<p style=\"text-align: justify;\"><strong>V\u00d9NG NHO<\/strong><br \/>\nThung l\u0169ng Clare.<br \/>\nNho c\u1ee7a Killerman\u2019s Run \u0111\u01b0\u1ee3c ch\u1ecdn l\u1ef1a r\u1ea5t k\u0129 c\u00e0ng t\u1eeb nh\u1eefng v\u01b0\u1eddn nho v\u00e0 ti\u1ec3u v\u00f9ng kh\u00e1c nhau c\u1ee7a nh\u00e0 Kilikanoon, mang l\u1ea1i phong c\u00e1ch g\u1ea7n g\u0169i v\u00e0 tinh t\u1ebf.<\/p>\n<p style=\"text-align: justify;\"><strong>C\u00c2U CHUY\u1ec6N<\/strong><\/p>\n<p>Ng\u00e0i \u201cKillerman\u201d, nickname m\u00e0 nh\u00e0 s\u00e1ng l\u1eadp Mort Mitchell hay g\u1ecdi m\u1ed9t ng\u01b0\u1eddi \u0111\u00e0n \u00f4ng \u0111\u1ecba ph\u01b0\u01a1ng, t\u1eebng sinh s\u1ed1ng t\u1ea1i m\u1ed9t c\u0103n nh\u00e0 nh\u1ecf tr\u00ean \u0111\u1ed3i, ngay \u0111\u1eb1ng sau c\u1eeda h\u1ea7m r\u01b0\u1ee3u Kilikanoon. \u00d4ng \u1ea5y s\u1ed1ng \u0111\u1ed9c l\u1eadp ho\u00e0n to\u00e0n, t\u1ef1 s\u0103n b\u1eafn th\u1ecf l\u00e0m th\u1ef1c ph\u1ea9m.<\/p>\n<p>\u00d4ng Mort \u0111\u00e3 r\u1ea5t kh\u00e2m ph\u1ee5c ng\u01b0\u1eddi \u0111\u00e0n \u00f4ng n\u00e0y. V\u1eady n\u00ean, \u00f4ng \u0111\u00e3 cho ra \u0111\u1eddi series vang \u201cKillerman\u2019s Run\u201d (\u201cS\u00e1t Th\u1ee7 Ch\u1ea1y\u201d), \u0111\u1ec3 t\u01b0\u1edfng nh\u1edb \u0111\u1ebfn ng\u01b0\u1eddi \u0111\u00e0n \u00f4ng \u0111\u00f3.<\/p>\n<p style=\"text-align: justify;\"><strong>QU\u00c1 TR\u00ccNH S\u1ea2N XU\u1ea4T<\/strong><\/p>\n<p>Nho \u0111\u01b0\u1ee3c cho l\u00ean men trong nhi\u1ec7t \u0111\u1ed9 l\u1ea1nh trong v\u00f2ng 3 tu\u1ea7n, s\u1eed d\u1ee5ng lo\u1ea1i men c\u00f3 m\u00f9i th\u01a1m. Men r\u01b0\u1ee3u \u0111\u00e3 \u0111\u01b0\u1ee3c gi\u1eef l\u1ea1i tr\u01b0\u1edbc khi kh\u00f4 ho\u00e0n to\u00e0n, nh\u1eb1m \u0111\u1ea3m b\u1ea3o k\u1ebft c\u1ea5u vang v\u00e0 \u0111\u1ed9 tr\u00f2n tr\u1ecba trong h\u01b0\u01a1ng v\u1ecb, c\u00e2n b\u1eb1ng h\u00f3a b\u1edfi axit \u0111\u01b0\u1ee3c gi\u1eef l\u1ea1i t\u1ef1 nhi\u00ean.<\/p>\n<p>\u0110\u01b0\u1ee3c s\u1ea3n xu\u1ea5t theo phong c\u00e1ch c\u1ed5 \u0111i\u1ec3n c\u1ee7a v\u00f9ng Thung l\u0169ng Clare ch\u1ee7 y\u1ebfu t\u1eeb nh\u1eefng v\u01b0\u1eddn nho \u0111\u01b0\u1ee3c l\u1ef1a ch\u1ecdn c\u1ea9n th\u1eadn trong ti\u1ec3u v\u00f9ng Watervale.<\/p>\n<p style=\"text-align: justify;\"><strong>GI\u1ea2I TH\u01af\u1edeNG (ni\u00ean v\u1ee5 2017)<\/strong><\/p>\n<p><a href=\"https:\/\/www.ilovewines.vn\/wp-content\/uploads\/2023\/11\/Kilikanoon-Awards-one-pager-Nov-23.pdf\" target=\"_blank\" rel=\"noopener\">KILIKANOON AWARDS 2023 (updated on 28 Nov. 2023)<\/a><\/p>\n<h4>S\u1ef1 ki\u1ec7n R\u01b0\u1ee3u vang \u0110\u1ed3ng h\u00e0nh c\u00f9ng James Halliday 2019<\/h4>\n<ul>\n<li>94\/100 \u0110i\u1ec3m \u2013 \u201cGi\u00e1 Tr\u1ecb \u0110\u1eb7c Bi\u1ec7t\u201d<\/li>\n<li>Ni\u00ean v\u1ee5 2019<\/li>\n<li>M\u00e0u xanh l\u00e1 c\u00e2y nh\u1ea1t, s\u00e1ng m\u00e0u r\u01a1m r\u1ea1; h\u01b0\u01a1ng hoa th\u01a1m kh\u00f4ng ch\u00fat d\u1ed1i l\u1eeba, l\u00e0 ni\u1ec1m vui thu\u1ea7n khi\u1ebft trong v\u00f2m mi\u1ec7ng. Chanh xanh, chanh v\u00e0ng v\u00e0 t\u00e1o Granny Smith ch\u1ea3y qua v\u00f2m mi\u1ec7ng d\u00e0i, v\u1ecb chua g\u1eaft ch\u1ee7 \u0111\u1ea1o \u0111\u01b0\u1ee3c gi\u1eef nguy\u00ean b\u1edfi m\u1ed9t l\u1edbp m\u00e0ng v\u00f4 h\u00ecnh. \u0110\u00f3 l\u00e0 ch\u1ea5t l\u01b0\u1ee3ng c\u1ea3m gi\u00e1c mi\u1ec7ng th\u01b0\u1eddng g\u1eb7p nh\u1ea5t v\u1edbi Riesling tr\u1ebb tu\u1ed5i v\u00e0 duy tr\u00ec k\u1ebft th\u00fac r\u1ea5t l\u00e2u.<\/li>\n<\/ul>\n<h4>S\u1ef1 ki\u1ec7n B\u1ed5 Sung R\u01b0\u1ee3u vang H\u00e0ng \u0110\u1ea7u c\u1ee7a James Halliday 2017<\/h4>\n<ul>\n<li>Ch\u1ea5t l\u01b0\u1ee3ng \u201c5 Ly\u201d (\u201c5 Glasses\u201d)<\/li>\n<li>2017<\/li>\n<li>James Halliday<\/li>\n<\/ul>\n<p>\u0110\u1ec3 bi\u1ebft th\u00eam v\u1ec1 c\u00e1c gi\u1ea3i th\u01b0\u1edfng c\u1ee5 th\u1ec3 c\u1ee7a Kilikanoon, nh\u1ea5p v\u00e0o \u0111\u00e2y <strong><a href=\"https:\/\/www.ilovewines.vn\/wp-content\/uploads\/2022\/12\/Kilikanoon-Awards.pdf\" target=\"_blank\" rel=\"noopener\">Kilikanoon Awards<\/a><\/strong><\/p>","protected":false},"excerpt":{"rendered":"<p>94\/100 \u0110i\u1ec3m \u2013 \u201cGi\u00e1 Tr\u1ecb \u0110\u1eb7c Bi\u1ec7t\u201d<\/p>","protected":false},"featured_media":7015,"template":"","meta":{"_acf_changed":false},"product_brand":[],"product_cat":[2640,89],"product_tag":[],"grape_varietal":[2475],"wine_regions":[2418],"class_list":{"0":"post-2284","1":"product","2":"type-product","3":"status-publish","4":"has-post-thumbnail","6":"product_cat-catalogue","7":"product_cat-white-wine","8":"pa_brand-kilikanoon","9":"grape_varietal-riesling","10":"wine_regions-clare-valley","12":"first","13":"instock","14":"shipping-taxable","15":"product-type-simple"},"acf":[],"yoast_head":"<!-- This site is optimized with the Yoast SEO plugin v27.4 - https:\/\/yoast.com\/product\/yoast-seo-wordpress\/ -->\n<title>Kilikanoon Killerman&#039;s Run Riesling - Rada Wines<\/title>\n<meta name=\"robots\" content=\"index, follow, max-snippet:-1, max-image-preview:large, max-video-preview:-1\" \/>\n<link rel=\"canonical\" href=\"https:\/\/www.ilovewines.vn\/vi\/san-pham\/kilikanoon-killermans-run-riesling-2021\/\" \/>\n<meta property=\"og:locale\" content=\"vi_VN\" \/>\n<meta property=\"og:type\" content=\"article\" \/>\n<meta property=\"og:title\" content=\"Kilikanoon Killerman&#039;s Run Riesling - Rada Wines\" \/>\n<meta property=\"og:description\" content=\"94 points - Special Value Wine\" \/>\n<meta property=\"og:url\" content=\"https:\/\/www.ilovewines.vn\/vi\/san-pham\/kilikanoon-killermans-run-riesling-2021\/\" \/>\n<meta property=\"og:site_name\" content=\"Rada Wines\" \/>\n<meta property=\"article:modified_time\" content=\"2026-01-08T03:24:22+00:00\" \/>\n<meta property=\"og:image\" content=\"https:\/\/www.ilovewines.vn\/wp-content\/uploads\/2022\/07\/Killer-riesling-scaled.png\" \/>\n\t<meta property=\"og:image:width\" content=\"1280\" \/>\n\t<meta property=\"og:image:height\" content=\"2560\" \/>\n\t<meta property=\"og:image:type\" content=\"image\/png\" \/>\n<meta name=\"twitter:card\" content=\"summary_large_image\" \/>\n<meta name=\"twitter:label1\" content=\"\u01af\u1edbc t\u00ednh th\u1eddi gian \u0111\u1ecdc\" \/>\n\t<meta name=\"twitter:data1\" content=\"2 ph\u00fat\" \/>\n<script type=\"application\/ld+json\" class=\"yoast-schema-graph\">{\"@context\":\"https:\\\/\\\/schema.org\",\"@graph\":[{\"@type\":\"WebPage\",\"@id\":\"https:\\\/\\\/www.ilovewines.vn\\\/product\\\/kilikanoon-killermans-run-riesling-2021\\\/\",\"url\":\"https:\\\/\\\/www.ilovewines.vn\\\/product\\\/kilikanoon-killermans-run-riesling-2021\\\/\",\"name\":\"Kilikanoon Killerman's Run Riesling - Rada Wines\",\"isPartOf\":{\"@id\":\"https:\\\/\\\/www.ilovewines.vn\\\/#website\"},\"primaryImageOfPage\":{\"@id\":\"https:\\\/\\\/www.ilovewines.vn\\\/product\\\/kilikanoon-killermans-run-riesling-2021\\\/#primaryimage\"},\"image\":{\"@id\":\"https:\\\/\\\/www.ilovewines.vn\\\/product\\\/kilikanoon-killermans-run-riesling-2021\\\/#primaryimage\"},\"thumbnailUrl\":\"https:\\\/\\\/www.ilovewines.vn\\\/wp-content\\\/uploads\\\/2022\\\/07\\\/Killer-riesling-scaled.png\",\"datePublished\":\"2022-07-08T03:33:13+00:00\",\"dateModified\":\"2026-01-08T03:24:22+00:00\",\"breadcrumb\":{\"@id\":\"https:\\\/\\\/www.ilovewines.vn\\\/product\\\/kilikanoon-killermans-run-riesling-2021\\\/#breadcrumb\"},\"inLanguage\":\"vi\",\"potentialAction\":[{\"@type\":\"ReadAction\",\"target\":[\"https:\\\/\\\/www.ilovewines.vn\\\/product\\\/kilikanoon-killermans-run-riesling-2021\\\/\"]}]},{\"@type\":\"ImageObject\",\"inLanguage\":\"vi\",\"@id\":\"https:\\\/\\\/www.ilovewines.vn\\\/product\\\/kilikanoon-killermans-run-riesling-2021\\\/#primaryimage\",\"url\":\"https:\\\/\\\/www.ilovewines.vn\\\/wp-content\\\/uploads\\\/2022\\\/07\\\/Killer-riesling-scaled.png\",\"contentUrl\":\"https:\\\/\\\/www.ilovewines.vn\\\/wp-content\\\/uploads\\\/2022\\\/07\\\/Killer-riesling-scaled.png\",\"width\":1280,\"height\":2560},{\"@type\":\"BreadcrumbList\",\"@id\":\"https:\\\/\\\/www.ilovewines.vn\\\/product\\\/kilikanoon-killermans-run-riesling-2021\\\/#breadcrumb\",\"itemListElement\":[{\"@type\":\"ListItem\",\"position\":1,\"name\":\"Home\",\"item\":\"https:\\\/\\\/www.ilovewines.vn\\\/\"},{\"@type\":\"ListItem\",\"position\":2,\"name\":\"Catalogue\",\"item\":\"https:\\\/\\\/www.ilovewines.vn\\\/catalogue\\\/\"},{\"@type\":\"ListItem\",\"position\":3,\"name\":\"Kilikanoon Killerman&#8217;s Run Riesling\"}]},{\"@type\":\"WebSite\",\"@id\":\"https:\\\/\\\/www.ilovewines.vn\\\/#website\",\"url\":\"https:\\\/\\\/www.ilovewines.vn\\\/\",\"name\":\"Rada Wines\",\"description\":\"Just another WordPress site\",\"publisher\":{\"@id\":\"https:\\\/\\\/www.ilovewines.vn\\\/#organization\"},\"potentialAction\":[{\"@type\":\"SearchAction\",\"target\":{\"@type\":\"EntryPoint\",\"urlTemplate\":\"https:\\\/\\\/www.ilovewines.vn\\\/?s={search_term_string}\"},\"query-input\":{\"@type\":\"PropertyValueSpecification\",\"valueRequired\":true,\"valueName\":\"search_term_string\"}}],\"inLanguage\":\"vi\"},{\"@type\":\"Organization\",\"@id\":\"https:\\\/\\\/www.ilovewines.vn\\\/#organization\",\"name\":\"Rada Wines\",\"url\":\"https:\\\/\\\/www.ilovewines.vn\\\/\",\"logo\":{\"@type\":\"ImageObject\",\"inLanguage\":\"vi\",\"@id\":\"https:\\\/\\\/www.ilovewines.vn\\\/#\\\/schema\\\/logo\\\/image\\\/\",\"url\":\"https:\\\/\\\/www.ilovewines.vn\\\/wp-content\\\/uploads\\\/2022\\\/06\\\/cropped-162574230_380766779846763_4426584222903300096_n.jpg\",\"contentUrl\":\"https:\\\/\\\/www.ilovewines.vn\\\/wp-content\\\/uploads\\\/2022\\\/06\\\/cropped-162574230_380766779846763_4426584222903300096_n.jpg\",\"width\":320,\"height\":206,\"caption\":\"Rada Wines\"},\"image\":{\"@id\":\"https:\\\/\\\/www.ilovewines.vn\\\/#\\\/schema\\\/logo\\\/image\\\/\"}}]}<\/script>\n<!-- \/ Yoast SEO plugin. -->","yoast_head_json":{"title":"Kilikanoon Killerman's Run Riesling - Rada Wines","robots":{"index":"index","follow":"follow","max-snippet":"max-snippet:-1","max-image-preview":"max-image-preview:large","max-video-preview":"max-video-preview:-1"},"canonical":"https:\/\/www.ilovewines.vn\/vi\/san-pham\/kilikanoon-killermans-run-riesling-2021\/","og_locale":"vi_VN","og_type":"article","og_title":"Kilikanoon Killerman's Run Riesling - Rada Wines","og_description":"94 points - Special Value Wine","og_url":"https:\/\/www.ilovewines.vn\/vi\/san-pham\/kilikanoon-killermans-run-riesling-2021\/","og_site_name":"Rada Wines","article_modified_time":"2026-01-08T03:24:22+00:00","og_image":[{"width":1280,"height":2560,"url":"https:\/\/www.ilovewines.vn\/wp-content\/uploads\/2022\/07\/Killer-riesling-scaled.png","type":"image\/png"}],"twitter_card":"summary_large_image","twitter_misc":{"\u01af\u1edbc t\u00ednh th\u1eddi gian \u0111\u1ecdc":"2 ph\u00fat"},"schema":{"@context":"https:\/\/schema.org","@graph":[{"@type":"WebPage","@id":"https:\/\/www.ilovewines.vn\/product\/kilikanoon-killermans-run-riesling-2021\/","url":"https:\/\/www.ilovewines.vn\/product\/kilikanoon-killermans-run-riesling-2021\/","name":"Kilikanoon Killerman's Run Riesling - Rada Wines","isPartOf":{"@id":"https:\/\/www.ilovewines.vn\/#website"},"primaryImageOfPage":{"@id":"https:\/\/www.ilovewines.vn\/product\/kilikanoon-killermans-run-riesling-2021\/#primaryimage"},"image":{"@id":"https:\/\/www.ilovewines.vn\/product\/kilikanoon-killermans-run-riesling-2021\/#primaryimage"},"thumbnailUrl":"https:\/\/www.ilovewines.vn\/wp-content\/uploads\/2022\/07\/Killer-riesling-scaled.png","datePublished":"2022-07-08T03:33:13+00:00","dateModified":"2026-01-08T03:24:22+00:00","breadcrumb":{"@id":"https:\/\/www.ilovewines.vn\/product\/kilikanoon-killermans-run-riesling-2021\/#breadcrumb"},"inLanguage":"vi","potentialAction":[{"@type":"ReadAction","target":["https:\/\/www.ilovewines.vn\/product\/kilikanoon-killermans-run-riesling-2021\/"]}]},{"@type":"ImageObject","inLanguage":"vi","@id":"https:\/\/www.ilovewines.vn\/product\/kilikanoon-killermans-run-riesling-2021\/#primaryimage","url":"https:\/\/www.ilovewines.vn\/wp-content\/uploads\/2022\/07\/Killer-riesling-scaled.png","contentUrl":"https:\/\/www.ilovewines.vn\/wp-content\/uploads\/2022\/07\/Killer-riesling-scaled.png","width":1280,"height":2560},{"@type":"BreadcrumbList","@id":"https:\/\/www.ilovewines.vn\/product\/kilikanoon-killermans-run-riesling-2021\/#breadcrumb","itemListElement":[{"@type":"ListItem","position":1,"name":"Home","item":"https:\/\/www.ilovewines.vn\/"},{"@type":"ListItem","position":2,"name":"Catalogue","item":"https:\/\/www.ilovewines.vn\/catalogue\/"},{"@type":"ListItem","position":3,"name":"Kilikanoon Killerman&#8217;s Run Riesling"}]},{"@type":"WebSite","@id":"https:\/\/www.ilovewines.vn\/#website","url":"https:\/\/www.ilovewines.vn\/","name":"Rada Wines","description":"Just another WordPress site","publisher":{"@id":"https:\/\/www.ilovewines.vn\/#organization"},"potentialAction":[{"@type":"SearchAction","target":{"@type":"EntryPoint","urlTemplate":"https:\/\/www.ilovewines.vn\/?s={search_term_string}"},"query-input":{"@type":"PropertyValueSpecification","valueRequired":true,"valueName":"search_term_string"}}],"inLanguage":"vi"},{"@type":"Organization","@id":"https:\/\/www.ilovewines.vn\/#organization","name":"Rada Wines","url":"https:\/\/www.ilovewines.vn\/","logo":{"@type":"ImageObject","inLanguage":"vi","@id":"https:\/\/www.ilovewines.vn\/#\/schema\/logo\/image\/","url":"https:\/\/www.ilovewines.vn\/wp-content\/uploads\/2022\/06\/cropped-162574230_380766779846763_4426584222903300096_n.jpg","contentUrl":"https:\/\/www.ilovewines.vn\/wp-content\/uploads\/2022\/06\/cropped-162574230_380766779846763_4426584222903300096_n.jpg","width":320,"height":206,"caption":"Rada Wines"},"image":{"@id":"https:\/\/www.ilovewines.vn\/#\/schema\/logo\/image\/"}}]}},"_links":{"self":[{"href":"https:\/\/www.ilovewines.vn\/vi\/wp-json\/wp\/v2\/product\/2284","targetHints":{"allow":["GET"]}}],"collection":[{"href":"https:\/\/www.ilovewines.vn\/vi\/wp-json\/wp\/v2\/product"}],"about":[{"href":"https:\/\/www.ilovewines.vn\/vi\/wp-json\/wp\/v2\/types\/product"}],"version-history":[{"count":3,"href":"https:\/\/www.ilovewines.vn\/vi\/wp-json\/wp\/v2\/product\/2284\/revisions"}],"predecessor-version":[{"id":7016,"href":"https:\/\/www.ilovewines.vn\/vi\/wp-json\/wp\/v2\/product\/2284\/revisions\/7016"}],"wp:featuredmedia":[{"embeddable":true,"href":"https:\/\/www.ilovewines.vn\/vi\/wp-json\/wp\/v2\/media\/7015"}],"wp:attachment":[{"href":"https:\/\/www.ilovewines.vn\/vi\/wp-json\/wp\/v2\/media?parent=2284"}],"wp:term":[{"taxonomy":"product_brand","embeddable":true,"href":"https:\/\/www.ilovewines.vn\/vi\/wp-json\/wp\/v2\/product_brand?post=2284"},{"taxonomy":"product_cat","embeddable":true,"href":"https:\/\/www.ilovewines.vn\/vi\/wp-json\/wp\/v2\/product_cat?post=2284"},{"taxonomy":"product_tag","embeddable":true,"href":"https:\/\/www.ilovewines.vn\/vi\/wp-json\/wp\/v2\/product_tag?post=2284"},{"taxonomy":"grape_varietal","embeddable":true,"href":"https:\/\/www.ilovewines.vn\/vi\/wp-json\/wp\/v2\/grape_varietal?post=2284"},{"taxonomy":"wine_regions","embeddable":true,"href":"https:\/\/www.ilovewines.vn\/vi\/wp-json\/wp\/v2\/wine_regions?post=2284"}],"curies":[{"name":"wp","href":"https:\/\/api.w.org\/{rel}","templated":true}]}}