{"id":2286,"date":"2022-07-07T21:33:14","date_gmt":"2022-07-08T03:33:14","guid":{"rendered":"https:\/\/www.ilovewines.vn\/product\/kilikanoon-covenant-shiraz-2016-2017\/"},"modified":"2023-11-29T06:29:55","modified_gmt":"2023-11-29T13:29:55","slug":"kilikanoon-covenant-shiraz-2016-2017","status":"publish","type":"product","link":"https:\/\/www.ilovewines.vn\/vi\/product\/kilikanoon-covenant-shiraz-2016-2017\/","title":{"rendered":"Kilikanoon Covenant Shiraz"},"content":{"rendered":"<p>Vang \u0111\u1ecf Covenant Shiraz \u0111\u01b0\u1ee3c s\u1ea3n xu\u1ea5t t\u1eeb nho tr\u1ed3ng tr\u00ean nh\u1eefng m\u1ea3nh \u0111\u1ea5t cao c\u1ea5p, \u0111\u01b0\u1ee3c t\u01b0 nh\u00e2n s\u1edf h\u1eefu tr\u00ean Thung L\u0169ng Clare.<\/p>\n<p><strong>C\u1ea2M QUAN<\/strong><\/p>\n<p><strong>V\u00d9NG NHO<\/strong><\/p>\n<p>Thung l\u0169ng Clare.<br \/>\nThe Covenant is a blend from selected vineyards located in the Clare Valley.<\/p>\n<p><strong>QU\u00c1 TR\u00ccNH S\u1ea2N XU\u1ea4T<\/strong><br \/>\nC\u00e1c th\u00f9ng nho Shiraz ch\u1ecdn l\u1ecdc sau khi thu ho\u1ea1ch s\u1ebd \u0111\u01b0\u1ee3c cho l\u00ean men ri\u00eang bi\u1ec7t t\u1eebng th\u00f9ng, r\u1ed3i \u0111\u01b0\u1ee3c nu\u00f4i trong c\u00e1c th\u00f9ng g\u1ed7 s\u1ed3i m\u1edbi c\u1ee9ng, \u0111\u00e3 qua x\u1eed l\u00fd trong su\u1ed1t 18 th\u00e1ng. V\u00ec v\u1eady, r\u01b0\u1ee3u c\u00f3 \u0111\u1ed9 ph\u1ee9c h\u1ee3p nh\u1ea5t \u0111\u1ecbnh v\u00e0 c\u00f3 tu\u1ed5i th\u1ecd cao. S\u1ea3n ph\u1ea9m kh\u00f4ng c\u1ea7n ch\u1eaft l\u1ecdc tr\u01b0\u1edbc khi \u0111\u00f3ng chai, nh\u1eb1m gi\u1eef nguy\u00ean \u0111\u1ed9 nguy\u00ean ch\u1ea5t c\u1ee7a vang.<\/p>\n<p><strong>C\u1ea2M QUAN<\/strong><\/p>\n<p><strong>M\u00e0u s\u1eafc:\u00a0\u00a0 <\/strong>M\u00e0u \u0111\u1ecf g\u1ea1ch v\u1edbi \u00e1nh \u0111\u1ecf th\u1eabm tr\u1ebb trung<\/p>\n<p><strong>Kh\u1ee9u gi\u00e1c: <\/strong>Mang m\u00f9i h\u01b0\u01a1ng h\u1ea5p d\u1eabn c\u1ee7a cam th\u1ea3o t\u01b0\u01a1i, m\u1eadn ch\u00edn, d\u1ea7u xoa b\u00f3p, ph\u1ea3ng ph\u1ea5t m\u1ed9t ch\u00fat h\u01b0\u01a1ng th\u01a1m c\u1ee7a t\u01b0\u01a1ng \u0111\u1eadu n\u00e0nh v\u00e0 than kh\u00f3i.<\/p>\n<p><strong>Kh\u1ea9u v\u1ecb:\u00a0<\/strong>R\u1ea5t gi\u00e0u h\u01b0\u01a1ng v\u1ecb v\u1edbi \u0111\u1ed9 t\u1eadp trung cao, tannin b\u1ed5 sung v\u00e0 h\u01b0\u01a1ng v\u1ecb \u0111\u1ecdng l\u1ea1i l\u00e2u d\u00e0i. V\u1ecb c\u1ee7a vang bao g\u1ed3m v\u1ecb ng\u1ecdt c\u1ee7a m\u1eadn, cam th\u1ea3o t\u01b0\u01a1i, t\u01b0\u01a1ng \u0111\u1eadu n\u00e0nh, v\u1ecb th\u1ecbt m\u1eb7n, th\u1ecbt ngu\u1ed9i. Th\u1ec3 hi\u1ec7n \u0111\u1eb7c t\u00ednh v\u00f9ng nho m\u1ed9t c\u00e1ch ho\u00e0n h\u1ea3o.<\/p>\n<p><strong>PH\u00c2N T\u00cdCH<\/strong><br \/>\nAlcohol: 14.5% v\/v<\/p>\n<p><strong>C\u1ea4T TR\u1eee<\/strong><br \/>\nT\u1ed1i thi\u1ec3u 15 \u2013 20 n\u0103m<\/p>\n<p>&nbsp;<\/p>\n<p><strong>H\u1ed8P QU\u00c0 CHUY\u00caN D\u1ee4NG B\u00c1N R\u1edcI<\/strong><\/p>\n<p style=\"text-align: center;\"><img decoding=\"async\" src=\"https:\/\/file.hstatic.net\/1000211281\/file\/img_9194-308x385_covenant-small_a97c4fc4dba14b75947d69def956c296_grande.jpg\" \/><\/p>\n<p>Vui l\u00f2ng li\u00ean h\u1ec7 ch\u00fang t\u00f4i n\u1ebfu b\u1ea1n c\u1ea7n mua k\u00e8m h\u1ed9p qu\u00e0.<\/p>\n<p>&nbsp;<\/p>\n<p><strong>GI\u1ea2I TH\u01af\u1edeNG &amp; TH\u00c0NH T\u1ef0U<\/strong><\/p>\n<p><a href=\"https:\/\/www.ilovewines.vn\/wp-content\/uploads\/2023\/11\/Kilikanoon-Awards-one-pager-Nov-23.pdf\" target=\"_blank\" rel=\"noopener\">KILIKANOON AWARDS 2023 (updated on 28 Nov. 2023)<\/a><\/p>\n<p><a title=\"Detailed Article\" href=\"https:\/\/www.ilovewines.vn\/blogs\/news-1\/kilikanoon-has-another-mundus-vini-gold-rush\"><u style=\"color: #0000ff; text-decoration: underline;\"><strong>HUY CH\u01af\u01a0NG V\u00c0NG (NI\u00caN V\u1ee4 2016) - GI\u1ea2I TH\u01af\u1edeNG R\u01af\u1ee2U VANG QU\u1ed0C T\u1ebe MUNDUS VINI 2019<\/strong><\/u><\/a><\/p>\n<p>&nbsp;<\/p>\n<p><img decoding=\"async\" class=\"aligncenter\" src=\"https:\/\/file.hstatic.net\/1000211281\/file\/mundua_1600x_9c3af9a624c54bf2a6eb8af7287ce60b_grande.jpg\" \/><\/p>\n<p>&nbsp;<\/p>\n<p>\u0110\u1ec3 bi\u1ebft th\u00eam v\u1ec1 c\u00e1c gi\u1ea3i th\u01b0\u1edfng c\u1ee5 th\u1ec3 c\u1ee7a Kilikanoon, nh\u1ea5p v\u00e0o \u0111\u00e2y <strong><a href=\"https:\/\/www.ilovewines.vn\/wp-content\/uploads\/2022\/12\/Kilikanoon-Awards.pdf\" target=\"_blank\" rel=\"noopener\">Kilikanoon Awards<\/a><\/strong><\/p>","protected":false},"excerpt":{"rendered":"<p>Huy ch\u01b0\u01a1ng v\u00e0ng \u2013 Gi\u1ea3i th\u01b0\u1edfng R\u01b0\u1ee3u vang Qu\u1ed1c t\u1ebf c\u1ee7a \u0110\u1ee9c n\u0103m 2020<\/p>","protected":false},"featured_media":2285,"template":"","meta":{"_acf_changed":false},"product_brand":[],"product_cat":[2640,87],"product_tag":[],"grape_varietal":[2466],"wine_regions":[2418],"class_list":{"0":"post-2286","1":"product","2":"type-product","3":"status-publish","4":"has-post-thumbnail","6":"product_cat-catalogue","7":"product_cat-red-wine","8":"pa_brand-kilikanoon","9":"grape_varietal-shiraz","10":"wine_regions-clare-valley","12":"first","13":"instock","14":"shipping-taxable","15":"product-type-simple"},"acf":[],"yoast_head":"<!-- This site is optimized with the Yoast SEO plugin v27.4 - https:\/\/yoast.com\/product\/yoast-seo-wordpress\/ -->\n<title>Kilikanoon Covenant Shiraz - Rada Wines<\/title>\n<meta name=\"robots\" content=\"index, follow, max-snippet:-1, max-image-preview:large, max-video-preview:-1\" \/>\n<link rel=\"canonical\" href=\"https:\/\/www.ilovewines.vn\/vi\/san-pham\/kilikanoon-covenant-shiraz-2016-2017\/\" \/>\n<meta property=\"og:locale\" content=\"vi_VN\" \/>\n<meta property=\"og:type\" content=\"article\" \/>\n<meta property=\"og:title\" content=\"Kilikanoon Covenant Shiraz - Rada Wines\" \/>\n<meta property=\"og:description\" content=\"Gold Medal - 2020 Mundus Vini\" \/>\n<meta property=\"og:url\" content=\"https:\/\/www.ilovewines.vn\/vi\/san-pham\/kilikanoon-covenant-shiraz-2016-2017\/\" \/>\n<meta property=\"og:site_name\" content=\"Rada Wines\" \/>\n<meta property=\"article:modified_time\" content=\"2023-11-29T13:29:55+00:00\" \/>\n<meta property=\"og:image\" content=\"https:\/\/www.ilovewines.vn\/wp-content\/uploads\/2022\/07\/vang_5_covenant_shiraz_trong_suot-small_69bd5c0bec4643fcb09a71fd3cb78dcb.jpg\" \/>\n\t<meta property=\"og:image:width\" content=\"308\" \/>\n\t<meta property=\"og:image:height\" content=\"385\" \/>\n\t<meta property=\"og:image:type\" content=\"image\/jpeg\" \/>\n<meta name=\"twitter:card\" content=\"summary_large_image\" \/>\n<meta name=\"twitter:label1\" content=\"\u01af\u1edbc t\u00ednh th\u1eddi gian \u0111\u1ecdc\" \/>\n\t<meta name=\"twitter:data1\" content=\"1 ph\u00fat\" \/>\n<script type=\"application\/ld+json\" class=\"yoast-schema-graph\">{\"@context\":\"https:\\\/\\\/schema.org\",\"@graph\":[{\"@type\":\"WebPage\",\"@id\":\"https:\\\/\\\/www.ilovewines.vn\\\/product\\\/kilikanoon-covenant-shiraz-2016-2017\\\/\",\"url\":\"https:\\\/\\\/www.ilovewines.vn\\\/product\\\/kilikanoon-covenant-shiraz-2016-2017\\\/\",\"name\":\"Kilikanoon Covenant Shiraz - Rada Wines\",\"isPartOf\":{\"@id\":\"https:\\\/\\\/www.ilovewines.vn\\\/#website\"},\"primaryImageOfPage\":{\"@id\":\"https:\\\/\\\/www.ilovewines.vn\\\/product\\\/kilikanoon-covenant-shiraz-2016-2017\\\/#primaryimage\"},\"image\":{\"@id\":\"https:\\\/\\\/www.ilovewines.vn\\\/product\\\/kilikanoon-covenant-shiraz-2016-2017\\\/#primaryimage\"},\"thumbnailUrl\":\"https:\\\/\\\/www.ilovewines.vn\\\/wp-content\\\/uploads\\\/2022\\\/07\\\/vang_5_covenant_shiraz_trong_suot-small_69bd5c0bec4643fcb09a71fd3cb78dcb.jpg\",\"datePublished\":\"2022-07-08T03:33:14+00:00\",\"dateModified\":\"2023-11-29T13:29:55+00:00\",\"breadcrumb\":{\"@id\":\"https:\\\/\\\/www.ilovewines.vn\\\/product\\\/kilikanoon-covenant-shiraz-2016-2017\\\/#breadcrumb\"},\"inLanguage\":\"vi\",\"potentialAction\":[{\"@type\":\"ReadAction\",\"target\":[\"https:\\\/\\\/www.ilovewines.vn\\\/product\\\/kilikanoon-covenant-shiraz-2016-2017\\\/\"]}]},{\"@type\":\"ImageObject\",\"inLanguage\":\"vi\",\"@id\":\"https:\\\/\\\/www.ilovewines.vn\\\/product\\\/kilikanoon-covenant-shiraz-2016-2017\\\/#primaryimage\",\"url\":\"https:\\\/\\\/www.ilovewines.vn\\\/wp-content\\\/uploads\\\/2022\\\/07\\\/vang_5_covenant_shiraz_trong_suot-small_69bd5c0bec4643fcb09a71fd3cb78dcb.jpg\",\"contentUrl\":\"https:\\\/\\\/www.ilovewines.vn\\\/wp-content\\\/uploads\\\/2022\\\/07\\\/vang_5_covenant_shiraz_trong_suot-small_69bd5c0bec4643fcb09a71fd3cb78dcb.jpg\",\"width\":308,\"height\":385},{\"@type\":\"BreadcrumbList\",\"@id\":\"https:\\\/\\\/www.ilovewines.vn\\\/product\\\/kilikanoon-covenant-shiraz-2016-2017\\\/#breadcrumb\",\"itemListElement\":[{\"@type\":\"ListItem\",\"position\":1,\"name\":\"Home\",\"item\":\"https:\\\/\\\/www.ilovewines.vn\\\/\"},{\"@type\":\"ListItem\",\"position\":2,\"name\":\"Catalogue\",\"item\":\"https:\\\/\\\/www.ilovewines.vn\\\/catalogue\\\/\"},{\"@type\":\"ListItem\",\"position\":3,\"name\":\"Kilikanoon Covenant Shiraz\"}]},{\"@type\":\"WebSite\",\"@id\":\"https:\\\/\\\/www.ilovewines.vn\\\/#website\",\"url\":\"https:\\\/\\\/www.ilovewines.vn\\\/\",\"name\":\"Rada Wines\",\"description\":\"Just another WordPress site\",\"publisher\":{\"@id\":\"https:\\\/\\\/www.ilovewines.vn\\\/#organization\"},\"potentialAction\":[{\"@type\":\"SearchAction\",\"target\":{\"@type\":\"EntryPoint\",\"urlTemplate\":\"https:\\\/\\\/www.ilovewines.vn\\\/?s={search_term_string}\"},\"query-input\":{\"@type\":\"PropertyValueSpecification\",\"valueRequired\":true,\"valueName\":\"search_term_string\"}}],\"inLanguage\":\"vi\"},{\"@type\":\"Organization\",\"@id\":\"https:\\\/\\\/www.ilovewines.vn\\\/#organization\",\"name\":\"Rada Wines\",\"url\":\"https:\\\/\\\/www.ilovewines.vn\\\/\",\"logo\":{\"@type\":\"ImageObject\",\"inLanguage\":\"vi\",\"@id\":\"https:\\\/\\\/www.ilovewines.vn\\\/#\\\/schema\\\/logo\\\/image\\\/\",\"url\":\"https:\\\/\\\/www.ilovewines.vn\\\/wp-content\\\/uploads\\\/2022\\\/06\\\/cropped-162574230_380766779846763_4426584222903300096_n.jpg\",\"contentUrl\":\"https:\\\/\\\/www.ilovewines.vn\\\/wp-content\\\/uploads\\\/2022\\\/06\\\/cropped-162574230_380766779846763_4426584222903300096_n.jpg\",\"width\":320,\"height\":206,\"caption\":\"Rada Wines\"},\"image\":{\"@id\":\"https:\\\/\\\/www.ilovewines.vn\\\/#\\\/schema\\\/logo\\\/image\\\/\"}}]}<\/script>\n<!-- \/ Yoast SEO plugin. -->","yoast_head_json":{"title":"Kilikanoon Covenant Shiraz - Rada Wines","robots":{"index":"index","follow":"follow","max-snippet":"max-snippet:-1","max-image-preview":"max-image-preview:large","max-video-preview":"max-video-preview:-1"},"canonical":"https:\/\/www.ilovewines.vn\/vi\/san-pham\/kilikanoon-covenant-shiraz-2016-2017\/","og_locale":"vi_VN","og_type":"article","og_title":"Kilikanoon Covenant Shiraz - Rada Wines","og_description":"Gold Medal - 2020 Mundus Vini","og_url":"https:\/\/www.ilovewines.vn\/vi\/san-pham\/kilikanoon-covenant-shiraz-2016-2017\/","og_site_name":"Rada Wines","article_modified_time":"2023-11-29T13:29:55+00:00","og_image":[{"width":308,"height":385,"url":"https:\/\/www.ilovewines.vn\/wp-content\/uploads\/2022\/07\/vang_5_covenant_shiraz_trong_suot-small_69bd5c0bec4643fcb09a71fd3cb78dcb.jpg","type":"image\/jpeg"}],"twitter_card":"summary_large_image","twitter_misc":{"\u01af\u1edbc t\u00ednh th\u1eddi gian \u0111\u1ecdc":"1 ph\u00fat"},"schema":{"@context":"https:\/\/schema.org","@graph":[{"@type":"WebPage","@id":"https:\/\/www.ilovewines.vn\/product\/kilikanoon-covenant-shiraz-2016-2017\/","url":"https:\/\/www.ilovewines.vn\/product\/kilikanoon-covenant-shiraz-2016-2017\/","name":"Kilikanoon Covenant Shiraz - Rada Wines","isPartOf":{"@id":"https:\/\/www.ilovewines.vn\/#website"},"primaryImageOfPage":{"@id":"https:\/\/www.ilovewines.vn\/product\/kilikanoon-covenant-shiraz-2016-2017\/#primaryimage"},"image":{"@id":"https:\/\/www.ilovewines.vn\/product\/kilikanoon-covenant-shiraz-2016-2017\/#primaryimage"},"thumbnailUrl":"https:\/\/www.ilovewines.vn\/wp-content\/uploads\/2022\/07\/vang_5_covenant_shiraz_trong_suot-small_69bd5c0bec4643fcb09a71fd3cb78dcb.jpg","datePublished":"2022-07-08T03:33:14+00:00","dateModified":"2023-11-29T13:29:55+00:00","breadcrumb":{"@id":"https:\/\/www.ilovewines.vn\/product\/kilikanoon-covenant-shiraz-2016-2017\/#breadcrumb"},"inLanguage":"vi","potentialAction":[{"@type":"ReadAction","target":["https:\/\/www.ilovewines.vn\/product\/kilikanoon-covenant-shiraz-2016-2017\/"]}]},{"@type":"ImageObject","inLanguage":"vi","@id":"https:\/\/www.ilovewines.vn\/product\/kilikanoon-covenant-shiraz-2016-2017\/#primaryimage","url":"https:\/\/www.ilovewines.vn\/wp-content\/uploads\/2022\/07\/vang_5_covenant_shiraz_trong_suot-small_69bd5c0bec4643fcb09a71fd3cb78dcb.jpg","contentUrl":"https:\/\/www.ilovewines.vn\/wp-content\/uploads\/2022\/07\/vang_5_covenant_shiraz_trong_suot-small_69bd5c0bec4643fcb09a71fd3cb78dcb.jpg","width":308,"height":385},{"@type":"BreadcrumbList","@id":"https:\/\/www.ilovewines.vn\/product\/kilikanoon-covenant-shiraz-2016-2017\/#breadcrumb","itemListElement":[{"@type":"ListItem","position":1,"name":"Home","item":"https:\/\/www.ilovewines.vn\/"},{"@type":"ListItem","position":2,"name":"Catalogue","item":"https:\/\/www.ilovewines.vn\/catalogue\/"},{"@type":"ListItem","position":3,"name":"Kilikanoon Covenant Shiraz"}]},{"@type":"WebSite","@id":"https:\/\/www.ilovewines.vn\/#website","url":"https:\/\/www.ilovewines.vn\/","name":"Rada Wines","description":"Just another WordPress site","publisher":{"@id":"https:\/\/www.ilovewines.vn\/#organization"},"potentialAction":[{"@type":"SearchAction","target":{"@type":"EntryPoint","urlTemplate":"https:\/\/www.ilovewines.vn\/?s={search_term_string}"},"query-input":{"@type":"PropertyValueSpecification","valueRequired":true,"valueName":"search_term_string"}}],"inLanguage":"vi"},{"@type":"Organization","@id":"https:\/\/www.ilovewines.vn\/#organization","name":"Rada Wines","url":"https:\/\/www.ilovewines.vn\/","logo":{"@type":"ImageObject","inLanguage":"vi","@id":"https:\/\/www.ilovewines.vn\/#\/schema\/logo\/image\/","url":"https:\/\/www.ilovewines.vn\/wp-content\/uploads\/2022\/06\/cropped-162574230_380766779846763_4426584222903300096_n.jpg","contentUrl":"https:\/\/www.ilovewines.vn\/wp-content\/uploads\/2022\/06\/cropped-162574230_380766779846763_4426584222903300096_n.jpg","width":320,"height":206,"caption":"Rada Wines"},"image":{"@id":"https:\/\/www.ilovewines.vn\/#\/schema\/logo\/image\/"}}]}},"_links":{"self":[{"href":"https:\/\/www.ilovewines.vn\/vi\/wp-json\/wp\/v2\/product\/2286","targetHints":{"allow":["GET"]}}],"collection":[{"href":"https:\/\/www.ilovewines.vn\/vi\/wp-json\/wp\/v2\/product"}],"about":[{"href":"https:\/\/www.ilovewines.vn\/vi\/wp-json\/wp\/v2\/types\/product"}],"version-history":[{"count":2,"href":"https:\/\/www.ilovewines.vn\/vi\/wp-json\/wp\/v2\/product\/2286\/revisions"}],"predecessor-version":[{"id":4549,"href":"https:\/\/www.ilovewines.vn\/vi\/wp-json\/wp\/v2\/product\/2286\/revisions\/4549"}],"wp:featuredmedia":[{"embeddable":true,"href":"https:\/\/www.ilovewines.vn\/vi\/wp-json\/wp\/v2\/media\/2285"}],"wp:attachment":[{"href":"https:\/\/www.ilovewines.vn\/vi\/wp-json\/wp\/v2\/media?parent=2286"}],"wp:term":[{"taxonomy":"product_brand","embeddable":true,"href":"https:\/\/www.ilovewines.vn\/vi\/wp-json\/wp\/v2\/product_brand?post=2286"},{"taxonomy":"product_cat","embeddable":true,"href":"https:\/\/www.ilovewines.vn\/vi\/wp-json\/wp\/v2\/product_cat?post=2286"},{"taxonomy":"product_tag","embeddable":true,"href":"https:\/\/www.ilovewines.vn\/vi\/wp-json\/wp\/v2\/product_tag?post=2286"},{"taxonomy":"grape_varietal","embeddable":true,"href":"https:\/\/www.ilovewines.vn\/vi\/wp-json\/wp\/v2\/grape_varietal?post=2286"},{"taxonomy":"wine_regions","embeddable":true,"href":"https:\/\/www.ilovewines.vn\/vi\/wp-json\/wp\/v2\/wine_regions?post=2286"}],"curies":[{"name":"wp","href":"https:\/\/api.w.org\/{rel}","templated":true}]}}