{"id":2382,"date":"2022-07-07T21:34:00","date_gmt":"2022-07-08T03:34:00","guid":{"rendered":"https:\/\/www.ilovewines.vn\/product\/evans-tate-redbrook-shiraz-2012\/"},"modified":"2023-07-12T10:58:21","modified_gmt":"2023-07-12T16:58:21","slug":"evans-tate-redbrook-shiraz-2012","status":"publish","type":"product","link":"https:\/\/www.ilovewines.vn\/vi\/product\/evans-tate-redbrook-shiraz-2012\/","title":{"rendered":"Evans &amp; Tate Redbrook Shiraz"},"content":{"rendered":"<p style=\"text-align: justify;\"><strong>C\u1ea2M NH\u1eacN GI\u00c1C QUAN<\/strong><\/p>\n<p style=\"text-align: justify;\"><strong>M\u00e0u s\u1eafc:\u00a0\u00a0\u00a0<\/strong>C\u00f3 s\u1eafc t\u00edm \u0111\u1eadm v\u1edbi vi\u1ec1n \u0111\u1ecf s\u00e1ng<\/p>\n<p style=\"text-align: justify;\"><strong>Kh\u1ee9u gi\u00e1c:\u00a0<\/strong>H\u01b0\u01a1ng th\u01a1m tr\u00e1i c\u00e2y t\u01b0\u01a1i c\u1ee7a hoa qu\u1ea3 t\u01b0\u01a1i v\u00e0 maraschino anh \u0111\u00e0o h\u00f2a quy\u1ec7n v\u1edbi m\u00f9i h\u01b0\u01a1ng c\u1ee7a h\u1ea1t ti\u00eau xanh v\u00e0 hoa. C\u00e1c b\u00f3 hoa v\u00e0 c\u1ea3 c\u1ee7a c\u00e1c th\u00e2n g\u1ed7 trong su\u1ed1t qu\u00e1 tr\u00ecnh l\u00ean men \u0111\u00e3 l\u00e0m t\u0103ng th\u00eam h\u01b0\u01a1ng v\u1ecb th\u01a1m ngon v\u00e0 th\u01a1m ngon v\u00e0 s\u1ef1 ph\u1ee9c t\u1ea1p v\u1ec1 m\u00f9i v\u1ecb.<\/p>\n<p style=\"text-align: justify;\"><strong>Kh\u1ea9u v\u1ecb:\u00a0<\/strong>Redbrook Shiraz l\u00e0 m\u1ed9t lo\u1ea1i nho hi\u1ebfm c\u00f3 \u1edf v\u00f9ng S\u00f4ng Margaret. R\u01b0\u1ee3u s\u1ebd ng\u00e0y c\u00e0ng ngon v\u00e0 th\u01a1m h\u01a1n theo n\u0103m th\u00e1ng.<\/p>\n<p style=\"text-align: justify;\"><strong>\u0110\u1ed9 pH <\/strong>3.36<\/p>\n<p style=\"text-align: justify;\"><strong>\u0110\u1ed9 chua: <\/strong>6.94g\/L<\/p>\n<p style=\"text-align: justify;\"><strong>TH\u1edcI \u0110I\u1ec2M TH\u01af\u1edeNG TH\u1ee8C:\u00a0<\/strong>c\u00f3 th\u1ec3 l\u01b0u gi\u1eef trong h\u1ea7m t\u1edbi n\u0103m\u00a02022<\/p>\n<p style=\"text-align: justify;\"><strong>Ng\u01b0\u1eddi s\u1ea3n xu\u1ea5t:\u00a0 <\/strong>Matt Byrne<\/p>\n<p style=\"text-align: justify;\"><strong>Gi\u1edbi thi\u1ec7u v\u1ec1 Evans &amp; Tate's Redbrook:\u00a0\u00a0<\/strong>Redbrook l\u00e0 d\u00f2ng s\u1ea3n ph\u1ea9m r\u01b0\u1ee3u vang \u00fac n\u1ed5i b\u1eadt nh\u1edd h\u01b0\u01a1ng th\u01a1m c\u1ee7a hoa qu\u1ea3 ch\u00edn mang nh\u1eefng \u0111\u1eb7c t\u00ednh n\u1ed5i b\u1eadt c\u1ee7a v\u00f9ng s\u00f4ng Margeret. Hoa qu\u1ea3n ch\u00edn \u0111\u01b0\u1ee3c \u1ee7 l\u00e2u n\u0103m trong nh\u1eefng th\u00f9ng g\u1ed7 s\u1ed3i, t\u1ea1o ra nh\u1eefng chai vang th\u01b0\u1ee3ng h\u1ea1ng v\u00e0 s\u1ebd tuy\u1ec7t v\u1eddi h\u01a1n khi th\u01b0\u1edfng th\u1ee9c trong v\u00e0i n\u0103m t\u1edbi<\/p>\n<p style=\"text-align: center;\"><iframe src=\"https:\/\/www.youtube.com\/embed\/iDvwUclqePM\" width=\"560\" height=\"315\" frameborder=\"0\" allowfullscreen=\"allowfullscreen\"><\/iframe><\/p>\n<p style=\"text-align: center;\"><em>Nh\u00e0 s\u1ea3n xu\u1ea5t r\u01b0\u1ee3u vang Matthew Byrne gi\u1edbi thi\u1ec7u v\u1ec1 th\u01b0\u01a1ng hi\u1ec7u Evans &amp; Tate v\u00e0 v\u01b0\u1eddn nho Redbrook c\u1ee7a h\u1ecd. (Video: E&amp;T YouTube)<\/em><\/p>\n<p><strong>\u0110I\u1ec0U KI\u1ec6N NI\u00caN V\u1ee4<\/strong><\/p>\n<p>Ni\u00ean v\u1ee5 2012 c\u1ee7a v\u00f9ng nho S\u00f4ng Margaret l\u00e0 ni\u00ean v\u1ee5 xu\u1ea5t s\u1eafc th\u1ee9 6 li\u00ean ti\u1ebfp m\u00e0 v\u00f9ng \u0111\u00e3 ch\u1ee9ng ki\u1ebfn. Th\u1eddi ti\u1ebft \u1ea5m v\u00e0 kh\u00f4 r\u00e1o xuy\u00ean su\u1ed1t ni\u00ean v\u1ee5, c\u00f9ng v\u1edbi m\u1ed9t v\u00e0i \u0111\u1ee3t r\u1ea5t \u1ea5m m\u00e0 c\u00e2y nho \u0111\u00e3 ch\u1ecbu \u0111\u1ef1ng r\u1ea5t t\u1ed1t ch\u00ednh l\u00e0 \u0111i\u1ec1u ki\u1ec7n l\u00fd t\u01b0\u1edfng cho s\u1ef1 tr\u01b0\u1edfng th\u00e0nh tannin theo phong c\u00e1ch Cabernet Sauvignon c\u1ee7a ch\u00fang t\u00f4i.<\/p>\n<p>Nhi\u1ec7t \u0111\u1ed9 ban \u0111\u00eam m\u00e1t m\u1ebb (m\u00e1t h\u01a1n so v\u1edbi n\u0103m 2011) \u0111\u00e3 t\u1ea1o ra r\u01b0\u1ee3u vang Cabernet \u0111\u1ea7y \u0111\u1ee7 h\u01b0\u01a1ng v\u1ecb v\u1edbi s\u1ef1 sang tr\u1ecdng v\u00e0 \u0111\u1ed9 \u0111\u1eadm \u0111\u1eb7c trung b\u00ecnh, \u0111\u1eb7c tr\u01b0ng c\u1ee7a v\u00f9ng s\u00f4ng Margaret.<\/p>\n<p><strong>QU\u00c1 TR\u00ccNH SX:<\/strong><\/p>\n<p>Tr\u00e1i c\u00e2y \u0111\u1ec3 \u1ee7 chai Redbrook Shiraz \u0111\u01b0\u1ee3c tr\u1ed3ng tr\u00ean ba v\u01b0\u1eddn nho duy nh\u1ea5t n\u1eb1m \u1edf trung t\u00e2m v\u00e0 ph\u00eda nam c\u1ee7a khu v\u1ef1c s\u00f4ng Margaret. Nh\u1eefng v\u01b0\u1eddn nho n\u00e0y \u0111\u00e3 s\u1ea3n sinh ra nh\u1eefng c\u00e2y nho ho\u00e0n h\u1ea3o, t\u1eeb \u0111\u00f3 t\u1ea1o ra nh\u1eefng chai r\u01b0\u1ee3u c\u00f3 h\u01b0\u01a1ng v\u1ecb tuy\u1ec7t ngon.<\/p>\n<p>V\u01b0\u1eddn nho h\u01b0\u1edbng h\u01a1n v\u1ec1 ph\u00eda nam c\u1ee7a ch\u00fang t\u00f4i ch\u1ecbu t\u00e1c \u0111\u1ed9ng c\u1ee7a \u0111i\u1ec1u ki\u1ec7n ch\u00edn m\u00e1t h\u01a1n do \u1ea3nh h\u01b0\u1edfng c\u1ee7a Nam \u0110\u1ea1i D\u01b0\u01a1ng, nh\u01b0ng l\u1ea1i c\u00f3 \u0111\u1ea5t tho\u00e1t n\u01b0\u1edbc nhi\u1ec1u s\u1ecfi? s\u1ef1 k\u1ebft h\u1ee3p n\u00e0y t\u1ea1o ra tr\u00e1i nho c\u00f3 v\u1ecb cay n\u1ed3ng \u0111\u1eadm d\u1eb7c m\u00f9i hoa v\u00e0 \u0111\u1eb7c t\u00ednh c\u1ee7a qu\u1ea3 m\u1ecdng \u0111\u1ecf.<\/p>\n<p>T\u1ea5t c\u1ea3 tr\u00e1i c\u00e2y \u0111\u01b0\u1ee3c ch\u1ecdn v\u00e0o bu\u1ed5i s\u00e1ng s\u1edbm v\u00e0 \u0111\u01b0\u1ee3c h\u00e1i th\u00e0nh t\u1eebng ch\u00f9m v\u00e0 chuy\u1ec3n sang qu\u00e1 tr\u00ecnh l\u00ean men (kho\u1ea3ng 20%).<\/p>\n<p>Tr\u00e1i c\u00e2y lu\u00f4n \u0111\u01b0\u1ee3c gi\u1eef l\u1ea1nh \u1edf 5C trong 4 ng\u00e0y tr\u01b0\u1edbc khi b\u1eaft \u0111\u1ea7u qu\u00e1 tr\u00ecnh l\u00ean men ch\u1eadm. Qu\u00e1 tr\u00ecnh l\u00ean men sau \u0111\u00f3 \u0111\u01b0\u1ee3c th\u1ef1c hi\u1ec7n trong 10 ng\u00e0y t\u1ea1i 22-24C. V\u00e0 sau \u0111\u00f3 n\u01b0\u1edbc \u00e9p \u0111\u01b0\u1ee3c qu\u1ea5n v\u00e0 c\u1ee9 m\u1ed7i 8 gi\u1edd \u0111\u01b0\u1ee3c \u00e9p m\u1ed9t l\u1ea7n \u0111\u1ec3 chi\u1ebft xu\u1ea5t nh\u1eb9 nh\u00e0ng tannin t\u1eeb v\u1ecf nho v\u00e0 t\u1ea1o n\u00ean m\u00e0u s\u1eafc.<\/p>\n<p>R\u01b0\u1ee3u vang sau \u0111\u00f3 \u0111\u01b0\u1ee3c \u1ee7 ch\u00edn mu\u1ed3i trong 12-14 th\u00e1ng trong c\u00e1c th\u00f9ng g\u1ed7 s\u1ed3i barriques 225L c\u1ee7a Ph\u00e1p m\u1edbi (20%), hogsheads (300l) v\u00e0 puncheons (500l).<\/p>\n<p>Sau khi tr\u01b0\u1edfng th\u00e0nh, m\u1ed7i th\u00f9ng r\u01b0\u1ee3u \u0111\u1ec1u \u0111\u01b0\u1ee3c n\u1ebfm th\u1eed v\u00e0 \u0111\u00e1nh gi\u00e1 \u0111\u1ec3 x\u00e1c \u0111\u1ecbnh th\u00f9ng n\u00e0o \u0111\u01b0\u1ee3c \u0111\u01b0a v\u00e0o h\u1ed7n h\u1ee3p cu\u1ed1i c\u00f9ng. R\u01b0\u1ee3u vang sau \u0111\u00f3 \u0111\u00e3 \u0111\u01b0\u1ee3c pha tr\u1ed9n c\u1ea9n th\u1eadn v\u00e0 \u0111\u00f3ng chai \u0111\u1ec3 \u0111\u01b0a ra ngo\u00e0i th\u1ecb tr\u01b0\u1eddng.<\/p>\n<p style=\"text-align: justify;\"><strong>C\u00e1c gi\u1ea3i th\u01b0\u1edfng \u0111\u00e3 \u0111\u1ea1t \u0111\u01b0\u1ee3c:<\/strong><\/p>\n<table style=\"width: 377px;\">\n<thead>\n<tr>\n<th style=\"width: 55px;\">Gi\u1ea3i th\u01b0\u1edfng<\/th>\n<th style=\"width: 250px;\">S\u1ef1 ki\u1ec7n<\/th>\n<th style=\"width: 50px;\">X\u1ebfp lo\u1ea1i<\/th>\n<\/tr>\n<\/thead>\n<tbody>\n<tr>\n<td style=\"width: 55px;\">C\u00fap<\/td>\n<td style=\"width: 250px;\">Margaret River Wine Show 2014<\/td>\n<td style=\"width: 50px;\">25<\/td>\n<\/tr>\n<tr>\n<td style=\"width: 55px;\">Huy ch\u01b0\u01a1ng v\u00e0ng<\/td>\n<td style=\"width: 250px;\">Sakura Japanese Wine Show 2016<\/td>\n<td style=\"width: 50px;\"><\/td>\n<\/tr>\n<tr>\n<td style=\"width: 55px;\">Huy ch\u01b0\u01a1ng v\u00e0ng<\/td>\n<td style=\"width: 250px;\">Sydney Royal Wine Show 2016<\/td>\n<td style=\"width: 50px;\">35<\/td>\n<\/tr>\n<tr>\n<td style=\"width: 55px;\">Huy ch\u01b0\u01a1ng v\u00e0ng<\/td>\n<td style=\"width: 250px;\">Royal Adelaide Wine Show 2014<\/td>\n<td style=\"width: 50px;\">30<\/td>\n<\/tr>\n<tr>\n<td style=\"width: 55px;\">Huy ch\u01b0\u01a1ng v\u00e0ng<\/td>\n<td style=\"width: 250px;\">Margaret River Wine Show 2015<\/td>\n<td style=\"width: 50px;\">26<\/td>\n<\/tr>\n<tr>\n<td style=\"width: 55px;\">Huy ch\u01b0\u01a1ng v\u00e0ng<\/td>\n<td style=\"width: 250px;\">Margaret River Wine Show 2015<\/td>\n<td style=\"width: 50px;\">26<\/td>\n<\/tr>\n<\/tbody>\n<\/table>\n<p style=\"text-align: justify;\">","protected":false},"excerpt":{"rendered":"<p style=\"text-align: justify;\">\u0110\u1ea1t nhi\u1ec1u huy ch\u01b0\u01a1ng v\u00e0ng v\u00e0 b\u1ea1c<\/p>","protected":false},"featured_media":2381,"template":"","meta":{"_acf_changed":false},"product_brand":[],"product_cat":[2640,87],"product_tag":[],"grape_varietal":[2466],"wine_regions":[2454],"class_list":{"0":"post-2382","1":"product","2":"type-product","3":"status-publish","4":"has-post-thumbnail","6":"product_cat-catalogue","7":"product_cat-red-wine","8":"pa_brand-evans-tate","9":"grape_varietal-shiraz","10":"wine_regions-margaret-river","12":"first","13":"instock","14":"shipping-taxable","15":"product-type-simple"},"acf":[],"yoast_head":"<!-- This site is optimized with the Yoast SEO plugin v27.4 - https:\/\/yoast.com\/product\/yoast-seo-wordpress\/ -->\n<title>Evans &amp; Tate Redbrook Shiraz - Rada Wines<\/title>\n<meta name=\"robots\" content=\"index, follow, max-snippet:-1, max-image-preview:large, max-video-preview:-1\" \/>\n<link rel=\"canonical\" href=\"https:\/\/www.ilovewines.vn\/vi\/san-pham\/evans-tate-redbrook-shiraz-2012\/\" \/>\n<meta property=\"og:locale\" content=\"vi_VN\" \/>\n<meta property=\"og:type\" content=\"article\" \/>\n<meta property=\"og:title\" content=\"Evans &amp; Tate Redbrook Shiraz - Rada Wines\" \/>\n<meta property=\"og:description\" content=\"Multiple gold &amp; silver medals\" \/>\n<meta property=\"og:url\" content=\"https:\/\/www.ilovewines.vn\/vi\/san-pham\/evans-tate-redbrook-shiraz-2012\/\" \/>\n<meta property=\"og:site_name\" content=\"Rada Wines\" \/>\n<meta property=\"article:modified_time\" content=\"2023-07-12T16:58:21+00:00\" \/>\n<meta property=\"og:image\" content=\"https:\/\/www.ilovewines.vn\/wp-content\/uploads\/2022\/07\/01362012-et-redbrook-shiraz-308x385small-medal_47cb1548135d42689edc960eb3dc9cbe.jpg\" \/>\n\t<meta property=\"og:image:width\" content=\"308\" \/>\n\t<meta property=\"og:image:height\" content=\"385\" \/>\n\t<meta property=\"og:image:type\" content=\"image\/jpeg\" \/>\n<meta name=\"twitter:card\" content=\"summary_large_image\" \/>\n<meta name=\"twitter:label1\" content=\"\u01af\u1edbc t\u00ednh th\u1eddi gian \u0111\u1ecdc\" \/>\n\t<meta name=\"twitter:data1\" content=\"3 ph\u00fat\" \/>\n<script type=\"application\/ld+json\" class=\"yoast-schema-graph\">{\"@context\":\"https:\\\/\\\/schema.org\",\"@graph\":[{\"@type\":\"WebPage\",\"@id\":\"https:\\\/\\\/www.ilovewines.vn\\\/product\\\/evans-tate-redbrook-shiraz-2012\\\/\",\"url\":\"https:\\\/\\\/www.ilovewines.vn\\\/product\\\/evans-tate-redbrook-shiraz-2012\\\/\",\"name\":\"Evans & Tate Redbrook Shiraz - Rada Wines\",\"isPartOf\":{\"@id\":\"https:\\\/\\\/www.ilovewines.vn\\\/#website\"},\"primaryImageOfPage\":{\"@id\":\"https:\\\/\\\/www.ilovewines.vn\\\/product\\\/evans-tate-redbrook-shiraz-2012\\\/#primaryimage\"},\"image\":{\"@id\":\"https:\\\/\\\/www.ilovewines.vn\\\/product\\\/evans-tate-redbrook-shiraz-2012\\\/#primaryimage\"},\"thumbnailUrl\":\"https:\\\/\\\/www.ilovewines.vn\\\/wp-content\\\/uploads\\\/2022\\\/07\\\/01362012-et-redbrook-shiraz-308x385small-medal_47cb1548135d42689edc960eb3dc9cbe.jpg\",\"datePublished\":\"2022-07-08T03:34:00+00:00\",\"dateModified\":\"2023-07-12T16:58:21+00:00\",\"breadcrumb\":{\"@id\":\"https:\\\/\\\/www.ilovewines.vn\\\/product\\\/evans-tate-redbrook-shiraz-2012\\\/#breadcrumb\"},\"inLanguage\":\"vi\",\"potentialAction\":[{\"@type\":\"ReadAction\",\"target\":[\"https:\\\/\\\/www.ilovewines.vn\\\/product\\\/evans-tate-redbrook-shiraz-2012\\\/\"]}]},{\"@type\":\"ImageObject\",\"inLanguage\":\"vi\",\"@id\":\"https:\\\/\\\/www.ilovewines.vn\\\/product\\\/evans-tate-redbrook-shiraz-2012\\\/#primaryimage\",\"url\":\"https:\\\/\\\/www.ilovewines.vn\\\/wp-content\\\/uploads\\\/2022\\\/07\\\/01362012-et-redbrook-shiraz-308x385small-medal_47cb1548135d42689edc960eb3dc9cbe.jpg\",\"contentUrl\":\"https:\\\/\\\/www.ilovewines.vn\\\/wp-content\\\/uploads\\\/2022\\\/07\\\/01362012-et-redbrook-shiraz-308x385small-medal_47cb1548135d42689edc960eb3dc9cbe.jpg\",\"width\":308,\"height\":385},{\"@type\":\"BreadcrumbList\",\"@id\":\"https:\\\/\\\/www.ilovewines.vn\\\/product\\\/evans-tate-redbrook-shiraz-2012\\\/#breadcrumb\",\"itemListElement\":[{\"@type\":\"ListItem\",\"position\":1,\"name\":\"Home\",\"item\":\"https:\\\/\\\/www.ilovewines.vn\\\/\"},{\"@type\":\"ListItem\",\"position\":2,\"name\":\"Catalogue\",\"item\":\"https:\\\/\\\/www.ilovewines.vn\\\/catalogue\\\/\"},{\"@type\":\"ListItem\",\"position\":3,\"name\":\"Evans &#038; Tate Redbrook Shiraz\"}]},{\"@type\":\"WebSite\",\"@id\":\"https:\\\/\\\/www.ilovewines.vn\\\/#website\",\"url\":\"https:\\\/\\\/www.ilovewines.vn\\\/\",\"name\":\"Rada Wines\",\"description\":\"Just another WordPress site\",\"publisher\":{\"@id\":\"https:\\\/\\\/www.ilovewines.vn\\\/#organization\"},\"potentialAction\":[{\"@type\":\"SearchAction\",\"target\":{\"@type\":\"EntryPoint\",\"urlTemplate\":\"https:\\\/\\\/www.ilovewines.vn\\\/?s={search_term_string}\"},\"query-input\":{\"@type\":\"PropertyValueSpecification\",\"valueRequired\":true,\"valueName\":\"search_term_string\"}}],\"inLanguage\":\"vi\"},{\"@type\":\"Organization\",\"@id\":\"https:\\\/\\\/www.ilovewines.vn\\\/#organization\",\"name\":\"Rada Wines\",\"url\":\"https:\\\/\\\/www.ilovewines.vn\\\/\",\"logo\":{\"@type\":\"ImageObject\",\"inLanguage\":\"vi\",\"@id\":\"https:\\\/\\\/www.ilovewines.vn\\\/#\\\/schema\\\/logo\\\/image\\\/\",\"url\":\"https:\\\/\\\/www.ilovewines.vn\\\/wp-content\\\/uploads\\\/2022\\\/06\\\/cropped-162574230_380766779846763_4426584222903300096_n.jpg\",\"contentUrl\":\"https:\\\/\\\/www.ilovewines.vn\\\/wp-content\\\/uploads\\\/2022\\\/06\\\/cropped-162574230_380766779846763_4426584222903300096_n.jpg\",\"width\":320,\"height\":206,\"caption\":\"Rada Wines\"},\"image\":{\"@id\":\"https:\\\/\\\/www.ilovewines.vn\\\/#\\\/schema\\\/logo\\\/image\\\/\"}}]}<\/script>\n<!-- \/ Yoast SEO plugin. -->","yoast_head_json":{"title":"Evans & Tate Redbrook Shiraz - Rada Wines","robots":{"index":"index","follow":"follow","max-snippet":"max-snippet:-1","max-image-preview":"max-image-preview:large","max-video-preview":"max-video-preview:-1"},"canonical":"https:\/\/www.ilovewines.vn\/vi\/san-pham\/evans-tate-redbrook-shiraz-2012\/","og_locale":"vi_VN","og_type":"article","og_title":"Evans & Tate Redbrook Shiraz - Rada Wines","og_description":"Multiple gold &amp; silver medals","og_url":"https:\/\/www.ilovewines.vn\/vi\/san-pham\/evans-tate-redbrook-shiraz-2012\/","og_site_name":"Rada Wines","article_modified_time":"2023-07-12T16:58:21+00:00","og_image":[{"width":308,"height":385,"url":"https:\/\/www.ilovewines.vn\/wp-content\/uploads\/2022\/07\/01362012-et-redbrook-shiraz-308x385small-medal_47cb1548135d42689edc960eb3dc9cbe.jpg","type":"image\/jpeg"}],"twitter_card":"summary_large_image","twitter_misc":{"\u01af\u1edbc t\u00ednh th\u1eddi gian \u0111\u1ecdc":"3 ph\u00fat"},"schema":{"@context":"https:\/\/schema.org","@graph":[{"@type":"WebPage","@id":"https:\/\/www.ilovewines.vn\/product\/evans-tate-redbrook-shiraz-2012\/","url":"https:\/\/www.ilovewines.vn\/product\/evans-tate-redbrook-shiraz-2012\/","name":"Evans & Tate Redbrook Shiraz - Rada Wines","isPartOf":{"@id":"https:\/\/www.ilovewines.vn\/#website"},"primaryImageOfPage":{"@id":"https:\/\/www.ilovewines.vn\/product\/evans-tate-redbrook-shiraz-2012\/#primaryimage"},"image":{"@id":"https:\/\/www.ilovewines.vn\/product\/evans-tate-redbrook-shiraz-2012\/#primaryimage"},"thumbnailUrl":"https:\/\/www.ilovewines.vn\/wp-content\/uploads\/2022\/07\/01362012-et-redbrook-shiraz-308x385small-medal_47cb1548135d42689edc960eb3dc9cbe.jpg","datePublished":"2022-07-08T03:34:00+00:00","dateModified":"2023-07-12T16:58:21+00:00","breadcrumb":{"@id":"https:\/\/www.ilovewines.vn\/product\/evans-tate-redbrook-shiraz-2012\/#breadcrumb"},"inLanguage":"vi","potentialAction":[{"@type":"ReadAction","target":["https:\/\/www.ilovewines.vn\/product\/evans-tate-redbrook-shiraz-2012\/"]}]},{"@type":"ImageObject","inLanguage":"vi","@id":"https:\/\/www.ilovewines.vn\/product\/evans-tate-redbrook-shiraz-2012\/#primaryimage","url":"https:\/\/www.ilovewines.vn\/wp-content\/uploads\/2022\/07\/01362012-et-redbrook-shiraz-308x385small-medal_47cb1548135d42689edc960eb3dc9cbe.jpg","contentUrl":"https:\/\/www.ilovewines.vn\/wp-content\/uploads\/2022\/07\/01362012-et-redbrook-shiraz-308x385small-medal_47cb1548135d42689edc960eb3dc9cbe.jpg","width":308,"height":385},{"@type":"BreadcrumbList","@id":"https:\/\/www.ilovewines.vn\/product\/evans-tate-redbrook-shiraz-2012\/#breadcrumb","itemListElement":[{"@type":"ListItem","position":1,"name":"Home","item":"https:\/\/www.ilovewines.vn\/"},{"@type":"ListItem","position":2,"name":"Catalogue","item":"https:\/\/www.ilovewines.vn\/catalogue\/"},{"@type":"ListItem","position":3,"name":"Evans &#038; Tate Redbrook Shiraz"}]},{"@type":"WebSite","@id":"https:\/\/www.ilovewines.vn\/#website","url":"https:\/\/www.ilovewines.vn\/","name":"Rada Wines","description":"Just another WordPress site","publisher":{"@id":"https:\/\/www.ilovewines.vn\/#organization"},"potentialAction":[{"@type":"SearchAction","target":{"@type":"EntryPoint","urlTemplate":"https:\/\/www.ilovewines.vn\/?s={search_term_string}"},"query-input":{"@type":"PropertyValueSpecification","valueRequired":true,"valueName":"search_term_string"}}],"inLanguage":"vi"},{"@type":"Organization","@id":"https:\/\/www.ilovewines.vn\/#organization","name":"Rada Wines","url":"https:\/\/www.ilovewines.vn\/","logo":{"@type":"ImageObject","inLanguage":"vi","@id":"https:\/\/www.ilovewines.vn\/#\/schema\/logo\/image\/","url":"https:\/\/www.ilovewines.vn\/wp-content\/uploads\/2022\/06\/cropped-162574230_380766779846763_4426584222903300096_n.jpg","contentUrl":"https:\/\/www.ilovewines.vn\/wp-content\/uploads\/2022\/06\/cropped-162574230_380766779846763_4426584222903300096_n.jpg","width":320,"height":206,"caption":"Rada Wines"},"image":{"@id":"https:\/\/www.ilovewines.vn\/#\/schema\/logo\/image\/"}}]}},"_links":{"self":[{"href":"https:\/\/www.ilovewines.vn\/vi\/wp-json\/wp\/v2\/product\/2382","targetHints":{"allow":["GET"]}}],"collection":[{"href":"https:\/\/www.ilovewines.vn\/vi\/wp-json\/wp\/v2\/product"}],"about":[{"href":"https:\/\/www.ilovewines.vn\/vi\/wp-json\/wp\/v2\/types\/product"}],"version-history":[{"count":1,"href":"https:\/\/www.ilovewines.vn\/vi\/wp-json\/wp\/v2\/product\/2382\/revisions"}],"predecessor-version":[{"id":3946,"href":"https:\/\/www.ilovewines.vn\/vi\/wp-json\/wp\/v2\/product\/2382\/revisions\/3946"}],"wp:featuredmedia":[{"embeddable":true,"href":"https:\/\/www.ilovewines.vn\/vi\/wp-json\/wp\/v2\/media\/2381"}],"wp:attachment":[{"href":"https:\/\/www.ilovewines.vn\/vi\/wp-json\/wp\/v2\/media?parent=2382"}],"wp:term":[{"taxonomy":"product_brand","embeddable":true,"href":"https:\/\/www.ilovewines.vn\/vi\/wp-json\/wp\/v2\/product_brand?post=2382"},{"taxonomy":"product_cat","embeddable":true,"href":"https:\/\/www.ilovewines.vn\/vi\/wp-json\/wp\/v2\/product_cat?post=2382"},{"taxonomy":"product_tag","embeddable":true,"href":"https:\/\/www.ilovewines.vn\/vi\/wp-json\/wp\/v2\/product_tag?post=2382"},{"taxonomy":"grape_varietal","embeddable":true,"href":"https:\/\/www.ilovewines.vn\/vi\/wp-json\/wp\/v2\/grape_varietal?post=2382"},{"taxonomy":"wine_regions","embeddable":true,"href":"https:\/\/www.ilovewines.vn\/vi\/wp-json\/wp\/v2\/wine_regions?post=2382"}],"curies":[{"name":"wp","href":"https:\/\/api.w.org\/{rel}","templated":true}]}}