{"id":2384,"date":"2022-07-07T21:34:01","date_gmt":"2022-07-08T03:34:01","guid":{"rendered":"https:\/\/www.ilovewines.vn\/product\/evans-tate-redbrook-estate-chardonnay-2018\/"},"modified":"2023-07-12T10:57:27","modified_gmt":"2023-07-12T16:57:27","slug":"evans-tate-redbrook-estate-chardonnay-2018","status":"publish","type":"product","link":"https:\/\/www.ilovewines.vn\/vi\/product\/evans-tate-redbrook-estate-chardonnay-2018\/","title":{"rendered":"Evans &amp; Tate Redbrook Estate Chardonnay"},"content":{"rendered":"<p style=\"text-align: justify;\"><strong>C\u1ea2M QUAN<\/strong><\/p>\n<h3>Th\u1ecb gi\u00e1c<\/h3>\n<p>V\u00e0ng s\u00e1ng, v\u1edbi \u00e1nh xanh l\u00e1 c\u00e2y t\u01b0\u01a1i.<\/p>\n<h3>Kh\u1ee9u gi\u00e1c<\/h3>\n<p>M\u00f9i th\u01a1m ph\u1ee9c t\u1ea1p c\u1ee7a qu\u1ea3 h\u1ea1ch, qu\u1ea3 l\u00ea, cam chanh. M\u00f9i th\u01a1m quy\u1ebfn r\u0169 c\u1ee7a b\u00e1nh m\u00ec n\u01b0\u1edbng, th\u1ea3o m\u1ed9c kh\u00f4 v\u00e0 m\u1ea1ch nha, \u0111\u1ebfn t\u1eeb qu\u00e1 tr\u00ecnh l\u00ean men t\u1ef1 nhi\u00ean trong c\u00e1c th\u00f9ng g\u1ed7 s\u1ed3i Ph\u00e1p m\u1edbi c\u1ee9ng.<\/p>\n<h3>V\u1ecb gi\u00e1c<\/h3>\n<p>Vang s\u1ebd cho ng\u01b0\u1eddi u\u1ed1ng c\u1ea3m nh\u1eadn \u0111\u00e1ng k\u1ec3 v\u1ecb ng\u1ecdt c\u1ee7a hoa qu\u1ea3, \u0111\u1ed9 \u0111\u1eadm \u0111\u00e0 v\u00e0 ki\u00ean tr\u00ec \u0111\u1ebfn t\u1eeb gi\u1ed1ng nho Chardonnay c\u1ee7a v\u00f9ng S\u00f4ng Margaret. V\u1ecb ngon hoa qu\u1ea3 \u0111\u1eadm \u0111\u00e0 n\u00e0y \u0111\u01b0\u1ee3c k\u1ebft h\u1ee3p c\u00f9ng k\u1ebft c\u1ea5u vang \u0111\u00e1ng y\u00eau. M\u1ed9t \u00edt v\u1ecb m\u1eb7n \u0111\u1ebfn t\u1eeb th\u1eddi gian vang \u0111\u01b0\u1ee3c nu\u00f4i trong c\u00e1c th\u00f9ng g\u1ed7 s\u1ed3i Ph\u00e1p m\u1edbi, \u0111\u01b0\u1ee3c c\u00e2n b\u1eb1ng h\u00f3a b\u1edfi l\u01b0\u1ee3ng axit t\u1ef1 nhi\u00ean t\u01b0\u01a1i m\u1edbi.<\/p>\n<h3>B\u1ea3o qu\u1ea3n<\/h3>\n<p>Vang s\u1ebd ti\u1ebfp t\u1ee5c ph\u00e1t tri\u1ec3n \u00edt nh\u1ea5t trong 5 n\u0103m t\u1edbi, k\u1ec3 t\u1eeb khi ni\u00ean v\u1ee5 2017.<\/p>\n<p style=\"text-align: justify;\"><strong>\u1ea8M TH\u1ef0C K\u1ebeT H\u1ee2P<\/strong><\/p>\n<p style=\"text-align: justify;\">C\u00e1 h\u1ed3ng n\u01b0\u1edbng v\u1edbi t\u1ecfi v\u00e0 b\u01a1 v\u1edbi h\u00fang t\u00e2y (thyme).<\/p>\n<p style=\"text-align: center;\"><iframe src=\"https:\/\/www.youtube.com\/embed\/iDvwUclqePM\" width=\"560\" height=\"315\" frameborder=\"0\" allowfullscreen=\"allowfullscreen\"><\/iframe><\/p>\n<p style=\"text-align: center;\"><em>Nh\u00e0 s\u1ea3n xu\u1ea5t r\u01b0\u1ee3u vang Matthew Byrne gi\u1edbi thi\u1ec7u v\u1ec1 th\u01b0\u01a1ng hi\u1ec7u Evans &amp; Tate v\u00e0 v\u01b0\u1eddn nho Redbrook c\u1ee7a h\u1ecd. (Video: E&amp;T YouTube)<\/em><\/p>\n<h3>Th\u1ebf h\u1ec7 ti\u1ebfp theo c\u1ee7a r\u01b0\u1ee3u vang s\u00f4ng Margaret truy\u1ec1n th\u1ed1ng<\/h3>\n<p>C\u00e1i t\u00ean\u00a0<em>Redbrook\u00a0<\/em>\u1ed1n nh\u1eb1m g\u1ee3i l\u00ean s\u1ef1 kho\u00e1i l\u1ea1c v\u00e0 xa x\u1ec9. \u0110\u1ec3 gi\u1eef g\u00ecn tri\u1ebft l\u00fd n\u00e0y, Evans &amp; Tate \u0111\u00e3 t\u1ea1o ra 2 d\u00f2ng Redbrook kh\u00e1c nhau, bao g\u1ed3m to\u00e0n c\u00e1c d\u00f2ng vang si\u00eau cao c\u1ea5p \u0111\u1ebfn t\u1eeb S\u00f4ng Margaret.<\/p>\n<p>D\u00f2ng vang m\u1edbi Redbrook Estate s\u1ebd cho ng\u01b0\u1eddi th\u01b0\u1edfng th\u1ee9c c\u1ea3m nh\u1eadn \u0111\u01b0\u1ee3c h\u01b0\u01a1ng v\u1ecb tr\u00e1i c\u00e2y \u00dac \u0111\u1eadm \u0111\u00e0, c\u00f2n ch\u1ea5t l\u01b0\u1ee3ng th\u00ec lu\u00f4n gi\u1eef v\u1eefng tinh th\u1ea7n c\u1ee7a c\u00e1i t\u00ean Redbrook.\u00a0<em>Redbrook<\/em>\u00a0name.<\/p>\n<h3>Ni\u00ean v\u1ee5<\/h3>\n<p>M\u1ed9t m\u00f9a v\u1ee5 tr\u1ed3ng nho \u1ea9m \u01b0\u1edbt v\u00e0 k\u00e9o d\u00e0i, khi\u1ebfn cho nh\u1eefng tr\u00e1i nho kh\u00e1 l\u00e0 t\u01b0\u01a1i t\u1ed1t v\u00e0 kh\u1ecfe m\u1ea1nh ngay t\u1eeb tr\u01b0\u1edbc khi ch\u00edn. Nh\u1eefng y\u1ebfu t\u1ed1 n\u00e0y \u0111\u00e3 ho\u00e3n l\u1ea1i ng\u00e0y thu ho\u1ea1ch, \u0111\u01b0\u1ee3c \u0111\u00e1nh d\u1ea5u b\u1edfi c\u00e1c th\u00e1ng c\u00f3 nhi\u1ec7t \u0111\u1ed9 l\u1ea1nh v\u00e0 \u1ea9m \u01b0\u1edbt, ph\u00f9 h\u1ee3p \u0111\u1ec3 ch\u00edn nho - \u0111i\u1ec1u ki\u1ec7n th\u1eddi ti\u1ebft v\u1ed1n kh\u00f4ng t\u1ed3n t\u1ea1i \u1edf mi\u1ec1n T\u00e2y \u00dac trong v\u00f2ng h\u01a1n 10 n\u0103m v\u1eeba qua. Nh\u1eefng \u0111i\u1ec1u ki\u1ec7n n\u00e0y c\u1ed9ng v\u1edbi s\u1ef1 v\u1eafng m\u1eb7t c\u1ee7a c\u00e1c \u0111\u1ee3t nhi\u1ec7t, \u0111\u00e3 gi\u00fap cho ra nh\u1eefng tr\u00e1i nho tr\u1eafng v\u1edbi m\u00f9i c\u1ef1c th\u01a1m v\u00e0 l\u01b0\u1ee3ng axit t\u1ef1 nhi\u00ean t\u1ed1t. M\u1ed9t th\u00e1ng 4 r\u1ea5t kh\u00f4 \u0111\u00e3 gi\u00fap nh\u1eefng tr\u00e1i nho tr\u1eafng \u0111\u1ea1t \u0111\u1ed9 ch\u00edn \u0111\u1ea7y \u0111\u1ee7, cung c\u1ea5p nh\u1eefng \u0111i\u1ec1u ki\u1ec7n t\u1ed1i \u01b0u cho vi\u1ec7c thu ho\u1ea1ch.<\/p>\n<h3>Qu\u00e1 tr\u00ecnh s\u1ea3n xu\u1ea5t<\/h3>\n<p>Nho \u0111\u01b0\u1ee3c thu ho\u1ea1ch \u0111\u00fang th\u1eddi \u0111i\u1ec3m v\u1ecb nho \u0111\u1ea1t ch\u1ea5t l\u01b0\u1ee3ng t\u1ed1i \u01b0u nh\u1ea5t \u1edf m\u1ed7i v\u01b0\u1eddn nho. T\u1ea1i th\u1eddi \u0111i\u1ec3m nho ch\u00edn ho\u00e0n h\u1ea3o nh\u1ea5t, nho \u0111\u01b0\u1ee3c h\u00e1i b\u1eb1ng tay v\u00e0o l\u00fac b\u00ecnh minh, tr\u01b0\u1edbc khi \u0111\u01b0\u1ee3c cho v\u00e0o c\u00e1c b\u1ecdc h\u00fat ch\u00e2n kh\u00f4ng v\u00e0 \u0111\u01b0\u1ee3c \u00e9p nh\u1eb9 b\u1eb1ng tay. N\u01b0\u1edbc nho \u0111\u01b0\u1ee3c th\u1eed nghi\u1ec7m k\u1ef9 l\u01b0\u1ee1ng cho t\u1edbi khi \u0111\u1ea1t ch\u1ea5t l\u01b0\u1ee3ng t\u1ed1t nh\u1ea5t \u0111\u1ec3 \u0111\u01b0a v\u00e0o pha tr\u1ed9n.<\/p>\n<p>T\u1ea5t c\u1ea3 s\u1ed1 n\u01b0\u1edbc nho l\u1ea5y \u0111\u01b0\u1ee3c sau khi \u00e9p s\u1ebd \u0111\u01b0\u1ee3c cho l\u00ean men t\u1ef1 nhi\u00ean trong c\u00e1c th\u00f9ng g\u1ed7 s\u1ed3i Ph\u00e1p m\u1edbi c\u1ee9ng, trong v\u00f2ng 7-10 th\u00e1ng. Ng\u01b0\u1eddi ta s\u1ebd li\u00ean t\u1ee5c khu\u1ea5y \u0111\u1ec1u c\u1eb7n ph\u00eda d\u01b0\u1edbi \u0111\u00e1y th\u00f9ng l\u00ean, nh\u1eb1m cung c\u1ea5p c\u1ea5u tr\u00fac v\u00e0 s\u1ef1 \u0111\u1ec1u v\u1ecb cho vang.\u00a0T\u1eebng l\u00f4, v\u00e0 t\u1eebng lo\u1ea1i th\u00f9ng trong m\u1ed7i l\u00f4, \u0111\u01b0\u1ee3c \u0111\u00e1nh gi\u00e1 c\u1ea9n th\u1eadn \u0111\u1ec3 \u0111\u01b0a v\u00e0o h\u1ed7n h\u1ee3p Redbrook cu\u1ed1i c\u00f9ng. Th\u00e0nh ph\u1ea9m vang s\u1ebd \u0111\u01b0\u1ee3c \u0111\u01b0a v\u00e0o t\u1ea1o \u1ed5n \u0111\u1ecbnh, v\u00e0 \u0111\u01b0\u1ee3c l\u1ecdc l\u1ea1i m\u1ed9t l\u1ea7n tr\u01b0\u1edbc khi \u0111\u00f3ng chai, r\u1ed3i l\u1ea1i \u0111\u01b0\u1ee3c \u0111em c\u1ea5t h\u1ea7m r\u01b0\u1ee3u cho \u0111\u1ebfn khi r\u01b0\u1ee3u \u0111\u1ee7 \"ch\u00edn\" \u0111\u1ec3 \u0111em ra th\u1ecb tr\u01b0\u1eddng. Nh\u1edd v\u00e0o nh\u1eefng giai \u0111o\u1ea1n s\u1ea3n xu\u1ea5t k\u1ef3 c\u00f4ng n\u00e0y m\u00e0 m\u1ed7i chai vang Redbrook Chardonnay s\u1ebd c\u00f2n ti\u1ebfp t\u1ee5c ph\u00e1t tri\u1ec3n h\u01b0\u01a1ng v\u1ecb ph\u1ee9c t\u1ea1p c\u1ee7a n\u00f3 theo th\u1eddi gian.<\/p>\n<h3><\/h3>\n<h3>Ph\u00e2n t\u00edch<\/h3>\n<ul>\n<li>pH:\u00a03.11<\/li>\n<li>Axit: 7.70 g\/L<\/li>\n<li>L\u01b0\u1ee3ng \u0111\u01b0\u1eddng c\u00f2n d\u01b0: 0.88 g\/L<\/li>\n<\/ul>\n<p style=\"text-align: justify;\"><strong>GI\u1ea2I TH\u01af\u1edeNG &amp; TH\u00c0NH T\u1ef0U<\/strong><\/p>\n<p style=\"text-align: justify;\">Huy Ch\u01b0\u01a1ng V\u00e0ng - Gi\u1ea3i R\u01b0\u1ee3u vang &amp; R\u01b0\u1ee3u m\u1ea1nh Trung Qu\u1ed1c 2019<\/p>\n<p style=\"text-align: justify;\">Huy Ch\u01b0\u01a1ng V\u00e0ng - Gi\u1ea3i R\u01b0\u1ee3u vang Ho\u00e0ng gia Th\u00e0nh ph\u1ed1 Perth 2019<\/p>\n<p>Huy Ch\u01b0\u01a1ng V\u00e0ng - Show R\u01b0\u1ee3u vang Ho\u00e0ng gia Th\u00e0nh ph\u1ed1 Hobart 2019<\/p>\n<p>Huy Ch\u01b0\u01a1ng V\u00e0ng - Show R\u01b0\u1ee3u vang S\u00f4ng Margaret 2018<\/p>\n<p>Huy Ch\u01b0\u01a1ng B\u1ea1c - Gi\u1ea3i R\u01b0\u1ee3u vang B\u00ecnh th\u1edf Th\u1ebf gi\u1edbi 2019<\/p>\n<p>Huy Ch\u01b0\u01a1ng B\u1ea1c - Gi\u1ea3i R\u01b0\u1ee3u vang Ho\u00e0ng gia Th\u00e0nh ph\u1ed1 Sydney 2019<\/p>\n<p>Huy Ch\u01b0\u01a1ng B\u1ea1c - Show R\u01b0\u1ee3u vang Ho\u00e0ng gia Bang Queensland 2019<\/p>\n<p>Huy Ch\u01b0\u01a1ng B\u1ea1c - Gi\u1ea3i R\u01b0\u1ee3u vang Ho\u00e0ng gia Th\u00e0nh ph\u1ed1 Perth 2019<\/p>\n<p>&nbsp;<\/p>\n<p><strong>\u0110\u00c1NH GI\u00c1 T\u1eea CHUY\u00caN GIA<\/strong><\/p>\n<h3>Halliday wine companion 2020<\/h3>\n<h4>James Halliday<\/h4>\n<p>Nho \u0111\u01b0\u1ee3c h\u00e1i b\u1eb1ng tay, khi \u00e9p, c\u1ea3 ch\u00f9m nho \u0111\u01b0\u1ee3c \u00e9p c\u00f9ng m\u1ed9t l\u00fac, l\u00ean men theo ph\u01b0\u01a1ng ph\u00e1p t\u1ef1 nhi\u00ean trong c\u00e1c th\u00f9ng g\u1ed7 s\u1ed3i Ph\u00e1p m\u1edbi, r\u1ed3i \u0111\u01b0\u1ee3c nu\u00f4i trong \u0111\u00f3 trong v\u00f2ng 7 - 10 th\u00e1ng. \u0110\u1ea1t Huy Ch\u01b0\u01a1ng V\u00e0ng t\u1ea1i Show R\u01b0\u1ee3u vang S\u00f4ng Margaret 2018. V\u1ecb gi\u00e1c trong s\u00e1ng nh\u01b0 \u0111\u01b0\u1ee3c \u0111\u1ee5c t\u1eeb \u0111\u00e1 granit. 95\/100 \u0111i\u1ec3m<\/p>\n<p>95<\/p>\n<h3>\u0110\u00e1nh gi\u00e1 tr\u1ef1c ti\u1ebfp b\u1edfi James Suckling, t\u1eeb trang web jamessuckling.com<\/h3>\n<h4>\u0110\u00e1nh gi\u00e1 t\u1eeb \"bu\u1ed5i th\u1eed r\u01b0\u1ee3u vang \u00dac l\u1edbn nh\u1ea5t t\u1eeb tr\u01b0\u1edbc \u0111\u1ebfn nay\", th\u00e1ng 6\/2019:<\/h4>\n<p>Kh\u1ee9u gi\u00e1c kh\u00e1 tinh t\u1ebf v\u1edbi h\u01b0\u01a1ng hoa c\u00fac, hoa anh \u0111\u00e0o, cam qu\u00fdt t\u01b0\u01a1i, th\u1ea3o m\u1ed9c v\u00e0 gia v\u1ecb. V\u1ecb vang tr\u1ef1c ti\u1ebfp v\u00e0 gi\u00f2n, mang l\u1ea1i v\u1ecb c\u1ee7a c\u00e1c lo\u1ea1i tr\u00e1i c\u00e2y m\u00e0u xanh l\u00e1 c\u00e2y, v\u1edbi v\u1ecb \u0111\u1ecdng l\u1ea1i l\u00e2u \u1edf m\u1ee9c trung b\u00ecnh.\n\n92\/100 \u0111i\u1ec3m<\/p>\n<p>92<\/p>","protected":false},"excerpt":{"rendered":"<p>\u0110\u1ea1t nhi\u1ec1u huy ch\u01b0\u01a1ng v\u00e0ng v\u00e0 b\u1ea1c<\/p>","protected":false},"featured_media":2383,"template":"","meta":{"_acf_changed":false},"product_brand":[],"product_cat":[2640,89],"product_tag":[],"grape_varietal":[2472],"wine_regions":[2454],"class_list":{"0":"post-2384","1":"product","2":"type-product","3":"status-publish","4":"has-post-thumbnail","6":"product_cat-catalogue","7":"product_cat-white-wine","8":"pa_brand-evans-tate","9":"grape_varietal-chardonnay","10":"wine_regions-margaret-river","12":"first","13":"instock","14":"shipping-taxable","15":"product-type-simple"},"acf":[],"yoast_head":"<!-- This site is optimized with the Yoast SEO plugin v27.4 - https:\/\/yoast.com\/product\/yoast-seo-wordpress\/ -->\n<title>Evans &amp; Tate Redbrook Estate Chardonnay - Rada Wines<\/title>\n<meta name=\"robots\" content=\"index, follow, max-snippet:-1, max-image-preview:large, max-video-preview:-1\" \/>\n<link rel=\"canonical\" href=\"https:\/\/www.ilovewines.vn\/vi\/san-pham\/evans-tate-redbrook-estate-chardonnay-2018\/\" \/>\n<meta property=\"og:locale\" content=\"vi_VN\" \/>\n<meta property=\"og:type\" content=\"article\" \/>\n<meta property=\"og:title\" content=\"Evans &amp; Tate Redbrook Estate Chardonnay - Rada Wines\" \/>\n<meta property=\"og:description\" content=\"Multiple gold &amp; silver medals\" \/>\n<meta property=\"og:url\" content=\"https:\/\/www.ilovewines.vn\/vi\/san-pham\/evans-tate-redbrook-estate-chardonnay-2018\/\" \/>\n<meta property=\"og:site_name\" content=\"Rada Wines\" \/>\n<meta property=\"article:modified_time\" content=\"2023-07-12T16:57:27+00:00\" \/>\n<meta property=\"og:image\" content=\"https:\/\/www.ilovewines.vn\/wp-content\/uploads\/2022\/07\/evans-_-tate-2017-redbrook-estate-chardonnay-308x385small_614c292a41274270a6d714dea4615a35.png\" \/>\n\t<meta property=\"og:image:width\" content=\"308\" \/>\n\t<meta property=\"og:image:height\" content=\"385\" \/>\n\t<meta property=\"og:image:type\" content=\"image\/png\" \/>\n<meta name=\"twitter:card\" content=\"summary_large_image\" \/>\n<meta name=\"twitter:label1\" content=\"\u01af\u1edbc t\u00ednh th\u1eddi gian \u0111\u1ecdc\" \/>\n\t<meta name=\"twitter:data1\" content=\"3 ph\u00fat\" \/>\n<script type=\"application\/ld+json\" class=\"yoast-schema-graph\">{\"@context\":\"https:\\\/\\\/schema.org\",\"@graph\":[{\"@type\":\"WebPage\",\"@id\":\"https:\\\/\\\/www.ilovewines.vn\\\/product\\\/evans-tate-redbrook-estate-chardonnay-2018\\\/\",\"url\":\"https:\\\/\\\/www.ilovewines.vn\\\/product\\\/evans-tate-redbrook-estate-chardonnay-2018\\\/\",\"name\":\"Evans & Tate Redbrook Estate Chardonnay - Rada Wines\",\"isPartOf\":{\"@id\":\"https:\\\/\\\/www.ilovewines.vn\\\/#website\"},\"primaryImageOfPage\":{\"@id\":\"https:\\\/\\\/www.ilovewines.vn\\\/product\\\/evans-tate-redbrook-estate-chardonnay-2018\\\/#primaryimage\"},\"image\":{\"@id\":\"https:\\\/\\\/www.ilovewines.vn\\\/product\\\/evans-tate-redbrook-estate-chardonnay-2018\\\/#primaryimage\"},\"thumbnailUrl\":\"https:\\\/\\\/www.ilovewines.vn\\\/wp-content\\\/uploads\\\/2022\\\/07\\\/evans-_-tate-2017-redbrook-estate-chardonnay-308x385small_614c292a41274270a6d714dea4615a35.png\",\"datePublished\":\"2022-07-08T03:34:01+00:00\",\"dateModified\":\"2023-07-12T16:57:27+00:00\",\"breadcrumb\":{\"@id\":\"https:\\\/\\\/www.ilovewines.vn\\\/product\\\/evans-tate-redbrook-estate-chardonnay-2018\\\/#breadcrumb\"},\"inLanguage\":\"vi\",\"potentialAction\":[{\"@type\":\"ReadAction\",\"target\":[\"https:\\\/\\\/www.ilovewines.vn\\\/product\\\/evans-tate-redbrook-estate-chardonnay-2018\\\/\"]}]},{\"@type\":\"ImageObject\",\"inLanguage\":\"vi\",\"@id\":\"https:\\\/\\\/www.ilovewines.vn\\\/product\\\/evans-tate-redbrook-estate-chardonnay-2018\\\/#primaryimage\",\"url\":\"https:\\\/\\\/www.ilovewines.vn\\\/wp-content\\\/uploads\\\/2022\\\/07\\\/evans-_-tate-2017-redbrook-estate-chardonnay-308x385small_614c292a41274270a6d714dea4615a35.png\",\"contentUrl\":\"https:\\\/\\\/www.ilovewines.vn\\\/wp-content\\\/uploads\\\/2022\\\/07\\\/evans-_-tate-2017-redbrook-estate-chardonnay-308x385small_614c292a41274270a6d714dea4615a35.png\",\"width\":308,\"height\":385},{\"@type\":\"BreadcrumbList\",\"@id\":\"https:\\\/\\\/www.ilovewines.vn\\\/product\\\/evans-tate-redbrook-estate-chardonnay-2018\\\/#breadcrumb\",\"itemListElement\":[{\"@type\":\"ListItem\",\"position\":1,\"name\":\"Home\",\"item\":\"https:\\\/\\\/www.ilovewines.vn\\\/\"},{\"@type\":\"ListItem\",\"position\":2,\"name\":\"Catalogue\",\"item\":\"https:\\\/\\\/www.ilovewines.vn\\\/catalogue\\\/\"},{\"@type\":\"ListItem\",\"position\":3,\"name\":\"Evans &#038; Tate Redbrook Estate Chardonnay\"}]},{\"@type\":\"WebSite\",\"@id\":\"https:\\\/\\\/www.ilovewines.vn\\\/#website\",\"url\":\"https:\\\/\\\/www.ilovewines.vn\\\/\",\"name\":\"Rada Wines\",\"description\":\"Just another WordPress site\",\"publisher\":{\"@id\":\"https:\\\/\\\/www.ilovewines.vn\\\/#organization\"},\"potentialAction\":[{\"@type\":\"SearchAction\",\"target\":{\"@type\":\"EntryPoint\",\"urlTemplate\":\"https:\\\/\\\/www.ilovewines.vn\\\/?s={search_term_string}\"},\"query-input\":{\"@type\":\"PropertyValueSpecification\",\"valueRequired\":true,\"valueName\":\"search_term_string\"}}],\"inLanguage\":\"vi\"},{\"@type\":\"Organization\",\"@id\":\"https:\\\/\\\/www.ilovewines.vn\\\/#organization\",\"name\":\"Rada Wines\",\"url\":\"https:\\\/\\\/www.ilovewines.vn\\\/\",\"logo\":{\"@type\":\"ImageObject\",\"inLanguage\":\"vi\",\"@id\":\"https:\\\/\\\/www.ilovewines.vn\\\/#\\\/schema\\\/logo\\\/image\\\/\",\"url\":\"https:\\\/\\\/www.ilovewines.vn\\\/wp-content\\\/uploads\\\/2022\\\/06\\\/cropped-162574230_380766779846763_4426584222903300096_n.jpg\",\"contentUrl\":\"https:\\\/\\\/www.ilovewines.vn\\\/wp-content\\\/uploads\\\/2022\\\/06\\\/cropped-162574230_380766779846763_4426584222903300096_n.jpg\",\"width\":320,\"height\":206,\"caption\":\"Rada Wines\"},\"image\":{\"@id\":\"https:\\\/\\\/www.ilovewines.vn\\\/#\\\/schema\\\/logo\\\/image\\\/\"}}]}<\/script>\n<!-- \/ Yoast SEO plugin. -->","yoast_head_json":{"title":"Evans & Tate Redbrook Estate Chardonnay - Rada Wines","robots":{"index":"index","follow":"follow","max-snippet":"max-snippet:-1","max-image-preview":"max-image-preview:large","max-video-preview":"max-video-preview:-1"},"canonical":"https:\/\/www.ilovewines.vn\/vi\/san-pham\/evans-tate-redbrook-estate-chardonnay-2018\/","og_locale":"vi_VN","og_type":"article","og_title":"Evans & Tate Redbrook Estate Chardonnay - Rada Wines","og_description":"Multiple gold &amp; silver medals","og_url":"https:\/\/www.ilovewines.vn\/vi\/san-pham\/evans-tate-redbrook-estate-chardonnay-2018\/","og_site_name":"Rada Wines","article_modified_time":"2023-07-12T16:57:27+00:00","og_image":[{"width":308,"height":385,"url":"https:\/\/www.ilovewines.vn\/wp-content\/uploads\/2022\/07\/evans-_-tate-2017-redbrook-estate-chardonnay-308x385small_614c292a41274270a6d714dea4615a35.png","type":"image\/png"}],"twitter_card":"summary_large_image","twitter_misc":{"\u01af\u1edbc t\u00ednh th\u1eddi gian \u0111\u1ecdc":"3 ph\u00fat"},"schema":{"@context":"https:\/\/schema.org","@graph":[{"@type":"WebPage","@id":"https:\/\/www.ilovewines.vn\/product\/evans-tate-redbrook-estate-chardonnay-2018\/","url":"https:\/\/www.ilovewines.vn\/product\/evans-tate-redbrook-estate-chardonnay-2018\/","name":"Evans & Tate Redbrook Estate Chardonnay - Rada Wines","isPartOf":{"@id":"https:\/\/www.ilovewines.vn\/#website"},"primaryImageOfPage":{"@id":"https:\/\/www.ilovewines.vn\/product\/evans-tate-redbrook-estate-chardonnay-2018\/#primaryimage"},"image":{"@id":"https:\/\/www.ilovewines.vn\/product\/evans-tate-redbrook-estate-chardonnay-2018\/#primaryimage"},"thumbnailUrl":"https:\/\/www.ilovewines.vn\/wp-content\/uploads\/2022\/07\/evans-_-tate-2017-redbrook-estate-chardonnay-308x385small_614c292a41274270a6d714dea4615a35.png","datePublished":"2022-07-08T03:34:01+00:00","dateModified":"2023-07-12T16:57:27+00:00","breadcrumb":{"@id":"https:\/\/www.ilovewines.vn\/product\/evans-tate-redbrook-estate-chardonnay-2018\/#breadcrumb"},"inLanguage":"vi","potentialAction":[{"@type":"ReadAction","target":["https:\/\/www.ilovewines.vn\/product\/evans-tate-redbrook-estate-chardonnay-2018\/"]}]},{"@type":"ImageObject","inLanguage":"vi","@id":"https:\/\/www.ilovewines.vn\/product\/evans-tate-redbrook-estate-chardonnay-2018\/#primaryimage","url":"https:\/\/www.ilovewines.vn\/wp-content\/uploads\/2022\/07\/evans-_-tate-2017-redbrook-estate-chardonnay-308x385small_614c292a41274270a6d714dea4615a35.png","contentUrl":"https:\/\/www.ilovewines.vn\/wp-content\/uploads\/2022\/07\/evans-_-tate-2017-redbrook-estate-chardonnay-308x385small_614c292a41274270a6d714dea4615a35.png","width":308,"height":385},{"@type":"BreadcrumbList","@id":"https:\/\/www.ilovewines.vn\/product\/evans-tate-redbrook-estate-chardonnay-2018\/#breadcrumb","itemListElement":[{"@type":"ListItem","position":1,"name":"Home","item":"https:\/\/www.ilovewines.vn\/"},{"@type":"ListItem","position":2,"name":"Catalogue","item":"https:\/\/www.ilovewines.vn\/catalogue\/"},{"@type":"ListItem","position":3,"name":"Evans &#038; Tate Redbrook Estate Chardonnay"}]},{"@type":"WebSite","@id":"https:\/\/www.ilovewines.vn\/#website","url":"https:\/\/www.ilovewines.vn\/","name":"Rada Wines","description":"Just another WordPress site","publisher":{"@id":"https:\/\/www.ilovewines.vn\/#organization"},"potentialAction":[{"@type":"SearchAction","target":{"@type":"EntryPoint","urlTemplate":"https:\/\/www.ilovewines.vn\/?s={search_term_string}"},"query-input":{"@type":"PropertyValueSpecification","valueRequired":true,"valueName":"search_term_string"}}],"inLanguage":"vi"},{"@type":"Organization","@id":"https:\/\/www.ilovewines.vn\/#organization","name":"Rada Wines","url":"https:\/\/www.ilovewines.vn\/","logo":{"@type":"ImageObject","inLanguage":"vi","@id":"https:\/\/www.ilovewines.vn\/#\/schema\/logo\/image\/","url":"https:\/\/www.ilovewines.vn\/wp-content\/uploads\/2022\/06\/cropped-162574230_380766779846763_4426584222903300096_n.jpg","contentUrl":"https:\/\/www.ilovewines.vn\/wp-content\/uploads\/2022\/06\/cropped-162574230_380766779846763_4426584222903300096_n.jpg","width":320,"height":206,"caption":"Rada Wines"},"image":{"@id":"https:\/\/www.ilovewines.vn\/#\/schema\/logo\/image\/"}}]}},"_links":{"self":[{"href":"https:\/\/www.ilovewines.vn\/vi\/wp-json\/wp\/v2\/product\/2384","targetHints":{"allow":["GET"]}}],"collection":[{"href":"https:\/\/www.ilovewines.vn\/vi\/wp-json\/wp\/v2\/product"}],"about":[{"href":"https:\/\/www.ilovewines.vn\/vi\/wp-json\/wp\/v2\/types\/product"}],"version-history":[{"count":2,"href":"https:\/\/www.ilovewines.vn\/vi\/wp-json\/wp\/v2\/product\/2384\/revisions"}],"predecessor-version":[{"id":4553,"href":"https:\/\/www.ilovewines.vn\/vi\/wp-json\/wp\/v2\/product\/2384\/revisions\/4553"}],"wp:featuredmedia":[{"embeddable":true,"href":"https:\/\/www.ilovewines.vn\/vi\/wp-json\/wp\/v2\/media\/2383"}],"wp:attachment":[{"href":"https:\/\/www.ilovewines.vn\/vi\/wp-json\/wp\/v2\/media?parent=2384"}],"wp:term":[{"taxonomy":"product_brand","embeddable":true,"href":"https:\/\/www.ilovewines.vn\/vi\/wp-json\/wp\/v2\/product_brand?post=2384"},{"taxonomy":"product_cat","embeddable":true,"href":"https:\/\/www.ilovewines.vn\/vi\/wp-json\/wp\/v2\/product_cat?post=2384"},{"taxonomy":"product_tag","embeddable":true,"href":"https:\/\/www.ilovewines.vn\/vi\/wp-json\/wp\/v2\/product_tag?post=2384"},{"taxonomy":"grape_varietal","embeddable":true,"href":"https:\/\/www.ilovewines.vn\/vi\/wp-json\/wp\/v2\/grape_varietal?post=2384"},{"taxonomy":"wine_regions","embeddable":true,"href":"https:\/\/www.ilovewines.vn\/vi\/wp-json\/wp\/v2\/wine_regions?post=2384"}],"curies":[{"name":"wp","href":"https:\/\/api.w.org\/{rel}","templated":true}]}}