{"id":2386,"date":"2022-07-07T21:34:01","date_gmt":"2022-07-08T03:34:01","guid":{"rendered":"https:\/\/www.ilovewines.vn\/product\/evans-tate-redbrook-estate-cabernet-merlot-2016\/"},"modified":"2023-07-12T10:55:30","modified_gmt":"2023-07-12T16:55:30","slug":"evans-tate-redbrook-estate-cabernet-merlot-2016-2017","status":"publish","type":"product","link":"https:\/\/www.ilovewines.vn\/vi\/product\/evans-tate-redbrook-estate-cabernet-merlot-2016-2017\/","title":{"rendered":"Evans &amp; Tate Redbrook Estate Cabernet Merlot"},"content":{"rendered":"<p><strong>C\u1ea2M QUAN<\/strong><\/p>\n<h3>M\u00e0u s\u1eafc:<\/h3>\n<p>M\u00e0u \u0111\u1ecf \u0111\u1eadm v\u1edbi \u00e1nh t\u00edm s\u1ed1ng \u0111\u1ed9ng.<\/p>\n<h3>Kh\u1ee9u gi\u00e1c<\/h3>\n<p>\u0110\u00fang chu\u1ea9n vang v\u00f9ng s\u00f4ng Margaret. M\u00f9i r\u01b0\u1ee3u \u0111\u1eadm \u0111\u00e0 m\u00f9i th\u01a1m d\u00e2u \u0111en v\u00e0 m\u1eadn t\u1eeb gi\u1ed1ng nho Cabernet Sauvignon, ngo\u00e0i ra c\u00f2n c\u00f3 m\u00f9i l\u00e1 nguy\u1ec7t qu\u1ebf v\u00e0 qu\u1ea3 oliu \u0111en.\u00a0<\/p>\n<h3>V\u1ecb gi\u00e1c<\/h3>\n<p>V\u1ecb nho Merlot v\u1edbi m\u1ed9t ch\u00fat v\u1ecb nho Malbec \u0111\u00e3 b\u1ed5 sung c\u1ea5u tr\u00fac, s\u1ef1 c\u00e2n b\u1eb1ng v\u00e0 v\u1ecb ngon \u0111\u1ecdng l\u1ea1i c\u1ee7a vang, t\u1ea1o n\u00ean m\u1ed9t m\u00f9i th\u01a1m \u0111\u1ea7y sang tr\u1ecdng, v\u00e0 m\u1ed9t d\u00f2ng vang \u0111\u1ecf kh\u00e1c bi\u1ec7t, li\u1ec1n m\u1ea1ch, \u0111\u1ebfn t\u1eeb S\u00f4ng Margaret.<\/p>\n<h3>C\u1ea5t tr\u1eef:<\/h3>\n<p>Khi v\u1eeba m\u1edf r\u01b0\u1ee3u s\u1ebd th\u1ea5y \u0111\u01b0\u1ee3c s\u1ee9c tr\u1ebb trung, h\u01b0\u01a1ng th\u01a1m ng\u1eadp tr\u00e0n v\u1ecb tr\u00e1i c\u00e2y t\u01b0\u01a1i. \u0110\u1ec3 \u0111\u1ea1t \u0111\u01b0\u1ee3c \u0111\u1ed9 ph\u1ee9c t\u1ea1p v\u00e0 m\u1ec1m m\u1ea1i t\u00f4 \u0111i\u1ec3m th\u00eam cho r\u01b0\u1ee3u, n\u00ean tr\u1eef r\u01b0\u1ee3u th\u00eam 3 n\u0103m ho\u1eb7c h\u01a1n n\u1eefa.<\/p>\n<h3>\u1ea8m th\u1ef1c k\u1ebft h\u1ee3p<\/h3>\n<p>Th\u1ecbt c\u1eebu nh\u1ed3i h\u01b0\u01a1ng th\u1ea3o (rosemary), h\u1ea7m v\u1edbi ch\u00e1o ng\u00f4 \u00dd (polenta).<\/p>\n<p>&nbsp;<\/p>\n<p>&nbsp;<\/p>\n<p style=\"text-align: center;\"><iframe src=\"https:\/\/www.youtube.com\/embed\/iDvwUclqePM\" width=\"560\" height=\"315\" frameborder=\"0\" allowfullscreen=\"allowfullscreen\"><\/iframe><\/p>\n<p style=\"text-align: center;\"><em>Nh\u00e0 s\u1ea3n xu\u1ea5t r\u01b0\u1ee3u vang Matthew Byrne gi\u1edbi thi\u1ec7u v\u1ec1 th\u01b0\u01a1ng hi\u1ec7u Evans &amp; Tate v\u00e0 v\u01b0\u1eddn nho Redbrook c\u1ee7a h\u1ecd. (Video: E&amp;T YouTube)<\/em><\/p>\n<h3>Th\u1ebf h\u1ec7 ti\u1ebfp theo c\u1ee7a r\u01b0\u1ee3u vang s\u00f4ng Margaret truy\u1ec1n th\u1ed1ng<\/h3>\n<p>C\u00e1i t\u00ean\u00a0<em>Redbrook\u00a0<\/em>\u1ed1n nh\u1eb1m g\u1ee3i l\u00ean s\u1ef1 kho\u00e1i l\u1ea1c v\u00e0 xa x\u1ec9. \u0110\u1ec3 gi\u1eef g\u00ecn tri\u1ebft l\u00fd n\u00e0y, Evans &amp; Tate \u0111\u00e3 t\u1ea1o ra 2 d\u00f2ng Redbrook kh\u00e1c nhau, bao g\u1ed3m to\u00e0n c\u00e1c d\u00f2ng vang si\u00eau cao c\u1ea5p \u0111\u1ebfn t\u1eeb S\u00f4ng Margaret.<\/p>\n<p>D\u00f2ng vang m\u1edbi Redbrook Estate s\u1ebd cho ng\u01b0\u1eddi th\u01b0\u1edfng th\u1ee9c c\u1ea3m nh\u1eadn \u0111\u01b0\u1ee3c h\u01b0\u01a1ng v\u1ecb tr\u00e1i c\u00e2y \u00dac \u0111\u1eadm \u0111\u00e0, c\u00f2n ch\u1ea5t l\u01b0\u1ee3ng th\u00ec lu\u00f4n gi\u1eef v\u1eefng tinh th\u1ea7n c\u1ee7a c\u00e1i t\u00ean Redbrook.\u00a0<em>Redbrook<\/em>\u00a0name.<\/p>\n<p>&nbsp;<\/p>\n<h3>Ni\u00ean v\u1ee5<\/h3>\n<p>2016 l\u00e0 m\u1ed9t ni\u00ean v\u1ee5 \u0111\u1ea7y kh\u00e1c bi\u1ec7t. M\u1ed9t m\u00f9i v\u1ee5 kh\u00f4 hanh v\u00e0 \u1ea5m \u00e1p \u0111\u00e3 k\u1ebft th\u00fac b\u1eb1ng m\u1ed9t \u0111\u1ee3t m\u01b0a nhi\u1ec7t \u0111\u1edbi v\u00e0o th\u00e1ng 1\/2016. Tr\u1eadn m\u01b0a \u0111\u00e3 l\u00f9i ng\u00e0y thu ho\u1ea1ch l\u1ea1i, cho ph\u00e9p \u0111\u1ed9 c\u00e2n b\u1eb1ng t\u1ed1t h\u01a1n trong nh\u1eefng tr\u00e1i nho trong th\u1eddi gian ch\u00edn nho, khi\u1ebfn c\u00e1c ch\u00f9m nho b\u00e9 h\u01a1n, qu\u1ea3 c\u0169ng b\u00e9 h\u01a1n. K\u1ebft qu\u1ea3 l\u00e0 nh\u1eefng tr\u00e1i nho v\u1edbi v\u1ecf nho d\u00e0y d\u1eb7n, v\u1ecb nho \u0111\u1ea7y t\u00ednh t\u1eadp trung, th\u1ec3 hi\u1ec7n \u0111\u1eb7c t\u00ednh tuy\u1ec7t v\u1eddi c\u1ee7a t\u1eebng gi\u1ed1ng nho.\u00a0<\/p>\n<h3>Qu\u00e1 tr\u00ecnh s\u1ea3n xu\u1ea5t<\/h3>\n<p>Nho gi\u1ed1ng\u00a0Cabernet Sauvignon \u0111\u01b0\u1ee3c thu ho\u1ea1ch t\u1eeb gi\u1eefa s\u00e1ng \u0111\u1ebfn t\u1ea7m g\u1ea7n tr\u01b0a, nh\u1eb1m \u0111\u1ea3m b\u1ea3o nh\u1eefng tr\u00e1i nho \u0111\u1ea1t \u0111\u01b0\u1ee3c nhi\u1ec7t \u0111\u1ed9 \u1ea5m \u00e1p &amp;\u00a0t\u1ed1i \u01b0u nh\u1ea5t, nh\u1edd \u0111\u00f3 tr\u00e1i nho s\u1ebd c\u00e0ng kh\u1ecfe m\u1ea1nh, th\u1eadm ch\u00ed l\u00e0 s\u1ebd b\u1eaft \u0111\u1ea7u l\u00ean men v\u1ecf nho. \u0110\u1ed1i v\u1edbi gi\u1ed1ng Merlot v\u00e0 Malbec th\u00ec l\u1ea1i \u0111\u01b0\u1ee3c thu ho\u1ea1ch l\u00fac tr\u1eddi m\u00e1t nh\u1ea5t v\u00e0o bu\u1ed5i s\u00e1ng s\u1edbm, nh\u1eb1m \u0111\u1ea1t nhi\u1ec7t \u0111\u1ed9 th\u1ea5p nh\u1ea5t. Sau \u0111\u00f3 nho s\u1ebd \u0111\u01b0\u1ee3c ng\u00e2m c\u00f9ng v\u1ecf trong v\u00f2ng 5 ng\u00e0y, tr\u01b0\u1edbc khi cho l\u00ean men.<\/p>\n<p>Nh\u1eefng th\u00f9ng nho \u0111\u01b0\u1ee3c ch\u1ecdn l\u1ecdc \u0111\u1ec3 thu ho\u1ea1ch n\u00e0y s\u1ebd \u0111\u01b0\u1ee3c b\u1ecf h\u1ebft cu\u1ed1ng v\u00e0 cho l\u00ean men trong v\u00f2ng 10 ng\u00e0y, b\u00ean trong c\u00e1c th\u00f9ng th\u00e9p kh\u00f4ng g\u1ec9. Ri\u00eang 2 gi\u1ed1ng nho Merlot v\u00e0 Malbec s\u1ebd ph\u1ea3i tr\u1ea3i qua m\u1ed9t ph\u1ea7n\u00a0qu\u00e1 tr\u00ecnh l\u00ean men t\u1ef1 nhi\u00ean (nh\u01b0 trong th\u1ebf gi\u1edbi hoang d\u00e3). Ri\u00eang gi\u1ed1ng nho Cabernet Sauvignon s\u1ebd \u0111\u01b0\u1ee3c gi\u1eef nguy\u00ean v\u1ecf nho trong v\u00f2ng 20 ng\u00e0y k\u1ebf ti\u1ebfp, nh\u1eb1m \u0111\u1ea3m b\u1ea3o vang s\u1ebd c\u00f3 m\u1ed9t m\u00e0u \u0111\u1ecf \u0111\u1eb9p m\u1eaft, s\u1ed1ng \u0111\u1ed9ng.\n\nT\u1ea5t c\u1ea3 c\u00e1c th\u00e0nh ph\u1ea7n\u00a0t\u1ea1o n\u00ean d\u00f2ng vang n\u00e0y s\u1ebd \u0111\u01b0\u1ee3c tr\u01b0\u1edfng th\u00e0nh trong c\u00e1c th\u00f9ng g\u00f4 s\u1ed3i Ph\u00e1p trong v\u00f2ng 15 th\u00e1ng. M\u1ed7i th\u00f9ng g\u1ed7 s\u1ed3i s\u1ebd \u0111\u01b0\u1ee3c n\u1ebfm th\u1eed th\u01b0\u1eddng xuy\u00ean, nh\u1eb1m \u0111\u00e1nh gi\u00e1 ch\u1ea5t l\u01b0\u1ee3ng vang. R\u01b0\u1ee3u vang sau \u0111\u00f3 s\u1ebd \u0111\u01b0\u1ee3c pha tr\u1ed9n c\u1ea9n th\u1eadn, s\u1ea3n xu\u1ea5t ra c\u00e1c m\u1eabu th\u1eed tr\u01b0\u1edbc r\u1ed3i m\u1edbi \u0111\u01b0\u1ee3c cho \u0111i \u0111\u00f3ng chai ch\u00ednh th\u1ee9c.<\/p>\n<p><strong><span style=\"font-size: 14px;\">Ph\u00e2n t\u00edch<\/span><\/strong><\/p>\n<ul>\n<li>N\u1ed3ng \u0111\u1ed9 c\u1ed3n:\u00a014.5%<\/li>\n<li>pH:\u00a03.35<\/li>\n<li>Axit: 7.21 g\/L<\/li>\n<\/ul>\n<h3><\/h3>\n<p><strong>GI\u1ea2I TH\u01af\u1edeNG<\/strong><\/p>\n<p><span style=\"font-size: 12pt;\"><strong>Ni\u00ean v\u1ee5 2017: Huy Ch\u01b0\u01a1ng B\u1ea1ch Kim - Gi\u1ea3i R\u01b0\u1ee3u vang B\u00ecnh Th\u1edf Th\u1ebf Gi\u1edbi 2020 (Decanter World Wine Awards)<\/strong><\/span><\/p>\n<p style=\"text-align: center;\"><img decoding=\"async\" src=\"https:\/\/file.hstatic.net\/1000211281\/file\/platinum_medal_-_redbrook_cab_merlot_99d163e62a2b4f83873a8fbcb0a6d040_grande.jpg\" \/><\/p>\n<p>&nbsp;<\/p>\n<p><span style=\"font-size: 12pt;\"><strong>Ni\u00ean v\u1ee5 2016:\u00a0\u00a0<\/strong><\/span><\/p>\n<p><strong>Huy ch\u01b0\u01a1ng V\u00e0ng<\/strong> <strong>&#8211; China wine &amp; spirits awards 2019<\/strong><\/p>\n<div class=\"grey-bg\">\n<div class=\"page-section\">\n<div id=\"shopify-section-product-template\" class=\"shopify-section\">\n<div class=\"container product-single\">\n<div class=\"row product-single__hero p-80-cont\">\n<div class=\"col-sm-8\">\n<div class=\"row\">\n<div class=\"row mb-50\">\n<div class=\"col-sm-12\">\n<div class=\"tabs-3\">\n<div class=\"tab-content\">\n<div id=\"tab-5\" class=\"tab-pane fade in active\">\n<p><strong>Huy ch\u01b0\u01a1ng V\u00e0ng<b>&#8211; National wine show of Australia 2018<\/b><\/strong><\/p>\n<p><b>Gold Medal- Royal Adelaide wine awards 2018<\/b><\/p>\n<p><b>Gold Medal- Wine show of western Australia 2018<\/b><\/p>\n<p><b>Silver Medal<strong>&#8211; The global cabernet sauvignon masters 2019<\/strong><\/b><\/p>\n<p><strong>Silver Medal &#8211; Margaret river wine show 2018<\/strong><\/p>\n<\/div>\n<p><strong>\u0110\u00e1nh gi\u00e1 c\u1ee7a c\u00e1c chuy\u00ean gia:<\/strong><\/p>\n<div id=\"tab-5\" class=\"tab-pane fade in active\">\n<h3>James Halliday, wine companion 2020<\/h3>\n<p>Huy ch\u01b0\u01a1ng v\u00e0ng t\u1eeb WA, Adelaide v\u00e0 Tri\u1ec3n l\u00e3m R\u01b0\u1ee3u vang Qu\u1ed1c gia. C\u00e1c gi\u1ed1ng \u0111\u01b0\u1ee3c \u1ee7 ri\u00eang bi\u1ec7t, tr\u01b0\u1edfng th\u00e0nh trong 18 th\u00e1ng. S\u1ef1 ch\u00fa \u00fd \u0111\u1ebfn t\u1eebng chi ti\u1ebft \u0111\u00e3 thu \u0111\u01b0\u1ee3c t\u1ea5t c\u1ea3 nh\u1eefng th\u00e0nh qu\u1ea3 c\u1ea7n thi\u1ebft m\u00e0 kh\u00f4ng c\u1ea7n b\u1ea5t k\u1ef3 c\u00f4ng vi\u1ec7c n\u1eb7ng nh\u1ecdc n\u00e0o trong nh\u00e0 m\u00e1y r\u01b0\u1ee3u. \u0110\u01a1n gi\u1ea3n l\u00e0 th\u01a1m ngon, \u0111\u01a1n gi\u1ea3n l\u00e0 thanh l\u1ecbch - ch\u1ec9 l\u00e0 h\u01b0\u01a1ng v\u1ecb ng\u1ecdt ng\u00e0o c\u1ee7a cassis\/qu\u1ea3 m\u1ecdng \u0111\u1ecf\/tannin m\u1ecbn.<\/p>\n<p>95\/100 \u0111i\u1ec3m<\/p>\n<h3>Huon Hooke, the real review 2019<\/h3>\n<p>M\u00e0u s\u1eafc r\u1ea5t t\u01b0\u01a1i s\u00e1ng, tr\u1ebb trung, m\u00e0u \u0111\u1ecf\/t\u00edm \u0111\u1eadm. B\u00f3 hoa c\u1ef1c k\u1ef3 t\u01b0\u01a1i m\u1edbi v\u00e0 r\u1ef1c r\u1ee1, v\u1edbi nh\u1eefng b\u00f4ng hoa t\u00edm, qu\u1ea3 vi\u1ec7t qu\u1ea5t v\u00e0 qu\u1ea3 m\u1ecdng m\u00e0u \u0111\u1ecf \u0111\u1ea7y phong c\u00e1ch t\u1eeb g\u1ed7 s\u1ed3i tr\u00e0n ra t\u1eeb ly. R\u01b0\u1ee3u c\u00f3 \u0111\u1ed9 \u0111\u1eadm v\u1eeba ph\u1ea3i, \u0111\u1eadm \u0111\u00e0 v\u00e0 t\u01b0\u01a1i s\u00e1ng, v\u1edbi h\u01b0\u01a1ng tr\u00e1i c\u00e2y s\u1ed1ng \u0111\u1ed9ng \u0111\u00e1ng y\u00eau d\u1eabn \u0111\u1ea7u v\u00e0 l\u01b0\u1ee3ng tannin h\u1ea1t m\u1ecbn d\u1ed3i d\u00e0o \u0111\u01b0\u1ee3c h\u1ed7 tr\u1ee3. N\u00f3 d\u00e0i v\u00e0 c\u00e2n b\u1eb1ng tuy\u1ec7t v\u1eddi. Bi\u1ec3u t\u01b0\u1ee3ng c\u1ee7a s\u1ef1 sang tr\u1ecdng.<\/p>\n<p>95\/100 \u0111i\u1ec3m<\/p>\n<h3>Ray Jordan&#8217;s top 100 reds<\/h3>\n<h4>The west Australian, ng\u00e0y 18 th\u00e1ng B\u1ea3y n\u0103m 2019<\/h4>\n<p>M\u1ed9t lo\u1ea1i r\u01b0\u1ee3u bi\u1ec3u c\u1ea3m v\u00e0 c\u00e2n b\u1eb1ng \u0111\u1eb9p m\u1eaft nh\u01b0 v\u1eady \u0111\u00e3 n\u1eafm b\u1eaft \u0111\u01b0\u1ee3c nh\u1eefng y\u1ebfu t\u1ed1 ch\u00ednh c\u1ee7a S\u00f4ng Margaret. C\u00f3 s\u1ef1 n\u1ed5i b\u1eadt r\u00f5 r\u1ec7t c\u1ee7a l\u00e1 nguy\u1ec7t qu\u1ebf v\u00e0 l\u00e1 thu\u1ed1c l\u00e1 tr\u00ean m\u0169i. V\u00f2m mi\u1ec7ng b\u1ecb \u1ea3nh h\u01b0\u1edfng b\u1edfi \u0111\u1eb7c t\u00ednh tannin d\u1ea1ng h\u1ea1t gi\u1eef v\u1ecb tr\u00e1i c\u00e2y k\u00e9o d\u00e0i. R\u01b0\u1ee3u vang tuy\u1ec7t v\u1eddi \u0111\u00e3 \u0111\u01b0\u1ee3c ch\u1ebf t\u00e1c \u0111\u1eb9p m\u1eaft.<\/p>\n<p>95\/100 \u0111i\u1ec3m<\/p>\n<h3>Gary Walsh, the wine front<\/h3>\n<h4>Th\u00e1ng M\u1ed9t n\u0103m 2019<\/h4>\n<p>Blackberry, s\u00f4 c\u00f4 la b\u1ea1c h\u00e0 \u0111en, vani, g\u1ed7 v\u00e0 nh\u1ef1a. \u0110\u1ed9 c\u1ed3n trung b\u00ecnh, m\u00e3nh li\u1ec7t v\u00e0 c\u00f3 \u0111\u1ed9 axit, tannin g\u1ea7n nh\u01b0 ph\u1ea5n, \u00f4 liu \u0111en, tr\u00e1i c\u00e2y m\u00e0u \u0111\u1ecf v\u00e0 \u0111en, d\u01b0 v\u1ecb r\u1ea5t t\u1ed1t.<\/p>\n<p>93\/100 \u0111i\u1ec3m<\/p>\n<\/div>\n<\/div>\n<\/div>\n<\/div>\n<\/div>\n<\/div>\n<\/div>\n<\/div>\n<\/div>\n<\/div>\n<\/div>\n<\/div>","protected":false},"excerpt":{"rendered":"<div class=\"product-skeleton__details-description\">\n<div class=\"product-skeleton__details-description-body\">Huy ch\u01b0\u01a1ng V\u00e0ng \u2013 Tri\u1ec3n l\u00e3m R\u01b0\u1ee3u vang Qu\u1ed1c gia c\u1ee7a \u00dac n\u0103m 2018 v\u00e0 r\u1ea5t nhi\u1ec1u huy ch\u01b0\u01a1ng kh\u00e1c.<\/div>\n<\/div>","protected":false},"featured_media":2385,"template":"","meta":{"_acf_changed":false},"product_brand":[],"product_cat":[2640,87],"product_tag":[],"grape_varietal":[2574,2611],"wine_regions":[2454],"class_list":{"0":"post-2386","1":"product","2":"type-product","3":"status-publish","4":"has-post-thumbnail","6":"product_cat-catalogue","7":"product_cat-red-wine","8":"pa_brand-evans-tate","9":"grape_varietal-cabernet-malbec","10":"grape_varietal-cabernet-merlot","11":"wine_regions-margaret-river","13":"first","14":"instock","15":"shipping-taxable","16":"product-type-simple"},"acf":[],"yoast_head":"<!-- This site is optimized with the Yoast SEO plugin v27.4 - https:\/\/yoast.com\/product\/yoast-seo-wordpress\/ -->\n<title>Evans &amp; Tate Redbrook Estate Cabernet Merlot - Rada Wines<\/title>\n<meta name=\"robots\" content=\"index, follow, max-snippet:-1, max-image-preview:large, max-video-preview:-1\" \/>\n<link rel=\"canonical\" href=\"https:\/\/www.ilovewines.vn\/vi\/san-pham\/evans-tate-redbrook-estate-cabernet-merlot-2016-2017\/\" \/>\n<meta property=\"og:locale\" content=\"vi_VN\" \/>\n<meta property=\"og:type\" content=\"article\" \/>\n<meta property=\"og:title\" content=\"Evans &amp; Tate Redbrook Estate Cabernet Merlot - Rada Wines\" \/>\n<meta property=\"og:description\" content=\"Gold Medal - 2018 Australian National Wine Show &amp; lots of other medals\" \/>\n<meta property=\"og:url\" content=\"https:\/\/www.ilovewines.vn\/vi\/san-pham\/evans-tate-redbrook-estate-cabernet-merlot-2016-2017\/\" \/>\n<meta property=\"og:site_name\" content=\"Rada Wines\" \/>\n<meta property=\"article:modified_time\" content=\"2023-07-12T16:55:30+00:00\" \/>\n<meta property=\"og:image\" content=\"https:\/\/www.ilovewines.vn\/wp-content\/uploads\/2022\/07\/evans-_-tate-2016-redbrook-estate-cabernet-merlot-308x385small_7b7125cb46004fb28773fafd59647b8f.png\" \/>\n\t<meta property=\"og:image:width\" content=\"308\" \/>\n\t<meta property=\"og:image:height\" content=\"385\" \/>\n\t<meta property=\"og:image:type\" content=\"image\/png\" \/>\n<meta name=\"twitter:card\" content=\"summary_large_image\" \/>\n<meta name=\"twitter:label1\" content=\"\u01af\u1edbc t\u00ednh th\u1eddi gian \u0111\u1ecdc\" \/>\n\t<meta name=\"twitter:data1\" content=\"3 ph\u00fat\" \/>\n<script type=\"application\/ld+json\" class=\"yoast-schema-graph\">{\"@context\":\"https:\\\/\\\/schema.org\",\"@graph\":[{\"@type\":\"WebPage\",\"@id\":\"https:\\\/\\\/www.ilovewines.vn\\\/product\\\/evans-tate-redbrook-estate-cabernet-merlot-2016-2017\\\/\",\"url\":\"https:\\\/\\\/www.ilovewines.vn\\\/product\\\/evans-tate-redbrook-estate-cabernet-merlot-2016-2017\\\/\",\"name\":\"Evans & Tate Redbrook Estate Cabernet Merlot - Rada Wines\",\"isPartOf\":{\"@id\":\"https:\\\/\\\/www.ilovewines.vn\\\/#website\"},\"primaryImageOfPage\":{\"@id\":\"https:\\\/\\\/www.ilovewines.vn\\\/product\\\/evans-tate-redbrook-estate-cabernet-merlot-2016-2017\\\/#primaryimage\"},\"image\":{\"@id\":\"https:\\\/\\\/www.ilovewines.vn\\\/product\\\/evans-tate-redbrook-estate-cabernet-merlot-2016-2017\\\/#primaryimage\"},\"thumbnailUrl\":\"https:\\\/\\\/www.ilovewines.vn\\\/wp-content\\\/uploads\\\/2022\\\/07\\\/evans-_-tate-2016-redbrook-estate-cabernet-merlot-308x385small_7b7125cb46004fb28773fafd59647b8f.png\",\"datePublished\":\"2022-07-08T03:34:01+00:00\",\"dateModified\":\"2023-07-12T16:55:30+00:00\",\"breadcrumb\":{\"@id\":\"https:\\\/\\\/www.ilovewines.vn\\\/product\\\/evans-tate-redbrook-estate-cabernet-merlot-2016-2017\\\/#breadcrumb\"},\"inLanguage\":\"vi\",\"potentialAction\":[{\"@type\":\"ReadAction\",\"target\":[\"https:\\\/\\\/www.ilovewines.vn\\\/product\\\/evans-tate-redbrook-estate-cabernet-merlot-2016-2017\\\/\"]}]},{\"@type\":\"ImageObject\",\"inLanguage\":\"vi\",\"@id\":\"https:\\\/\\\/www.ilovewines.vn\\\/product\\\/evans-tate-redbrook-estate-cabernet-merlot-2016-2017\\\/#primaryimage\",\"url\":\"https:\\\/\\\/www.ilovewines.vn\\\/wp-content\\\/uploads\\\/2022\\\/07\\\/evans-_-tate-2016-redbrook-estate-cabernet-merlot-308x385small_7b7125cb46004fb28773fafd59647b8f.png\",\"contentUrl\":\"https:\\\/\\\/www.ilovewines.vn\\\/wp-content\\\/uploads\\\/2022\\\/07\\\/evans-_-tate-2016-redbrook-estate-cabernet-merlot-308x385small_7b7125cb46004fb28773fafd59647b8f.png\",\"width\":308,\"height\":385},{\"@type\":\"BreadcrumbList\",\"@id\":\"https:\\\/\\\/www.ilovewines.vn\\\/product\\\/evans-tate-redbrook-estate-cabernet-merlot-2016-2017\\\/#breadcrumb\",\"itemListElement\":[{\"@type\":\"ListItem\",\"position\":1,\"name\":\"Home\",\"item\":\"https:\\\/\\\/www.ilovewines.vn\\\/\"},{\"@type\":\"ListItem\",\"position\":2,\"name\":\"Catalogue\",\"item\":\"https:\\\/\\\/www.ilovewines.vn\\\/catalogue\\\/\"},{\"@type\":\"ListItem\",\"position\":3,\"name\":\"Evans &#038; Tate Redbrook Estate Cabernet Merlot\"}]},{\"@type\":\"WebSite\",\"@id\":\"https:\\\/\\\/www.ilovewines.vn\\\/#website\",\"url\":\"https:\\\/\\\/www.ilovewines.vn\\\/\",\"name\":\"Rada Wines\",\"description\":\"Just another WordPress site\",\"publisher\":{\"@id\":\"https:\\\/\\\/www.ilovewines.vn\\\/#organization\"},\"potentialAction\":[{\"@type\":\"SearchAction\",\"target\":{\"@type\":\"EntryPoint\",\"urlTemplate\":\"https:\\\/\\\/www.ilovewines.vn\\\/?s={search_term_string}\"},\"query-input\":{\"@type\":\"PropertyValueSpecification\",\"valueRequired\":true,\"valueName\":\"search_term_string\"}}],\"inLanguage\":\"vi\"},{\"@type\":\"Organization\",\"@id\":\"https:\\\/\\\/www.ilovewines.vn\\\/#organization\",\"name\":\"Rada Wines\",\"url\":\"https:\\\/\\\/www.ilovewines.vn\\\/\",\"logo\":{\"@type\":\"ImageObject\",\"inLanguage\":\"vi\",\"@id\":\"https:\\\/\\\/www.ilovewines.vn\\\/#\\\/schema\\\/logo\\\/image\\\/\",\"url\":\"https:\\\/\\\/www.ilovewines.vn\\\/wp-content\\\/uploads\\\/2022\\\/06\\\/cropped-162574230_380766779846763_4426584222903300096_n.jpg\",\"contentUrl\":\"https:\\\/\\\/www.ilovewines.vn\\\/wp-content\\\/uploads\\\/2022\\\/06\\\/cropped-162574230_380766779846763_4426584222903300096_n.jpg\",\"width\":320,\"height\":206,\"caption\":\"Rada Wines\"},\"image\":{\"@id\":\"https:\\\/\\\/www.ilovewines.vn\\\/#\\\/schema\\\/logo\\\/image\\\/\"}}]}<\/script>\n<!-- \/ Yoast SEO plugin. -->","yoast_head_json":{"title":"Evans & Tate Redbrook Estate Cabernet Merlot - Rada Wines","robots":{"index":"index","follow":"follow","max-snippet":"max-snippet:-1","max-image-preview":"max-image-preview:large","max-video-preview":"max-video-preview:-1"},"canonical":"https:\/\/www.ilovewines.vn\/vi\/san-pham\/evans-tate-redbrook-estate-cabernet-merlot-2016-2017\/","og_locale":"vi_VN","og_type":"article","og_title":"Evans & Tate Redbrook Estate Cabernet Merlot - Rada Wines","og_description":"Gold Medal - 2018 Australian National Wine Show &amp; lots of other medals","og_url":"https:\/\/www.ilovewines.vn\/vi\/san-pham\/evans-tate-redbrook-estate-cabernet-merlot-2016-2017\/","og_site_name":"Rada Wines","article_modified_time":"2023-07-12T16:55:30+00:00","og_image":[{"width":308,"height":385,"url":"https:\/\/www.ilovewines.vn\/wp-content\/uploads\/2022\/07\/evans-_-tate-2016-redbrook-estate-cabernet-merlot-308x385small_7b7125cb46004fb28773fafd59647b8f.png","type":"image\/png"}],"twitter_card":"summary_large_image","twitter_misc":{"\u01af\u1edbc t\u00ednh th\u1eddi gian \u0111\u1ecdc":"3 ph\u00fat"},"schema":{"@context":"https:\/\/schema.org","@graph":[{"@type":"WebPage","@id":"https:\/\/www.ilovewines.vn\/product\/evans-tate-redbrook-estate-cabernet-merlot-2016-2017\/","url":"https:\/\/www.ilovewines.vn\/product\/evans-tate-redbrook-estate-cabernet-merlot-2016-2017\/","name":"Evans & Tate Redbrook Estate Cabernet Merlot - Rada Wines","isPartOf":{"@id":"https:\/\/www.ilovewines.vn\/#website"},"primaryImageOfPage":{"@id":"https:\/\/www.ilovewines.vn\/product\/evans-tate-redbrook-estate-cabernet-merlot-2016-2017\/#primaryimage"},"image":{"@id":"https:\/\/www.ilovewines.vn\/product\/evans-tate-redbrook-estate-cabernet-merlot-2016-2017\/#primaryimage"},"thumbnailUrl":"https:\/\/www.ilovewines.vn\/wp-content\/uploads\/2022\/07\/evans-_-tate-2016-redbrook-estate-cabernet-merlot-308x385small_7b7125cb46004fb28773fafd59647b8f.png","datePublished":"2022-07-08T03:34:01+00:00","dateModified":"2023-07-12T16:55:30+00:00","breadcrumb":{"@id":"https:\/\/www.ilovewines.vn\/product\/evans-tate-redbrook-estate-cabernet-merlot-2016-2017\/#breadcrumb"},"inLanguage":"vi","potentialAction":[{"@type":"ReadAction","target":["https:\/\/www.ilovewines.vn\/product\/evans-tate-redbrook-estate-cabernet-merlot-2016-2017\/"]}]},{"@type":"ImageObject","inLanguage":"vi","@id":"https:\/\/www.ilovewines.vn\/product\/evans-tate-redbrook-estate-cabernet-merlot-2016-2017\/#primaryimage","url":"https:\/\/www.ilovewines.vn\/wp-content\/uploads\/2022\/07\/evans-_-tate-2016-redbrook-estate-cabernet-merlot-308x385small_7b7125cb46004fb28773fafd59647b8f.png","contentUrl":"https:\/\/www.ilovewines.vn\/wp-content\/uploads\/2022\/07\/evans-_-tate-2016-redbrook-estate-cabernet-merlot-308x385small_7b7125cb46004fb28773fafd59647b8f.png","width":308,"height":385},{"@type":"BreadcrumbList","@id":"https:\/\/www.ilovewines.vn\/product\/evans-tate-redbrook-estate-cabernet-merlot-2016-2017\/#breadcrumb","itemListElement":[{"@type":"ListItem","position":1,"name":"Home","item":"https:\/\/www.ilovewines.vn\/"},{"@type":"ListItem","position":2,"name":"Catalogue","item":"https:\/\/www.ilovewines.vn\/catalogue\/"},{"@type":"ListItem","position":3,"name":"Evans &#038; Tate Redbrook Estate Cabernet Merlot"}]},{"@type":"WebSite","@id":"https:\/\/www.ilovewines.vn\/#website","url":"https:\/\/www.ilovewines.vn\/","name":"Rada Wines","description":"Just another WordPress site","publisher":{"@id":"https:\/\/www.ilovewines.vn\/#organization"},"potentialAction":[{"@type":"SearchAction","target":{"@type":"EntryPoint","urlTemplate":"https:\/\/www.ilovewines.vn\/?s={search_term_string}"},"query-input":{"@type":"PropertyValueSpecification","valueRequired":true,"valueName":"search_term_string"}}],"inLanguage":"vi"},{"@type":"Organization","@id":"https:\/\/www.ilovewines.vn\/#organization","name":"Rada Wines","url":"https:\/\/www.ilovewines.vn\/","logo":{"@type":"ImageObject","inLanguage":"vi","@id":"https:\/\/www.ilovewines.vn\/#\/schema\/logo\/image\/","url":"https:\/\/www.ilovewines.vn\/wp-content\/uploads\/2022\/06\/cropped-162574230_380766779846763_4426584222903300096_n.jpg","contentUrl":"https:\/\/www.ilovewines.vn\/wp-content\/uploads\/2022\/06\/cropped-162574230_380766779846763_4426584222903300096_n.jpg","width":320,"height":206,"caption":"Rada Wines"},"image":{"@id":"https:\/\/www.ilovewines.vn\/#\/schema\/logo\/image\/"}}]}},"_links":{"self":[{"href":"https:\/\/www.ilovewines.vn\/vi\/wp-json\/wp\/v2\/product\/2386","targetHints":{"allow":["GET"]}}],"collection":[{"href":"https:\/\/www.ilovewines.vn\/vi\/wp-json\/wp\/v2\/product"}],"about":[{"href":"https:\/\/www.ilovewines.vn\/vi\/wp-json\/wp\/v2\/types\/product"}],"version-history":[{"count":2,"href":"https:\/\/www.ilovewines.vn\/vi\/wp-json\/wp\/v2\/product\/2386\/revisions"}],"predecessor-version":[{"id":4552,"href":"https:\/\/www.ilovewines.vn\/vi\/wp-json\/wp\/v2\/product\/2386\/revisions\/4552"}],"wp:featuredmedia":[{"embeddable":true,"href":"https:\/\/www.ilovewines.vn\/vi\/wp-json\/wp\/v2\/media\/2385"}],"wp:attachment":[{"href":"https:\/\/www.ilovewines.vn\/vi\/wp-json\/wp\/v2\/media?parent=2386"}],"wp:term":[{"taxonomy":"product_brand","embeddable":true,"href":"https:\/\/www.ilovewines.vn\/vi\/wp-json\/wp\/v2\/product_brand?post=2386"},{"taxonomy":"product_cat","embeddable":true,"href":"https:\/\/www.ilovewines.vn\/vi\/wp-json\/wp\/v2\/product_cat?post=2386"},{"taxonomy":"product_tag","embeddable":true,"href":"https:\/\/www.ilovewines.vn\/vi\/wp-json\/wp\/v2\/product_tag?post=2386"},{"taxonomy":"grape_varietal","embeddable":true,"href":"https:\/\/www.ilovewines.vn\/vi\/wp-json\/wp\/v2\/grape_varietal?post=2386"},{"taxonomy":"wine_regions","embeddable":true,"href":"https:\/\/www.ilovewines.vn\/vi\/wp-json\/wp\/v2\/wine_regions?post=2386"}],"curies":[{"name":"wp","href":"https:\/\/api.w.org\/{rel}","templated":true}]}}