{"id":2390,"date":"2022-07-07T21:34:02","date_gmt":"2022-07-08T03:34:02","guid":{"rendered":"https:\/\/www.ilovewines.vn\/product\/evans-tate-classic-semillon-sauvignon-blanc-2017\/"},"modified":"2023-07-12T10:54:09","modified_gmt":"2023-07-12T16:54:09","slug":"evans-tate-classic-semillon-sauvignon-blanc-2020","status":"publish","type":"product","link":"https:\/\/www.ilovewines.vn\/vi\/product\/evans-tate-classic-semillon-sauvignon-blanc-2020\/","title":{"rendered":"Evans &amp; Tate Classic S\u00e9millon Sauvignon Blanc"},"content":{"rendered":"<p><strong>C\u1ea2M QUAN<\/strong><\/p>\n<h3>Th\u1ecb Gi\u00e1c<\/h3>\n<p>M\u00e0u v\u00e0ng tr\u1eafng r\u1ea5t nh\u1ea1t, v\u1edbi m\u1ed9t ch\u00fat \u00e1nh xanh.<\/p>\n<h3>Kh\u1ee9u gi\u00e1c<\/h3>\n<p>\u0110\u00fang chu\u1ea9n t\u1ed1 ch\u1ea5t c\u1ee7a r\u01b0\u1ee3u vang tr\u1eafng l\u00e0m t\u1eeb nho S\u00e9millon v\u00e0 Sauvignon Blanc: nho S\u00e9millon khi\u1ebfn vang c\u00f3 m\u00f9i th\u01a1m c\u1ee7a th\u1ea3o d\u01b0\u1ee3c, s\u1ea3, d\u01b0a v\u00e0 qu\u1ea3 xu\u00e2n \u0111\u00e0o. Trong qu\u00e1 tr\u00ecnh s\u1ea3n xu\u1ea5t, m\u1ed9t ch\u00fat m\u1ee1 c\u1eebu \u0111\u00e3 \u0111\u01b0\u1ee3c s\u1eed d\u1ee5ng, nh\u1eb1m gi\u00fap h\u01b0\u01a1ng v\u1ecb c\u1ee7a nho S\u00e9millon v\u00e0 nho Sauvignon Blanc c\u00f3 th\u1ec3 h\u00f2a quy\u1ec7n v\u1edbi nhau d\u1ec5 d\u00e0ng h\u01a1n.\n\nNho Sauvignon Blanc khi\u1ebfn cho vang c\u00f3 th\u00eam c\u00e1c l\u1edbp m\u00f9i h\u01b0\u01a1ng c\u1ee7a qu\u1ea3 chanh, c\u1ecf xanh v\u00e0 chanh leo, gi\u00fap vang c\u00e0ng d\u1eady m\u00f9i th\u01a1m.<\/p>\n<h3>V\u1ecb gi\u00e1c<\/h3>\n<p>V\u1ecb ngon m\u1ecdng n\u01b0\u1edbc v\u00e0 t\u01b0\u01a1i m\u1edbi v\u1edbi h\u01b0\u01a1ng v\u1ecb \u0111\u1eadm \u0111\u00e0, k\u00e9o d\u00e0i sau khi u\u1ed1ng.<\/p>\n<h3>C\u1ea5t tr\u1eef:<\/h3>\n<p>Th\u01b0\u1edfng th\u1ee9c t\u1eeb n\u0103m 2018 cho \u0111\u1ebfn 12 th\u00e1ng ti\u1ebfp theo.<\/p>\n<p><span style=\"font-size: 14px;\">\u1ea8m th\u1ef1c k\u1ebft h\u1ee3p<\/span><\/p>\n<p>M\u00f3n c\u00e1 ch\u1ebdm ho\u1eb7c c\u00e1c m\u00f3n h\u1ea3i s\u1ea3n n\u00f3i chung.<\/p>\n<p style=\"text-align: center;\"><iframe src=\"https:\/\/www.youtube.com\/embed\/A2TZOFB-V5U\" width=\"560\" height=\"315\" frameborder=\"0\" allowfullscreen=\"allowfullscreen\"><\/iframe><\/p>\n<p style=\"text-align: center;\"><em>Nh\u00e0 s\u1ea3n xu\u1ea5t r\u01b0\u1ee3u vang Matthew Byrne gi\u1edbi thi\u1ec7u series vang Classic c\u1ee7a th\u01b0\u01a1ng hi\u1ec7u Evans &amp; Tate. (Video: E&amp;T YouTube)<\/em><\/p>\n<h3>Ni\u00ean v\u1ee5<\/h3>\n<p>Ch\u1ea5t l\u01b0\u1ee3ng c\u1ee7a hoa qu\u1ea3 tr\u1ed3ng tr\u00ean l\u01b0u v\u1ef1c S\u00f4ng Margaret th\u00ec kh\u1ecfi ph\u1ea3i b\u00e0n c\u00e3i. Qu\u00e1 tr\u00ecnh ph\u00e1t tri\u1ec3n h\u01b0\u01a1ng v\u1ecb c\u1ee7a t\u1eebng c\u00e2y nho \u0111\u01b0\u1ee3c theo d\u00f5i tri\u1ec7t \u0111\u1ec3. Nho c\u0169ng ch\u1ec9 \u0111\u01b0\u1ee3c thu ho\u1ea1ch trong th\u1eddi \u0111i\u1ec3m m\u00e1t nh\u1ea5t v\u00e0o ban \u0111\u00eam, nh\u1eb1m l\u01b0u gi\u1eef \u0111\u1ed9 t\u01b0\u01a1i ngon c\u1ee7a tr\u00e1i nho.<\/p>\n<h3>Qu\u00e1 tr\u00ecnh s\u1ea3n xu\u1ea5t<\/h3>\n<p>Qu\u1ea3 nho \u0111\u01b0\u1ee3c \u00e9p nh\u1eb9, v\u00e0 ch\u1ec9 m\u1ed9t ph\u1ea7n l\u01b0\u1ee3ng n\u01b0\u1edbc \u00e9p nho \u0111\u1ea1t ch\u1ea5t l\u01b0\u1ee3ng cao nh\u1ea5t m\u1edbi \u0111\u01b0\u1ee3c \u0111\u01b0a v\u00e0o s\u1ea3n xu\u1ea5t. N\u01b0\u1edbc \u00e9p sau \u0111\u00f3 \u0111\u01b0\u1ee3c b\u1ea3o qu\u1ea3n trong nhi\u1ec7t \u0111\u1ed9 10 \u0111\u1ed9 C, tr\u01b0\u1edbc khi \u0111\u01b0\u1ee3c r\u00f3t ra, l\u1ecdc v\u00e0 \u0111\u1ec3 l\u00ean men, nh\u1eb1m t\u1ed1i \u01b0u h\u00f3a v\u1ecb ngon c\u1ee7a nho.\n\nKhi nho \u0111\u00e3 kh\u00f4, h\u1ea7u h\u1ebft c\u00e1c m\u1ebb \u0111\u01b0\u1ee3c l\u00e0m s\u1ea1ch \u0111\u1ec3 lo\u1ea1i b\u1ecf n\u1ea5m men tr\u01b0\u1edbc khi \u0111\u01b0\u1ee3c \u01b0\u1edbp l\u1ea1nh v\u00e0 l\u00e0m \u1ed5n \u0111\u1ecbnh. Th\u00e0nh ph\u1ea9m r\u01b0\u1ee3u vang s\u1ebd ch\u1ec9 \u0111\u01b0\u1ee3c l\u1ecdc l\u1ea1i m\u1ed9t l\u1ea7n tr\u01b0\u1edbc khi \u0111em \u0111i \u0111\u00f3ng chai.<\/p>\n<p>&nbsp;<\/p>","protected":false},"excerpt":{"rendered":"<p>Vang tr\u1eafng tr\u1ed9n r\u1ea5t ngon<\/p>","protected":false},"featured_media":2389,"template":"","meta":{"_acf_changed":false},"product_brand":[],"product_cat":[2640,89],"product_tag":[],"grape_varietal":[2474,2473],"wine_regions":[2454],"class_list":{"0":"post-2390","1":"product","2":"type-product","3":"status-publish","4":"has-post-thumbnail","6":"product_cat-catalogue","7":"product_cat-white-wine","8":"pa_brand-evans-tate","9":"grape_varietal-sauvignon-blanc","10":"grape_varietal-semillon","11":"wine_regions-margaret-river","13":"first","14":"instock","15":"shipping-taxable","16":"product-type-simple"},"acf":[],"yoast_head":"<!-- This site is optimized with the Yoast SEO plugin v27.4 - https:\/\/yoast.com\/product\/yoast-seo-wordpress\/ -->\n<title>Evans &amp; Tate Classic S\u00e9millon Sauvignon Blanc - Rada Wines<\/title>\n<meta name=\"robots\" content=\"index, follow, max-snippet:-1, max-image-preview:large, max-video-preview:-1\" \/>\n<link rel=\"canonical\" href=\"https:\/\/www.ilovewines.vn\/vi\/san-pham\/evans-tate-classic-semillon-sauvignon-blanc-2020\/\" \/>\n<meta property=\"og:locale\" content=\"vi_VN\" \/>\n<meta property=\"og:type\" content=\"article\" \/>\n<meta property=\"og:title\" content=\"Evans &amp; Tate Classic S\u00e9millon Sauvignon Blanc - Rada Wines\" \/>\n<meta property=\"og:description\" content=\"Very good blend\" \/>\n<meta property=\"og:url\" content=\"https:\/\/www.ilovewines.vn\/vi\/san-pham\/evans-tate-classic-semillon-sauvignon-blanc-2020\/\" \/>\n<meta property=\"og:site_name\" content=\"Rada Wines\" \/>\n<meta property=\"article:modified_time\" content=\"2023-07-12T16:54:09+00:00\" \/>\n<meta property=\"og:image\" content=\"https:\/\/www.ilovewines.vn\/wp-content\/uploads\/2022\/07\/classic_semillon_sauvignon_blanc_308x385small.jpg\" \/>\n\t<meta property=\"og:image:width\" content=\"308\" \/>\n\t<meta property=\"og:image:height\" content=\"385\" \/>\n\t<meta property=\"og:image:type\" content=\"image\/jpeg\" \/>\n<meta name=\"twitter:card\" content=\"summary_large_image\" \/>\n<meta name=\"twitter:label1\" content=\"\u01af\u1edbc t\u00ednh th\u1eddi gian \u0111\u1ecdc\" \/>\n\t<meta name=\"twitter:data1\" content=\"1 ph\u00fat\" \/>\n<script type=\"application\/ld+json\" class=\"yoast-schema-graph\">{\"@context\":\"https:\\\/\\\/schema.org\",\"@graph\":[{\"@type\":\"WebPage\",\"@id\":\"https:\\\/\\\/www.ilovewines.vn\\\/product\\\/evans-tate-classic-semillon-sauvignon-blanc-2020\\\/\",\"url\":\"https:\\\/\\\/www.ilovewines.vn\\\/product\\\/evans-tate-classic-semillon-sauvignon-blanc-2020\\\/\",\"name\":\"Evans & Tate Classic S\u00e9millon Sauvignon Blanc - Rada Wines\",\"isPartOf\":{\"@id\":\"https:\\\/\\\/www.ilovewines.vn\\\/#website\"},\"primaryImageOfPage\":{\"@id\":\"https:\\\/\\\/www.ilovewines.vn\\\/product\\\/evans-tate-classic-semillon-sauvignon-blanc-2020\\\/#primaryimage\"},\"image\":{\"@id\":\"https:\\\/\\\/www.ilovewines.vn\\\/product\\\/evans-tate-classic-semillon-sauvignon-blanc-2020\\\/#primaryimage\"},\"thumbnailUrl\":\"https:\\\/\\\/www.ilovewines.vn\\\/wp-content\\\/uploads\\\/2022\\\/07\\\/classic_semillon_sauvignon_blanc_308x385small.jpg\",\"datePublished\":\"2022-07-08T03:34:02+00:00\",\"dateModified\":\"2023-07-12T16:54:09+00:00\",\"breadcrumb\":{\"@id\":\"https:\\\/\\\/www.ilovewines.vn\\\/product\\\/evans-tate-classic-semillon-sauvignon-blanc-2020\\\/#breadcrumb\"},\"inLanguage\":\"vi\",\"potentialAction\":[{\"@type\":\"ReadAction\",\"target\":[\"https:\\\/\\\/www.ilovewines.vn\\\/product\\\/evans-tate-classic-semillon-sauvignon-blanc-2020\\\/\"]}]},{\"@type\":\"ImageObject\",\"inLanguage\":\"vi\",\"@id\":\"https:\\\/\\\/www.ilovewines.vn\\\/product\\\/evans-tate-classic-semillon-sauvignon-blanc-2020\\\/#primaryimage\",\"url\":\"https:\\\/\\\/www.ilovewines.vn\\\/wp-content\\\/uploads\\\/2022\\\/07\\\/classic_semillon_sauvignon_blanc_308x385small.jpg\",\"contentUrl\":\"https:\\\/\\\/www.ilovewines.vn\\\/wp-content\\\/uploads\\\/2022\\\/07\\\/classic_semillon_sauvignon_blanc_308x385small.jpg\",\"width\":308,\"height\":385},{\"@type\":\"BreadcrumbList\",\"@id\":\"https:\\\/\\\/www.ilovewines.vn\\\/product\\\/evans-tate-classic-semillon-sauvignon-blanc-2020\\\/#breadcrumb\",\"itemListElement\":[{\"@type\":\"ListItem\",\"position\":1,\"name\":\"Home\",\"item\":\"https:\\\/\\\/www.ilovewines.vn\\\/\"},{\"@type\":\"ListItem\",\"position\":2,\"name\":\"Catalogue\",\"item\":\"https:\\\/\\\/www.ilovewines.vn\\\/catalogue\\\/\"},{\"@type\":\"ListItem\",\"position\":3,\"name\":\"Evans &#038; Tate Classic S\u00e9millon Sauvignon Blanc\"}]},{\"@type\":\"WebSite\",\"@id\":\"https:\\\/\\\/www.ilovewines.vn\\\/#website\",\"url\":\"https:\\\/\\\/www.ilovewines.vn\\\/\",\"name\":\"Rada Wines\",\"description\":\"Just another WordPress site\",\"publisher\":{\"@id\":\"https:\\\/\\\/www.ilovewines.vn\\\/#organization\"},\"potentialAction\":[{\"@type\":\"SearchAction\",\"target\":{\"@type\":\"EntryPoint\",\"urlTemplate\":\"https:\\\/\\\/www.ilovewines.vn\\\/?s={search_term_string}\"},\"query-input\":{\"@type\":\"PropertyValueSpecification\",\"valueRequired\":true,\"valueName\":\"search_term_string\"}}],\"inLanguage\":\"vi\"},{\"@type\":\"Organization\",\"@id\":\"https:\\\/\\\/www.ilovewines.vn\\\/#organization\",\"name\":\"Rada Wines\",\"url\":\"https:\\\/\\\/www.ilovewines.vn\\\/\",\"logo\":{\"@type\":\"ImageObject\",\"inLanguage\":\"vi\",\"@id\":\"https:\\\/\\\/www.ilovewines.vn\\\/#\\\/schema\\\/logo\\\/image\\\/\",\"url\":\"https:\\\/\\\/www.ilovewines.vn\\\/wp-content\\\/uploads\\\/2022\\\/06\\\/cropped-162574230_380766779846763_4426584222903300096_n.jpg\",\"contentUrl\":\"https:\\\/\\\/www.ilovewines.vn\\\/wp-content\\\/uploads\\\/2022\\\/06\\\/cropped-162574230_380766779846763_4426584222903300096_n.jpg\",\"width\":320,\"height\":206,\"caption\":\"Rada Wines\"},\"image\":{\"@id\":\"https:\\\/\\\/www.ilovewines.vn\\\/#\\\/schema\\\/logo\\\/image\\\/\"}}]}<\/script>\n<!-- \/ Yoast SEO plugin. -->","yoast_head_json":{"title":"Evans & Tate Classic S\u00e9millon Sauvignon Blanc - Rada Wines","robots":{"index":"index","follow":"follow","max-snippet":"max-snippet:-1","max-image-preview":"max-image-preview:large","max-video-preview":"max-video-preview:-1"},"canonical":"https:\/\/www.ilovewines.vn\/vi\/san-pham\/evans-tate-classic-semillon-sauvignon-blanc-2020\/","og_locale":"vi_VN","og_type":"article","og_title":"Evans & Tate Classic S\u00e9millon Sauvignon Blanc - Rada Wines","og_description":"Very good blend","og_url":"https:\/\/www.ilovewines.vn\/vi\/san-pham\/evans-tate-classic-semillon-sauvignon-blanc-2020\/","og_site_name":"Rada Wines","article_modified_time":"2023-07-12T16:54:09+00:00","og_image":[{"width":308,"height":385,"url":"https:\/\/www.ilovewines.vn\/wp-content\/uploads\/2022\/07\/classic_semillon_sauvignon_blanc_308x385small.jpg","type":"image\/jpeg"}],"twitter_card":"summary_large_image","twitter_misc":{"\u01af\u1edbc t\u00ednh th\u1eddi gian \u0111\u1ecdc":"1 ph\u00fat"},"schema":{"@context":"https:\/\/schema.org","@graph":[{"@type":"WebPage","@id":"https:\/\/www.ilovewines.vn\/product\/evans-tate-classic-semillon-sauvignon-blanc-2020\/","url":"https:\/\/www.ilovewines.vn\/product\/evans-tate-classic-semillon-sauvignon-blanc-2020\/","name":"Evans & Tate Classic S\u00e9millon Sauvignon Blanc - Rada Wines","isPartOf":{"@id":"https:\/\/www.ilovewines.vn\/#website"},"primaryImageOfPage":{"@id":"https:\/\/www.ilovewines.vn\/product\/evans-tate-classic-semillon-sauvignon-blanc-2020\/#primaryimage"},"image":{"@id":"https:\/\/www.ilovewines.vn\/product\/evans-tate-classic-semillon-sauvignon-blanc-2020\/#primaryimage"},"thumbnailUrl":"https:\/\/www.ilovewines.vn\/wp-content\/uploads\/2022\/07\/classic_semillon_sauvignon_blanc_308x385small.jpg","datePublished":"2022-07-08T03:34:02+00:00","dateModified":"2023-07-12T16:54:09+00:00","breadcrumb":{"@id":"https:\/\/www.ilovewines.vn\/product\/evans-tate-classic-semillon-sauvignon-blanc-2020\/#breadcrumb"},"inLanguage":"vi","potentialAction":[{"@type":"ReadAction","target":["https:\/\/www.ilovewines.vn\/product\/evans-tate-classic-semillon-sauvignon-blanc-2020\/"]}]},{"@type":"ImageObject","inLanguage":"vi","@id":"https:\/\/www.ilovewines.vn\/product\/evans-tate-classic-semillon-sauvignon-blanc-2020\/#primaryimage","url":"https:\/\/www.ilovewines.vn\/wp-content\/uploads\/2022\/07\/classic_semillon_sauvignon_blanc_308x385small.jpg","contentUrl":"https:\/\/www.ilovewines.vn\/wp-content\/uploads\/2022\/07\/classic_semillon_sauvignon_blanc_308x385small.jpg","width":308,"height":385},{"@type":"BreadcrumbList","@id":"https:\/\/www.ilovewines.vn\/product\/evans-tate-classic-semillon-sauvignon-blanc-2020\/#breadcrumb","itemListElement":[{"@type":"ListItem","position":1,"name":"Home","item":"https:\/\/www.ilovewines.vn\/"},{"@type":"ListItem","position":2,"name":"Catalogue","item":"https:\/\/www.ilovewines.vn\/catalogue\/"},{"@type":"ListItem","position":3,"name":"Evans &#038; Tate Classic S\u00e9millon Sauvignon Blanc"}]},{"@type":"WebSite","@id":"https:\/\/www.ilovewines.vn\/#website","url":"https:\/\/www.ilovewines.vn\/","name":"Rada Wines","description":"Just another WordPress site","publisher":{"@id":"https:\/\/www.ilovewines.vn\/#organization"},"potentialAction":[{"@type":"SearchAction","target":{"@type":"EntryPoint","urlTemplate":"https:\/\/www.ilovewines.vn\/?s={search_term_string}"},"query-input":{"@type":"PropertyValueSpecification","valueRequired":true,"valueName":"search_term_string"}}],"inLanguage":"vi"},{"@type":"Organization","@id":"https:\/\/www.ilovewines.vn\/#organization","name":"Rada Wines","url":"https:\/\/www.ilovewines.vn\/","logo":{"@type":"ImageObject","inLanguage":"vi","@id":"https:\/\/www.ilovewines.vn\/#\/schema\/logo\/image\/","url":"https:\/\/www.ilovewines.vn\/wp-content\/uploads\/2022\/06\/cropped-162574230_380766779846763_4426584222903300096_n.jpg","contentUrl":"https:\/\/www.ilovewines.vn\/wp-content\/uploads\/2022\/06\/cropped-162574230_380766779846763_4426584222903300096_n.jpg","width":320,"height":206,"caption":"Rada Wines"},"image":{"@id":"https:\/\/www.ilovewines.vn\/#\/schema\/logo\/image\/"}}]}},"_links":{"self":[{"href":"https:\/\/www.ilovewines.vn\/vi\/wp-json\/wp\/v2\/product\/2390","targetHints":{"allow":["GET"]}}],"collection":[{"href":"https:\/\/www.ilovewines.vn\/vi\/wp-json\/wp\/v2\/product"}],"about":[{"href":"https:\/\/www.ilovewines.vn\/vi\/wp-json\/wp\/v2\/types\/product"}],"version-history":[{"count":1,"href":"https:\/\/www.ilovewines.vn\/vi\/wp-json\/wp\/v2\/product\/2390\/revisions"}],"predecessor-version":[{"id":3949,"href":"https:\/\/www.ilovewines.vn\/vi\/wp-json\/wp\/v2\/product\/2390\/revisions\/3949"}],"wp:featuredmedia":[{"embeddable":true,"href":"https:\/\/www.ilovewines.vn\/vi\/wp-json\/wp\/v2\/media\/2389"}],"wp:attachment":[{"href":"https:\/\/www.ilovewines.vn\/vi\/wp-json\/wp\/v2\/media?parent=2390"}],"wp:term":[{"taxonomy":"product_brand","embeddable":true,"href":"https:\/\/www.ilovewines.vn\/vi\/wp-json\/wp\/v2\/product_brand?post=2390"},{"taxonomy":"product_cat","embeddable":true,"href":"https:\/\/www.ilovewines.vn\/vi\/wp-json\/wp\/v2\/product_cat?post=2390"},{"taxonomy":"product_tag","embeddable":true,"href":"https:\/\/www.ilovewines.vn\/vi\/wp-json\/wp\/v2\/product_tag?post=2390"},{"taxonomy":"grape_varietal","embeddable":true,"href":"https:\/\/www.ilovewines.vn\/vi\/wp-json\/wp\/v2\/grape_varietal?post=2390"},{"taxonomy":"wine_regions","embeddable":true,"href":"https:\/\/www.ilovewines.vn\/vi\/wp-json\/wp\/v2\/wine_regions?post=2390"}],"curies":[{"name":"wp","href":"https:\/\/api.w.org\/{rel}","templated":true}]}}