{"id":2392,"date":"2022-07-07T21:34:03","date_gmt":"2022-07-08T03:34:03","guid":{"rendered":"https:\/\/www.ilovewines.vn\/product\/evans-tate-classic-shiraz-2016-2017\/"},"modified":"2023-07-12T10:52:54","modified_gmt":"2023-07-12T16:52:54","slug":"evans-tate-classic-shiraz-2017","status":"publish","type":"product","link":"https:\/\/www.ilovewines.vn\/vi\/product\/evans-tate-classic-shiraz-2017\/","title":{"rendered":"Evans &amp; Tate Classic Shiraz"},"content":{"rendered":"<p><strong>C\u1ea2M QUAN<\/strong><\/p>\n<h3>Th\u1ecb Gi\u00e1c<\/h3>\n<p>M\u00e0u \u0111\u1ecf th\u1eabm v\u1edbi \u00e1nh t\u00edm s\u1ed1ng \u0111\u1ed9ng.<\/p>\n<h3>Kh\u1ee9u gi\u00e1c<\/h3>\n<p>M\u00f4 t\u1ea3 h\u01b0\u01a1ng th\u01a1m c\u1ee7a m\u1eadn \u0111\u1ecf v\u00e0 cam th\u1ea3o mu\u1ed1i. C\u00e1c chuy\u00ean gia c\u00f3 th\u1ec3 c\u1ea3m nh\u1eadn r\u00f5 m\u00f9i h\u01b0\u01a1ng c\u1ee7a g\u1ed7 s\u1ed3i tuy\u1ebft t\u00f9ng, \u0111i\u1ec1u khi\u1ebfn cho m\u00f9i h\u01b0\u01a1ng c\u1ee7a vang th\u00eam phong ph\u00fa.<\/p>\n<h3>V\u1ecb gi\u00e1c<\/h3>\n<p>Mang v\u1ecb ngon c\u1ee7a c\u00e1c hoa qu\u1ea3 \u0111\u1ecf m\u1ecdng, socola \u0111en, v\u1edbi m\u1ed9t ch\u00fat v\u1ecb g\u1ed7 s\u1ed3i ng\u1ecdt. H\u01b0\u01a1ng v\u1ecb \u0111\u1ecdng l\u1ea1i sau khi u\u1ed1ng k\u00e9o d\u00e0i kh\u00f3 qu\u00ean, do tannin c\u1ee7a vang \u0111\u01b0\u1ee3c m\u00f4 t\u1ea3 l\u00e0 m\u1ecbn nh\u01b0 b\u1ed9t.<\/p>\n<h3>C\u1ea5t tr\u1eef:<\/h3>\n<p>R\u01b0\u1ee3u s\u1ebd c\u00f2n t\u1ef1 ti\u1ebfp t\u1ee5c ph\u00e1t tri\u1ec3n h\u01b0\u01a1ng v\u1ecb th\u00eam 5-7 n\u0103m n\u1eefa.<\/p>\n<p><strong>\u1ea8m th\u1ef1c k\u1ebft h\u1ee3p<\/strong> Th\u1ecbt c\u1eebu n\u01b0\u1edbng t\u1ecfi.<\/p>\n<p>&nbsp;<\/p>\n<p style=\"text-align: center;\"><iframe src=\"https:\/\/www.youtube.com\/embed\/A2TZOFB-V5U\" width=\"560\" height=\"315\" frameborder=\"0\" allowfullscreen=\"allowfullscreen\"><\/iframe><\/p>\n<p style=\"text-align: center;\"><em>Nh\u00e0 s\u1ea3n xu\u1ea5t r\u01b0\u1ee3u vang Matthew Byrne gi\u1edbi thi\u1ec7u series vang Classic c\u1ee7a th\u01b0\u01a1ng hi\u1ec7u Evans &amp; Tate. (Video: E&amp;T YouTube)<\/em><\/p>\n<h3>M\u00f9a v\u1ee5 2016<\/h3>\n<p>2016 l\u00e0 m\u00f9a v\u1ee5 r\u1ea5t kh\u00e1c bi\u1ec7t - m\u00f9a xu\u00e2n v\u00e0 m\u00f9a h\u1ea1 th\u00ec \u1ea5m v\u00e0 kh\u00f4 hanh, t\u01b0\u1edfng nh\u01b0 ng\u01b0\u1eddi ta \u0111\u00e3 ph\u1ea3i thu ho\u1ea1ch s\u1edbm. Tuy nhi\u00ean, m\u1ed9t tr\u1eadn m\u01b0a nhi\u1ec7t \u0111\u1edbi \u0111\u00e3 \u0111\u1ed5 xu\u1ed1ng v\u00e0o th\u00e1ng 1\/2016, v\u1edbi l\u01b0\u1ee3ng m\u01b0a t\u1eeb 50-70mm, tr\u1ea3i r\u1ed9ng kh\u1eafp khu v\u1ef1c. C\u01a1n m\u01b0a n\u00e0y \u0111\u00e3 gi\u00fap tr\u00ec ho\u00e3n l\u1ea1i ng\u00e0y thu ho\u1ea1ch m\u1ed9t ch\u00fat, khi\u1ebfn c\u00e1c gi\u1ed1ng nho \u0111\u1ecf \u0111\u01b0\u1ee3c h\u01b0\u1edfng l\u1ee3i \u0111\u00e1ng k\u1ec3.<\/p>\n<p>Ngay sau \u0111\u1ee3t L\u1ec5 Ph\u1ee5c Sinh, v\u00e0o ng\u00e0y cu\u1ed1i th\u00e1ng 3\/2016 (c\u1ee5 th\u1ec3 l\u00e0 ng\u00e0y 29\/3\/2016), kh\u1ed1i kh\u00f4ng kh\u00ed nhi\u1ec7t \u0111\u1edbi \u0111\u00e3 d\u1ea7n y\u1ebfu \u0111i. 12mm n\u01b0\u1edbc m\u01b0a \u0111\u1ed5 xu\u1ed1ng khu v\u1ef1c \u0110\u00f4ng Nam Australia. H\u1ea7u h\u1ebft t\u1ea5t c\u1ea3 c\u00e1c gi\u1ed1ng nho \u0111\u1ecf \u0111\u1ec1u \u0111\u00e3 \u0111\u01b0\u1ee3c thu ho\u1ea1ch t\u1eadp th\u1ec3 v\u00e0o ng\u00e0y n\u00e0y, b\u1edfi c\u01a1n m\u01b0a \u0111\u00e3 gi\u00fap cho nho \u0111\u1ecf t\u01b0\u01a1i ngon h\u01a1n b\u00ecnh th\u01b0\u1eddng.<\/p>\n<p>So v\u1edbi m\u00f9a v\u1ee5 n\u0103m 2015, th\u00ec m\u00f9a v\u1ee5 n\u0103m 2016 \u0111\u00e3 \u0111em l\u1ea1i s\u1ea3n l\u01b0\u1ee3ng l\u1edbn h\u01a1n, v\u1edbi l\u01b0\u1ee3ng nho v\u00e0 \u0111\u1ed9 ch\u00edn c\u1ee7a cho c\u00e2n b\u1eb1ng h\u01a1n.<\/p>\n<p>&nbsp;<\/p>\n<p><strong>M\u00f9a v\u1ee5 2017\u00a0<\/strong><\/p>\n<p>M\u1ed9t m\u00f9a v\u1ee5 kh\u00e1c bi\u1ec7t v\u1edbi m\u00f9a xu\u00e2n v\u00e0 m\u00f9a h\u1ea1 \u1ea5m \u00e1p, kh\u00f4 hanh, \u0111\u1ed3ng ngh\u0129a v\u1edbi vi\u1ec7c \u0111\u00e1ng nh\u1ebd m\u00f9a v\u1ee5 n\u00ean di\u1ec5n ra s\u1edbm. Tuy nhi\u00ean, m\u1ed9t tr\u1eadn m\u01b0a nhi\u1ec7t \u0111\u1edbi v\u00e0o th\u00e1ng M\u1ed9t \u0111\u00e3 ho\u00e3n l\u1ea1i m\u00f9a v\u1ee5 m\u1ed9t ch\u00fat, gi\u00fap vang \u0111\u1ecf \u0111\u01b0\u1ee3c h\u01b0\u1edfng l\u1ee3i h\u01a1n. Nh\u00ecn chung, c\u00e1c d\u00f2ng nho \u0111\u1ecf \u0111\u00e3 \u0111\u01b0\u1ee3c thu ho\u1ea1ch v\u1edbi n\u0103ng su\u1ea5t cao h\u01a1n n\u0103m 2016, t\u1ee9c l\u00e0 \u0111\u1ed9 c\u00e2n b\u1eb1ng v\u00e0 m\u1eadt \u0111\u1ed9 ch\u00edn c\u1ee7a nho c\u0169ng l\u00fd t\u01b0\u1edfng h\u01a1n.<\/p>\n<p>&nbsp;<\/p>\n<h3>Qu\u00e1 tr\u00ecnh s\u1ea3n xu\u1ea5t<\/h3>\n<p>T\u1ea5t c\u1ea3 nho t\u1ea1i t\u1eebng v\u01b0\u1eddn nho m\u1ed9t \u0111\u01b0\u1ee3c n\u1ebfm th\u1eed \u0111\u1ec1u \u0111\u1eb7n 3 ng\u00e0y \/ l\u1ea7n, nh\u1eb1m ki\u1ec3m so\u00e1t ch\u1eb7t ch\u1ebd ch\u1ea5t l\u01b0\u1ee3ng, h\u01b0\u01a1ng v\u1ecb v\u00e0 m\u1ee9c \u0111\u1ed9 ph\u00e1t tri\u1ec3n c\u1ee7a nho. Nho \u0111\u01b0\u1ee3c thu ho\u1ea1ch v\u00e0o th\u1eddi \u0111i\u1ec3m m\u00e1t nh\u1ea5t khi tr\u1eddi \u0111\u00e3 t\u1ed1i, r\u1ed3i \u0111\u01b0\u1ee3c ph\u00e2n chia ra c\u00e1c th\u00f9ng ri\u00eang bi\u1ec7t. Nho \u0111\u01b0\u1ee3c \u0111\u1ea3m b\u1ea3o l\u00ean men v\u1edbi \u0111i\u1ec1u ki\u1ec7n nhi\u1ec7t \u0111\u1ed9 m\u00e1t m\u1ebb, kh\u00f4ng qu\u00e1 cao.<\/p>\n<p>Nho \u0111\u01b0\u1ee3c ng\u00e2m qua n\u01b0\u1edbc l\u1ea1nh, gi\u00fap qu\u1ea3 m\u1ec1m v\u00e0 t\u01b0\u01a1i t\u1ed1t. Qu\u00e1 tr\u00ecnh l\u00ean men di\u1ec5n ra v\u1edbi nhi\u1ec7t \u0111\u1ed9 ch\u1ec9 \u1edf m\u1ee9c 22-26\u00b0C, nh\u1eb1m \u0111\u1ea3m b\u1ea3o h\u01b0\u01a1ng v\u1ecb v\u00e0 m\u00e0u s\u1eafc chu\u1ea9n cho nho, v\u00e0 ki\u1ec3m so\u00e1t m\u1ee9c \u0111\u1ed9 l\u00ean men c\u1ee7a nho. M\u1ed7i th\u00f9ng ch\u1ee9a nho l\u00ean men \u0111\u1ec1u \u0111\u01b0\u1ee3c h\u00fat kh\u00ed ra c\u1ea9n th\u1eadn. Nho c\u0169ng \u0111\u01b0\u1ee3c b\u1ecf h\u1ebft h\u1ea1t m\u1ed9t c\u00e1ch t\u1ec9 m\u1ec9.<\/p>\n<p>Khi qu\u00e1 tr\u00ecnh l\u00ean men \u0111\u1ea1t \u0111\u1ebfn 0-2 \u0111\u1ed9 Baume, nho \u0111\u01b0\u1ee3c \u00e9p h\u1ebft v\u1ecf ra, r\u1ed3i l\u1ea1i \u0111\u01b0\u1ee3c chia ti\u1ebfp ra c\u00e1c th\u00f9ng kh\u00e1c nhau.<\/p>\n<p>M\u1ed9t khi \u0111\u00e3 kh\u00f4, m\u1ed9t m\u1ebb r\u01b0\u1ee3u ch\u1ecdn l\u1ecdc bao g\u1ed3m 30% th\u00e0nh ph\u1ea9m cu\u1ed1i c\u00f9ng, s\u1ebd \u0111\u01b0\u1ee3c t\u00e1ch c\u1eb7n, r\u1ed3i \u0111\u01b0\u1ee3c \u0111\u01b0a v\u00e0o c\u00e1c th\u00f9ng g\u1ed7 s\u1ed3i Ph\u00e1p c\u00f3 tu\u1ed5i \u0111\u1eddi t\u1eeb 2-5 n\u0103m, \u0111\u1ec3 vang \u0111\u01b0\u1ee3c tr\u01b0\u1edfng th\u00e0nh trong 9 th\u00e1ng.<\/p>\n<p>Cu\u1ed1i c\u00f9ng, vang \u0111\u01b0\u1ee3c l\u1ecdc l\u1ea1i m\u1ed9t ch\u00fat v\u1edbi l\u00f2ng tr\u1eafng tr\u1ee9ng c\u1ee7a g\u00e0 th\u1ea3 v\u01b0\u1eddn \u0111\u1ecba ph\u01b0\u01a1ng, tr\u01b0\u1edbc khi \u0111\u01b0\u1ee3c l\u1ecdc l\u1ea1i m\u1ed9t l\u1ea7n n\u1eefa, r\u1ed3i m\u1edbi \u0111em \u0111i \u0111\u00f3ng th\u00e0nh nh\u1eefng chai r\u01b0\u1ee3u vang \u0111\u1ecf cung c\u1ea5p tr\u00ean th\u1ecb tr\u01b0\u1eddng.<\/p>\n<p>&nbsp;<\/p>\n<h3>Ph\u00e2n t\u00edch<\/h3>\n<ul>\n<li>N\u1ed3ng \u0111\u1ed9 axit: 6.71g\/L<\/li>\n<li>pH:\u00a03.57<\/li>\n<\/ul>\n<p>&nbsp;<\/p>","protected":false},"excerpt":{"rendered":"<p>R\u01b0\u1ee3u Shiraz \u0111\u1eb7c tr\u01b0ng c\u1ee7a v\u00f9ng Thung l\u0169ng s\u00f4ng Margaret v\u1edbi v\u1ecb m\u1ea1nh m\u1ebd v\u00e0 tannin m\u1ecbn.<\/p>","protected":false},"featured_media":2391,"template":"","meta":{"_acf_changed":false},"product_brand":[],"product_cat":[2640,87],"product_tag":[],"grape_varietal":[2466],"wine_regions":[2454],"class_list":{"0":"post-2392","1":"product","2":"type-product","3":"status-publish","4":"has-post-thumbnail","6":"product_cat-catalogue","7":"product_cat-red-wine","8":"pa_brand-evans-tate","9":"grape_varietal-shiraz","10":"wine_regions-margaret-river","12":"first","13":"instock","14":"shipping-taxable","15":"product-type-simple"},"acf":[],"yoast_head":"<!-- This site is optimized with the Yoast SEO plugin v27.4 - https:\/\/yoast.com\/product\/yoast-seo-wordpress\/ -->\n<title>Evans &amp; Tate Classic Shiraz - Rada Wines<\/title>\n<meta name=\"robots\" content=\"index, follow, max-snippet:-1, max-image-preview:large, max-video-preview:-1\" \/>\n<link rel=\"canonical\" href=\"https:\/\/www.ilovewines.vn\/vi\/san-pham\/evans-tate-classic-shiraz-2017\/\" \/>\n<meta property=\"og:locale\" content=\"vi_VN\" \/>\n<meta property=\"og:type\" content=\"article\" \/>\n<meta property=\"og:title\" content=\"Evans &amp; Tate Classic Shiraz - Rada Wines\" \/>\n<meta property=\"og:description\" content=\"Typical Margaret River Shiraz with bold flavors and fine tannins\" \/>\n<meta property=\"og:url\" content=\"https:\/\/www.ilovewines.vn\/vi\/san-pham\/evans-tate-classic-shiraz-2017\/\" \/>\n<meta property=\"og:site_name\" content=\"Rada Wines\" \/>\n<meta property=\"article:modified_time\" content=\"2023-07-12T16:52:54+00:00\" \/>\n<meta property=\"og:image\" content=\"https:\/\/www.ilovewines.vn\/wp-content\/uploads\/2022\/07\/classic_shiraz_308x385small.jpg\" \/>\n\t<meta property=\"og:image:width\" content=\"308\" \/>\n\t<meta property=\"og:image:height\" content=\"385\" \/>\n\t<meta property=\"og:image:type\" content=\"image\/jpeg\" \/>\n<meta name=\"twitter:card\" content=\"summary_large_image\" \/>\n<meta name=\"twitter:label1\" content=\"\u01af\u1edbc t\u00ednh th\u1eddi gian \u0111\u1ecdc\" \/>\n\t<meta name=\"twitter:data1\" content=\"2 ph\u00fat\" \/>\n<script type=\"application\/ld+json\" class=\"yoast-schema-graph\">{\"@context\":\"https:\\\/\\\/schema.org\",\"@graph\":[{\"@type\":\"WebPage\",\"@id\":\"https:\\\/\\\/www.ilovewines.vn\\\/product\\\/evans-tate-classic-shiraz-2017\\\/\",\"url\":\"https:\\\/\\\/www.ilovewines.vn\\\/product\\\/evans-tate-classic-shiraz-2017\\\/\",\"name\":\"Evans & Tate Classic Shiraz - Rada Wines\",\"isPartOf\":{\"@id\":\"https:\\\/\\\/www.ilovewines.vn\\\/#website\"},\"primaryImageOfPage\":{\"@id\":\"https:\\\/\\\/www.ilovewines.vn\\\/product\\\/evans-tate-classic-shiraz-2017\\\/#primaryimage\"},\"image\":{\"@id\":\"https:\\\/\\\/www.ilovewines.vn\\\/product\\\/evans-tate-classic-shiraz-2017\\\/#primaryimage\"},\"thumbnailUrl\":\"https:\\\/\\\/www.ilovewines.vn\\\/wp-content\\\/uploads\\\/2022\\\/07\\\/classic_shiraz_308x385small.jpg\",\"datePublished\":\"2022-07-08T03:34:03+00:00\",\"dateModified\":\"2023-07-12T16:52:54+00:00\",\"breadcrumb\":{\"@id\":\"https:\\\/\\\/www.ilovewines.vn\\\/product\\\/evans-tate-classic-shiraz-2017\\\/#breadcrumb\"},\"inLanguage\":\"vi\",\"potentialAction\":[{\"@type\":\"ReadAction\",\"target\":[\"https:\\\/\\\/www.ilovewines.vn\\\/product\\\/evans-tate-classic-shiraz-2017\\\/\"]}]},{\"@type\":\"ImageObject\",\"inLanguage\":\"vi\",\"@id\":\"https:\\\/\\\/www.ilovewines.vn\\\/product\\\/evans-tate-classic-shiraz-2017\\\/#primaryimage\",\"url\":\"https:\\\/\\\/www.ilovewines.vn\\\/wp-content\\\/uploads\\\/2022\\\/07\\\/classic_shiraz_308x385small.jpg\",\"contentUrl\":\"https:\\\/\\\/www.ilovewines.vn\\\/wp-content\\\/uploads\\\/2022\\\/07\\\/classic_shiraz_308x385small.jpg\",\"width\":308,\"height\":385},{\"@type\":\"BreadcrumbList\",\"@id\":\"https:\\\/\\\/www.ilovewines.vn\\\/product\\\/evans-tate-classic-shiraz-2017\\\/#breadcrumb\",\"itemListElement\":[{\"@type\":\"ListItem\",\"position\":1,\"name\":\"Home\",\"item\":\"https:\\\/\\\/www.ilovewines.vn\\\/\"},{\"@type\":\"ListItem\",\"position\":2,\"name\":\"Catalogue\",\"item\":\"https:\\\/\\\/www.ilovewines.vn\\\/catalogue\\\/\"},{\"@type\":\"ListItem\",\"position\":3,\"name\":\"Evans &#038; Tate Classic Shiraz\"}]},{\"@type\":\"WebSite\",\"@id\":\"https:\\\/\\\/www.ilovewines.vn\\\/#website\",\"url\":\"https:\\\/\\\/www.ilovewines.vn\\\/\",\"name\":\"Rada Wines\",\"description\":\"Just another WordPress site\",\"publisher\":{\"@id\":\"https:\\\/\\\/www.ilovewines.vn\\\/#organization\"},\"potentialAction\":[{\"@type\":\"SearchAction\",\"target\":{\"@type\":\"EntryPoint\",\"urlTemplate\":\"https:\\\/\\\/www.ilovewines.vn\\\/?s={search_term_string}\"},\"query-input\":{\"@type\":\"PropertyValueSpecification\",\"valueRequired\":true,\"valueName\":\"search_term_string\"}}],\"inLanguage\":\"vi\"},{\"@type\":\"Organization\",\"@id\":\"https:\\\/\\\/www.ilovewines.vn\\\/#organization\",\"name\":\"Rada Wines\",\"url\":\"https:\\\/\\\/www.ilovewines.vn\\\/\",\"logo\":{\"@type\":\"ImageObject\",\"inLanguage\":\"vi\",\"@id\":\"https:\\\/\\\/www.ilovewines.vn\\\/#\\\/schema\\\/logo\\\/image\\\/\",\"url\":\"https:\\\/\\\/www.ilovewines.vn\\\/wp-content\\\/uploads\\\/2022\\\/06\\\/cropped-162574230_380766779846763_4426584222903300096_n.jpg\",\"contentUrl\":\"https:\\\/\\\/www.ilovewines.vn\\\/wp-content\\\/uploads\\\/2022\\\/06\\\/cropped-162574230_380766779846763_4426584222903300096_n.jpg\",\"width\":320,\"height\":206,\"caption\":\"Rada Wines\"},\"image\":{\"@id\":\"https:\\\/\\\/www.ilovewines.vn\\\/#\\\/schema\\\/logo\\\/image\\\/\"}}]}<\/script>\n<!-- \/ Yoast SEO plugin. -->","yoast_head_json":{"title":"Evans & Tate Classic Shiraz - Rada Wines","robots":{"index":"index","follow":"follow","max-snippet":"max-snippet:-1","max-image-preview":"max-image-preview:large","max-video-preview":"max-video-preview:-1"},"canonical":"https:\/\/www.ilovewines.vn\/vi\/san-pham\/evans-tate-classic-shiraz-2017\/","og_locale":"vi_VN","og_type":"article","og_title":"Evans & Tate Classic Shiraz - Rada Wines","og_description":"Typical Margaret River Shiraz with bold flavors and fine tannins","og_url":"https:\/\/www.ilovewines.vn\/vi\/san-pham\/evans-tate-classic-shiraz-2017\/","og_site_name":"Rada Wines","article_modified_time":"2023-07-12T16:52:54+00:00","og_image":[{"width":308,"height":385,"url":"https:\/\/www.ilovewines.vn\/wp-content\/uploads\/2022\/07\/classic_shiraz_308x385small.jpg","type":"image\/jpeg"}],"twitter_card":"summary_large_image","twitter_misc":{"\u01af\u1edbc t\u00ednh th\u1eddi gian \u0111\u1ecdc":"2 ph\u00fat"},"schema":{"@context":"https:\/\/schema.org","@graph":[{"@type":"WebPage","@id":"https:\/\/www.ilovewines.vn\/product\/evans-tate-classic-shiraz-2017\/","url":"https:\/\/www.ilovewines.vn\/product\/evans-tate-classic-shiraz-2017\/","name":"Evans & Tate Classic Shiraz - Rada Wines","isPartOf":{"@id":"https:\/\/www.ilovewines.vn\/#website"},"primaryImageOfPage":{"@id":"https:\/\/www.ilovewines.vn\/product\/evans-tate-classic-shiraz-2017\/#primaryimage"},"image":{"@id":"https:\/\/www.ilovewines.vn\/product\/evans-tate-classic-shiraz-2017\/#primaryimage"},"thumbnailUrl":"https:\/\/www.ilovewines.vn\/wp-content\/uploads\/2022\/07\/classic_shiraz_308x385small.jpg","datePublished":"2022-07-08T03:34:03+00:00","dateModified":"2023-07-12T16:52:54+00:00","breadcrumb":{"@id":"https:\/\/www.ilovewines.vn\/product\/evans-tate-classic-shiraz-2017\/#breadcrumb"},"inLanguage":"vi","potentialAction":[{"@type":"ReadAction","target":["https:\/\/www.ilovewines.vn\/product\/evans-tate-classic-shiraz-2017\/"]}]},{"@type":"ImageObject","inLanguage":"vi","@id":"https:\/\/www.ilovewines.vn\/product\/evans-tate-classic-shiraz-2017\/#primaryimage","url":"https:\/\/www.ilovewines.vn\/wp-content\/uploads\/2022\/07\/classic_shiraz_308x385small.jpg","contentUrl":"https:\/\/www.ilovewines.vn\/wp-content\/uploads\/2022\/07\/classic_shiraz_308x385small.jpg","width":308,"height":385},{"@type":"BreadcrumbList","@id":"https:\/\/www.ilovewines.vn\/product\/evans-tate-classic-shiraz-2017\/#breadcrumb","itemListElement":[{"@type":"ListItem","position":1,"name":"Home","item":"https:\/\/www.ilovewines.vn\/"},{"@type":"ListItem","position":2,"name":"Catalogue","item":"https:\/\/www.ilovewines.vn\/catalogue\/"},{"@type":"ListItem","position":3,"name":"Evans &#038; Tate Classic Shiraz"}]},{"@type":"WebSite","@id":"https:\/\/www.ilovewines.vn\/#website","url":"https:\/\/www.ilovewines.vn\/","name":"Rada Wines","description":"Just another WordPress site","publisher":{"@id":"https:\/\/www.ilovewines.vn\/#organization"},"potentialAction":[{"@type":"SearchAction","target":{"@type":"EntryPoint","urlTemplate":"https:\/\/www.ilovewines.vn\/?s={search_term_string}"},"query-input":{"@type":"PropertyValueSpecification","valueRequired":true,"valueName":"search_term_string"}}],"inLanguage":"vi"},{"@type":"Organization","@id":"https:\/\/www.ilovewines.vn\/#organization","name":"Rada Wines","url":"https:\/\/www.ilovewines.vn\/","logo":{"@type":"ImageObject","inLanguage":"vi","@id":"https:\/\/www.ilovewines.vn\/#\/schema\/logo\/image\/","url":"https:\/\/www.ilovewines.vn\/wp-content\/uploads\/2022\/06\/cropped-162574230_380766779846763_4426584222903300096_n.jpg","contentUrl":"https:\/\/www.ilovewines.vn\/wp-content\/uploads\/2022\/06\/cropped-162574230_380766779846763_4426584222903300096_n.jpg","width":320,"height":206,"caption":"Rada Wines"},"image":{"@id":"https:\/\/www.ilovewines.vn\/#\/schema\/logo\/image\/"}}]}},"_links":{"self":[{"href":"https:\/\/www.ilovewines.vn\/vi\/wp-json\/wp\/v2\/product\/2392","targetHints":{"allow":["GET"]}}],"collection":[{"href":"https:\/\/www.ilovewines.vn\/vi\/wp-json\/wp\/v2\/product"}],"about":[{"href":"https:\/\/www.ilovewines.vn\/vi\/wp-json\/wp\/v2\/types\/product"}],"version-history":[{"count":0,"href":"https:\/\/www.ilovewines.vn\/vi\/wp-json\/wp\/v2\/product\/2392\/revisions"}],"wp:featuredmedia":[{"embeddable":true,"href":"https:\/\/www.ilovewines.vn\/vi\/wp-json\/wp\/v2\/media\/2391"}],"wp:attachment":[{"href":"https:\/\/www.ilovewines.vn\/vi\/wp-json\/wp\/v2\/media?parent=2392"}],"wp:term":[{"taxonomy":"product_brand","embeddable":true,"href":"https:\/\/www.ilovewines.vn\/vi\/wp-json\/wp\/v2\/product_brand?post=2392"},{"taxonomy":"product_cat","embeddable":true,"href":"https:\/\/www.ilovewines.vn\/vi\/wp-json\/wp\/v2\/product_cat?post=2392"},{"taxonomy":"product_tag","embeddable":true,"href":"https:\/\/www.ilovewines.vn\/vi\/wp-json\/wp\/v2\/product_tag?post=2392"},{"taxonomy":"grape_varietal","embeddable":true,"href":"https:\/\/www.ilovewines.vn\/vi\/wp-json\/wp\/v2\/grape_varietal?post=2392"},{"taxonomy":"wine_regions","embeddable":true,"href":"https:\/\/www.ilovewines.vn\/vi\/wp-json\/wp\/v2\/wine_regions?post=2392"}],"curies":[{"name":"wp","href":"https:\/\/api.w.org\/{rel}","templated":true}]}}